





{"id":28941,"date":"2020-04-09T14:33:27","date_gmt":"2020-04-09T12:33:27","guid":{"rendered":"https:\/\/repliquemangacine.fr\/?post_type=product&#038;p=28941"},"modified":"2026-04-17T20:10:24","modified_gmt":"2026-04-17T18:10:24","slug":"killer-machete","status":"publish","type":"product","link":"https:\/\/repliquemangacine.fr\/en\/armes-the-walking-dead\/machette-tueuse-killer\/","title":{"rendered":"Killer Machete"},"content":{"rendered":"<h2>Killer Machete<\/h2>\n<p>To begin with, the <strong>Killer Machete<\/strong> is specially designed to kill zombies! in The Walking Dead.<\/p>\n<p>A machete is a long, short-handled knife with a thick blade, about 40 cm long, designed as a vegetation-cutting tool. In fact, it is generally used to cut through dense vegetation, or to open hard-shelled fruits such as coconuts.<\/p>\n<p>It should be noted that the <a href=\"https:\/\/fr.wikipedia.org\/wiki\/Machette\">machete<\/a> was used by the French army in the second half of the 19th century and the first half of the 20th century under the name of \"sabre d'abattis\".<\/p>\n<p>Widely used in movies and video games. In Assassin's Creed III: Liberation, the heroine Aveline de Grandpr\u00e9 uses a machete for hand-to-hand combat.<\/p>\n<h2>Your Killer Machete at the best price.<\/h2>\n<p>We offer a wide selection of The Walking Dead replicas.<\/p>\n<p>First and foremost,<\/p>\n<ul>\n<li>Identical replica of the <a href=\"https:\/\/repliquemangacine.fr\/en\/the-walking-dead\/daryl-walking-dead-dagger\/\">dagger<\/a> used by Daryl against Lance Hornsby in episode 18, Season 11.<\/li>\n<li>There is also the <a href=\"https:\/\/repliquemangacine.fr\/en\/the-walking-dead\/rick-grimes-axe-the-walking-dead\/\">Rick's axe<\/a> Grimes.<\/li>\n<li>And many more to discover in our online store!<\/li>\n<\/ul>\n<p>So here's a great gift idea for all The Walking Dead fans.<\/p>\n<p>In conclusion, you can also use this <strong>Zombie Killer Machete<\/strong> for your Halloweens or theme parties. But above all, it's a decorative collector's item.<\/p>\n<h2>How to care for your sword blade<\/h2>\n<p>Collector's and decorative machetes are made and assembled in a simplified way. As their use is decorative, they lack the safety features required of a Japanese saber intended for training.<\/p>\n<p>However, your <strong>Zombie Killer Machete<\/strong> to a steel blade that needs to be cared for to avoid damage over time. In fact, when you display your katana, your friends will be curious to see and touch the blade. This is where you need to be careful, as the acidity of your fingers is very harmful to steel, whatever its quality.<\/p>\n<p>However, if this does happen, don't panic - all you need is a cloth dampened with a little oil and a wipe of fingerprints. By doing so, you'll keep your sword looking its best for a very long time.<\/p>","protected":false},"excerpt":{"rendered":"<p>Zombie killer machete. Made in one piece.<\/p>\n<ul>\n<li>Sharpened 440 steel blade.<\/li>\n<li>Decorated ABS handle.<\/li>\n<li>Removable handle.<\/li>\n<li>Black cordura case.<\/li>\n<li>Blade length: 37 cm - Total length: 52 cm - Total weight: 585 Grs<\/li>\n<\/ul>","protected":false},"featured_media":28942,"template":"","meta":[],"product_brand":[896],"product_cat":[24,62],"product_tag":[],"class_list":{"0":"post-28941","1":"product","2":"type-product","3":"status-publish","4":"has-post-thumbnail","6":"product_brand-replique-manga-cine","7":"product_cat-films-series-tv-vente-de-katana-epee-et-produits-derives","8":"product_cat-armes-the-walking-dead","10":"first","11":"instock","12":"taxable","13":"shipping-taxable","14":"purchasable","15":"product-type-simple"},"yoast_head":"<!-- This site is optimized with the Yoast SEO plugin v27.4 - https:\/\/yoast.com\/product\/yoast-seo-wordpress\/ -->\n<title>Machette Tueuse Killer - The Walking Dead - RMC<\/title>\n<meta name=\"description\" content=\"Offrez-lui cette Machette Tueuse Killer au meilleur prix. Lame en acier - Fabriqu\u00e9e d&#039;une seule pi\u00e8ce - Poign\u00e9e ABS - Fourreau - Longueur : 52 cm\" \/>\n<meta name=\"robots\" content=\"index, follow, max-snippet:-1, max-image-preview:large, max-video-preview:-1\" \/>\n<link rel=\"canonical\" href=\"https:\/\/repliquemangacine.fr\/en\/weapons-the-walking-dead\/killer-machete\/\" \/>\n<meta property=\"og:locale\" content=\"en_US\" \/>\n<meta property=\"og:type\" content=\"article\" \/>\n<meta property=\"og:title\" content=\"Machette Tueuse Killer - The Walking Dead - RMC\" \/>\n<meta property=\"og:description\" content=\"Offrez-lui cette Machette Tueuse Killer au meilleur prix. Lame en acier - Fabriqu\u00e9e d&#039;une seule pi\u00e8ce - Poign\u00e9e ABS - Fourreau - Longueur : 52 cm\" \/>\n<meta property=\"og:url\" content=\"https:\/\/repliquemangacine.fr\/en\/weapons-the-walking-dead\/killer-machete\/\" \/>\n<meta property=\"og:site_name\" content=\"R\u00e9plique Manga Cin\u00e9\" \/>\n<meta property=\"article:publisher\" content=\"https:\/\/www.facebook.com\/RepliqueMangaCine\" \/>\n<meta property=\"article:modified_time\" content=\"2026-04-17T18:10:24+00:00\" \/>\n<meta property=\"og:image\" content=\"https:\/\/repliquemangacine.fr\/wp-content\/uploads\/2023\/10\/3627-Machette-Zombie-Walking-Dead.jpg\" \/>\n\t<meta property=\"og:image:width\" content=\"800\" \/>\n\t<meta property=\"og:image:height\" content=\"800\" \/>\n\t<meta property=\"og:image:type\" content=\"image\/jpeg\" \/>\n<meta name=\"twitter:card\" content=\"summary_large_image\" \/>\n<meta name=\"twitter:label1\" content=\"Est. reading time\" \/>\n\t<meta name=\"twitter:data1\" content=\"3 minutes\" \/>\n<script type=\"application\/ld+json\" class=\"yoast-schema-graph\">{\"@context\":\"https:\\\/\\\/schema.org\",\"@graph\":[{\"@type\":\"WebPage\",\"@id\":\"https:\\\/\\\/repliquemangacine.fr\\\/armes-the-walking-dead\\\/machette-tueuse-killer\\\/\",\"url\":\"https:\\\/\\\/repliquemangacine.fr\\\/armes-the-walking-dead\\\/machette-tueuse-killer\\\/\",\"name\":\"Machette Tueuse Killer - The Walking Dead - RMC\",\"isPartOf\":{\"@id\":\"https:\\\/\\\/repliquemangacine.fr\\\/#website\"},\"primaryImageOfPage\":{\"@id\":\"https:\\\/\\\/repliquemangacine.fr\\\/armes-the-walking-dead\\\/machette-tueuse-killer\\\/#primaryimage\"},\"image\":{\"@id\":\"https:\\\/\\\/repliquemangacine.fr\\\/armes-the-walking-dead\\\/machette-tueuse-killer\\\/#primaryimage\"},\"thumbnailUrl\":\"https:\\\/\\\/repliquemangacine.fr\\\/wp-content\\\/uploads\\\/2023\\\/10\\\/3627-Machette-Zombie-Walking-Dead.jpg\",\"datePublished\":\"2020-04-09T12:33:27+00:00\",\"dateModified\":\"2026-04-17T18:10:24+00:00\",\"description\":\"Offrez-lui cette Machette Tueuse Killer au meilleur prix. Lame en acier - Fabriqu\u00e9e d'une seule pi\u00e8ce - Poign\u00e9e ABS - Fourreau - Longueur : 52 cm\",\"breadcrumb\":{\"@id\":\"https:\\\/\\\/repliquemangacine.fr\\\/armes-the-walking-dead\\\/machette-tueuse-killer\\\/#breadcrumb\"},\"inLanguage\":\"en-US\",\"potentialAction\":[{\"@type\":\"ReadAction\",\"target\":[\"https:\\\/\\\/repliquemangacine.fr\\\/armes-the-walking-dead\\\/machette-tueuse-killer\\\/\"]}]},{\"@type\":\"ImageObject\",\"inLanguage\":\"en-US\",\"@id\":\"https:\\\/\\\/repliquemangacine.fr\\\/armes-the-walking-dead\\\/machette-tueuse-killer\\\/#primaryimage\",\"url\":\"https:\\\/\\\/repliquemangacine.fr\\\/wp-content\\\/uploads\\\/2023\\\/10\\\/3627-Machette-Zombie-Walking-Dead.jpg\",\"contentUrl\":\"https:\\\/\\\/repliquemangacine.fr\\\/wp-content\\\/uploads\\\/2023\\\/10\\\/3627-Machette-Zombie-Walking-Dead.jpg\",\"width\":800,\"height\":800,\"caption\":\"Machette Zombie Walking Dead\"},{\"@type\":\"BreadcrumbList\",\"@id\":\"https:\\\/\\\/repliquemangacine.fr\\\/armes-the-walking-dead\\\/machette-tueuse-killer\\\/#breadcrumb\",\"itemListElement\":[{\"@type\":\"ListItem\",\"position\":1,\"name\":\"Accueil\",\"item\":\"https:\\\/\\\/repliquemangacine.fr\\\/\"},{\"@type\":\"ListItem\",\"position\":2,\"name\":\"Produits\",\"item\":\"https:\\\/\\\/repliquemangacine.fr\\\/boutique\\\/\"},{\"@type\":\"ListItem\",\"position\":3,\"name\":\"Machette Tueuse Killer\"}]},{\"@type\":\"WebSite\",\"@id\":\"https:\\\/\\\/repliquemangacine.fr\\\/#website\",\"url\":\"https:\\\/\\\/repliquemangacine.fr\\\/\",\"name\":\"R\u00e9plique Manga Cin\u00e9\",\"description\":\"\",\"publisher\":{\"@id\":\"https:\\\/\\\/repliquemangacine.fr\\\/#organization\"},\"potentialAction\":[{\"@type\":\"SearchAction\",\"target\":{\"@type\":\"EntryPoint\",\"urlTemplate\":\"https:\\\/\\\/repliquemangacine.fr\\\/?s={search_term_string}\"},\"query-input\":{\"@type\":\"PropertyValueSpecification\",\"valueRequired\":true,\"valueName\":\"search_term_string\"}}],\"inLanguage\":\"en-US\"},{\"@type\":\"Organization\",\"@id\":\"https:\\\/\\\/repliquemangacine.fr\\\/#organization\",\"name\":\"R\u00e9plique Manga Cin\u00e9\",\"url\":\"https:\\\/\\\/repliquemangacine.fr\\\/\",\"logo\":{\"@type\":\"ImageObject\",\"inLanguage\":\"en-US\",\"@id\":\"https:\\\/\\\/repliquemangacine.fr\\\/#\\\/schema\\\/logo\\\/image\\\/\",\"url\":\"https:\\\/\\\/repliquemangacine.fr\\\/wp-content\\\/uploads\\\/2023\\\/10\\\/RMC-500250.png\",\"contentUrl\":\"https:\\\/\\\/repliquemangacine.fr\\\/wp-content\\\/uploads\\\/2023\\\/10\\\/RMC-500250.png\",\"width\":500,\"height\":250,\"caption\":\"R\u00e9plique Manga Cin\u00e9\"},\"image\":{\"@id\":\"https:\\\/\\\/repliquemangacine.fr\\\/#\\\/schema\\\/logo\\\/image\\\/\"},\"sameAs\":[\"https:\\\/\\\/www.facebook.com\\\/RepliqueMangaCine\",\"https:\\\/\\\/www.instagram.com\\\/repliquemangacine.fr\\\/\"]}]}<\/script>\n<!-- \/ Yoast SEO plugin. -->","yoast_head_json":{"title":"Killer Slayer Machete - The Walking Dead - RMC","description":"Offer him this Killer Machete at the best price. Steel blade - One-piece construction - ABS handle - Sheath - Length: 52 cm","robots":{"index":"index","follow":"follow","max-snippet":"max-snippet:-1","max-image-preview":"max-image-preview:large","max-video-preview":"max-video-preview:-1"},"canonical":"https:\/\/repliquemangacine.fr\/en\/weapons-the-walking-dead\/killer-machete\/","og_locale":"en_US","og_type":"article","og_title":"Machette Tueuse Killer - The Walking Dead - RMC","og_description":"Offrez-lui cette Machette Tueuse Killer au meilleur prix. Lame en acier - Fabriqu\u00e9e d'une seule pi\u00e8ce - Poign\u00e9e ABS - Fourreau - Longueur : 52 cm","og_url":"https:\/\/repliquemangacine.fr\/en\/weapons-the-walking-dead\/killer-machete\/","og_site_name":"R\u00e9plique Manga Cin\u00e9","article_publisher":"https:\/\/www.facebook.com\/RepliqueMangaCine","article_modified_time":"2026-04-17T18:10:24+00:00","og_image":[{"width":800,"height":800,"url":"https:\/\/repliquemangacine.fr\/wp-content\/uploads\/2023\/10\/3627-Machette-Zombie-Walking-Dead.jpg","type":"image\/jpeg"}],"twitter_card":"summary_large_image","twitter_misc":{"Est. reading time":"3 minutes"},"schema":{"@context":"https:\/\/schema.org","@graph":[{"@type":"WebPage","@id":"https:\/\/repliquemangacine.fr\/armes-the-walking-dead\/machette-tueuse-killer\/","url":"https:\/\/repliquemangacine.fr\/armes-the-walking-dead\/machette-tueuse-killer\/","name":"Killer Slayer Machete - The Walking Dead - RMC","isPartOf":{"@id":"https:\/\/repliquemangacine.fr\/#website"},"primaryImageOfPage":{"@id":"https:\/\/repliquemangacine.fr\/armes-the-walking-dead\/machette-tueuse-killer\/#primaryimage"},"image":{"@id":"https:\/\/repliquemangacine.fr\/armes-the-walking-dead\/machette-tueuse-killer\/#primaryimage"},"thumbnailUrl":"https:\/\/repliquemangacine.fr\/wp-content\/uploads\/2023\/10\/3627-Machette-Zombie-Walking-Dead.jpg","datePublished":"2020-04-09T12:33:27+00:00","dateModified":"2026-04-17T18:10:24+00:00","description":"Offer him this Killer Machete at the best price. Steel blade - One-piece construction - ABS handle - Sheath - Length: 52 cm","breadcrumb":{"@id":"https:\/\/repliquemangacine.fr\/armes-the-walking-dead\/machette-tueuse-killer\/#breadcrumb"},"inLanguage":"en-US","potentialAction":[{"@type":"ReadAction","target":["https:\/\/repliquemangacine.fr\/armes-the-walking-dead\/machette-tueuse-killer\/"]}]},{"@type":"ImageObject","inLanguage":"en-US","@id":"https:\/\/repliquemangacine.fr\/armes-the-walking-dead\/machette-tueuse-killer\/#primaryimage","url":"https:\/\/repliquemangacine.fr\/wp-content\/uploads\/2023\/10\/3627-Machette-Zombie-Walking-Dead.jpg","contentUrl":"https:\/\/repliquemangacine.fr\/wp-content\/uploads\/2023\/10\/3627-Machette-Zombie-Walking-Dead.jpg","width":800,"height":800,"caption":"Machette Zombie Walking Dead"},{"@type":"BreadcrumbList","@id":"https:\/\/repliquemangacine.fr\/armes-the-walking-dead\/machette-tueuse-killer\/#breadcrumb","itemListElement":[{"@type":"ListItem","position":1,"name":"Accueil","item":"https:\/\/repliquemangacine.fr\/"},{"@type":"ListItem","position":2,"name":"Produits","item":"https:\/\/repliquemangacine.fr\/boutique\/"},{"@type":"ListItem","position":3,"name":"Machette Tueuse Killer"}]},{"@type":"WebSite","@id":"https:\/\/repliquemangacine.fr\/#website","url":"https:\/\/repliquemangacine.fr\/","name":"R\u00e9plique Manga Cin\u00e9","description":"","publisher":{"@id":"https:\/\/repliquemangacine.fr\/#organization"},"potentialAction":[{"@type":"SearchAction","target":{"@type":"EntryPoint","urlTemplate":"https:\/\/repliquemangacine.fr\/?s={search_term_string}"},"query-input":{"@type":"PropertyValueSpecification","valueRequired":true,"valueName":"search_term_string"}}],"inLanguage":"en-US"},{"@type":"Organization","@id":"https:\/\/repliquemangacine.fr\/#organization","name":"R\u00e9plique Manga Cin\u00e9","url":"https:\/\/repliquemangacine.fr\/","logo":{"@type":"ImageObject","inLanguage":"en-US","@id":"https:\/\/repliquemangacine.fr\/#\/schema\/logo\/image\/","url":"https:\/\/repliquemangacine.fr\/wp-content\/uploads\/2023\/10\/RMC-500250.png","contentUrl":"https:\/\/repliquemangacine.fr\/wp-content\/uploads\/2023\/10\/RMC-500250.png","width":500,"height":250,"caption":"R\u00e9plique Manga Cin\u00e9"},"image":{"@id":"https:\/\/repliquemangacine.fr\/#\/schema\/logo\/image\/"},"sameAs":["https:\/\/www.facebook.com\/RepliqueMangaCine","https:\/\/www.instagram.com\/repliquemangacine.fr\/"]}]}},"_links":{"self":[{"href":"https:\/\/repliquemangacine.fr\/en\/wp-json\/wp\/v2\/product\/28941","targetHints":{"allow":["GET"]}}],"collection":[{"href":"https:\/\/repliquemangacine.fr\/en\/wp-json\/wp\/v2\/product"}],"about":[{"href":"https:\/\/repliquemangacine.fr\/en\/wp-json\/wp\/v2\/types\/product"}],"wp:featuredmedia":[{"embeddable":true,"href":"https:\/\/repliquemangacine.fr\/en\/wp-json\/wp\/v2\/media\/28942"}],"wp:attachment":[{"href":"https:\/\/repliquemangacine.fr\/en\/wp-json\/wp\/v2\/media?parent=28941"}],"wp:term":[{"taxonomy":"product_brand","embeddable":true,"href":"https:\/\/repliquemangacine.fr\/en\/wp-json\/wp\/v2\/product_brand?post=28941"},{"taxonomy":"product_cat","embeddable":true,"href":"https:\/\/repliquemangacine.fr\/en\/wp-json\/wp\/v2\/product_cat?post=28941"},{"taxonomy":"product_tag","embeddable":true,"href":"https:\/\/repliquemangacine.fr\/en\/wp-json\/wp\/v2\/product_tag?post=28941"}],"curies":[{"name":"wp","href":"https:\/\/api.w.org\/{rel}","templated":true}]}}