





{"id":28854,"date":"2020-03-07T16:25:09","date_gmt":"2020-03-07T15:25:09","guid":{"rendered":"https:\/\/repliquemangacine.fr\/?post_type=product&#038;p=28854"},"modified":"2025-12-02T10:32:33","modified_gmt":"2025-12-02T09:32:33","slug":"katana-ulquiorra-zanpakuto-murcielago","status":"publish","type":"product","link":"https:\/\/repliquemangacine.fr\/en\/katana-bleach\/katana-ulquiorra-zanpakuto-murcielago\/","title":{"rendered":"Katana Ulquiorra Murcielago"},"content":{"rendered":"<h2>Replica of the Ulquiorra Murci\u00e9lago Katana in Bleach.<\/h2>\n<p>To begin with, the Ulquiorra Murci\u00e9lago Katana is his Zanpakuto. Its release command is \"Englobe\" (\"Enferme\" in the anime). Murci\u00e9lago releases a torrent of green and black spiritual energy, which falls around Ulquiorra in a green rain. What's more, in this form, he takes on more of a bat-like appearance.<\/p>\n<p><a href=\"https:\/\/bleach.fandom.com\/fr\/wiki\/Ulquiorra_Cifer#Zanpakut\u014d\" target=\"_blank\" rel=\"noopener noreferrer\">Ulquiorra<\/a> is the epitome of the perfect Aizen soldier. Calm, thoughtful and observant, he's the exact opposite of Arrancars like Yammy or Grimmjow, who charge straight into the fray.<\/p>\n<p>The most powerful antagonists in the Arrancar Arc. As one of the Top 4 Espadas, his strength is beyond question. Ulquiorra is so powerful that Ichigo will believe him to be the strongest of the Espadas, and will be overwhelmed when he discovers that he is only 2 ranks higher than Grimmjow.<\/p>\n<h2>Your Katana Ulquiorra Murci\u00e9lago at the best price<\/h2>\n<p>We offer a wide selection of katana from the Bleach manga.<\/p>\n<p>First and foremost,<\/p>\n<ul>\n<li>The first and foremost <a href=\"https:\/\/repliquemangacine.fr\/en\/katana-bleach\/bankai-tensa-zangetsu\/\">ichigo bankai<\/a> Tensa Zangetsu in several versions.<\/li>\n<li>There's also the <a href=\"https:\/\/repliquemangacine.fr\/en\/katana-bleach\/shikai-benihime-katana-urahara-kisuke\/\">Kisuk\u00e9 le Shikai Benihime<\/a> and his walking stick.<\/li>\n<li>As well as the <a href=\"https:\/\/repliquemangacine.fr\/en\/katana-bleach\/zanpakuto-shirayuki-shikai-rukia-kuchiki\/\">Rukia's katana<\/a> Soul Society's finest Zanpakut\u00f4.<\/li>\n<li>And many more to discover in our online store!<\/li>\n<\/ul>\n<p>That's why this is a great gift idea for all Bleach fans.<\/p>\n<p>In conclusion, you can use the <strong>Katana Ulquiorra Murci\u00e9lago<\/strong> for its Cosplays fashion shows, or its katana collection.<\/p>\n<p>But above all, this Bleach katana is a collector's item and a decorative object.<\/p>\n<h2>How to maintain the blade of your Bleach katana?<\/h2>\n<p>Collector's and decorative katanas are made and assembled in a simplified way. As their use is decorative, they lack the safety features required of a Japanese saber intended for training.<\/p>\n<p>However, your <strong>Ulquiorra Murci\u00e9lago katana<\/strong> to a steel blade that needs to be cared for to avoid damage over time. In fact, when you display your katana, your friends will be curious to see the blade and touch it. This is where you need to be careful, as the acidity of your fingers is very harmful to steel, whatever its quality.<\/p>\n<p>However, if this does happen, don't panic - all you need is a cloth dampened with a little oil and a wipe of fingerprints. By doing so, you'll keep your sword looking its best for a very long time.<\/p>\n<p><strong>\u00a0<\/strong><\/p>","protected":false},"excerpt":{"rendered":"<p>Ulquiorra Murcielago's Zanpakuto in the famous Bleach manga.<\/p>\n<ul>\n<li>Non-sharp stainless steel blade.<\/li>\n<li>Specific shape guard.<\/li>\n<li>Handle covered with beige cotton braid.<\/li>\n<li>Black lacquered wooden scabbard.<\/li>\n<li>Blade length: 70cm - Total length: 103 cm - Weight: 950grs<\/li>\n<\/ul>","protected":false},"featured_media":28855,"template":"","meta":[],"product_brand":[896],"product_cat":[30,23],"product_tag":[],"class_list":{"0":"post-28854","1":"product","2":"type-product","3":"status-publish","4":"has-post-thumbnail","6":"product_brand-replique-manga-cine","7":"product_cat-katana-bleach","8":"product_cat-repliques-manga-jeux-video","10":"first","11":"instock","12":"taxable","13":"shipping-taxable","14":"purchasable","15":"product-type-simple"},"yoast_head":"<!-- This site is optimized with the Yoast SEO plugin v27.5 - https:\/\/yoast.com\/product\/yoast-seo-wordpress\/ -->\n<title>Katana Ulquiorra Murci\u00e9lago - Bleach - Boutique en ligne | RMC<\/title>\n<meta name=\"description\" content=\"Commandez cette superbe r\u00e9plique du Katana Ulquiorra Murci\u00e9lago au meilleur prix. Lame en acier - Longueur totale\u00a0: 103 cm - Envoi 24\/48h\" \/>\n<meta name=\"robots\" content=\"index, follow, max-snippet:-1, max-image-preview:large, max-video-preview:-1\" \/>\n<link rel=\"canonical\" href=\"https:\/\/repliquemangacine.fr\/en\/katana-bleach\/katana-ulquiorra-zanpakuto-murcielago\/\" \/>\n<meta property=\"og:locale\" content=\"en_US\" \/>\n<meta property=\"og:type\" content=\"article\" \/>\n<meta property=\"og:title\" content=\"Katana Ulquiorra Murci\u00e9lago - Bleach - Boutique en ligne | RMC\" \/>\n<meta property=\"og:description\" content=\"Commandez cette superbe r\u00e9plique du Katana Ulquiorra Murci\u00e9lago au meilleur prix. Lame en acier - Longueur totale\u00a0: 103 cm - Envoi 24\/48h\" \/>\n<meta property=\"og:url\" content=\"https:\/\/repliquemangacine.fr\/en\/katana-bleach\/katana-ulquiorra-zanpakuto-murcielago\/\" \/>\n<meta property=\"og:site_name\" content=\"R\u00e9plique Manga Cin\u00e9\" \/>\n<meta property=\"article:publisher\" content=\"https:\/\/www.facebook.com\/RepliqueMangaCine\" \/>\n<meta property=\"article:modified_time\" content=\"2025-12-02T09:32:33+00:00\" \/>\n<meta property=\"og:image\" content=\"https:\/\/repliquemangacine.fr\/wp-content\/uploads\/2023\/10\/Katana-Ulquiorra-Murcielago.jpg\" \/>\n\t<meta property=\"og:image:width\" content=\"500\" \/>\n\t<meta property=\"og:image:height\" content=\"500\" \/>\n\t<meta property=\"og:image:type\" content=\"image\/jpeg\" \/>\n<meta name=\"twitter:card\" content=\"summary_large_image\" \/>\n<meta name=\"twitter:label1\" content=\"Est. reading time\" \/>\n\t<meta name=\"twitter:data1\" content=\"1 minute\" \/>\n<script type=\"application\/ld+json\" class=\"yoast-schema-graph\">{\"@context\":\"https:\\\/\\\/schema.org\",\"@graph\":[{\"@type\":\"WebPage\",\"@id\":\"https:\\\/\\\/repliquemangacine.fr\\\/katana-bleach\\\/katana-ulquiorra-zanpakuto-murcielago\\\/\",\"url\":\"https:\\\/\\\/repliquemangacine.fr\\\/katana-bleach\\\/katana-ulquiorra-zanpakuto-murcielago\\\/\",\"name\":\"Katana Ulquiorra Murci\u00e9lago - Bleach - Boutique en ligne | RMC\",\"isPartOf\":{\"@id\":\"https:\\\/\\\/repliquemangacine.fr\\\/#website\"},\"primaryImageOfPage\":{\"@id\":\"https:\\\/\\\/repliquemangacine.fr\\\/katana-bleach\\\/katana-ulquiorra-zanpakuto-murcielago\\\/#primaryimage\"},\"image\":{\"@id\":\"https:\\\/\\\/repliquemangacine.fr\\\/katana-bleach\\\/katana-ulquiorra-zanpakuto-murcielago\\\/#primaryimage\"},\"thumbnailUrl\":\"https:\\\/\\\/repliquemangacine.fr\\\/wp-content\\\/uploads\\\/2023\\\/10\\\/Katana-Ulquiorra-Murcielago.jpg\",\"datePublished\":\"2020-03-07T15:25:09+00:00\",\"dateModified\":\"2025-12-02T09:32:33+00:00\",\"description\":\"Commandez cette superbe r\u00e9plique du Katana Ulquiorra Murci\u00e9lago au meilleur prix. Lame en acier - Longueur totale\u00a0: 103 cm - Envoi 24\\\/48h\",\"breadcrumb\":{\"@id\":\"https:\\\/\\\/repliquemangacine.fr\\\/katana-bleach\\\/katana-ulquiorra-zanpakuto-murcielago\\\/#breadcrumb\"},\"inLanguage\":\"en-US\",\"potentialAction\":[{\"@type\":\"ReadAction\",\"target\":[\"https:\\\/\\\/repliquemangacine.fr\\\/katana-bleach\\\/katana-ulquiorra-zanpakuto-murcielago\\\/\"]}]},{\"@type\":\"ImageObject\",\"inLanguage\":\"en-US\",\"@id\":\"https:\\\/\\\/repliquemangacine.fr\\\/katana-bleach\\\/katana-ulquiorra-zanpakuto-murcielago\\\/#primaryimage\",\"url\":\"https:\\\/\\\/repliquemangacine.fr\\\/wp-content\\\/uploads\\\/2023\\\/10\\\/Katana-Ulquiorra-Murcielago.jpg\",\"contentUrl\":\"https:\\\/\\\/repliquemangacine.fr\\\/wp-content\\\/uploads\\\/2023\\\/10\\\/Katana-Ulquiorra-Murcielago.jpg\",\"width\":500,\"height\":500,\"caption\":\"Katana Ulquiorra Murcielago bleach\"},{\"@type\":\"BreadcrumbList\",\"@id\":\"https:\\\/\\\/repliquemangacine.fr\\\/katana-bleach\\\/katana-ulquiorra-zanpakuto-murcielago\\\/#breadcrumb\",\"itemListElement\":[{\"@type\":\"ListItem\",\"position\":1,\"name\":\"Accueil\",\"item\":\"https:\\\/\\\/repliquemangacine.fr\\\/\"},{\"@type\":\"ListItem\",\"position\":2,\"name\":\"Produits\",\"item\":\"https:\\\/\\\/repliquemangacine.fr\\\/boutique\\\/\"},{\"@type\":\"ListItem\",\"position\":3,\"name\":\"Katana Ulquiorra Murcielago\"}]},{\"@type\":\"WebSite\",\"@id\":\"https:\\\/\\\/repliquemangacine.fr\\\/#website\",\"url\":\"https:\\\/\\\/repliquemangacine.fr\\\/\",\"name\":\"R\u00e9plique Manga Cin\u00e9\",\"description\":\"\",\"publisher\":{\"@id\":\"https:\\\/\\\/repliquemangacine.fr\\\/#organization\"},\"potentialAction\":[{\"@type\":\"SearchAction\",\"target\":{\"@type\":\"EntryPoint\",\"urlTemplate\":\"https:\\\/\\\/repliquemangacine.fr\\\/?s={search_term_string}\"},\"query-input\":{\"@type\":\"PropertyValueSpecification\",\"valueRequired\":true,\"valueName\":\"search_term_string\"}}],\"inLanguage\":\"en-US\"},{\"@type\":\"Organization\",\"@id\":\"https:\\\/\\\/repliquemangacine.fr\\\/#organization\",\"name\":\"R\u00e9plique Manga Cin\u00e9\",\"url\":\"https:\\\/\\\/repliquemangacine.fr\\\/\",\"logo\":{\"@type\":\"ImageObject\",\"inLanguage\":\"en-US\",\"@id\":\"https:\\\/\\\/repliquemangacine.fr\\\/#\\\/schema\\\/logo\\\/image\\\/\",\"url\":\"https:\\\/\\\/repliquemangacine.fr\\\/wp-content\\\/uploads\\\/2023\\\/10\\\/RMC-500250.png\",\"contentUrl\":\"https:\\\/\\\/repliquemangacine.fr\\\/wp-content\\\/uploads\\\/2023\\\/10\\\/RMC-500250.png\",\"width\":500,\"height\":250,\"caption\":\"R\u00e9plique Manga Cin\u00e9\"},\"image\":{\"@id\":\"https:\\\/\\\/repliquemangacine.fr\\\/#\\\/schema\\\/logo\\\/image\\\/\"},\"sameAs\":[\"https:\\\/\\\/www.facebook.com\\\/RepliqueMangaCine\",\"https:\\\/\\\/www.instagram.com\\\/repliquemangacine.fr\\\/\"]}]}<\/script>\n<!-- \/ Yoast SEO plugin. -->","yoast_head_json":{"title":"Katana Ulquiorra Murci\u00e9lago - Bleach - Online Shop | RMC","description":"Order this superb Ulquiorra Murci\u00e9lago Katana replica at the best price. Steel blade - Total length: 103 cm - Shipment 24\/48h","robots":{"index":"index","follow":"follow","max-snippet":"max-snippet:-1","max-image-preview":"max-image-preview:large","max-video-preview":"max-video-preview:-1"},"canonical":"https:\/\/repliquemangacine.fr\/en\/katana-bleach\/katana-ulquiorra-zanpakuto-murcielago\/","og_locale":"en_US","og_type":"article","og_title":"Katana Ulquiorra Murci\u00e9lago - Bleach - Boutique en ligne | RMC","og_description":"Commandez cette superbe r\u00e9plique du Katana Ulquiorra Murci\u00e9lago au meilleur prix. Lame en acier - Longueur totale\u00a0: 103 cm - Envoi 24\/48h","og_url":"https:\/\/repliquemangacine.fr\/en\/katana-bleach\/katana-ulquiorra-zanpakuto-murcielago\/","og_site_name":"R\u00e9plique Manga Cin\u00e9","article_publisher":"https:\/\/www.facebook.com\/RepliqueMangaCine","article_modified_time":"2025-12-02T09:32:33+00:00","og_image":[{"width":500,"height":500,"url":"https:\/\/repliquemangacine.fr\/wp-content\/uploads\/2023\/10\/Katana-Ulquiorra-Murcielago.jpg","type":"image\/jpeg"}],"twitter_card":"summary_large_image","twitter_misc":{"Est. reading time":"1 minute"},"schema":{"@context":"https:\/\/schema.org","@graph":[{"@type":"WebPage","@id":"https:\/\/repliquemangacine.fr\/katana-bleach\/katana-ulquiorra-zanpakuto-murcielago\/","url":"https:\/\/repliquemangacine.fr\/katana-bleach\/katana-ulquiorra-zanpakuto-murcielago\/","name":"Katana Ulquiorra Murci\u00e9lago - Bleach - Online Shop | RMC","isPartOf":{"@id":"https:\/\/repliquemangacine.fr\/#website"},"primaryImageOfPage":{"@id":"https:\/\/repliquemangacine.fr\/katana-bleach\/katana-ulquiorra-zanpakuto-murcielago\/#primaryimage"},"image":{"@id":"https:\/\/repliquemangacine.fr\/katana-bleach\/katana-ulquiorra-zanpakuto-murcielago\/#primaryimage"},"thumbnailUrl":"https:\/\/repliquemangacine.fr\/wp-content\/uploads\/2023\/10\/Katana-Ulquiorra-Murcielago.jpg","datePublished":"2020-03-07T15:25:09+00:00","dateModified":"2025-12-02T09:32:33+00:00","description":"Order this superb Ulquiorra Murci\u00e9lago Katana replica at the best price. Steel blade - Total length: 103 cm - Shipment 24\/48h","breadcrumb":{"@id":"https:\/\/repliquemangacine.fr\/katana-bleach\/katana-ulquiorra-zanpakuto-murcielago\/#breadcrumb"},"inLanguage":"en-US","potentialAction":[{"@type":"ReadAction","target":["https:\/\/repliquemangacine.fr\/katana-bleach\/katana-ulquiorra-zanpakuto-murcielago\/"]}]},{"@type":"ImageObject","inLanguage":"en-US","@id":"https:\/\/repliquemangacine.fr\/katana-bleach\/katana-ulquiorra-zanpakuto-murcielago\/#primaryimage","url":"https:\/\/repliquemangacine.fr\/wp-content\/uploads\/2023\/10\/Katana-Ulquiorra-Murcielago.jpg","contentUrl":"https:\/\/repliquemangacine.fr\/wp-content\/uploads\/2023\/10\/Katana-Ulquiorra-Murcielago.jpg","width":500,"height":500,"caption":"Katana Ulquiorra Murcielago bleach"},{"@type":"BreadcrumbList","@id":"https:\/\/repliquemangacine.fr\/katana-bleach\/katana-ulquiorra-zanpakuto-murcielago\/#breadcrumb","itemListElement":[{"@type":"ListItem","position":1,"name":"Accueil","item":"https:\/\/repliquemangacine.fr\/"},{"@type":"ListItem","position":2,"name":"Produits","item":"https:\/\/repliquemangacine.fr\/boutique\/"},{"@type":"ListItem","position":3,"name":"Katana Ulquiorra Murcielago"}]},{"@type":"WebSite","@id":"https:\/\/repliquemangacine.fr\/#website","url":"https:\/\/repliquemangacine.fr\/","name":"R\u00e9plique Manga Cin\u00e9","description":"","publisher":{"@id":"https:\/\/repliquemangacine.fr\/#organization"},"potentialAction":[{"@type":"SearchAction","target":{"@type":"EntryPoint","urlTemplate":"https:\/\/repliquemangacine.fr\/?s={search_term_string}"},"query-input":{"@type":"PropertyValueSpecification","valueRequired":true,"valueName":"search_term_string"}}],"inLanguage":"en-US"},{"@type":"Organization","@id":"https:\/\/repliquemangacine.fr\/#organization","name":"R\u00e9plique Manga Cin\u00e9","url":"https:\/\/repliquemangacine.fr\/","logo":{"@type":"ImageObject","inLanguage":"en-US","@id":"https:\/\/repliquemangacine.fr\/#\/schema\/logo\/image\/","url":"https:\/\/repliquemangacine.fr\/wp-content\/uploads\/2023\/10\/RMC-500250.png","contentUrl":"https:\/\/repliquemangacine.fr\/wp-content\/uploads\/2023\/10\/RMC-500250.png","width":500,"height":250,"caption":"R\u00e9plique Manga Cin\u00e9"},"image":{"@id":"https:\/\/repliquemangacine.fr\/#\/schema\/logo\/image\/"},"sameAs":["https:\/\/www.facebook.com\/RepliqueMangaCine","https:\/\/www.instagram.com\/repliquemangacine.fr\/"]}]}},"_links":{"self":[{"href":"https:\/\/repliquemangacine.fr\/en\/wp-json\/wp\/v2\/product\/28854","targetHints":{"allow":["GET"]}}],"collection":[{"href":"https:\/\/repliquemangacine.fr\/en\/wp-json\/wp\/v2\/product"}],"about":[{"href":"https:\/\/repliquemangacine.fr\/en\/wp-json\/wp\/v2\/types\/product"}],"wp:featuredmedia":[{"embeddable":true,"href":"https:\/\/repliquemangacine.fr\/en\/wp-json\/wp\/v2\/media\/28855"}],"wp:attachment":[{"href":"https:\/\/repliquemangacine.fr\/en\/wp-json\/wp\/v2\/media?parent=28854"}],"wp:term":[{"taxonomy":"product_brand","embeddable":true,"href":"https:\/\/repliquemangacine.fr\/en\/wp-json\/wp\/v2\/product_brand?post=28854"},{"taxonomy":"product_cat","embeddable":true,"href":"https:\/\/repliquemangacine.fr\/en\/wp-json\/wp\/v2\/product_cat?post=28854"},{"taxonomy":"product_tag","embeddable":true,"href":"https:\/\/repliquemangacine.fr\/en\/wp-json\/wp\/v2\/product_tag?post=28854"}],"curies":[{"name":"wp","href":"https:\/\/api.w.org\/{rel}","templated":true}]}}