





{"id":28741,"date":"2020-02-08T10:18:10","date_gmt":"2020-02-08T09:18:10","guid":{"rendered":"https:\/\/repliquemangacine.fr\/?post_type=product&#038;p=28741"},"modified":"2026-03-10T13:14:09","modified_gmt":"2026-03-10T12:14:09","slug":"templar-short-sword-red-scabbard","status":"publish","type":"product","link":"https:\/\/repliquemangacine.fr\/en\/epee-templier-medievale\/epee-courte-des-templiers-fourreau-rouge\/","title":{"rendered":"Templar short sword, red scabbard"},"content":{"rendered":"<h2>Templar short sword, red scabbard.<\/h2>\n<p>To begin with, the<strong>Templar short sword<\/strong>A must-have item of remarkable quality to add to your collection.<\/p>\n<p>L'<a href=\"https:\/\/www.histoire-pour-tous.fr\/dossiers\/1505-naissance-des-templiers-13-janvier-1129.html\" target=\"_blank\" rel=\"noopener noreferrer\">Order of the Temple<\/a>The Order of the Temple is a religious and military order of medieval Christian chivalry, whose members are known as the Knights Templar. The vocation of the Order of the Temple was to protect Christian pilgrims on their way to the Holy Land. This pilgrimage was one of the three most important in medieval Christianity.<\/p>\n<p>The seal, a personal seal that authenticates an act and attests to a signature. Some twenty Templar seals are known to exist. French Templar seals are kept in the seal department of the French National Archives.<\/p>\n<p>It's worth pointing out that the cross patt\u00e9e indicates the Templars' membership of Christianity, and the color red recalls the blood shed by Christ.<\/p>\n<h2>Your Templar short sword at the best price.<\/h2>\n<p>We offer a wide selection of replicas from the Middle Ages.<\/p>\n<p>First and foremost,<\/p>\n<ul>\n<li>King Arthur's legendary and magical sword the<a href=\"https:\/\/repliquemangacine.fr\/en\/medieval-reproductions\/excalibur-king-arthur-legendary-sword\/\">Excalibur<\/a> signed Denix.<\/li>\n<li>But also, the replica of the<a href=\"https:\/\/repliquemangacine.fr\/en\/medieval-sword\/saint-maurices-sword-from-turin-13th-century\/\">St Maurice de Turin sword<\/a> 13\u1d49 century with scabbard.<\/li>\n<li>And many more to discover in our online store!<\/li>\n<\/ul>\n<p>A great gift idea for all medieval enthusiasts.<\/p>\n<p>In conclusion, you can also use this <strong>Templar short sword<\/strong> for your historical re-enactments or themed evenings. But above all, it's also a collector's item and a decorative element.<\/p>\n<h2>How to maintain the blade of your medieval sword?<\/h2>\n<p>Collector's and decorative swords are made and assembled in a simplified way. As their use is decorative, they lack the safety features required of a Japanese sword intended for training.<\/p>\n<p>However, your <strong>Templar short sword<\/strong> to a steel blade that needs to be maintained to prevent damage over time. In fact, when you expose your sword, your friends will be curious to see the blade and touch it. This is where you need to be careful, as the acidity of your fingers is very harmful to steel, whatever its quality.<\/p>\n<p>However, if this does happen, don't panic - all you need is a cloth dampened with a little oil and a wipe of fingerprints. By doing so, you'll keep your sword looking its best for a very long time.<\/p>","protected":false},"excerpt":{"rendered":"<p>Replica Templar sword.<\/p>\n<ul>\n<li>Mirror-like stainless steel blade.<\/li>\n<li>Metal guard with cross patt\u00e9e.<\/li>\n<li>Red velvet-covered handle.<\/li>\n<li>Steel knob.<\/li>\n<li>Red leatherette sheath.<\/li>\n<li>Blade length: 58.5 cm - Overall length: 85 cm - Weight: 800 grs<\/li>\n<\/ul>","protected":false},"featured_media":28742,"template":"","meta":[],"product_brand":[896],"product_cat":[25,84,43],"product_tag":[],"class_list":{"0":"post-28741","1":"product","2":"type-product","3":"status-publish","4":"has-post-thumbnail","6":"product_brand-replique-manga-cine","7":"product_cat-armes-historiques","8":"product_cat-epee-templier-medievale","9":"product_cat-reproductions-d-armes-et-accessoires-medievales","11":"first","12":"instock","13":"taxable","14":"shipping-taxable","15":"purchasable","16":"product-type-simple"},"yoast_head":"<!-- This site is optimized with the Yoast SEO plugin v27.4 - https:\/\/yoast.com\/product\/yoast-seo-wordpress\/ -->\n<title>Ep\u00e9e courte des Templiers - Vente d&#039;\u00c9p\u00e9es m\u00e9di\u00e9vale | RMC<\/title>\n<meta name=\"description\" content=\"Venez d\u00e9couvrir l&#039;Ep\u00e9e courte des Templiers au meilleur prix - Lame en acier miroir - Fourreau similicuir - Garde et pommeau acier - Longueur totale : 85 cm\" \/>\n<meta name=\"robots\" content=\"index, follow, max-snippet:-1, max-image-preview:large, max-video-preview:-1\" \/>\n<link rel=\"canonical\" href=\"https:\/\/repliquemangacine.fr\/en\/medieval-templar-sword\/templar-short-sword-red-scabbard\/\" \/>\n<meta property=\"og:locale\" content=\"en_US\" \/>\n<meta property=\"og:type\" content=\"article\" \/>\n<meta property=\"og:title\" content=\"Ep\u00e9e courte des Templiers - Vente d&#039;\u00c9p\u00e9es m\u00e9di\u00e9vale | RMC\" \/>\n<meta property=\"og:description\" content=\"Venez d\u00e9couvrir l&#039;Ep\u00e9e courte des Templiers au meilleur prix - Lame en acier miroir - Fourreau similicuir - Garde et pommeau acier - Longueur totale : 85 cm\" \/>\n<meta property=\"og:url\" content=\"https:\/\/repliquemangacine.fr\/en\/medieval-templar-sword\/templar-short-sword-red-scabbard\/\" \/>\n<meta property=\"og:site_name\" content=\"R\u00e9plique Manga Cin\u00e9\" \/>\n<meta property=\"article:publisher\" content=\"https:\/\/www.facebook.com\/RepliqueMangaCine\" \/>\n<meta property=\"article:modified_time\" content=\"2026-03-10T12:14:09+00:00\" \/>\n<meta property=\"og:image\" content=\"https:\/\/repliquemangacine.fr\/wp-content\/uploads\/2023\/10\/3443-Epee-courte-des-Templiers-rouge.jpg\" \/>\n\t<meta property=\"og:image:width\" content=\"800\" \/>\n\t<meta property=\"og:image:height\" content=\"800\" \/>\n\t<meta property=\"og:image:type\" content=\"image\/jpeg\" \/>\n<meta name=\"twitter:card\" content=\"summary_large_image\" \/>\n<meta name=\"twitter:label1\" content=\"Est. reading time\" \/>\n\t<meta name=\"twitter:data1\" content=\"2 minutes\" \/>\n<script type=\"application\/ld+json\" class=\"yoast-schema-graph\">{\"@context\":\"https:\\\/\\\/schema.org\",\"@graph\":[{\"@type\":\"WebPage\",\"@id\":\"https:\\\/\\\/repliquemangacine.fr\\\/epee-templier-medievale\\\/epee-courte-des-templiers-fourreau-rouge\\\/\",\"url\":\"https:\\\/\\\/repliquemangacine.fr\\\/epee-templier-medievale\\\/epee-courte-des-templiers-fourreau-rouge\\\/\",\"name\":\"Ep\u00e9e courte des Templiers - Vente d'\u00c9p\u00e9es m\u00e9di\u00e9vale | RMC\",\"isPartOf\":{\"@id\":\"https:\\\/\\\/repliquemangacine.fr\\\/#website\"},\"primaryImageOfPage\":{\"@id\":\"https:\\\/\\\/repliquemangacine.fr\\\/epee-templier-medievale\\\/epee-courte-des-templiers-fourreau-rouge\\\/#primaryimage\"},\"image\":{\"@id\":\"https:\\\/\\\/repliquemangacine.fr\\\/epee-templier-medievale\\\/epee-courte-des-templiers-fourreau-rouge\\\/#primaryimage\"},\"thumbnailUrl\":\"https:\\\/\\\/repliquemangacine.fr\\\/wp-content\\\/uploads\\\/2023\\\/10\\\/3443-Epee-courte-des-Templiers-rouge.jpg\",\"datePublished\":\"2020-02-08T09:18:10+00:00\",\"dateModified\":\"2026-03-10T12:14:09+00:00\",\"description\":\"Venez d\u00e9couvrir l'Ep\u00e9e courte des Templiers au meilleur prix - Lame en acier miroir - Fourreau similicuir - Garde et pommeau acier - Longueur totale : 85 cm\",\"breadcrumb\":{\"@id\":\"https:\\\/\\\/repliquemangacine.fr\\\/epee-templier-medievale\\\/epee-courte-des-templiers-fourreau-rouge\\\/#breadcrumb\"},\"inLanguage\":\"en-US\",\"potentialAction\":[{\"@type\":\"ReadAction\",\"target\":[\"https:\\\/\\\/repliquemangacine.fr\\\/epee-templier-medievale\\\/epee-courte-des-templiers-fourreau-rouge\\\/\"]}]},{\"@type\":\"ImageObject\",\"inLanguage\":\"en-US\",\"@id\":\"https:\\\/\\\/repliquemangacine.fr\\\/epee-templier-medievale\\\/epee-courte-des-templiers-fourreau-rouge\\\/#primaryimage\",\"url\":\"https:\\\/\\\/repliquemangacine.fr\\\/wp-content\\\/uploads\\\/2023\\\/10\\\/3443-Epee-courte-des-Templiers-rouge.jpg\",\"contentUrl\":\"https:\\\/\\\/repliquemangacine.fr\\\/wp-content\\\/uploads\\\/2023\\\/10\\\/3443-Epee-courte-des-Templiers-rouge.jpg\",\"width\":800,\"height\":800,\"caption\":\"Ep\u00e9e courte des Templiers rouge\"},{\"@type\":\"BreadcrumbList\",\"@id\":\"https:\\\/\\\/repliquemangacine.fr\\\/epee-templier-medievale\\\/epee-courte-des-templiers-fourreau-rouge\\\/#breadcrumb\",\"itemListElement\":[{\"@type\":\"ListItem\",\"position\":1,\"name\":\"Accueil\",\"item\":\"https:\\\/\\\/repliquemangacine.fr\\\/\"},{\"@type\":\"ListItem\",\"position\":2,\"name\":\"Produits\",\"item\":\"https:\\\/\\\/repliquemangacine.fr\\\/boutique\\\/\"},{\"@type\":\"ListItem\",\"position\":3,\"name\":\"Ep\u00e9e courte Templiers, fourreau rouge\"}]},{\"@type\":\"WebSite\",\"@id\":\"https:\\\/\\\/repliquemangacine.fr\\\/#website\",\"url\":\"https:\\\/\\\/repliquemangacine.fr\\\/\",\"name\":\"R\u00e9plique Manga Cin\u00e9\",\"description\":\"\",\"publisher\":{\"@id\":\"https:\\\/\\\/repliquemangacine.fr\\\/#organization\"},\"potentialAction\":[{\"@type\":\"SearchAction\",\"target\":{\"@type\":\"EntryPoint\",\"urlTemplate\":\"https:\\\/\\\/repliquemangacine.fr\\\/?s={search_term_string}\"},\"query-input\":{\"@type\":\"PropertyValueSpecification\",\"valueRequired\":true,\"valueName\":\"search_term_string\"}}],\"inLanguage\":\"en-US\"},{\"@type\":\"Organization\",\"@id\":\"https:\\\/\\\/repliquemangacine.fr\\\/#organization\",\"name\":\"R\u00e9plique Manga Cin\u00e9\",\"url\":\"https:\\\/\\\/repliquemangacine.fr\\\/\",\"logo\":{\"@type\":\"ImageObject\",\"inLanguage\":\"en-US\",\"@id\":\"https:\\\/\\\/repliquemangacine.fr\\\/#\\\/schema\\\/logo\\\/image\\\/\",\"url\":\"https:\\\/\\\/repliquemangacine.fr\\\/wp-content\\\/uploads\\\/2023\\\/10\\\/RMC-500250.png\",\"contentUrl\":\"https:\\\/\\\/repliquemangacine.fr\\\/wp-content\\\/uploads\\\/2023\\\/10\\\/RMC-500250.png\",\"width\":500,\"height\":250,\"caption\":\"R\u00e9plique Manga Cin\u00e9\"},\"image\":{\"@id\":\"https:\\\/\\\/repliquemangacine.fr\\\/#\\\/schema\\\/logo\\\/image\\\/\"},\"sameAs\":[\"https:\\\/\\\/www.facebook.com\\\/RepliqueMangaCine\",\"https:\\\/\\\/www.instagram.com\\\/repliquemangacine.fr\\\/\"]}]}<\/script>\n<!-- \/ Yoast SEO plugin. -->","yoast_head_json":{"title":"Templar short sword - Medieval swords for sale | RMC","description":"Discover the Templar short sword at the best price - Mirror steel blade - Imitation leather scabbard - Steel hilt and pommel - Total length: 85 cm","robots":{"index":"index","follow":"follow","max-snippet":"max-snippet:-1","max-image-preview":"max-image-preview:large","max-video-preview":"max-video-preview:-1"},"canonical":"https:\/\/repliquemangacine.fr\/en\/medieval-templar-sword\/templar-short-sword-red-scabbard\/","og_locale":"en_US","og_type":"article","og_title":"Ep\u00e9e courte des Templiers - Vente d'\u00c9p\u00e9es m\u00e9di\u00e9vale | RMC","og_description":"Venez d\u00e9couvrir l'Ep\u00e9e courte des Templiers au meilleur prix - Lame en acier miroir - Fourreau similicuir - Garde et pommeau acier - Longueur totale : 85 cm","og_url":"https:\/\/repliquemangacine.fr\/en\/medieval-templar-sword\/templar-short-sword-red-scabbard\/","og_site_name":"R\u00e9plique Manga Cin\u00e9","article_publisher":"https:\/\/www.facebook.com\/RepliqueMangaCine","article_modified_time":"2026-03-10T12:14:09+00:00","og_image":[{"width":800,"height":800,"url":"https:\/\/repliquemangacine.fr\/wp-content\/uploads\/2023\/10\/3443-Epee-courte-des-Templiers-rouge.jpg","type":"image\/jpeg"}],"twitter_card":"summary_large_image","twitter_misc":{"Est. reading time":"2 minutes"},"schema":{"@context":"https:\/\/schema.org","@graph":[{"@type":"WebPage","@id":"https:\/\/repliquemangacine.fr\/epee-templier-medievale\/epee-courte-des-templiers-fourreau-rouge\/","url":"https:\/\/repliquemangacine.fr\/epee-templier-medievale\/epee-courte-des-templiers-fourreau-rouge\/","name":"Templar short sword - Medieval swords for sale | RMC","isPartOf":{"@id":"https:\/\/repliquemangacine.fr\/#website"},"primaryImageOfPage":{"@id":"https:\/\/repliquemangacine.fr\/epee-templier-medievale\/epee-courte-des-templiers-fourreau-rouge\/#primaryimage"},"image":{"@id":"https:\/\/repliquemangacine.fr\/epee-templier-medievale\/epee-courte-des-templiers-fourreau-rouge\/#primaryimage"},"thumbnailUrl":"https:\/\/repliquemangacine.fr\/wp-content\/uploads\/2023\/10\/3443-Epee-courte-des-Templiers-rouge.jpg","datePublished":"2020-02-08T09:18:10+00:00","dateModified":"2026-03-10T12:14:09+00:00","description":"Discover the Templar short sword at the best price - Mirror steel blade - Imitation leather scabbard - Steel hilt and pommel - Total length: 85 cm","breadcrumb":{"@id":"https:\/\/repliquemangacine.fr\/epee-templier-medievale\/epee-courte-des-templiers-fourreau-rouge\/#breadcrumb"},"inLanguage":"en-US","potentialAction":[{"@type":"ReadAction","target":["https:\/\/repliquemangacine.fr\/epee-templier-medievale\/epee-courte-des-templiers-fourreau-rouge\/"]}]},{"@type":"ImageObject","inLanguage":"en-US","@id":"https:\/\/repliquemangacine.fr\/epee-templier-medievale\/epee-courte-des-templiers-fourreau-rouge\/#primaryimage","url":"https:\/\/repliquemangacine.fr\/wp-content\/uploads\/2023\/10\/3443-Epee-courte-des-Templiers-rouge.jpg","contentUrl":"https:\/\/repliquemangacine.fr\/wp-content\/uploads\/2023\/10\/3443-Epee-courte-des-Templiers-rouge.jpg","width":800,"height":800,"caption":"Ep\u00e9e courte des Templiers rouge"},{"@type":"BreadcrumbList","@id":"https:\/\/repliquemangacine.fr\/epee-templier-medievale\/epee-courte-des-templiers-fourreau-rouge\/#breadcrumb","itemListElement":[{"@type":"ListItem","position":1,"name":"Accueil","item":"https:\/\/repliquemangacine.fr\/"},{"@type":"ListItem","position":2,"name":"Produits","item":"https:\/\/repliquemangacine.fr\/boutique\/"},{"@type":"ListItem","position":3,"name":"Ep\u00e9e courte Templiers, fourreau rouge"}]},{"@type":"WebSite","@id":"https:\/\/repliquemangacine.fr\/#website","url":"https:\/\/repliquemangacine.fr\/","name":"R\u00e9plique Manga Cin\u00e9","description":"","publisher":{"@id":"https:\/\/repliquemangacine.fr\/#organization"},"potentialAction":[{"@type":"SearchAction","target":{"@type":"EntryPoint","urlTemplate":"https:\/\/repliquemangacine.fr\/?s={search_term_string}"},"query-input":{"@type":"PropertyValueSpecification","valueRequired":true,"valueName":"search_term_string"}}],"inLanguage":"en-US"},{"@type":"Organization","@id":"https:\/\/repliquemangacine.fr\/#organization","name":"R\u00e9plique Manga Cin\u00e9","url":"https:\/\/repliquemangacine.fr\/","logo":{"@type":"ImageObject","inLanguage":"en-US","@id":"https:\/\/repliquemangacine.fr\/#\/schema\/logo\/image\/","url":"https:\/\/repliquemangacine.fr\/wp-content\/uploads\/2023\/10\/RMC-500250.png","contentUrl":"https:\/\/repliquemangacine.fr\/wp-content\/uploads\/2023\/10\/RMC-500250.png","width":500,"height":250,"caption":"R\u00e9plique Manga Cin\u00e9"},"image":{"@id":"https:\/\/repliquemangacine.fr\/#\/schema\/logo\/image\/"},"sameAs":["https:\/\/www.facebook.com\/RepliqueMangaCine","https:\/\/www.instagram.com\/repliquemangacine.fr\/"]}]}},"_links":{"self":[{"href":"https:\/\/repliquemangacine.fr\/en\/wp-json\/wp\/v2\/product\/28741","targetHints":{"allow":["GET"]}}],"collection":[{"href":"https:\/\/repliquemangacine.fr\/en\/wp-json\/wp\/v2\/product"}],"about":[{"href":"https:\/\/repliquemangacine.fr\/en\/wp-json\/wp\/v2\/types\/product"}],"wp:featuredmedia":[{"embeddable":true,"href":"https:\/\/repliquemangacine.fr\/en\/wp-json\/wp\/v2\/media\/28742"}],"wp:attachment":[{"href":"https:\/\/repliquemangacine.fr\/en\/wp-json\/wp\/v2\/media?parent=28741"}],"wp:term":[{"taxonomy":"product_brand","embeddable":true,"href":"https:\/\/repliquemangacine.fr\/en\/wp-json\/wp\/v2\/product_brand?post=28741"},{"taxonomy":"product_cat","embeddable":true,"href":"https:\/\/repliquemangacine.fr\/en\/wp-json\/wp\/v2\/product_cat?post=28741"},{"taxonomy":"product_tag","embeddable":true,"href":"https:\/\/repliquemangacine.fr\/en\/wp-json\/wp\/v2\/product_tag?post=28741"}],"curies":[{"name":"wp","href":"https:\/\/api.w.org\/{rel}","templated":true}]}}