





{"id":28721,"date":"2020-02-05T13:56:26","date_gmt":"2020-02-05T12:56:26","guid":{"rendered":"https:\/\/repliquemangacine.fr\/?post_type=product&#038;p=28721"},"modified":"2026-04-15T06:38:47","modified_gmt":"2026-04-15T04:38:47","slug":"oeil-dagamotto-pendant-amulet-dr-strange","status":"publish","type":"product","link":"https:\/\/repliquemangacine.fr\/en\/super-heros-marvel\/oeil-d-agamotto-pendentif-amulette-dr-strange\/","title":{"rendered":"Eye of Agamotto Dr Strange"},"content":{"rendered":"<h2>Eye of Agamotto Dr Strange in the Marvel universe.<\/h2>\n<p>To begin with, the<strong>Eye of Agamotto Dr Strange<\/strong> is a powerful relic created by Agamotto, the first Sorcerer Supreme, as a containment device for the Time Stone. The Eye has been protected by masters of the mystic arts for generations.<\/p>\n<p>As the container of the Time Stone, the<a href=\"https:\/\/universcinematographiquemarvel.fandom.com\/fr\/wiki\/\u0152il_d'Agamotto\" target=\"_blank\" rel=\"noopener noreferrer\">Eye of Agamotto<\/a> allows its wearer to use the power of the Infinity Stone without having to physically touch it. Reinforced by its Infinity Stone, the Eye possesses enormous time-based powers. Able to control the flow of time on a small or large scale.<\/p>\n<p>On a grand scale, stone can go back in time to undo entire events, even to the point of bringing the dead back to life, by traveling to a point before their death.<\/p>\n<h2>Your Dr Strange Agamotto Eye at the best price<\/h2>\n<p>We offer a wide selection of replicas of your Marvel universe superheroes.<\/p>\n<p>First and foremost,<\/p>\n<ul>\n<li>Visit <a href=\"https:\/\/repliquemangacine.fr\/en\/super-heroes\/black-widow-purple-sticks\/\">Black Widow sticks<\/a> with switch button for stick illumination.<\/li>\n<li>There is also the <a href=\"https:\/\/repliquemangacine.fr\/en\/super-heroes\/arc-reactor-mk1-iron-man-heart-reactor\/\">Reactor Arc<\/a> Iron Man MK1 version.<\/li>\n<li>As well as the <a href=\"https:\/\/repliquemangacine.fr\/en\/super-heroes\/spectre-of-loki\/\">Loki's Spectrum<\/a> with its luminous base.<\/li>\n<li>And much more to discover in our online store!<\/li>\n<\/ul>\n<p>That's why this is a great gift idea for all Marvel fans.<\/p>\n<p>In conclusion, you can also use the\u2019<strong>Eye of Agamotto Dr Strange<\/strong> as an amulet pendant for your Cosplay parades. But above all, it's also a collector's and decorative item.<\/p>\n<h2>How are our Avengers Marvel merchandise made?<\/h2>\n<p>To begin with, all our derived products are of the highest quality, manufactured with meticulous attention to detail. In fact, some of this work is done by hand, to reproduce the smallest detail. More important parts are machined by very precise machines. Engravings are generally made with a diamond or laser tip.<\/p>\n<p>Your <strong>Eye of Agamotto Dr Strange<\/strong> has been manufactured to reproduce every detail exactly. From the machined metal parts with their antique bronze finish to the high-intensity LEDs.<\/p>\n<p>Finally, imported from China or Spain, our replicas will amaze you!<\/p>\n<p>R\u00e9plique Manga Cin\u00e9 is a French family business<\/p>","protected":false},"excerpt":{"rendered":"<p>Dr Strange's Eye of Agamotto pendant in Avengers.<\/p>\n<ul>\n<li>Antique bronze-finish metal.<\/li>\n<li>Infinity stone in resin.<\/li>\n<li>Scale 1\/1<\/li>\n<li>Pendant with Led lighting system.<\/li>\n<li>Powered by two batteries (included), it illuminates the Infinity Stone brightly!<\/li>\n<li>On\/Off button.<\/li>\n<li>Leather necklace.<\/li>\n<li>Of course, the pendant can also be worn.<\/li>\n<li>Eye size: 10.5 cm X 8 cm - Weight: 313 grams.<\/li>\n<li><strong>The all-metal stand in antique bronze finish is as well detailed as ever.<\/strong><\/li>\n<li>Illuminated thanks to its LED, rechargeable with a USBC tip (not supplied).<\/li>\n<li>On \/ Off button.<\/li>\n<li>Stand dimensions: Width 9 cm - Height: 11 cm - Weight: 272 Grs<\/li>\n<\/ul>","protected":false},"featured_media":28722,"template":"","meta":[],"product_brand":[896],"product_cat":[24,59],"product_tag":[],"class_list":{"0":"post-28721","1":"product","2":"type-product","3":"status-publish","4":"has-post-thumbnail","6":"product_brand-replique-manga-cine","7":"product_cat-films-series-tv-vente-de-katana-epee-et-produits-derives","8":"product_cat-super-heros-marvel","10":"first","11":"instock","12":"taxable","13":"shipping-taxable","14":"purchasable","15":"product-type-simple"},"yoast_head":"<!-- This site is optimized with the Yoast SEO plugin v27.5 - https:\/\/yoast.com\/product\/yoast-seo-wordpress\/ -->\n<title>\u0152il d&#039;Agamotto Dr Strange - Echelle 1\/1 - R\u00e9plique Manga Cin\u00e9<\/title>\n<meta name=\"description\" content=\"Offrez-lui l&#039;\u0152il d&#039;Agamotto Dr Strange au meilleur prix. En acier - Pierre d&#039;infinit\u00e9 - Taille r\u00e9elle - Lumineux - Dimension de l&#039;\u0153il 10X8 cm - Support\" \/>\n<meta name=\"robots\" content=\"index, follow, max-snippet:-1, max-image-preview:large, max-video-preview:-1\" \/>\n<link rel=\"canonical\" href=\"https:\/\/repliquemangacine.fr\/en\/marvel-superheroes\/oeil-dagamotto-pendant-amulet-dr-strange\/\" \/>\n<meta property=\"og:locale\" content=\"en_US\" \/>\n<meta property=\"og:type\" content=\"article\" \/>\n<meta property=\"og:title\" content=\"\u0152il d&#039;Agamotto Dr Strange - Echelle 1\/1 - R\u00e9plique Manga Cin\u00e9\" \/>\n<meta property=\"og:description\" content=\"Offrez-lui l&#039;\u0152il d&#039;Agamotto Dr Strange au meilleur prix. En acier - Pierre d&#039;infinit\u00e9 - Taille r\u00e9elle - Lumineux - Dimension de l&#039;\u0153il 10X8 cm - Support\" \/>\n<meta property=\"og:url\" content=\"https:\/\/repliquemangacine.fr\/en\/marvel-superheroes\/oeil-dagamotto-pendant-amulet-dr-strange\/\" \/>\n<meta property=\"og:site_name\" content=\"R\u00e9plique Manga Cin\u00e9\" \/>\n<meta property=\"article:publisher\" content=\"https:\/\/www.facebook.com\/RepliqueMangaCine\" \/>\n<meta property=\"article:modified_time\" content=\"2026-04-15T04:38:47+00:00\" \/>\n<meta property=\"og:image\" content=\"https:\/\/repliquemangacine.fr\/wp-content\/uploads\/2023\/10\/0228.jpg\" \/>\n\t<meta property=\"og:image:width\" content=\"800\" \/>\n\t<meta property=\"og:image:height\" content=\"800\" \/>\n\t<meta property=\"og:image:type\" content=\"image\/jpeg\" \/>\n<meta name=\"twitter:card\" content=\"summary_large_image\" \/>\n<meta name=\"twitter:label1\" content=\"Est. reading time\" \/>\n\t<meta name=\"twitter:data1\" content=\"1 minute\" \/>\n<script type=\"application\/ld+json\" class=\"yoast-schema-graph\">{\"@context\":\"https:\\\/\\\/schema.org\",\"@graph\":[{\"@type\":\"WebPage\",\"@id\":\"https:\\\/\\\/repliquemangacine.fr\\\/super-heros-marvel\\\/oeil-d-agamotto-pendentif-amulette-dr-strange\\\/\",\"url\":\"https:\\\/\\\/repliquemangacine.fr\\\/super-heros-marvel\\\/oeil-d-agamotto-pendentif-amulette-dr-strange\\\/\",\"name\":\"\u0152il d'Agamotto Dr Strange - Echelle 1\\\/1 - R\u00e9plique Manga Cin\u00e9\",\"isPartOf\":{\"@id\":\"https:\\\/\\\/repliquemangacine.fr\\\/#website\"},\"primaryImageOfPage\":{\"@id\":\"https:\\\/\\\/repliquemangacine.fr\\\/super-heros-marvel\\\/oeil-d-agamotto-pendentif-amulette-dr-strange\\\/#primaryimage\"},\"image\":{\"@id\":\"https:\\\/\\\/repliquemangacine.fr\\\/super-heros-marvel\\\/oeil-d-agamotto-pendentif-amulette-dr-strange\\\/#primaryimage\"},\"thumbnailUrl\":\"https:\\\/\\\/repliquemangacine.fr\\\/wp-content\\\/uploads\\\/2023\\\/10\\\/0228.jpg\",\"datePublished\":\"2020-02-05T12:56:26+00:00\",\"dateModified\":\"2026-04-15T04:38:47+00:00\",\"description\":\"Offrez-lui l'\u0152il d'Agamotto Dr Strange au meilleur prix. En acier - Pierre d'infinit\u00e9 - Taille r\u00e9elle - Lumineux - Dimension de l'\u0153il 10X8 cm - Support\",\"breadcrumb\":{\"@id\":\"https:\\\/\\\/repliquemangacine.fr\\\/super-heros-marvel\\\/oeil-d-agamotto-pendentif-amulette-dr-strange\\\/#breadcrumb\"},\"inLanguage\":\"en-US\",\"potentialAction\":[{\"@type\":\"ReadAction\",\"target\":[\"https:\\\/\\\/repliquemangacine.fr\\\/super-heros-marvel\\\/oeil-d-agamotto-pendentif-amulette-dr-strange\\\/\"]}]},{\"@type\":\"ImageObject\",\"inLanguage\":\"en-US\",\"@id\":\"https:\\\/\\\/repliquemangacine.fr\\\/super-heros-marvel\\\/oeil-d-agamotto-pendentif-amulette-dr-strange\\\/#primaryimage\",\"url\":\"https:\\\/\\\/repliquemangacine.fr\\\/wp-content\\\/uploads\\\/2023\\\/10\\\/0228.jpg\",\"contentUrl\":\"https:\\\/\\\/repliquemangacine.fr\\\/wp-content\\\/uploads\\\/2023\\\/10\\\/0228.jpg\",\"width\":800,\"height\":800,\"caption\":\"\u0152il d'Agamotto Dr Strange\"},{\"@type\":\"BreadcrumbList\",\"@id\":\"https:\\\/\\\/repliquemangacine.fr\\\/super-heros-marvel\\\/oeil-d-agamotto-pendentif-amulette-dr-strange\\\/#breadcrumb\",\"itemListElement\":[{\"@type\":\"ListItem\",\"position\":1,\"name\":\"Accueil\",\"item\":\"https:\\\/\\\/repliquemangacine.fr\\\/\"},{\"@type\":\"ListItem\",\"position\":2,\"name\":\"Produits\",\"item\":\"https:\\\/\\\/repliquemangacine.fr\\\/boutique\\\/\"},{\"@type\":\"ListItem\",\"position\":3,\"name\":\"\u0152il d&#8217;Agamotto Dr Strange\"}]},{\"@type\":\"WebSite\",\"@id\":\"https:\\\/\\\/repliquemangacine.fr\\\/#website\",\"url\":\"https:\\\/\\\/repliquemangacine.fr\\\/\",\"name\":\"R\u00e9plique Manga Cin\u00e9\",\"description\":\"\",\"publisher\":{\"@id\":\"https:\\\/\\\/repliquemangacine.fr\\\/#organization\"},\"potentialAction\":[{\"@type\":\"SearchAction\",\"target\":{\"@type\":\"EntryPoint\",\"urlTemplate\":\"https:\\\/\\\/repliquemangacine.fr\\\/?s={search_term_string}\"},\"query-input\":{\"@type\":\"PropertyValueSpecification\",\"valueRequired\":true,\"valueName\":\"search_term_string\"}}],\"inLanguage\":\"en-US\"},{\"@type\":\"Organization\",\"@id\":\"https:\\\/\\\/repliquemangacine.fr\\\/#organization\",\"name\":\"R\u00e9plique Manga Cin\u00e9\",\"url\":\"https:\\\/\\\/repliquemangacine.fr\\\/\",\"logo\":{\"@type\":\"ImageObject\",\"inLanguage\":\"en-US\",\"@id\":\"https:\\\/\\\/repliquemangacine.fr\\\/#\\\/schema\\\/logo\\\/image\\\/\",\"url\":\"https:\\\/\\\/repliquemangacine.fr\\\/wp-content\\\/uploads\\\/2023\\\/10\\\/RMC-500250.png\",\"contentUrl\":\"https:\\\/\\\/repliquemangacine.fr\\\/wp-content\\\/uploads\\\/2023\\\/10\\\/RMC-500250.png\",\"width\":500,\"height\":250,\"caption\":\"R\u00e9plique Manga Cin\u00e9\"},\"image\":{\"@id\":\"https:\\\/\\\/repliquemangacine.fr\\\/#\\\/schema\\\/logo\\\/image\\\/\"},\"sameAs\":[\"https:\\\/\\\/www.facebook.com\\\/RepliqueMangaCine\",\"https:\\\/\\\/www.instagram.com\\\/repliquemangacine.fr\\\/\"]}]}<\/script>\n<!-- \/ Yoast SEO plugin. -->","yoast_head_json":{"title":"Dr Strange Agamotto Eye - Scale 1\/1 - R\u00e9plique Manga Cin\u00e9","description":"Offer him the Eye of Agamotto Dr Strange at the best price. Steel - Infinity stone - Real size - Luminous - Eye size 10X8 cm - Stand","robots":{"index":"index","follow":"follow","max-snippet":"max-snippet:-1","max-image-preview":"max-image-preview:large","max-video-preview":"max-video-preview:-1"},"canonical":"https:\/\/repliquemangacine.fr\/en\/marvel-superheroes\/oeil-dagamotto-pendant-amulet-dr-strange\/","og_locale":"en_US","og_type":"article","og_title":"\u0152il d'Agamotto Dr Strange - Echelle 1\/1 - R\u00e9plique Manga Cin\u00e9","og_description":"Offrez-lui l'\u0152il d'Agamotto Dr Strange au meilleur prix. En acier - Pierre d'infinit\u00e9 - Taille r\u00e9elle - Lumineux - Dimension de l'\u0153il 10X8 cm - Support","og_url":"https:\/\/repliquemangacine.fr\/en\/marvel-superheroes\/oeil-dagamotto-pendant-amulet-dr-strange\/","og_site_name":"R\u00e9plique Manga Cin\u00e9","article_publisher":"https:\/\/www.facebook.com\/RepliqueMangaCine","article_modified_time":"2026-04-15T04:38:47+00:00","og_image":[{"width":800,"height":800,"url":"https:\/\/repliquemangacine.fr\/wp-content\/uploads\/2023\/10\/0228.jpg","type":"image\/jpeg"}],"twitter_card":"summary_large_image","twitter_misc":{"Est. reading time":"1 minute"},"schema":{"@context":"https:\/\/schema.org","@graph":[{"@type":"WebPage","@id":"https:\/\/repliquemangacine.fr\/super-heros-marvel\/oeil-d-agamotto-pendentif-amulette-dr-strange\/","url":"https:\/\/repliquemangacine.fr\/super-heros-marvel\/oeil-d-agamotto-pendentif-amulette-dr-strange\/","name":"Dr Strange Agamotto Eye - Scale 1\/1 - R\u00e9plique Manga Cin\u00e9","isPartOf":{"@id":"https:\/\/repliquemangacine.fr\/#website"},"primaryImageOfPage":{"@id":"https:\/\/repliquemangacine.fr\/super-heros-marvel\/oeil-d-agamotto-pendentif-amulette-dr-strange\/#primaryimage"},"image":{"@id":"https:\/\/repliquemangacine.fr\/super-heros-marvel\/oeil-d-agamotto-pendentif-amulette-dr-strange\/#primaryimage"},"thumbnailUrl":"https:\/\/repliquemangacine.fr\/wp-content\/uploads\/2023\/10\/0228.jpg","datePublished":"2020-02-05T12:56:26+00:00","dateModified":"2026-04-15T04:38:47+00:00","description":"Offer him the Eye of Agamotto Dr Strange at the best price. Steel - Infinity stone - Real size - Luminous - Eye size 10X8 cm - Stand","breadcrumb":{"@id":"https:\/\/repliquemangacine.fr\/super-heros-marvel\/oeil-d-agamotto-pendentif-amulette-dr-strange\/#breadcrumb"},"inLanguage":"en-US","potentialAction":[{"@type":"ReadAction","target":["https:\/\/repliquemangacine.fr\/super-heros-marvel\/oeil-d-agamotto-pendentif-amulette-dr-strange\/"]}]},{"@type":"ImageObject","inLanguage":"en-US","@id":"https:\/\/repliquemangacine.fr\/super-heros-marvel\/oeil-d-agamotto-pendentif-amulette-dr-strange\/#primaryimage","url":"https:\/\/repliquemangacine.fr\/wp-content\/uploads\/2023\/10\/0228.jpg","contentUrl":"https:\/\/repliquemangacine.fr\/wp-content\/uploads\/2023\/10\/0228.jpg","width":800,"height":800,"caption":"\u0152il d'Agamotto Dr Strange"},{"@type":"BreadcrumbList","@id":"https:\/\/repliquemangacine.fr\/super-heros-marvel\/oeil-d-agamotto-pendentif-amulette-dr-strange\/#breadcrumb","itemListElement":[{"@type":"ListItem","position":1,"name":"Accueil","item":"https:\/\/repliquemangacine.fr\/"},{"@type":"ListItem","position":2,"name":"Produits","item":"https:\/\/repliquemangacine.fr\/boutique\/"},{"@type":"ListItem","position":3,"name":"\u0152il d&#8217;Agamotto Dr Strange"}]},{"@type":"WebSite","@id":"https:\/\/repliquemangacine.fr\/#website","url":"https:\/\/repliquemangacine.fr\/","name":"R\u00e9plique Manga Cin\u00e9","description":"","publisher":{"@id":"https:\/\/repliquemangacine.fr\/#organization"},"potentialAction":[{"@type":"SearchAction","target":{"@type":"EntryPoint","urlTemplate":"https:\/\/repliquemangacine.fr\/?s={search_term_string}"},"query-input":{"@type":"PropertyValueSpecification","valueRequired":true,"valueName":"search_term_string"}}],"inLanguage":"en-US"},{"@type":"Organization","@id":"https:\/\/repliquemangacine.fr\/#organization","name":"R\u00e9plique Manga Cin\u00e9","url":"https:\/\/repliquemangacine.fr\/","logo":{"@type":"ImageObject","inLanguage":"en-US","@id":"https:\/\/repliquemangacine.fr\/#\/schema\/logo\/image\/","url":"https:\/\/repliquemangacine.fr\/wp-content\/uploads\/2023\/10\/RMC-500250.png","contentUrl":"https:\/\/repliquemangacine.fr\/wp-content\/uploads\/2023\/10\/RMC-500250.png","width":500,"height":250,"caption":"R\u00e9plique Manga Cin\u00e9"},"image":{"@id":"https:\/\/repliquemangacine.fr\/#\/schema\/logo\/image\/"},"sameAs":["https:\/\/www.facebook.com\/RepliqueMangaCine","https:\/\/www.instagram.com\/repliquemangacine.fr\/"]}]}},"_links":{"self":[{"href":"https:\/\/repliquemangacine.fr\/en\/wp-json\/wp\/v2\/product\/28721","targetHints":{"allow":["GET"]}}],"collection":[{"href":"https:\/\/repliquemangacine.fr\/en\/wp-json\/wp\/v2\/product"}],"about":[{"href":"https:\/\/repliquemangacine.fr\/en\/wp-json\/wp\/v2\/types\/product"}],"wp:featuredmedia":[{"embeddable":true,"href":"https:\/\/repliquemangacine.fr\/en\/wp-json\/wp\/v2\/media\/28722"}],"wp:attachment":[{"href":"https:\/\/repliquemangacine.fr\/en\/wp-json\/wp\/v2\/media?parent=28721"}],"wp:term":[{"taxonomy":"product_brand","embeddable":true,"href":"https:\/\/repliquemangacine.fr\/en\/wp-json\/wp\/v2\/product_brand?post=28721"},{"taxonomy":"product_cat","embeddable":true,"href":"https:\/\/repliquemangacine.fr\/en\/wp-json\/wp\/v2\/product_cat?post=28721"},{"taxonomy":"product_tag","embeddable":true,"href":"https:\/\/repliquemangacine.fr\/en\/wp-json\/wp\/v2\/product_tag?post=28721"}],"curies":[{"name":"wp","href":"https:\/\/api.w.org\/{rel}","templated":true}]}}