





{"id":28706,"date":"2020-02-03T14:48:18","date_gmt":"2020-02-03T13:48:18","guid":{"rendered":"https:\/\/repliquemangacine.fr\/?post_type=product&#038;p=28706"},"modified":"2026-04-14T14:46:53","modified_gmt":"2026-04-14T12:46:53","slug":"spectre-of-loki","status":"publish","type":"product","link":"https:\/\/repliquemangacine.fr\/en\/super-heros-marvel\/spectre-de-loki\/","title":{"rendered":"Sceptre Loki d'Asgard Luminous stand"},"content":{"rendered":"<h2>Replica of Loki's Spectre from the Avengers universe.<\/h2>\n<p>To begin with, the <strong>Loki's Spectrum<\/strong> is a weapon that served as the original container for the Spirit Stone, one of the six Infinity Stones. Donated by Thanos, the staff was used by Loki to direct and command the Chitauri invasion of Earth.<\/p>\n<p><a href=\"https:\/\/universcinematographiquemarvel.fandom.com\/fr\/wiki\/Sceptre#Capacit\u00e9s\" target=\"_blank\" rel=\"noopener noreferrer\">The sceptre<\/a> has a long golden handle and a black fitting containing the Spirit Stone enclosed within a blue gem surrounded by platinum blades. It has two sharp platinum blades encircling the attached blue gem, one blade extending above the gem and one blade shortened below it.<\/p>\n<p>It is a formidable weapon, its sharp platinum blades capable of impaling and violently cutting down targeted enemies. In addition, the Scepter has the ability to bind the consciousness of its bearer to that of another person, as evidenced by Loki using the scepter to communicate mentally with the Other.<\/p>\n<h2>Your Spectre of Loki at the best price.<\/h2>\n<p>We offer a wide selection of replicas of your Marvel universe superheroes.<\/p>\n<p>First and foremost,<\/p>\n<ul>\n<li>Visit <a href=\"https:\/\/repliquemangacine.fr\/en\/super-heroes\/lokis-dagger\/\">Loki's dagger<\/a> with its engraved steel blade.<\/li>\n<li>There is also the <a href=\"https:\/\/repliquemangacine.fr\/en\/super-heroes\/iron-man-3d-mug-mk43\/\">Iron Man 3D mug<\/a> helmet-shaped.<\/li>\n<li>As well as the <a href=\"https:\/\/repliquemangacine.fr\/en\/super-heroes\/nano-gauntlet-replica-hulk-version\/\">Hulk's Nano Gauntlet<\/a> in Avengers Endgame.<\/li>\n<li>And much more to discover in our online store!<\/li>\n<\/ul>\n<p>That's why this is a great gift idea for all Marvel fans.<\/p>\n<p>In conclusion, you can also use this <strong>Loki's Spectrum<\/strong> for your Cosplay parades. But above all, it's also a collector's item and a decoration.<\/p>\n<h2>How to maintain the blade of your Marvel weapon?<\/h2>\n<p>Collector's and decorative weapons are made and assembled in a simplified way. As their use is decorative, they lack the safety features required of a Japanese saber intended for training.<\/p>\n<p>However, your <strong>Loki's Spectrum<\/strong> to a steel blade that needs to be cared for to avoid damage over time. In fact, when you display your katana, your friends will be curious to see and touch the blade. This is where you need to be careful, as the acidity of your fingers is very harmful to steel, whatever its quality.<\/p>\n<p>However, if this does happen, don't panic - all you need is a cloth dampened with a little oil and a wipe of fingerprints. By doing so, you'll keep your sword looking its best for a very long time.<\/p>","protected":false},"excerpt":{"rendered":"<p>Superb replica of Loki's Spectre in the Marvel universe.<\/p>\n<ul>\n<li>Pre-sharpened, non-cutting stainless steel blades.<\/li>\n<li>Gilded metal handle.<\/li>\n<li>Blue PVC lamp, approx. 7.5 cm.<\/li>\n<li>Functional thanks to its LED switch.<\/li>\n<li>Illuminated stand with 6 LEDs.<\/li>\n<li>Works with a USBC wire on one side and USB on the other (not supplied).<\/li>\n<li>Total length: 114.5 cm - Weight: 3390 Grs. - Support : 60 cm<\/li>\n<\/ul>","protected":false},"featured_media":28707,"template":"","meta":[],"product_brand":[896],"product_cat":[24,59],"product_tag":[],"class_list":{"0":"post-28706","1":"product","2":"type-product","3":"status-publish","4":"has-post-thumbnail","6":"product_brand-replique-manga-cine","7":"product_cat-films-series-tv-vente-de-katana-epee-et-produits-derives","8":"product_cat-super-heros-marvel","10":"first","11":"instock","12":"sale","13":"taxable","14":"shipping-taxable","15":"purchasable","16":"product-type-simple"},"yoast_head":"<!-- This site is optimized with the Yoast SEO plugin v27.4 - https:\/\/yoast.com\/product\/yoast-seo-wordpress\/ -->\n<title>Spectre de Loki - Vente de Produits d\u00e9riv\u00e9s Marvel | RMC<\/title>\n<meta name=\"description\" content=\"D\u00e9couvrez le Spectre de Loki d&#039;Asgard dans Avengers au meilleur prix. Spectre et support lumineux - Lame acier - Echelle 1\/1 - Longueur 114.5 cm\" \/>\n<meta name=\"robots\" content=\"index, follow, max-snippet:-1, max-image-preview:large, max-video-preview:-1\" \/>\n<link rel=\"canonical\" href=\"https:\/\/repliquemangacine.fr\/en\/marvel-superheroes\/spectre-of-loki\/\" \/>\n<meta property=\"og:locale\" content=\"en_US\" \/>\n<meta property=\"og:type\" content=\"article\" \/>\n<meta property=\"og:title\" content=\"Spectre de Loki - Vente de Produits d\u00e9riv\u00e9s Marvel | RMC\" \/>\n<meta property=\"og:description\" content=\"D\u00e9couvrez le Spectre de Loki d&#039;Asgard dans Avengers au meilleur prix. Spectre et support lumineux - Lame acier - Echelle 1\/1 - Longueur 114.5 cm\" \/>\n<meta property=\"og:url\" content=\"https:\/\/repliquemangacine.fr\/en\/marvel-superheroes\/spectre-of-loki\/\" \/>\n<meta property=\"og:site_name\" content=\"R\u00e9plique Manga Cin\u00e9\" \/>\n<meta property=\"article:publisher\" content=\"https:\/\/www.facebook.com\/RepliqueMangaCine\" \/>\n<meta property=\"article:modified_time\" content=\"2026-04-14T12:46:53+00:00\" \/>\n<meta property=\"og:image\" content=\"https:\/\/repliquemangacine.fr\/wp-content\/uploads\/2023\/10\/3404-Sceptre-de-Loki-dAsgard.jpg\" \/>\n\t<meta property=\"og:image:width\" content=\"800\" \/>\n\t<meta property=\"og:image:height\" content=\"800\" \/>\n\t<meta property=\"og:image:type\" content=\"image\/jpeg\" \/>\n<meta name=\"twitter:card\" content=\"summary_large_image\" \/>\n<meta name=\"twitter:label1\" content=\"Est. reading time\" \/>\n\t<meta name=\"twitter:data1\" content=\"3 minutes\" \/>\n<script type=\"application\/ld+json\" class=\"yoast-schema-graph\">{\"@context\":\"https:\\\/\\\/schema.org\",\"@graph\":[{\"@type\":\"WebPage\",\"@id\":\"https:\\\/\\\/repliquemangacine.fr\\\/super-heros-marvel\\\/spectre-de-loki\\\/\",\"url\":\"https:\\\/\\\/repliquemangacine.fr\\\/super-heros-marvel\\\/spectre-de-loki\\\/\",\"name\":\"Spectre de Loki - Vente de Produits d\u00e9riv\u00e9s Marvel | RMC\",\"isPartOf\":{\"@id\":\"https:\\\/\\\/repliquemangacine.fr\\\/#website\"},\"primaryImageOfPage\":{\"@id\":\"https:\\\/\\\/repliquemangacine.fr\\\/super-heros-marvel\\\/spectre-de-loki\\\/#primaryimage\"},\"image\":{\"@id\":\"https:\\\/\\\/repliquemangacine.fr\\\/super-heros-marvel\\\/spectre-de-loki\\\/#primaryimage\"},\"thumbnailUrl\":\"https:\\\/\\\/repliquemangacine.fr\\\/wp-content\\\/uploads\\\/2023\\\/10\\\/3404-Sceptre-de-Loki-dAsgard.jpg\",\"datePublished\":\"2020-02-03T13:48:18+00:00\",\"dateModified\":\"2026-04-14T12:46:53+00:00\",\"description\":\"D\u00e9couvrez le Spectre de Loki d'Asgard dans Avengers au meilleur prix. Spectre et support lumineux - Lame acier - Echelle 1\\\/1 - Longueur 114.5 cm\",\"breadcrumb\":{\"@id\":\"https:\\\/\\\/repliquemangacine.fr\\\/super-heros-marvel\\\/spectre-de-loki\\\/#breadcrumb\"},\"inLanguage\":\"en-US\",\"potentialAction\":[{\"@type\":\"ReadAction\",\"target\":[\"https:\\\/\\\/repliquemangacine.fr\\\/super-heros-marvel\\\/spectre-de-loki\\\/\"]}]},{\"@type\":\"ImageObject\",\"inLanguage\":\"en-US\",\"@id\":\"https:\\\/\\\/repliquemangacine.fr\\\/super-heros-marvel\\\/spectre-de-loki\\\/#primaryimage\",\"url\":\"https:\\\/\\\/repliquemangacine.fr\\\/wp-content\\\/uploads\\\/2023\\\/10\\\/3404-Sceptre-de-Loki-dAsgard.jpg\",\"contentUrl\":\"https:\\\/\\\/repliquemangacine.fr\\\/wp-content\\\/uploads\\\/2023\\\/10\\\/3404-Sceptre-de-Loki-dAsgard.jpg\",\"width\":800,\"height\":800,\"caption\":\"Sceptre de Loki d'Asgard\"},{\"@type\":\"BreadcrumbList\",\"@id\":\"https:\\\/\\\/repliquemangacine.fr\\\/super-heros-marvel\\\/spectre-de-loki\\\/#breadcrumb\",\"itemListElement\":[{\"@type\":\"ListItem\",\"position\":1,\"name\":\"Accueil\",\"item\":\"https:\\\/\\\/repliquemangacine.fr\\\/\"},{\"@type\":\"ListItem\",\"position\":2,\"name\":\"Produits\",\"item\":\"https:\\\/\\\/repliquemangacine.fr\\\/boutique\\\/\"},{\"@type\":\"ListItem\",\"position\":3,\"name\":\"Sceptre Loki d&#8217;Asgard Support lumineux\"}]},{\"@type\":\"WebSite\",\"@id\":\"https:\\\/\\\/repliquemangacine.fr\\\/#website\",\"url\":\"https:\\\/\\\/repliquemangacine.fr\\\/\",\"name\":\"R\u00e9plique Manga Cin\u00e9\",\"description\":\"\",\"publisher\":{\"@id\":\"https:\\\/\\\/repliquemangacine.fr\\\/#organization\"},\"potentialAction\":[{\"@type\":\"SearchAction\",\"target\":{\"@type\":\"EntryPoint\",\"urlTemplate\":\"https:\\\/\\\/repliquemangacine.fr\\\/?s={search_term_string}\"},\"query-input\":{\"@type\":\"PropertyValueSpecification\",\"valueRequired\":true,\"valueName\":\"search_term_string\"}}],\"inLanguage\":\"en-US\"},{\"@type\":\"Organization\",\"@id\":\"https:\\\/\\\/repliquemangacine.fr\\\/#organization\",\"name\":\"R\u00e9plique Manga Cin\u00e9\",\"url\":\"https:\\\/\\\/repliquemangacine.fr\\\/\",\"logo\":{\"@type\":\"ImageObject\",\"inLanguage\":\"en-US\",\"@id\":\"https:\\\/\\\/repliquemangacine.fr\\\/#\\\/schema\\\/logo\\\/image\\\/\",\"url\":\"https:\\\/\\\/repliquemangacine.fr\\\/wp-content\\\/uploads\\\/2023\\\/10\\\/RMC-500250.png\",\"contentUrl\":\"https:\\\/\\\/repliquemangacine.fr\\\/wp-content\\\/uploads\\\/2023\\\/10\\\/RMC-500250.png\",\"width\":500,\"height\":250,\"caption\":\"R\u00e9plique Manga Cin\u00e9\"},\"image\":{\"@id\":\"https:\\\/\\\/repliquemangacine.fr\\\/#\\\/schema\\\/logo\\\/image\\\/\"},\"sameAs\":[\"https:\\\/\\\/www.facebook.com\\\/RepliqueMangaCine\",\"https:\\\/\\\/www.instagram.com\\\/repliquemangacine.fr\\\/\"]}]}<\/script>\n<!-- \/ Yoast SEO plugin. -->","yoast_head_json":{"title":"Spectre de Loki - Marvel Merchandising | RMC","description":"Discover the Spectre of Loki from Asgard in Avengers at the best price. Spectre and light stand - Steel blade - Scale 1\/1 - Length 114.5 cm","robots":{"index":"index","follow":"follow","max-snippet":"max-snippet:-1","max-image-preview":"max-image-preview:large","max-video-preview":"max-video-preview:-1"},"canonical":"https:\/\/repliquemangacine.fr\/en\/marvel-superheroes\/spectre-of-loki\/","og_locale":"en_US","og_type":"article","og_title":"Spectre de Loki - Vente de Produits d\u00e9riv\u00e9s Marvel | RMC","og_description":"D\u00e9couvrez le Spectre de Loki d'Asgard dans Avengers au meilleur prix. Spectre et support lumineux - Lame acier - Echelle 1\/1 - Longueur 114.5 cm","og_url":"https:\/\/repliquemangacine.fr\/en\/marvel-superheroes\/spectre-of-loki\/","og_site_name":"R\u00e9plique Manga Cin\u00e9","article_publisher":"https:\/\/www.facebook.com\/RepliqueMangaCine","article_modified_time":"2026-04-14T12:46:53+00:00","og_image":[{"width":800,"height":800,"url":"https:\/\/repliquemangacine.fr\/wp-content\/uploads\/2023\/10\/3404-Sceptre-de-Loki-dAsgard.jpg","type":"image\/jpeg"}],"twitter_card":"summary_large_image","twitter_misc":{"Est. reading time":"3 minutes"},"schema":{"@context":"https:\/\/schema.org","@graph":[{"@type":"WebPage","@id":"https:\/\/repliquemangacine.fr\/super-heros-marvel\/spectre-de-loki\/","url":"https:\/\/repliquemangacine.fr\/super-heros-marvel\/spectre-de-loki\/","name":"Spectre de Loki - Marvel Merchandising | RMC","isPartOf":{"@id":"https:\/\/repliquemangacine.fr\/#website"},"primaryImageOfPage":{"@id":"https:\/\/repliquemangacine.fr\/super-heros-marvel\/spectre-de-loki\/#primaryimage"},"image":{"@id":"https:\/\/repliquemangacine.fr\/super-heros-marvel\/spectre-de-loki\/#primaryimage"},"thumbnailUrl":"https:\/\/repliquemangacine.fr\/wp-content\/uploads\/2023\/10\/3404-Sceptre-de-Loki-dAsgard.jpg","datePublished":"2020-02-03T13:48:18+00:00","dateModified":"2026-04-14T12:46:53+00:00","description":"Discover the Spectre of Loki from Asgard in Avengers at the best price. Spectre and light stand - Steel blade - Scale 1\/1 - Length 114.5 cm","breadcrumb":{"@id":"https:\/\/repliquemangacine.fr\/super-heros-marvel\/spectre-de-loki\/#breadcrumb"},"inLanguage":"en-US","potentialAction":[{"@type":"ReadAction","target":["https:\/\/repliquemangacine.fr\/super-heros-marvel\/spectre-de-loki\/"]}]},{"@type":"ImageObject","inLanguage":"en-US","@id":"https:\/\/repliquemangacine.fr\/super-heros-marvel\/spectre-de-loki\/#primaryimage","url":"https:\/\/repliquemangacine.fr\/wp-content\/uploads\/2023\/10\/3404-Sceptre-de-Loki-dAsgard.jpg","contentUrl":"https:\/\/repliquemangacine.fr\/wp-content\/uploads\/2023\/10\/3404-Sceptre-de-Loki-dAsgard.jpg","width":800,"height":800,"caption":"Sceptre de Loki d'Asgard"},{"@type":"BreadcrumbList","@id":"https:\/\/repliquemangacine.fr\/super-heros-marvel\/spectre-de-loki\/#breadcrumb","itemListElement":[{"@type":"ListItem","position":1,"name":"Accueil","item":"https:\/\/repliquemangacine.fr\/"},{"@type":"ListItem","position":2,"name":"Produits","item":"https:\/\/repliquemangacine.fr\/boutique\/"},{"@type":"ListItem","position":3,"name":"Sceptre Loki d&#8217;Asgard Support lumineux"}]},{"@type":"WebSite","@id":"https:\/\/repliquemangacine.fr\/#website","url":"https:\/\/repliquemangacine.fr\/","name":"R\u00e9plique Manga Cin\u00e9","description":"","publisher":{"@id":"https:\/\/repliquemangacine.fr\/#organization"},"potentialAction":[{"@type":"SearchAction","target":{"@type":"EntryPoint","urlTemplate":"https:\/\/repliquemangacine.fr\/?s={search_term_string}"},"query-input":{"@type":"PropertyValueSpecification","valueRequired":true,"valueName":"search_term_string"}}],"inLanguage":"en-US"},{"@type":"Organization","@id":"https:\/\/repliquemangacine.fr\/#organization","name":"R\u00e9plique Manga Cin\u00e9","url":"https:\/\/repliquemangacine.fr\/","logo":{"@type":"ImageObject","inLanguage":"en-US","@id":"https:\/\/repliquemangacine.fr\/#\/schema\/logo\/image\/","url":"https:\/\/repliquemangacine.fr\/wp-content\/uploads\/2023\/10\/RMC-500250.png","contentUrl":"https:\/\/repliquemangacine.fr\/wp-content\/uploads\/2023\/10\/RMC-500250.png","width":500,"height":250,"caption":"R\u00e9plique Manga Cin\u00e9"},"image":{"@id":"https:\/\/repliquemangacine.fr\/#\/schema\/logo\/image\/"},"sameAs":["https:\/\/www.facebook.com\/RepliqueMangaCine","https:\/\/www.instagram.com\/repliquemangacine.fr\/"]}]}},"_links":{"self":[{"href":"https:\/\/repliquemangacine.fr\/en\/wp-json\/wp\/v2\/product\/28706","targetHints":{"allow":["GET"]}}],"collection":[{"href":"https:\/\/repliquemangacine.fr\/en\/wp-json\/wp\/v2\/product"}],"about":[{"href":"https:\/\/repliquemangacine.fr\/en\/wp-json\/wp\/v2\/types\/product"}],"wp:featuredmedia":[{"embeddable":true,"href":"https:\/\/repliquemangacine.fr\/en\/wp-json\/wp\/v2\/media\/28707"}],"wp:attachment":[{"href":"https:\/\/repliquemangacine.fr\/en\/wp-json\/wp\/v2\/media?parent=28706"}],"wp:term":[{"taxonomy":"product_brand","embeddable":true,"href":"https:\/\/repliquemangacine.fr\/en\/wp-json\/wp\/v2\/product_brand?post=28706"},{"taxonomy":"product_cat","embeddable":true,"href":"https:\/\/repliquemangacine.fr\/en\/wp-json\/wp\/v2\/product_cat?post=28706"},{"taxonomy":"product_tag","embeddable":true,"href":"https:\/\/repliquemangacine.fr\/en\/wp-json\/wp\/v2\/product_tag?post=28706"}],"curies":[{"name":"wp","href":"https:\/\/api.w.org\/{rel}","templated":true}]}}