





{"id":28622,"date":"2019-12-01T15:40:22","date_gmt":"2019-12-01T14:40:22","guid":{"rendered":"https:\/\/repliquemangacine.fr\/?post_type=product&#038;p=28622"},"modified":"2026-02-23T23:15:03","modified_gmt":"2026-02-23T22:15:03","slug":"leonidas-sword-from-film-300","status":"publish","type":"product","link":"https:\/\/repliquemangacine.fr\/en\/katana-les-epees-de-films-et-series\/epee-leonidas-glaive-du-film-300\/","title":{"rendered":"Leonidas sword from the film 300"},"content":{"rendered":"<h2>Leonidas sword from the film 300.<\/h2>\n<p>To begin with, the<strong>Leonidas sword from the film 300<\/strong> is the exact replica used by Gerard Butler as King Leonidas.<\/p>\n<p>300 is an American peplum co-written and directed by Zack Snyder. <a href=\"https:\/\/fr.wikipedia.org\/wiki\/L\u00e9onidas_Ier_de_Sparte\" target=\"_blank\" rel=\"noopener noreferrer\">Leonidas<\/a> has become king of Sparta following the Spartan ritual trials he triumphed over. He learns from a Persian messenger that King Xerxes plans to invade Greece and subjugate his city, but refuses to negotiate any settlement.<\/p>\n<p>Against the advice of the ephors corrupted by Persian gold, he sets out to meet the enemy with his city's 300 best soldiers, and is joined on the road by Daxos and his Arcadians. Leonidas chose to fight the Persian army in the narrow, rocky passage of Thermopylae.<\/p>\n<h2>Your Leonidas Sword from the movie 300 at the best price.<\/h2>\n<p>We offer all reproductions of historical weapons.<\/p>\n<p>First and foremost,<\/p>\n<ul>\n<li>The superb <a href=\"https:\/\/repliquemangacine.fr\/en\/sword-swords\/glaive-romain-noir\/\">Gladiator sword<\/a> inspired by the film.<\/li>\n<li>There is also the <a href=\"https:\/\/repliquemangacine.fr\/en\/other-films\/maximus-gladiator-helmet-spiked-helmet\/\">Maximus helmet<\/a> from the film Gladiator<\/li>\n<li>As well as the<a href=\"https:\/\/repliquemangacine.fr\/en\/sword-swords\/spatha-roman-cavalry\/\">Roman cavalry sword<\/a> also known as Spatha.<\/li>\n<li>And many more to discover in our online store!<\/li>\n<\/ul>\n<p>That's why here are some great gift ideas for movie fans.<\/p>\n<p>In conclusion, you can also use this <strong>Leonidas sword from the film 300<\/strong> for your historical performances or themed evenings. But above all, the Leonidas sword is a collector's item and a decorative object.<\/p>\n<h2>How to maintain your sword blade<\/h2>\n<p>Collectible and decorative swords are made and assembled in a simplified way. As their use is decorative, they lack the safety features required of a Japanese saber intended for training.<\/p>\n<p>However, your <strong>Leonidas sword from the film 300<\/strong> to a steel blade that needs to be cared for to avoid damage over time. In fact, when you display your katana, your friends will be curious to see and touch the blade. This is where you need to be careful, as the acidity of your fingers is very harmful to steel, whatever its quality.<\/p>\n<p>However, if this does happen, don't panic - all you need is a cloth dampened with a little oil and a wipe of fingerprints. By doing so, you'll keep your sword looking its best for a very long time.<\/p>","protected":false},"excerpt":{"rendered":"<p>Saber used by \"King Leonidas\" in the film \"300\".<\/p>\n<ul>\n<li>Made entirely of steel and in one piece.<\/li>\n<li>The black blade is made of 440 steel.<\/li>\n<li>Leatherette-covered handle.<\/li>\n<li>Leatherette sheath.<\/li>\n<li>Blade length: 45.5 cm - Total length: 63 cm<\/li>\n<\/ul>","protected":false},"featured_media":28623,"template":"","meta":[],"product_brand":[896],"product_cat":[31,25,91,66,73,24],"product_tag":[],"class_list":{"0":"post-28622","1":"product","2":"type-product","3":"status-publish","4":"has-post-thumbnail","6":"product_brand-replique-manga-cine","7":"product_cat-armes-antiques","8":"product_cat-armes-historiques","9":"product_cat-katana-les-epees-de-films-et-series","10":"product_cat-repliques-d-armes-films-et-series","11":"product_cat-epees-glaives-antique","12":"product_cat-films-series-tv-vente-de-katana-epee-et-produits-derives","14":"first","15":"instock","16":"taxable","17":"shipping-taxable","18":"purchasable","19":"product-type-simple"},"yoast_head":"<!-- This site is optimized with the Yoast SEO plugin v27.5 - https:\/\/yoast.com\/product\/yoast-seo-wordpress\/ -->\n<title>Ep\u00e9e L\u00e9onidas du film 300 -Glaive spartiate | R\u00e9plique Manga Cin\u00e9<\/title>\n<meta name=\"description\" content=\"D\u00e9couvrez l&#039;Ep\u00e9e L\u00e9onidas du film 300 au meilleur prix. Tout en acier - Fourreau similicuir - Lame en acier 440 - Longueur totale : 63 cm\" \/>\n<meta name=\"robots\" content=\"index, follow, max-snippet:-1, max-image-preview:large, max-video-preview:-1\" \/>\n<link rel=\"canonical\" href=\"https:\/\/repliquemangacine.fr\/en\/katana-swords-from-films-and-series\/leonidas-sword-from-film-300\/\" \/>\n<meta property=\"og:locale\" content=\"en_US\" \/>\n<meta property=\"og:type\" content=\"article\" \/>\n<meta property=\"og:title\" content=\"Ep\u00e9e L\u00e9onidas du film 300 -Glaive spartiate | R\u00e9plique Manga Cin\u00e9\" \/>\n<meta property=\"og:description\" content=\"D\u00e9couvrez l&#039;Ep\u00e9e L\u00e9onidas du film 300 au meilleur prix. Tout en acier - Fourreau similicuir - Lame en acier 440 - Longueur totale : 63 cm\" \/>\n<meta property=\"og:url\" content=\"https:\/\/repliquemangacine.fr\/en\/katana-swords-from-films-and-series\/leonidas-sword-from-film-300\/\" \/>\n<meta property=\"og:site_name\" content=\"R\u00e9plique Manga Cin\u00e9\" \/>\n<meta property=\"article:publisher\" content=\"https:\/\/www.facebook.com\/RepliqueMangaCine\" \/>\n<meta property=\"article:modified_time\" content=\"2026-02-23T22:15:03+00:00\" \/>\n<meta property=\"og:image\" content=\"https:\/\/repliquemangacine.fr\/wp-content\/uploads\/2023\/10\/3331-Epee-Leonidas-glaive-du-film-300.jpg\" \/>\n\t<meta property=\"og:image:width\" content=\"800\" \/>\n\t<meta property=\"og:image:height\" content=\"800\" \/>\n\t<meta property=\"og:image:type\" content=\"image\/jpeg\" \/>\n<meta name=\"twitter:card\" content=\"summary_large_image\" \/>\n<meta name=\"twitter:label1\" content=\"Est. reading time\" \/>\n\t<meta name=\"twitter:data1\" content=\"2 minutes\" \/>\n<script type=\"application\/ld+json\" class=\"yoast-schema-graph\">{\"@context\":\"https:\\\/\\\/schema.org\",\"@graph\":[{\"@type\":\"WebPage\",\"@id\":\"https:\\\/\\\/repliquemangacine.fr\\\/katana-les-epees-de-films-et-series\\\/epee-leonidas-glaive-du-film-300\\\/\",\"url\":\"https:\\\/\\\/repliquemangacine.fr\\\/katana-les-epees-de-films-et-series\\\/epee-leonidas-glaive-du-film-300\\\/\",\"name\":\"Ep\u00e9e L\u00e9onidas du film 300 -Glaive spartiate | R\u00e9plique Manga Cin\u00e9\",\"isPartOf\":{\"@id\":\"https:\\\/\\\/repliquemangacine.fr\\\/#website\"},\"primaryImageOfPage\":{\"@id\":\"https:\\\/\\\/repliquemangacine.fr\\\/katana-les-epees-de-films-et-series\\\/epee-leonidas-glaive-du-film-300\\\/#primaryimage\"},\"image\":{\"@id\":\"https:\\\/\\\/repliquemangacine.fr\\\/katana-les-epees-de-films-et-series\\\/epee-leonidas-glaive-du-film-300\\\/#primaryimage\"},\"thumbnailUrl\":\"https:\\\/\\\/repliquemangacine.fr\\\/wp-content\\\/uploads\\\/2023\\\/10\\\/3331-Epee-Leonidas-glaive-du-film-300.jpg\",\"datePublished\":\"2019-12-01T14:40:22+00:00\",\"dateModified\":\"2026-02-23T22:15:03+00:00\",\"description\":\"D\u00e9couvrez l'Ep\u00e9e L\u00e9onidas du film 300 au meilleur prix. Tout en acier - Fourreau similicuir - Lame en acier 440 - Longueur totale : 63 cm\",\"breadcrumb\":{\"@id\":\"https:\\\/\\\/repliquemangacine.fr\\\/katana-les-epees-de-films-et-series\\\/epee-leonidas-glaive-du-film-300\\\/#breadcrumb\"},\"inLanguage\":\"en-US\",\"potentialAction\":[{\"@type\":\"ReadAction\",\"target\":[\"https:\\\/\\\/repliquemangacine.fr\\\/katana-les-epees-de-films-et-series\\\/epee-leonidas-glaive-du-film-300\\\/\"]}]},{\"@type\":\"ImageObject\",\"inLanguage\":\"en-US\",\"@id\":\"https:\\\/\\\/repliquemangacine.fr\\\/katana-les-epees-de-films-et-series\\\/epee-leonidas-glaive-du-film-300\\\/#primaryimage\",\"url\":\"https:\\\/\\\/repliquemangacine.fr\\\/wp-content\\\/uploads\\\/2023\\\/10\\\/3331-Epee-Leonidas-glaive-du-film-300.jpg\",\"contentUrl\":\"https:\\\/\\\/repliquemangacine.fr\\\/wp-content\\\/uploads\\\/2023\\\/10\\\/3331-Epee-Leonidas-glaive-du-film-300.jpg\",\"width\":800,\"height\":800,\"caption\":\"Ep\u00e9e L\u00e9onidas glaive du film 300\"},{\"@type\":\"BreadcrumbList\",\"@id\":\"https:\\\/\\\/repliquemangacine.fr\\\/katana-les-epees-de-films-et-series\\\/epee-leonidas-glaive-du-film-300\\\/#breadcrumb\",\"itemListElement\":[{\"@type\":\"ListItem\",\"position\":1,\"name\":\"Accueil\",\"item\":\"https:\\\/\\\/repliquemangacine.fr\\\/\"},{\"@type\":\"ListItem\",\"position\":2,\"name\":\"Produits\",\"item\":\"https:\\\/\\\/repliquemangacine.fr\\\/boutique\\\/\"},{\"@type\":\"ListItem\",\"position\":3,\"name\":\"Ep\u00e9e L\u00e9onidas du film 300\"}]},{\"@type\":\"WebSite\",\"@id\":\"https:\\\/\\\/repliquemangacine.fr\\\/#website\",\"url\":\"https:\\\/\\\/repliquemangacine.fr\\\/\",\"name\":\"R\u00e9plique Manga Cin\u00e9\",\"description\":\"\",\"publisher\":{\"@id\":\"https:\\\/\\\/repliquemangacine.fr\\\/#organization\"},\"potentialAction\":[{\"@type\":\"SearchAction\",\"target\":{\"@type\":\"EntryPoint\",\"urlTemplate\":\"https:\\\/\\\/repliquemangacine.fr\\\/?s={search_term_string}\"},\"query-input\":{\"@type\":\"PropertyValueSpecification\",\"valueRequired\":true,\"valueName\":\"search_term_string\"}}],\"inLanguage\":\"en-US\"},{\"@type\":\"Organization\",\"@id\":\"https:\\\/\\\/repliquemangacine.fr\\\/#organization\",\"name\":\"R\u00e9plique Manga Cin\u00e9\",\"url\":\"https:\\\/\\\/repliquemangacine.fr\\\/\",\"logo\":{\"@type\":\"ImageObject\",\"inLanguage\":\"en-US\",\"@id\":\"https:\\\/\\\/repliquemangacine.fr\\\/#\\\/schema\\\/logo\\\/image\\\/\",\"url\":\"https:\\\/\\\/repliquemangacine.fr\\\/wp-content\\\/uploads\\\/2023\\\/10\\\/RMC-500250.png\",\"contentUrl\":\"https:\\\/\\\/repliquemangacine.fr\\\/wp-content\\\/uploads\\\/2023\\\/10\\\/RMC-500250.png\",\"width\":500,\"height\":250,\"caption\":\"R\u00e9plique Manga Cin\u00e9\"},\"image\":{\"@id\":\"https:\\\/\\\/repliquemangacine.fr\\\/#\\\/schema\\\/logo\\\/image\\\/\"},\"sameAs\":[\"https:\\\/\\\/www.facebook.com\\\/RepliqueMangaCine\",\"https:\\\/\\\/www.instagram.com\\\/repliquemangacine.fr\\\/\"]}]}<\/script>\n<!-- \/ Yoast SEO plugin. -->","yoast_head_json":{"title":"Leonidas sword from the film 300 -Spartan Glaive | R\u00e9plique Manga Cin\u00e9","description":"Discover the Leonidas sword from the film 300 at the best price. All steel - Imitation leather sheath - 440 steel blade - Total length: 63 cm","robots":{"index":"index","follow":"follow","max-snippet":"max-snippet:-1","max-image-preview":"max-image-preview:large","max-video-preview":"max-video-preview:-1"},"canonical":"https:\/\/repliquemangacine.fr\/en\/katana-swords-from-films-and-series\/leonidas-sword-from-film-300\/","og_locale":"en_US","og_type":"article","og_title":"Ep\u00e9e L\u00e9onidas du film 300 -Glaive spartiate | R\u00e9plique Manga Cin\u00e9","og_description":"D\u00e9couvrez l'Ep\u00e9e L\u00e9onidas du film 300 au meilleur prix. Tout en acier - Fourreau similicuir - Lame en acier 440 - Longueur totale : 63 cm","og_url":"https:\/\/repliquemangacine.fr\/en\/katana-swords-from-films-and-series\/leonidas-sword-from-film-300\/","og_site_name":"R\u00e9plique Manga Cin\u00e9","article_publisher":"https:\/\/www.facebook.com\/RepliqueMangaCine","article_modified_time":"2026-02-23T22:15:03+00:00","og_image":[{"width":800,"height":800,"url":"https:\/\/repliquemangacine.fr\/wp-content\/uploads\/2023\/10\/3331-Epee-Leonidas-glaive-du-film-300.jpg","type":"image\/jpeg"}],"twitter_card":"summary_large_image","twitter_misc":{"Est. reading time":"2 minutes"},"schema":{"@context":"https:\/\/schema.org","@graph":[{"@type":"WebPage","@id":"https:\/\/repliquemangacine.fr\/katana-les-epees-de-films-et-series\/epee-leonidas-glaive-du-film-300\/","url":"https:\/\/repliquemangacine.fr\/katana-les-epees-de-films-et-series\/epee-leonidas-glaive-du-film-300\/","name":"Leonidas sword from the film 300 -Spartan Glaive | R\u00e9plique Manga Cin\u00e9","isPartOf":{"@id":"https:\/\/repliquemangacine.fr\/#website"},"primaryImageOfPage":{"@id":"https:\/\/repliquemangacine.fr\/katana-les-epees-de-films-et-series\/epee-leonidas-glaive-du-film-300\/#primaryimage"},"image":{"@id":"https:\/\/repliquemangacine.fr\/katana-les-epees-de-films-et-series\/epee-leonidas-glaive-du-film-300\/#primaryimage"},"thumbnailUrl":"https:\/\/repliquemangacine.fr\/wp-content\/uploads\/2023\/10\/3331-Epee-Leonidas-glaive-du-film-300.jpg","datePublished":"2019-12-01T14:40:22+00:00","dateModified":"2026-02-23T22:15:03+00:00","description":"Discover the Leonidas sword from the film 300 at the best price. All steel - Imitation leather sheath - 440 steel blade - Total length: 63 cm","breadcrumb":{"@id":"https:\/\/repliquemangacine.fr\/katana-les-epees-de-films-et-series\/epee-leonidas-glaive-du-film-300\/#breadcrumb"},"inLanguage":"en-US","potentialAction":[{"@type":"ReadAction","target":["https:\/\/repliquemangacine.fr\/katana-les-epees-de-films-et-series\/epee-leonidas-glaive-du-film-300\/"]}]},{"@type":"ImageObject","inLanguage":"en-US","@id":"https:\/\/repliquemangacine.fr\/katana-les-epees-de-films-et-series\/epee-leonidas-glaive-du-film-300\/#primaryimage","url":"https:\/\/repliquemangacine.fr\/wp-content\/uploads\/2023\/10\/3331-Epee-Leonidas-glaive-du-film-300.jpg","contentUrl":"https:\/\/repliquemangacine.fr\/wp-content\/uploads\/2023\/10\/3331-Epee-Leonidas-glaive-du-film-300.jpg","width":800,"height":800,"caption":"Ep\u00e9e L\u00e9onidas glaive du film 300"},{"@type":"BreadcrumbList","@id":"https:\/\/repliquemangacine.fr\/katana-les-epees-de-films-et-series\/epee-leonidas-glaive-du-film-300\/#breadcrumb","itemListElement":[{"@type":"ListItem","position":1,"name":"Accueil","item":"https:\/\/repliquemangacine.fr\/"},{"@type":"ListItem","position":2,"name":"Produits","item":"https:\/\/repliquemangacine.fr\/boutique\/"},{"@type":"ListItem","position":3,"name":"Ep\u00e9e L\u00e9onidas du film 300"}]},{"@type":"WebSite","@id":"https:\/\/repliquemangacine.fr\/#website","url":"https:\/\/repliquemangacine.fr\/","name":"R\u00e9plique Manga Cin\u00e9","description":"","publisher":{"@id":"https:\/\/repliquemangacine.fr\/#organization"},"potentialAction":[{"@type":"SearchAction","target":{"@type":"EntryPoint","urlTemplate":"https:\/\/repliquemangacine.fr\/?s={search_term_string}"},"query-input":{"@type":"PropertyValueSpecification","valueRequired":true,"valueName":"search_term_string"}}],"inLanguage":"en-US"},{"@type":"Organization","@id":"https:\/\/repliquemangacine.fr\/#organization","name":"R\u00e9plique Manga Cin\u00e9","url":"https:\/\/repliquemangacine.fr\/","logo":{"@type":"ImageObject","inLanguage":"en-US","@id":"https:\/\/repliquemangacine.fr\/#\/schema\/logo\/image\/","url":"https:\/\/repliquemangacine.fr\/wp-content\/uploads\/2023\/10\/RMC-500250.png","contentUrl":"https:\/\/repliquemangacine.fr\/wp-content\/uploads\/2023\/10\/RMC-500250.png","width":500,"height":250,"caption":"R\u00e9plique Manga Cin\u00e9"},"image":{"@id":"https:\/\/repliquemangacine.fr\/#\/schema\/logo\/image\/"},"sameAs":["https:\/\/www.facebook.com\/RepliqueMangaCine","https:\/\/www.instagram.com\/repliquemangacine.fr\/"]}]}},"_links":{"self":[{"href":"https:\/\/repliquemangacine.fr\/en\/wp-json\/wp\/v2\/product\/28622","targetHints":{"allow":["GET"]}}],"collection":[{"href":"https:\/\/repliquemangacine.fr\/en\/wp-json\/wp\/v2\/product"}],"about":[{"href":"https:\/\/repliquemangacine.fr\/en\/wp-json\/wp\/v2\/types\/product"}],"wp:featuredmedia":[{"embeddable":true,"href":"https:\/\/repliquemangacine.fr\/en\/wp-json\/wp\/v2\/media\/28623"}],"wp:attachment":[{"href":"https:\/\/repliquemangacine.fr\/en\/wp-json\/wp\/v2\/media?parent=28622"}],"wp:term":[{"taxonomy":"product_brand","embeddable":true,"href":"https:\/\/repliquemangacine.fr\/en\/wp-json\/wp\/v2\/product_brand?post=28622"},{"taxonomy":"product_cat","embeddable":true,"href":"https:\/\/repliquemangacine.fr\/en\/wp-json\/wp\/v2\/product_cat?post=28622"},{"taxonomy":"product_tag","embeddable":true,"href":"https:\/\/repliquemangacine.fr\/en\/wp-json\/wp\/v2\/product_tag?post=28622"}],"curies":[{"name":"wp","href":"https:\/\/api.w.org\/{rel}","templated":true}]}}