





{"id":28610,"date":"2019-11-29T19:23:58","date_gmt":"2019-11-29T18:23:58","guid":{"rendered":"https:\/\/repliquemangacine.fr\/?post_type=product&#038;p=28610"},"modified":"2026-04-03T18:42:35","modified_gmt":"2026-04-03T16:42:35","slug":"sam-jetstream-katana","status":"publish","type":"product","link":"https:\/\/repliquemangacine.fr\/en\/katana-et-epee-de-jeux-video-autre-jeux-video\/katana-de-sam-jetstream\/","title":{"rendered":"Metal Gear Rising Katana Muramasa by Samuel Rodriguez"},"content":{"rendered":"<h2>Gear Rising Metal Sword - Katana by Sam Jetstream<\/h2>\n<p>To begin with, Sam Jetstream's Katana in Metal Gear Rising. The game <a href=\"https:\/\/metalgear.fandom.com\/wiki\/Metal_Gear_Rising:_Revengeance\" target=\"_blank\" rel=\"noopener noreferrer\">Metal Gear Rising<\/a> : Revengeance, a Metal Gear Solid spin-off set 4 years after Metal Gear Solid 4 : Guns of Patriots. This episode, unlike the usual one, is a third-person Beat them Up in which we control Raiden. After the events of Metal Gear Solid 4, in 2018, Raiden meets the Prime Minister of the United States, but while they were in his limousine, 2 cyborgs attacked them, Jetstream Sam and Sundower, who capture the Prime Minister. Raiden then had to go and free him, destroying several robots in the process, including a Metal Gear Ray. But in a battle with Sam, he loses an eye and an arm, forcing him to give up. Samuel Rodriguez is a cyborg ninja, also known as Jetstream Sam. Motivated by revenge, he perfects his skills to become an expert swordsman.<\/p>\n<h2>Your Sam Jetstream Katana at the best price.<\/h2>\n<p>We bring you all the lines of your favorite video game characters. First and foremost,<\/p>\n<ul>\n<li>Find Amenoma's Katana Kageuchi in Genshin Impact,<\/li>\n<li>As well as the impressive <a href=\"https:\/\/repliquemangacine.fr\/en\/katana-and-video-game-sword-other-video-games\/epee-broye-cloud-ff7\/\">sword of Cloud<\/a> in Final Fantasy 7 Remake.<\/li>\n<li>There is also the <a href=\"https:\/\/repliquemangacine.fr\/en\/katana-and-video-game-sword-other-video-games\/katana-sakai-forge-ghost-of-tsushima\/\">Saka\u00ef katana forged version<\/a> in the video game Ghost of Tsushima.<\/li>\n<li>And much, much more to discover in our online store!<\/li>\n<\/ul>\n<p>That's why these are great gift ideas for any video game fan. In conclusion, you can also use this Gear Rising Metal Sword for your cosplay parades or theme parties. But above all, this sword is also a collector's item and a decorative piece.<\/p>\n<h2>How to maintain the blade of your Murasama katana?<\/h2>\n<p>Collector's and decorative katanas, made and assembled in a simplified manner. As their use is decorative, they lack the safety features required of a Japanese sword intended for training. However, your Gear Rising Metal Sword has a steel blade that needs to be maintained to prevent damage over time. In fact, if you're going to display your katana, your friends will be curious to see the blade and touch it. This is where you need to be careful: acidity from your fingers is very harmful to steel, whatever its quality. If this happens, don't panic, just use a cloth dampened with a little oil to wipe off any fingerprints. By doing so, you'll keep your sword looking its best for a very long time.<\/p>","protected":false},"excerpt":{"rendered":"<p>Superb reproduction of the katana of Samuel Rodrigues, also known as Jetstream Sam. Its high-frequency blade is made of 440 stainless steel with red powder coating. Futuristic steel handle and guard with superb finishes, red button for the illusion of releasing the blade from its sheath. The scabbard is in matt red wood, and contains a rifle mechanism with magazine and trigger located under the sword handle, the whole in molded abs.<\/p>\n<p>Blade length: 69cm - Total length with scabbard: 106cm<\/p>\n<p><strong>Sale forbidden to minors<\/strong><\/p>","protected":false},"featured_media":85564,"template":"","meta":[],"product_brand":[896],"product_cat":[23,67],"product_tag":[],"class_list":{"0":"post-28610","1":"product","2":"type-product","3":"status-publish","4":"has-post-thumbnail","6":"product_brand-replique-manga-cine","7":"product_cat-repliques-manga-jeux-video","8":"product_cat-katana-et-epee-de-jeux-video-autre-jeux-video","10":"first","11":"outofstock","12":"taxable","13":"shipping-taxable","14":"purchasable","15":"product-type-simple"},"yoast_head":"<!-- This site is optimized with the Yoast SEO plugin v27.5 - https:\/\/yoast.com\/product\/yoast-seo-wordpress\/ -->\n<title>Katana de Sam Jetstream - M\u00e9tal Gear Rising - RMC<\/title>\n<meta name=\"description\" content=\"Devenez cyborg en commandant cette splendide r\u00e9plique du Katana de Sam Jetstream dans M\u00e9tal Gear Rising. Lame rouge, fourreau pistolet\" \/>\n<meta name=\"robots\" content=\"index, follow, max-snippet:-1, max-image-preview:large, max-video-preview:-1\" \/>\n<link rel=\"canonical\" href=\"https:\/\/repliquemangacine.fr\/en\/katana-and-video-game-sword-other-video-games\/sam-jetstream-katana\/\" \/>\n<meta property=\"og:locale\" content=\"en_US\" \/>\n<meta property=\"og:type\" content=\"article\" \/>\n<meta property=\"og:title\" content=\"Katana de Sam Jetstream - M\u00e9tal Gear Rising - RMC\" \/>\n<meta property=\"og:description\" content=\"Devenez cyborg en commandant cette splendide r\u00e9plique du Katana de Sam Jetstream dans M\u00e9tal Gear Rising. Lame rouge, fourreau pistolet\" \/>\n<meta property=\"og:url\" content=\"https:\/\/repliquemangacine.fr\/en\/katana-and-video-game-sword-other-video-games\/sam-jetstream-katana\/\" \/>\n<meta property=\"og:site_name\" content=\"R\u00e9plique Manga Cin\u00e9\" \/>\n<meta property=\"article:publisher\" content=\"https:\/\/www.facebook.com\/RepliqueMangaCine\" \/>\n<meta property=\"article:modified_time\" content=\"2026-04-03T16:42:35+00:00\" \/>\n<meta property=\"og:image\" content=\"https:\/\/repliquemangacine.fr\/wp-content\/uploads\/2019\/11\/Katana-de-Sam-Jetstream.jpg\" \/>\n\t<meta property=\"og:image:width\" content=\"800\" \/>\n\t<meta property=\"og:image:height\" content=\"800\" \/>\n\t<meta property=\"og:image:type\" content=\"image\/jpeg\" \/>\n<meta name=\"twitter:card\" content=\"summary_large_image\" \/>\n<meta name=\"twitter:label1\" content=\"Est. reading time\" \/>\n\t<meta name=\"twitter:data1\" content=\"3 minutes\" \/>\n<script type=\"application\/ld+json\" class=\"yoast-schema-graph\">{\"@context\":\"https:\\\/\\\/schema.org\",\"@graph\":[{\"@type\":\"WebPage\",\"@id\":\"https:\\\/\\\/repliquemangacine.fr\\\/katana-et-epee-de-jeux-video-autre-jeux-video\\\/katana-de-sam-jetstream\\\/\",\"url\":\"https:\\\/\\\/repliquemangacine.fr\\\/katana-et-epee-de-jeux-video-autre-jeux-video\\\/katana-de-sam-jetstream\\\/\",\"name\":\"Katana de Sam Jetstream - M\u00e9tal Gear Rising - RMC\",\"isPartOf\":{\"@id\":\"https:\\\/\\\/repliquemangacine.fr\\\/#website\"},\"primaryImageOfPage\":{\"@id\":\"https:\\\/\\\/repliquemangacine.fr\\\/katana-et-epee-de-jeux-video-autre-jeux-video\\\/katana-de-sam-jetstream\\\/#primaryimage\"},\"image\":{\"@id\":\"https:\\\/\\\/repliquemangacine.fr\\\/katana-et-epee-de-jeux-video-autre-jeux-video\\\/katana-de-sam-jetstream\\\/#primaryimage\"},\"thumbnailUrl\":\"https:\\\/\\\/repliquemangacine.fr\\\/wp-content\\\/uploads\\\/2019\\\/11\\\/Katana-de-Sam-Jetstream.jpg\",\"datePublished\":\"2019-11-29T18:23:58+00:00\",\"dateModified\":\"2026-04-03T16:42:35+00:00\",\"description\":\"Devenez cyborg en commandant cette splendide r\u00e9plique du Katana de Sam Jetstream dans M\u00e9tal Gear Rising. Lame rouge, fourreau pistolet\",\"breadcrumb\":{\"@id\":\"https:\\\/\\\/repliquemangacine.fr\\\/katana-et-epee-de-jeux-video-autre-jeux-video\\\/katana-de-sam-jetstream\\\/#breadcrumb\"},\"inLanguage\":\"en-US\",\"potentialAction\":[{\"@type\":\"ReadAction\",\"target\":[\"https:\\\/\\\/repliquemangacine.fr\\\/katana-et-epee-de-jeux-video-autre-jeux-video\\\/katana-de-sam-jetstream\\\/\"]}]},{\"@type\":\"ImageObject\",\"inLanguage\":\"en-US\",\"@id\":\"https:\\\/\\\/repliquemangacine.fr\\\/katana-et-epee-de-jeux-video-autre-jeux-video\\\/katana-de-sam-jetstream\\\/#primaryimage\",\"url\":\"https:\\\/\\\/repliquemangacine.fr\\\/wp-content\\\/uploads\\\/2019\\\/11\\\/Katana-de-Sam-Jetstream.jpg\",\"contentUrl\":\"https:\\\/\\\/repliquemangacine.fr\\\/wp-content\\\/uploads\\\/2019\\\/11\\\/Katana-de-Sam-Jetstream.jpg\",\"width\":800,\"height\":800,\"caption\":\"Katana de Sam Jetstream Metal rising\"},{\"@type\":\"BreadcrumbList\",\"@id\":\"https:\\\/\\\/repliquemangacine.fr\\\/katana-et-epee-de-jeux-video-autre-jeux-video\\\/katana-de-sam-jetstream\\\/#breadcrumb\",\"itemListElement\":[{\"@type\":\"ListItem\",\"position\":1,\"name\":\"Accueil\",\"item\":\"https:\\\/\\\/repliquemangacine.fr\\\/\"},{\"@type\":\"ListItem\",\"position\":2,\"name\":\"Produits\",\"item\":\"https:\\\/\\\/repliquemangacine.fr\\\/boutique\\\/\"},{\"@type\":\"ListItem\",\"position\":3,\"name\":\"M\u00e9tal Gear Rising Katana Muramasa de Samuel Rodriguez\"}]},{\"@type\":\"WebSite\",\"@id\":\"https:\\\/\\\/repliquemangacine.fr\\\/#website\",\"url\":\"https:\\\/\\\/repliquemangacine.fr\\\/\",\"name\":\"R\u00e9plique Manga Cin\u00e9\",\"description\":\"\",\"publisher\":{\"@id\":\"https:\\\/\\\/repliquemangacine.fr\\\/#organization\"},\"potentialAction\":[{\"@type\":\"SearchAction\",\"target\":{\"@type\":\"EntryPoint\",\"urlTemplate\":\"https:\\\/\\\/repliquemangacine.fr\\\/?s={search_term_string}\"},\"query-input\":{\"@type\":\"PropertyValueSpecification\",\"valueRequired\":true,\"valueName\":\"search_term_string\"}}],\"inLanguage\":\"en-US\"},{\"@type\":\"Organization\",\"@id\":\"https:\\\/\\\/repliquemangacine.fr\\\/#organization\",\"name\":\"R\u00e9plique Manga Cin\u00e9\",\"url\":\"https:\\\/\\\/repliquemangacine.fr\\\/\",\"logo\":{\"@type\":\"ImageObject\",\"inLanguage\":\"en-US\",\"@id\":\"https:\\\/\\\/repliquemangacine.fr\\\/#\\\/schema\\\/logo\\\/image\\\/\",\"url\":\"https:\\\/\\\/repliquemangacine.fr\\\/wp-content\\\/uploads\\\/2023\\\/10\\\/RMC-500250.png\",\"contentUrl\":\"https:\\\/\\\/repliquemangacine.fr\\\/wp-content\\\/uploads\\\/2023\\\/10\\\/RMC-500250.png\",\"width\":500,\"height\":250,\"caption\":\"R\u00e9plique Manga Cin\u00e9\"},\"image\":{\"@id\":\"https:\\\/\\\/repliquemangacine.fr\\\/#\\\/schema\\\/logo\\\/image\\\/\"},\"sameAs\":[\"https:\\\/\\\/www.facebook.com\\\/RepliqueMangaCine\",\"https:\\\/\\\/www.instagram.com\\\/repliquemangacine.fr\\\/\"]}]}<\/script>\n<!-- \/ Yoast SEO plugin. -->","yoast_head_json":{"title":"Sam Jetstream's Katana - Metal Gear Rising - RMC","description":"Become a cyborg by commanding this splendid replica of Sam Jetstream's Katana in Metal Gear Rising. Red blade, pistol scabbard","robots":{"index":"index","follow":"follow","max-snippet":"max-snippet:-1","max-image-preview":"max-image-preview:large","max-video-preview":"max-video-preview:-1"},"canonical":"https:\/\/repliquemangacine.fr\/en\/katana-and-video-game-sword-other-video-games\/sam-jetstream-katana\/","og_locale":"en_US","og_type":"article","og_title":"Katana de Sam Jetstream - M\u00e9tal Gear Rising - RMC","og_description":"Devenez cyborg en commandant cette splendide r\u00e9plique du Katana de Sam Jetstream dans M\u00e9tal Gear Rising. Lame rouge, fourreau pistolet","og_url":"https:\/\/repliquemangacine.fr\/en\/katana-and-video-game-sword-other-video-games\/sam-jetstream-katana\/","og_site_name":"R\u00e9plique Manga Cin\u00e9","article_publisher":"https:\/\/www.facebook.com\/RepliqueMangaCine","article_modified_time":"2026-04-03T16:42:35+00:00","og_image":[{"width":800,"height":800,"url":"https:\/\/repliquemangacine.fr\/wp-content\/uploads\/2019\/11\/Katana-de-Sam-Jetstream.jpg","type":"image\/jpeg"}],"twitter_card":"summary_large_image","twitter_misc":{"Est. reading time":"3 minutes"},"schema":{"@context":"https:\/\/schema.org","@graph":[{"@type":"WebPage","@id":"https:\/\/repliquemangacine.fr\/katana-et-epee-de-jeux-video-autre-jeux-video\/katana-de-sam-jetstream\/","url":"https:\/\/repliquemangacine.fr\/katana-et-epee-de-jeux-video-autre-jeux-video\/katana-de-sam-jetstream\/","name":"Sam Jetstream's Katana - Metal Gear Rising - RMC","isPartOf":{"@id":"https:\/\/repliquemangacine.fr\/#website"},"primaryImageOfPage":{"@id":"https:\/\/repliquemangacine.fr\/katana-et-epee-de-jeux-video-autre-jeux-video\/katana-de-sam-jetstream\/#primaryimage"},"image":{"@id":"https:\/\/repliquemangacine.fr\/katana-et-epee-de-jeux-video-autre-jeux-video\/katana-de-sam-jetstream\/#primaryimage"},"thumbnailUrl":"https:\/\/repliquemangacine.fr\/wp-content\/uploads\/2019\/11\/Katana-de-Sam-Jetstream.jpg","datePublished":"2019-11-29T18:23:58+00:00","dateModified":"2026-04-03T16:42:35+00:00","description":"Become a cyborg by commanding this splendid replica of Sam Jetstream's Katana in Metal Gear Rising. Red blade, pistol scabbard","breadcrumb":{"@id":"https:\/\/repliquemangacine.fr\/katana-et-epee-de-jeux-video-autre-jeux-video\/katana-de-sam-jetstream\/#breadcrumb"},"inLanguage":"en-US","potentialAction":[{"@type":"ReadAction","target":["https:\/\/repliquemangacine.fr\/katana-et-epee-de-jeux-video-autre-jeux-video\/katana-de-sam-jetstream\/"]}]},{"@type":"ImageObject","inLanguage":"en-US","@id":"https:\/\/repliquemangacine.fr\/katana-et-epee-de-jeux-video-autre-jeux-video\/katana-de-sam-jetstream\/#primaryimage","url":"https:\/\/repliquemangacine.fr\/wp-content\/uploads\/2019\/11\/Katana-de-Sam-Jetstream.jpg","contentUrl":"https:\/\/repliquemangacine.fr\/wp-content\/uploads\/2019\/11\/Katana-de-Sam-Jetstream.jpg","width":800,"height":800,"caption":"Katana de Sam Jetstream Metal rising"},{"@type":"BreadcrumbList","@id":"https:\/\/repliquemangacine.fr\/katana-et-epee-de-jeux-video-autre-jeux-video\/katana-de-sam-jetstream\/#breadcrumb","itemListElement":[{"@type":"ListItem","position":1,"name":"Accueil","item":"https:\/\/repliquemangacine.fr\/"},{"@type":"ListItem","position":2,"name":"Produits","item":"https:\/\/repliquemangacine.fr\/boutique\/"},{"@type":"ListItem","position":3,"name":"M\u00e9tal Gear Rising Katana Muramasa de Samuel Rodriguez"}]},{"@type":"WebSite","@id":"https:\/\/repliquemangacine.fr\/#website","url":"https:\/\/repliquemangacine.fr\/","name":"R\u00e9plique Manga Cin\u00e9","description":"","publisher":{"@id":"https:\/\/repliquemangacine.fr\/#organization"},"potentialAction":[{"@type":"SearchAction","target":{"@type":"EntryPoint","urlTemplate":"https:\/\/repliquemangacine.fr\/?s={search_term_string}"},"query-input":{"@type":"PropertyValueSpecification","valueRequired":true,"valueName":"search_term_string"}}],"inLanguage":"en-US"},{"@type":"Organization","@id":"https:\/\/repliquemangacine.fr\/#organization","name":"R\u00e9plique Manga Cin\u00e9","url":"https:\/\/repliquemangacine.fr\/","logo":{"@type":"ImageObject","inLanguage":"en-US","@id":"https:\/\/repliquemangacine.fr\/#\/schema\/logo\/image\/","url":"https:\/\/repliquemangacine.fr\/wp-content\/uploads\/2023\/10\/RMC-500250.png","contentUrl":"https:\/\/repliquemangacine.fr\/wp-content\/uploads\/2023\/10\/RMC-500250.png","width":500,"height":250,"caption":"R\u00e9plique Manga Cin\u00e9"},"image":{"@id":"https:\/\/repliquemangacine.fr\/#\/schema\/logo\/image\/"},"sameAs":["https:\/\/www.facebook.com\/RepliqueMangaCine","https:\/\/www.instagram.com\/repliquemangacine.fr\/"]}]}},"_links":{"self":[{"href":"https:\/\/repliquemangacine.fr\/en\/wp-json\/wp\/v2\/product\/28610","targetHints":{"allow":["GET"]}}],"collection":[{"href":"https:\/\/repliquemangacine.fr\/en\/wp-json\/wp\/v2\/product"}],"about":[{"href":"https:\/\/repliquemangacine.fr\/en\/wp-json\/wp\/v2\/types\/product"}],"wp:featuredmedia":[{"embeddable":true,"href":"https:\/\/repliquemangacine.fr\/en\/wp-json\/wp\/v2\/media\/85564"}],"wp:attachment":[{"href":"https:\/\/repliquemangacine.fr\/en\/wp-json\/wp\/v2\/media?parent=28610"}],"wp:term":[{"taxonomy":"product_brand","embeddable":true,"href":"https:\/\/repliquemangacine.fr\/en\/wp-json\/wp\/v2\/product_brand?post=28610"},{"taxonomy":"product_cat","embeddable":true,"href":"https:\/\/repliquemangacine.fr\/en\/wp-json\/wp\/v2\/product_cat?post=28610"},{"taxonomy":"product_tag","embeddable":true,"href":"https:\/\/repliquemangacine.fr\/en\/wp-json\/wp\/v2\/product_tag?post=28610"}],"curies":[{"name":"wp","href":"https:\/\/api.w.org\/{rel}","templated":true}]}}