





{"id":28602,"date":"2019-11-29T18:53:13","date_gmt":"2019-11-29T17:53:13","guid":{"rendered":"https:\/\/repliquemangacine.fr\/?post_type=product&#038;p=28602"},"modified":"2025-10-11T17:32:48","modified_gmt":"2025-10-11T15:32:48","slug":"jetstream-sword-sam-metal-gear-rising-revenge","status":"publish","type":"product","link":"https:\/\/repliquemangacine.fr\/en\/katana-et-epee-de-jeux-video-autre-jeux-video\/epee-de-jetstream-sam-metal-gear-rising-revengeance\/","title":{"rendered":"Gear Rising: Revengeance metal sword"},"content":{"rendered":"<h2>Gear Rising Metal Sword - Katana Murasama<\/h2>\n<p>To begin with, the<strong>Gear Rising Metal Sword<\/strong> belongs to Jetstream Sam. The game <a href=\"https:\/\/metalgear.fandom.com\/fr\/wiki\/Metal_Gear_Rising_:_Revengeance\" target=\"_blank\" rel=\"noopener noreferrer\">Metal Gear Rising: Revengeance<\/a>\u00a0 a Metal Gear Solid spin-off set 4 years after Metal Gear Solid 4: Guns of Patriots. This episode is a third-person Beat 'em Up in which we control Raiden.<\/p>\n<p>After the events of Metal Gear Solid 4, in 2018, Raiden meets the Prime Minister of the United States, but while they were in his limousine, 2 cyborgs attacked them, Jetstream Sam and Sundower, who capture the Prime Minister.<\/p>\n<p>Raiden must then go and free him, destroying several robots in the process, including a Metal Gear Ray. But in a battle with Sam, he lost an eye and an arm, forcing him to give up.<\/p>\n<p>Samuel Rodriguez is a cyborg ninja, also known as Jetstream Sam. Motivated by revenge, he hones his skills to become an expert swordsman.<\/p>\n<h2>Your Metal Gear Rising at the best price.<\/h2>\n<p>We bring you all the lines of your favorite video game characters.<\/p>\n<p>First and foremost,<\/p>\n<ul>\n<li>Find the <a href=\"https:\/\/repliquemangacine.fr\/en\/katana-and-video-game-sword-other-video-games\/katana-kageuchi-damenoma\/\">Amenoma's Katana Kageuchi<\/a> in Genshin Impact,<\/li>\n<li>As well as the impressive <a href=\"https:\/\/repliquemangacine.fr\/en\/katana-and-video-game-sword-other-video-games\/epee-broye-cloud-ff7\/\">sword of Cloud<\/a> in Final Fantasy 7 Remake.<\/li>\n<li>There is also the <a href=\"https:\/\/repliquemangacine.fr\/en\/katana-and-video-game-sword-other-video-games\/katana-sakai-ghost-of-tsushima\/\">Saka\u00ef katana<\/a> in the video game Ghost of Tsushima.<\/li>\n<li>And much, much more to discover in our online store!<\/li>\n<\/ul>\n<p>That's why here are some great gift ideas for all video game fans.<\/p>\n<p>In conclusion, you can also use this <strong>Gear Rising Metal Sword<\/strong> for your cosplay parades or theme parties. But above all, this sword is also a collector's item and a decorative object.<\/p>\n<h2>How to maintain the blade of Sam's Murasama katana?<\/h2>\n<p>Collector's and decorative katanas, made and assembled in a simplified manner. As their use is decorative, they lack the safety features required of a Japanese saber intended for training.<\/p>\n<p>However, your <strong>Gear Rising Metal Sword<\/strong> to a steel blade that needs to be cared for to avoid damage over time. In fact, when you display your katana, your friends will be curious to see and touch the blade. This is where you need to be careful, as the acidity of your fingers is very harmful to steel, whatever its quality.<\/p>\n<p>If this happens, don't panic, just use a cloth dampened with a little oil to wipe off any fingerprints. By doing so, you'll keep your sword looking its best for a very long time.<\/p>\n<p>&nbsp;<\/p>","protected":false},"excerpt":{"rendered":"<p>Superb reproduction of the katana of Samuel Rodrigues, also known as Jetstream Sam.<\/p>\n<ul>\n<li>Red powder-coated 440 stainless steel blade.<\/li>\n<li>Steel handle and guard with a futuristic look and superb finish.<\/li>\n<li>Red button for the illusion of releasing the blade from its sheath.<\/li>\n<li>The scabbard is in matt black wood.<\/li>\n<li>Blade length: 69 cm - Total length with scabbard: 106 cm<\/li>\n<\/ul>\n<p><strong>\u00a0<\/strong><\/p>","protected":false},"featured_media":28603,"template":"","meta":[],"product_brand":[896],"product_cat":[23,67],"product_tag":[],"class_list":{"0":"post-28602","1":"product","2":"type-product","3":"status-publish","4":"has-post-thumbnail","6":"product_brand-replique-manga-cine","7":"product_cat-repliques-manga-jeux-video","8":"product_cat-katana-et-epee-de-jeux-video-autre-jeux-video","10":"first","11":"instock","12":"taxable","13":"shipping-taxable","14":"purchasable","15":"product-type-simple"},"yoast_head":"<!-- This site is optimized with the Yoast SEO plugin v27.5 - https:\/\/yoast.com\/product\/yoast-seo-wordpress\/ -->\n<title>Ep\u00e9e M\u00e9tal Gear Rising - Katana Murasama de Sam | RMC<\/title>\n<meta name=\"description\" content=\"Achetez vite ! Cette Ep\u00e9e M\u00e9tal Gear Rising de Sam. Lame acier haute fr\u00e9quence. Poign\u00e9e m\u00e9tal allure futuriste. Fourreau bois noir. Longueur : 106 cm\" \/>\n<meta name=\"robots\" content=\"index, follow, max-snippet:-1, max-image-preview:large, max-video-preview:-1\" \/>\n<link rel=\"canonical\" href=\"https:\/\/repliquemangacine.fr\/en\/katana-and-video-game-sword-other-video-games\/jetstream-sword-sam-metal-gear-rising-revenge\/\" \/>\n<meta property=\"og:locale\" content=\"en_US\" \/>\n<meta property=\"og:type\" content=\"article\" \/>\n<meta property=\"og:title\" content=\"Ep\u00e9e M\u00e9tal Gear Rising - Katana Murasama de Sam | RMC\" \/>\n<meta property=\"og:description\" content=\"Achetez vite ! Cette Ep\u00e9e M\u00e9tal Gear Rising de Sam. Lame acier haute fr\u00e9quence. Poign\u00e9e m\u00e9tal allure futuriste. Fourreau bois noir. Longueur : 106 cm\" \/>\n<meta property=\"og:url\" content=\"https:\/\/repliquemangacine.fr\/en\/katana-and-video-game-sword-other-video-games\/jetstream-sword-sam-metal-gear-rising-revenge\/\" \/>\n<meta property=\"og:site_name\" content=\"R\u00e9plique Manga Cin\u00e9\" \/>\n<meta property=\"article:publisher\" content=\"https:\/\/www.facebook.com\/RepliqueMangaCine\" \/>\n<meta property=\"article:modified_time\" content=\"2025-10-11T15:32:48+00:00\" \/>\n<meta property=\"og:image\" content=\"https:\/\/repliquemangacine.fr\/wp-content\/uploads\/2023\/10\/3299-Epee-de-Jetstream-Sam-Metal-Gear-Rising-Revengeance.jpg\" \/>\n\t<meta property=\"og:image:width\" content=\"800\" \/>\n\t<meta property=\"og:image:height\" content=\"800\" \/>\n\t<meta property=\"og:image:type\" content=\"image\/jpeg\" \/>\n<meta name=\"twitter:card\" content=\"summary_large_image\" \/>\n<meta name=\"twitter:label1\" content=\"Est. reading time\" \/>\n\t<meta name=\"twitter:data1\" content=\"1 minute\" \/>\n<script type=\"application\/ld+json\" class=\"yoast-schema-graph\">{\"@context\":\"https:\\\/\\\/schema.org\",\"@graph\":[{\"@type\":\"WebPage\",\"@id\":\"https:\\\/\\\/repliquemangacine.fr\\\/katana-et-epee-de-jeux-video-autre-jeux-video\\\/epee-de-jetstream-sam-metal-gear-rising-revengeance\\\/\",\"url\":\"https:\\\/\\\/repliquemangacine.fr\\\/katana-et-epee-de-jeux-video-autre-jeux-video\\\/epee-de-jetstream-sam-metal-gear-rising-revengeance\\\/\",\"name\":\"Ep\u00e9e M\u00e9tal Gear Rising - Katana Murasama de Sam | RMC\",\"isPartOf\":{\"@id\":\"https:\\\/\\\/repliquemangacine.fr\\\/#website\"},\"primaryImageOfPage\":{\"@id\":\"https:\\\/\\\/repliquemangacine.fr\\\/katana-et-epee-de-jeux-video-autre-jeux-video\\\/epee-de-jetstream-sam-metal-gear-rising-revengeance\\\/#primaryimage\"},\"image\":{\"@id\":\"https:\\\/\\\/repliquemangacine.fr\\\/katana-et-epee-de-jeux-video-autre-jeux-video\\\/epee-de-jetstream-sam-metal-gear-rising-revengeance\\\/#primaryimage\"},\"thumbnailUrl\":\"https:\\\/\\\/repliquemangacine.fr\\\/wp-content\\\/uploads\\\/2023\\\/10\\\/3299-Epee-de-Jetstream-Sam-Metal-Gear-Rising-Revengeance.jpg\",\"datePublished\":\"2019-11-29T17:53:13+00:00\",\"dateModified\":\"2025-10-11T15:32:48+00:00\",\"description\":\"Achetez vite ! Cette Ep\u00e9e M\u00e9tal Gear Rising de Sam. Lame acier haute fr\u00e9quence. Poign\u00e9e m\u00e9tal allure futuriste. Fourreau bois noir. Longueur : 106 cm\",\"breadcrumb\":{\"@id\":\"https:\\\/\\\/repliquemangacine.fr\\\/katana-et-epee-de-jeux-video-autre-jeux-video\\\/epee-de-jetstream-sam-metal-gear-rising-revengeance\\\/#breadcrumb\"},\"inLanguage\":\"en-US\",\"potentialAction\":[{\"@type\":\"ReadAction\",\"target\":[\"https:\\\/\\\/repliquemangacine.fr\\\/katana-et-epee-de-jeux-video-autre-jeux-video\\\/epee-de-jetstream-sam-metal-gear-rising-revengeance\\\/\"]}]},{\"@type\":\"ImageObject\",\"inLanguage\":\"en-US\",\"@id\":\"https:\\\/\\\/repliquemangacine.fr\\\/katana-et-epee-de-jeux-video-autre-jeux-video\\\/epee-de-jetstream-sam-metal-gear-rising-revengeance\\\/#primaryimage\",\"url\":\"https:\\\/\\\/repliquemangacine.fr\\\/wp-content\\\/uploads\\\/2023\\\/10\\\/3299-Epee-de-Jetstream-Sam-Metal-Gear-Rising-Revengeance.jpg\",\"contentUrl\":\"https:\\\/\\\/repliquemangacine.fr\\\/wp-content\\\/uploads\\\/2023\\\/10\\\/3299-Epee-de-Jetstream-Sam-Metal-Gear-Rising-Revengeance.jpg\",\"width\":800,\"height\":800,\"caption\":\"Ep\u00e9e de Jetstream Sam - Metal Gear Rising\"},{\"@type\":\"BreadcrumbList\",\"@id\":\"https:\\\/\\\/repliquemangacine.fr\\\/katana-et-epee-de-jeux-video-autre-jeux-video\\\/epee-de-jetstream-sam-metal-gear-rising-revengeance\\\/#breadcrumb\",\"itemListElement\":[{\"@type\":\"ListItem\",\"position\":1,\"name\":\"Accueil\",\"item\":\"https:\\\/\\\/repliquemangacine.fr\\\/\"},{\"@type\":\"ListItem\",\"position\":2,\"name\":\"Produits\",\"item\":\"https:\\\/\\\/repliquemangacine.fr\\\/boutique\\\/\"},{\"@type\":\"ListItem\",\"position\":3,\"name\":\"Ep\u00e9e M\u00e9tal Gear Rising : Revengeance\"}]},{\"@type\":\"WebSite\",\"@id\":\"https:\\\/\\\/repliquemangacine.fr\\\/#website\",\"url\":\"https:\\\/\\\/repliquemangacine.fr\\\/\",\"name\":\"R\u00e9plique Manga Cin\u00e9\",\"description\":\"\",\"publisher\":{\"@id\":\"https:\\\/\\\/repliquemangacine.fr\\\/#organization\"},\"potentialAction\":[{\"@type\":\"SearchAction\",\"target\":{\"@type\":\"EntryPoint\",\"urlTemplate\":\"https:\\\/\\\/repliquemangacine.fr\\\/?s={search_term_string}\"},\"query-input\":{\"@type\":\"PropertyValueSpecification\",\"valueRequired\":true,\"valueName\":\"search_term_string\"}}],\"inLanguage\":\"en-US\"},{\"@type\":\"Organization\",\"@id\":\"https:\\\/\\\/repliquemangacine.fr\\\/#organization\",\"name\":\"R\u00e9plique Manga Cin\u00e9\",\"url\":\"https:\\\/\\\/repliquemangacine.fr\\\/\",\"logo\":{\"@type\":\"ImageObject\",\"inLanguage\":\"en-US\",\"@id\":\"https:\\\/\\\/repliquemangacine.fr\\\/#\\\/schema\\\/logo\\\/image\\\/\",\"url\":\"https:\\\/\\\/repliquemangacine.fr\\\/wp-content\\\/uploads\\\/2023\\\/10\\\/RMC-500250.png\",\"contentUrl\":\"https:\\\/\\\/repliquemangacine.fr\\\/wp-content\\\/uploads\\\/2023\\\/10\\\/RMC-500250.png\",\"width\":500,\"height\":250,\"caption\":\"R\u00e9plique Manga Cin\u00e9\"},\"image\":{\"@id\":\"https:\\\/\\\/repliquemangacine.fr\\\/#\\\/schema\\\/logo\\\/image\\\/\"},\"sameAs\":[\"https:\\\/\\\/www.facebook.com\\\/RepliqueMangaCine\",\"https:\\\/\\\/www.instagram.com\\\/repliquemangacine.fr\\\/\"]}]}<\/script>\n<!-- \/ Yoast SEO plugin. -->","yoast_head_json":{"title":"Gear Rising Metal Sword - Katana Murasama by Sam | RMC","description":"Buy now! This Gear Rising Metal Sword from Sam. High-frequency steel blade. Futuristic metal handle. Black wooden scabbard. Length : 106 cm","robots":{"index":"index","follow":"follow","max-snippet":"max-snippet:-1","max-image-preview":"max-image-preview:large","max-video-preview":"max-video-preview:-1"},"canonical":"https:\/\/repliquemangacine.fr\/en\/katana-and-video-game-sword-other-video-games\/jetstream-sword-sam-metal-gear-rising-revenge\/","og_locale":"en_US","og_type":"article","og_title":"Ep\u00e9e M\u00e9tal Gear Rising - Katana Murasama de Sam | RMC","og_description":"Achetez vite ! Cette Ep\u00e9e M\u00e9tal Gear Rising de Sam. Lame acier haute fr\u00e9quence. Poign\u00e9e m\u00e9tal allure futuriste. Fourreau bois noir. Longueur : 106 cm","og_url":"https:\/\/repliquemangacine.fr\/en\/katana-and-video-game-sword-other-video-games\/jetstream-sword-sam-metal-gear-rising-revenge\/","og_site_name":"R\u00e9plique Manga Cin\u00e9","article_publisher":"https:\/\/www.facebook.com\/RepliqueMangaCine","article_modified_time":"2025-10-11T15:32:48+00:00","og_image":[{"width":800,"height":800,"url":"https:\/\/repliquemangacine.fr\/wp-content\/uploads\/2023\/10\/3299-Epee-de-Jetstream-Sam-Metal-Gear-Rising-Revengeance.jpg","type":"image\/jpeg"}],"twitter_card":"summary_large_image","twitter_misc":{"Est. reading time":"1 minute"},"schema":{"@context":"https:\/\/schema.org","@graph":[{"@type":"WebPage","@id":"https:\/\/repliquemangacine.fr\/katana-et-epee-de-jeux-video-autre-jeux-video\/epee-de-jetstream-sam-metal-gear-rising-revengeance\/","url":"https:\/\/repliquemangacine.fr\/katana-et-epee-de-jeux-video-autre-jeux-video\/epee-de-jetstream-sam-metal-gear-rising-revengeance\/","name":"Gear Rising Metal Sword - Katana Murasama by Sam | RMC","isPartOf":{"@id":"https:\/\/repliquemangacine.fr\/#website"},"primaryImageOfPage":{"@id":"https:\/\/repliquemangacine.fr\/katana-et-epee-de-jeux-video-autre-jeux-video\/epee-de-jetstream-sam-metal-gear-rising-revengeance\/#primaryimage"},"image":{"@id":"https:\/\/repliquemangacine.fr\/katana-et-epee-de-jeux-video-autre-jeux-video\/epee-de-jetstream-sam-metal-gear-rising-revengeance\/#primaryimage"},"thumbnailUrl":"https:\/\/repliquemangacine.fr\/wp-content\/uploads\/2023\/10\/3299-Epee-de-Jetstream-Sam-Metal-Gear-Rising-Revengeance.jpg","datePublished":"2019-11-29T17:53:13+00:00","dateModified":"2025-10-11T15:32:48+00:00","description":"Buy now! This Gear Rising Metal Sword from Sam. High-frequency steel blade. Futuristic metal handle. Black wooden scabbard. Length : 106 cm","breadcrumb":{"@id":"https:\/\/repliquemangacine.fr\/katana-et-epee-de-jeux-video-autre-jeux-video\/epee-de-jetstream-sam-metal-gear-rising-revengeance\/#breadcrumb"},"inLanguage":"en-US","potentialAction":[{"@type":"ReadAction","target":["https:\/\/repliquemangacine.fr\/katana-et-epee-de-jeux-video-autre-jeux-video\/epee-de-jetstream-sam-metal-gear-rising-revengeance\/"]}]},{"@type":"ImageObject","inLanguage":"en-US","@id":"https:\/\/repliquemangacine.fr\/katana-et-epee-de-jeux-video-autre-jeux-video\/epee-de-jetstream-sam-metal-gear-rising-revengeance\/#primaryimage","url":"https:\/\/repliquemangacine.fr\/wp-content\/uploads\/2023\/10\/3299-Epee-de-Jetstream-Sam-Metal-Gear-Rising-Revengeance.jpg","contentUrl":"https:\/\/repliquemangacine.fr\/wp-content\/uploads\/2023\/10\/3299-Epee-de-Jetstream-Sam-Metal-Gear-Rising-Revengeance.jpg","width":800,"height":800,"caption":"Ep\u00e9e de Jetstream Sam - Metal Gear Rising"},{"@type":"BreadcrumbList","@id":"https:\/\/repliquemangacine.fr\/katana-et-epee-de-jeux-video-autre-jeux-video\/epee-de-jetstream-sam-metal-gear-rising-revengeance\/#breadcrumb","itemListElement":[{"@type":"ListItem","position":1,"name":"Accueil","item":"https:\/\/repliquemangacine.fr\/"},{"@type":"ListItem","position":2,"name":"Produits","item":"https:\/\/repliquemangacine.fr\/boutique\/"},{"@type":"ListItem","position":3,"name":"Ep\u00e9e M\u00e9tal Gear Rising : Revengeance"}]},{"@type":"WebSite","@id":"https:\/\/repliquemangacine.fr\/#website","url":"https:\/\/repliquemangacine.fr\/","name":"R\u00e9plique Manga Cin\u00e9","description":"","publisher":{"@id":"https:\/\/repliquemangacine.fr\/#organization"},"potentialAction":[{"@type":"SearchAction","target":{"@type":"EntryPoint","urlTemplate":"https:\/\/repliquemangacine.fr\/?s={search_term_string}"},"query-input":{"@type":"PropertyValueSpecification","valueRequired":true,"valueName":"search_term_string"}}],"inLanguage":"en-US"},{"@type":"Organization","@id":"https:\/\/repliquemangacine.fr\/#organization","name":"R\u00e9plique Manga Cin\u00e9","url":"https:\/\/repliquemangacine.fr\/","logo":{"@type":"ImageObject","inLanguage":"en-US","@id":"https:\/\/repliquemangacine.fr\/#\/schema\/logo\/image\/","url":"https:\/\/repliquemangacine.fr\/wp-content\/uploads\/2023\/10\/RMC-500250.png","contentUrl":"https:\/\/repliquemangacine.fr\/wp-content\/uploads\/2023\/10\/RMC-500250.png","width":500,"height":250,"caption":"R\u00e9plique Manga Cin\u00e9"},"image":{"@id":"https:\/\/repliquemangacine.fr\/#\/schema\/logo\/image\/"},"sameAs":["https:\/\/www.facebook.com\/RepliqueMangaCine","https:\/\/www.instagram.com\/repliquemangacine.fr\/"]}]}},"_links":{"self":[{"href":"https:\/\/repliquemangacine.fr\/en\/wp-json\/wp\/v2\/product\/28602","targetHints":{"allow":["GET"]}}],"collection":[{"href":"https:\/\/repliquemangacine.fr\/en\/wp-json\/wp\/v2\/product"}],"about":[{"href":"https:\/\/repliquemangacine.fr\/en\/wp-json\/wp\/v2\/types\/product"}],"wp:featuredmedia":[{"embeddable":true,"href":"https:\/\/repliquemangacine.fr\/en\/wp-json\/wp\/v2\/media\/28603"}],"wp:attachment":[{"href":"https:\/\/repliquemangacine.fr\/en\/wp-json\/wp\/v2\/media?parent=28602"}],"wp:term":[{"taxonomy":"product_brand","embeddable":true,"href":"https:\/\/repliquemangacine.fr\/en\/wp-json\/wp\/v2\/product_brand?post=28602"},{"taxonomy":"product_cat","embeddable":true,"href":"https:\/\/repliquemangacine.fr\/en\/wp-json\/wp\/v2\/product_cat?post=28602"},{"taxonomy":"product_tag","embeddable":true,"href":"https:\/\/repliquemangacine.fr\/en\/wp-json\/wp\/v2\/product_tag?post=28602"}],"curies":[{"name":"wp","href":"https:\/\/api.w.org\/{rel}","templated":true}]}}