





{"id":28580,"date":"2019-11-17T13:45:39","date_gmt":"2019-11-17T12:45:39","guid":{"rendered":"https:\/\/repliquemangacine.fr\/?post_type=product&#038;p=28580"},"modified":"2026-03-02T23:38:39","modified_gmt":"2026-03-02T22:38:39","slug":"napoleonic-ceremonial-sword","status":"publish","type":"product","link":"https:\/\/repliquemangacine.fr\/en\/armes-historiques\/epee-de-ceremonie-napoleonienne\/","title":{"rendered":"Napoleonic ceremonial sword"},"content":{"rendered":"<h2>Napoleonic ceremonial decoration sword.<\/h2>\n<p>To begin with, the<strong>Napoleonic ceremonial sword<\/strong> is a collector's item and decoration by Denix.<\/p>\n<p>Conqueror of most of Europe, he commanded highly successful war campaigns, but with some defeats too. His aggressive wars of conquest became the largest military operations known to date in Europe, involving numbers never before seen in the armies of the time.<\/p>\n<p>The eagle is certainly the best-known Napoleonic symbol. The main component of the new coat of arms, the bird of Jupiter, emblem of imperial Rome, has been associated with military victories since ancient times.<\/p>\n<p>The day after the coronation, on December 2 1804, Napoleon had the symbol placed at the top of the flagpole of all the flags of Napoleon's armies.<\/p>\n<h2>Your Napoleonic Ceremonial Sword at the best price.<\/h2>\n<p>We offer a wide range of reproductions of historical weapons<\/p>\n<p>First and foremost,<\/p>\n<ul>\n<li>Visit <a href=\"https:\/\/repliquemangacine.fr\/en\/antique-pistol\/napoleon-gribeauval-1806-pistol\/\">Napoleon flintlock pistol<\/a> with the N emblem and imperial crown. Gribeauval 1806.<\/li>\n<li>As well as Le <a href=\"https:\/\/repliquemangacine.fr\/en\/historical-weapons\/sabre-lighter-model-year-xi-infantry-napoleonic\/\">Sabre Lighter<\/a> AN-XI model of the Napoleonic infantry.<\/li>\n<li>There is also this <a href=\"https:\/\/repliquemangacine.fr\/en\/replica-napoleon-guns\/napoleon-wooden-stand\/\">free-standing<\/a> with Napoleon crest.<\/li>\n<li>And many more to discover in our online store!<\/li>\n<\/ul>\n<p>That's why these are great gift ideas for history buffs.<\/p>\n<p>In conclusion, you can also use this <strong>Napoleonic ceremonial sword<\/strong> for your historical collections. But above all, this sword is a collector's item and a decorative piece.<\/p>\n<p>R\u00e9plique Manga Cin\u00e9 is a French family business. Official distributor of the brand <a href=\"https:\/\/www.denix.fr\/fr\/accueil-fr\/\" target=\"_blank\" rel=\"noopener noreferrer\">Denix<\/a>.<\/p>\n<h2>How to maintain the blade of your historic sword?<\/h2>\n<p>Collector's and decorative swords are made and assembled in a simplified way. As their use is decorative, they lack the safety features required of a Japanese sword intended for training.<\/p>\n<p>However, your <strong>Napoleonic ceremonial sword<\/strong> to a steel blade that needs to be cared for to avoid damage over time. In fact, when you display your katana, your friends will be curious to see and touch the blade. This is where you need to be careful, as the acidity of your fingers is very harmful to steel, whatever its quality.<\/p>\n<p>However, if this does happen, don't panic - all you need is a cloth dampened with a little oil and a wipe of fingerprints. By doing so, you'll keep your sword looking its best for a very long time.<\/p>","protected":false},"excerpt":{"rendered":"<p>Replica of a Napoleonic-era sword.<\/p>\n<ul>\n<li>Stainless steel blade.<\/li>\n<li>Steel guard with imperial eagle emblem.<\/li>\n<li>Finely decorated gilded steel handle.<\/li>\n<li>Finely decorated knob in aged steel.<\/li>\n<li>Imitation leather sheath with decoration.<\/li>\n<li>Blade length: 66 cm - Total length: 86 cm<\/li>\n<\/ul>","protected":false},"featured_media":65809,"template":"","meta":[],"product_brand":[896],"product_cat":[25,37,74],"product_tag":[],"class_list":{"0":"post-28580","1":"product","2":"type-product","3":"status-publish","4":"has-post-thumbnail","6":"product_brand-replique-manga-cine","7":"product_cat-armes-historiques","8":"product_cat-premier-empire","9":"product_cat-sabres-1er-empire","11":"first","12":"instock","13":"taxable","14":"shipping-taxable","15":"purchasable","16":"product-type-simple"},"yoast_head":"<!-- This site is optimized with the Yoast SEO plugin v27.5 - https:\/\/yoast.com\/product\/yoast-seo-wordpress\/ -->\n<title>Ep\u00e9e de c\u00e9r\u00e9monie Napol\u00e9onienne - Vente Ep\u00e9e historique - RMC<\/title>\n<meta name=\"description\" content=\"D\u00e9couvrez cette Ep\u00e9e de c\u00e9r\u00e9monie Napol\u00e9onienne au meilleur prix - Lame en acier inoxydable - Poign\u00e9e et garde acier richement d\u00e9cor\u00e9 - Longueur : 102 cm\" \/>\n<meta name=\"robots\" content=\"index, follow, max-snippet:-1, max-image-preview:large, max-video-preview:-1\" \/>\n<link rel=\"canonical\" href=\"https:\/\/repliquemangacine.fr\/en\/historical-weapons\/napoleonic-ceremonial-sword\/\" \/>\n<meta property=\"og:locale\" content=\"en_US\" \/>\n<meta property=\"og:type\" content=\"article\" \/>\n<meta property=\"og:title\" content=\"Ep\u00e9e de c\u00e9r\u00e9monie Napol\u00e9onienne - Vente Ep\u00e9e historique - RMC\" \/>\n<meta property=\"og:description\" content=\"D\u00e9couvrez cette Ep\u00e9e de c\u00e9r\u00e9monie Napol\u00e9onienne au meilleur prix - Lame en acier inoxydable - Poign\u00e9e et garde acier richement d\u00e9cor\u00e9 - Longueur : 102 cm\" \/>\n<meta property=\"og:url\" content=\"https:\/\/repliquemangacine.fr\/en\/historical-weapons\/napoleonic-ceremonial-sword\/\" \/>\n<meta property=\"og:site_name\" content=\"R\u00e9plique Manga Cin\u00e9\" \/>\n<meta property=\"article:publisher\" content=\"https:\/\/www.facebook.com\/RepliqueMangaCine\" \/>\n<meta property=\"article:modified_time\" content=\"2026-03-02T22:38:39+00:00\" \/>\n<meta property=\"og:image\" content=\"https:\/\/repliquemangacine.fr\/wp-content\/uploads\/2019\/11\/Epee-de-ceremonie-napoleon.jpg\" \/>\n\t<meta property=\"og:image:width\" content=\"500\" \/>\n\t<meta property=\"og:image:height\" content=\"500\" \/>\n\t<meta property=\"og:image:type\" content=\"image\/jpeg\" \/>\n<meta name=\"twitter:card\" content=\"summary_large_image\" \/>\n<meta name=\"twitter:label1\" content=\"Est. reading time\" \/>\n\t<meta name=\"twitter:data1\" content=\"2 minutes\" \/>\n<script type=\"application\/ld+json\" class=\"yoast-schema-graph\">{\"@context\":\"https:\\\/\\\/schema.org\",\"@graph\":[{\"@type\":\"WebPage\",\"@id\":\"https:\\\/\\\/repliquemangacine.fr\\\/armes-historiques\\\/epee-de-ceremonie-napoleonienne\\\/\",\"url\":\"https:\\\/\\\/repliquemangacine.fr\\\/armes-historiques\\\/epee-de-ceremonie-napoleonienne\\\/\",\"name\":\"Ep\u00e9e de c\u00e9r\u00e9monie Napol\u00e9onienne - Vente Ep\u00e9e historique - RMC\",\"isPartOf\":{\"@id\":\"https:\\\/\\\/repliquemangacine.fr\\\/#website\"},\"primaryImageOfPage\":{\"@id\":\"https:\\\/\\\/repliquemangacine.fr\\\/armes-historiques\\\/epee-de-ceremonie-napoleonienne\\\/#primaryimage\"},\"image\":{\"@id\":\"https:\\\/\\\/repliquemangacine.fr\\\/armes-historiques\\\/epee-de-ceremonie-napoleonienne\\\/#primaryimage\"},\"thumbnailUrl\":\"https:\\\/\\\/repliquemangacine.fr\\\/wp-content\\\/uploads\\\/2019\\\/11\\\/Epee-de-ceremonie-napoleon.jpg\",\"datePublished\":\"2019-11-17T12:45:39+00:00\",\"dateModified\":\"2026-03-02T22:38:39+00:00\",\"description\":\"D\u00e9couvrez cette Ep\u00e9e de c\u00e9r\u00e9monie Napol\u00e9onienne au meilleur prix - Lame en acier inoxydable - Poign\u00e9e et garde acier richement d\u00e9cor\u00e9 - Longueur : 102 cm\",\"breadcrumb\":{\"@id\":\"https:\\\/\\\/repliquemangacine.fr\\\/armes-historiques\\\/epee-de-ceremonie-napoleonienne\\\/#breadcrumb\"},\"inLanguage\":\"en-US\",\"potentialAction\":[{\"@type\":\"ReadAction\",\"target\":[\"https:\\\/\\\/repliquemangacine.fr\\\/armes-historiques\\\/epee-de-ceremonie-napoleonienne\\\/\"]}]},{\"@type\":\"ImageObject\",\"inLanguage\":\"en-US\",\"@id\":\"https:\\\/\\\/repliquemangacine.fr\\\/armes-historiques\\\/epee-de-ceremonie-napoleonienne\\\/#primaryimage\",\"url\":\"https:\\\/\\\/repliquemangacine.fr\\\/wp-content\\\/uploads\\\/2019\\\/11\\\/Epee-de-ceremonie-napoleon.jpg\",\"contentUrl\":\"https:\\\/\\\/repliquemangacine.fr\\\/wp-content\\\/uploads\\\/2019\\\/11\\\/Epee-de-ceremonie-napoleon.jpg\",\"width\":500,\"height\":500,\"caption\":\"Ep\u00e9e de c\u00e9r\u00e9monie Napol\u00e9onienne\"},{\"@type\":\"BreadcrumbList\",\"@id\":\"https:\\\/\\\/repliquemangacine.fr\\\/armes-historiques\\\/epee-de-ceremonie-napoleonienne\\\/#breadcrumb\",\"itemListElement\":[{\"@type\":\"ListItem\",\"position\":1,\"name\":\"Accueil\",\"item\":\"https:\\\/\\\/repliquemangacine.fr\\\/\"},{\"@type\":\"ListItem\",\"position\":2,\"name\":\"Produits\",\"item\":\"https:\\\/\\\/repliquemangacine.fr\\\/boutique\\\/\"},{\"@type\":\"ListItem\",\"position\":3,\"name\":\"Ep\u00e9e de c\u00e9r\u00e9monie Napol\u00e9onienne\"}]},{\"@type\":\"WebSite\",\"@id\":\"https:\\\/\\\/repliquemangacine.fr\\\/#website\",\"url\":\"https:\\\/\\\/repliquemangacine.fr\\\/\",\"name\":\"R\u00e9plique Manga Cin\u00e9\",\"description\":\"\",\"publisher\":{\"@id\":\"https:\\\/\\\/repliquemangacine.fr\\\/#organization\"},\"potentialAction\":[{\"@type\":\"SearchAction\",\"target\":{\"@type\":\"EntryPoint\",\"urlTemplate\":\"https:\\\/\\\/repliquemangacine.fr\\\/?s={search_term_string}\"},\"query-input\":{\"@type\":\"PropertyValueSpecification\",\"valueRequired\":true,\"valueName\":\"search_term_string\"}}],\"inLanguage\":\"en-US\"},{\"@type\":\"Organization\",\"@id\":\"https:\\\/\\\/repliquemangacine.fr\\\/#organization\",\"name\":\"R\u00e9plique Manga Cin\u00e9\",\"url\":\"https:\\\/\\\/repliquemangacine.fr\\\/\",\"logo\":{\"@type\":\"ImageObject\",\"inLanguage\":\"en-US\",\"@id\":\"https:\\\/\\\/repliquemangacine.fr\\\/#\\\/schema\\\/logo\\\/image\\\/\",\"url\":\"https:\\\/\\\/repliquemangacine.fr\\\/wp-content\\\/uploads\\\/2023\\\/10\\\/RMC-500250.png\",\"contentUrl\":\"https:\\\/\\\/repliquemangacine.fr\\\/wp-content\\\/uploads\\\/2023\\\/10\\\/RMC-500250.png\",\"width\":500,\"height\":250,\"caption\":\"R\u00e9plique Manga Cin\u00e9\"},\"image\":{\"@id\":\"https:\\\/\\\/repliquemangacine.fr\\\/#\\\/schema\\\/logo\\\/image\\\/\"},\"sameAs\":[\"https:\\\/\\\/www.facebook.com\\\/RepliqueMangaCine\",\"https:\\\/\\\/www.instagram.com\\\/repliquemangacine.fr\\\/\"]}]}<\/script>\n<!-- \/ Yoast SEO plugin. -->","yoast_head_json":{"title":"Napoleonic ceremonial sword - Historical swords for sale - RMC","description":"Discover this Napoleonic ceremonial sword at the best price - Stainless steel blade - Richly decorated steel handle and guard - Length: 102 cm","robots":{"index":"index","follow":"follow","max-snippet":"max-snippet:-1","max-image-preview":"max-image-preview:large","max-video-preview":"max-video-preview:-1"},"canonical":"https:\/\/repliquemangacine.fr\/en\/historical-weapons\/napoleonic-ceremonial-sword\/","og_locale":"en_US","og_type":"article","og_title":"Ep\u00e9e de c\u00e9r\u00e9monie Napol\u00e9onienne - Vente Ep\u00e9e historique - RMC","og_description":"D\u00e9couvrez cette Ep\u00e9e de c\u00e9r\u00e9monie Napol\u00e9onienne au meilleur prix - Lame en acier inoxydable - Poign\u00e9e et garde acier richement d\u00e9cor\u00e9 - Longueur : 102 cm","og_url":"https:\/\/repliquemangacine.fr\/en\/historical-weapons\/napoleonic-ceremonial-sword\/","og_site_name":"R\u00e9plique Manga Cin\u00e9","article_publisher":"https:\/\/www.facebook.com\/RepliqueMangaCine","article_modified_time":"2026-03-02T22:38:39+00:00","og_image":[{"width":500,"height":500,"url":"https:\/\/repliquemangacine.fr\/wp-content\/uploads\/2019\/11\/Epee-de-ceremonie-napoleon.jpg","type":"image\/jpeg"}],"twitter_card":"summary_large_image","twitter_misc":{"Est. reading time":"2 minutes"},"schema":{"@context":"https:\/\/schema.org","@graph":[{"@type":"WebPage","@id":"https:\/\/repliquemangacine.fr\/armes-historiques\/epee-de-ceremonie-napoleonienne\/","url":"https:\/\/repliquemangacine.fr\/armes-historiques\/epee-de-ceremonie-napoleonienne\/","name":"Napoleonic ceremonial sword - Historical swords for sale - RMC","isPartOf":{"@id":"https:\/\/repliquemangacine.fr\/#website"},"primaryImageOfPage":{"@id":"https:\/\/repliquemangacine.fr\/armes-historiques\/epee-de-ceremonie-napoleonienne\/#primaryimage"},"image":{"@id":"https:\/\/repliquemangacine.fr\/armes-historiques\/epee-de-ceremonie-napoleonienne\/#primaryimage"},"thumbnailUrl":"https:\/\/repliquemangacine.fr\/wp-content\/uploads\/2019\/11\/Epee-de-ceremonie-napoleon.jpg","datePublished":"2019-11-17T12:45:39+00:00","dateModified":"2026-03-02T22:38:39+00:00","description":"Discover this Napoleonic ceremonial sword at the best price - Stainless steel blade - Richly decorated steel handle and guard - Length: 102 cm","breadcrumb":{"@id":"https:\/\/repliquemangacine.fr\/armes-historiques\/epee-de-ceremonie-napoleonienne\/#breadcrumb"},"inLanguage":"en-US","potentialAction":[{"@type":"ReadAction","target":["https:\/\/repliquemangacine.fr\/armes-historiques\/epee-de-ceremonie-napoleonienne\/"]}]},{"@type":"ImageObject","inLanguage":"en-US","@id":"https:\/\/repliquemangacine.fr\/armes-historiques\/epee-de-ceremonie-napoleonienne\/#primaryimage","url":"https:\/\/repliquemangacine.fr\/wp-content\/uploads\/2019\/11\/Epee-de-ceremonie-napoleon.jpg","contentUrl":"https:\/\/repliquemangacine.fr\/wp-content\/uploads\/2019\/11\/Epee-de-ceremonie-napoleon.jpg","width":500,"height":500,"caption":"Ep\u00e9e de c\u00e9r\u00e9monie Napol\u00e9onienne"},{"@type":"BreadcrumbList","@id":"https:\/\/repliquemangacine.fr\/armes-historiques\/epee-de-ceremonie-napoleonienne\/#breadcrumb","itemListElement":[{"@type":"ListItem","position":1,"name":"Accueil","item":"https:\/\/repliquemangacine.fr\/"},{"@type":"ListItem","position":2,"name":"Produits","item":"https:\/\/repliquemangacine.fr\/boutique\/"},{"@type":"ListItem","position":3,"name":"Ep\u00e9e de c\u00e9r\u00e9monie Napol\u00e9onienne"}]},{"@type":"WebSite","@id":"https:\/\/repliquemangacine.fr\/#website","url":"https:\/\/repliquemangacine.fr\/","name":"R\u00e9plique Manga Cin\u00e9","description":"","publisher":{"@id":"https:\/\/repliquemangacine.fr\/#organization"},"potentialAction":[{"@type":"SearchAction","target":{"@type":"EntryPoint","urlTemplate":"https:\/\/repliquemangacine.fr\/?s={search_term_string}"},"query-input":{"@type":"PropertyValueSpecification","valueRequired":true,"valueName":"search_term_string"}}],"inLanguage":"en-US"},{"@type":"Organization","@id":"https:\/\/repliquemangacine.fr\/#organization","name":"R\u00e9plique Manga Cin\u00e9","url":"https:\/\/repliquemangacine.fr\/","logo":{"@type":"ImageObject","inLanguage":"en-US","@id":"https:\/\/repliquemangacine.fr\/#\/schema\/logo\/image\/","url":"https:\/\/repliquemangacine.fr\/wp-content\/uploads\/2023\/10\/RMC-500250.png","contentUrl":"https:\/\/repliquemangacine.fr\/wp-content\/uploads\/2023\/10\/RMC-500250.png","width":500,"height":250,"caption":"R\u00e9plique Manga Cin\u00e9"},"image":{"@id":"https:\/\/repliquemangacine.fr\/#\/schema\/logo\/image\/"},"sameAs":["https:\/\/www.facebook.com\/RepliqueMangaCine","https:\/\/www.instagram.com\/repliquemangacine.fr\/"]}]}},"_links":{"self":[{"href":"https:\/\/repliquemangacine.fr\/en\/wp-json\/wp\/v2\/product\/28580","targetHints":{"allow":["GET"]}}],"collection":[{"href":"https:\/\/repliquemangacine.fr\/en\/wp-json\/wp\/v2\/product"}],"about":[{"href":"https:\/\/repliquemangacine.fr\/en\/wp-json\/wp\/v2\/types\/product"}],"wp:featuredmedia":[{"embeddable":true,"href":"https:\/\/repliquemangacine.fr\/en\/wp-json\/wp\/v2\/media\/65809"}],"wp:attachment":[{"href":"https:\/\/repliquemangacine.fr\/en\/wp-json\/wp\/v2\/media?parent=28580"}],"wp:term":[{"taxonomy":"product_brand","embeddable":true,"href":"https:\/\/repliquemangacine.fr\/en\/wp-json\/wp\/v2\/product_brand?post=28580"},{"taxonomy":"product_cat","embeddable":true,"href":"https:\/\/repliquemangacine.fr\/en\/wp-json\/wp\/v2\/product_cat?post=28580"},{"taxonomy":"product_tag","embeddable":true,"href":"https:\/\/repliquemangacine.fr\/en\/wp-json\/wp\/v2\/product_tag?post=28580"}],"curies":[{"name":"wp","href":"https:\/\/api.w.org\/{rel}","templated":true}]}}