





{"id":28553,"date":"2019-11-11T15:23:03","date_gmt":"2019-11-11T14:23:03","guid":{"rendered":"https:\/\/repliquemangacine.fr\/?post_type=product&#038;p=28553"},"modified":"2026-04-06T13:44:33","modified_gmt":"2026-04-06T11:44:33","slug":"katana-hawkeye-ronin-avengers-endgame","status":"publish","type":"product","link":"https:\/\/repliquemangacine.fr\/en\/super-heros-marvel\/katana-hawkeye-ronin-avengers-endgame\/","title":{"rendered":"Katana Hawkeye Ronin"},"content":{"rendered":"<div id=\"tw-target-text-container\" class=\"tw-ta-container tw-nfl\">\n<h2>Katana Hawkeye Ronin in Avengers Endgame<\/h2>\n<p>To begin with, the <strong>Katana Hawkeye Ronin<\/strong> is a sword mainly used by Clint Barton to assassinate criminals who had survived the crisis. After his return to the Avengers. Barton uses the sword to fight Thanos' army in the Battle of Earth.<\/p>\n<p><a href=\"https:\/\/universcinematographiquemarvel.fandom.com\/fr\/wiki\/Clint_Barton\" target=\"_blank\" rel=\"noopener noreferrer\">Clint Barton<\/a>, also known as Hawkeye, is a sharpshooter, former S.H.I.E.L.D. special agent, and one of the founding members of the Avengers. He recruits Black Widow, with whom he develops a strong friendship.<\/p>\n<p>Determined to stop Loki, the Avengers took control of a S.H.I.E.L.D. Quinjet. Hawkeye transported Black Widow and Captain America to New York just as the Tesseract portal opened.<\/p>\n<h2>Your Katana Hawkeye Ronin at the best price.<\/h2>\n<\/div>\n<p>We offer a wide selection of replicas from the Marvel universe.<\/p>\n<p>First and foremost,<\/p>\n<ul>\n<li>Visit <a href=\"https:\/\/repliquemangacine.fr\/en\/super-heroes\/black-widow-glow-stick-black\/\">Glow sticks<\/a> used by Black Widow are available in two colors.<\/li>\n<li>Next, the<a href=\"https:\/\/repliquemangacine.fr\/en\/super-heroes\/replique-epee-god-killer-wonder-woman\/\">God Killer sword<\/a> used by Diana in Wonder Woman.<\/li>\n<li>As well as the immense <a href=\"https:\/\/repliquemangacine.fr\/en\/super-heroes\/double-epee-de-thanos-avengers-endgame\/\">Thanos' double sword<\/a> all fiberglass.<\/li>\n<li>And many more to discover in our online store!<\/li>\n<\/ul>\n<p>That's why here are some great gift ideas for all Marvel fans.<\/p>\n<p>In conclusion, you can use the <strong>Katana Hawkeye Ronin<\/strong> in Avengers Endgame for your Cosplay parades. But above all, this sword is a collector's item and a decoration.<\/p>\n<h2>How to maintain the blade of your Avengers katana?<\/h2>\n<p>Collector's and decorative katanas are made and assembled in a simplified way. As their use is decorative, they lack the safety features required of a Japanese saber intended for training.<\/p>\n<p>However, your <strong>Hawkeye Ronin katana<\/strong> to a steel blade that needs to be cared for to avoid damage over time. In fact, when you display your katana, your friends will be curious to see and touch the blade. This is where you need to be careful, as the acidity of your fingers is very harmful to steel, whatever its quality.<\/p>\n<p>However, if this does happen, don't panic - all you need is a cloth dampened with a little oil and a wipe of fingerprints. By doing so, you'll keep your sword looking its best for a very long time.<\/p>","protected":false},"excerpt":{"rendered":"<p>Replica of Ronin's katana in Avengers 4.<\/p>\n<ul>\n<li>Straight blade in openwork 440 steel.<\/li>\n<li>Steel hilt and pommel.<\/li>\n<li>Black cotton-covered metal handle.<\/li>\n<li>Matt black wooden sheath.<\/li>\n<li>Carrying strap.<\/li>\n<li>Blade length: 71 cm - Total length: 98 cm<\/li>\n<\/ul>","protected":false},"featured_media":28554,"template":"","meta":[],"product_brand":[896],"product_cat":[24,101,59],"product_tag":[],"class_list":{"0":"post-28553","1":"product","2":"type-product","3":"status-publish","4":"has-post-thumbnail","6":"product_brand-replique-manga-cine","7":"product_cat-films-series-tv-vente-de-katana-epee-et-produits-derives","8":"product_cat-soldes","9":"product_cat-super-heros-marvel","11":"first","12":"instock","13":"sale","14":"taxable","15":"shipping-taxable","16":"purchasable","17":"product-type-simple"},"yoast_head":"<!-- This site is optimized with the Yoast SEO plugin v27.4 - https:\/\/yoast.com\/product\/yoast-seo-wordpress\/ -->\n<title>Katana Hawkeye Ronin - Vente \u00e9p\u00e9e Avengers Endgame | RMC<\/title>\n<meta name=\"description\" content=\"D\u00e9couvrez le Katana Hawkeye Ronin dans Avengers Endgame au meilleur prix. Lame en acier - Fourreau en bois - Lani\u00e8re de transport - Longueur : 98 cm\" \/>\n<meta name=\"robots\" content=\"index, follow, max-snippet:-1, max-image-preview:large, max-video-preview:-1\" \/>\n<link rel=\"canonical\" href=\"https:\/\/repliquemangacine.fr\/en\/balances\/katana-hawkeye-ronin-avengers-endgame\/\" \/>\n<meta property=\"og:locale\" content=\"en_US\" \/>\n<meta property=\"og:type\" content=\"article\" \/>\n<meta property=\"og:title\" content=\"Katana Hawkeye Ronin - Vente \u00e9p\u00e9e Avengers Endgame | RMC\" \/>\n<meta property=\"og:description\" content=\"D\u00e9couvrez le Katana Hawkeye Ronin dans Avengers Endgame au meilleur prix. Lame en acier - Fourreau en bois - Lani\u00e8re de transport - Longueur : 98 cm\" \/>\n<meta property=\"og:url\" content=\"https:\/\/repliquemangacine.fr\/en\/balances\/katana-hawkeye-ronin-avengers-endgame\/\" \/>\n<meta property=\"og:site_name\" content=\"R\u00e9plique Manga Cin\u00e9\" \/>\n<meta property=\"article:publisher\" content=\"https:\/\/www.facebook.com\/RepliqueMangaCine\" \/>\n<meta property=\"article:modified_time\" content=\"2026-04-06T11:44:33+00:00\" \/>\n<meta property=\"og:image\" content=\"https:\/\/repliquemangacine.fr\/wp-content\/uploads\/2023\/10\/3247-Katana-Hawkeye-Ronin-Avengers-Endgame.jpg\" \/>\n\t<meta property=\"og:image:width\" content=\"800\" \/>\n\t<meta property=\"og:image:height\" content=\"800\" \/>\n\t<meta property=\"og:image:type\" content=\"image\/jpeg\" \/>\n<meta name=\"twitter:card\" content=\"summary_large_image\" \/>\n<meta name=\"twitter:label1\" content=\"Est. reading time\" \/>\n\t<meta name=\"twitter:data1\" content=\"1 minute\" \/>\n<script type=\"application\/ld+json\" class=\"yoast-schema-graph\">{\"@context\":\"https:\\\/\\\/schema.org\",\"@graph\":[{\"@type\":\"WebPage\",\"@id\":\"https:\\\/\\\/repliquemangacine.fr\\\/soldes\\\/katana-hawkeye-ronin-avengers-endgame\\\/\",\"url\":\"https:\\\/\\\/repliquemangacine.fr\\\/soldes\\\/katana-hawkeye-ronin-avengers-endgame\\\/\",\"name\":\"Katana Hawkeye Ronin - Vente \u00e9p\u00e9e Avengers Endgame | RMC\",\"isPartOf\":{\"@id\":\"https:\\\/\\\/repliquemangacine.fr\\\/#website\"},\"primaryImageOfPage\":{\"@id\":\"https:\\\/\\\/repliquemangacine.fr\\\/soldes\\\/katana-hawkeye-ronin-avengers-endgame\\\/#primaryimage\"},\"image\":{\"@id\":\"https:\\\/\\\/repliquemangacine.fr\\\/soldes\\\/katana-hawkeye-ronin-avengers-endgame\\\/#primaryimage\"},\"thumbnailUrl\":\"https:\\\/\\\/repliquemangacine.fr\\\/wp-content\\\/uploads\\\/2023\\\/10\\\/3247-Katana-Hawkeye-Ronin-Avengers-Endgame.jpg\",\"datePublished\":\"2019-11-11T14:23:03+00:00\",\"dateModified\":\"2026-04-06T11:44:33+00:00\",\"description\":\"D\u00e9couvrez le Katana Hawkeye Ronin dans Avengers Endgame au meilleur prix. Lame en acier - Fourreau en bois - Lani\u00e8re de transport - Longueur : 98 cm\",\"breadcrumb\":{\"@id\":\"https:\\\/\\\/repliquemangacine.fr\\\/soldes\\\/katana-hawkeye-ronin-avengers-endgame\\\/#breadcrumb\"},\"inLanguage\":\"en-US\",\"potentialAction\":[{\"@type\":\"ReadAction\",\"target\":[\"https:\\\/\\\/repliquemangacine.fr\\\/soldes\\\/katana-hawkeye-ronin-avengers-endgame\\\/\"]}]},{\"@type\":\"ImageObject\",\"inLanguage\":\"en-US\",\"@id\":\"https:\\\/\\\/repliquemangacine.fr\\\/soldes\\\/katana-hawkeye-ronin-avengers-endgame\\\/#primaryimage\",\"url\":\"https:\\\/\\\/repliquemangacine.fr\\\/wp-content\\\/uploads\\\/2023\\\/10\\\/3247-Katana-Hawkeye-Ronin-Avengers-Endgame.jpg\",\"contentUrl\":\"https:\\\/\\\/repliquemangacine.fr\\\/wp-content\\\/uploads\\\/2023\\\/10\\\/3247-Katana-Hawkeye-Ronin-Avengers-Endgame.jpg\",\"width\":800,\"height\":800,\"caption\":\"Katana Hawkeye Ronin - Avengers Endgame\"},{\"@type\":\"BreadcrumbList\",\"@id\":\"https:\\\/\\\/repliquemangacine.fr\\\/soldes\\\/katana-hawkeye-ronin-avengers-endgame\\\/#breadcrumb\",\"itemListElement\":[{\"@type\":\"ListItem\",\"position\":1,\"name\":\"Accueil\",\"item\":\"https:\\\/\\\/repliquemangacine.fr\\\/\"},{\"@type\":\"ListItem\",\"position\":2,\"name\":\"Produits\",\"item\":\"https:\\\/\\\/repliquemangacine.fr\\\/boutique\\\/\"},{\"@type\":\"ListItem\",\"position\":3,\"name\":\"Katana Hawkeye Ronin\"}]},{\"@type\":\"WebSite\",\"@id\":\"https:\\\/\\\/repliquemangacine.fr\\\/#website\",\"url\":\"https:\\\/\\\/repliquemangacine.fr\\\/\",\"name\":\"R\u00e9plique Manga Cin\u00e9\",\"description\":\"\",\"publisher\":{\"@id\":\"https:\\\/\\\/repliquemangacine.fr\\\/#organization\"},\"potentialAction\":[{\"@type\":\"SearchAction\",\"target\":{\"@type\":\"EntryPoint\",\"urlTemplate\":\"https:\\\/\\\/repliquemangacine.fr\\\/?s={search_term_string}\"},\"query-input\":{\"@type\":\"PropertyValueSpecification\",\"valueRequired\":true,\"valueName\":\"search_term_string\"}}],\"inLanguage\":\"en-US\"},{\"@type\":\"Organization\",\"@id\":\"https:\\\/\\\/repliquemangacine.fr\\\/#organization\",\"name\":\"R\u00e9plique Manga Cin\u00e9\",\"url\":\"https:\\\/\\\/repliquemangacine.fr\\\/\",\"logo\":{\"@type\":\"ImageObject\",\"inLanguage\":\"en-US\",\"@id\":\"https:\\\/\\\/repliquemangacine.fr\\\/#\\\/schema\\\/logo\\\/image\\\/\",\"url\":\"https:\\\/\\\/repliquemangacine.fr\\\/wp-content\\\/uploads\\\/2023\\\/10\\\/RMC-500250.png\",\"contentUrl\":\"https:\\\/\\\/repliquemangacine.fr\\\/wp-content\\\/uploads\\\/2023\\\/10\\\/RMC-500250.png\",\"width\":500,\"height\":250,\"caption\":\"R\u00e9plique Manga Cin\u00e9\"},\"image\":{\"@id\":\"https:\\\/\\\/repliquemangacine.fr\\\/#\\\/schema\\\/logo\\\/image\\\/\"},\"sameAs\":[\"https:\\\/\\\/www.facebook.com\\\/RepliqueMangaCine\",\"https:\\\/\\\/www.instagram.com\\\/repliquemangacine.fr\\\/\"]}]}<\/script>\n<!-- \/ Yoast SEO plugin. -->","yoast_head_json":{"title":"Katana Hawkeye Ronin - Avengers Endgame sword for sale | RMC","description":"Discover the Katana Hawkeye Ronin in Avengers Endgame at the best price. Steel blade - Wooden scabbard - Carrying strap - Length: 98 cm","robots":{"index":"index","follow":"follow","max-snippet":"max-snippet:-1","max-image-preview":"max-image-preview:large","max-video-preview":"max-video-preview:-1"},"canonical":"https:\/\/repliquemangacine.fr\/en\/balances\/katana-hawkeye-ronin-avengers-endgame\/","og_locale":"en_US","og_type":"article","og_title":"Katana Hawkeye Ronin - Vente \u00e9p\u00e9e Avengers Endgame | RMC","og_description":"D\u00e9couvrez le Katana Hawkeye Ronin dans Avengers Endgame au meilleur prix. Lame en acier - Fourreau en bois - Lani\u00e8re de transport - Longueur : 98 cm","og_url":"https:\/\/repliquemangacine.fr\/en\/balances\/katana-hawkeye-ronin-avengers-endgame\/","og_site_name":"R\u00e9plique Manga Cin\u00e9","article_publisher":"https:\/\/www.facebook.com\/RepliqueMangaCine","article_modified_time":"2026-04-06T11:44:33+00:00","og_image":[{"width":800,"height":800,"url":"https:\/\/repliquemangacine.fr\/wp-content\/uploads\/2023\/10\/3247-Katana-Hawkeye-Ronin-Avengers-Endgame.jpg","type":"image\/jpeg"}],"twitter_card":"summary_large_image","twitter_misc":{"Est. reading time":"1 minute"},"schema":{"@context":"https:\/\/schema.org","@graph":[{"@type":"WebPage","@id":"https:\/\/repliquemangacine.fr\/soldes\/katana-hawkeye-ronin-avengers-endgame\/","url":"https:\/\/repliquemangacine.fr\/soldes\/katana-hawkeye-ronin-avengers-endgame\/","name":"Katana Hawkeye Ronin - Avengers Endgame sword for sale | RMC","isPartOf":{"@id":"https:\/\/repliquemangacine.fr\/#website"},"primaryImageOfPage":{"@id":"https:\/\/repliquemangacine.fr\/soldes\/katana-hawkeye-ronin-avengers-endgame\/#primaryimage"},"image":{"@id":"https:\/\/repliquemangacine.fr\/soldes\/katana-hawkeye-ronin-avengers-endgame\/#primaryimage"},"thumbnailUrl":"https:\/\/repliquemangacine.fr\/wp-content\/uploads\/2023\/10\/3247-Katana-Hawkeye-Ronin-Avengers-Endgame.jpg","datePublished":"2019-11-11T14:23:03+00:00","dateModified":"2026-04-06T11:44:33+00:00","description":"Discover the Katana Hawkeye Ronin in Avengers Endgame at the best price. Steel blade - Wooden scabbard - Carrying strap - Length: 98 cm","breadcrumb":{"@id":"https:\/\/repliquemangacine.fr\/soldes\/katana-hawkeye-ronin-avengers-endgame\/#breadcrumb"},"inLanguage":"en-US","potentialAction":[{"@type":"ReadAction","target":["https:\/\/repliquemangacine.fr\/soldes\/katana-hawkeye-ronin-avengers-endgame\/"]}]},{"@type":"ImageObject","inLanguage":"en-US","@id":"https:\/\/repliquemangacine.fr\/soldes\/katana-hawkeye-ronin-avengers-endgame\/#primaryimage","url":"https:\/\/repliquemangacine.fr\/wp-content\/uploads\/2023\/10\/3247-Katana-Hawkeye-Ronin-Avengers-Endgame.jpg","contentUrl":"https:\/\/repliquemangacine.fr\/wp-content\/uploads\/2023\/10\/3247-Katana-Hawkeye-Ronin-Avengers-Endgame.jpg","width":800,"height":800,"caption":"Katana Hawkeye Ronin - Avengers Endgame"},{"@type":"BreadcrumbList","@id":"https:\/\/repliquemangacine.fr\/soldes\/katana-hawkeye-ronin-avengers-endgame\/#breadcrumb","itemListElement":[{"@type":"ListItem","position":1,"name":"Accueil","item":"https:\/\/repliquemangacine.fr\/"},{"@type":"ListItem","position":2,"name":"Produits","item":"https:\/\/repliquemangacine.fr\/boutique\/"},{"@type":"ListItem","position":3,"name":"Katana Hawkeye Ronin"}]},{"@type":"WebSite","@id":"https:\/\/repliquemangacine.fr\/#website","url":"https:\/\/repliquemangacine.fr\/","name":"R\u00e9plique Manga Cin\u00e9","description":"","publisher":{"@id":"https:\/\/repliquemangacine.fr\/#organization"},"potentialAction":[{"@type":"SearchAction","target":{"@type":"EntryPoint","urlTemplate":"https:\/\/repliquemangacine.fr\/?s={search_term_string}"},"query-input":{"@type":"PropertyValueSpecification","valueRequired":true,"valueName":"search_term_string"}}],"inLanguage":"en-US"},{"@type":"Organization","@id":"https:\/\/repliquemangacine.fr\/#organization","name":"R\u00e9plique Manga Cin\u00e9","url":"https:\/\/repliquemangacine.fr\/","logo":{"@type":"ImageObject","inLanguage":"en-US","@id":"https:\/\/repliquemangacine.fr\/#\/schema\/logo\/image\/","url":"https:\/\/repliquemangacine.fr\/wp-content\/uploads\/2023\/10\/RMC-500250.png","contentUrl":"https:\/\/repliquemangacine.fr\/wp-content\/uploads\/2023\/10\/RMC-500250.png","width":500,"height":250,"caption":"R\u00e9plique Manga Cin\u00e9"},"image":{"@id":"https:\/\/repliquemangacine.fr\/#\/schema\/logo\/image\/"},"sameAs":["https:\/\/www.facebook.com\/RepliqueMangaCine","https:\/\/www.instagram.com\/repliquemangacine.fr\/"]}]}},"_links":{"self":[{"href":"https:\/\/repliquemangacine.fr\/en\/wp-json\/wp\/v2\/product\/28553","targetHints":{"allow":["GET"]}}],"collection":[{"href":"https:\/\/repliquemangacine.fr\/en\/wp-json\/wp\/v2\/product"}],"about":[{"href":"https:\/\/repliquemangacine.fr\/en\/wp-json\/wp\/v2\/types\/product"}],"wp:featuredmedia":[{"embeddable":true,"href":"https:\/\/repliquemangacine.fr\/en\/wp-json\/wp\/v2\/media\/28554"}],"wp:attachment":[{"href":"https:\/\/repliquemangacine.fr\/en\/wp-json\/wp\/v2\/media?parent=28553"}],"wp:term":[{"taxonomy":"product_brand","embeddable":true,"href":"https:\/\/repliquemangacine.fr\/en\/wp-json\/wp\/v2\/product_brand?post=28553"},{"taxonomy":"product_cat","embeddable":true,"href":"https:\/\/repliquemangacine.fr\/en\/wp-json\/wp\/v2\/product_cat?post=28553"},{"taxonomy":"product_tag","embeddable":true,"href":"https:\/\/repliquemangacine.fr\/en\/wp-json\/wp\/v2\/product_tag?post=28553"}],"curies":[{"name":"wp","href":"https:\/\/api.w.org\/{rel}","templated":true}]}}