





{"id":28544,"date":"2019-11-11T13:39:45","date_gmt":"2019-11-11T12:39:45","guid":{"rendered":"https:\/\/repliquemangacine.fr\/?post_type=product&#038;p=28544"},"modified":"2026-03-08T11:37:38","modified_gmt":"2026-03-08T10:37:38","slug":"meliodas-sword-sacred-treasure-lostvayne","status":"publish","type":"product","link":"https:\/\/repliquemangacine.fr\/en\/epees-seven-deadly-sins\/epee-de-meliodas-tresor-sacre-lostvayne\/","title":{"rendered":"Lostvayne Meliodas sword"},"content":{"rendered":"<h2>Replica of Meliodas' Lostvayne sword from Seven Deadly Sins<\/h2>\n<p>To begin with, the<strong>Lostvayne de M\u00e9liodas sword<\/strong> is a short, curved sword with the symbol of the Dragon of Wrath on its hilt.<\/p>\n<p>Meliodas, a boy of exceptional strength, and Hawk, his pig, mark the start of a quest full of twists and turns, magic and combat!<\/p>\n<p>Meliodas is the Dragon of Wrath who leads the Seven Deadly Sins. His Sacred Treasure is the Demon Slayer. <a href=\"https:\/\/seven-deadly-sins.fandom.com\/fr\/wiki\/Lostvayne\" target=\"_blank\" rel=\"noopener noreferrer\">Lostvayne<\/a> and its main ability is Total Counter.<\/p>\n<p>Lostvayne was entrusted to Meliodas by King Baltra Liones and remained in his possession until 10 years ago, when he sold it to raise funds to open the Pig Hat. Merlin bought it back from a pawnbroker and kept it, then returned it to Meliodas during an Albion attack on Camelot.<\/p>\n<h2>Your Lostvayne de M\u00e9liodas sword at the best price.<\/h2>\n<p>We offer a wide selection of replicas from your manga Seven Deadly Sins.<\/p>\n<p>First and foremost,<\/p>\n<ul>\n<li>The dragon's sword or <a href=\"https:\/\/repliquemangacine.fr\/en\/other-manga\/meliodas-dragon-sword\/\">broken sword of Meliodas<\/a> in the manga Seven Deadly Sins.<\/li>\n<li>There is also a replica of the<a href=\"https:\/\/repliquemangacine.fr\/en\/other-manga\/epee-de-liz-dans-seven-deadly-sins-epee-meliodas\/\">Liz's sword<\/a> given to Meliodas.<\/li>\n<li>As well as the <a href=\"https:\/\/repliquemangacine.fr\/en\/other-manga\/10-piece-meliodas-sword-set\/\">Seven Deadly Sins key ring set<\/a> ( Nanatsu no taizai).<\/li>\n<li>And much more to discover in our online store!<\/li>\n<\/ul>\n<p>So here are some great gift ideas for all fans of the anime manga.<\/p>\n<p>In conclusion, you can use<strong>Lostvayne de M\u00e9liodas sword<\/strong> for your Cosplay parades. But above all, this sword is a collector's item and a decoration.<\/p>\n<h2>How to maintain the blade of your Seven Deadly Sins sword?<\/h2>\n<p>Collector's and decorative swords are made and assembled in a simplified way. As their use is decorative, they lack the safety features required of a Japanese sword intended for training.<\/p>\n<p>However, your <strong>Lostvayne sword by Meliodas<\/strong> to a steel blade that needs to be cared for to avoid damage over time. In fact, when you display your katana, your friends will be curious to see and touch the blade. This is where you need to be careful, as the acidity of your fingers is very harmful to steel, whatever its quality.<\/p>\n<p>However, if this does happen, don't panic - all you need is a cloth dampened with a little oil and a wipe of fingerprints. By doing so, you'll keep your sword looking its best for a very long time.<\/p>","protected":false},"excerpt":{"rendered":"<p>Replica of the Lostvayne Demon Slicer from Seven Deadly Sins<\/p>\n<ul>\n<li>Non-sharp 440 stainless steel blade.<\/li>\n<li>In the center of the blade are 5 holes, and five half-moons on the back of the blade.<\/li>\n<li>Metal handle with green cotton braid.<\/li>\n<li>Metal knob.<\/li>\n<li>Green imitation leather sheath.<\/li>\n<li>Blade length: 49 cm - Total length: 71 cm<\/li>\n<\/ul>\n<p><strong>\u00a0<\/strong><\/p>","protected":false},"featured_media":28545,"template":"","meta":[],"product_brand":[896],"product_cat":[23,110],"product_tag":[],"class_list":{"0":"post-28544","1":"product","2":"type-product","3":"status-publish","4":"has-post-thumbnail","6":"product_brand-replique-manga-cine","7":"product_cat-repliques-manga-jeux-video","8":"product_cat-epees-seven-deadly-sins","10":"first","11":"instock","12":"taxable","13":"shipping-taxable","14":"purchasable","15":"product-type-simple"},"yoast_head":"<!-- This site is optimized with the Yoast SEO plugin v27.4 - https:\/\/yoast.com\/product\/yoast-seo-wordpress\/ -->\n<title>Ep\u00e9e Lostvayne de M\u00e9liodas - Boutique en ligne | RMC<\/title>\n<meta name=\"description\" content=\"Commandez vite ! L&#039;Ep\u00e9e Lostvayne de M\u00e9liodas au meilleur prix - Lame acier - Fourreau - \u00c9chelle 1\/1 - Longueur totale : 71cm - Envoi 24\/48h\" \/>\n<meta name=\"robots\" content=\"index, follow, max-snippet:-1, max-image-preview:large, max-video-preview:-1\" \/>\n<link rel=\"canonical\" href=\"https:\/\/repliquemangacine.fr\/en\/seven-deadly-sins-swords\/meliodas-sword-sacred-treasure-lostvayne\/\" \/>\n<meta property=\"og:locale\" content=\"en_US\" \/>\n<meta property=\"og:type\" content=\"article\" \/>\n<meta property=\"og:title\" content=\"Ep\u00e9e Lostvayne de M\u00e9liodas - Boutique en ligne | RMC\" \/>\n<meta property=\"og:description\" content=\"Commandez vite ! L&#039;Ep\u00e9e Lostvayne de M\u00e9liodas au meilleur prix - Lame acier - Fourreau - \u00c9chelle 1\/1 - Longueur totale : 71cm - Envoi 24\/48h\" \/>\n<meta property=\"og:url\" content=\"https:\/\/repliquemangacine.fr\/en\/seven-deadly-sins-swords\/meliodas-sword-sacred-treasure-lostvayne\/\" \/>\n<meta property=\"og:site_name\" content=\"R\u00e9plique Manga Cin\u00e9\" \/>\n<meta property=\"article:publisher\" content=\"https:\/\/www.facebook.com\/RepliqueMangaCine\" \/>\n<meta property=\"article:modified_time\" content=\"2026-03-08T10:37:38+00:00\" \/>\n<meta property=\"og:image\" content=\"https:\/\/repliquemangacine.fr\/wp-content\/uploads\/2023\/10\/3240-epee-de-meliodas.jpg\" \/>\n\t<meta property=\"og:image:width\" content=\"800\" \/>\n\t<meta property=\"og:image:height\" content=\"800\" \/>\n\t<meta property=\"og:image:type\" content=\"image\/jpeg\" \/>\n<meta name=\"twitter:card\" content=\"summary_large_image\" \/>\n<meta name=\"twitter:label1\" content=\"Est. reading time\" \/>\n\t<meta name=\"twitter:data1\" content=\"3 minutes\" \/>\n<script type=\"application\/ld+json\" class=\"yoast-schema-graph\">{\"@context\":\"https:\\\/\\\/schema.org\",\"@graph\":[{\"@type\":\"WebPage\",\"@id\":\"https:\\\/\\\/repliquemangacine.fr\\\/epees-seven-deadly-sins\\\/epee-de-meliodas-tresor-sacre-lostvayne\\\/\",\"url\":\"https:\\\/\\\/repliquemangacine.fr\\\/epees-seven-deadly-sins\\\/epee-de-meliodas-tresor-sacre-lostvayne\\\/\",\"name\":\"Ep\u00e9e Lostvayne de M\u00e9liodas - Boutique en ligne | RMC\",\"isPartOf\":{\"@id\":\"https:\\\/\\\/repliquemangacine.fr\\\/#website\"},\"primaryImageOfPage\":{\"@id\":\"https:\\\/\\\/repliquemangacine.fr\\\/epees-seven-deadly-sins\\\/epee-de-meliodas-tresor-sacre-lostvayne\\\/#primaryimage\"},\"image\":{\"@id\":\"https:\\\/\\\/repliquemangacine.fr\\\/epees-seven-deadly-sins\\\/epee-de-meliodas-tresor-sacre-lostvayne\\\/#primaryimage\"},\"thumbnailUrl\":\"https:\\\/\\\/repliquemangacine.fr\\\/wp-content\\\/uploads\\\/2023\\\/10\\\/3240-epee-de-meliodas.jpg\",\"datePublished\":\"2019-11-11T12:39:45+00:00\",\"dateModified\":\"2026-03-08T10:37:38+00:00\",\"description\":\"Commandez vite ! L'Ep\u00e9e Lostvayne de M\u00e9liodas au meilleur prix - Lame acier - Fourreau - \u00c9chelle 1\\\/1 - Longueur totale : 71cm - Envoi 24\\\/48h\",\"breadcrumb\":{\"@id\":\"https:\\\/\\\/repliquemangacine.fr\\\/epees-seven-deadly-sins\\\/epee-de-meliodas-tresor-sacre-lostvayne\\\/#breadcrumb\"},\"inLanguage\":\"en-US\",\"potentialAction\":[{\"@type\":\"ReadAction\",\"target\":[\"https:\\\/\\\/repliquemangacine.fr\\\/epees-seven-deadly-sins\\\/epee-de-meliodas-tresor-sacre-lostvayne\\\/\"]}]},{\"@type\":\"ImageObject\",\"inLanguage\":\"en-US\",\"@id\":\"https:\\\/\\\/repliquemangacine.fr\\\/epees-seven-deadly-sins\\\/epee-de-meliodas-tresor-sacre-lostvayne\\\/#primaryimage\",\"url\":\"https:\\\/\\\/repliquemangacine.fr\\\/wp-content\\\/uploads\\\/2023\\\/10\\\/3240-epee-de-meliodas.jpg\",\"contentUrl\":\"https:\\\/\\\/repliquemangacine.fr\\\/wp-content\\\/uploads\\\/2023\\\/10\\\/3240-epee-de-meliodas.jpg\",\"width\":800,\"height\":800,\"caption\":\"Ep\u00e9e Lostvayne de M\u00e9liodas Seven Deadly Sins\"},{\"@type\":\"BreadcrumbList\",\"@id\":\"https:\\\/\\\/repliquemangacine.fr\\\/epees-seven-deadly-sins\\\/epee-de-meliodas-tresor-sacre-lostvayne\\\/#breadcrumb\",\"itemListElement\":[{\"@type\":\"ListItem\",\"position\":1,\"name\":\"Accueil\",\"item\":\"https:\\\/\\\/repliquemangacine.fr\\\/\"},{\"@type\":\"ListItem\",\"position\":2,\"name\":\"Produits\",\"item\":\"https:\\\/\\\/repliquemangacine.fr\\\/boutique\\\/\"},{\"@type\":\"ListItem\",\"position\":3,\"name\":\"Ep\u00e9e Lostvayne M\u00e9liodas\"}]},{\"@type\":\"WebSite\",\"@id\":\"https:\\\/\\\/repliquemangacine.fr\\\/#website\",\"url\":\"https:\\\/\\\/repliquemangacine.fr\\\/\",\"name\":\"R\u00e9plique Manga Cin\u00e9\",\"description\":\"\",\"publisher\":{\"@id\":\"https:\\\/\\\/repliquemangacine.fr\\\/#organization\"},\"potentialAction\":[{\"@type\":\"SearchAction\",\"target\":{\"@type\":\"EntryPoint\",\"urlTemplate\":\"https:\\\/\\\/repliquemangacine.fr\\\/?s={search_term_string}\"},\"query-input\":{\"@type\":\"PropertyValueSpecification\",\"valueRequired\":true,\"valueName\":\"search_term_string\"}}],\"inLanguage\":\"en-US\"},{\"@type\":\"Organization\",\"@id\":\"https:\\\/\\\/repliquemangacine.fr\\\/#organization\",\"name\":\"R\u00e9plique Manga Cin\u00e9\",\"url\":\"https:\\\/\\\/repliquemangacine.fr\\\/\",\"logo\":{\"@type\":\"ImageObject\",\"inLanguage\":\"en-US\",\"@id\":\"https:\\\/\\\/repliquemangacine.fr\\\/#\\\/schema\\\/logo\\\/image\\\/\",\"url\":\"https:\\\/\\\/repliquemangacine.fr\\\/wp-content\\\/uploads\\\/2023\\\/10\\\/RMC-500250.png\",\"contentUrl\":\"https:\\\/\\\/repliquemangacine.fr\\\/wp-content\\\/uploads\\\/2023\\\/10\\\/RMC-500250.png\",\"width\":500,\"height\":250,\"caption\":\"R\u00e9plique Manga Cin\u00e9\"},\"image\":{\"@id\":\"https:\\\/\\\/repliquemangacine.fr\\\/#\\\/schema\\\/logo\\\/image\\\/\"},\"sameAs\":[\"https:\\\/\\\/www.facebook.com\\\/RepliqueMangaCine\",\"https:\\\/\\\/www.instagram.com\\\/repliquemangacine.fr\\\/\"]}]}<\/script>\n<!-- \/ Yoast SEO plugin. -->","yoast_head_json":{"title":"Sword Lostvayne by Meliodas - Online Shop | RMC","description":"Order now! L'Ep\u00e9e Lostvayne de M\u00e9liodas at the best price - Steel blade - Scabbard - Scale 1\/1 - Total length: 71cm - Shipment 24\/48h","robots":{"index":"index","follow":"follow","max-snippet":"max-snippet:-1","max-image-preview":"max-image-preview:large","max-video-preview":"max-video-preview:-1"},"canonical":"https:\/\/repliquemangacine.fr\/en\/seven-deadly-sins-swords\/meliodas-sword-sacred-treasure-lostvayne\/","og_locale":"en_US","og_type":"article","og_title":"Ep\u00e9e Lostvayne de M\u00e9liodas - Boutique en ligne | RMC","og_description":"Commandez vite ! L'Ep\u00e9e Lostvayne de M\u00e9liodas au meilleur prix - Lame acier - Fourreau - \u00c9chelle 1\/1 - Longueur totale : 71cm - Envoi 24\/48h","og_url":"https:\/\/repliquemangacine.fr\/en\/seven-deadly-sins-swords\/meliodas-sword-sacred-treasure-lostvayne\/","og_site_name":"R\u00e9plique Manga Cin\u00e9","article_publisher":"https:\/\/www.facebook.com\/RepliqueMangaCine","article_modified_time":"2026-03-08T10:37:38+00:00","og_image":[{"width":800,"height":800,"url":"https:\/\/repliquemangacine.fr\/wp-content\/uploads\/2023\/10\/3240-epee-de-meliodas.jpg","type":"image\/jpeg"}],"twitter_card":"summary_large_image","twitter_misc":{"Est. reading time":"3 minutes"},"schema":{"@context":"https:\/\/schema.org","@graph":[{"@type":"WebPage","@id":"https:\/\/repliquemangacine.fr\/epees-seven-deadly-sins\/epee-de-meliodas-tresor-sacre-lostvayne\/","url":"https:\/\/repliquemangacine.fr\/epees-seven-deadly-sins\/epee-de-meliodas-tresor-sacre-lostvayne\/","name":"Sword Lostvayne by Meliodas - Online Shop | RMC","isPartOf":{"@id":"https:\/\/repliquemangacine.fr\/#website"},"primaryImageOfPage":{"@id":"https:\/\/repliquemangacine.fr\/epees-seven-deadly-sins\/epee-de-meliodas-tresor-sacre-lostvayne\/#primaryimage"},"image":{"@id":"https:\/\/repliquemangacine.fr\/epees-seven-deadly-sins\/epee-de-meliodas-tresor-sacre-lostvayne\/#primaryimage"},"thumbnailUrl":"https:\/\/repliquemangacine.fr\/wp-content\/uploads\/2023\/10\/3240-epee-de-meliodas.jpg","datePublished":"2019-11-11T12:39:45+00:00","dateModified":"2026-03-08T10:37:38+00:00","description":"Order now! L'Ep\u00e9e Lostvayne de M\u00e9liodas at the best price - Steel blade - Scabbard - Scale 1\/1 - Total length: 71cm - Shipment 24\/48h","breadcrumb":{"@id":"https:\/\/repliquemangacine.fr\/epees-seven-deadly-sins\/epee-de-meliodas-tresor-sacre-lostvayne\/#breadcrumb"},"inLanguage":"en-US","potentialAction":[{"@type":"ReadAction","target":["https:\/\/repliquemangacine.fr\/epees-seven-deadly-sins\/epee-de-meliodas-tresor-sacre-lostvayne\/"]}]},{"@type":"ImageObject","inLanguage":"en-US","@id":"https:\/\/repliquemangacine.fr\/epees-seven-deadly-sins\/epee-de-meliodas-tresor-sacre-lostvayne\/#primaryimage","url":"https:\/\/repliquemangacine.fr\/wp-content\/uploads\/2023\/10\/3240-epee-de-meliodas.jpg","contentUrl":"https:\/\/repliquemangacine.fr\/wp-content\/uploads\/2023\/10\/3240-epee-de-meliodas.jpg","width":800,"height":800,"caption":"Ep\u00e9e Lostvayne de M\u00e9liodas Seven Deadly Sins"},{"@type":"BreadcrumbList","@id":"https:\/\/repliquemangacine.fr\/epees-seven-deadly-sins\/epee-de-meliodas-tresor-sacre-lostvayne\/#breadcrumb","itemListElement":[{"@type":"ListItem","position":1,"name":"Accueil","item":"https:\/\/repliquemangacine.fr\/"},{"@type":"ListItem","position":2,"name":"Produits","item":"https:\/\/repliquemangacine.fr\/boutique\/"},{"@type":"ListItem","position":3,"name":"Ep\u00e9e Lostvayne M\u00e9liodas"}]},{"@type":"WebSite","@id":"https:\/\/repliquemangacine.fr\/#website","url":"https:\/\/repliquemangacine.fr\/","name":"R\u00e9plique Manga Cin\u00e9","description":"","publisher":{"@id":"https:\/\/repliquemangacine.fr\/#organization"},"potentialAction":[{"@type":"SearchAction","target":{"@type":"EntryPoint","urlTemplate":"https:\/\/repliquemangacine.fr\/?s={search_term_string}"},"query-input":{"@type":"PropertyValueSpecification","valueRequired":true,"valueName":"search_term_string"}}],"inLanguage":"en-US"},{"@type":"Organization","@id":"https:\/\/repliquemangacine.fr\/#organization","name":"R\u00e9plique Manga Cin\u00e9","url":"https:\/\/repliquemangacine.fr\/","logo":{"@type":"ImageObject","inLanguage":"en-US","@id":"https:\/\/repliquemangacine.fr\/#\/schema\/logo\/image\/","url":"https:\/\/repliquemangacine.fr\/wp-content\/uploads\/2023\/10\/RMC-500250.png","contentUrl":"https:\/\/repliquemangacine.fr\/wp-content\/uploads\/2023\/10\/RMC-500250.png","width":500,"height":250,"caption":"R\u00e9plique Manga Cin\u00e9"},"image":{"@id":"https:\/\/repliquemangacine.fr\/#\/schema\/logo\/image\/"},"sameAs":["https:\/\/www.facebook.com\/RepliqueMangaCine","https:\/\/www.instagram.com\/repliquemangacine.fr\/"]}]}},"_links":{"self":[{"href":"https:\/\/repliquemangacine.fr\/en\/wp-json\/wp\/v2\/product\/28544","targetHints":{"allow":["GET"]}}],"collection":[{"href":"https:\/\/repliquemangacine.fr\/en\/wp-json\/wp\/v2\/product"}],"about":[{"href":"https:\/\/repliquemangacine.fr\/en\/wp-json\/wp\/v2\/types\/product"}],"wp:featuredmedia":[{"embeddable":true,"href":"https:\/\/repliquemangacine.fr\/en\/wp-json\/wp\/v2\/media\/28545"}],"wp:attachment":[{"href":"https:\/\/repliquemangacine.fr\/en\/wp-json\/wp\/v2\/media?parent=28544"}],"wp:term":[{"taxonomy":"product_brand","embeddable":true,"href":"https:\/\/repliquemangacine.fr\/en\/wp-json\/wp\/v2\/product_brand?post=28544"},{"taxonomy":"product_cat","embeddable":true,"href":"https:\/\/repliquemangacine.fr\/en\/wp-json\/wp\/v2\/product_cat?post=28544"},{"taxonomy":"product_tag","embeddable":true,"href":"https:\/\/repliquemangacine.fr\/en\/wp-json\/wp\/v2\/product_tag?post=28544"}],"curies":[{"name":"wp","href":"https:\/\/api.w.org\/{rel}","templated":true}]}}