





{"id":28515,"date":"2019-11-06T12:18:16","date_gmt":"2019-11-06T11:18:16","guid":{"rendered":"https:\/\/repliquemangacine.fr\/?post_type=product&#038;p=28515"},"modified":"2026-03-07T09:57:20","modified_gmt":"2026-03-07T08:57:20","slug":"roman-dagger-s-p-q-r","status":"publish","type":"product","link":"https:\/\/repliquemangacine.fr\/en\/dagues-medievales\/dague-poignard-romain-s-p-q-r\/","title":{"rendered":"Roman dagger S.P.Q.R"},"content":{"rendered":"<h2>Replica of the Roman Dagger S.P.Q.R<\/h2>\n<p>To begin with, this dagger <strong>Roman dagger S.P.Q.R<\/strong> is absolutely remarkable for its finish.<\/p>\n<p>S.P.Q.R Senatus populusque Romanusa is a Latin motto meaning \u201cThe Senate and the Roman people\u201d. Abbreviated as SPQR, it was the emblem of the Roman Republic, and then by tradition of the\u2019<a href=\"https:\/\/www.visitonsrome.com\/empire-romain\" target=\"_blank\" rel=\"noopener noreferrer\">Roman Empire<\/a>.<\/p>\n<p>These four letters represented Roman political power. Even today, they are the symbol of the city of Rome. Indeed, the letters SPQR are still part of the coat of arms of the city of Rome. They appear on the city's buildings, drains, hydrants and public works.<\/p>\n<h2>Your SPQR Roman Dagger at the best price.<\/h2>\n<p>We offer a wide selection of replicas from the Antique period.<\/p>\n<p>First and foremost,<\/p>\n<ul>\n<li>The whole <a href=\"https:\/\/repliquemangacine.fr\/en\/sword-swords\/set-of-two-roman-swords\/\">two Roman swords<\/a> inspired by the film Spartacus.<\/li>\n<li>But also, Le <a href=\"https:\/\/repliquemangacine.fr\/en\/sword-swords\/mainz-gladius-tiber-sword\/\">Mainz Gladius<\/a> or Tiberius' sword, a famous Roman sword found in the Rhine near Mainz in Germany.<\/li>\n<li>And many more to discover in our online store!<\/li>\n<\/ul>\n<p>That's why this is a great gift idea for all Gladiator enthusiasts.<\/p>\n<p>In conclusion, you can also use this Dagger <strong>Roman dagger S.P.Q.R<\/strong> for your historical re-enactments or interior design. But above all, it's a collector's item and a decorative object.<\/p>\n<h2>How to maintain your Dagger blade<\/h2>\n<p>Collector's and decorative daggers are made and assembled in a simplified way. As their use is decorative, they lack the safety features required of a Japanese saber intended for training.<\/p>\n<p>However, your <strong>Roman dagger S.P.Q.R<\/strong> to a steel blade that needs to be cared for to prevent damage over time. In fact, when you expose your dagger, your friends will be curious to see the blade and touch it. This is where you need to be careful, as the acidity of your fingers is very harmful to steel, whatever its quality.<\/p>\n<p>However, if this does happen, don't panic - all you need is a cloth dampened with a little oil and a wipe of fingerprints. By doing so, you'll be able to keep your dagger for a very long time.<\/p>","protected":false},"excerpt":{"rendered":"<p>Sublime reproduction of a Roman dagger.<\/p>\n<ul>\n<li>440 steel blade screen-printed with the SPQR logo.<\/li>\n<li>Imperial eagle head, emblem of Caesar.<\/li>\n<li>Decorated metal hilt and handle.<\/li>\n<li>Finely decorated steel scabbard.<\/li>\n<li>Blade length: 20 cm - Overall length: 34.5 cm - Weight: 595 Grs<\/li>\n<\/ul>","protected":false},"featured_media":28516,"template":"","meta":[],"product_brand":[896],"product_cat":[31,25,93,43],"product_tag":[],"class_list":{"0":"post-28515","1":"product","2":"type-product","3":"status-publish","4":"has-post-thumbnail","6":"product_brand-replique-manga-cine","7":"product_cat-armes-antiques","8":"product_cat-armes-historiques","9":"product_cat-dagues-medievales","10":"product_cat-reproductions-d-armes-et-accessoires-medievales","12":"first","13":"instock","14":"taxable","15":"shipping-taxable","16":"purchasable","17":"product-type-simple"},"yoast_head":"<!-- This site is optimized with the Yoast SEO plugin v27.5 - https:\/\/yoast.com\/product\/yoast-seo-wordpress\/ -->\n<title>Poignard Romain S.P.Q.R - Pugio Dague - R\u00e9plique Manga Cin\u00e9<\/title>\n<meta name=\"description\" content=\"Venez d\u00e9couvrir le Poignard Romain S.P.Q.R au meilleur prix - Lame acier avec sigle - Pommeau t\u00eate d&#039;aigle - Fourreau acier d\u00e9cor\u00e9 - Longueur : 34.5 cm\" \/>\n<meta name=\"robots\" content=\"index, follow, max-snippet:-1, max-image-preview:large, max-video-preview:-1\" \/>\n<link rel=\"canonical\" href=\"https:\/\/repliquemangacine.fr\/en\/medieval-daggers\/roman-dagger-s-p-q-r\/\" \/>\n<meta property=\"og:locale\" content=\"en_US\" \/>\n<meta property=\"og:type\" content=\"article\" \/>\n<meta property=\"og:title\" content=\"Poignard Romain S.P.Q.R - Pugio Dague - R\u00e9plique Manga Cin\u00e9\" \/>\n<meta property=\"og:description\" content=\"Venez d\u00e9couvrir le Poignard Romain S.P.Q.R au meilleur prix - Lame acier avec sigle - Pommeau t\u00eate d&#039;aigle - Fourreau acier d\u00e9cor\u00e9 - Longueur : 34.5 cm\" \/>\n<meta property=\"og:url\" content=\"https:\/\/repliquemangacine.fr\/en\/medieval-daggers\/roman-dagger-s-p-q-r\/\" \/>\n<meta property=\"og:site_name\" content=\"R\u00e9plique Manga Cin\u00e9\" \/>\n<meta property=\"article:publisher\" content=\"https:\/\/www.facebook.com\/RepliqueMangaCine\" \/>\n<meta property=\"article:modified_time\" content=\"2026-03-07T08:57:20+00:00\" \/>\n<meta property=\"og:image\" content=\"https:\/\/repliquemangacine.fr\/wp-content\/uploads\/2023\/10\/3219-Dague-poignard-Romain.jpg\" \/>\n\t<meta property=\"og:image:width\" content=\"800\" \/>\n\t<meta property=\"og:image:height\" content=\"800\" \/>\n\t<meta property=\"og:image:type\" content=\"image\/jpeg\" \/>\n<meta name=\"twitter:card\" content=\"summary_large_image\" \/>\n<meta name=\"twitter:label1\" content=\"Est. reading time\" \/>\n\t<meta name=\"twitter:data1\" content=\"2 minutes\" \/>\n<script type=\"application\/ld+json\" class=\"yoast-schema-graph\">{\"@context\":\"https:\\\/\\\/schema.org\",\"@graph\":[{\"@type\":\"WebPage\",\"@id\":\"https:\\\/\\\/repliquemangacine.fr\\\/dagues-medievales\\\/dague-poignard-romain-s-p-q-r\\\/\",\"url\":\"https:\\\/\\\/repliquemangacine.fr\\\/dagues-medievales\\\/dague-poignard-romain-s-p-q-r\\\/\",\"name\":\"Poignard Romain S.P.Q.R - Pugio Dague - R\u00e9plique Manga Cin\u00e9\",\"isPartOf\":{\"@id\":\"https:\\\/\\\/repliquemangacine.fr\\\/#website\"},\"primaryImageOfPage\":{\"@id\":\"https:\\\/\\\/repliquemangacine.fr\\\/dagues-medievales\\\/dague-poignard-romain-s-p-q-r\\\/#primaryimage\"},\"image\":{\"@id\":\"https:\\\/\\\/repliquemangacine.fr\\\/dagues-medievales\\\/dague-poignard-romain-s-p-q-r\\\/#primaryimage\"},\"thumbnailUrl\":\"https:\\\/\\\/repliquemangacine.fr\\\/wp-content\\\/uploads\\\/2023\\\/10\\\/3219-Dague-poignard-Romain.jpg\",\"datePublished\":\"2019-11-06T11:18:16+00:00\",\"dateModified\":\"2026-03-07T08:57:20+00:00\",\"description\":\"Venez d\u00e9couvrir le Poignard Romain S.P.Q.R au meilleur prix - Lame acier avec sigle - Pommeau t\u00eate d'aigle - Fourreau acier d\u00e9cor\u00e9 - Longueur : 34.5 cm\",\"breadcrumb\":{\"@id\":\"https:\\\/\\\/repliquemangacine.fr\\\/dagues-medievales\\\/dague-poignard-romain-s-p-q-r\\\/#breadcrumb\"},\"inLanguage\":\"en-US\",\"potentialAction\":[{\"@type\":\"ReadAction\",\"target\":[\"https:\\\/\\\/repliquemangacine.fr\\\/dagues-medievales\\\/dague-poignard-romain-s-p-q-r\\\/\"]}]},{\"@type\":\"ImageObject\",\"inLanguage\":\"en-US\",\"@id\":\"https:\\\/\\\/repliquemangacine.fr\\\/dagues-medievales\\\/dague-poignard-romain-s-p-q-r\\\/#primaryimage\",\"url\":\"https:\\\/\\\/repliquemangacine.fr\\\/wp-content\\\/uploads\\\/2023\\\/10\\\/3219-Dague-poignard-Romain.jpg\",\"contentUrl\":\"https:\\\/\\\/repliquemangacine.fr\\\/wp-content\\\/uploads\\\/2023\\\/10\\\/3219-Dague-poignard-Romain.jpg\",\"width\":800,\"height\":800,\"caption\":\"Dague poignard Romain\"},{\"@type\":\"BreadcrumbList\",\"@id\":\"https:\\\/\\\/repliquemangacine.fr\\\/dagues-medievales\\\/dague-poignard-romain-s-p-q-r\\\/#breadcrumb\",\"itemListElement\":[{\"@type\":\"ListItem\",\"position\":1,\"name\":\"Accueil\",\"item\":\"https:\\\/\\\/repliquemangacine.fr\\\/\"},{\"@type\":\"ListItem\",\"position\":2,\"name\":\"Produits\",\"item\":\"https:\\\/\\\/repliquemangacine.fr\\\/boutique\\\/\"},{\"@type\":\"ListItem\",\"position\":3,\"name\":\"Poignard Romain S.P.Q.R\"}]},{\"@type\":\"WebSite\",\"@id\":\"https:\\\/\\\/repliquemangacine.fr\\\/#website\",\"url\":\"https:\\\/\\\/repliquemangacine.fr\\\/\",\"name\":\"R\u00e9plique Manga Cin\u00e9\",\"description\":\"\",\"publisher\":{\"@id\":\"https:\\\/\\\/repliquemangacine.fr\\\/#organization\"},\"potentialAction\":[{\"@type\":\"SearchAction\",\"target\":{\"@type\":\"EntryPoint\",\"urlTemplate\":\"https:\\\/\\\/repliquemangacine.fr\\\/?s={search_term_string}\"},\"query-input\":{\"@type\":\"PropertyValueSpecification\",\"valueRequired\":true,\"valueName\":\"search_term_string\"}}],\"inLanguage\":\"en-US\"},{\"@type\":\"Organization\",\"@id\":\"https:\\\/\\\/repliquemangacine.fr\\\/#organization\",\"name\":\"R\u00e9plique Manga Cin\u00e9\",\"url\":\"https:\\\/\\\/repliquemangacine.fr\\\/\",\"logo\":{\"@type\":\"ImageObject\",\"inLanguage\":\"en-US\",\"@id\":\"https:\\\/\\\/repliquemangacine.fr\\\/#\\\/schema\\\/logo\\\/image\\\/\",\"url\":\"https:\\\/\\\/repliquemangacine.fr\\\/wp-content\\\/uploads\\\/2023\\\/10\\\/RMC-500250.png\",\"contentUrl\":\"https:\\\/\\\/repliquemangacine.fr\\\/wp-content\\\/uploads\\\/2023\\\/10\\\/RMC-500250.png\",\"width\":500,\"height\":250,\"caption\":\"R\u00e9plique Manga Cin\u00e9\"},\"image\":{\"@id\":\"https:\\\/\\\/repliquemangacine.fr\\\/#\\\/schema\\\/logo\\\/image\\\/\"},\"sameAs\":[\"https:\\\/\\\/www.facebook.com\\\/RepliqueMangaCine\",\"https:\\\/\\\/www.instagram.com\\\/repliquemangacine.fr\\\/\"]}]}<\/script>\n<!-- \/ Yoast SEO plugin. -->","yoast_head_json":{"title":"Roman dagger S.P.Q.R - Pugio Dague - R\u00e9plique Manga Cin\u00e9","description":"Come and discover the Poignard Romain S.P.Q.R at the best price - Steel blade with initials - Eagle head pommel - Decorated steel scabbard - Length: 34.5 cm","robots":{"index":"index","follow":"follow","max-snippet":"max-snippet:-1","max-image-preview":"max-image-preview:large","max-video-preview":"max-video-preview:-1"},"canonical":"https:\/\/repliquemangacine.fr\/en\/medieval-daggers\/roman-dagger-s-p-q-r\/","og_locale":"en_US","og_type":"article","og_title":"Poignard Romain S.P.Q.R - Pugio Dague - R\u00e9plique Manga Cin\u00e9","og_description":"Venez d\u00e9couvrir le Poignard Romain S.P.Q.R au meilleur prix - Lame acier avec sigle - Pommeau t\u00eate d'aigle - Fourreau acier d\u00e9cor\u00e9 - Longueur : 34.5 cm","og_url":"https:\/\/repliquemangacine.fr\/en\/medieval-daggers\/roman-dagger-s-p-q-r\/","og_site_name":"R\u00e9plique Manga Cin\u00e9","article_publisher":"https:\/\/www.facebook.com\/RepliqueMangaCine","article_modified_time":"2026-03-07T08:57:20+00:00","og_image":[{"width":800,"height":800,"url":"https:\/\/repliquemangacine.fr\/wp-content\/uploads\/2023\/10\/3219-Dague-poignard-Romain.jpg","type":"image\/jpeg"}],"twitter_card":"summary_large_image","twitter_misc":{"Est. reading time":"2 minutes"},"schema":{"@context":"https:\/\/schema.org","@graph":[{"@type":"WebPage","@id":"https:\/\/repliquemangacine.fr\/dagues-medievales\/dague-poignard-romain-s-p-q-r\/","url":"https:\/\/repliquemangacine.fr\/dagues-medievales\/dague-poignard-romain-s-p-q-r\/","name":"Roman dagger S.P.Q.R - Pugio Dague - R\u00e9plique Manga Cin\u00e9","isPartOf":{"@id":"https:\/\/repliquemangacine.fr\/#website"},"primaryImageOfPage":{"@id":"https:\/\/repliquemangacine.fr\/dagues-medievales\/dague-poignard-romain-s-p-q-r\/#primaryimage"},"image":{"@id":"https:\/\/repliquemangacine.fr\/dagues-medievales\/dague-poignard-romain-s-p-q-r\/#primaryimage"},"thumbnailUrl":"https:\/\/repliquemangacine.fr\/wp-content\/uploads\/2023\/10\/3219-Dague-poignard-Romain.jpg","datePublished":"2019-11-06T11:18:16+00:00","dateModified":"2026-03-07T08:57:20+00:00","description":"Come and discover the Poignard Romain S.P.Q.R at the best price - Steel blade with initials - Eagle head pommel - Decorated steel scabbard - Length: 34.5 cm","breadcrumb":{"@id":"https:\/\/repliquemangacine.fr\/dagues-medievales\/dague-poignard-romain-s-p-q-r\/#breadcrumb"},"inLanguage":"en-US","potentialAction":[{"@type":"ReadAction","target":["https:\/\/repliquemangacine.fr\/dagues-medievales\/dague-poignard-romain-s-p-q-r\/"]}]},{"@type":"ImageObject","inLanguage":"en-US","@id":"https:\/\/repliquemangacine.fr\/dagues-medievales\/dague-poignard-romain-s-p-q-r\/#primaryimage","url":"https:\/\/repliquemangacine.fr\/wp-content\/uploads\/2023\/10\/3219-Dague-poignard-Romain.jpg","contentUrl":"https:\/\/repliquemangacine.fr\/wp-content\/uploads\/2023\/10\/3219-Dague-poignard-Romain.jpg","width":800,"height":800,"caption":"Dague poignard Romain"},{"@type":"BreadcrumbList","@id":"https:\/\/repliquemangacine.fr\/dagues-medievales\/dague-poignard-romain-s-p-q-r\/#breadcrumb","itemListElement":[{"@type":"ListItem","position":1,"name":"Accueil","item":"https:\/\/repliquemangacine.fr\/"},{"@type":"ListItem","position":2,"name":"Produits","item":"https:\/\/repliquemangacine.fr\/boutique\/"},{"@type":"ListItem","position":3,"name":"Poignard Romain S.P.Q.R"}]},{"@type":"WebSite","@id":"https:\/\/repliquemangacine.fr\/#website","url":"https:\/\/repliquemangacine.fr\/","name":"R\u00e9plique Manga Cin\u00e9","description":"","publisher":{"@id":"https:\/\/repliquemangacine.fr\/#organization"},"potentialAction":[{"@type":"SearchAction","target":{"@type":"EntryPoint","urlTemplate":"https:\/\/repliquemangacine.fr\/?s={search_term_string}"},"query-input":{"@type":"PropertyValueSpecification","valueRequired":true,"valueName":"search_term_string"}}],"inLanguage":"en-US"},{"@type":"Organization","@id":"https:\/\/repliquemangacine.fr\/#organization","name":"R\u00e9plique Manga Cin\u00e9","url":"https:\/\/repliquemangacine.fr\/","logo":{"@type":"ImageObject","inLanguage":"en-US","@id":"https:\/\/repliquemangacine.fr\/#\/schema\/logo\/image\/","url":"https:\/\/repliquemangacine.fr\/wp-content\/uploads\/2023\/10\/RMC-500250.png","contentUrl":"https:\/\/repliquemangacine.fr\/wp-content\/uploads\/2023\/10\/RMC-500250.png","width":500,"height":250,"caption":"R\u00e9plique Manga Cin\u00e9"},"image":{"@id":"https:\/\/repliquemangacine.fr\/#\/schema\/logo\/image\/"},"sameAs":["https:\/\/www.facebook.com\/RepliqueMangaCine","https:\/\/www.instagram.com\/repliquemangacine.fr\/"]}]}},"_links":{"self":[{"href":"https:\/\/repliquemangacine.fr\/en\/wp-json\/wp\/v2\/product\/28515","targetHints":{"allow":["GET"]}}],"collection":[{"href":"https:\/\/repliquemangacine.fr\/en\/wp-json\/wp\/v2\/product"}],"about":[{"href":"https:\/\/repliquemangacine.fr\/en\/wp-json\/wp\/v2\/types\/product"}],"wp:featuredmedia":[{"embeddable":true,"href":"https:\/\/repliquemangacine.fr\/en\/wp-json\/wp\/v2\/media\/28516"}],"wp:attachment":[{"href":"https:\/\/repliquemangacine.fr\/en\/wp-json\/wp\/v2\/media?parent=28515"}],"wp:term":[{"taxonomy":"product_brand","embeddable":true,"href":"https:\/\/repliquemangacine.fr\/en\/wp-json\/wp\/v2\/product_brand?post=28515"},{"taxonomy":"product_cat","embeddable":true,"href":"https:\/\/repliquemangacine.fr\/en\/wp-json\/wp\/v2\/product_cat?post=28515"},{"taxonomy":"product_tag","embeddable":true,"href":"https:\/\/repliquemangacine.fr\/en\/wp-json\/wp\/v2\/product_tag?post=28515"}],"curies":[{"name":"wp","href":"https:\/\/api.w.org\/{rel}","templated":true}]}}