





{"id":28499,"date":"2019-10-27T19:30:22","date_gmt":"2019-10-27T18:30:22","guid":{"rendered":"https:\/\/repliquemangacine.fr\/?post_type=product&#038;p=28499"},"modified":"2026-01-09T11:04:22","modified_gmt":"2026-01-09T10:04:22","slug":"epee-de-glace-marcheurs-blancs","status":"publish","type":"product","link":"https:\/\/repliquemangacine.fr\/en\/epees-game-of-thrones\/epee-de-glace-marcheurs-blancs\/","title":{"rendered":"Lame de Glace Marcheurs Blancs"},"content":{"rendered":"<h2>Identical replica of the Ice Blade White Walkers from the cult series Game of Thrones.<\/h2>\n<p>The Lame de Glace Marcheurs Blancs is absolutely remarkable in its design.<\/p>\n<p>The most feared creatures in Westeros, posing a threat to all living things, the White Walkers of the frozen north are thousands of years old. Born of powerful, untested magic, they protected the Children of the Forest from the First Men, who had waged war against them since their arrival from Essos. These creatures use magical ice weapons that are stronger than steel and impervious to other weapons.<\/p>\n<p>White Walkers have the same appearance as humans, except for light-gray skin and white hair. Their eyes are ice-blue, like the Night King and the Spectres. Their skin gives them a skeletal appearance.<\/p>\n<p>Their strength is superior to that of humans. Like the Night King, White Walkers can resurrect human and animal corpses. They are armed with either ice swords or ice spears, capable of shattering all human weapons except those made of ice. <a href=\"https:\/\/gameofthrones.fandom.com\/fr\/wiki\/Acier_valyrien\">Valyrian steel<\/a>.<\/p>\n<h3>We bring you all the replica swords of your favorite Game of Thrones heroes.<\/h3>\n<p>First and foremost,<\/p>\n<ul>\n<li>Visit <a href=\"https:\/\/repliquemangacine.fr\/en\/game-of-thrones-swords\/arakh-serpe-de-khal-drogo-game-of-thrones-l-arme-des-dothrakis\/\">Drogo's billhook<\/a> husband of Daenerys.<\/li>\n<li>But also the <a href=\"https:\/\/repliquemangacine.fr\/en\/game-of-thrones-swords\/replica-catspaw-dagger-game-of-thrones\/\">Catspaw dagger<\/a> and the Valyrian steel blade Arya uses to kill the Night King.<\/li>\n<li>As well as the<a href=\"https:\/\/repliquemangacine.fr\/en\/game-of-thrones-swords\/game-of-thrones-eddard-stark-sword-hbo-tv-version\/\">Eddard Stark's sword<\/a>.<\/li>\n<li>And many more...<\/li>\n<\/ul>\n<p>A great gift idea for fans of the Game of Thrones series.<\/p>\n<h3>You can use the Lame de Glace Marcheurs Blancs for cosplay parades or theme parties.<\/h3>\n<p>Above all, it's a collector's item and a decoration.<\/p>\n<p><strong>Please note that all our replicas are collector's items and decorations. You can use them for historical re-enactments, cosplay parades or interior decoration. Consequently, it is not possible to go into public places with these replicas.<\/strong><\/p>","protected":false},"excerpt":{"rendered":"<p>Exclusively for R\u00e9plique Manga Cin\u00e9!<\/p>\n<ul>\n<li>Superb unofficial replica of this Ice Blade, the sword of the White Walkers.<\/li>\n<li>Made entirely of acrylic resin, lightweight and transparent.<\/li>\n<li>The illusion is perfect: it's hard to tell with the naked eye that it's not real ice.<\/li>\n<li>Its broad, flat blade tapers to a point and features a narrow handle.<\/li>\n<li>A pommel with two claws, just like the swords in the famous Game of Thrones series.<\/li>\n<li>Total length: 104cm - Blade thickness: 11.5 cm<\/li>\n<\/ul>\n<p><strong>\u00a0<\/strong><\/p>","protected":false},"featured_media":28500,"template":"","meta":[],"product_brand":[896],"product_cat":[72,24,47],"product_tag":[],"class_list":{"0":"post-28499","1":"product","2":"type-product","3":"status-publish","4":"has-post-thumbnail","6":"product_brand-replique-manga-cine","7":"product_cat-epees-game-of-thrones","8":"product_cat-films-series-tv-vente-de-katana-epee-et-produits-derives","9":"product_cat-game-of-thrones","11":"first","12":"instock","13":"taxable","14":"shipping-taxable","15":"purchasable","16":"product-type-simple"},"yoast_head":"<!-- This site is optimized with the Yoast SEO plugin v27.5 - https:\/\/yoast.com\/product\/yoast-seo-wordpress\/ -->\n<title>Lame de Glace Marcheurs Blancs - GOT - R\u00e9plique Manga Cin\u00e9<\/title>\n<meta name=\"description\" content=\"Exclusivit\u00e9 ! Achetez vite ! cette superbe Lame de Glace Marcheurs Blancs. Tout en r\u00e9sine acrylique. Une pi\u00e8ce rare \u00e0 ne pas manquer\" \/>\n<meta name=\"robots\" content=\"index, follow, max-snippet:-1, max-image-preview:large, max-video-preview:-1\" \/>\n<link rel=\"canonical\" href=\"https:\/\/repliquemangacine.fr\/en\/game-of-thrones-swords\/epee-de-glace-marcheurs-blancs\/\" \/>\n<meta property=\"og:locale\" content=\"en_US\" \/>\n<meta property=\"og:type\" content=\"article\" \/>\n<meta property=\"og:title\" content=\"Lame de Glace Marcheurs Blancs - GOT - R\u00e9plique Manga Cin\u00e9\" \/>\n<meta property=\"og:description\" content=\"Exclusivit\u00e9 ! Achetez vite ! cette superbe Lame de Glace Marcheurs Blancs. Tout en r\u00e9sine acrylique. Une pi\u00e8ce rare \u00e0 ne pas manquer\" \/>\n<meta property=\"og:url\" content=\"https:\/\/repliquemangacine.fr\/en\/game-of-thrones-swords\/epee-de-glace-marcheurs-blancs\/\" \/>\n<meta property=\"og:site_name\" content=\"R\u00e9plique Manga Cin\u00e9\" \/>\n<meta property=\"article:publisher\" content=\"https:\/\/www.facebook.com\/RepliqueMangaCine\" \/>\n<meta property=\"article:modified_time\" content=\"2026-01-09T10:04:22+00:00\" \/>\n<meta property=\"og:image\" content=\"https:\/\/repliquemangacine.fr\/wp-content\/uploads\/2023\/10\/3203-Epee-de-glace-Marcheurs-Blancs.jpg\" \/>\n\t<meta property=\"og:image:width\" content=\"800\" \/>\n\t<meta property=\"og:image:height\" content=\"800\" \/>\n\t<meta property=\"og:image:type\" content=\"image\/jpeg\" \/>\n<meta name=\"twitter:card\" content=\"summary_large_image\" \/>\n<meta name=\"twitter:label1\" content=\"Est. reading time\" \/>\n\t<meta name=\"twitter:data1\" content=\"1 minute\" \/>\n<script type=\"application\/ld+json\" class=\"yoast-schema-graph\">{\"@context\":\"https:\\\/\\\/schema.org\",\"@graph\":[{\"@type\":\"WebPage\",\"@id\":\"https:\\\/\\\/repliquemangacine.fr\\\/epees-game-of-thrones\\\/epee-de-glace-marcheurs-blancs\\\/\",\"url\":\"https:\\\/\\\/repliquemangacine.fr\\\/epees-game-of-thrones\\\/epee-de-glace-marcheurs-blancs\\\/\",\"name\":\"Lame de Glace Marcheurs Blancs - GOT - R\u00e9plique Manga Cin\u00e9\",\"isPartOf\":{\"@id\":\"https:\\\/\\\/repliquemangacine.fr\\\/#website\"},\"primaryImageOfPage\":{\"@id\":\"https:\\\/\\\/repliquemangacine.fr\\\/epees-game-of-thrones\\\/epee-de-glace-marcheurs-blancs\\\/#primaryimage\"},\"image\":{\"@id\":\"https:\\\/\\\/repliquemangacine.fr\\\/epees-game-of-thrones\\\/epee-de-glace-marcheurs-blancs\\\/#primaryimage\"},\"thumbnailUrl\":\"https:\\\/\\\/repliquemangacine.fr\\\/wp-content\\\/uploads\\\/2023\\\/10\\\/3203-Epee-de-glace-Marcheurs-Blancs.jpg\",\"datePublished\":\"2019-10-27T18:30:22+00:00\",\"dateModified\":\"2026-01-09T10:04:22+00:00\",\"description\":\"Exclusivit\u00e9 ! Achetez vite ! cette superbe Lame de Glace Marcheurs Blancs. Tout en r\u00e9sine acrylique. Une pi\u00e8ce rare \u00e0 ne pas manquer\",\"breadcrumb\":{\"@id\":\"https:\\\/\\\/repliquemangacine.fr\\\/epees-game-of-thrones\\\/epee-de-glace-marcheurs-blancs\\\/#breadcrumb\"},\"inLanguage\":\"en-US\",\"potentialAction\":[{\"@type\":\"ReadAction\",\"target\":[\"https:\\\/\\\/repliquemangacine.fr\\\/epees-game-of-thrones\\\/epee-de-glace-marcheurs-blancs\\\/\"]}]},{\"@type\":\"ImageObject\",\"inLanguage\":\"en-US\",\"@id\":\"https:\\\/\\\/repliquemangacine.fr\\\/epees-game-of-thrones\\\/epee-de-glace-marcheurs-blancs\\\/#primaryimage\",\"url\":\"https:\\\/\\\/repliquemangacine.fr\\\/wp-content\\\/uploads\\\/2023\\\/10\\\/3203-Epee-de-glace-Marcheurs-Blancs.jpg\",\"contentUrl\":\"https:\\\/\\\/repliquemangacine.fr\\\/wp-content\\\/uploads\\\/2023\\\/10\\\/3203-Epee-de-glace-Marcheurs-Blancs.jpg\",\"width\":800,\"height\":800,\"caption\":\"\u00c9p\u00e9e de glace Marcheurs Blancs\"},{\"@type\":\"BreadcrumbList\",\"@id\":\"https:\\\/\\\/repliquemangacine.fr\\\/epees-game-of-thrones\\\/epee-de-glace-marcheurs-blancs\\\/#breadcrumb\",\"itemListElement\":[{\"@type\":\"ListItem\",\"position\":1,\"name\":\"Accueil\",\"item\":\"https:\\\/\\\/repliquemangacine.fr\\\/\"},{\"@type\":\"ListItem\",\"position\":2,\"name\":\"Produits\",\"item\":\"https:\\\/\\\/repliquemangacine.fr\\\/boutique\\\/\"},{\"@type\":\"ListItem\",\"position\":3,\"name\":\"Lame de Glace Marcheurs Blancs\"}]},{\"@type\":\"WebSite\",\"@id\":\"https:\\\/\\\/repliquemangacine.fr\\\/#website\",\"url\":\"https:\\\/\\\/repliquemangacine.fr\\\/\",\"name\":\"R\u00e9plique Manga Cin\u00e9\",\"description\":\"\",\"publisher\":{\"@id\":\"https:\\\/\\\/repliquemangacine.fr\\\/#organization\"},\"potentialAction\":[{\"@type\":\"SearchAction\",\"target\":{\"@type\":\"EntryPoint\",\"urlTemplate\":\"https:\\\/\\\/repliquemangacine.fr\\\/?s={search_term_string}\"},\"query-input\":{\"@type\":\"PropertyValueSpecification\",\"valueRequired\":true,\"valueName\":\"search_term_string\"}}],\"inLanguage\":\"en-US\"},{\"@type\":\"Organization\",\"@id\":\"https:\\\/\\\/repliquemangacine.fr\\\/#organization\",\"name\":\"R\u00e9plique Manga Cin\u00e9\",\"url\":\"https:\\\/\\\/repliquemangacine.fr\\\/\",\"logo\":{\"@type\":\"ImageObject\",\"inLanguage\":\"en-US\",\"@id\":\"https:\\\/\\\/repliquemangacine.fr\\\/#\\\/schema\\\/logo\\\/image\\\/\",\"url\":\"https:\\\/\\\/repliquemangacine.fr\\\/wp-content\\\/uploads\\\/2023\\\/10\\\/RMC-500250.png\",\"contentUrl\":\"https:\\\/\\\/repliquemangacine.fr\\\/wp-content\\\/uploads\\\/2023\\\/10\\\/RMC-500250.png\",\"width\":500,\"height\":250,\"caption\":\"R\u00e9plique Manga Cin\u00e9\"},\"image\":{\"@id\":\"https:\\\/\\\/repliquemangacine.fr\\\/#\\\/schema\\\/logo\\\/image\\\/\"},\"sameAs\":[\"https:\\\/\\\/www.facebook.com\\\/RepliqueMangaCine\",\"https:\\\/\\\/www.instagram.com\\\/repliquemangacine.fr\\\/\"]}]}<\/script>\n<!-- \/ Yoast SEO plugin. -->","yoast_head_json":{"title":"White Walkers Ice Blade - GOT - R\u00e9plique Manga Cin\u00e9","description":"Exclusive! Buy now! This superb White Walker Ice Blade. All in acrylic resin. A rare piece not to be missed","robots":{"index":"index","follow":"follow","max-snippet":"max-snippet:-1","max-image-preview":"max-image-preview:large","max-video-preview":"max-video-preview:-1"},"canonical":"https:\/\/repliquemangacine.fr\/en\/game-of-thrones-swords\/epee-de-glace-marcheurs-blancs\/","og_locale":"en_US","og_type":"article","og_title":"Lame de Glace Marcheurs Blancs - GOT - R\u00e9plique Manga Cin\u00e9","og_description":"Exclusivit\u00e9 ! Achetez vite ! cette superbe Lame de Glace Marcheurs Blancs. Tout en r\u00e9sine acrylique. Une pi\u00e8ce rare \u00e0 ne pas manquer","og_url":"https:\/\/repliquemangacine.fr\/en\/game-of-thrones-swords\/epee-de-glace-marcheurs-blancs\/","og_site_name":"R\u00e9plique Manga Cin\u00e9","article_publisher":"https:\/\/www.facebook.com\/RepliqueMangaCine","article_modified_time":"2026-01-09T10:04:22+00:00","og_image":[{"width":800,"height":800,"url":"https:\/\/repliquemangacine.fr\/wp-content\/uploads\/2023\/10\/3203-Epee-de-glace-Marcheurs-Blancs.jpg","type":"image\/jpeg"}],"twitter_card":"summary_large_image","twitter_misc":{"Est. reading time":"1 minute"},"schema":{"@context":"https:\/\/schema.org","@graph":[{"@type":"WebPage","@id":"https:\/\/repliquemangacine.fr\/epees-game-of-thrones\/epee-de-glace-marcheurs-blancs\/","url":"https:\/\/repliquemangacine.fr\/epees-game-of-thrones\/epee-de-glace-marcheurs-blancs\/","name":"White Walkers Ice Blade - GOT - R\u00e9plique Manga Cin\u00e9","isPartOf":{"@id":"https:\/\/repliquemangacine.fr\/#website"},"primaryImageOfPage":{"@id":"https:\/\/repliquemangacine.fr\/epees-game-of-thrones\/epee-de-glace-marcheurs-blancs\/#primaryimage"},"image":{"@id":"https:\/\/repliquemangacine.fr\/epees-game-of-thrones\/epee-de-glace-marcheurs-blancs\/#primaryimage"},"thumbnailUrl":"https:\/\/repliquemangacine.fr\/wp-content\/uploads\/2023\/10\/3203-Epee-de-glace-Marcheurs-Blancs.jpg","datePublished":"2019-10-27T18:30:22+00:00","dateModified":"2026-01-09T10:04:22+00:00","description":"Exclusive! Buy now! This superb White Walker Ice Blade. All in acrylic resin. A rare piece not to be missed","breadcrumb":{"@id":"https:\/\/repliquemangacine.fr\/epees-game-of-thrones\/epee-de-glace-marcheurs-blancs\/#breadcrumb"},"inLanguage":"en-US","potentialAction":[{"@type":"ReadAction","target":["https:\/\/repliquemangacine.fr\/epees-game-of-thrones\/epee-de-glace-marcheurs-blancs\/"]}]},{"@type":"ImageObject","inLanguage":"en-US","@id":"https:\/\/repliquemangacine.fr\/epees-game-of-thrones\/epee-de-glace-marcheurs-blancs\/#primaryimage","url":"https:\/\/repliquemangacine.fr\/wp-content\/uploads\/2023\/10\/3203-Epee-de-glace-Marcheurs-Blancs.jpg","contentUrl":"https:\/\/repliquemangacine.fr\/wp-content\/uploads\/2023\/10\/3203-Epee-de-glace-Marcheurs-Blancs.jpg","width":800,"height":800,"caption":"\u00c9p\u00e9e de glace Marcheurs Blancs"},{"@type":"BreadcrumbList","@id":"https:\/\/repliquemangacine.fr\/epees-game-of-thrones\/epee-de-glace-marcheurs-blancs\/#breadcrumb","itemListElement":[{"@type":"ListItem","position":1,"name":"Accueil","item":"https:\/\/repliquemangacine.fr\/"},{"@type":"ListItem","position":2,"name":"Produits","item":"https:\/\/repliquemangacine.fr\/boutique\/"},{"@type":"ListItem","position":3,"name":"Lame de Glace Marcheurs Blancs"}]},{"@type":"WebSite","@id":"https:\/\/repliquemangacine.fr\/#website","url":"https:\/\/repliquemangacine.fr\/","name":"R\u00e9plique Manga Cin\u00e9","description":"","publisher":{"@id":"https:\/\/repliquemangacine.fr\/#organization"},"potentialAction":[{"@type":"SearchAction","target":{"@type":"EntryPoint","urlTemplate":"https:\/\/repliquemangacine.fr\/?s={search_term_string}"},"query-input":{"@type":"PropertyValueSpecification","valueRequired":true,"valueName":"search_term_string"}}],"inLanguage":"en-US"},{"@type":"Organization","@id":"https:\/\/repliquemangacine.fr\/#organization","name":"R\u00e9plique Manga Cin\u00e9","url":"https:\/\/repliquemangacine.fr\/","logo":{"@type":"ImageObject","inLanguage":"en-US","@id":"https:\/\/repliquemangacine.fr\/#\/schema\/logo\/image\/","url":"https:\/\/repliquemangacine.fr\/wp-content\/uploads\/2023\/10\/RMC-500250.png","contentUrl":"https:\/\/repliquemangacine.fr\/wp-content\/uploads\/2023\/10\/RMC-500250.png","width":500,"height":250,"caption":"R\u00e9plique Manga Cin\u00e9"},"image":{"@id":"https:\/\/repliquemangacine.fr\/#\/schema\/logo\/image\/"},"sameAs":["https:\/\/www.facebook.com\/RepliqueMangaCine","https:\/\/www.instagram.com\/repliquemangacine.fr\/"]}]}},"_links":{"self":[{"href":"https:\/\/repliquemangacine.fr\/en\/wp-json\/wp\/v2\/product\/28499","targetHints":{"allow":["GET"]}}],"collection":[{"href":"https:\/\/repliquemangacine.fr\/en\/wp-json\/wp\/v2\/product"}],"about":[{"href":"https:\/\/repliquemangacine.fr\/en\/wp-json\/wp\/v2\/types\/product"}],"wp:featuredmedia":[{"embeddable":true,"href":"https:\/\/repliquemangacine.fr\/en\/wp-json\/wp\/v2\/media\/28500"}],"wp:attachment":[{"href":"https:\/\/repliquemangacine.fr\/en\/wp-json\/wp\/v2\/media?parent=28499"}],"wp:term":[{"taxonomy":"product_brand","embeddable":true,"href":"https:\/\/repliquemangacine.fr\/en\/wp-json\/wp\/v2\/product_brand?post=28499"},{"taxonomy":"product_cat","embeddable":true,"href":"https:\/\/repliquemangacine.fr\/en\/wp-json\/wp\/v2\/product_cat?post=28499"},{"taxonomy":"product_tag","embeddable":true,"href":"https:\/\/repliquemangacine.fr\/en\/wp-json\/wp\/v2\/product_tag?post=28499"}],"curies":[{"name":"wp","href":"https:\/\/api.w.org\/{rel}","templated":true}]}}