





{"id":28487,"date":"2019-10-26T19:27:03","date_gmt":"2019-10-26T17:27:03","guid":{"rendered":"https:\/\/repliquemangacine.fr\/?post_type=product&#038;p=28487"},"modified":"2025-12-02T16:31:50","modified_gmt":"2025-12-02T15:31:50","slug":"oathkeeper-sword-red-tyrion-sword-game-of-thrones","status":"publish","type":"product","link":"https:\/\/repliquemangacine.fr\/en\/epees-game-of-thrones\/epee-oathkeeper-rouge-epee-de-tyrion-game-of-thrones\/","title":{"rendered":"Tyrion Lannister's sword"},"content":{"rendered":"<h2>Tyrion Lannister's sword in Game of Thrones.<\/h2>\n<p>To get started, the<strong>Tyrion Lannister's sword<\/strong> is called Oathkeeper rouge, designed to reproduce the one described by author George R.R. Martin in the books.<\/p>\n<p>Tyrion is unhappy, despised by everyone because of his size. His father Tywin <a href=\"https:\/\/gameofthrones.fandom.com\/fr\/wiki\/Maison_Lannister\" target=\"_blank\" rel=\"noopener noreferrer\">Lannister<\/a> and his sister Cersei Lannister hate him, his mother died giving birth to him and the only one who loves him is his brother Jaime Lannister.<\/p>\n<p>He is aware of the dark secret shared by Cersei and Jaime. Although not physically very powerful, he has a cunning and cynical mind, and often uses the fact that others underestimate him to his advantage.<\/p>\n<h2>Your Tyrion Lannister sword at the best price.<\/h2>\n<p>We bring you all the replica swords of your favorite Game of Thrones heroes.<\/p>\n<p>First and foremost,<\/p>\n<ul>\n<li>L'<a href=\"https:\/\/repliquemangacine.fr\/en\/game-of-thrones\/jon-snow-sword-grand-griffe-game-of-thrones\/\">Grand Griffe sword<\/a> of Jon Snow exists in a novel version.<\/li>\n<li>But also the<a href=\"https:\/\/repliquemangacine.fr\/en\/game-of-thrones-swords\/brienne-de-torth-oathkeeper-sword-game-of-thrones\/\">Fairy sword<\/a> given by Jaime to Brienne de Tarth.<\/li>\n<li>As well as <a href=\"https:\/\/repliquemangacine.fr\/en\/collectors-jewelry\/oeuf-de-viserion-game-of-thrones\/\">dragon eggs<\/a> of Daenerys.<\/li>\n<li>And many more besides.<\/li>\n<\/ul>\n<p>So here's a great gift idea for fans of the Game of Thrones series.<\/p>\n<p>In conclusion, you can use<strong>Tyrion Lannister's sword<\/strong> for your cosplay parades or theme parties. But above all, it's a collector's item and a decoration.<\/p>\n<h2>How to maintain the blade of your Game of Thrones sword?<\/h2>\n<p>Collector's and decorative swords are made and assembled in a simplified way. As their use is decorative, they lack the safety features required of a Japanese sword intended for training.<\/p>\n<p>However, your <strong>Tyrion Lannister's sword<\/strong> to a steel blade that needs to be cared for to avoid damage over time. In fact, when you display your katana, your friends will be curious to see and touch the blade. This is where you need to be careful, as the acidity of your fingers is very harmful to steel, whatever its quality.<\/p>\n<p>However, if this does happen, don't panic - all you need is a cloth dampened with a little oil and a wipe of fingerprints. By doing so, you'll keep your sword looking its best for a very long time.<\/p>","protected":false},"excerpt":{"rendered":"<p>Replica of the red Oathkeeper sword, Tyrion's sword in Game of Thrones.<\/p>\n<ul>\n<li>440 steel blade with grooves.<\/li>\n<li>Glossy red patina treatment.<\/li>\n<li>Engraved steel hilt.<\/li>\n<li>Handle covered in red imitation leather.<\/li>\n<li>Lion head knob.<\/li>\n<li>Wall plate.<\/li>\n<li>Blade length: 80 cm - Total length: 109 cm<\/li>\n<\/ul>","protected":false},"featured_media":28488,"template":"","meta":[],"product_brand":[896],"product_cat":[72,24,47],"product_tag":[],"class_list":{"0":"post-28487","1":"product","2":"type-product","3":"status-publish","4":"has-post-thumbnail","6":"product_brand-replique-manga-cine","7":"product_cat-epees-game-of-thrones","8":"product_cat-films-series-tv-vente-de-katana-epee-et-produits-derives","9":"product_cat-game-of-thrones","11":"first","12":"instock","13":"sale","14":"taxable","15":"shipping-taxable","16":"purchasable","17":"product-type-simple"},"yoast_head":"<!-- This site is optimized with the Yoast SEO plugin v27.5 - https:\/\/yoast.com\/product\/yoast-seo-wordpress\/ -->\n<title>Ep\u00e9e de Tyrion Lannister - Ep\u00e9e Game of Thrones | RMC<\/title>\n<meta name=\"description\" content=\"Offrez-lui l&#039;Ep\u00e9e de Tyrion Lannister dans Game of Thrones au meilleur prix. Lame en acier rouge - Pommeau t\u00eate de lion - Longueur : 109 cm - Support\" \/>\n<meta name=\"robots\" content=\"index, follow, max-snippet:-1, max-image-preview:large, max-video-preview:-1\" \/>\n<link rel=\"canonical\" href=\"https:\/\/repliquemangacine.fr\/en\/game-of-thrones-swords\/oathkeeper-sword-red-tyrion-sword-game-of-thrones\/\" \/>\n<meta property=\"og:locale\" content=\"en_US\" \/>\n<meta property=\"og:type\" content=\"article\" \/>\n<meta property=\"og:title\" content=\"Ep\u00e9e de Tyrion Lannister - Ep\u00e9e Game of Thrones | RMC\" \/>\n<meta property=\"og:description\" content=\"Offrez-lui l&#039;Ep\u00e9e de Tyrion Lannister dans Game of Thrones au meilleur prix. Lame en acier rouge - Pommeau t\u00eate de lion - Longueur : 109 cm - Support\" \/>\n<meta property=\"og:url\" content=\"https:\/\/repliquemangacine.fr\/en\/game-of-thrones-swords\/oathkeeper-sword-red-tyrion-sword-game-of-thrones\/\" \/>\n<meta property=\"og:site_name\" content=\"R\u00e9plique Manga Cin\u00e9\" \/>\n<meta property=\"article:publisher\" content=\"https:\/\/www.facebook.com\/RepliqueMangaCine\" \/>\n<meta property=\"article:modified_time\" content=\"2025-12-02T15:31:50+00:00\" \/>\n<meta property=\"og:image\" content=\"https:\/\/repliquemangacine.fr\/wp-content\/uploads\/2023\/10\/3193-Epee-Oathkeeper-rouge-epee-de-Tyrion-Game-of-Thrones.jpg\" \/>\n\t<meta property=\"og:image:width\" content=\"800\" \/>\n\t<meta property=\"og:image:height\" content=\"800\" \/>\n\t<meta property=\"og:image:type\" content=\"image\/jpeg\" \/>\n<meta name=\"twitter:card\" content=\"summary_large_image\" \/>\n<meta name=\"twitter:label1\" content=\"Est. reading time\" \/>\n\t<meta name=\"twitter:data1\" content=\"1 minute\" \/>\n<script type=\"application\/ld+json\" class=\"yoast-schema-graph\">{\"@context\":\"https:\\\/\\\/schema.org\",\"@graph\":[{\"@type\":\"WebPage\",\"@id\":\"https:\\\/\\\/repliquemangacine.fr\\\/epees-game-of-thrones\\\/epee-oathkeeper-rouge-epee-de-tyrion-game-of-thrones\\\/\",\"url\":\"https:\\\/\\\/repliquemangacine.fr\\\/epees-game-of-thrones\\\/epee-oathkeeper-rouge-epee-de-tyrion-game-of-thrones\\\/\",\"name\":\"Ep\u00e9e de Tyrion Lannister - Ep\u00e9e Game of Thrones | RMC\",\"isPartOf\":{\"@id\":\"https:\\\/\\\/repliquemangacine.fr\\\/#website\"},\"primaryImageOfPage\":{\"@id\":\"https:\\\/\\\/repliquemangacine.fr\\\/epees-game-of-thrones\\\/epee-oathkeeper-rouge-epee-de-tyrion-game-of-thrones\\\/#primaryimage\"},\"image\":{\"@id\":\"https:\\\/\\\/repliquemangacine.fr\\\/epees-game-of-thrones\\\/epee-oathkeeper-rouge-epee-de-tyrion-game-of-thrones\\\/#primaryimage\"},\"thumbnailUrl\":\"https:\\\/\\\/repliquemangacine.fr\\\/wp-content\\\/uploads\\\/2023\\\/10\\\/3193-Epee-Oathkeeper-rouge-epee-de-Tyrion-Game-of-Thrones.jpg\",\"datePublished\":\"2019-10-26T17:27:03+00:00\",\"dateModified\":\"2025-12-02T15:31:50+00:00\",\"description\":\"Offrez-lui l'Ep\u00e9e de Tyrion Lannister dans Game of Thrones au meilleur prix. Lame en acier rouge - Pommeau t\u00eate de lion - Longueur : 109 cm - Support\",\"breadcrumb\":{\"@id\":\"https:\\\/\\\/repliquemangacine.fr\\\/epees-game-of-thrones\\\/epee-oathkeeper-rouge-epee-de-tyrion-game-of-thrones\\\/#breadcrumb\"},\"inLanguage\":\"en-US\",\"potentialAction\":[{\"@type\":\"ReadAction\",\"target\":[\"https:\\\/\\\/repliquemangacine.fr\\\/epees-game-of-thrones\\\/epee-oathkeeper-rouge-epee-de-tyrion-game-of-thrones\\\/\"]}]},{\"@type\":\"ImageObject\",\"inLanguage\":\"en-US\",\"@id\":\"https:\\\/\\\/repliquemangacine.fr\\\/epees-game-of-thrones\\\/epee-oathkeeper-rouge-epee-de-tyrion-game-of-thrones\\\/#primaryimage\",\"url\":\"https:\\\/\\\/repliquemangacine.fr\\\/wp-content\\\/uploads\\\/2023\\\/10\\\/3193-Epee-Oathkeeper-rouge-epee-de-Tyrion-Game-of-Thrones.jpg\",\"contentUrl\":\"https:\\\/\\\/repliquemangacine.fr\\\/wp-content\\\/uploads\\\/2023\\\/10\\\/3193-Epee-Oathkeeper-rouge-epee-de-Tyrion-Game-of-Thrones.jpg\",\"width\":800,\"height\":800,\"caption\":\"Ep\u00e9e Oathkeeper rouge, \u00e9p\u00e9e de Tyrion- Game of Thrones\"},{\"@type\":\"BreadcrumbList\",\"@id\":\"https:\\\/\\\/repliquemangacine.fr\\\/epees-game-of-thrones\\\/epee-oathkeeper-rouge-epee-de-tyrion-game-of-thrones\\\/#breadcrumb\",\"itemListElement\":[{\"@type\":\"ListItem\",\"position\":1,\"name\":\"Accueil\",\"item\":\"https:\\\/\\\/repliquemangacine.fr\\\/\"},{\"@type\":\"ListItem\",\"position\":2,\"name\":\"Produits\",\"item\":\"https:\\\/\\\/repliquemangacine.fr\\\/boutique\\\/\"},{\"@type\":\"ListItem\",\"position\":3,\"name\":\"Ep\u00e9e de Tyrion Lannister\"}]},{\"@type\":\"WebSite\",\"@id\":\"https:\\\/\\\/repliquemangacine.fr\\\/#website\",\"url\":\"https:\\\/\\\/repliquemangacine.fr\\\/\",\"name\":\"R\u00e9plique Manga Cin\u00e9\",\"description\":\"\",\"publisher\":{\"@id\":\"https:\\\/\\\/repliquemangacine.fr\\\/#organization\"},\"potentialAction\":[{\"@type\":\"SearchAction\",\"target\":{\"@type\":\"EntryPoint\",\"urlTemplate\":\"https:\\\/\\\/repliquemangacine.fr\\\/?s={search_term_string}\"},\"query-input\":{\"@type\":\"PropertyValueSpecification\",\"valueRequired\":true,\"valueName\":\"search_term_string\"}}],\"inLanguage\":\"en-US\"},{\"@type\":\"Organization\",\"@id\":\"https:\\\/\\\/repliquemangacine.fr\\\/#organization\",\"name\":\"R\u00e9plique Manga Cin\u00e9\",\"url\":\"https:\\\/\\\/repliquemangacine.fr\\\/\",\"logo\":{\"@type\":\"ImageObject\",\"inLanguage\":\"en-US\",\"@id\":\"https:\\\/\\\/repliquemangacine.fr\\\/#\\\/schema\\\/logo\\\/image\\\/\",\"url\":\"https:\\\/\\\/repliquemangacine.fr\\\/wp-content\\\/uploads\\\/2023\\\/10\\\/RMC-500250.png\",\"contentUrl\":\"https:\\\/\\\/repliquemangacine.fr\\\/wp-content\\\/uploads\\\/2023\\\/10\\\/RMC-500250.png\",\"width\":500,\"height\":250,\"caption\":\"R\u00e9plique Manga Cin\u00e9\"},\"image\":{\"@id\":\"https:\\\/\\\/repliquemangacine.fr\\\/#\\\/schema\\\/logo\\\/image\\\/\"},\"sameAs\":[\"https:\\\/\\\/www.facebook.com\\\/RepliqueMangaCine\",\"https:\\\/\\\/www.instagram.com\\\/repliquemangacine.fr\\\/\"]}]}<\/script>\n<!-- \/ Yoast SEO plugin. -->","yoast_head_json":{"title":"Tyrion Lannister's sword - Game of Thrones sword | RMC","description":"Offer him the Sword of Tyrion Lannister in Game of Thrones at the best price. Red steel blade - Lion head pommel - Length: 109 cm - Stand","robots":{"index":"index","follow":"follow","max-snippet":"max-snippet:-1","max-image-preview":"max-image-preview:large","max-video-preview":"max-video-preview:-1"},"canonical":"https:\/\/repliquemangacine.fr\/en\/game-of-thrones-swords\/oathkeeper-sword-red-tyrion-sword-game-of-thrones\/","og_locale":"en_US","og_type":"article","og_title":"Ep\u00e9e de Tyrion Lannister - Ep\u00e9e Game of Thrones | RMC","og_description":"Offrez-lui l'Ep\u00e9e de Tyrion Lannister dans Game of Thrones au meilleur prix. Lame en acier rouge - Pommeau t\u00eate de lion - Longueur : 109 cm - Support","og_url":"https:\/\/repliquemangacine.fr\/en\/game-of-thrones-swords\/oathkeeper-sword-red-tyrion-sword-game-of-thrones\/","og_site_name":"R\u00e9plique Manga Cin\u00e9","article_publisher":"https:\/\/www.facebook.com\/RepliqueMangaCine","article_modified_time":"2025-12-02T15:31:50+00:00","og_image":[{"width":800,"height":800,"url":"https:\/\/repliquemangacine.fr\/wp-content\/uploads\/2023\/10\/3193-Epee-Oathkeeper-rouge-epee-de-Tyrion-Game-of-Thrones.jpg","type":"image\/jpeg"}],"twitter_card":"summary_large_image","twitter_misc":{"Est. reading time":"1 minute"},"schema":{"@context":"https:\/\/schema.org","@graph":[{"@type":"WebPage","@id":"https:\/\/repliquemangacine.fr\/epees-game-of-thrones\/epee-oathkeeper-rouge-epee-de-tyrion-game-of-thrones\/","url":"https:\/\/repliquemangacine.fr\/epees-game-of-thrones\/epee-oathkeeper-rouge-epee-de-tyrion-game-of-thrones\/","name":"Tyrion Lannister's sword - Game of Thrones sword | RMC","isPartOf":{"@id":"https:\/\/repliquemangacine.fr\/#website"},"primaryImageOfPage":{"@id":"https:\/\/repliquemangacine.fr\/epees-game-of-thrones\/epee-oathkeeper-rouge-epee-de-tyrion-game-of-thrones\/#primaryimage"},"image":{"@id":"https:\/\/repliquemangacine.fr\/epees-game-of-thrones\/epee-oathkeeper-rouge-epee-de-tyrion-game-of-thrones\/#primaryimage"},"thumbnailUrl":"https:\/\/repliquemangacine.fr\/wp-content\/uploads\/2023\/10\/3193-Epee-Oathkeeper-rouge-epee-de-Tyrion-Game-of-Thrones.jpg","datePublished":"2019-10-26T17:27:03+00:00","dateModified":"2025-12-02T15:31:50+00:00","description":"Offer him the Sword of Tyrion Lannister in Game of Thrones at the best price. Red steel blade - Lion head pommel - Length: 109 cm - Stand","breadcrumb":{"@id":"https:\/\/repliquemangacine.fr\/epees-game-of-thrones\/epee-oathkeeper-rouge-epee-de-tyrion-game-of-thrones\/#breadcrumb"},"inLanguage":"en-US","potentialAction":[{"@type":"ReadAction","target":["https:\/\/repliquemangacine.fr\/epees-game-of-thrones\/epee-oathkeeper-rouge-epee-de-tyrion-game-of-thrones\/"]}]},{"@type":"ImageObject","inLanguage":"en-US","@id":"https:\/\/repliquemangacine.fr\/epees-game-of-thrones\/epee-oathkeeper-rouge-epee-de-tyrion-game-of-thrones\/#primaryimage","url":"https:\/\/repliquemangacine.fr\/wp-content\/uploads\/2023\/10\/3193-Epee-Oathkeeper-rouge-epee-de-Tyrion-Game-of-Thrones.jpg","contentUrl":"https:\/\/repliquemangacine.fr\/wp-content\/uploads\/2023\/10\/3193-Epee-Oathkeeper-rouge-epee-de-Tyrion-Game-of-Thrones.jpg","width":800,"height":800,"caption":"Ep\u00e9e Oathkeeper rouge, \u00e9p\u00e9e de Tyrion- Game of Thrones"},{"@type":"BreadcrumbList","@id":"https:\/\/repliquemangacine.fr\/epees-game-of-thrones\/epee-oathkeeper-rouge-epee-de-tyrion-game-of-thrones\/#breadcrumb","itemListElement":[{"@type":"ListItem","position":1,"name":"Accueil","item":"https:\/\/repliquemangacine.fr\/"},{"@type":"ListItem","position":2,"name":"Produits","item":"https:\/\/repliquemangacine.fr\/boutique\/"},{"@type":"ListItem","position":3,"name":"Ep\u00e9e de Tyrion Lannister"}]},{"@type":"WebSite","@id":"https:\/\/repliquemangacine.fr\/#website","url":"https:\/\/repliquemangacine.fr\/","name":"R\u00e9plique Manga Cin\u00e9","description":"","publisher":{"@id":"https:\/\/repliquemangacine.fr\/#organization"},"potentialAction":[{"@type":"SearchAction","target":{"@type":"EntryPoint","urlTemplate":"https:\/\/repliquemangacine.fr\/?s={search_term_string}"},"query-input":{"@type":"PropertyValueSpecification","valueRequired":true,"valueName":"search_term_string"}}],"inLanguage":"en-US"},{"@type":"Organization","@id":"https:\/\/repliquemangacine.fr\/#organization","name":"R\u00e9plique Manga Cin\u00e9","url":"https:\/\/repliquemangacine.fr\/","logo":{"@type":"ImageObject","inLanguage":"en-US","@id":"https:\/\/repliquemangacine.fr\/#\/schema\/logo\/image\/","url":"https:\/\/repliquemangacine.fr\/wp-content\/uploads\/2023\/10\/RMC-500250.png","contentUrl":"https:\/\/repliquemangacine.fr\/wp-content\/uploads\/2023\/10\/RMC-500250.png","width":500,"height":250,"caption":"R\u00e9plique Manga Cin\u00e9"},"image":{"@id":"https:\/\/repliquemangacine.fr\/#\/schema\/logo\/image\/"},"sameAs":["https:\/\/www.facebook.com\/RepliqueMangaCine","https:\/\/www.instagram.com\/repliquemangacine.fr\/"]}]}},"_links":{"self":[{"href":"https:\/\/repliquemangacine.fr\/en\/wp-json\/wp\/v2\/product\/28487","targetHints":{"allow":["GET"]}}],"collection":[{"href":"https:\/\/repliquemangacine.fr\/en\/wp-json\/wp\/v2\/product"}],"about":[{"href":"https:\/\/repliquemangacine.fr\/en\/wp-json\/wp\/v2\/types\/product"}],"wp:featuredmedia":[{"embeddable":true,"href":"https:\/\/repliquemangacine.fr\/en\/wp-json\/wp\/v2\/media\/28488"}],"wp:attachment":[{"href":"https:\/\/repliquemangacine.fr\/en\/wp-json\/wp\/v2\/media?parent=28487"}],"wp:term":[{"taxonomy":"product_brand","embeddable":true,"href":"https:\/\/repliquemangacine.fr\/en\/wp-json\/wp\/v2\/product_brand?post=28487"},{"taxonomy":"product_cat","embeddable":true,"href":"https:\/\/repliquemangacine.fr\/en\/wp-json\/wp\/v2\/product_cat?post=28487"},{"taxonomy":"product_tag","embeddable":true,"href":"https:\/\/repliquemangacine.fr\/en\/wp-json\/wp\/v2\/product_tag?post=28487"}],"curies":[{"name":"wp","href":"https:\/\/api.w.org\/{rel}","templated":true}]}}