





{"id":28476,"date":"2019-10-23T15:55:30","date_gmt":"2019-10-23T13:55:30","guid":{"rendered":"https:\/\/repliquemangacine.fr\/?post_type=product&#038;p=28476"},"modified":"2026-02-05T10:43:49","modified_gmt":"2026-02-05T09:43:49","slug":"metal-ball-wall-bracket","status":"publish","type":"product","link":"https:\/\/repliquemangacine.fr\/en\/reproductions-armes-seconde-guerre-mondiale-denix\/support-mural-balle-metal\/","title":{"rendered":"Metal ball wall bracket"},"content":{"rendered":"<h2>Metal ball wall bracket - Denix<\/h2>\n<p>To begin with, the <strong>Metal ball wall bracket<\/strong>the essential accessory for wall-mounted display of your replicas <a href=\"https:\/\/www.denix.fr\/\" target=\"_blank\" rel=\"noopener noreferrer\">Denix<\/a>.<\/p>\n<p>This support adjusts the depth between 3 and 5 cm, so you can fit several layers of rifle or Colt. Shaped like a Cal.30-06 Springfield bullet, you're sure to amaze!<\/p>\n<p>High-quality, made with meticulous attention to detail. In fact, Denix manufacturing is partly manual, to reproduce the smallest detail. More important parts are machined by precise machines. Engravings generally made with a diamond tip or laser.<\/p>\n<p>Denix, world leader in historical weapon reproduction. Denix's emphasis is on creating high-quality replicas that are as historically accurate as possible.<\/p>\n<h2>Your historical weapons reproductions at the best price.<\/h2>\n<p>We offer a wide range of Denix replica weapons. This wall mount will fit perfectly with all the replica weapons offered in our online store.<\/p>\n<p>First and foremost,<\/p>\n<ul>\n<li>The rifle <a href=\"https:\/\/repliquemangacine.fr\/en\/replica-western-winchesters\/winchester-john-wayne-rifle-model-1892\/\">Winchester John Wayne<\/a> 1892 with its large lever under guard.<\/li>\n<li>As well as the <a href=\"https:\/\/repliquemangacine.fr\/en\/winchester-rifle\/henry-rifle-usa-civil-war-1860\/\">Henry rifle<\/a> 1860, as famous as American and Italian westerns.<\/li>\n<li>There are also <a href=\"https:\/\/repliquemangacine.fr\/en\/colt-pistol\/\">Peacemaker colts<\/a> 45 caliber, in several barrel lengths<\/li>\n<li>And many more to discover in our online store!<\/li>\n<\/ul>\n<p>That's why here are some great gift ideas for all historical weapons enthusiasts.<\/p>\n<p>In conclusion, you can use this <strong>Metal ball wall bracket<\/strong> for your historical and interior display.<\/p>\n<p>R\u00e9plique Manga Cin\u00e9 is a French family business and official distributor of the Denix brand.<\/p>","protected":false},"excerpt":{"rendered":"<p>Superb Cal.30-06 Springfield bullet-shaped wall mount.<\/p>\n<ul>\n<li>All metal.<\/li>\n<li>Adjustable spacing from 3 cm to 5 cm.<\/li>\n<li>Supplied in pairs with screws.<\/li>\n<li>Height of each ball: 8.5cm - Weight of set: 135 grams.<\/li>\n<\/ul>","protected":false},"featured_media":28477,"template":"","meta":[],"product_brand":[896],"product_cat":[51,25,102,46,54,85,28,76,27],"product_tag":[],"class_list":{"0":"post-28476","1":"product","2":"type-product","3":"status-publish","4":"has-post-thumbnail","6":"product_brand-replique-manga-cine","7":"product_cat-accessoires-western","8":"product_cat-armes-historiques","9":"product_cat-denix","10":"product_cat-fusil-d-assaut-fusil-moderne","11":"product_cat-armes-accessoires-guerre-mondiale","12":"product_cat-dagues-et-accessoires-seconde-guerre-mondiale-materiels-militaria","13":"product_cat-repliques-darmes","14":"product_cat-reproductions-armes-seconde-guerre-mondiale-denix","15":"product_cat-armes-et-accessoires-western","17":"first","18":"outofstock","19":"taxable","20":"shipping-taxable","21":"purchasable","22":"product-type-simple"},"yoast_head":"<!-- This site is optimized with the Yoast SEO plugin v27.5 - https:\/\/yoast.com\/product\/yoast-seo-wordpress\/ -->\n<title>Support mural balle m\u00e9tal - Denix | R\u00e9plique Manga Cin\u00e9<\/title>\n<meta name=\"description\" content=\"Offrez-vous cet ensemble de deux pi\u00e8ces Support mural balle m\u00e9tal au meilleur prix - Tout en m\u00e9tal - \u00c9cartement r\u00e9glable de 3 cm \u00e0 5 cm.\" \/>\n<meta name=\"robots\" content=\"index, follow, max-snippet:-1, max-image-preview:large, max-video-preview:-1\" \/>\n<link rel=\"canonical\" href=\"https:\/\/repliquemangacine.fr\/en\/denix\/metal-ball-wall-bracket\/\" \/>\n<meta property=\"og:locale\" content=\"en_US\" \/>\n<meta property=\"og:type\" content=\"article\" \/>\n<meta property=\"og:title\" content=\"Support mural balle m\u00e9tal - Denix | R\u00e9plique Manga Cin\u00e9\" \/>\n<meta property=\"og:description\" content=\"Offrez-vous cet ensemble de deux pi\u00e8ces Support mural balle m\u00e9tal au meilleur prix - Tout en m\u00e9tal - \u00c9cartement r\u00e9glable de 3 cm \u00e0 5 cm.\" \/>\n<meta property=\"og:url\" content=\"https:\/\/repliquemangacine.fr\/en\/denix\/metal-ball-wall-bracket\/\" \/>\n<meta property=\"og:site_name\" content=\"R\u00e9plique Manga Cin\u00e9\" \/>\n<meta property=\"article:publisher\" content=\"https:\/\/www.facebook.com\/RepliqueMangaCine\" \/>\n<meta property=\"article:modified_time\" content=\"2026-02-05T09:43:49+00:00\" \/>\n<meta property=\"og:image\" content=\"https:\/\/repliquemangacine.fr\/wp-content\/uploads\/2023\/10\/3184-Support-pour-Fusil.jpg\" \/>\n\t<meta property=\"og:image:width\" content=\"800\" \/>\n\t<meta property=\"og:image:height\" content=\"800\" \/>\n\t<meta property=\"og:image:type\" content=\"image\/jpeg\" \/>\n<meta name=\"twitter:card\" content=\"summary_large_image\" \/>\n<meta name=\"twitter:label1\" content=\"Est. reading time\" \/>\n\t<meta name=\"twitter:data1\" content=\"1 minute\" \/>\n<script type=\"application\/ld+json\" class=\"yoast-schema-graph\">{\"@context\":\"https:\\\/\\\/schema.org\",\"@graph\":[{\"@type\":\"WebPage\",\"@id\":\"https:\\\/\\\/repliquemangacine.fr\\\/denix\\\/support-mural-balle-metal\\\/\",\"url\":\"https:\\\/\\\/repliquemangacine.fr\\\/denix\\\/support-mural-balle-metal\\\/\",\"name\":\"Support mural balle m\u00e9tal - Denix | R\u00e9plique Manga Cin\u00e9\",\"isPartOf\":{\"@id\":\"https:\\\/\\\/repliquemangacine.fr\\\/#website\"},\"primaryImageOfPage\":{\"@id\":\"https:\\\/\\\/repliquemangacine.fr\\\/denix\\\/support-mural-balle-metal\\\/#primaryimage\"},\"image\":{\"@id\":\"https:\\\/\\\/repliquemangacine.fr\\\/denix\\\/support-mural-balle-metal\\\/#primaryimage\"},\"thumbnailUrl\":\"https:\\\/\\\/repliquemangacine.fr\\\/wp-content\\\/uploads\\\/2023\\\/10\\\/3184-Support-pour-Fusil.jpg\",\"datePublished\":\"2019-10-23T13:55:30+00:00\",\"dateModified\":\"2026-02-05T09:43:49+00:00\",\"description\":\"Offrez-vous cet ensemble de deux pi\u00e8ces Support mural balle m\u00e9tal au meilleur prix - Tout en m\u00e9tal - \u00c9cartement r\u00e9glable de 3 cm \u00e0 5 cm.\",\"breadcrumb\":{\"@id\":\"https:\\\/\\\/repliquemangacine.fr\\\/denix\\\/support-mural-balle-metal\\\/#breadcrumb\"},\"inLanguage\":\"en-US\",\"potentialAction\":[{\"@type\":\"ReadAction\",\"target\":[\"https:\\\/\\\/repliquemangacine.fr\\\/denix\\\/support-mural-balle-metal\\\/\"]}]},{\"@type\":\"ImageObject\",\"inLanguage\":\"en-US\",\"@id\":\"https:\\\/\\\/repliquemangacine.fr\\\/denix\\\/support-mural-balle-metal\\\/#primaryimage\",\"url\":\"https:\\\/\\\/repliquemangacine.fr\\\/wp-content\\\/uploads\\\/2023\\\/10\\\/3184-Support-pour-Fusil.jpg\",\"contentUrl\":\"https:\\\/\\\/repliquemangacine.fr\\\/wp-content\\\/uploads\\\/2023\\\/10\\\/3184-Support-pour-Fusil.jpg\",\"width\":800,\"height\":800,\"caption\":\"Support mural balle m\u00e9tal pour Fusil\"},{\"@type\":\"BreadcrumbList\",\"@id\":\"https:\\\/\\\/repliquemangacine.fr\\\/denix\\\/support-mural-balle-metal\\\/#breadcrumb\",\"itemListElement\":[{\"@type\":\"ListItem\",\"position\":1,\"name\":\"Accueil\",\"item\":\"https:\\\/\\\/repliquemangacine.fr\\\/\"},{\"@type\":\"ListItem\",\"position\":2,\"name\":\"Produits\",\"item\":\"https:\\\/\\\/repliquemangacine.fr\\\/boutique\\\/\"},{\"@type\":\"ListItem\",\"position\":3,\"name\":\"Support mural balle m\u00e9tal\"}]},{\"@type\":\"WebSite\",\"@id\":\"https:\\\/\\\/repliquemangacine.fr\\\/#website\",\"url\":\"https:\\\/\\\/repliquemangacine.fr\\\/\",\"name\":\"R\u00e9plique Manga Cin\u00e9\",\"description\":\"\",\"publisher\":{\"@id\":\"https:\\\/\\\/repliquemangacine.fr\\\/#organization\"},\"potentialAction\":[{\"@type\":\"SearchAction\",\"target\":{\"@type\":\"EntryPoint\",\"urlTemplate\":\"https:\\\/\\\/repliquemangacine.fr\\\/?s={search_term_string}\"},\"query-input\":{\"@type\":\"PropertyValueSpecification\",\"valueRequired\":true,\"valueName\":\"search_term_string\"}}],\"inLanguage\":\"en-US\"},{\"@type\":\"Organization\",\"@id\":\"https:\\\/\\\/repliquemangacine.fr\\\/#organization\",\"name\":\"R\u00e9plique Manga Cin\u00e9\",\"url\":\"https:\\\/\\\/repliquemangacine.fr\\\/\",\"logo\":{\"@type\":\"ImageObject\",\"inLanguage\":\"en-US\",\"@id\":\"https:\\\/\\\/repliquemangacine.fr\\\/#\\\/schema\\\/logo\\\/image\\\/\",\"url\":\"https:\\\/\\\/repliquemangacine.fr\\\/wp-content\\\/uploads\\\/2023\\\/10\\\/RMC-500250.png\",\"contentUrl\":\"https:\\\/\\\/repliquemangacine.fr\\\/wp-content\\\/uploads\\\/2023\\\/10\\\/RMC-500250.png\",\"width\":500,\"height\":250,\"caption\":\"R\u00e9plique Manga Cin\u00e9\"},\"image\":{\"@id\":\"https:\\\/\\\/repliquemangacine.fr\\\/#\\\/schema\\\/logo\\\/image\\\/\"},\"sameAs\":[\"https:\\\/\\\/www.facebook.com\\\/RepliqueMangaCine\",\"https:\\\/\\\/www.instagram.com\\\/repliquemangacine.fr\\\/\"]}]}<\/script>\n<!-- \/ Yoast SEO plugin. -->","yoast_head_json":{"title":"Metal ball wall bracket - Denix | R\u00e9plique Manga Cin\u00e9","description":"Treat yourself to this two-piece set Metal ball wall bracket at the best price - All metal - Adjustable spacing from 3 cm to 5 cm.","robots":{"index":"index","follow":"follow","max-snippet":"max-snippet:-1","max-image-preview":"max-image-preview:large","max-video-preview":"max-video-preview:-1"},"canonical":"https:\/\/repliquemangacine.fr\/en\/denix\/metal-ball-wall-bracket\/","og_locale":"en_US","og_type":"article","og_title":"Support mural balle m\u00e9tal - Denix | R\u00e9plique Manga Cin\u00e9","og_description":"Offrez-vous cet ensemble de deux pi\u00e8ces Support mural balle m\u00e9tal au meilleur prix - Tout en m\u00e9tal - \u00c9cartement r\u00e9glable de 3 cm \u00e0 5 cm.","og_url":"https:\/\/repliquemangacine.fr\/en\/denix\/metal-ball-wall-bracket\/","og_site_name":"R\u00e9plique Manga Cin\u00e9","article_publisher":"https:\/\/www.facebook.com\/RepliqueMangaCine","article_modified_time":"2026-02-05T09:43:49+00:00","og_image":[{"width":800,"height":800,"url":"https:\/\/repliquemangacine.fr\/wp-content\/uploads\/2023\/10\/3184-Support-pour-Fusil.jpg","type":"image\/jpeg"}],"twitter_card":"summary_large_image","twitter_misc":{"Est. reading time":"1 minute"},"schema":{"@context":"https:\/\/schema.org","@graph":[{"@type":"WebPage","@id":"https:\/\/repliquemangacine.fr\/denix\/support-mural-balle-metal\/","url":"https:\/\/repliquemangacine.fr\/denix\/support-mural-balle-metal\/","name":"Metal ball wall bracket - Denix | R\u00e9plique Manga Cin\u00e9","isPartOf":{"@id":"https:\/\/repliquemangacine.fr\/#website"},"primaryImageOfPage":{"@id":"https:\/\/repliquemangacine.fr\/denix\/support-mural-balle-metal\/#primaryimage"},"image":{"@id":"https:\/\/repliquemangacine.fr\/denix\/support-mural-balle-metal\/#primaryimage"},"thumbnailUrl":"https:\/\/repliquemangacine.fr\/wp-content\/uploads\/2023\/10\/3184-Support-pour-Fusil.jpg","datePublished":"2019-10-23T13:55:30+00:00","dateModified":"2026-02-05T09:43:49+00:00","description":"Treat yourself to this two-piece set Metal ball wall bracket at the best price - All metal - Adjustable spacing from 3 cm to 5 cm.","breadcrumb":{"@id":"https:\/\/repliquemangacine.fr\/denix\/support-mural-balle-metal\/#breadcrumb"},"inLanguage":"en-US","potentialAction":[{"@type":"ReadAction","target":["https:\/\/repliquemangacine.fr\/denix\/support-mural-balle-metal\/"]}]},{"@type":"ImageObject","inLanguage":"en-US","@id":"https:\/\/repliquemangacine.fr\/denix\/support-mural-balle-metal\/#primaryimage","url":"https:\/\/repliquemangacine.fr\/wp-content\/uploads\/2023\/10\/3184-Support-pour-Fusil.jpg","contentUrl":"https:\/\/repliquemangacine.fr\/wp-content\/uploads\/2023\/10\/3184-Support-pour-Fusil.jpg","width":800,"height":800,"caption":"Support mural balle m\u00e9tal pour Fusil"},{"@type":"BreadcrumbList","@id":"https:\/\/repliquemangacine.fr\/denix\/support-mural-balle-metal\/#breadcrumb","itemListElement":[{"@type":"ListItem","position":1,"name":"Accueil","item":"https:\/\/repliquemangacine.fr\/"},{"@type":"ListItem","position":2,"name":"Produits","item":"https:\/\/repliquemangacine.fr\/boutique\/"},{"@type":"ListItem","position":3,"name":"Support mural balle m\u00e9tal"}]},{"@type":"WebSite","@id":"https:\/\/repliquemangacine.fr\/#website","url":"https:\/\/repliquemangacine.fr\/","name":"R\u00e9plique Manga Cin\u00e9","description":"","publisher":{"@id":"https:\/\/repliquemangacine.fr\/#organization"},"potentialAction":[{"@type":"SearchAction","target":{"@type":"EntryPoint","urlTemplate":"https:\/\/repliquemangacine.fr\/?s={search_term_string}"},"query-input":{"@type":"PropertyValueSpecification","valueRequired":true,"valueName":"search_term_string"}}],"inLanguage":"en-US"},{"@type":"Organization","@id":"https:\/\/repliquemangacine.fr\/#organization","name":"R\u00e9plique Manga Cin\u00e9","url":"https:\/\/repliquemangacine.fr\/","logo":{"@type":"ImageObject","inLanguage":"en-US","@id":"https:\/\/repliquemangacine.fr\/#\/schema\/logo\/image\/","url":"https:\/\/repliquemangacine.fr\/wp-content\/uploads\/2023\/10\/RMC-500250.png","contentUrl":"https:\/\/repliquemangacine.fr\/wp-content\/uploads\/2023\/10\/RMC-500250.png","width":500,"height":250,"caption":"R\u00e9plique Manga Cin\u00e9"},"image":{"@id":"https:\/\/repliquemangacine.fr\/#\/schema\/logo\/image\/"},"sameAs":["https:\/\/www.facebook.com\/RepliqueMangaCine","https:\/\/www.instagram.com\/repliquemangacine.fr\/"]}]}},"_links":{"self":[{"href":"https:\/\/repliquemangacine.fr\/en\/wp-json\/wp\/v2\/product\/28476","targetHints":{"allow":["GET"]}}],"collection":[{"href":"https:\/\/repliquemangacine.fr\/en\/wp-json\/wp\/v2\/product"}],"about":[{"href":"https:\/\/repliquemangacine.fr\/en\/wp-json\/wp\/v2\/types\/product"}],"wp:featuredmedia":[{"embeddable":true,"href":"https:\/\/repliquemangacine.fr\/en\/wp-json\/wp\/v2\/media\/28477"}],"wp:attachment":[{"href":"https:\/\/repliquemangacine.fr\/en\/wp-json\/wp\/v2\/media?parent=28476"}],"wp:term":[{"taxonomy":"product_brand","embeddable":true,"href":"https:\/\/repliquemangacine.fr\/en\/wp-json\/wp\/v2\/product_brand?post=28476"},{"taxonomy":"product_cat","embeddable":true,"href":"https:\/\/repliquemangacine.fr\/en\/wp-json\/wp\/v2\/product_cat?post=28476"},{"taxonomy":"product_tag","embeddable":true,"href":"https:\/\/repliquemangacine.fr\/en\/wp-json\/wp\/v2\/product_tag?post=28476"}],"curies":[{"name":"wp","href":"https:\/\/api.w.org\/{rel}","templated":true}]}}