





{"id":28384,"date":"2019-09-08T15:42:38","date_gmt":"2019-09-08T13:42:38","guid":{"rendered":"https:\/\/repliquemangacine.fr\/?post_type=product&#038;p=28384"},"modified":"2025-09-23T18:02:19","modified_gmt":"2025-09-23T16:02:19","slug":"kukri-eureka-2-machete-zombie-killer-the-walking-dead","status":"publish","type":"product","link":"https:\/\/repliquemangacine.fr\/en\/armes-the-walking-dead\/machette-kukri-eureka-2-machette-tueur-de-zombie-the-walking-dead\/","title":{"rendered":"Machete Kukri Eureka 2"},"content":{"rendered":"<h2>Machete Kukri Eureka 2<\/h2>\n<p>The Kukri Eureka 2 Machete is specially designed to kill zombies! Machete used by Eugene in The Walking Dead.<\/p>\n<p>A <a href=\"https:\/\/fr.wikipedia.org\/wiki\/Machette\" target=\"_blank\" rel=\"noopener noreferrer\">machete<\/a> is a long, short-handled knife with a thick blade, about 40 cm long, designed as a vegetation-cutting tool. In fact, it is generally used to cut through dense vegetation and to open hard-shelled fruits such as coconuts.<\/p>\n<p>The machete was used by the French army in the second half of the 19th century and in the first half of the 20th century under the name of \"sabre d'abattis\".<\/p>\n<p>Widely used in movies and video games. In Assassin's Creed III: Liberation, the heroine Aveline de Grandpr\u00e9 uses a machete for hand-to-hand combat.<\/p>\n<h2>Your Kukri Eureka 2 Machete at the best price.<\/h2>\n<p>We offer a wide selection of The Walking Dead replicas.<\/p>\n<p>First and foremost,<\/p>\n<ul>\n<li>An identical replica of the <a href=\"https:\/\/repliquemangacine.fr\/en\/films-tv-series-sale-of-katana-sword-and-related-products\/katana-forge-de-michonne\/\">Michonne's katana<\/a> cutting version in The Walking Dead series.<\/li>\n<li>There is also the <a href=\"https:\/\/repliquemangacine.fr\/en\/the-walking-dead\/zombie-killer-machete\/\">zombie killer machete<\/a>.<\/li>\n<li>And many more to discover in our online store!<\/li>\n<\/ul>\n<p>So here's a great gift idea for all The Walking Dead fans.<\/p>\n<p>In conclusion, you can also use this Kukri Eureka 2 Machete for your Halloweens or theme parties. But above all, it's a collector's item and a great decoration.<\/p>\n<h2>How to care for your sword blade<\/h2>\n<p>Collector's and decorative swords are made and assembled in a simplified way. As their use is decorative, they lack the safety features required of a Japanese sword intended for training.<\/p>\n<p>However, your <strong>Machete Kukri Eureka 2<\/strong> to a steel blade that needs to be cared for to avoid damage over time. In fact, when you display your katana, your friends will be curious to see and touch the blade. This is where you need to be careful, as the acidity of your fingers is very harmful to steel, whatever its quality.<\/p>\n<p>However, if this does happen, don't panic - all you need is a cloth dampened with a little oil and a wipe of fingerprints. By doing so, you'll keep your sword looking its best for a very long time.<\/p>","protected":false},"excerpt":{"rendered":"<p>Machete used by Eugene in The Walking Dead.<\/p>\n<ul>\n<li>Pre-sharpened 440 steel blade.<\/li>\n<li>ABS handle held by three screws and nuts.<\/li>\n<li>Cordura storage case.<\/li>\n<li>Blade length: 44 cm - overall length: 61 cm - Weight: 675 grams<\/li>\n<\/ul>","protected":false},"featured_media":28385,"template":"","meta":[],"product_brand":[896],"product_cat":[24,62],"product_tag":[648,641,649],"class_list":{"0":"post-28384","1":"product","2":"type-product","3":"status-publish","4":"has-post-thumbnail","6":"product_brand-replique-manga-cine","7":"product_cat-films-series-tv-vente-de-katana-epee-et-produits-derives","8":"product_cat-armes-the-walking-dead","9":"product_tag-kukri","10":"product_tag-machette","11":"product_tag-machette-kukri","13":"first","14":"instock","15":"taxable","16":"shipping-taxable","17":"purchasable","18":"product-type-simple"},"yoast_head":"<!-- This site is optimized with the Yoast SEO plugin v27.5 - https:\/\/yoast.com\/product\/yoast-seo-wordpress\/ -->\n<title>Machette Kukri Eureka 2 - Walking Dead - R\u00e9plique Manga Cin\u00e9<\/title>\n<meta name=\"description\" content=\"Commandez vite ! votre Machette Kukri Eureka 2 au meilleur prix. Lame en acier - Fait d&#039;une seule pi\u00e8ce - Poign\u00e9e ABS - Longueur totale : 61 cm\" \/>\n<meta name=\"robots\" content=\"index, follow, max-snippet:-1, max-image-preview:large, max-video-preview:-1\" \/>\n<link rel=\"canonical\" href=\"https:\/\/repliquemangacine.fr\/en\/weapons-the-walking-dead\/kukri-eureka-2-machete-zombie-killer-the-walking-dead\/\" \/>\n<meta property=\"og:locale\" content=\"en_US\" \/>\n<meta property=\"og:type\" content=\"article\" \/>\n<meta property=\"og:title\" content=\"Machette Kukri Eureka 2 - Walking Dead - R\u00e9plique Manga Cin\u00e9\" \/>\n<meta property=\"og:description\" content=\"Commandez vite ! votre Machette Kukri Eureka 2 au meilleur prix. Lame en acier - Fait d&#039;une seule pi\u00e8ce - Poign\u00e9e ABS - Longueur totale : 61 cm\" \/>\n<meta property=\"og:url\" content=\"https:\/\/repliquemangacine.fr\/en\/weapons-the-walking-dead\/kukri-eureka-2-machete-zombie-killer-the-walking-dead\/\" \/>\n<meta property=\"og:site_name\" content=\"R\u00e9plique Manga Cin\u00e9\" \/>\n<meta property=\"article:publisher\" content=\"https:\/\/www.facebook.com\/RepliqueMangaCine\" \/>\n<meta property=\"article:modified_time\" content=\"2025-09-23T16:02:19+00:00\" \/>\n<meta property=\"og:image\" content=\"https:\/\/repliquemangacine.fr\/wp-content\/uploads\/2023\/10\/3087-Machette-Kukri-Eureka-II.jpg\" \/>\n\t<meta property=\"og:image:width\" content=\"800\" \/>\n\t<meta property=\"og:image:height\" content=\"800\" \/>\n\t<meta property=\"og:image:type\" content=\"image\/jpeg\" \/>\n<meta name=\"twitter:card\" content=\"summary_large_image\" \/>\n<meta name=\"twitter:label1\" content=\"Est. reading time\" \/>\n\t<meta name=\"twitter:data1\" content=\"1 minute\" \/>\n<script type=\"application\/ld+json\" class=\"yoast-schema-graph\">{\"@context\":\"https:\\\/\\\/schema.org\",\"@graph\":[{\"@type\":\"WebPage\",\"@id\":\"https:\\\/\\\/repliquemangacine.fr\\\/en\\\/weapons-the-walking-dead\\\/kukri-eureka-2-machete-zombie-killer-the-walking-dead\\\/\",\"url\":\"https:\\\/\\\/repliquemangacine.fr\\\/en\\\/weapons-the-walking-dead\\\/kukri-eureka-2-machete-zombie-killer-the-walking-dead\\\/\",\"name\":\"Machette Kukri Eureka 2 - Walking Dead - R\u00e9plique Manga Cin\u00e9\",\"isPartOf\":{\"@id\":\"https:\\\/\\\/repliquemangacine.fr\\\/#website\"},\"primaryImageOfPage\":{\"@id\":\"https:\\\/\\\/repliquemangacine.fr\\\/en\\\/weapons-the-walking-dead\\\/kukri-eureka-2-machete-zombie-killer-the-walking-dead\\\/#primaryimage\"},\"image\":{\"@id\":\"https:\\\/\\\/repliquemangacine.fr\\\/en\\\/weapons-the-walking-dead\\\/kukri-eureka-2-machete-zombie-killer-the-walking-dead\\\/#primaryimage\"},\"thumbnailUrl\":\"https:\\\/\\\/repliquemangacine.fr\\\/wp-content\\\/uploads\\\/2023\\\/10\\\/3087-Machette-Kukri-Eureka-II.jpg\",\"datePublished\":\"2019-09-08T13:42:38+00:00\",\"dateModified\":\"2025-09-23T16:02:19+00:00\",\"description\":\"Commandez vite ! votre Machette Kukri Eureka 2 au meilleur prix. Lame en acier - Fait d'une seule pi\u00e8ce - Poign\u00e9e ABS - Longueur totale : 61 cm\",\"breadcrumb\":{\"@id\":\"https:\\\/\\\/repliquemangacine.fr\\\/en\\\/weapons-the-walking-dead\\\/kukri-eureka-2-machete-zombie-killer-the-walking-dead\\\/#breadcrumb\"},\"inLanguage\":\"en-US\",\"potentialAction\":[{\"@type\":\"ReadAction\",\"target\":[\"https:\\\/\\\/repliquemangacine.fr\\\/en\\\/weapons-the-walking-dead\\\/kukri-eureka-2-machete-zombie-killer-the-walking-dead\\\/\"]}]},{\"@type\":\"ImageObject\",\"inLanguage\":\"en-US\",\"@id\":\"https:\\\/\\\/repliquemangacine.fr\\\/en\\\/weapons-the-walking-dead\\\/kukri-eureka-2-machete-zombie-killer-the-walking-dead\\\/#primaryimage\",\"url\":\"https:\\\/\\\/repliquemangacine.fr\\\/wp-content\\\/uploads\\\/2023\\\/10\\\/3087-Machette-Kukri-Eureka-II.jpg\",\"contentUrl\":\"https:\\\/\\\/repliquemangacine.fr\\\/wp-content\\\/uploads\\\/2023\\\/10\\\/3087-Machette-Kukri-Eureka-II.jpg\",\"width\":800,\"height\":800,\"caption\":\"Machette Kukri Eureka II\"},{\"@type\":\"BreadcrumbList\",\"@id\":\"https:\\\/\\\/repliquemangacine.fr\\\/en\\\/weapons-the-walking-dead\\\/kukri-eureka-2-machete-zombie-killer-the-walking-dead\\\/#breadcrumb\",\"itemListElement\":[{\"@type\":\"ListItem\",\"position\":1,\"name\":\"Accueil\",\"item\":\"https:\\\/\\\/repliquemangacine.fr\\\/\"},{\"@type\":\"ListItem\",\"position\":2,\"name\":\"Produits\",\"item\":\"https:\\\/\\\/repliquemangacine.fr\\\/boutique\\\/\"},{\"@type\":\"ListItem\",\"position\":3,\"name\":\"Machette Kukri Eureka 2\"}]},{\"@type\":\"WebSite\",\"@id\":\"https:\\\/\\\/repliquemangacine.fr\\\/#website\",\"url\":\"https:\\\/\\\/repliquemangacine.fr\\\/\",\"name\":\"R\u00e9plique Manga Cin\u00e9\",\"description\":\"\",\"publisher\":{\"@id\":\"https:\\\/\\\/repliquemangacine.fr\\\/#organization\"},\"potentialAction\":[{\"@type\":\"SearchAction\",\"target\":{\"@type\":\"EntryPoint\",\"urlTemplate\":\"https:\\\/\\\/repliquemangacine.fr\\\/?s={search_term_string}\"},\"query-input\":{\"@type\":\"PropertyValueSpecification\",\"valueRequired\":true,\"valueName\":\"search_term_string\"}}],\"inLanguage\":\"en-US\"},{\"@type\":\"Organization\",\"@id\":\"https:\\\/\\\/repliquemangacine.fr\\\/#organization\",\"name\":\"R\u00e9plique Manga Cin\u00e9\",\"url\":\"https:\\\/\\\/repliquemangacine.fr\\\/\",\"logo\":{\"@type\":\"ImageObject\",\"inLanguage\":\"en-US\",\"@id\":\"https:\\\/\\\/repliquemangacine.fr\\\/#\\\/schema\\\/logo\\\/image\\\/\",\"url\":\"https:\\\/\\\/repliquemangacine.fr\\\/wp-content\\\/uploads\\\/2023\\\/10\\\/RMC-500250.png\",\"contentUrl\":\"https:\\\/\\\/repliquemangacine.fr\\\/wp-content\\\/uploads\\\/2023\\\/10\\\/RMC-500250.png\",\"width\":500,\"height\":250,\"caption\":\"R\u00e9plique Manga Cin\u00e9\"},\"image\":{\"@id\":\"https:\\\/\\\/repliquemangacine.fr\\\/#\\\/schema\\\/logo\\\/image\\\/\"},\"sameAs\":[\"https:\\\/\\\/www.facebook.com\\\/RepliqueMangaCine\",\"https:\\\/\\\/www.instagram.com\\\/repliquemangacine.fr\\\/\"]}]}<\/script>\n<!-- \/ Yoast SEO plugin. -->","yoast_head_json":{"title":"Machete Kukri Eureka 2 - Walking Dead - R\u00e9plique Manga Cin\u00e9","description":"Order now! Your Kukri Eureka 2 Machete at the best price. Steel blade - Made in one piece - ABS handle - Total length: 61 cm","robots":{"index":"index","follow":"follow","max-snippet":"max-snippet:-1","max-image-preview":"max-image-preview:large","max-video-preview":"max-video-preview:-1"},"canonical":"https:\/\/repliquemangacine.fr\/en\/weapons-the-walking-dead\/kukri-eureka-2-machete-zombie-killer-the-walking-dead\/","og_locale":"en_US","og_type":"article","og_title":"Machette Kukri Eureka 2 - Walking Dead - R\u00e9plique Manga Cin\u00e9","og_description":"Commandez vite ! votre Machette Kukri Eureka 2 au meilleur prix. Lame en acier - Fait d'une seule pi\u00e8ce - Poign\u00e9e ABS - Longueur totale : 61 cm","og_url":"https:\/\/repliquemangacine.fr\/en\/weapons-the-walking-dead\/kukri-eureka-2-machete-zombie-killer-the-walking-dead\/","og_site_name":"R\u00e9plique Manga Cin\u00e9","article_publisher":"https:\/\/www.facebook.com\/RepliqueMangaCine","article_modified_time":"2025-09-23T16:02:19+00:00","og_image":[{"width":800,"height":800,"url":"https:\/\/repliquemangacine.fr\/wp-content\/uploads\/2023\/10\/3087-Machette-Kukri-Eureka-II.jpg","type":"image\/jpeg"}],"twitter_card":"summary_large_image","twitter_misc":{"Est. reading time":"1 minute"},"schema":{"@context":"https:\/\/schema.org","@graph":[{"@type":"WebPage","@id":"https:\/\/repliquemangacine.fr\/en\/weapons-the-walking-dead\/kukri-eureka-2-machete-zombie-killer-the-walking-dead\/","url":"https:\/\/repliquemangacine.fr\/en\/weapons-the-walking-dead\/kukri-eureka-2-machete-zombie-killer-the-walking-dead\/","name":"Machete Kukri Eureka 2 - Walking Dead - R\u00e9plique Manga Cin\u00e9","isPartOf":{"@id":"https:\/\/repliquemangacine.fr\/#website"},"primaryImageOfPage":{"@id":"https:\/\/repliquemangacine.fr\/en\/weapons-the-walking-dead\/kukri-eureka-2-machete-zombie-killer-the-walking-dead\/#primaryimage"},"image":{"@id":"https:\/\/repliquemangacine.fr\/en\/weapons-the-walking-dead\/kukri-eureka-2-machete-zombie-killer-the-walking-dead\/#primaryimage"},"thumbnailUrl":"https:\/\/repliquemangacine.fr\/wp-content\/uploads\/2023\/10\/3087-Machette-Kukri-Eureka-II.jpg","datePublished":"2019-09-08T13:42:38+00:00","dateModified":"2025-09-23T16:02:19+00:00","description":"Order now! Your Kukri Eureka 2 Machete at the best price. Steel blade - Made in one piece - ABS handle - Total length: 61 cm","breadcrumb":{"@id":"https:\/\/repliquemangacine.fr\/en\/weapons-the-walking-dead\/kukri-eureka-2-machete-zombie-killer-the-walking-dead\/#breadcrumb"},"inLanguage":"en-US","potentialAction":[{"@type":"ReadAction","target":["https:\/\/repliquemangacine.fr\/en\/weapons-the-walking-dead\/kukri-eureka-2-machete-zombie-killer-the-walking-dead\/"]}]},{"@type":"ImageObject","inLanguage":"en-US","@id":"https:\/\/repliquemangacine.fr\/en\/weapons-the-walking-dead\/kukri-eureka-2-machete-zombie-killer-the-walking-dead\/#primaryimage","url":"https:\/\/repliquemangacine.fr\/wp-content\/uploads\/2023\/10\/3087-Machette-Kukri-Eureka-II.jpg","contentUrl":"https:\/\/repliquemangacine.fr\/wp-content\/uploads\/2023\/10\/3087-Machette-Kukri-Eureka-II.jpg","width":800,"height":800,"caption":"Machette Kukri Eureka II"},{"@type":"BreadcrumbList","@id":"https:\/\/repliquemangacine.fr\/en\/weapons-the-walking-dead\/kukri-eureka-2-machete-zombie-killer-the-walking-dead\/#breadcrumb","itemListElement":[{"@type":"ListItem","position":1,"name":"Accueil","item":"https:\/\/repliquemangacine.fr\/"},{"@type":"ListItem","position":2,"name":"Produits","item":"https:\/\/repliquemangacine.fr\/boutique\/"},{"@type":"ListItem","position":3,"name":"Machette Kukri Eureka 2"}]},{"@type":"WebSite","@id":"https:\/\/repliquemangacine.fr\/#website","url":"https:\/\/repliquemangacine.fr\/","name":"R\u00e9plique Manga Cin\u00e9","description":"","publisher":{"@id":"https:\/\/repliquemangacine.fr\/#organization"},"potentialAction":[{"@type":"SearchAction","target":{"@type":"EntryPoint","urlTemplate":"https:\/\/repliquemangacine.fr\/?s={search_term_string}"},"query-input":{"@type":"PropertyValueSpecification","valueRequired":true,"valueName":"search_term_string"}}],"inLanguage":"en-US"},{"@type":"Organization","@id":"https:\/\/repliquemangacine.fr\/#organization","name":"R\u00e9plique Manga Cin\u00e9","url":"https:\/\/repliquemangacine.fr\/","logo":{"@type":"ImageObject","inLanguage":"en-US","@id":"https:\/\/repliquemangacine.fr\/#\/schema\/logo\/image\/","url":"https:\/\/repliquemangacine.fr\/wp-content\/uploads\/2023\/10\/RMC-500250.png","contentUrl":"https:\/\/repliquemangacine.fr\/wp-content\/uploads\/2023\/10\/RMC-500250.png","width":500,"height":250,"caption":"R\u00e9plique Manga Cin\u00e9"},"image":{"@id":"https:\/\/repliquemangacine.fr\/#\/schema\/logo\/image\/"},"sameAs":["https:\/\/www.facebook.com\/RepliqueMangaCine","https:\/\/www.instagram.com\/repliquemangacine.fr\/"]}]}},"_links":{"self":[{"href":"https:\/\/repliquemangacine.fr\/en\/wp-json\/wp\/v2\/product\/28384","targetHints":{"allow":["GET"]}}],"collection":[{"href":"https:\/\/repliquemangacine.fr\/en\/wp-json\/wp\/v2\/product"}],"about":[{"href":"https:\/\/repliquemangacine.fr\/en\/wp-json\/wp\/v2\/types\/product"}],"wp:featuredmedia":[{"embeddable":true,"href":"https:\/\/repliquemangacine.fr\/en\/wp-json\/wp\/v2\/media\/28385"}],"wp:attachment":[{"href":"https:\/\/repliquemangacine.fr\/en\/wp-json\/wp\/v2\/media?parent=28384"}],"wp:term":[{"taxonomy":"product_brand","embeddable":true,"href":"https:\/\/repliquemangacine.fr\/en\/wp-json\/wp\/v2\/product_brand?post=28384"},{"taxonomy":"product_cat","embeddable":true,"href":"https:\/\/repliquemangacine.fr\/en\/wp-json\/wp\/v2\/product_cat?post=28384"},{"taxonomy":"product_tag","embeddable":true,"href":"https:\/\/repliquemangacine.fr\/en\/wp-json\/wp\/v2\/product_tag?post=28384"}],"curies":[{"name":"wp","href":"https:\/\/api.w.org\/{rel}","templated":true}]}}