





{"id":28280,"date":"2019-09-05T15:20:14","date_gmt":"2019-09-05T13:20:14","guid":{"rendered":"https:\/\/repliquemangacine.fr\/?post_type=product&#038;p=28280"},"modified":"2025-09-23T18:02:17","modified_gmt":"2025-09-23T16:02:17","slug":"game-of-thrones-resin-stemmed-glass-ghost-wolf-glass","status":"publish","type":"product","link":"https:\/\/repliquemangacine.fr\/en\/mugs-manga\/verre-a-pied-en-resine-game-of-thrones-verre-loup-fantome\/","title":{"rendered":"Game of Thrones stemware"},"content":{"rendered":"<h2>Game of Thrones glass<\/h2>\n<p>To begin with, the <strong>Game of Thrones glass<\/strong>, inspired by the GOT series. This stemmed glass has Ghost's head on both sides. Phantom, one of the wolves discovered by the children of House Stark. Adopted and raised by Jon Snow.<\/p>\n<p>Game Of Throne, also known as The Iron Throne, American fantasy television series created by David Benioff and D. B. Weiss.<\/p>\n<p>This is the adaptation of the series of novels written by George R. R. Martin. This saga is renowned for its realism and its many inspirations from real events. Certain historical places and characters, such as the War of the Two Roses, Hadrian's Wall or Henry VII Tudor.<\/p>\n<h2>Your Games of Thrones glass at the best price.<\/h2>\n<p>We offer a wide selection of inexpensive GOT swords and collectibles.<\/p>\n<p>First and foremost,<\/p>\n<ul>\n<li>L'<a href=\"https:\/\/repliquemangacine.fr\/en\/game-of-thrones-swords\/jaime-lannister-sword-game-of-thrones\/\">Jaime Lannister's sword<\/a> with its head-shaped pommel.<\/li>\n<li>As well as the <a href=\"https:\/\/repliquemangacine.fr\/en\/house-of-the-dragon\/replica-catspaw-dagger-game-of-thrones\/\">Catspaw dagger<\/a> of arya, but also seen in House of Dragon.<\/li>\n<li>There are also dragon eggs, licensed by HBO and distributed by <a href=\"https:\/\/noblecollection.fr\/\" target=\"_blank\" rel=\"noopener noreferrer\">Noble Collection<\/a><\/li>\n<li>And much more to discover in our online store!<\/li>\n<\/ul>\n<p>So here's a great gift idea for fans of the Game of Thones series.<\/p>\n<p>In conclusion, you can use the <strong>Game of Thrones glass<\/strong> in everyday life during your coffee breaks. But above all, it's a collector's item and a decoration.<\/p>\n<h2>How are your collectors' items made?<\/h2>\n<p>To begin with, all our derived products are of the highest quality, manufactured with meticulous attention to detail. In fact, some of the manufacturing is done by hand, to reproduce even the smallest detail. More important parts are machined by precise machines. Engravings are generally made with a diamond tip or laser.<\/p>\n<p>Your <strong>Game of Thrones glass<\/strong> manufactured to reproduce every detail exactly. To match the heritage of the original masterpieces. The emphasis is on creating high-quality replicas that are as historically accurate as possible.<\/p>\n<p>In conclusion, imported from China, Spain or India, our replicas will amaze you!<\/p>\n<p>R\u00e9plique Manga Cin\u00e9 is a French family business.<\/p>","protected":false},"excerpt":{"rendered":"<p>Unofficial Game of Thrones glass with Ghost's head.<\/p>\n<ul>\n<li>High-quality resin exterior.<\/li>\n<li>Base finely decorated with three red stones.<\/li>\n<li>Aluminum interior.<\/li>\n<li>Height: 19.5 cm - Weight: 374 g<\/li>\n<\/ul>","protected":false},"featured_media":28281,"template":"","meta":[],"product_brand":[896],"product_cat":[81,24,47,94,95],"product_tag":[610,605,606],"class_list":{"0":"post-28280","1":"product","2":"type-product","3":"status-publish","4":"has-post-thumbnail","6":"product_brand-replique-manga-cine","7":"product_cat-collectors-et-goodies-game-of-thrones","8":"product_cat-films-series-tv-vente-de-katana-epee-et-produits-derives","9":"product_cat-game-of-thrones","10":"product_cat-goodies","11":"product_cat-mugs-manga","12":"product_tag-accessoires-game-of-thrones","13":"product_tag-cadeau-game-of-thrones","14":"product_tag-goodies-game-of-thrones","16":"first","17":"outofstock","18":"taxable","19":"shipping-taxable","20":"purchasable","21":"product-type-simple"},"yoast_head":"<!-- This site is optimized with the Yoast SEO plugin v27.5 - https:\/\/yoast.com\/product\/yoast-seo-wordpress\/ -->\n<title>Verre Game of Thrones - Objets collectors | R\u00e9plique Manga Cin\u00e9<\/title>\n<meta name=\"description\" content=\"D\u00e9couvrez ce Verre Game of Thrones au meilleur prix - L&#039;ext\u00e9rieur de ce verre \u00e0 pied est en r\u00e9sine - Int\u00e9rieur en aluminium - Hauteur : 19.5 cm\" \/>\n<meta name=\"robots\" content=\"index, follow, max-snippet:-1, max-image-preview:large, max-video-preview:-1\" \/>\n<link rel=\"canonical\" href=\"https:\/\/repliquemangacine.fr\/en\/manga-mugs\/game-of-thrones-resin-stemmed-glass-ghost-wolf-glass\/\" \/>\n<meta property=\"og:locale\" content=\"en_US\" \/>\n<meta property=\"og:type\" content=\"article\" \/>\n<meta property=\"og:title\" content=\"Verre Game of Thrones - Objets collectors | R\u00e9plique Manga Cin\u00e9\" \/>\n<meta property=\"og:description\" content=\"D\u00e9couvrez ce Verre Game of Thrones au meilleur prix - L&#039;ext\u00e9rieur de ce verre \u00e0 pied est en r\u00e9sine - Int\u00e9rieur en aluminium - Hauteur : 19.5 cm\" \/>\n<meta property=\"og:url\" content=\"https:\/\/repliquemangacine.fr\/en\/manga-mugs\/game-of-thrones-resin-stemmed-glass-ghost-wolf-glass\/\" \/>\n<meta property=\"og:site_name\" content=\"R\u00e9plique Manga Cin\u00e9\" \/>\n<meta property=\"article:publisher\" content=\"https:\/\/www.facebook.com\/RepliqueMangaCine\" \/>\n<meta property=\"article:modified_time\" content=\"2025-09-23T16:02:17+00:00\" \/>\n<meta property=\"og:image\" content=\"https:\/\/repliquemangacine.fr\/wp-content\/uploads\/2023\/10\/3006-Verre-a-Pied-en-resine-Game-of-Thrones-Verre-loup-Fantome.jpg\" \/>\n\t<meta property=\"og:image:width\" content=\"1200\" \/>\n\t<meta property=\"og:image:height\" content=\"1200\" \/>\n\t<meta property=\"og:image:type\" content=\"image\/jpeg\" \/>\n<meta name=\"twitter:card\" content=\"summary_large_image\" \/>\n<meta name=\"twitter:label1\" content=\"Est. reading time\" \/>\n\t<meta name=\"twitter:data1\" content=\"1 minute\" \/>\n<script type=\"application\/ld+json\" class=\"yoast-schema-graph\">{\"@context\":\"https:\\\/\\\/schema.org\",\"@graph\":[{\"@type\":\"WebPage\",\"@id\":\"https:\\\/\\\/repliquemangacine.fr\\\/mugs-manga\\\/verre-a-pied-en-resine-game-of-thrones-verre-loup-fantome\\\/\",\"url\":\"https:\\\/\\\/repliquemangacine.fr\\\/mugs-manga\\\/verre-a-pied-en-resine-game-of-thrones-verre-loup-fantome\\\/\",\"name\":\"Verre Game of Thrones - Objets collectors | R\u00e9plique Manga Cin\u00e9\",\"isPartOf\":{\"@id\":\"https:\\\/\\\/repliquemangacine.fr\\\/#website\"},\"primaryImageOfPage\":{\"@id\":\"https:\\\/\\\/repliquemangacine.fr\\\/mugs-manga\\\/verre-a-pied-en-resine-game-of-thrones-verre-loup-fantome\\\/#primaryimage\"},\"image\":{\"@id\":\"https:\\\/\\\/repliquemangacine.fr\\\/mugs-manga\\\/verre-a-pied-en-resine-game-of-thrones-verre-loup-fantome\\\/#primaryimage\"},\"thumbnailUrl\":\"https:\\\/\\\/repliquemangacine.fr\\\/wp-content\\\/uploads\\\/2023\\\/10\\\/3006-Verre-a-Pied-en-resine-Game-of-Thrones-Verre-loup-Fantome.jpg\",\"datePublished\":\"2019-09-05T13:20:14+00:00\",\"dateModified\":\"2025-09-23T16:02:17+00:00\",\"description\":\"D\u00e9couvrez ce Verre Game of Thrones au meilleur prix - L'ext\u00e9rieur de ce verre \u00e0 pied est en r\u00e9sine - Int\u00e9rieur en aluminium - Hauteur : 19.5 cm\",\"breadcrumb\":{\"@id\":\"https:\\\/\\\/repliquemangacine.fr\\\/mugs-manga\\\/verre-a-pied-en-resine-game-of-thrones-verre-loup-fantome\\\/#breadcrumb\"},\"inLanguage\":\"en-US\",\"potentialAction\":[{\"@type\":\"ReadAction\",\"target\":[\"https:\\\/\\\/repliquemangacine.fr\\\/mugs-manga\\\/verre-a-pied-en-resine-game-of-thrones-verre-loup-fantome\\\/\"]}]},{\"@type\":\"ImageObject\",\"inLanguage\":\"en-US\",\"@id\":\"https:\\\/\\\/repliquemangacine.fr\\\/mugs-manga\\\/verre-a-pied-en-resine-game-of-thrones-verre-loup-fantome\\\/#primaryimage\",\"url\":\"https:\\\/\\\/repliquemangacine.fr\\\/wp-content\\\/uploads\\\/2023\\\/10\\\/3006-Verre-a-Pied-en-resine-Game-of-Thrones-Verre-loup-Fantome.jpg\",\"contentUrl\":\"https:\\\/\\\/repliquemangacine.fr\\\/wp-content\\\/uploads\\\/2023\\\/10\\\/3006-Verre-a-Pied-en-resine-Game-of-Thrones-Verre-loup-Fantome.jpg\",\"width\":1200,\"height\":1200,\"caption\":\"Verre \u00e0 Pied en r\u00e9sine Game of Thrones- Verre loup Fant\u00f4me\"},{\"@type\":\"BreadcrumbList\",\"@id\":\"https:\\\/\\\/repliquemangacine.fr\\\/mugs-manga\\\/verre-a-pied-en-resine-game-of-thrones-verre-loup-fantome\\\/#breadcrumb\",\"itemListElement\":[{\"@type\":\"ListItem\",\"position\":1,\"name\":\"Accueil\",\"item\":\"https:\\\/\\\/repliquemangacine.fr\\\/\"},{\"@type\":\"ListItem\",\"position\":2,\"name\":\"Produits\",\"item\":\"https:\\\/\\\/repliquemangacine.fr\\\/boutique\\\/\"},{\"@type\":\"ListItem\",\"position\":3,\"name\":\"Verre \u00e0 Pied Game of Thrones\"}]},{\"@type\":\"WebSite\",\"@id\":\"https:\\\/\\\/repliquemangacine.fr\\\/#website\",\"url\":\"https:\\\/\\\/repliquemangacine.fr\\\/\",\"name\":\"R\u00e9plique Manga Cin\u00e9\",\"description\":\"\",\"publisher\":{\"@id\":\"https:\\\/\\\/repliquemangacine.fr\\\/#organization\"},\"potentialAction\":[{\"@type\":\"SearchAction\",\"target\":{\"@type\":\"EntryPoint\",\"urlTemplate\":\"https:\\\/\\\/repliquemangacine.fr\\\/?s={search_term_string}\"},\"query-input\":{\"@type\":\"PropertyValueSpecification\",\"valueRequired\":true,\"valueName\":\"search_term_string\"}}],\"inLanguage\":\"en-US\"},{\"@type\":\"Organization\",\"@id\":\"https:\\\/\\\/repliquemangacine.fr\\\/#organization\",\"name\":\"R\u00e9plique Manga Cin\u00e9\",\"url\":\"https:\\\/\\\/repliquemangacine.fr\\\/\",\"logo\":{\"@type\":\"ImageObject\",\"inLanguage\":\"en-US\",\"@id\":\"https:\\\/\\\/repliquemangacine.fr\\\/#\\\/schema\\\/logo\\\/image\\\/\",\"url\":\"https:\\\/\\\/repliquemangacine.fr\\\/wp-content\\\/uploads\\\/2023\\\/10\\\/RMC-500250.png\",\"contentUrl\":\"https:\\\/\\\/repliquemangacine.fr\\\/wp-content\\\/uploads\\\/2023\\\/10\\\/RMC-500250.png\",\"width\":500,\"height\":250,\"caption\":\"R\u00e9plique Manga Cin\u00e9\"},\"image\":{\"@id\":\"https:\\\/\\\/repliquemangacine.fr\\\/#\\\/schema\\\/logo\\\/image\\\/\"},\"sameAs\":[\"https:\\\/\\\/www.facebook.com\\\/RepliqueMangaCine\",\"https:\\\/\\\/www.instagram.com\\\/repliquemangacine.fr\\\/\"]}]}<\/script>\n<!-- \/ Yoast SEO plugin. -->","yoast_head_json":{"title":"Game of Thrones glass - Collector's items | R\u00e9plique Manga Cin\u00e9","description":"Discover this Game of Thrones glass at the best price - Resin outside - Aluminium inside - Height: 19.5 cm","robots":{"index":"index","follow":"follow","max-snippet":"max-snippet:-1","max-image-preview":"max-image-preview:large","max-video-preview":"max-video-preview:-1"},"canonical":"https:\/\/repliquemangacine.fr\/en\/manga-mugs\/game-of-thrones-resin-stemmed-glass-ghost-wolf-glass\/","og_locale":"en_US","og_type":"article","og_title":"Verre Game of Thrones - Objets collectors | R\u00e9plique Manga Cin\u00e9","og_description":"D\u00e9couvrez ce Verre Game of Thrones au meilleur prix - L'ext\u00e9rieur de ce verre \u00e0 pied est en r\u00e9sine - Int\u00e9rieur en aluminium - Hauteur : 19.5 cm","og_url":"https:\/\/repliquemangacine.fr\/en\/manga-mugs\/game-of-thrones-resin-stemmed-glass-ghost-wolf-glass\/","og_site_name":"R\u00e9plique Manga Cin\u00e9","article_publisher":"https:\/\/www.facebook.com\/RepliqueMangaCine","article_modified_time":"2025-09-23T16:02:17+00:00","og_image":[{"width":1200,"height":1200,"url":"https:\/\/repliquemangacine.fr\/wp-content\/uploads\/2023\/10\/3006-Verre-a-Pied-en-resine-Game-of-Thrones-Verre-loup-Fantome.jpg","type":"image\/jpeg"}],"twitter_card":"summary_large_image","twitter_misc":{"Est. reading time":"1 minute"},"schema":{"@context":"https:\/\/schema.org","@graph":[{"@type":"WebPage","@id":"https:\/\/repliquemangacine.fr\/mugs-manga\/verre-a-pied-en-resine-game-of-thrones-verre-loup-fantome\/","url":"https:\/\/repliquemangacine.fr\/mugs-manga\/verre-a-pied-en-resine-game-of-thrones-verre-loup-fantome\/","name":"Game of Thrones glass - Collector's items | R\u00e9plique Manga Cin\u00e9","isPartOf":{"@id":"https:\/\/repliquemangacine.fr\/#website"},"primaryImageOfPage":{"@id":"https:\/\/repliquemangacine.fr\/mugs-manga\/verre-a-pied-en-resine-game-of-thrones-verre-loup-fantome\/#primaryimage"},"image":{"@id":"https:\/\/repliquemangacine.fr\/mugs-manga\/verre-a-pied-en-resine-game-of-thrones-verre-loup-fantome\/#primaryimage"},"thumbnailUrl":"https:\/\/repliquemangacine.fr\/wp-content\/uploads\/2023\/10\/3006-Verre-a-Pied-en-resine-Game-of-Thrones-Verre-loup-Fantome.jpg","datePublished":"2019-09-05T13:20:14+00:00","dateModified":"2025-09-23T16:02:17+00:00","description":"Discover this Game of Thrones glass at the best price - Resin outside - Aluminium inside - Height: 19.5 cm","breadcrumb":{"@id":"https:\/\/repliquemangacine.fr\/mugs-manga\/verre-a-pied-en-resine-game-of-thrones-verre-loup-fantome\/#breadcrumb"},"inLanguage":"en-US","potentialAction":[{"@type":"ReadAction","target":["https:\/\/repliquemangacine.fr\/mugs-manga\/verre-a-pied-en-resine-game-of-thrones-verre-loup-fantome\/"]}]},{"@type":"ImageObject","inLanguage":"en-US","@id":"https:\/\/repliquemangacine.fr\/mugs-manga\/verre-a-pied-en-resine-game-of-thrones-verre-loup-fantome\/#primaryimage","url":"https:\/\/repliquemangacine.fr\/wp-content\/uploads\/2023\/10\/3006-Verre-a-Pied-en-resine-Game-of-Thrones-Verre-loup-Fantome.jpg","contentUrl":"https:\/\/repliquemangacine.fr\/wp-content\/uploads\/2023\/10\/3006-Verre-a-Pied-en-resine-Game-of-Thrones-Verre-loup-Fantome.jpg","width":1200,"height":1200,"caption":"Verre \u00e0 Pied en r\u00e9sine Game of Thrones- Verre loup Fant\u00f4me"},{"@type":"BreadcrumbList","@id":"https:\/\/repliquemangacine.fr\/mugs-manga\/verre-a-pied-en-resine-game-of-thrones-verre-loup-fantome\/#breadcrumb","itemListElement":[{"@type":"ListItem","position":1,"name":"Accueil","item":"https:\/\/repliquemangacine.fr\/"},{"@type":"ListItem","position":2,"name":"Produits","item":"https:\/\/repliquemangacine.fr\/boutique\/"},{"@type":"ListItem","position":3,"name":"Verre \u00e0 Pied Game of Thrones"}]},{"@type":"WebSite","@id":"https:\/\/repliquemangacine.fr\/#website","url":"https:\/\/repliquemangacine.fr\/","name":"R\u00e9plique Manga Cin\u00e9","description":"","publisher":{"@id":"https:\/\/repliquemangacine.fr\/#organization"},"potentialAction":[{"@type":"SearchAction","target":{"@type":"EntryPoint","urlTemplate":"https:\/\/repliquemangacine.fr\/?s={search_term_string}"},"query-input":{"@type":"PropertyValueSpecification","valueRequired":true,"valueName":"search_term_string"}}],"inLanguage":"en-US"},{"@type":"Organization","@id":"https:\/\/repliquemangacine.fr\/#organization","name":"R\u00e9plique Manga Cin\u00e9","url":"https:\/\/repliquemangacine.fr\/","logo":{"@type":"ImageObject","inLanguage":"en-US","@id":"https:\/\/repliquemangacine.fr\/#\/schema\/logo\/image\/","url":"https:\/\/repliquemangacine.fr\/wp-content\/uploads\/2023\/10\/RMC-500250.png","contentUrl":"https:\/\/repliquemangacine.fr\/wp-content\/uploads\/2023\/10\/RMC-500250.png","width":500,"height":250,"caption":"R\u00e9plique Manga Cin\u00e9"},"image":{"@id":"https:\/\/repliquemangacine.fr\/#\/schema\/logo\/image\/"},"sameAs":["https:\/\/www.facebook.com\/RepliqueMangaCine","https:\/\/www.instagram.com\/repliquemangacine.fr\/"]}]}},"_links":{"self":[{"href":"https:\/\/repliquemangacine.fr\/en\/wp-json\/wp\/v2\/product\/28280","targetHints":{"allow":["GET"]}}],"collection":[{"href":"https:\/\/repliquemangacine.fr\/en\/wp-json\/wp\/v2\/product"}],"about":[{"href":"https:\/\/repliquemangacine.fr\/en\/wp-json\/wp\/v2\/types\/product"}],"wp:featuredmedia":[{"embeddable":true,"href":"https:\/\/repliquemangacine.fr\/en\/wp-json\/wp\/v2\/media\/28281"}],"wp:attachment":[{"href":"https:\/\/repliquemangacine.fr\/en\/wp-json\/wp\/v2\/media?parent=28280"}],"wp:term":[{"taxonomy":"product_brand","embeddable":true,"href":"https:\/\/repliquemangacine.fr\/en\/wp-json\/wp\/v2\/product_brand?post=28280"},{"taxonomy":"product_cat","embeddable":true,"href":"https:\/\/repliquemangacine.fr\/en\/wp-json\/wp\/v2\/product_cat?post=28280"},{"taxonomy":"product_tag","embeddable":true,"href":"https:\/\/repliquemangacine.fr\/en\/wp-json\/wp\/v2\/product_tag?post=28280"}],"curies":[{"name":"wp","href":"https:\/\/api.w.org\/{rel}","templated":true}]}}