





{"id":28274,"date":"2019-09-05T15:04:04","date_gmt":"2019-09-05T13:04:04","guid":{"rendered":"https:\/\/repliquemangacine.fr\/?post_type=product&#038;p=28274"},"modified":"2025-09-23T18:02:16","modified_gmt":"2025-09-23T16:02:16","slug":"game-of-thrones-mug-phantom-wolf-mug","status":"publish","type":"product","link":"https:\/\/repliquemangacine.fr\/en\/collectors-et-goodies-game-of-thrones\/mug-game-of-thrones-tasse-loup-fantome\/","title":{"rendered":"Game of Thrones mug - Phantom wolf mug"},"content":{"rendered":"<h2>Wolf mug GOT (Game of Thrones)<\/h2>\n<p>To begin with, the <strong>GOT Wolf Mug<\/strong>, inspired by the Game of Thrones series. The Phantom's head is featured on both sides of the mug. The decor all around is of incredible finesse. Aluminum interior.<\/p>\n<p>Game Of Throne, also known as The Iron Throne, American fantasy television series created by David Benioff and D. B. Weiss.<\/p>\n<p>This is the adaptation of the series of novels written by George R. R. Martin. This saga is renowned for its realism and its many inspirations from real events. Certain historical places and characters, such as the War of the Two Roses, Hadrian's Wall or Henry VII Tudor.<\/p>\n<h2>Your GOT Wolf Mug at the best price.<\/h2>\n<p>We offer a wide choice of swords and collectors' items at low prices.<\/p>\n<p>First and foremost,<\/p>\n<ul>\n<li>L'<a href=\"https:\/\/repliquemangacine.fr\/en\/game-of-thrones\/jon-snow-sword-grand-griffe-game-of-thrones\/\">Jon Snow's sword<\/a> \"Grand Griffe\" in novel and series versions.<\/li>\n<li>As well as the<a href=\"https:\/\/repliquemangacine.fr\/en\/game-of-thrones-collectors-and-goodies\/lannister-armor-60cm-game-of-thrones\/\">Lannister armor in 60 cm<\/a>but also in actual size<\/li>\n<li>There are also Daenerys' dragon eggs under HBO license, distributed by <a href=\"https:\/\/noblecollection.fr\/\" target=\"_blank\" rel=\"noopener noreferrer\">Noble Collection<\/a><\/li>\n<li>And much more to discover in our online store!<\/li>\n<\/ul>\n<p>So here's a great gift idea for fans of the Game of Thones series.<\/p>\n<p>In conclusion, you can use the <strong>GOT Wolf Mug<\/strong> in everyday life during your coffee breaks. But above all, it's a collector's item and a decoration.<\/p>\n<h2>How are your collectors' items made?<\/h2>\n<p>To begin with, all our derived products are of the highest quality, manufactured with meticulous attention to detail. In fact, some of the manufacturing is done by hand, to reproduce even the smallest detail. More important parts are machined by precise machines. Engravings are generally made with a diamond tip or laser.<\/p>\n<p>Your <strong>GOT Wolf Mug<\/strong> manufactured to reproduce every detail exactly. To match the heritage of the original masterpieces. The emphasis is on creating high-quality replicas that are as historically accurate as possible.<\/p>\n<p>In conclusion, imported from China, Spain or India, our replicas will amaze you!<\/p>\n<p>R\u00e9plique Manga Cin\u00e9 is a French family business.<\/p>","protected":false},"excerpt":{"rendered":"<p>Unofficial Game of Thrones mug featuring the head of Fant\u00f4me, one of the wolves adopted and raised by Jon Snow.<\/p>\n<ul>\n<li>High-quality resin.<\/li>\n<li>Hand-painted.<\/li>\n<li>Aluminum interior.<\/li>\n<li>Mug outside diameter: 10 cm - Height: 11 cm - Weight: 427g<\/li>\n<\/ul>","protected":false},"featured_media":28275,"template":"","meta":[],"product_brand":[896],"product_cat":[81,24,47],"product_tag":[605,606,607,608],"class_list":{"0":"post-28274","1":"product","2":"type-product","3":"status-publish","4":"has-post-thumbnail","6":"product_brand-replique-manga-cine","7":"product_cat-collectors-et-goodies-game-of-thrones","8":"product_cat-films-series-tv-vente-de-katana-epee-et-produits-derives","9":"product_cat-game-of-thrones","10":"product_tag-cadeau-game-of-thrones","11":"product_tag-goodies-game-of-thrones","12":"product_tag-idee-cadeau-got","13":"product_tag-mug-game-of-thrones","15":"first","16":"instock","17":"taxable","18":"shipping-taxable","19":"purchasable","20":"product-type-simple"},"yoast_head":"<!-- This site is optimized with the Yoast SEO plugin v27.5 - https:\/\/yoast.com\/product\/yoast-seo-wordpress\/ -->\n<title>Mug Loup GOT - Vente objet Collector Game of Thrones | RMC<\/title>\n<meta name=\"description\" content=\"D\u00e9couvrez le Mug Loup GOT au meilleur prix - Int\u00e9rieur en aluminium - Ext\u00e9rieur en r\u00e9sine avec la t\u00eate du loup Fant\u00f4me - Hauteur : 11 cm - Poids : 427 g\" \/>\n<meta name=\"robots\" content=\"index, follow, max-snippet:-1, max-image-preview:large, max-video-preview:-1\" \/>\n<link rel=\"canonical\" href=\"https:\/\/repliquemangacine.fr\/en\/game-of-thrones-collectors-and-goodies\/game-of-thrones-mug-phantom-wolf-mug\/\" \/>\n<meta property=\"og:locale\" content=\"en_US\" \/>\n<meta property=\"og:type\" content=\"article\" \/>\n<meta property=\"og:title\" content=\"Mug Loup GOT - Vente objet Collector Game of Thrones | RMC\" \/>\n<meta property=\"og:description\" content=\"D\u00e9couvrez le Mug Loup GOT au meilleur prix - Int\u00e9rieur en aluminium - Ext\u00e9rieur en r\u00e9sine avec la t\u00eate du loup Fant\u00f4me - Hauteur : 11 cm - Poids : 427 g\" \/>\n<meta property=\"og:url\" content=\"https:\/\/repliquemangacine.fr\/en\/game-of-thrones-collectors-and-goodies\/game-of-thrones-mug-phantom-wolf-mug\/\" \/>\n<meta property=\"og:site_name\" content=\"R\u00e9plique Manga Cin\u00e9\" \/>\n<meta property=\"article:publisher\" content=\"https:\/\/www.facebook.com\/RepliqueMangaCine\" \/>\n<meta property=\"article:modified_time\" content=\"2025-09-23T16:02:16+00:00\" \/>\n<meta property=\"og:image\" content=\"https:\/\/repliquemangacine.fr\/wp-content\/uploads\/2023\/10\/3002-Mug-Game-of-Thrones-Tasse-loup-Fantome.jpg\" \/>\n\t<meta property=\"og:image:width\" content=\"1200\" \/>\n\t<meta property=\"og:image:height\" content=\"1048\" \/>\n\t<meta property=\"og:image:type\" content=\"image\/jpeg\" \/>\n<meta name=\"twitter:card\" content=\"summary_large_image\" \/>\n<meta name=\"twitter:label1\" content=\"Est. reading time\" \/>\n\t<meta name=\"twitter:data1\" content=\"1 minute\" \/>\n<script type=\"application\/ld+json\" class=\"yoast-schema-graph\">{\"@context\":\"https:\\\/\\\/schema.org\",\"@graph\":[{\"@type\":\"WebPage\",\"@id\":\"https:\\\/\\\/repliquemangacine.fr\\\/en\\\/game-of-thrones-collectors-and-goodies\\\/game-of-thrones-mug-phantom-wolf-mug\\\/\",\"url\":\"https:\\\/\\\/repliquemangacine.fr\\\/en\\\/game-of-thrones-collectors-and-goodies\\\/game-of-thrones-mug-phantom-wolf-mug\\\/\",\"name\":\"Mug Loup GOT - Vente objet Collector Game of Thrones | RMC\",\"isPartOf\":{\"@id\":\"https:\\\/\\\/repliquemangacine.fr\\\/#website\"},\"primaryImageOfPage\":{\"@id\":\"https:\\\/\\\/repliquemangacine.fr\\\/en\\\/game-of-thrones-collectors-and-goodies\\\/game-of-thrones-mug-phantom-wolf-mug\\\/#primaryimage\"},\"image\":{\"@id\":\"https:\\\/\\\/repliquemangacine.fr\\\/en\\\/game-of-thrones-collectors-and-goodies\\\/game-of-thrones-mug-phantom-wolf-mug\\\/#primaryimage\"},\"thumbnailUrl\":\"https:\\\/\\\/repliquemangacine.fr\\\/wp-content\\\/uploads\\\/2023\\\/10\\\/3002-Mug-Game-of-Thrones-Tasse-loup-Fantome.jpg\",\"datePublished\":\"2019-09-05T13:04:04+00:00\",\"dateModified\":\"2025-09-23T16:02:16+00:00\",\"description\":\"D\u00e9couvrez le Mug Loup GOT au meilleur prix - Int\u00e9rieur en aluminium - Ext\u00e9rieur en r\u00e9sine avec la t\u00eate du loup Fant\u00f4me - Hauteur : 11 cm - Poids : 427 g\",\"breadcrumb\":{\"@id\":\"https:\\\/\\\/repliquemangacine.fr\\\/en\\\/game-of-thrones-collectors-and-goodies\\\/game-of-thrones-mug-phantom-wolf-mug\\\/#breadcrumb\"},\"inLanguage\":\"en-US\",\"potentialAction\":[{\"@type\":\"ReadAction\",\"target\":[\"https:\\\/\\\/repliquemangacine.fr\\\/en\\\/game-of-thrones-collectors-and-goodies\\\/game-of-thrones-mug-phantom-wolf-mug\\\/\"]}]},{\"@type\":\"ImageObject\",\"inLanguage\":\"en-US\",\"@id\":\"https:\\\/\\\/repliquemangacine.fr\\\/en\\\/game-of-thrones-collectors-and-goodies\\\/game-of-thrones-mug-phantom-wolf-mug\\\/#primaryimage\",\"url\":\"https:\\\/\\\/repliquemangacine.fr\\\/wp-content\\\/uploads\\\/2023\\\/10\\\/3002-Mug-Game-of-Thrones-Tasse-loup-Fantome.jpg\",\"contentUrl\":\"https:\\\/\\\/repliquemangacine.fr\\\/wp-content\\\/uploads\\\/2023\\\/10\\\/3002-Mug-Game-of-Thrones-Tasse-loup-Fantome.jpg\",\"width\":1200,\"height\":1048,\"caption\":\"Mug Game of Thrones- Tasse loup Fantome\"},{\"@type\":\"BreadcrumbList\",\"@id\":\"https:\\\/\\\/repliquemangacine.fr\\\/en\\\/game-of-thrones-collectors-and-goodies\\\/game-of-thrones-mug-phantom-wolf-mug\\\/#breadcrumb\",\"itemListElement\":[{\"@type\":\"ListItem\",\"position\":1,\"name\":\"Accueil\",\"item\":\"https:\\\/\\\/repliquemangacine.fr\\\/\"},{\"@type\":\"ListItem\",\"position\":2,\"name\":\"Produits\",\"item\":\"https:\\\/\\\/repliquemangacine.fr\\\/boutique\\\/\"},{\"@type\":\"ListItem\",\"position\":3,\"name\":\"Mug Game of Thrones &#8211; Tasse loup Fantome\"}]},{\"@type\":\"WebSite\",\"@id\":\"https:\\\/\\\/repliquemangacine.fr\\\/#website\",\"url\":\"https:\\\/\\\/repliquemangacine.fr\\\/\",\"name\":\"R\u00e9plique Manga Cin\u00e9\",\"description\":\"\",\"publisher\":{\"@id\":\"https:\\\/\\\/repliquemangacine.fr\\\/#organization\"},\"potentialAction\":[{\"@type\":\"SearchAction\",\"target\":{\"@type\":\"EntryPoint\",\"urlTemplate\":\"https:\\\/\\\/repliquemangacine.fr\\\/?s={search_term_string}\"},\"query-input\":{\"@type\":\"PropertyValueSpecification\",\"valueRequired\":true,\"valueName\":\"search_term_string\"}}],\"inLanguage\":\"en-US\"},{\"@type\":\"Organization\",\"@id\":\"https:\\\/\\\/repliquemangacine.fr\\\/#organization\",\"name\":\"R\u00e9plique Manga Cin\u00e9\",\"url\":\"https:\\\/\\\/repliquemangacine.fr\\\/\",\"logo\":{\"@type\":\"ImageObject\",\"inLanguage\":\"en-US\",\"@id\":\"https:\\\/\\\/repliquemangacine.fr\\\/#\\\/schema\\\/logo\\\/image\\\/\",\"url\":\"https:\\\/\\\/repliquemangacine.fr\\\/wp-content\\\/uploads\\\/2023\\\/10\\\/RMC-500250.png\",\"contentUrl\":\"https:\\\/\\\/repliquemangacine.fr\\\/wp-content\\\/uploads\\\/2023\\\/10\\\/RMC-500250.png\",\"width\":500,\"height\":250,\"caption\":\"R\u00e9plique Manga Cin\u00e9\"},\"image\":{\"@id\":\"https:\\\/\\\/repliquemangacine.fr\\\/#\\\/schema\\\/logo\\\/image\\\/\"},\"sameAs\":[\"https:\\\/\\\/www.facebook.com\\\/RepliqueMangaCine\",\"https:\\\/\\\/www.instagram.com\\\/repliquemangacine.fr\\\/\"]}]}<\/script>\n<!-- \/ Yoast SEO plugin. -->","yoast_head_json":{"title":"Wolf Mug GOT - Game of Thrones Collector's Items | RMC","description":"Discover the GOT Wolf Mug at the best price - Aluminium interior - Resin exterior with phantom wolf head - Height: 11 cm - Weight: 427 g","robots":{"index":"index","follow":"follow","max-snippet":"max-snippet:-1","max-image-preview":"max-image-preview:large","max-video-preview":"max-video-preview:-1"},"canonical":"https:\/\/repliquemangacine.fr\/en\/game-of-thrones-collectors-and-goodies\/game-of-thrones-mug-phantom-wolf-mug\/","og_locale":"en_US","og_type":"article","og_title":"Mug Loup GOT - Vente objet Collector Game of Thrones | RMC","og_description":"D\u00e9couvrez le Mug Loup GOT au meilleur prix - Int\u00e9rieur en aluminium - Ext\u00e9rieur en r\u00e9sine avec la t\u00eate du loup Fant\u00f4me - Hauteur : 11 cm - Poids : 427 g","og_url":"https:\/\/repliquemangacine.fr\/en\/game-of-thrones-collectors-and-goodies\/game-of-thrones-mug-phantom-wolf-mug\/","og_site_name":"R\u00e9plique Manga Cin\u00e9","article_publisher":"https:\/\/www.facebook.com\/RepliqueMangaCine","article_modified_time":"2025-09-23T16:02:16+00:00","og_image":[{"width":1200,"height":1048,"url":"https:\/\/repliquemangacine.fr\/wp-content\/uploads\/2023\/10\/3002-Mug-Game-of-Thrones-Tasse-loup-Fantome.jpg","type":"image\/jpeg"}],"twitter_card":"summary_large_image","twitter_misc":{"Est. reading time":"1 minute"},"schema":{"@context":"https:\/\/schema.org","@graph":[{"@type":"WebPage","@id":"https:\/\/repliquemangacine.fr\/en\/game-of-thrones-collectors-and-goodies\/game-of-thrones-mug-phantom-wolf-mug\/","url":"https:\/\/repliquemangacine.fr\/en\/game-of-thrones-collectors-and-goodies\/game-of-thrones-mug-phantom-wolf-mug\/","name":"Wolf Mug GOT - Game of Thrones Collector's Items | RMC","isPartOf":{"@id":"https:\/\/repliquemangacine.fr\/#website"},"primaryImageOfPage":{"@id":"https:\/\/repliquemangacine.fr\/en\/game-of-thrones-collectors-and-goodies\/game-of-thrones-mug-phantom-wolf-mug\/#primaryimage"},"image":{"@id":"https:\/\/repliquemangacine.fr\/en\/game-of-thrones-collectors-and-goodies\/game-of-thrones-mug-phantom-wolf-mug\/#primaryimage"},"thumbnailUrl":"https:\/\/repliquemangacine.fr\/wp-content\/uploads\/2023\/10\/3002-Mug-Game-of-Thrones-Tasse-loup-Fantome.jpg","datePublished":"2019-09-05T13:04:04+00:00","dateModified":"2025-09-23T16:02:16+00:00","description":"Discover the GOT Wolf Mug at the best price - Aluminium interior - Resin exterior with phantom wolf head - Height: 11 cm - Weight: 427 g","breadcrumb":{"@id":"https:\/\/repliquemangacine.fr\/en\/game-of-thrones-collectors-and-goodies\/game-of-thrones-mug-phantom-wolf-mug\/#breadcrumb"},"inLanguage":"en-US","potentialAction":[{"@type":"ReadAction","target":["https:\/\/repliquemangacine.fr\/en\/game-of-thrones-collectors-and-goodies\/game-of-thrones-mug-phantom-wolf-mug\/"]}]},{"@type":"ImageObject","inLanguage":"en-US","@id":"https:\/\/repliquemangacine.fr\/en\/game-of-thrones-collectors-and-goodies\/game-of-thrones-mug-phantom-wolf-mug\/#primaryimage","url":"https:\/\/repliquemangacine.fr\/wp-content\/uploads\/2023\/10\/3002-Mug-Game-of-Thrones-Tasse-loup-Fantome.jpg","contentUrl":"https:\/\/repliquemangacine.fr\/wp-content\/uploads\/2023\/10\/3002-Mug-Game-of-Thrones-Tasse-loup-Fantome.jpg","width":1200,"height":1048,"caption":"Mug Game of Thrones- Tasse loup Fantome"},{"@type":"BreadcrumbList","@id":"https:\/\/repliquemangacine.fr\/en\/game-of-thrones-collectors-and-goodies\/game-of-thrones-mug-phantom-wolf-mug\/#breadcrumb","itemListElement":[{"@type":"ListItem","position":1,"name":"Accueil","item":"https:\/\/repliquemangacine.fr\/"},{"@type":"ListItem","position":2,"name":"Produits","item":"https:\/\/repliquemangacine.fr\/boutique\/"},{"@type":"ListItem","position":3,"name":"Mug Game of Thrones &#8211; Tasse loup Fantome"}]},{"@type":"WebSite","@id":"https:\/\/repliquemangacine.fr\/#website","url":"https:\/\/repliquemangacine.fr\/","name":"R\u00e9plique Manga Cin\u00e9","description":"","publisher":{"@id":"https:\/\/repliquemangacine.fr\/#organization"},"potentialAction":[{"@type":"SearchAction","target":{"@type":"EntryPoint","urlTemplate":"https:\/\/repliquemangacine.fr\/?s={search_term_string}"},"query-input":{"@type":"PropertyValueSpecification","valueRequired":true,"valueName":"search_term_string"}}],"inLanguage":"en-US"},{"@type":"Organization","@id":"https:\/\/repliquemangacine.fr\/#organization","name":"R\u00e9plique Manga Cin\u00e9","url":"https:\/\/repliquemangacine.fr\/","logo":{"@type":"ImageObject","inLanguage":"en-US","@id":"https:\/\/repliquemangacine.fr\/#\/schema\/logo\/image\/","url":"https:\/\/repliquemangacine.fr\/wp-content\/uploads\/2023\/10\/RMC-500250.png","contentUrl":"https:\/\/repliquemangacine.fr\/wp-content\/uploads\/2023\/10\/RMC-500250.png","width":500,"height":250,"caption":"R\u00e9plique Manga Cin\u00e9"},"image":{"@id":"https:\/\/repliquemangacine.fr\/#\/schema\/logo\/image\/"},"sameAs":["https:\/\/www.facebook.com\/RepliqueMangaCine","https:\/\/www.instagram.com\/repliquemangacine.fr\/"]}]}},"_links":{"self":[{"href":"https:\/\/repliquemangacine.fr\/en\/wp-json\/wp\/v2\/product\/28274","targetHints":{"allow":["GET"]}}],"collection":[{"href":"https:\/\/repliquemangacine.fr\/en\/wp-json\/wp\/v2\/product"}],"about":[{"href":"https:\/\/repliquemangacine.fr\/en\/wp-json\/wp\/v2\/types\/product"}],"wp:featuredmedia":[{"embeddable":true,"href":"https:\/\/repliquemangacine.fr\/en\/wp-json\/wp\/v2\/media\/28275"}],"wp:attachment":[{"href":"https:\/\/repliquemangacine.fr\/en\/wp-json\/wp\/v2\/media?parent=28274"}],"wp:term":[{"taxonomy":"product_brand","embeddable":true,"href":"https:\/\/repliquemangacine.fr\/en\/wp-json\/wp\/v2\/product_brand?post=28274"},{"taxonomy":"product_cat","embeddable":true,"href":"https:\/\/repliquemangacine.fr\/en\/wp-json\/wp\/v2\/product_cat?post=28274"},{"taxonomy":"product_tag","embeddable":true,"href":"https:\/\/repliquemangacine.fr\/en\/wp-json\/wp\/v2\/product_tag?post=28274"}],"curies":[{"name":"wp","href":"https:\/\/api.w.org\/{rel}","templated":true}]}}