





{"id":28266,"date":"2019-08-18T11:05:15","date_gmt":"2019-08-18T09:05:15","guid":{"rendered":"https:\/\/repliquemangacine.fr\/?post_type=product&#038;p=28266"},"modified":"2025-09-23T18:02:16","modified_gmt":"2025-09-23T16:02:16","slug":"bankai-ichigo-tensa-zangetsu-cutting-142cm","status":"publish","type":"product","link":"https:\/\/repliquemangacine.fr\/en\/katana-forge\/bankai-ichigo-tensa-zangetsu-coupant-142cm\/","title":{"rendered":"Banka\u00ef Ichigo cutting 142cm"},"content":{"rendered":"<h2>Banka\u00ef Ichigo cutting Tensa Zangetsu, 142cm<\/h2>\n<p>To begin with, the Banka\u00ef Ichigo coupant, Tensa Zangetsu 142 cm (Celestial Chain, Cutting Moon) is Ichigo's first katana. Ichigo Kurosaki is a human with an exceptional ability to distinguish ghosts. What's more, his life is turned upside down when he meets Rukia Kuchiki, who gives him her powers of <a href=\"https:\/\/bleach.fandom.com\/fr\/wiki\/Shinigami\" target=\"_blank\" rel=\"noopener noreferrer\">Shinigami<\/a> to save his family from a Hollow.<\/p>\n<p>Ichigo is a very powerful fighter, he can intimidate 4 or 5 thugs with no problem, knock out 7 teeth with a single punch or even send an Arrancar flying with a kick. It's worth pointing out that practicing martial arts from an early age helps him enormously.<\/p>\n<p>His kindergarten rivalry with Tatsuki Arisawa, one of Japan's most powerful female karate fighters, elevated him to a high level of hand-to-hand combat.<\/p>\n<h2>Your Banka\u00ef Ichigo cutter at the best price.<\/h2>\n<p>We bring you all the lines of your favorite characters in this Bleach anime manga.<\/p>\n<p>First and foremost,<\/p>\n<ul>\n<li>The first <a href=\"https:\/\/repliquemangacine.fr\/en\/bleach\/bankai-tensa-zangetsu\/\">ichigo bankai<\/a> Tensa Zangetsu in short form.<\/li>\n<li>As well as the longer version and the version with the different guard.<\/li>\n<li>There is also the <a href=\"https:\/\/repliquemangacine.fr\/en\/bleach\/zanpakuto-shirayuki-shikai-rukia-kuchiki\/\">Katana Rukia Kuchiki<\/a> named Zanpakuto Shirayuki, considered to be the finest Zanpakut\u00f4 in Soul Society.<\/li>\n<li>And many more to discover in our online store!<\/li>\n<\/ul>\n<p>So here are some great gift ideas for Bleach fans.<\/p>\n<p>In conclusion, you can also use this <strong>Banka\u00ef Ichigo cutting<\/strong> for your cosplay parades or theme parties. But above all, the Ichigo katana is also a collector's item and a decorative object.<\/p>\n<h2>How to maintain the blade of your Bleach katana?<\/h2>\n<p>Collector's and decorative katanas are made and assembled in a simplified way. As their use is decorative, they lack the safety features required of a Japanese saber intended for training.<\/p>\n<p>However, <strong>your cutting Banka\u00ef Ichigo<\/strong> to a steel blade that needs to be cared for to avoid damage over time. In fact, when you display your katana, your friends will be curious to see and touch the blade. This is where you need to be careful, as the acidity of your fingers is very harmful to steel, whatever its quality.<\/p>\n<p>However, if this does happen, don't panic - all you need is a cloth dampened with a little oil and a wipe of fingerprints. By doing so, you'll keep your sword looking its best for a very long time.<\/p>\n<p><strong>\u00a0<\/strong><\/p>","protected":false},"excerpt":{"rendered":"<p>Banka\u00ef Ichigo - Tensa Zangetsu sharp blade version.<\/p>\n<ul>\n<li>Forged Maru-sharp steel blade.<\/li>\n<li>Handle surrounded by black cotton braid.<\/li>\n<li>Broken chain, symbolizing Ichigo's broken karma.<\/li>\n<li>Metal guard in a very specific swastika shape.<\/li>\n<li>Black wooden scabbard.<\/li>\n<li>Supplied with protective cover and maintenance booklet.<\/li>\n<li>Blade length: 95cm - Total length: 142cm<\/li>\n<\/ul>\n<p><strong>\u00a0<\/strong><\/p>","protected":false},"featured_media":28267,"template":"","meta":[],"product_brand":[896],"product_cat":[30,26,38,23],"product_tag":[],"class_list":{"0":"post-28266","1":"product","2":"type-product","3":"status-publish","4":"has-post-thumbnail","6":"product_brand-replique-manga-cine","7":"product_cat-katana-bleach","8":"product_cat-katana-epee","9":"product_cat-katana-forge","10":"product_cat-repliques-manga-jeux-video","12":"first","13":"outofstock","14":"taxable","15":"shipping-taxable","16":"purchasable","17":"product-type-simple"},"yoast_head":"<!-- This site is optimized with the Yoast SEO plugin v27.5 - https:\/\/yoast.com\/product\/yoast-seo-wordpress\/ -->\n<title>Banka\u00ef Ichigo coupant - Tensa Zangetsu - Boutique en ligne | RMC<\/title>\n<meta name=\"description\" content=\"Achetez vite ! Le Banka\u00ef Ichigo coupant Tensa Zangetsu dans Bleach au meilleur prix. Lame tranchante en acier forg\u00e9 - Longueur totale : 142cm - Envoi 24\/48h\" \/>\n<meta name=\"robots\" content=\"index, follow, max-snippet:-1, max-image-preview:large, max-video-preview:-1\" \/>\n<link rel=\"canonical\" href=\"https:\/\/repliquemangacine.fr\/en\/katana-forge\/bankai-ichigo-tensa-zangetsu-cutting-142cm\/\" \/>\n<meta property=\"og:locale\" content=\"en_US\" \/>\n<meta property=\"og:type\" content=\"article\" \/>\n<meta property=\"og:title\" content=\"Banka\u00ef Ichigo coupant - Tensa Zangetsu - Boutique en ligne | RMC\" \/>\n<meta property=\"og:description\" content=\"Achetez vite ! Le Banka\u00ef Ichigo coupant Tensa Zangetsu dans Bleach au meilleur prix. Lame tranchante en acier forg\u00e9 - Longueur totale : 142cm - Envoi 24\/48h\" \/>\n<meta property=\"og:url\" content=\"https:\/\/repliquemangacine.fr\/en\/katana-forge\/bankai-ichigo-tensa-zangetsu-cutting-142cm\/\" \/>\n<meta property=\"og:site_name\" content=\"R\u00e9plique Manga Cin\u00e9\" \/>\n<meta property=\"article:publisher\" content=\"https:\/\/www.facebook.com\/RepliqueMangaCine\" \/>\n<meta property=\"article:modified_time\" content=\"2025-09-23T16:02:16+00:00\" \/>\n<meta property=\"og:image\" content=\"https:\/\/repliquemangacine.fr\/wp-content\/uploads\/2023\/10\/2994-Bankai-Ichigo-Tensa-Zangetsu-coupant-142cm.jpg\" \/>\n\t<meta property=\"og:image:width\" content=\"800\" \/>\n\t<meta property=\"og:image:height\" content=\"800\" \/>\n\t<meta property=\"og:image:type\" content=\"image\/jpeg\" \/>\n<meta name=\"twitter:card\" content=\"summary_large_image\" \/>\n<meta name=\"twitter:label1\" content=\"Est. reading time\" \/>\n\t<meta name=\"twitter:data1\" content=\"1 minute\" \/>\n<script type=\"application\/ld+json\" class=\"yoast-schema-graph\">{\"@context\":\"https:\\\/\\\/schema.org\",\"@graph\":[{\"@type\":\"WebPage\",\"@id\":\"https:\\\/\\\/repliquemangacine.fr\\\/katana-forge\\\/bankai-ichigo-tensa-zangetsu-coupant-142cm\\\/\",\"url\":\"https:\\\/\\\/repliquemangacine.fr\\\/katana-forge\\\/bankai-ichigo-tensa-zangetsu-coupant-142cm\\\/\",\"name\":\"Banka\u00ef Ichigo coupant - Tensa Zangetsu - Boutique en ligne | RMC\",\"isPartOf\":{\"@id\":\"https:\\\/\\\/repliquemangacine.fr\\\/#website\"},\"primaryImageOfPage\":{\"@id\":\"https:\\\/\\\/repliquemangacine.fr\\\/katana-forge\\\/bankai-ichigo-tensa-zangetsu-coupant-142cm\\\/#primaryimage\"},\"image\":{\"@id\":\"https:\\\/\\\/repliquemangacine.fr\\\/katana-forge\\\/bankai-ichigo-tensa-zangetsu-coupant-142cm\\\/#primaryimage\"},\"thumbnailUrl\":\"https:\\\/\\\/repliquemangacine.fr\\\/wp-content\\\/uploads\\\/2023\\\/10\\\/2994-Bankai-Ichigo-Tensa-Zangetsu-coupant-142cm.jpg\",\"datePublished\":\"2019-08-18T09:05:15+00:00\",\"dateModified\":\"2025-09-23T16:02:16+00:00\",\"description\":\"Achetez vite ! Le Banka\u00ef Ichigo coupant Tensa Zangetsu dans Bleach au meilleur prix. Lame tranchante en acier forg\u00e9 - Longueur totale : 142cm - Envoi 24\\\/48h\",\"breadcrumb\":{\"@id\":\"https:\\\/\\\/repliquemangacine.fr\\\/katana-forge\\\/bankai-ichigo-tensa-zangetsu-coupant-142cm\\\/#breadcrumb\"},\"inLanguage\":\"en-US\",\"potentialAction\":[{\"@type\":\"ReadAction\",\"target\":[\"https:\\\/\\\/repliquemangacine.fr\\\/katana-forge\\\/bankai-ichigo-tensa-zangetsu-coupant-142cm\\\/\"]}]},{\"@type\":\"ImageObject\",\"inLanguage\":\"en-US\",\"@id\":\"https:\\\/\\\/repliquemangacine.fr\\\/katana-forge\\\/bankai-ichigo-tensa-zangetsu-coupant-142cm\\\/#primaryimage\",\"url\":\"https:\\\/\\\/repliquemangacine.fr\\\/wp-content\\\/uploads\\\/2023\\\/10\\\/2994-Bankai-Ichigo-Tensa-Zangetsu-coupant-142cm.jpg\",\"contentUrl\":\"https:\\\/\\\/repliquemangacine.fr\\\/wp-content\\\/uploads\\\/2023\\\/10\\\/2994-Bankai-Ichigo-Tensa-Zangetsu-coupant-142cm.jpg\",\"width\":800,\"height\":800,\"caption\":\"Banka\u00ef Ichigo - Tensa Zangetsu coupant 142cm\"},{\"@type\":\"BreadcrumbList\",\"@id\":\"https:\\\/\\\/repliquemangacine.fr\\\/katana-forge\\\/bankai-ichigo-tensa-zangetsu-coupant-142cm\\\/#breadcrumb\",\"itemListElement\":[{\"@type\":\"ListItem\",\"position\":1,\"name\":\"Accueil\",\"item\":\"https:\\\/\\\/repliquemangacine.fr\\\/\"},{\"@type\":\"ListItem\",\"position\":2,\"name\":\"Produits\",\"item\":\"https:\\\/\\\/repliquemangacine.fr\\\/boutique\\\/\"},{\"@type\":\"ListItem\",\"position\":3,\"name\":\"Banka\u00ef Ichigo coupant 142cm\"}]},{\"@type\":\"WebSite\",\"@id\":\"https:\\\/\\\/repliquemangacine.fr\\\/#website\",\"url\":\"https:\\\/\\\/repliquemangacine.fr\\\/\",\"name\":\"R\u00e9plique Manga Cin\u00e9\",\"description\":\"\",\"publisher\":{\"@id\":\"https:\\\/\\\/repliquemangacine.fr\\\/#organization\"},\"potentialAction\":[{\"@type\":\"SearchAction\",\"target\":{\"@type\":\"EntryPoint\",\"urlTemplate\":\"https:\\\/\\\/repliquemangacine.fr\\\/?s={search_term_string}\"},\"query-input\":{\"@type\":\"PropertyValueSpecification\",\"valueRequired\":true,\"valueName\":\"search_term_string\"}}],\"inLanguage\":\"en-US\"},{\"@type\":\"Organization\",\"@id\":\"https:\\\/\\\/repliquemangacine.fr\\\/#organization\",\"name\":\"R\u00e9plique Manga Cin\u00e9\",\"url\":\"https:\\\/\\\/repliquemangacine.fr\\\/\",\"logo\":{\"@type\":\"ImageObject\",\"inLanguage\":\"en-US\",\"@id\":\"https:\\\/\\\/repliquemangacine.fr\\\/#\\\/schema\\\/logo\\\/image\\\/\",\"url\":\"https:\\\/\\\/repliquemangacine.fr\\\/wp-content\\\/uploads\\\/2023\\\/10\\\/RMC-500250.png\",\"contentUrl\":\"https:\\\/\\\/repliquemangacine.fr\\\/wp-content\\\/uploads\\\/2023\\\/10\\\/RMC-500250.png\",\"width\":500,\"height\":250,\"caption\":\"R\u00e9plique Manga Cin\u00e9\"},\"image\":{\"@id\":\"https:\\\/\\\/repliquemangacine.fr\\\/#\\\/schema\\\/logo\\\/image\\\/\"},\"sameAs\":[\"https:\\\/\\\/www.facebook.com\\\/RepliqueMangaCine\",\"https:\\\/\\\/www.instagram.com\\\/repliquemangacine.fr\\\/\"]}]}<\/script>\n<!-- \/ Yoast SEO plugin. -->","yoast_head_json":{"title":"Banka\u00ef Ichigo cutting - Tensa Zangetsu - Online Shop | RMC","description":"Buy now! The Banka\u00ef Ichigo Tensa Zangetsu cutting blade in Bleach at the best price. Forged steel cutting blade - Total length: 142cm - Shipment 24\/48h","robots":{"index":"index","follow":"follow","max-snippet":"max-snippet:-1","max-image-preview":"max-image-preview:large","max-video-preview":"max-video-preview:-1"},"canonical":"https:\/\/repliquemangacine.fr\/en\/katana-forge\/bankai-ichigo-tensa-zangetsu-cutting-142cm\/","og_locale":"en_US","og_type":"article","og_title":"Banka\u00ef Ichigo coupant - Tensa Zangetsu - Boutique en ligne | RMC","og_description":"Achetez vite ! Le Banka\u00ef Ichigo coupant Tensa Zangetsu dans Bleach au meilleur prix. Lame tranchante en acier forg\u00e9 - Longueur totale : 142cm - Envoi 24\/48h","og_url":"https:\/\/repliquemangacine.fr\/en\/katana-forge\/bankai-ichigo-tensa-zangetsu-cutting-142cm\/","og_site_name":"R\u00e9plique Manga Cin\u00e9","article_publisher":"https:\/\/www.facebook.com\/RepliqueMangaCine","article_modified_time":"2025-09-23T16:02:16+00:00","og_image":[{"width":800,"height":800,"url":"https:\/\/repliquemangacine.fr\/wp-content\/uploads\/2023\/10\/2994-Bankai-Ichigo-Tensa-Zangetsu-coupant-142cm.jpg","type":"image\/jpeg"}],"twitter_card":"summary_large_image","twitter_misc":{"Est. reading time":"1 minute"},"schema":{"@context":"https:\/\/schema.org","@graph":[{"@type":"WebPage","@id":"https:\/\/repliquemangacine.fr\/katana-forge\/bankai-ichigo-tensa-zangetsu-coupant-142cm\/","url":"https:\/\/repliquemangacine.fr\/katana-forge\/bankai-ichigo-tensa-zangetsu-coupant-142cm\/","name":"Banka\u00ef Ichigo cutting - Tensa Zangetsu - Online Shop | RMC","isPartOf":{"@id":"https:\/\/repliquemangacine.fr\/#website"},"primaryImageOfPage":{"@id":"https:\/\/repliquemangacine.fr\/katana-forge\/bankai-ichigo-tensa-zangetsu-coupant-142cm\/#primaryimage"},"image":{"@id":"https:\/\/repliquemangacine.fr\/katana-forge\/bankai-ichigo-tensa-zangetsu-coupant-142cm\/#primaryimage"},"thumbnailUrl":"https:\/\/repliquemangacine.fr\/wp-content\/uploads\/2023\/10\/2994-Bankai-Ichigo-Tensa-Zangetsu-coupant-142cm.jpg","datePublished":"2019-08-18T09:05:15+00:00","dateModified":"2025-09-23T16:02:16+00:00","description":"Buy now! The Banka\u00ef Ichigo Tensa Zangetsu cutting blade in Bleach at the best price. Forged steel cutting blade - Total length: 142cm - Shipment 24\/48h","breadcrumb":{"@id":"https:\/\/repliquemangacine.fr\/katana-forge\/bankai-ichigo-tensa-zangetsu-coupant-142cm\/#breadcrumb"},"inLanguage":"en-US","potentialAction":[{"@type":"ReadAction","target":["https:\/\/repliquemangacine.fr\/katana-forge\/bankai-ichigo-tensa-zangetsu-coupant-142cm\/"]}]},{"@type":"ImageObject","inLanguage":"en-US","@id":"https:\/\/repliquemangacine.fr\/katana-forge\/bankai-ichigo-tensa-zangetsu-coupant-142cm\/#primaryimage","url":"https:\/\/repliquemangacine.fr\/wp-content\/uploads\/2023\/10\/2994-Bankai-Ichigo-Tensa-Zangetsu-coupant-142cm.jpg","contentUrl":"https:\/\/repliquemangacine.fr\/wp-content\/uploads\/2023\/10\/2994-Bankai-Ichigo-Tensa-Zangetsu-coupant-142cm.jpg","width":800,"height":800,"caption":"Banka\u00ef Ichigo - Tensa Zangetsu coupant 142cm"},{"@type":"BreadcrumbList","@id":"https:\/\/repliquemangacine.fr\/katana-forge\/bankai-ichigo-tensa-zangetsu-coupant-142cm\/#breadcrumb","itemListElement":[{"@type":"ListItem","position":1,"name":"Accueil","item":"https:\/\/repliquemangacine.fr\/"},{"@type":"ListItem","position":2,"name":"Produits","item":"https:\/\/repliquemangacine.fr\/boutique\/"},{"@type":"ListItem","position":3,"name":"Banka\u00ef Ichigo coupant 142cm"}]},{"@type":"WebSite","@id":"https:\/\/repliquemangacine.fr\/#website","url":"https:\/\/repliquemangacine.fr\/","name":"R\u00e9plique Manga Cin\u00e9","description":"","publisher":{"@id":"https:\/\/repliquemangacine.fr\/#organization"},"potentialAction":[{"@type":"SearchAction","target":{"@type":"EntryPoint","urlTemplate":"https:\/\/repliquemangacine.fr\/?s={search_term_string}"},"query-input":{"@type":"PropertyValueSpecification","valueRequired":true,"valueName":"search_term_string"}}],"inLanguage":"en-US"},{"@type":"Organization","@id":"https:\/\/repliquemangacine.fr\/#organization","name":"R\u00e9plique Manga Cin\u00e9","url":"https:\/\/repliquemangacine.fr\/","logo":{"@type":"ImageObject","inLanguage":"en-US","@id":"https:\/\/repliquemangacine.fr\/#\/schema\/logo\/image\/","url":"https:\/\/repliquemangacine.fr\/wp-content\/uploads\/2023\/10\/RMC-500250.png","contentUrl":"https:\/\/repliquemangacine.fr\/wp-content\/uploads\/2023\/10\/RMC-500250.png","width":500,"height":250,"caption":"R\u00e9plique Manga Cin\u00e9"},"image":{"@id":"https:\/\/repliquemangacine.fr\/#\/schema\/logo\/image\/"},"sameAs":["https:\/\/www.facebook.com\/RepliqueMangaCine","https:\/\/www.instagram.com\/repliquemangacine.fr\/"]}]}},"_links":{"self":[{"href":"https:\/\/repliquemangacine.fr\/en\/wp-json\/wp\/v2\/product\/28266","targetHints":{"allow":["GET"]}}],"collection":[{"href":"https:\/\/repliquemangacine.fr\/en\/wp-json\/wp\/v2\/product"}],"about":[{"href":"https:\/\/repliquemangacine.fr\/en\/wp-json\/wp\/v2\/types\/product"}],"wp:featuredmedia":[{"embeddable":true,"href":"https:\/\/repliquemangacine.fr\/en\/wp-json\/wp\/v2\/media\/28267"}],"wp:attachment":[{"href":"https:\/\/repliquemangacine.fr\/en\/wp-json\/wp\/v2\/media?parent=28266"}],"wp:term":[{"taxonomy":"product_brand","embeddable":true,"href":"https:\/\/repliquemangacine.fr\/en\/wp-json\/wp\/v2\/product_brand?post=28266"},{"taxonomy":"product_cat","embeddable":true,"href":"https:\/\/repliquemangacine.fr\/en\/wp-json\/wp\/v2\/product_cat?post=28266"},{"taxonomy":"product_tag","embeddable":true,"href":"https:\/\/repliquemangacine.fr\/en\/wp-json\/wp\/v2\/product_tag?post=28266"}],"curies":[{"name":"wp","href":"https:\/\/api.w.org\/{rel}","templated":true}]}}