





{"id":28235,"date":"2019-08-04T16:06:45","date_gmt":"2019-08-04T14:06:45","guid":{"rendered":"https:\/\/repliquemangacine.fr\/?post_type=product&#038;p=28235"},"modified":"2026-03-31T22:43:55","modified_gmt":"2026-03-31T20:43:55","slug":"yoru-kokutou-saber-mihawk-dracula-sword-wide-blade","status":"publish","type":"product","link":"https:\/\/repliquemangacine.fr\/en\/repliques-manga-jeux-video\/sabre-yoru-kokutou-epee-de-dracule-mihawk-lame-large\/","title":{"rendered":"Sabre Yoru Kokutou - Dracule Mihawk"},"content":{"rendered":"<h2>Yoru Mihawk One Piece sword<\/h2>\n<p>To begin with, the <strong>Yoru sword by Mihawk<\/strong> in One Piece is one of the most powerful swords in the world.<\/p>\n<p>Known as the Falcon's Eye, <a href=\"https:\/\/onepiece.fandom.com\/fr\/wiki\/Dracule_Mihawk\" target=\"_blank\" rel=\"noopener noreferrer\">Dracule Mihawk<\/a> is considered the world's greatest swordsman. Swordsmen the world over want to measure themselves against him.<\/p>\n<p>Kokuto Yoru is one of the 12 Saijo \u00f4 Wazamono. It belongs to Mihawk, a former member of the 7 Corsair Captains. Kotuto Yuro means \"the black sword of the night\". Black-bladed swords are considered to be indestructible blades, according to Roronoa Zoro: \"It is said that black blades are so strong that the charge of an enraged dinosaur would not even chip them\".<\/p>\n<h2>Your Mihawk Yoru sword at the best price<\/h2>\n<p>We bring you all the lines of your favorite characters in this animated One Piece manga.<\/p>\n<p>First and foremost,<\/p>\n<ul>\n<li>Find our One Piece mouse pads goodies<\/li>\n<li>As well as our One Piece key rings, such as the One Piece symbol key ring.<\/li>\n<li>Of course, there are also all the katanas, swords and <a href=\"https:\/\/repliquemangacine.fr\/en\/katana-one-piece\/katana-shusui-zoro-one-piece\/\">swords from One Piece<\/a>.<\/li>\n<li>And many more to discover in our online store!<\/li>\n<\/ul>\n<p>That's why here are some great gift ideas for all One Piece fans.<\/p>\n<p>In conclusion, you can also use this <strong>Yoru Mihawk sword<\/strong> for your cosplay parades or theme parties. But above all, the Kokuto Yoru Saber is also a collector's item and a decorative object.<\/p>\n<h2>How to maintain the blade of your One Piece sword?<\/h2>\n<p>Collector's and decorative katanas are made and assembled in a simplified way. As their use is decorative, they lack the safety features required of a Japanese saber intended for training.<\/p>\n<p>However, your <strong>Yoru Mihawk sword<\/strong> to a steel blade that needs to be cared for to avoid damage over time. In fact, when you display your katana, your friends will be curious to see and touch the blade. This is where you need to be careful, as the acidity of your fingers is very harmful to steel, whatever its quality.<\/p>\n<p>If this happens, don't panic, just use a cloth dampened with a little oil to wipe off any fingerprints. By doing so, you'll keep your sword looking its best for a very long time.<\/p>","protected":false},"excerpt":{"rendered":"<p>Gigantic Dracule Mihawk sword,<\/p>\n<ul>\n<li>Wide steel blade.<\/li>\n<li>Carved guard adorned with resin jewels.<\/li>\n<li>Handle covered with a white cotton strap.<\/li>\n<li>Resin stone knob.<\/li>\n<li>Carrying case in imitation leather.<\/li>\n<li>Blade length: 90 cm - Total length: 126 cm<\/li>\n<\/ul>","protected":false},"featured_media":28236,"template":"","meta":[],"product_brand":[896],"product_cat":[123,23],"product_tag":[],"class_list":{"0":"post-28235","1":"product","2":"type-product","3":"status-publish","4":"has-post-thumbnail","6":"product_brand-replique-manga-cine","7":"product_cat-katana-en-metal-one-piece","8":"product_cat-repliques-manga-jeux-video","10":"first","11":"instock","12":"taxable","13":"shipping-taxable","14":"purchasable","15":"product-type-simple"},"yoast_head":"<!-- This site is optimized with the Yoast SEO plugin v27.4 - https:\/\/yoast.com\/product\/yoast-seo-wordpress\/ -->\n<title>Sabre Yoru Mihawk - Vente en ligne des \u00e9p\u00e9es One Piece | RMC<\/title>\n<meta name=\"description\" content=\"Exclusivit\u00e9 ! Superbe r\u00e9plique du sabre Yoru Mihawk au meilleur prix - Lame large en acier 440 - Garde m\u00e9tal d\u00e9cor\u00e9 - Longueur totale : 126 cm\" \/>\n<meta name=\"robots\" content=\"index, follow, max-snippet:-1, max-image-preview:large, max-video-preview:-1\" \/>\n<link rel=\"canonical\" href=\"https:\/\/repliquemangacine.fr\/en\/replicas-manga-video-games\/yoru-kokutou-saber-mihawk-dracula-sword-wide-blade\/\" \/>\n<meta property=\"og:locale\" content=\"en_US\" \/>\n<meta property=\"og:type\" content=\"article\" \/>\n<meta property=\"og:title\" content=\"Sabre Yoru Mihawk - Vente en ligne des \u00e9p\u00e9es One Piece | RMC\" \/>\n<meta property=\"og:description\" content=\"Exclusivit\u00e9 ! Superbe r\u00e9plique du sabre Yoru Mihawk au meilleur prix - Lame large en acier 440 - Garde m\u00e9tal d\u00e9cor\u00e9 - Longueur totale : 126 cm\" \/>\n<meta property=\"og:url\" content=\"https:\/\/repliquemangacine.fr\/en\/replicas-manga-video-games\/yoru-kokutou-saber-mihawk-dracula-sword-wide-blade\/\" \/>\n<meta property=\"og:site_name\" content=\"R\u00e9plique Manga Cin\u00e9\" \/>\n<meta property=\"article:publisher\" content=\"https:\/\/www.facebook.com\/RepliqueMangaCine\" \/>\n<meta property=\"article:modified_time\" content=\"2026-03-31T20:43:55+00:00\" \/>\n<meta property=\"og:image\" content=\"https:\/\/repliquemangacine.fr\/wp-content\/uploads\/2023\/10\/2941-Sabre-Yoru-Kokutou-Epee-de-Dracule-Mihawk-Lame-large.jpg\" \/>\n\t<meta property=\"og:image:width\" content=\"800\" \/>\n\t<meta property=\"og:image:height\" content=\"800\" \/>\n\t<meta property=\"og:image:type\" content=\"image\/jpeg\" \/>\n<meta name=\"twitter:card\" content=\"summary_large_image\" \/>\n<meta name=\"twitter:label1\" content=\"Est. reading time\" \/>\n\t<meta name=\"twitter:data1\" content=\"3 minutes\" \/>\n<script type=\"application\/ld+json\" class=\"yoast-schema-graph\">{\"@context\":\"https:\\\/\\\/schema.org\",\"@graph\":[{\"@type\":\"WebPage\",\"@id\":\"https:\\\/\\\/repliquemangacine.fr\\\/repliques-manga-jeux-video\\\/sabre-yoru-kokutou-epee-de-dracule-mihawk-lame-large\\\/\",\"url\":\"https:\\\/\\\/repliquemangacine.fr\\\/repliques-manga-jeux-video\\\/sabre-yoru-kokutou-epee-de-dracule-mihawk-lame-large\\\/\",\"name\":\"Sabre Yoru Mihawk - Vente en ligne des \u00e9p\u00e9es One Piece | RMC\",\"isPartOf\":{\"@id\":\"https:\\\/\\\/repliquemangacine.fr\\\/#website\"},\"primaryImageOfPage\":{\"@id\":\"https:\\\/\\\/repliquemangacine.fr\\\/repliques-manga-jeux-video\\\/sabre-yoru-kokutou-epee-de-dracule-mihawk-lame-large\\\/#primaryimage\"},\"image\":{\"@id\":\"https:\\\/\\\/repliquemangacine.fr\\\/repliques-manga-jeux-video\\\/sabre-yoru-kokutou-epee-de-dracule-mihawk-lame-large\\\/#primaryimage\"},\"thumbnailUrl\":\"https:\\\/\\\/repliquemangacine.fr\\\/wp-content\\\/uploads\\\/2023\\\/10\\\/2941-Sabre-Yoru-Kokutou-Epee-de-Dracule-Mihawk-Lame-large.jpg\",\"datePublished\":\"2019-08-04T14:06:45+00:00\",\"dateModified\":\"2026-03-31T20:43:55+00:00\",\"description\":\"Exclusivit\u00e9 ! Superbe r\u00e9plique du sabre Yoru Mihawk au meilleur prix - Lame large en acier 440 - Garde m\u00e9tal d\u00e9cor\u00e9 - Longueur totale : 126 cm\",\"breadcrumb\":{\"@id\":\"https:\\\/\\\/repliquemangacine.fr\\\/repliques-manga-jeux-video\\\/sabre-yoru-kokutou-epee-de-dracule-mihawk-lame-large\\\/#breadcrumb\"},\"inLanguage\":\"en-US\",\"potentialAction\":[{\"@type\":\"ReadAction\",\"target\":[\"https:\\\/\\\/repliquemangacine.fr\\\/repliques-manga-jeux-video\\\/sabre-yoru-kokutou-epee-de-dracule-mihawk-lame-large\\\/\"]}]},{\"@type\":\"ImageObject\",\"inLanguage\":\"en-US\",\"@id\":\"https:\\\/\\\/repliquemangacine.fr\\\/repliques-manga-jeux-video\\\/sabre-yoru-kokutou-epee-de-dracule-mihawk-lame-large\\\/#primaryimage\",\"url\":\"https:\\\/\\\/repliquemangacine.fr\\\/wp-content\\\/uploads\\\/2023\\\/10\\\/2941-Sabre-Yoru-Kokutou-Epee-de-Dracule-Mihawk-Lame-large.jpg\",\"contentUrl\":\"https:\\\/\\\/repliquemangacine.fr\\\/wp-content\\\/uploads\\\/2023\\\/10\\\/2941-Sabre-Yoru-Kokutou-Epee-de-Dracule-Mihawk-Lame-large.jpg\",\"width\":800,\"height\":800,\"caption\":\"Sabre Yoru Kokutou - Ep\u00e9e de Dracule Mihawk - Lame large\"},{\"@type\":\"BreadcrumbList\",\"@id\":\"https:\\\/\\\/repliquemangacine.fr\\\/repliques-manga-jeux-video\\\/sabre-yoru-kokutou-epee-de-dracule-mihawk-lame-large\\\/#breadcrumb\",\"itemListElement\":[{\"@type\":\"ListItem\",\"position\":1,\"name\":\"Accueil\",\"item\":\"https:\\\/\\\/repliquemangacine.fr\\\/\"},{\"@type\":\"ListItem\",\"position\":2,\"name\":\"Produits\",\"item\":\"https:\\\/\\\/repliquemangacine.fr\\\/boutique\\\/\"},{\"@type\":\"ListItem\",\"position\":3,\"name\":\"Sabre Yoru Kokutou &#8211; Dracule Mihawk\"}]},{\"@type\":\"WebSite\",\"@id\":\"https:\\\/\\\/repliquemangacine.fr\\\/#website\",\"url\":\"https:\\\/\\\/repliquemangacine.fr\\\/\",\"name\":\"R\u00e9plique Manga Cin\u00e9\",\"description\":\"\",\"publisher\":{\"@id\":\"https:\\\/\\\/repliquemangacine.fr\\\/#organization\"},\"potentialAction\":[{\"@type\":\"SearchAction\",\"target\":{\"@type\":\"EntryPoint\",\"urlTemplate\":\"https:\\\/\\\/repliquemangacine.fr\\\/?s={search_term_string}\"},\"query-input\":{\"@type\":\"PropertyValueSpecification\",\"valueRequired\":true,\"valueName\":\"search_term_string\"}}],\"inLanguage\":\"en-US\"},{\"@type\":\"Organization\",\"@id\":\"https:\\\/\\\/repliquemangacine.fr\\\/#organization\",\"name\":\"R\u00e9plique Manga Cin\u00e9\",\"url\":\"https:\\\/\\\/repliquemangacine.fr\\\/\",\"logo\":{\"@type\":\"ImageObject\",\"inLanguage\":\"en-US\",\"@id\":\"https:\\\/\\\/repliquemangacine.fr\\\/#\\\/schema\\\/logo\\\/image\\\/\",\"url\":\"https:\\\/\\\/repliquemangacine.fr\\\/wp-content\\\/uploads\\\/2023\\\/10\\\/RMC-500250.png\",\"contentUrl\":\"https:\\\/\\\/repliquemangacine.fr\\\/wp-content\\\/uploads\\\/2023\\\/10\\\/RMC-500250.png\",\"width\":500,\"height\":250,\"caption\":\"R\u00e9plique Manga Cin\u00e9\"},\"image\":{\"@id\":\"https:\\\/\\\/repliquemangacine.fr\\\/#\\\/schema\\\/logo\\\/image\\\/\"},\"sameAs\":[\"https:\\\/\\\/www.facebook.com\\\/RepliqueMangaCine\",\"https:\\\/\\\/www.instagram.com\\\/repliquemangacine.fr\\\/\"]}]}<\/script>\n<!-- \/ Yoast SEO plugin. -->","yoast_head_json":{"title":"Sabre Yoru Mihawk - One Piece swords online sale | RMC","description":"Exclusive ! Superb replica of the Yoru Mihawk sword at the best price - Wide 440 steel blade - Decorated metal guard - Total length: 126 cm","robots":{"index":"index","follow":"follow","max-snippet":"max-snippet:-1","max-image-preview":"max-image-preview:large","max-video-preview":"max-video-preview:-1"},"canonical":"https:\/\/repliquemangacine.fr\/en\/replicas-manga-video-games\/yoru-kokutou-saber-mihawk-dracula-sword-wide-blade\/","og_locale":"en_US","og_type":"article","og_title":"Sabre Yoru Mihawk - Vente en ligne des \u00e9p\u00e9es One Piece | RMC","og_description":"Exclusivit\u00e9 ! Superbe r\u00e9plique du sabre Yoru Mihawk au meilleur prix - Lame large en acier 440 - Garde m\u00e9tal d\u00e9cor\u00e9 - Longueur totale : 126 cm","og_url":"https:\/\/repliquemangacine.fr\/en\/replicas-manga-video-games\/yoru-kokutou-saber-mihawk-dracula-sword-wide-blade\/","og_site_name":"R\u00e9plique Manga Cin\u00e9","article_publisher":"https:\/\/www.facebook.com\/RepliqueMangaCine","article_modified_time":"2026-03-31T20:43:55+00:00","og_image":[{"width":800,"height":800,"url":"https:\/\/repliquemangacine.fr\/wp-content\/uploads\/2023\/10\/2941-Sabre-Yoru-Kokutou-Epee-de-Dracule-Mihawk-Lame-large.jpg","type":"image\/jpeg"}],"twitter_card":"summary_large_image","twitter_misc":{"Est. reading time":"3 minutes"},"schema":{"@context":"https:\/\/schema.org","@graph":[{"@type":"WebPage","@id":"https:\/\/repliquemangacine.fr\/repliques-manga-jeux-video\/sabre-yoru-kokutou-epee-de-dracule-mihawk-lame-large\/","url":"https:\/\/repliquemangacine.fr\/repliques-manga-jeux-video\/sabre-yoru-kokutou-epee-de-dracule-mihawk-lame-large\/","name":"Sabre Yoru Mihawk - One Piece swords online sale | RMC","isPartOf":{"@id":"https:\/\/repliquemangacine.fr\/#website"},"primaryImageOfPage":{"@id":"https:\/\/repliquemangacine.fr\/repliques-manga-jeux-video\/sabre-yoru-kokutou-epee-de-dracule-mihawk-lame-large\/#primaryimage"},"image":{"@id":"https:\/\/repliquemangacine.fr\/repliques-manga-jeux-video\/sabre-yoru-kokutou-epee-de-dracule-mihawk-lame-large\/#primaryimage"},"thumbnailUrl":"https:\/\/repliquemangacine.fr\/wp-content\/uploads\/2023\/10\/2941-Sabre-Yoru-Kokutou-Epee-de-Dracule-Mihawk-Lame-large.jpg","datePublished":"2019-08-04T14:06:45+00:00","dateModified":"2026-03-31T20:43:55+00:00","description":"Exclusive ! Superb replica of the Yoru Mihawk sword at the best price - Wide 440 steel blade - Decorated metal guard - Total length: 126 cm","breadcrumb":{"@id":"https:\/\/repliquemangacine.fr\/repliques-manga-jeux-video\/sabre-yoru-kokutou-epee-de-dracule-mihawk-lame-large\/#breadcrumb"},"inLanguage":"en-US","potentialAction":[{"@type":"ReadAction","target":["https:\/\/repliquemangacine.fr\/repliques-manga-jeux-video\/sabre-yoru-kokutou-epee-de-dracule-mihawk-lame-large\/"]}]},{"@type":"ImageObject","inLanguage":"en-US","@id":"https:\/\/repliquemangacine.fr\/repliques-manga-jeux-video\/sabre-yoru-kokutou-epee-de-dracule-mihawk-lame-large\/#primaryimage","url":"https:\/\/repliquemangacine.fr\/wp-content\/uploads\/2023\/10\/2941-Sabre-Yoru-Kokutou-Epee-de-Dracule-Mihawk-Lame-large.jpg","contentUrl":"https:\/\/repliquemangacine.fr\/wp-content\/uploads\/2023\/10\/2941-Sabre-Yoru-Kokutou-Epee-de-Dracule-Mihawk-Lame-large.jpg","width":800,"height":800,"caption":"Sabre Yoru Kokutou - Ep\u00e9e de Dracule Mihawk - Lame large"},{"@type":"BreadcrumbList","@id":"https:\/\/repliquemangacine.fr\/repliques-manga-jeux-video\/sabre-yoru-kokutou-epee-de-dracule-mihawk-lame-large\/#breadcrumb","itemListElement":[{"@type":"ListItem","position":1,"name":"Accueil","item":"https:\/\/repliquemangacine.fr\/"},{"@type":"ListItem","position":2,"name":"Produits","item":"https:\/\/repliquemangacine.fr\/boutique\/"},{"@type":"ListItem","position":3,"name":"Sabre Yoru Kokutou &#8211; Dracule Mihawk"}]},{"@type":"WebSite","@id":"https:\/\/repliquemangacine.fr\/#website","url":"https:\/\/repliquemangacine.fr\/","name":"R\u00e9plique Manga Cin\u00e9","description":"","publisher":{"@id":"https:\/\/repliquemangacine.fr\/#organization"},"potentialAction":[{"@type":"SearchAction","target":{"@type":"EntryPoint","urlTemplate":"https:\/\/repliquemangacine.fr\/?s={search_term_string}"},"query-input":{"@type":"PropertyValueSpecification","valueRequired":true,"valueName":"search_term_string"}}],"inLanguage":"en-US"},{"@type":"Organization","@id":"https:\/\/repliquemangacine.fr\/#organization","name":"R\u00e9plique Manga Cin\u00e9","url":"https:\/\/repliquemangacine.fr\/","logo":{"@type":"ImageObject","inLanguage":"en-US","@id":"https:\/\/repliquemangacine.fr\/#\/schema\/logo\/image\/","url":"https:\/\/repliquemangacine.fr\/wp-content\/uploads\/2023\/10\/RMC-500250.png","contentUrl":"https:\/\/repliquemangacine.fr\/wp-content\/uploads\/2023\/10\/RMC-500250.png","width":500,"height":250,"caption":"R\u00e9plique Manga Cin\u00e9"},"image":{"@id":"https:\/\/repliquemangacine.fr\/#\/schema\/logo\/image\/"},"sameAs":["https:\/\/www.facebook.com\/RepliqueMangaCine","https:\/\/www.instagram.com\/repliquemangacine.fr\/"]}]}},"_links":{"self":[{"href":"https:\/\/repliquemangacine.fr\/en\/wp-json\/wp\/v2\/product\/28235","targetHints":{"allow":["GET"]}}],"collection":[{"href":"https:\/\/repliquemangacine.fr\/en\/wp-json\/wp\/v2\/product"}],"about":[{"href":"https:\/\/repliquemangacine.fr\/en\/wp-json\/wp\/v2\/types\/product"}],"wp:featuredmedia":[{"embeddable":true,"href":"https:\/\/repliquemangacine.fr\/en\/wp-json\/wp\/v2\/media\/28236"}],"wp:attachment":[{"href":"https:\/\/repliquemangacine.fr\/en\/wp-json\/wp\/v2\/media?parent=28235"}],"wp:term":[{"taxonomy":"product_brand","embeddable":true,"href":"https:\/\/repliquemangacine.fr\/en\/wp-json\/wp\/v2\/product_brand?post=28235"},{"taxonomy":"product_cat","embeddable":true,"href":"https:\/\/repliquemangacine.fr\/en\/wp-json\/wp\/v2\/product_cat?post=28235"},{"taxonomy":"product_tag","embeddable":true,"href":"https:\/\/repliquemangacine.fr\/en\/wp-json\/wp\/v2\/product_tag?post=28235"}],"curies":[{"name":"wp","href":"https:\/\/api.w.org\/{rel}","templated":true}]}}