





{"id":28226,"date":"2019-08-04T15:17:13","date_gmt":"2019-08-04T13:17:13","guid":{"rendered":"https:\/\/repliquemangacine.fr\/?post_type=product&#038;p=28226"},"modified":"2026-03-25T15:57:21","modified_gmt":"2026-03-25T14:57:21","slug":"epee-zireael-de-ciri-the-witcher-3-lame-decoupee","status":"publish","type":"product","link":"https:\/\/repliquemangacine.fr\/en\/epee-the-witcher\/epee-zireael-de-ciri-the-witcher-3-lame-decoupee\/","title":{"rendered":"Ciri The Witcher 3 sword - Carved blade"},"content":{"rendered":"<h2>Sword Ciri Zireael The Witcher3<\/h2>\n<p>To start with, The Witcher3 Ciri Sword, designed with the utmost attention to detail. The production process for the blade is polished sanding.<\/p>\n<p>Forged by gnomes, this gwyhyr (sword) is named Zireael (swallow). A <a href=\"https:\/\/witcher-archive.fandom.com\/fr\/wiki\/Gwyhyr\" target=\"_blank\" rel=\"noopener noreferrer\">gwyhyr<\/a> is a superb gnome sword, considered the best in the world. The gnomes had ceased production of these weapons more than two hundred years before the events in The Sorcerer's Saga.<\/p>\n<p>This is one of two swords Geralt can choose from when he meets the blacksmith at the Nilfgaardian garrison. He gives it to Ciri as her first witch's sword.<\/p>\n<p>When she was just a child, Ciri's parents disappeared in a storm at sea and were presumed dead. She spent her youth between Cintra and the Skellige Islands, in the care of her grandmother.<\/p>\n<h2>Your The Witcher3 Ciri Sword at the best price.<\/h2>\n<p>We bring you all the Geralt de Riv lines in The Witcher 3 game, but also in The Witcher Netflix series.<\/p>\n<p>First and foremost,<\/p>\n<ul>\n<li>L'<a href=\"https:\/\/repliquemangacine.fr\/en\/epee-the-witcher\/epee-wolf-the-witcher3\/\">Wolf sword<\/a> worn by Geralt de Riv, this is his second sword in the game.<\/li>\n<li>As well as the<a href=\"https:\/\/repliquemangacine.fr\/en\/epee-the-witcher\/epee-argent-geralt-de-riv-the-witcher\/\">silver sword<\/a> in the Netflix series season 2.<\/li>\n<li>And many more to discover in our online store!<\/li>\n<\/ul>\n<p>That's why here are some great gift ideas for The Witcher fans<\/p>\n<p>In conclusion, you can also use this <strong>Ciri sword The Witcher3<\/strong> for your cosplay parades or theme parties. But, above all, it's also a collector's item and a decorative element.<\/p>\n<p>R\u00e9plique Manga Cin\u00e9 is a French company<\/p>\n<h2>How to maintain the blade of your The Witcher sword?<\/h2>\n<p>Collector's and decorative swords are made and assembled in a simplified way. As their use is decorative, they lack the safety features required of a Japanese sword intended for training.<\/p>\n<p>However, your <strong>Ciri sword The Witcher3<\/strong> to a steel blade that needs to be maintained to prevent damage over time. In fact, when you expose your sword, your friends will be curious to see the blade and touch it. This is where you need to be careful, as the acidity of your fingers is very harmful to steel, whatever its quality.<\/p>\n<p>However, if this does happen, don't panic - all you need is a cloth dampened with a little oil and a wipe of fingerprints. By doing so, you'll keep your sword looking its best for a very long time.<\/p>\n<p>&nbsp;<\/p>","protected":false},"excerpt":{"rendered":"<p>This replica of the Zireael sword is designed with the utmost attention to detail.<\/p>\n<ul>\n<li>Non-sharp 440 stainless steel blade.<\/li>\n<li>Blade cutout near the guard.<\/li>\n<li>The blade production process is polished grinding.<\/li>\n<li>Metal handle surrounded by beige cotton thread.<\/li>\n<li>Handle and pommel in specially shaped solid steel.<\/li>\n<li>Wooden scabbard covered in red imitation leather with white stitching.<\/li>\n<li>End fittings in polished steel.<br \/>\nIt also has an adjustable shoulder strap for carrying.<\/li>\n<\/ul>\n<p><strong><span style=\"color: #d0121a;\">The Red Eye Pendant comes with this sword.<\/span> <span style=\"text-decoration: underline;\"><br \/>\n<\/span><\/strong><\/p>","protected":false},"featured_media":28227,"template":"","meta":[],"product_brand":[896],"product_cat":[23,58],"product_tag":[],"class_list":{"0":"post-28226","1":"product","2":"type-product","3":"status-publish","4":"has-post-thumbnail","6":"product_brand-replique-manga-cine","7":"product_cat-repliques-manga-jeux-video","8":"product_cat-epee-the-witcher","10":"first","11":"instock","12":"sale","13":"taxable","14":"shipping-taxable","15":"purchasable","16":"product-type-simple"},"yoast_head":"<!-- This site is optimized with the Yoast SEO plugin v27.4 - https:\/\/yoast.com\/product\/yoast-seo-wordpress\/ -->\n<title>Ep\u00e9e Ciri The Witcher3 - Vente en ligne Ep\u00e9e Zireael - RMC<\/title>\n<meta name=\"description\" content=\"Offrez-lui ! Cette superbe Ep\u00e9e de Ciri The Witcher3 au meilleur prix. Lame en acier inox d\u00e9coup\u00e9e sur le haut de la lame. Fourreau similicuir rouge\" \/>\n<meta name=\"robots\" content=\"index, follow, max-snippet:-1, max-image-preview:large, max-video-preview:-1\" \/>\n<link rel=\"canonical\" href=\"https:\/\/repliquemangacine.fr\/en\/epee-the-witcher\/epee-zireael-de-ciri-the-witcher-3-lame-decoupee\/\" \/>\n<meta property=\"og:locale\" content=\"en_US\" \/>\n<meta property=\"og:type\" content=\"article\" \/>\n<meta property=\"og:title\" content=\"Ep\u00e9e Ciri The Witcher3 - Vente en ligne Ep\u00e9e Zireael - RMC\" \/>\n<meta property=\"og:description\" content=\"Offrez-lui ! Cette superbe Ep\u00e9e de Ciri The Witcher3 au meilleur prix. Lame en acier inox d\u00e9coup\u00e9e sur le haut de la lame. Fourreau similicuir rouge\" \/>\n<meta property=\"og:url\" content=\"https:\/\/repliquemangacine.fr\/en\/epee-the-witcher\/epee-zireael-de-ciri-the-witcher-3-lame-decoupee\/\" \/>\n<meta property=\"og:site_name\" content=\"R\u00e9plique Manga Cin\u00e9\" \/>\n<meta property=\"article:publisher\" content=\"https:\/\/www.facebook.com\/RepliqueMangaCine\" \/>\n<meta property=\"article:modified_time\" content=\"2026-03-25T14:57:21+00:00\" \/>\n<meta property=\"og:image\" content=\"https:\/\/repliquemangacine.fr\/wp-content\/uploads\/2023\/10\/2930-Epee-Zireael-de-Ciri-The-Witcher-3-Lame-decoupee.jpg\" \/>\n\t<meta property=\"og:image:width\" content=\"700\" \/>\n\t<meta property=\"og:image:height\" content=\"700\" \/>\n\t<meta property=\"og:image:type\" content=\"image\/jpeg\" \/>\n<meta name=\"twitter:card\" content=\"summary_large_image\" \/>\n<meta name=\"twitter:label1\" content=\"Est. reading time\" \/>\n\t<meta name=\"twitter:data1\" content=\"1 minute\" \/>\n<script type=\"application\/ld+json\" class=\"yoast-schema-graph\">{\"@context\":\"https:\\\/\\\/schema.org\",\"@graph\":[{\"@type\":\"WebPage\",\"@id\":\"https:\\\/\\\/repliquemangacine.fr\\\/epee-the-witcher\\\/epee-zireael-de-ciri-the-witcher-3-lame-decoupee\\\/\",\"url\":\"https:\\\/\\\/repliquemangacine.fr\\\/epee-the-witcher\\\/epee-zireael-de-ciri-the-witcher-3-lame-decoupee\\\/\",\"name\":\"Ep\u00e9e Ciri The Witcher3 - Vente en ligne Ep\u00e9e Zireael - RMC\",\"isPartOf\":{\"@id\":\"https:\\\/\\\/repliquemangacine.fr\\\/#website\"},\"primaryImageOfPage\":{\"@id\":\"https:\\\/\\\/repliquemangacine.fr\\\/epee-the-witcher\\\/epee-zireael-de-ciri-the-witcher-3-lame-decoupee\\\/#primaryimage\"},\"image\":{\"@id\":\"https:\\\/\\\/repliquemangacine.fr\\\/epee-the-witcher\\\/epee-zireael-de-ciri-the-witcher-3-lame-decoupee\\\/#primaryimage\"},\"thumbnailUrl\":\"https:\\\/\\\/repliquemangacine.fr\\\/wp-content\\\/uploads\\\/2023\\\/10\\\/2930-Epee-Zireael-de-Ciri-The-Witcher-3-Lame-decoupee.jpg\",\"datePublished\":\"2019-08-04T13:17:13+00:00\",\"dateModified\":\"2026-03-25T14:57:21+00:00\",\"description\":\"Offrez-lui ! Cette superbe Ep\u00e9e de Ciri The Witcher3 au meilleur prix. Lame en acier inox d\u00e9coup\u00e9e sur le haut de la lame. Fourreau similicuir rouge\",\"breadcrumb\":{\"@id\":\"https:\\\/\\\/repliquemangacine.fr\\\/epee-the-witcher\\\/epee-zireael-de-ciri-the-witcher-3-lame-decoupee\\\/#breadcrumb\"},\"inLanguage\":\"en-US\",\"potentialAction\":[{\"@type\":\"ReadAction\",\"target\":[\"https:\\\/\\\/repliquemangacine.fr\\\/epee-the-witcher\\\/epee-zireael-de-ciri-the-witcher-3-lame-decoupee\\\/\"]}]},{\"@type\":\"ImageObject\",\"inLanguage\":\"en-US\",\"@id\":\"https:\\\/\\\/repliquemangacine.fr\\\/epee-the-witcher\\\/epee-zireael-de-ciri-the-witcher-3-lame-decoupee\\\/#primaryimage\",\"url\":\"https:\\\/\\\/repliquemangacine.fr\\\/wp-content\\\/uploads\\\/2023\\\/10\\\/2930-Epee-Zireael-de-Ciri-The-Witcher-3-Lame-decoupee.jpg\",\"contentUrl\":\"https:\\\/\\\/repliquemangacine.fr\\\/wp-content\\\/uploads\\\/2023\\\/10\\\/2930-Epee-Zireael-de-Ciri-The-Witcher-3-Lame-decoupee.jpg\",\"width\":700,\"height\":700,\"caption\":\"Ep\u00e9e Zireael de Ciri - The Witcher 3 - Lame d\u00e9coup\u00e9e\"},{\"@type\":\"BreadcrumbList\",\"@id\":\"https:\\\/\\\/repliquemangacine.fr\\\/epee-the-witcher\\\/epee-zireael-de-ciri-the-witcher-3-lame-decoupee\\\/#breadcrumb\",\"itemListElement\":[{\"@type\":\"ListItem\",\"position\":1,\"name\":\"Accueil\",\"item\":\"https:\\\/\\\/repliquemangacine.fr\\\/\"},{\"@type\":\"ListItem\",\"position\":2,\"name\":\"Produits\",\"item\":\"https:\\\/\\\/repliquemangacine.fr\\\/boutique\\\/\"},{\"@type\":\"ListItem\",\"position\":3,\"name\":\"Ep\u00e9e Ciri The Witcher 3 &#8211; Lame d\u00e9coup\u00e9e\"}]},{\"@type\":\"WebSite\",\"@id\":\"https:\\\/\\\/repliquemangacine.fr\\\/#website\",\"url\":\"https:\\\/\\\/repliquemangacine.fr\\\/\",\"name\":\"R\u00e9plique Manga Cin\u00e9\",\"description\":\"\",\"publisher\":{\"@id\":\"https:\\\/\\\/repliquemangacine.fr\\\/#organization\"},\"potentialAction\":[{\"@type\":\"SearchAction\",\"target\":{\"@type\":\"EntryPoint\",\"urlTemplate\":\"https:\\\/\\\/repliquemangacine.fr\\\/?s={search_term_string}\"},\"query-input\":{\"@type\":\"PropertyValueSpecification\",\"valueRequired\":true,\"valueName\":\"search_term_string\"}}],\"inLanguage\":\"en-US\"},{\"@type\":\"Organization\",\"@id\":\"https:\\\/\\\/repliquemangacine.fr\\\/#organization\",\"name\":\"R\u00e9plique Manga Cin\u00e9\",\"url\":\"https:\\\/\\\/repliquemangacine.fr\\\/\",\"logo\":{\"@type\":\"ImageObject\",\"inLanguage\":\"en-US\",\"@id\":\"https:\\\/\\\/repliquemangacine.fr\\\/#\\\/schema\\\/logo\\\/image\\\/\",\"url\":\"https:\\\/\\\/repliquemangacine.fr\\\/wp-content\\\/uploads\\\/2023\\\/10\\\/RMC-500250.png\",\"contentUrl\":\"https:\\\/\\\/repliquemangacine.fr\\\/wp-content\\\/uploads\\\/2023\\\/10\\\/RMC-500250.png\",\"width\":500,\"height\":250,\"caption\":\"R\u00e9plique Manga Cin\u00e9\"},\"image\":{\"@id\":\"https:\\\/\\\/repliquemangacine.fr\\\/#\\\/schema\\\/logo\\\/image\\\/\"},\"sameAs\":[\"https:\\\/\\\/www.facebook.com\\\/RepliqueMangaCine\",\"https:\\\/\\\/www.instagram.com\\\/repliquemangacine.fr\\\/\"]}]}<\/script>\n<!-- \/ Yoast SEO plugin. -->","yoast_head_json":{"title":"Sword Ciri The Witcher3 - On-line sale Sword Zireael - RMC","description":"Give it to her! This superb Ciri The Witcher3 sword at the best price. Stainless steel blade cut at the top. Red leatherette scabbard","robots":{"index":"index","follow":"follow","max-snippet":"max-snippet:-1","max-image-preview":"max-image-preview:large","max-video-preview":"max-video-preview:-1"},"canonical":"https:\/\/repliquemangacine.fr\/en\/epee-the-witcher\/epee-zireael-de-ciri-the-witcher-3-lame-decoupee\/","og_locale":"en_US","og_type":"article","og_title":"Ep\u00e9e Ciri The Witcher3 - Vente en ligne Ep\u00e9e Zireael - RMC","og_description":"Offrez-lui ! Cette superbe Ep\u00e9e de Ciri The Witcher3 au meilleur prix. Lame en acier inox d\u00e9coup\u00e9e sur le haut de la lame. Fourreau similicuir rouge","og_url":"https:\/\/repliquemangacine.fr\/en\/epee-the-witcher\/epee-zireael-de-ciri-the-witcher-3-lame-decoupee\/","og_site_name":"R\u00e9plique Manga Cin\u00e9","article_publisher":"https:\/\/www.facebook.com\/RepliqueMangaCine","article_modified_time":"2026-03-25T14:57:21+00:00","og_image":[{"width":700,"height":700,"url":"https:\/\/repliquemangacine.fr\/wp-content\/uploads\/2023\/10\/2930-Epee-Zireael-de-Ciri-The-Witcher-3-Lame-decoupee.jpg","type":"image\/jpeg"}],"twitter_card":"summary_large_image","twitter_misc":{"Est. reading time":"1 minute"},"schema":{"@context":"https:\/\/schema.org","@graph":[{"@type":"WebPage","@id":"https:\/\/repliquemangacine.fr\/epee-the-witcher\/epee-zireael-de-ciri-the-witcher-3-lame-decoupee\/","url":"https:\/\/repliquemangacine.fr\/epee-the-witcher\/epee-zireael-de-ciri-the-witcher-3-lame-decoupee\/","name":"Sword Ciri The Witcher3 - On-line sale Sword Zireael - RMC","isPartOf":{"@id":"https:\/\/repliquemangacine.fr\/#website"},"primaryImageOfPage":{"@id":"https:\/\/repliquemangacine.fr\/epee-the-witcher\/epee-zireael-de-ciri-the-witcher-3-lame-decoupee\/#primaryimage"},"image":{"@id":"https:\/\/repliquemangacine.fr\/epee-the-witcher\/epee-zireael-de-ciri-the-witcher-3-lame-decoupee\/#primaryimage"},"thumbnailUrl":"https:\/\/repliquemangacine.fr\/wp-content\/uploads\/2023\/10\/2930-Epee-Zireael-de-Ciri-The-Witcher-3-Lame-decoupee.jpg","datePublished":"2019-08-04T13:17:13+00:00","dateModified":"2026-03-25T14:57:21+00:00","description":"Give it to her! This superb Ciri The Witcher3 sword at the best price. Stainless steel blade cut at the top. Red leatherette scabbard","breadcrumb":{"@id":"https:\/\/repliquemangacine.fr\/epee-the-witcher\/epee-zireael-de-ciri-the-witcher-3-lame-decoupee\/#breadcrumb"},"inLanguage":"en-US","potentialAction":[{"@type":"ReadAction","target":["https:\/\/repliquemangacine.fr\/epee-the-witcher\/epee-zireael-de-ciri-the-witcher-3-lame-decoupee\/"]}]},{"@type":"ImageObject","inLanguage":"en-US","@id":"https:\/\/repliquemangacine.fr\/epee-the-witcher\/epee-zireael-de-ciri-the-witcher-3-lame-decoupee\/#primaryimage","url":"https:\/\/repliquemangacine.fr\/wp-content\/uploads\/2023\/10\/2930-Epee-Zireael-de-Ciri-The-Witcher-3-Lame-decoupee.jpg","contentUrl":"https:\/\/repliquemangacine.fr\/wp-content\/uploads\/2023\/10\/2930-Epee-Zireael-de-Ciri-The-Witcher-3-Lame-decoupee.jpg","width":700,"height":700,"caption":"Ep\u00e9e Zireael de Ciri - The Witcher 3 - Lame d\u00e9coup\u00e9e"},{"@type":"BreadcrumbList","@id":"https:\/\/repliquemangacine.fr\/epee-the-witcher\/epee-zireael-de-ciri-the-witcher-3-lame-decoupee\/#breadcrumb","itemListElement":[{"@type":"ListItem","position":1,"name":"Accueil","item":"https:\/\/repliquemangacine.fr\/"},{"@type":"ListItem","position":2,"name":"Produits","item":"https:\/\/repliquemangacine.fr\/boutique\/"},{"@type":"ListItem","position":3,"name":"Ep\u00e9e Ciri The Witcher 3 &#8211; Lame d\u00e9coup\u00e9e"}]},{"@type":"WebSite","@id":"https:\/\/repliquemangacine.fr\/#website","url":"https:\/\/repliquemangacine.fr\/","name":"R\u00e9plique Manga Cin\u00e9","description":"","publisher":{"@id":"https:\/\/repliquemangacine.fr\/#organization"},"potentialAction":[{"@type":"SearchAction","target":{"@type":"EntryPoint","urlTemplate":"https:\/\/repliquemangacine.fr\/?s={search_term_string}"},"query-input":{"@type":"PropertyValueSpecification","valueRequired":true,"valueName":"search_term_string"}}],"inLanguage":"en-US"},{"@type":"Organization","@id":"https:\/\/repliquemangacine.fr\/#organization","name":"R\u00e9plique Manga Cin\u00e9","url":"https:\/\/repliquemangacine.fr\/","logo":{"@type":"ImageObject","inLanguage":"en-US","@id":"https:\/\/repliquemangacine.fr\/#\/schema\/logo\/image\/","url":"https:\/\/repliquemangacine.fr\/wp-content\/uploads\/2023\/10\/RMC-500250.png","contentUrl":"https:\/\/repliquemangacine.fr\/wp-content\/uploads\/2023\/10\/RMC-500250.png","width":500,"height":250,"caption":"R\u00e9plique Manga Cin\u00e9"},"image":{"@id":"https:\/\/repliquemangacine.fr\/#\/schema\/logo\/image\/"},"sameAs":["https:\/\/www.facebook.com\/RepliqueMangaCine","https:\/\/www.instagram.com\/repliquemangacine.fr\/"]}]}},"_links":{"self":[{"href":"https:\/\/repliquemangacine.fr\/en\/wp-json\/wp\/v2\/product\/28226","targetHints":{"allow":["GET"]}}],"collection":[{"href":"https:\/\/repliquemangacine.fr\/en\/wp-json\/wp\/v2\/product"}],"about":[{"href":"https:\/\/repliquemangacine.fr\/en\/wp-json\/wp\/v2\/types\/product"}],"wp:featuredmedia":[{"embeddable":true,"href":"https:\/\/repliquemangacine.fr\/en\/wp-json\/wp\/v2\/media\/28227"}],"wp:attachment":[{"href":"https:\/\/repliquemangacine.fr\/en\/wp-json\/wp\/v2\/media?parent=28226"}],"wp:term":[{"taxonomy":"product_brand","embeddable":true,"href":"https:\/\/repliquemangacine.fr\/en\/wp-json\/wp\/v2\/product_brand?post=28226"},{"taxonomy":"product_cat","embeddable":true,"href":"https:\/\/repliquemangacine.fr\/en\/wp-json\/wp\/v2\/product_cat?post=28226"},{"taxonomy":"product_tag","embeddable":true,"href":"https:\/\/repliquemangacine.fr\/en\/wp-json\/wp\/v2\/product_tag?post=28226"}],"curies":[{"name":"wp","href":"https:\/\/api.w.org\/{rel}","templated":true}]}}