





{"id":28217,"date":"2019-07-19T19:49:39","date_gmt":"2019-07-19T17:49:39","guid":{"rendered":"https:\/\/repliquemangacine.fr\/?post_type=product&#038;p=28217"},"modified":"2025-09-23T18:02:09","modified_gmt":"2025-09-23T16:02:09","slug":"dali-casa-de-papel-mask","status":"publish","type":"product","link":"https:\/\/repliquemangacine.fr\/en\/katana-les-epees-de-films-et-series\/masque-dali-casa-de-papel\/","title":{"rendered":"Mask dali casa de papel"},"content":{"rendered":"<h2>Replica of the Dali Casa de Papel mask.<\/h2>\n<p>To begin with, the Casa de Papel Dali Mask is inspired by the Spanish TV series broadcast on Netflix.<\/p>\n<p>The story of a mysterious man, nicknamed the Professor, who plans the greatest heist ever pulled off. To carry out his plan, he recruits eight of the best criminals in Spain who have nothing to lose.<\/p>\n<p>The Professor also asks the gang to choose a pseudonym based on city names. These include Tokyo, Rio, Berlin, Denver, Nairobi, Oslo, Helsinki and Moscow.<\/p>\n<p>The aim is to infiltrate the national mint in order to print 2.4 billion euros, in small denominations of \u20ac50, in less than eleven days, without casualties.<\/p>\n<h2>Your Casa de Papal Dali Mask at the best price.<\/h2>\n<p>We offer a wide range of reproductions of TV series collectors' items.<\/p>\n<p>First and foremost,<\/p>\n<ul>\n<li>The replica of the<a href=\"https:\/\/repliquemangacine.fr\/en\/other-films-and-series\/archangel-blade-supernatural\/\">Archangel Blade<\/a> from the Supernatural series.<\/li>\n<li>There is also the <a href=\"https:\/\/repliquemangacine.fr\/en\/other-films\/predator-dutch-machete\/\">machete dagger<\/a> of Dutch in Predator.<\/li>\n<li>As well as the <a href=\"https:\/\/repliquemangacine.fr\/en\/super-heroes\/jokers-suicide-squad-cane\/\">jocker rod<\/a> in Suicide Squad under official license <a href=\"https:\/\/noblecollection.fr\/\" target=\"_blank\" rel=\"noopener noreferrer\">noble collection<\/a>.<\/li>\n<li>And many more to discover in our online store!<\/li>\n<\/ul>\n<p>That's why this is a great gift idea for all TV series fans.<\/p>\n<p>In conclusion, you can use the Casa de Papel Dali Mask for your Cosplays parades, or your themed evenings. But above all, this mask is a collector's item and a decorative object.<\/p>\n<h2>How are your costumes made?<\/h2>\n<p>To begin with, all our derived products are of the highest quality, manufactured with meticulous attention to detail. In fact, some of the manufacturing is done by hand, to reproduce even the smallest detail. More important parts are machined by precise machines. Engravings are generally made with a diamond tip or laser.<\/p>\n<p>Your <strong>Casa de Papel Dali mask<\/strong> has been crafted to reproduce every detail exactly. Made entirely of 2 mm-thick molded resin and hand-painted. Adjustable strap held in place by two rivets.<\/p>\n<p>In conclusion, imported from China, Spain or India, our replicas will amaze you!<\/p>\n<p>R\u00e9plique Manga Cin\u00e9 is a French family business.<\/p>\n<p>Enjoy your visit.<\/p>","protected":false},"excerpt":{"rendered":"<p>Dali mask of Spain's famous \"La casa de papel\" bank robbers.<\/p>\n<ul>\n<li>Made entirely of 2mm-thick resin.<\/li>\n<li>Can be worn.<\/li>\n<li>Adjustable strap held in place by two rivets.<\/li>\n<li>Weight : 265 grammes - Height : 25.5 cm - Width : 15.5 cm<\/li>\n<\/ul>","protected":false},"featured_media":28218,"template":"","meta":[],"product_brand":[896],"product_cat":[91,66,24],"product_tag":[],"class_list":{"0":"post-28217","1":"product","2":"type-product","3":"status-publish","4":"has-post-thumbnail","6":"product_brand-replique-manga-cine","7":"product_cat-katana-les-epees-de-films-et-series","8":"product_cat-repliques-d-armes-films-et-series","9":"product_cat-films-series-tv-vente-de-katana-epee-et-produits-derives","11":"first","12":"instock","13":"taxable","14":"shipping-taxable","15":"purchasable","16":"product-type-simple"},"yoast_head":"<!-- This site is optimized with the Yoast SEO plugin v27.5 - https:\/\/yoast.com\/product\/yoast-seo-wordpress\/ -->\n<title>Masque dali casa de papel en r\u00e9sine - R\u00e9plique Manga Cin\u00e9<\/title>\n<meta name=\"description\" content=\"Superbe r\u00e9plique tout en r\u00e9sine du Masque Dali Casa de Papel. Tr\u00e8s belle finition, peux se porter pour jouer le r\u00f4le d&#039;un de vos braqueurs pr\u00e9f\u00e9r\u00e9s.\" \/>\n<meta name=\"robots\" content=\"index, follow, max-snippet:-1, max-image-preview:large, max-video-preview:-1\" \/>\n<link rel=\"canonical\" href=\"https:\/\/repliquemangacine.fr\/en\/katana-swords-from-films-and-series\/dali-casa-de-papel-mask\/\" \/>\n<meta property=\"og:locale\" content=\"en_US\" \/>\n<meta property=\"og:type\" content=\"article\" \/>\n<meta property=\"og:title\" content=\"Masque dali casa de papel en r\u00e9sine - R\u00e9plique Manga Cin\u00e9\" \/>\n<meta property=\"og:description\" content=\"Superbe r\u00e9plique tout en r\u00e9sine du Masque Dali Casa de Papel. Tr\u00e8s belle finition, peux se porter pour jouer le r\u00f4le d&#039;un de vos braqueurs pr\u00e9f\u00e9r\u00e9s.\" \/>\n<meta property=\"og:url\" content=\"https:\/\/repliquemangacine.fr\/en\/katana-swords-from-films-and-series\/dali-casa-de-papel-mask\/\" \/>\n<meta property=\"og:site_name\" content=\"R\u00e9plique Manga Cin\u00e9\" \/>\n<meta property=\"article:publisher\" content=\"https:\/\/www.facebook.com\/RepliqueMangaCine\" \/>\n<meta property=\"article:modified_time\" content=\"2025-09-23T16:02:09+00:00\" \/>\n<meta property=\"og:image\" content=\"https:\/\/repliquemangacine.fr\/wp-content\/uploads\/2023\/10\/2927-Masque-dali-casa-de-papel.jpg\" \/>\n\t<meta property=\"og:image:width\" content=\"600\" \/>\n\t<meta property=\"og:image:height\" content=\"600\" \/>\n\t<meta property=\"og:image:type\" content=\"image\/jpeg\" \/>\n<meta name=\"twitter:card\" content=\"summary_large_image\" \/>\n<meta name=\"twitter:label1\" content=\"Est. reading time\" \/>\n\t<meta name=\"twitter:data1\" content=\"2 minutes\" \/>\n<script type=\"application\/ld+json\" class=\"yoast-schema-graph\">{\"@context\":\"https:\\\/\\\/schema.org\",\"@graph\":[{\"@type\":\"WebPage\",\"@id\":\"https:\\\/\\\/repliquemangacine.fr\\\/en\\\/katana-swords-from-films-and-series\\\/dali-casa-de-papel-mask\\\/\",\"url\":\"https:\\\/\\\/repliquemangacine.fr\\\/en\\\/katana-swords-from-films-and-series\\\/dali-casa-de-papel-mask\\\/\",\"name\":\"Masque dali casa de papel en r\u00e9sine - R\u00e9plique Manga Cin\u00e9\",\"isPartOf\":{\"@id\":\"https:\\\/\\\/repliquemangacine.fr\\\/#website\"},\"primaryImageOfPage\":{\"@id\":\"https:\\\/\\\/repliquemangacine.fr\\\/en\\\/katana-swords-from-films-and-series\\\/dali-casa-de-papel-mask\\\/#primaryimage\"},\"image\":{\"@id\":\"https:\\\/\\\/repliquemangacine.fr\\\/en\\\/katana-swords-from-films-and-series\\\/dali-casa-de-papel-mask\\\/#primaryimage\"},\"thumbnailUrl\":\"https:\\\/\\\/repliquemangacine.fr\\\/wp-content\\\/uploads\\\/2023\\\/10\\\/2927-Masque-dali-casa-de-papel.jpg\",\"datePublished\":\"2019-07-19T17:49:39+00:00\",\"dateModified\":\"2025-09-23T16:02:09+00:00\",\"description\":\"Superbe r\u00e9plique tout en r\u00e9sine du Masque Dali Casa de Papel. Tr\u00e8s belle finition, peux se porter pour jouer le r\u00f4le d'un de vos braqueurs pr\u00e9f\u00e9r\u00e9s.\",\"breadcrumb\":{\"@id\":\"https:\\\/\\\/repliquemangacine.fr\\\/en\\\/katana-swords-from-films-and-series\\\/dali-casa-de-papel-mask\\\/#breadcrumb\"},\"inLanguage\":\"en-US\",\"potentialAction\":[{\"@type\":\"ReadAction\",\"target\":[\"https:\\\/\\\/repliquemangacine.fr\\\/en\\\/katana-swords-from-films-and-series\\\/dali-casa-de-papel-mask\\\/\"]}]},{\"@type\":\"ImageObject\",\"inLanguage\":\"en-US\",\"@id\":\"https:\\\/\\\/repliquemangacine.fr\\\/en\\\/katana-swords-from-films-and-series\\\/dali-casa-de-papel-mask\\\/#primaryimage\",\"url\":\"https:\\\/\\\/repliquemangacine.fr\\\/wp-content\\\/uploads\\\/2023\\\/10\\\/2927-Masque-dali-casa-de-papel.jpg\",\"contentUrl\":\"https:\\\/\\\/repliquemangacine.fr\\\/wp-content\\\/uploads\\\/2023\\\/10\\\/2927-Masque-dali-casa-de-papel.jpg\",\"width\":600,\"height\":600,\"caption\":\"Masque dali casa de papel\"},{\"@type\":\"BreadcrumbList\",\"@id\":\"https:\\\/\\\/repliquemangacine.fr\\\/en\\\/katana-swords-from-films-and-series\\\/dali-casa-de-papel-mask\\\/#breadcrumb\",\"itemListElement\":[{\"@type\":\"ListItem\",\"position\":1,\"name\":\"Accueil\",\"item\":\"https:\\\/\\\/repliquemangacine.fr\\\/\"},{\"@type\":\"ListItem\",\"position\":2,\"name\":\"Produits\",\"item\":\"https:\\\/\\\/repliquemangacine.fr\\\/boutique\\\/\"},{\"@type\":\"ListItem\",\"position\":3,\"name\":\"Masque dali casa de papel\"}]},{\"@type\":\"WebSite\",\"@id\":\"https:\\\/\\\/repliquemangacine.fr\\\/#website\",\"url\":\"https:\\\/\\\/repliquemangacine.fr\\\/\",\"name\":\"R\u00e9plique Manga Cin\u00e9\",\"description\":\"\",\"publisher\":{\"@id\":\"https:\\\/\\\/repliquemangacine.fr\\\/#organization\"},\"potentialAction\":[{\"@type\":\"SearchAction\",\"target\":{\"@type\":\"EntryPoint\",\"urlTemplate\":\"https:\\\/\\\/repliquemangacine.fr\\\/?s={search_term_string}\"},\"query-input\":{\"@type\":\"PropertyValueSpecification\",\"valueRequired\":true,\"valueName\":\"search_term_string\"}}],\"inLanguage\":\"en-US\"},{\"@type\":\"Organization\",\"@id\":\"https:\\\/\\\/repliquemangacine.fr\\\/#organization\",\"name\":\"R\u00e9plique Manga Cin\u00e9\",\"url\":\"https:\\\/\\\/repliquemangacine.fr\\\/\",\"logo\":{\"@type\":\"ImageObject\",\"inLanguage\":\"en-US\",\"@id\":\"https:\\\/\\\/repliquemangacine.fr\\\/#\\\/schema\\\/logo\\\/image\\\/\",\"url\":\"https:\\\/\\\/repliquemangacine.fr\\\/wp-content\\\/uploads\\\/2023\\\/10\\\/RMC-500250.png\",\"contentUrl\":\"https:\\\/\\\/repliquemangacine.fr\\\/wp-content\\\/uploads\\\/2023\\\/10\\\/RMC-500250.png\",\"width\":500,\"height\":250,\"caption\":\"R\u00e9plique Manga Cin\u00e9\"},\"image\":{\"@id\":\"https:\\\/\\\/repliquemangacine.fr\\\/#\\\/schema\\\/logo\\\/image\\\/\"},\"sameAs\":[\"https:\\\/\\\/www.facebook.com\\\/RepliqueMangaCine\",\"https:\\\/\\\/www.instagram.com\\\/repliquemangacine.fr\\\/\"]}]}<\/script>\n<!-- \/ Yoast SEO plugin. -->","yoast_head_json":{"title":"Dal\u00ed casa de papel resin mask - R\u00e9plique Manga Cin\u00e9","description":"Superb resin replica of the Dali Casa de Papel mask. Beautifully finished, it can be worn to play the role of one of your favorite bank robbers.","robots":{"index":"index","follow":"follow","max-snippet":"max-snippet:-1","max-image-preview":"max-image-preview:large","max-video-preview":"max-video-preview:-1"},"canonical":"https:\/\/repliquemangacine.fr\/en\/katana-swords-from-films-and-series\/dali-casa-de-papel-mask\/","og_locale":"en_US","og_type":"article","og_title":"Masque dali casa de papel en r\u00e9sine - R\u00e9plique Manga Cin\u00e9","og_description":"Superbe r\u00e9plique tout en r\u00e9sine du Masque Dali Casa de Papel. Tr\u00e8s belle finition, peux se porter pour jouer le r\u00f4le d'un de vos braqueurs pr\u00e9f\u00e9r\u00e9s.","og_url":"https:\/\/repliquemangacine.fr\/en\/katana-swords-from-films-and-series\/dali-casa-de-papel-mask\/","og_site_name":"R\u00e9plique Manga Cin\u00e9","article_publisher":"https:\/\/www.facebook.com\/RepliqueMangaCine","article_modified_time":"2025-09-23T16:02:09+00:00","og_image":[{"width":600,"height":600,"url":"https:\/\/repliquemangacine.fr\/wp-content\/uploads\/2023\/10\/2927-Masque-dali-casa-de-papel.jpg","type":"image\/jpeg"}],"twitter_card":"summary_large_image","twitter_misc":{"Est. reading time":"2 minutes"},"schema":{"@context":"https:\/\/schema.org","@graph":[{"@type":"WebPage","@id":"https:\/\/repliquemangacine.fr\/en\/katana-swords-from-films-and-series\/dali-casa-de-papel-mask\/","url":"https:\/\/repliquemangacine.fr\/en\/katana-swords-from-films-and-series\/dali-casa-de-papel-mask\/","name":"Dal\u00ed casa de papel resin mask - R\u00e9plique Manga Cin\u00e9","isPartOf":{"@id":"https:\/\/repliquemangacine.fr\/#website"},"primaryImageOfPage":{"@id":"https:\/\/repliquemangacine.fr\/en\/katana-swords-from-films-and-series\/dali-casa-de-papel-mask\/#primaryimage"},"image":{"@id":"https:\/\/repliquemangacine.fr\/en\/katana-swords-from-films-and-series\/dali-casa-de-papel-mask\/#primaryimage"},"thumbnailUrl":"https:\/\/repliquemangacine.fr\/wp-content\/uploads\/2023\/10\/2927-Masque-dali-casa-de-papel.jpg","datePublished":"2019-07-19T17:49:39+00:00","dateModified":"2025-09-23T16:02:09+00:00","description":"Superb resin replica of the Dali Casa de Papel mask. Beautifully finished, it can be worn to play the role of one of your favorite bank robbers.","breadcrumb":{"@id":"https:\/\/repliquemangacine.fr\/en\/katana-swords-from-films-and-series\/dali-casa-de-papel-mask\/#breadcrumb"},"inLanguage":"en-US","potentialAction":[{"@type":"ReadAction","target":["https:\/\/repliquemangacine.fr\/en\/katana-swords-from-films-and-series\/dali-casa-de-papel-mask\/"]}]},{"@type":"ImageObject","inLanguage":"en-US","@id":"https:\/\/repliquemangacine.fr\/en\/katana-swords-from-films-and-series\/dali-casa-de-papel-mask\/#primaryimage","url":"https:\/\/repliquemangacine.fr\/wp-content\/uploads\/2023\/10\/2927-Masque-dali-casa-de-papel.jpg","contentUrl":"https:\/\/repliquemangacine.fr\/wp-content\/uploads\/2023\/10\/2927-Masque-dali-casa-de-papel.jpg","width":600,"height":600,"caption":"Masque dali casa de papel"},{"@type":"BreadcrumbList","@id":"https:\/\/repliquemangacine.fr\/en\/katana-swords-from-films-and-series\/dali-casa-de-papel-mask\/#breadcrumb","itemListElement":[{"@type":"ListItem","position":1,"name":"Accueil","item":"https:\/\/repliquemangacine.fr\/"},{"@type":"ListItem","position":2,"name":"Produits","item":"https:\/\/repliquemangacine.fr\/boutique\/"},{"@type":"ListItem","position":3,"name":"Masque dali casa de papel"}]},{"@type":"WebSite","@id":"https:\/\/repliquemangacine.fr\/#website","url":"https:\/\/repliquemangacine.fr\/","name":"R\u00e9plique Manga Cin\u00e9","description":"","publisher":{"@id":"https:\/\/repliquemangacine.fr\/#organization"},"potentialAction":[{"@type":"SearchAction","target":{"@type":"EntryPoint","urlTemplate":"https:\/\/repliquemangacine.fr\/?s={search_term_string}"},"query-input":{"@type":"PropertyValueSpecification","valueRequired":true,"valueName":"search_term_string"}}],"inLanguage":"en-US"},{"@type":"Organization","@id":"https:\/\/repliquemangacine.fr\/#organization","name":"R\u00e9plique Manga Cin\u00e9","url":"https:\/\/repliquemangacine.fr\/","logo":{"@type":"ImageObject","inLanguage":"en-US","@id":"https:\/\/repliquemangacine.fr\/#\/schema\/logo\/image\/","url":"https:\/\/repliquemangacine.fr\/wp-content\/uploads\/2023\/10\/RMC-500250.png","contentUrl":"https:\/\/repliquemangacine.fr\/wp-content\/uploads\/2023\/10\/RMC-500250.png","width":500,"height":250,"caption":"R\u00e9plique Manga Cin\u00e9"},"image":{"@id":"https:\/\/repliquemangacine.fr\/#\/schema\/logo\/image\/"},"sameAs":["https:\/\/www.facebook.com\/RepliqueMangaCine","https:\/\/www.instagram.com\/repliquemangacine.fr\/"]}]}},"_links":{"self":[{"href":"https:\/\/repliquemangacine.fr\/en\/wp-json\/wp\/v2\/product\/28217","targetHints":{"allow":["GET"]}}],"collection":[{"href":"https:\/\/repliquemangacine.fr\/en\/wp-json\/wp\/v2\/product"}],"about":[{"href":"https:\/\/repliquemangacine.fr\/en\/wp-json\/wp\/v2\/types\/product"}],"wp:featuredmedia":[{"embeddable":true,"href":"https:\/\/repliquemangacine.fr\/en\/wp-json\/wp\/v2\/media\/28218"}],"wp:attachment":[{"href":"https:\/\/repliquemangacine.fr\/en\/wp-json\/wp\/v2\/media?parent=28217"}],"wp:term":[{"taxonomy":"product_brand","embeddable":true,"href":"https:\/\/repliquemangacine.fr\/en\/wp-json\/wp\/v2\/product_brand?post=28217"},{"taxonomy":"product_cat","embeddable":true,"href":"https:\/\/repliquemangacine.fr\/en\/wp-json\/wp\/v2\/product_cat?post=28217"},{"taxonomy":"product_tag","embeddable":true,"href":"https:\/\/repliquemangacine.fr\/en\/wp-json\/wp\/v2\/product_tag?post=28217"}],"curies":[{"name":"wp","href":"https:\/\/api.w.org\/{rel}","templated":true}]}}