





{"id":28199,"date":"2019-06-01T17:48:18","date_gmt":"2019-06-01T15:48:18","guid":{"rendered":"https:\/\/repliquemangacine.fr\/?post_type=product&#038;p=28199"},"modified":"2025-11-08T08:36:15","modified_gmt":"2025-11-08T07:36:15","slug":"black-shield-castile-and-leon","status":"publish","type":"product","link":"https:\/\/repliquemangacine.fr\/en\/boucliers-et-armures\/bouclier-noir-castille-et-leon\/","title":{"rendered":"Black Castile and Leon shield"},"content":{"rendered":"<h2>Castile and Leon shield in metal.<\/h2>\n<p>To begin with, the <strong>Castilla y Le\u00f3n shield<\/strong>The shield has always been an essential part of a fighter's equipment. The shield is the oldest defensive weapon, designed to ward off an attack. In the Middle Ages, shields, known as escutcheons, bore the coat of arms of the lord to whom the knights belonged.<\/p>\n<p>The region of Castilla y Le\u00f3n is an autonomous community in the northwest of Spain. The Crown of Castile comprised the territories that were under the authority of the Castilian kings in the Middle Ages.<\/p>\n<p>Ferdinand I of Castile was the first to unite the kingdoms of Castile and Leon under his authority, in 1037. After dynastic divisions, the crown of Castile was reformed in 1230 under King Ferdinand III of Castile.<\/p>\n<h2>Your Castilla y Le\u00f3n shield at the best price.<\/h2>\n<p>We offer a wide range of medieval replicas.<\/p>\n<p>First and foremost,<\/p>\n<ul>\n<li>The superb <a href=\"https:\/\/repliquemangacine.fr\/en\/medieval-sword\/knights-templar-sword\/\">Knights Templar sword<\/a> with its cross patt\u00e9e on the pommel.<\/li>\n<li>There's also King Arthur's legendary and magical sword, the signature Excalibur. <a href=\"https:\/\/www.denix.fr\/\" target=\"_blank\" rel=\"noopener noreferrer\">Denix<\/a>.<\/li>\n<li>As well as the <a href=\"https:\/\/repliquemangacine.fr\/en\/medieval-reproductions\/templar-knights-helmet\/\">knights' helmets<\/a> Templars.<\/li>\n<li>And many more to discover in our online store!<\/li>\n<\/ul>\n<p>That's why here are some great gift ideas for history lovers.<\/p>\n<p>In conclusion, you can also use the <strong>Castilla y Le\u00f3n shield<\/strong> black for your historical representations, or your interior decoration. But above all, this shield is a collector's item and a decoration.<\/p>\n<p>R\u00e9plique Manga Cin\u00e9 is a French family business.<\/p>\n<h2>How are your collectors' items made?<\/h2>\n<p>To begin with, all our derived products are of the highest quality, manufactured with meticulous attention to detail. In fact, some of the manufacturing is done by hand, to reproduce even the smallest detail. More important parts are machined by precise machines. Engravings are generally made with a diamond tip or laser.<\/p>\n<p>Your <strong>Castilla y Le\u00f3n shield<\/strong> manufactured to reproduce every detail exactly. To match the heritage of the original masterpieces. The emphasis is on creating high-quality replicas that are as historically accurate as possible.<\/p>\n<p>In conclusion, imported from China, Spain or India, our replicas will amaze you!<\/p>\n<p>R\u00e9plique Manga Cin\u00e9 is a French family business.<\/p>","protected":false},"excerpt":{"rendered":"<p>Superb replica of the Castile and Leon shield.<\/p>\n<ul>\n<li>Entirely in black lacquered steel with gold trim.<\/li>\n<li>Embellished with the coat of arms of the Castilla y Le\u00f3n region, all gilded and riveted.<\/li>\n<li>Handle and chain for wall mounting.<\/li>\n<li>Size: 64 X 46 cm<\/li>\n<\/ul>","protected":false},"featured_media":28200,"template":"","meta":[],"product_brand":[896],"product_cat":[25,75,43],"product_tag":[],"class_list":{"0":"post-28199","1":"product","2":"type-product","3":"status-publish","4":"has-post-thumbnail","6":"product_brand-replique-manga-cine","7":"product_cat-armes-historiques","8":"product_cat-boucliers-et-armures","9":"product_cat-reproductions-d-armes-et-accessoires-medievales","11":"first","12":"instock","13":"taxable","14":"shipping-taxable","15":"purchasable","16":"product-type-simple"},"yoast_head":"<!-- This site is optimized with the Yoast SEO plugin v27.4 - https:\/\/yoast.com\/product\/yoast-seo-wordpress\/ -->\n<title>Bouclier Castille-et-L\u00e9on noir - Vente Accessoire M\u00e9di\u00e9vale | RMC<\/title>\n<meta name=\"description\" content=\"D\u00e9couvrez ce Bouclier Castille-et-L\u00e9on au meilleur prix - Enti\u00e8rement en acier laqu\u00e9 noir - Bordure dor\u00e9 rivet\u00e9 et blason - Dimensions : 64 X 46 cm\" \/>\n<meta name=\"robots\" content=\"index, follow, max-snippet:-1, max-image-preview:large, max-video-preview:-1\" \/>\n<link rel=\"canonical\" href=\"https:\/\/repliquemangacine.fr\/en\/shields-and-armor\/black-shield-castile-and-leon\/\" \/>\n<meta property=\"og:locale\" content=\"en_US\" \/>\n<meta property=\"og:type\" content=\"article\" \/>\n<meta property=\"og:title\" content=\"Bouclier Castille-et-L\u00e9on noir - Vente Accessoire M\u00e9di\u00e9vale | RMC\" \/>\n<meta property=\"og:description\" content=\"D\u00e9couvrez ce Bouclier Castille-et-L\u00e9on au meilleur prix - Enti\u00e8rement en acier laqu\u00e9 noir - Bordure dor\u00e9 rivet\u00e9 et blason - Dimensions : 64 X 46 cm\" \/>\n<meta property=\"og:url\" content=\"https:\/\/repliquemangacine.fr\/en\/shields-and-armor\/black-shield-castile-and-leon\/\" \/>\n<meta property=\"og:site_name\" content=\"R\u00e9plique Manga Cin\u00e9\" \/>\n<meta property=\"article:publisher\" content=\"https:\/\/www.facebook.com\/RepliqueMangaCine\" \/>\n<meta property=\"article:modified_time\" content=\"2025-11-08T07:36:15+00:00\" \/>\n<meta property=\"og:image\" content=\"https:\/\/repliquemangacine.fr\/wp-content\/uploads\/2023\/10\/2907-Bouclier-noir-Castille-et-Leon.jpg\" \/>\n\t<meta property=\"og:image:width\" content=\"800\" \/>\n\t<meta property=\"og:image:height\" content=\"800\" \/>\n\t<meta property=\"og:image:type\" content=\"image\/jpeg\" \/>\n<meta name=\"twitter:card\" content=\"summary_large_image\" \/>\n<meta name=\"twitter:label1\" content=\"Est. reading time\" \/>\n\t<meta name=\"twitter:data1\" content=\"2 minutes\" \/>\n<script type=\"application\/ld+json\" class=\"yoast-schema-graph\">{\"@context\":\"https:\\\/\\\/schema.org\",\"@graph\":[{\"@type\":\"WebPage\",\"@id\":\"https:\\\/\\\/repliquemangacine.fr\\\/en\\\/shields-and-armor\\\/black-shield-castile-and-leon\\\/\",\"url\":\"https:\\\/\\\/repliquemangacine.fr\\\/en\\\/shields-and-armor\\\/black-shield-castile-and-leon\\\/\",\"name\":\"Bouclier Castille-et-L\u00e9on noir - Vente Accessoire M\u00e9di\u00e9vale | RMC\",\"isPartOf\":{\"@id\":\"https:\\\/\\\/repliquemangacine.fr\\\/#website\"},\"primaryImageOfPage\":{\"@id\":\"https:\\\/\\\/repliquemangacine.fr\\\/en\\\/shields-and-armor\\\/black-shield-castile-and-leon\\\/#primaryimage\"},\"image\":{\"@id\":\"https:\\\/\\\/repliquemangacine.fr\\\/en\\\/shields-and-armor\\\/black-shield-castile-and-leon\\\/#primaryimage\"},\"thumbnailUrl\":\"https:\\\/\\\/repliquemangacine.fr\\\/wp-content\\\/uploads\\\/2023\\\/10\\\/2907-Bouclier-noir-Castille-et-Leon.jpg\",\"datePublished\":\"2019-06-01T15:48:18+00:00\",\"dateModified\":\"2025-11-08T07:36:15+00:00\",\"description\":\"D\u00e9couvrez ce Bouclier Castille-et-L\u00e9on au meilleur prix - Enti\u00e8rement en acier laqu\u00e9 noir - Bordure dor\u00e9 rivet\u00e9 et blason - Dimensions : 64 X 46 cm\",\"breadcrumb\":{\"@id\":\"https:\\\/\\\/repliquemangacine.fr\\\/en\\\/shields-and-armor\\\/black-shield-castile-and-leon\\\/#breadcrumb\"},\"inLanguage\":\"en-US\",\"potentialAction\":[{\"@type\":\"ReadAction\",\"target\":[\"https:\\\/\\\/repliquemangacine.fr\\\/en\\\/shields-and-armor\\\/black-shield-castile-and-leon\\\/\"]}]},{\"@type\":\"ImageObject\",\"inLanguage\":\"en-US\",\"@id\":\"https:\\\/\\\/repliquemangacine.fr\\\/en\\\/shields-and-armor\\\/black-shield-castile-and-leon\\\/#primaryimage\",\"url\":\"https:\\\/\\\/repliquemangacine.fr\\\/wp-content\\\/uploads\\\/2023\\\/10\\\/2907-Bouclier-noir-Castille-et-Leon.jpg\",\"contentUrl\":\"https:\\\/\\\/repliquemangacine.fr\\\/wp-content\\\/uploads\\\/2023\\\/10\\\/2907-Bouclier-noir-Castille-et-Leon.jpg\",\"width\":800,\"height\":800,\"caption\":\"Bouclier noir Castille et L\u00e9on\"},{\"@type\":\"BreadcrumbList\",\"@id\":\"https:\\\/\\\/repliquemangacine.fr\\\/en\\\/shields-and-armor\\\/black-shield-castile-and-leon\\\/#breadcrumb\",\"itemListElement\":[{\"@type\":\"ListItem\",\"position\":1,\"name\":\"Accueil\",\"item\":\"https:\\\/\\\/repliquemangacine.fr\\\/\"},{\"@type\":\"ListItem\",\"position\":2,\"name\":\"Produits\",\"item\":\"https:\\\/\\\/repliquemangacine.fr\\\/boutique\\\/\"},{\"@type\":\"ListItem\",\"position\":3,\"name\":\"Bouclier Castille-et-L\u00e9on noir\"}]},{\"@type\":\"WebSite\",\"@id\":\"https:\\\/\\\/repliquemangacine.fr\\\/#website\",\"url\":\"https:\\\/\\\/repliquemangacine.fr\\\/\",\"name\":\"R\u00e9plique Manga Cin\u00e9\",\"description\":\"\",\"publisher\":{\"@id\":\"https:\\\/\\\/repliquemangacine.fr\\\/#organization\"},\"potentialAction\":[{\"@type\":\"SearchAction\",\"target\":{\"@type\":\"EntryPoint\",\"urlTemplate\":\"https:\\\/\\\/repliquemangacine.fr\\\/?s={search_term_string}\"},\"query-input\":{\"@type\":\"PropertyValueSpecification\",\"valueRequired\":true,\"valueName\":\"search_term_string\"}}],\"inLanguage\":\"en-US\"},{\"@type\":\"Organization\",\"@id\":\"https:\\\/\\\/repliquemangacine.fr\\\/#organization\",\"name\":\"R\u00e9plique Manga Cin\u00e9\",\"url\":\"https:\\\/\\\/repliquemangacine.fr\\\/\",\"logo\":{\"@type\":\"ImageObject\",\"inLanguage\":\"en-US\",\"@id\":\"https:\\\/\\\/repliquemangacine.fr\\\/#\\\/schema\\\/logo\\\/image\\\/\",\"url\":\"https:\\\/\\\/repliquemangacine.fr\\\/wp-content\\\/uploads\\\/2023\\\/10\\\/RMC-500250.png\",\"contentUrl\":\"https:\\\/\\\/repliquemangacine.fr\\\/wp-content\\\/uploads\\\/2023\\\/10\\\/RMC-500250.png\",\"width\":500,\"height\":250,\"caption\":\"R\u00e9plique Manga Cin\u00e9\"},\"image\":{\"@id\":\"https:\\\/\\\/repliquemangacine.fr\\\/#\\\/schema\\\/logo\\\/image\\\/\"},\"sameAs\":[\"https:\\\/\\\/www.facebook.com\\\/RepliqueMangaCine\",\"https:\\\/\\\/www.instagram.com\\\/repliquemangacine.fr\\\/\"]}]}<\/script>\n<!-- \/ Yoast SEO plugin. -->","yoast_head_json":{"title":"Bouclier Castille-et-L\u00e9on noir - Medieval accessory sale | RMC","description":"Discover this Castille-et-L\u00e9on shield at the best price - Entirely in black lacquered steel - Riveted gold border and coat of arms - Dimensions: 64 X 46 cm","robots":{"index":"index","follow":"follow","max-snippet":"max-snippet:-1","max-image-preview":"max-image-preview:large","max-video-preview":"max-video-preview:-1"},"canonical":"https:\/\/repliquemangacine.fr\/en\/shields-and-armor\/black-shield-castile-and-leon\/","og_locale":"en_US","og_type":"article","og_title":"Bouclier Castille-et-L\u00e9on noir - Vente Accessoire M\u00e9di\u00e9vale | RMC","og_description":"D\u00e9couvrez ce Bouclier Castille-et-L\u00e9on au meilleur prix - Enti\u00e8rement en acier laqu\u00e9 noir - Bordure dor\u00e9 rivet\u00e9 et blason - Dimensions : 64 X 46 cm","og_url":"https:\/\/repliquemangacine.fr\/en\/shields-and-armor\/black-shield-castile-and-leon\/","og_site_name":"R\u00e9plique Manga Cin\u00e9","article_publisher":"https:\/\/www.facebook.com\/RepliqueMangaCine","article_modified_time":"2025-11-08T07:36:15+00:00","og_image":[{"width":800,"height":800,"url":"https:\/\/repliquemangacine.fr\/wp-content\/uploads\/2023\/10\/2907-Bouclier-noir-Castille-et-Leon.jpg","type":"image\/jpeg"}],"twitter_card":"summary_large_image","twitter_misc":{"Est. reading time":"2 minutes"},"schema":{"@context":"https:\/\/schema.org","@graph":[{"@type":"WebPage","@id":"https:\/\/repliquemangacine.fr\/en\/shields-and-armor\/black-shield-castile-and-leon\/","url":"https:\/\/repliquemangacine.fr\/en\/shields-and-armor\/black-shield-castile-and-leon\/","name":"Bouclier Castille-et-L\u00e9on noir - Medieval accessory sale | RMC","isPartOf":{"@id":"https:\/\/repliquemangacine.fr\/#website"},"primaryImageOfPage":{"@id":"https:\/\/repliquemangacine.fr\/en\/shields-and-armor\/black-shield-castile-and-leon\/#primaryimage"},"image":{"@id":"https:\/\/repliquemangacine.fr\/en\/shields-and-armor\/black-shield-castile-and-leon\/#primaryimage"},"thumbnailUrl":"https:\/\/repliquemangacine.fr\/wp-content\/uploads\/2023\/10\/2907-Bouclier-noir-Castille-et-Leon.jpg","datePublished":"2019-06-01T15:48:18+00:00","dateModified":"2025-11-08T07:36:15+00:00","description":"Discover this Castille-et-L\u00e9on shield at the best price - Entirely in black lacquered steel - Riveted gold border and coat of arms - Dimensions: 64 X 46 cm","breadcrumb":{"@id":"https:\/\/repliquemangacine.fr\/en\/shields-and-armor\/black-shield-castile-and-leon\/#breadcrumb"},"inLanguage":"en-US","potentialAction":[{"@type":"ReadAction","target":["https:\/\/repliquemangacine.fr\/en\/shields-and-armor\/black-shield-castile-and-leon\/"]}]},{"@type":"ImageObject","inLanguage":"en-US","@id":"https:\/\/repliquemangacine.fr\/en\/shields-and-armor\/black-shield-castile-and-leon\/#primaryimage","url":"https:\/\/repliquemangacine.fr\/wp-content\/uploads\/2023\/10\/2907-Bouclier-noir-Castille-et-Leon.jpg","contentUrl":"https:\/\/repliquemangacine.fr\/wp-content\/uploads\/2023\/10\/2907-Bouclier-noir-Castille-et-Leon.jpg","width":800,"height":800,"caption":"Bouclier noir Castille et L\u00e9on"},{"@type":"BreadcrumbList","@id":"https:\/\/repliquemangacine.fr\/en\/shields-and-armor\/black-shield-castile-and-leon\/#breadcrumb","itemListElement":[{"@type":"ListItem","position":1,"name":"Accueil","item":"https:\/\/repliquemangacine.fr\/"},{"@type":"ListItem","position":2,"name":"Produits","item":"https:\/\/repliquemangacine.fr\/boutique\/"},{"@type":"ListItem","position":3,"name":"Bouclier Castille-et-L\u00e9on noir"}]},{"@type":"WebSite","@id":"https:\/\/repliquemangacine.fr\/#website","url":"https:\/\/repliquemangacine.fr\/","name":"R\u00e9plique Manga Cin\u00e9","description":"","publisher":{"@id":"https:\/\/repliquemangacine.fr\/#organization"},"potentialAction":[{"@type":"SearchAction","target":{"@type":"EntryPoint","urlTemplate":"https:\/\/repliquemangacine.fr\/?s={search_term_string}"},"query-input":{"@type":"PropertyValueSpecification","valueRequired":true,"valueName":"search_term_string"}}],"inLanguage":"en-US"},{"@type":"Organization","@id":"https:\/\/repliquemangacine.fr\/#organization","name":"R\u00e9plique Manga Cin\u00e9","url":"https:\/\/repliquemangacine.fr\/","logo":{"@type":"ImageObject","inLanguage":"en-US","@id":"https:\/\/repliquemangacine.fr\/#\/schema\/logo\/image\/","url":"https:\/\/repliquemangacine.fr\/wp-content\/uploads\/2023\/10\/RMC-500250.png","contentUrl":"https:\/\/repliquemangacine.fr\/wp-content\/uploads\/2023\/10\/RMC-500250.png","width":500,"height":250,"caption":"R\u00e9plique Manga Cin\u00e9"},"image":{"@id":"https:\/\/repliquemangacine.fr\/#\/schema\/logo\/image\/"},"sameAs":["https:\/\/www.facebook.com\/RepliqueMangaCine","https:\/\/www.instagram.com\/repliquemangacine.fr\/"]}]}},"_links":{"self":[{"href":"https:\/\/repliquemangacine.fr\/en\/wp-json\/wp\/v2\/product\/28199","targetHints":{"allow":["GET"]}}],"collection":[{"href":"https:\/\/repliquemangacine.fr\/en\/wp-json\/wp\/v2\/product"}],"about":[{"href":"https:\/\/repliquemangacine.fr\/en\/wp-json\/wp\/v2\/types\/product"}],"wp:featuredmedia":[{"embeddable":true,"href":"https:\/\/repliquemangacine.fr\/en\/wp-json\/wp\/v2\/media\/28200"}],"wp:attachment":[{"href":"https:\/\/repliquemangacine.fr\/en\/wp-json\/wp\/v2\/media?parent=28199"}],"wp:term":[{"taxonomy":"product_brand","embeddable":true,"href":"https:\/\/repliquemangacine.fr\/en\/wp-json\/wp\/v2\/product_brand?post=28199"},{"taxonomy":"product_cat","embeddable":true,"href":"https:\/\/repliquemangacine.fr\/en\/wp-json\/wp\/v2\/product_cat?post=28199"},{"taxonomy":"product_tag","embeddable":true,"href":"https:\/\/repliquemangacine.fr\/en\/wp-json\/wp\/v2\/product_tag?post=28199"}],"curies":[{"name":"wp","href":"https:\/\/api.w.org\/{rel}","templated":true}]}}