





{"id":28171,"date":"2019-06-01T14:12:57","date_gmt":"2019-06-01T12:12:57","guid":{"rendered":"https:\/\/repliquemangacine.fr\/?post_type=product&#038;p=28171"},"modified":"2026-04-02T13:12:49","modified_gmt":"2026-04-02T11:12:49","slug":"dagger-epee-double-cobra-fantasy-decorative-dagger","status":"publish","type":"product","link":"https:\/\/repliquemangacine.fr\/en\/epees-et-dagues-fantasy\/dague-epee-double-cobra-dague-de-decoration-fantasy\/","title":{"rendered":"Double cobra sword dagger"},"content":{"rendered":"<h2>Double cobra sword dagger<\/h2>\n<p>To begin with, the <strong>Double cobra sword dagger<\/strong>ideal for your interior decoration.<\/p>\n<p>Fantasy, an artistic genre that depicts imaginary supernatural phenomena, often associated with myth or the use of magic.<\/p>\n<p>In cinema, the first fantasy films can be traced back to Disney cartoons adapted from fairy tales, or to The Wizard of Oz. But the first fantasy films hit the screens in the 1970s-1980s, with Conan the Barbarian.<\/p>\n<p>The Lord of the Rings trilogy, an adaptation of Tolkien's classic, has given fantasy films a new lease of life, with its meticulous visuals and epic scope.<\/p>\n<p>Visit <a href=\"https:\/\/fr.wikipedia.org\/wiki\/Fantasy\" target=\"_blank\" rel=\"noopener noreferrer\">fantasy<\/a> is also very present in the development of board games and video games.<\/p>\n<h2>Your Double Cobra Sword Dagger at the best price.<\/h2>\n<p>We offer a wide selection of replicas from the artistic fantasy genre.<\/p>\n<p>First and foremost,<\/p>\n<ul>\n<li>Visit <a href=\"https:\/\/repliquemangacine.fr\/en\/fantasy-swords-and-daggers\/dague-fantasy-dragon\/\">Dragon dagger<\/a> with its red flames on the blade.<\/li>\n<li>As well as <a href=\"https:\/\/repliquemangacine.fr\/en\/fantasy-swords-and-daggers\/fantasy-scorpion-dagger\/\">Dark Fantasy dagger<\/a> with its blade decorated with a scorpion.<\/li>\n<li>There is also the <a href=\"https:\/\/repliquemangacine.fr\/en\/fantasy-swords-and-daggers\/dague-double-fantasy-dragon-dague-de-decoration\/\">double Dragon dagger<\/a>finely detailed, supplied with stand<\/li>\n<li>And many more to discover in our online store!<\/li>\n<\/ul>\n<p>So here's a great gift idea for all Dark Fantasy enthusiasts.<\/p>\n<p>In conclusion, you can also use this <strong>Double cobra sword dagger<\/strong> for your interior design. But above all, it's a collector's item and a decoration.<\/p>\n<p>R\u00e9plique Manga Cin\u00e9 is a French family business.<\/p>\n<h2>How to care for your sword blade<\/h2>\n<p>Collector's and decorative swords are made and assembled in a simplified way. As their use is decorative, they lack the safety features required of a Japanese sword intended for training.<\/p>\n<p>However, your <strong>Double cobra sword dagger<\/strong> to a steel blade that needs to be maintained to prevent damage over time. In fact, when you expose your sword, your friends will be curious to see the blade and touch it. This is where you need to be careful, as the acidity of your fingers is very harmful to steel, whatever its quality.<\/p>\n<p>However, if this does happen, don't panic - all you need is a cloth dampened with a little oil and a wipe of fingerprints. By doing so, you'll keep your sword looking its best for a very long time.<\/p>","protected":false},"excerpt":{"rendered":"<p>Surprising cobra sword dagger.<\/p>\n<ul>\n<li>440 steel blades.<\/li>\n<li>Cobra head guards.<\/li>\n<li>Connect the two small swords to form a single piece.<\/li>\n<li>Support de pr\u00e9sentation.<\/li>\n<li>Length of each blade: 35 cm - Total length of two assembled parts: 100 cm<\/li>\n<\/ul>","protected":false},"featured_media":28172,"template":"","meta":[],"product_brand":[896],"product_cat":[44,26],"product_tag":[],"class_list":{"0":"post-28171","1":"product","2":"type-product","3":"status-publish","4":"has-post-thumbnail","6":"product_brand-replique-manga-cine","7":"product_cat-epees-et-dagues-fantasy","8":"product_cat-katana-epee","10":"first","11":"outofstock","12":"taxable","13":"shipping-taxable","14":"purchasable","15":"product-type-simple"},"yoast_head":"<!-- This site is optimized with the Yoast SEO plugin v27.5 - https:\/\/yoast.com\/product\/yoast-seo-wordpress\/ -->\n<title>Dague \u00e9p\u00e9e double cobra - Vente en ligne | R\u00e9plique Manga Cin\u00e9<\/title>\n<meta name=\"description\" content=\"Offrez-vous ! Cette Dague \u00e9p\u00e9e double cobra au meilleur prix - Tout en acier - Garde Cobra - Les deux \u00e9p\u00e9es s&#039;assemblent - Longueur totale : 100 cm\" \/>\n<meta name=\"robots\" content=\"index, follow, max-snippet:-1, max-image-preview:large, max-video-preview:-1\" \/>\n<link rel=\"canonical\" href=\"https:\/\/repliquemangacine.fr\/en\/fantasy-swords-and-daggers\/dagger-epee-double-cobra-fantasy-decorative-dagger\/\" \/>\n<meta property=\"og:locale\" content=\"en_US\" \/>\n<meta property=\"og:type\" content=\"article\" \/>\n<meta property=\"og:title\" content=\"Dague \u00e9p\u00e9e double cobra - Vente en ligne | R\u00e9plique Manga Cin\u00e9\" \/>\n<meta property=\"og:description\" content=\"Offrez-vous ! Cette Dague \u00e9p\u00e9e double cobra au meilleur prix - Tout en acier - Garde Cobra - Les deux \u00e9p\u00e9es s&#039;assemblent - Longueur totale : 100 cm\" \/>\n<meta property=\"og:url\" content=\"https:\/\/repliquemangacine.fr\/en\/fantasy-swords-and-daggers\/dagger-epee-double-cobra-fantasy-decorative-dagger\/\" \/>\n<meta property=\"og:site_name\" content=\"R\u00e9plique Manga Cin\u00e9\" \/>\n<meta property=\"article:publisher\" content=\"https:\/\/www.facebook.com\/RepliqueMangaCine\" \/>\n<meta property=\"article:modified_time\" content=\"2026-04-02T11:12:49+00:00\" \/>\n<meta property=\"og:image\" content=\"https:\/\/repliquemangacine.fr\/wp-content\/uploads\/2023\/10\/2883-Dague-epee-double-cobra.jpg\" \/>\n\t<meta property=\"og:image:width\" content=\"800\" \/>\n\t<meta property=\"og:image:height\" content=\"800\" \/>\n\t<meta property=\"og:image:type\" content=\"image\/jpeg\" \/>\n<meta name=\"twitter:card\" content=\"summary_large_image\" \/>\n<meta name=\"twitter:label1\" content=\"Est. reading time\" \/>\n\t<meta name=\"twitter:data1\" content=\"2 minutes\" \/>\n<script type=\"application\/ld+json\" class=\"yoast-schema-graph\">{\"@context\":\"https:\\\/\\\/schema.org\",\"@graph\":[{\"@type\":\"WebPage\",\"@id\":\"https:\\\/\\\/repliquemangacine.fr\\\/epees-et-dagues-fantasy\\\/dague-epee-double-cobra-dague-de-decoration-fantasy\\\/\",\"url\":\"https:\\\/\\\/repliquemangacine.fr\\\/epees-et-dagues-fantasy\\\/dague-epee-double-cobra-dague-de-decoration-fantasy\\\/\",\"name\":\"Dague \u00e9p\u00e9e double cobra - Vente en ligne | R\u00e9plique Manga Cin\u00e9\",\"isPartOf\":{\"@id\":\"https:\\\/\\\/repliquemangacine.fr\\\/#website\"},\"primaryImageOfPage\":{\"@id\":\"https:\\\/\\\/repliquemangacine.fr\\\/epees-et-dagues-fantasy\\\/dague-epee-double-cobra-dague-de-decoration-fantasy\\\/#primaryimage\"},\"image\":{\"@id\":\"https:\\\/\\\/repliquemangacine.fr\\\/epees-et-dagues-fantasy\\\/dague-epee-double-cobra-dague-de-decoration-fantasy\\\/#primaryimage\"},\"thumbnailUrl\":\"https:\\\/\\\/repliquemangacine.fr\\\/wp-content\\\/uploads\\\/2023\\\/10\\\/2883-Dague-epee-double-cobra.jpg\",\"datePublished\":\"2019-06-01T12:12:57+00:00\",\"dateModified\":\"2026-04-02T11:12:49+00:00\",\"description\":\"Offrez-vous ! Cette Dague \u00e9p\u00e9e double cobra au meilleur prix - Tout en acier - Garde Cobra - Les deux \u00e9p\u00e9es s'assemblent - Longueur totale : 100 cm\",\"breadcrumb\":{\"@id\":\"https:\\\/\\\/repliquemangacine.fr\\\/epees-et-dagues-fantasy\\\/dague-epee-double-cobra-dague-de-decoration-fantasy\\\/#breadcrumb\"},\"inLanguage\":\"en-US\",\"potentialAction\":[{\"@type\":\"ReadAction\",\"target\":[\"https:\\\/\\\/repliquemangacine.fr\\\/epees-et-dagues-fantasy\\\/dague-epee-double-cobra-dague-de-decoration-fantasy\\\/\"]}]},{\"@type\":\"ImageObject\",\"inLanguage\":\"en-US\",\"@id\":\"https:\\\/\\\/repliquemangacine.fr\\\/epees-et-dagues-fantasy\\\/dague-epee-double-cobra-dague-de-decoration-fantasy\\\/#primaryimage\",\"url\":\"https:\\\/\\\/repliquemangacine.fr\\\/wp-content\\\/uploads\\\/2023\\\/10\\\/2883-Dague-epee-double-cobra.jpg\",\"contentUrl\":\"https:\\\/\\\/repliquemangacine.fr\\\/wp-content\\\/uploads\\\/2023\\\/10\\\/2883-Dague-epee-double-cobra.jpg\",\"width\":800,\"height\":800,\"caption\":\"Dague \u00e9p\u00e9e double cobra\"},{\"@type\":\"BreadcrumbList\",\"@id\":\"https:\\\/\\\/repliquemangacine.fr\\\/epees-et-dagues-fantasy\\\/dague-epee-double-cobra-dague-de-decoration-fantasy\\\/#breadcrumb\",\"itemListElement\":[{\"@type\":\"ListItem\",\"position\":1,\"name\":\"Accueil\",\"item\":\"https:\\\/\\\/repliquemangacine.fr\\\/\"},{\"@type\":\"ListItem\",\"position\":2,\"name\":\"Produits\",\"item\":\"https:\\\/\\\/repliquemangacine.fr\\\/boutique\\\/\"},{\"@type\":\"ListItem\",\"position\":3,\"name\":\"Dague \u00e9p\u00e9e double cobra\"}]},{\"@type\":\"WebSite\",\"@id\":\"https:\\\/\\\/repliquemangacine.fr\\\/#website\",\"url\":\"https:\\\/\\\/repliquemangacine.fr\\\/\",\"name\":\"R\u00e9plique Manga Cin\u00e9\",\"description\":\"\",\"publisher\":{\"@id\":\"https:\\\/\\\/repliquemangacine.fr\\\/#organization\"},\"potentialAction\":[{\"@type\":\"SearchAction\",\"target\":{\"@type\":\"EntryPoint\",\"urlTemplate\":\"https:\\\/\\\/repliquemangacine.fr\\\/?s={search_term_string}\"},\"query-input\":{\"@type\":\"PropertyValueSpecification\",\"valueRequired\":true,\"valueName\":\"search_term_string\"}}],\"inLanguage\":\"en-US\"},{\"@type\":\"Organization\",\"@id\":\"https:\\\/\\\/repliquemangacine.fr\\\/#organization\",\"name\":\"R\u00e9plique Manga Cin\u00e9\",\"url\":\"https:\\\/\\\/repliquemangacine.fr\\\/\",\"logo\":{\"@type\":\"ImageObject\",\"inLanguage\":\"en-US\",\"@id\":\"https:\\\/\\\/repliquemangacine.fr\\\/#\\\/schema\\\/logo\\\/image\\\/\",\"url\":\"https:\\\/\\\/repliquemangacine.fr\\\/wp-content\\\/uploads\\\/2023\\\/10\\\/RMC-500250.png\",\"contentUrl\":\"https:\\\/\\\/repliquemangacine.fr\\\/wp-content\\\/uploads\\\/2023\\\/10\\\/RMC-500250.png\",\"width\":500,\"height\":250,\"caption\":\"R\u00e9plique Manga Cin\u00e9\"},\"image\":{\"@id\":\"https:\\\/\\\/repliquemangacine.fr\\\/#\\\/schema\\\/logo\\\/image\\\/\"},\"sameAs\":[\"https:\\\/\\\/www.facebook.com\\\/RepliqueMangaCine\",\"https:\\\/\\\/www.instagram.com\\\/repliquemangacine.fr\\\/\"]}]}<\/script>\n<!-- \/ Yoast SEO plugin. -->","yoast_head_json":{"title":"Double cobra sword dagger - Online sale | R\u00e9plique Manga Cin\u00e9","description":"Treat yourself! This double cobra sword dagger at the best price - All steel - Cobra guard - The two swords fit together - Total length: 100 cm","robots":{"index":"index","follow":"follow","max-snippet":"max-snippet:-1","max-image-preview":"max-image-preview:large","max-video-preview":"max-video-preview:-1"},"canonical":"https:\/\/repliquemangacine.fr\/en\/fantasy-swords-and-daggers\/dagger-epee-double-cobra-fantasy-decorative-dagger\/","og_locale":"en_US","og_type":"article","og_title":"Dague \u00e9p\u00e9e double cobra - Vente en ligne | R\u00e9plique Manga Cin\u00e9","og_description":"Offrez-vous ! Cette Dague \u00e9p\u00e9e double cobra au meilleur prix - Tout en acier - Garde Cobra - Les deux \u00e9p\u00e9es s'assemblent - Longueur totale : 100 cm","og_url":"https:\/\/repliquemangacine.fr\/en\/fantasy-swords-and-daggers\/dagger-epee-double-cobra-fantasy-decorative-dagger\/","og_site_name":"R\u00e9plique Manga Cin\u00e9","article_publisher":"https:\/\/www.facebook.com\/RepliqueMangaCine","article_modified_time":"2026-04-02T11:12:49+00:00","og_image":[{"width":800,"height":800,"url":"https:\/\/repliquemangacine.fr\/wp-content\/uploads\/2023\/10\/2883-Dague-epee-double-cobra.jpg","type":"image\/jpeg"}],"twitter_card":"summary_large_image","twitter_misc":{"Est. reading time":"2 minutes"},"schema":{"@context":"https:\/\/schema.org","@graph":[{"@type":"WebPage","@id":"https:\/\/repliquemangacine.fr\/epees-et-dagues-fantasy\/dague-epee-double-cobra-dague-de-decoration-fantasy\/","url":"https:\/\/repliquemangacine.fr\/epees-et-dagues-fantasy\/dague-epee-double-cobra-dague-de-decoration-fantasy\/","name":"Double cobra sword dagger - Online sale | R\u00e9plique Manga Cin\u00e9","isPartOf":{"@id":"https:\/\/repliquemangacine.fr\/#website"},"primaryImageOfPage":{"@id":"https:\/\/repliquemangacine.fr\/epees-et-dagues-fantasy\/dague-epee-double-cobra-dague-de-decoration-fantasy\/#primaryimage"},"image":{"@id":"https:\/\/repliquemangacine.fr\/epees-et-dagues-fantasy\/dague-epee-double-cobra-dague-de-decoration-fantasy\/#primaryimage"},"thumbnailUrl":"https:\/\/repliquemangacine.fr\/wp-content\/uploads\/2023\/10\/2883-Dague-epee-double-cobra.jpg","datePublished":"2019-06-01T12:12:57+00:00","dateModified":"2026-04-02T11:12:49+00:00","description":"Treat yourself! This double cobra sword dagger at the best price - All steel - Cobra guard - The two swords fit together - Total length: 100 cm","breadcrumb":{"@id":"https:\/\/repliquemangacine.fr\/epees-et-dagues-fantasy\/dague-epee-double-cobra-dague-de-decoration-fantasy\/#breadcrumb"},"inLanguage":"en-US","potentialAction":[{"@type":"ReadAction","target":["https:\/\/repliquemangacine.fr\/epees-et-dagues-fantasy\/dague-epee-double-cobra-dague-de-decoration-fantasy\/"]}]},{"@type":"ImageObject","inLanguage":"en-US","@id":"https:\/\/repliquemangacine.fr\/epees-et-dagues-fantasy\/dague-epee-double-cobra-dague-de-decoration-fantasy\/#primaryimage","url":"https:\/\/repliquemangacine.fr\/wp-content\/uploads\/2023\/10\/2883-Dague-epee-double-cobra.jpg","contentUrl":"https:\/\/repliquemangacine.fr\/wp-content\/uploads\/2023\/10\/2883-Dague-epee-double-cobra.jpg","width":800,"height":800,"caption":"Dague \u00e9p\u00e9e double cobra"},{"@type":"BreadcrumbList","@id":"https:\/\/repliquemangacine.fr\/epees-et-dagues-fantasy\/dague-epee-double-cobra-dague-de-decoration-fantasy\/#breadcrumb","itemListElement":[{"@type":"ListItem","position":1,"name":"Accueil","item":"https:\/\/repliquemangacine.fr\/"},{"@type":"ListItem","position":2,"name":"Produits","item":"https:\/\/repliquemangacine.fr\/boutique\/"},{"@type":"ListItem","position":3,"name":"Dague \u00e9p\u00e9e double cobra"}]},{"@type":"WebSite","@id":"https:\/\/repliquemangacine.fr\/#website","url":"https:\/\/repliquemangacine.fr\/","name":"R\u00e9plique Manga Cin\u00e9","description":"","publisher":{"@id":"https:\/\/repliquemangacine.fr\/#organization"},"potentialAction":[{"@type":"SearchAction","target":{"@type":"EntryPoint","urlTemplate":"https:\/\/repliquemangacine.fr\/?s={search_term_string}"},"query-input":{"@type":"PropertyValueSpecification","valueRequired":true,"valueName":"search_term_string"}}],"inLanguage":"en-US"},{"@type":"Organization","@id":"https:\/\/repliquemangacine.fr\/#organization","name":"R\u00e9plique Manga Cin\u00e9","url":"https:\/\/repliquemangacine.fr\/","logo":{"@type":"ImageObject","inLanguage":"en-US","@id":"https:\/\/repliquemangacine.fr\/#\/schema\/logo\/image\/","url":"https:\/\/repliquemangacine.fr\/wp-content\/uploads\/2023\/10\/RMC-500250.png","contentUrl":"https:\/\/repliquemangacine.fr\/wp-content\/uploads\/2023\/10\/RMC-500250.png","width":500,"height":250,"caption":"R\u00e9plique Manga Cin\u00e9"},"image":{"@id":"https:\/\/repliquemangacine.fr\/#\/schema\/logo\/image\/"},"sameAs":["https:\/\/www.facebook.com\/RepliqueMangaCine","https:\/\/www.instagram.com\/repliquemangacine.fr\/"]}]}},"_links":{"self":[{"href":"https:\/\/repliquemangacine.fr\/en\/wp-json\/wp\/v2\/product\/28171","targetHints":{"allow":["GET"]}}],"collection":[{"href":"https:\/\/repliquemangacine.fr\/en\/wp-json\/wp\/v2\/product"}],"about":[{"href":"https:\/\/repliquemangacine.fr\/en\/wp-json\/wp\/v2\/types\/product"}],"wp:featuredmedia":[{"embeddable":true,"href":"https:\/\/repliquemangacine.fr\/en\/wp-json\/wp\/v2\/media\/28172"}],"wp:attachment":[{"href":"https:\/\/repliquemangacine.fr\/en\/wp-json\/wp\/v2\/media?parent=28171"}],"wp:term":[{"taxonomy":"product_brand","embeddable":true,"href":"https:\/\/repliquemangacine.fr\/en\/wp-json\/wp\/v2\/product_brand?post=28171"},{"taxonomy":"product_cat","embeddable":true,"href":"https:\/\/repliquemangacine.fr\/en\/wp-json\/wp\/v2\/product_cat?post=28171"},{"taxonomy":"product_tag","embeddable":true,"href":"https:\/\/repliquemangacine.fr\/en\/wp-json\/wp\/v2\/product_tag?post=28171"}],"curies":[{"name":"wp","href":"https:\/\/api.w.org\/{rel}","templated":true}]}}