





{"id":28126,"date":"2019-04-26T13:57:13","date_gmt":"2019-04-26T11:57:13","guid":{"rendered":"https:\/\/repliquemangacine.fr\/?post_type=product&#038;p=28126"},"modified":"2026-04-18T14:54:06","modified_gmt":"2026-04-18T12:54:06","slug":"luna-lovegood-rod-high-quality-metal-core","status":"publish","type":"product","link":"https:\/\/repliquemangacine.fr\/en\/baguettes-personnages-harry-potter\/baguette-de-luna-lovegood-noyau-metal-de-haute-qualite\/","title":{"rendered":"Baguette Luna"},"content":{"rendered":"<h2>Luna Lovegood wand in Harry Potter.<\/h2>\n<p>To begin with, the <strong>Luna Lovegood wand<\/strong> is made entirely of resin, with a metal rod at the heart of the rod, giving it high quality.<\/p>\n<p>She entered Hogwarts in 1992 at the same time as Ginny Weasley in the house of <a href=\"https:\/\/harrypotter.fandom.com\/fr\/wiki\/Serdaigle\" target=\"_blank\" rel=\"noopener noreferrer\">Serdaigle<\/a>. She's a member of Dumbledore's army. Everyone describes Luna as a bit strange and calls her Loufoca.<\/p>\n<p>During the year, she is one of the only people to believe Harry when he says that Voldemort is back. Moreover, she allows Harry to speak out about The Quibbler and tell the whole truth about the night Cedric Diggory died and Voldemort came back to life.<\/p>\n<h2>Your cheap Luna Lovegood Wand.<\/h2>\n<p>We offer a wide selection of Harry Potter Ollivander wands.<\/p>\n<p>First and foremost,<\/p>\n<ul>\n<li>Her friend's magic wand <a href=\"https:\/\/repliquemangacine.fr\/en\/character-chopsticks\/ginny-weasley-wand-metal-core\/\">Ginny Weasley<\/a><\/li>\n<li>As well as the <a href=\"https:\/\/repliquemangacine.fr\/en\/character-chopsticks\/bellatrix-lestrange-wand-metal-core\/\">Bellatrix Lestrange<\/a> in the battle for Hogwarts.<\/li>\n<li>And many more to discover in our online store!<\/li>\n<\/ul>\n<p>Here's a great gift idea for all Harry Potter fans!<\/p>\n<p>In conclusion, you can also use this chopstick for <strong>Luna Lovegood<\/strong> for your cosplays or theme parties. But above all, it's a decorative collector's item.<\/p>\n<p>R\u00e9plique Manga Cin\u00e9 is a French family business.<\/p>\n<h2>How are wizards' wands made?<\/h2>\n<p>A wand is an object made up of two variable elements: wood, usually from a tree, and the so-called wand core, which can come from a variety of magical creatures or plants. It is a tool used by wizards and witches to sharpen their spells and obtain better results when using magic.<\/p>\n<p>Our chopsticks are made of moulded resin, with a metal rod at the heart of the chopstick, which gives your <strong>Luna Lovegood wand<\/strong> remarkable resistance.<\/p>\n<p>It's worth pointing out that most wizards buy their wand at the age of eleven before beginning their magical education. Young wizards can buy their wand themselves from a vendor, with British students traditionally going to Ollivander's.<\/p>\n<p>&nbsp;<\/p>","protected":false},"excerpt":{"rendered":"<p>Luna Lovegood's wand inspired by the Harry Potter saga.<\/p>\n<ul>\n<li class=\"text col-xs-offset-0\" style=\"height: auto;\">Resin chopstick, imitates light-colored wood, tulip-shaped handle.<\/li>\n<li>Metal core.<\/li>\n<li class=\"text col-xs-offset-0\" style=\"height: auto;\">Collector's character box with velvet interior.<\/li>\n<li class=\"text col-xs-offset-0\" style=\"height: auto;\">Character card.<\/li>\n<li>Total length: 35.5 cm - Weight: 78 grs<\/li>\n<\/ul>\n<div class=\"row\">\n<div class=\"col-lg-12 col-md-12 col-xs-12 sectionSeparator\"><\/div>\n<\/div>","protected":false},"featured_media":28127,"template":"","meta":[],"product_brand":[896],"product_cat":[80,24,41],"product_tag":[],"class_list":{"0":"post-28126","1":"product","2":"type-product","3":"status-publish","4":"has-post-thumbnail","6":"product_brand-replique-manga-cine","7":"product_cat-baguettes-personnages-harry-potter","8":"product_cat-films-series-tv-vente-de-katana-epee-et-produits-derives","9":"product_cat-baguettes-et-goodies-harry-potter","11":"first","12":"instock","13":"taxable","14":"shipping-taxable","15":"purchasable","16":"product-type-simple"},"yoast_head":"<!-- This site is optimized with the Yoast SEO plugin v27.5 - https:\/\/yoast.com\/product\/yoast-seo-wordpress\/ -->\n<title>Baguette Luna Lovegood - Harry Potter - R\u00e9plique Manga Cin\u00e9<\/title>\n<meta name=\"description\" content=\"D\u00e9couvrez cette superbe Baguette Luna Lovegood dans Harry Potter au meilleur prix. En r\u00e9sine - Noyau en m\u00e9tal - Bo\u00eete Collector - Longueur : 35.5 cm\" \/>\n<meta name=\"robots\" content=\"index, follow, max-snippet:-1, max-image-preview:large, max-video-preview:-1\" \/>\n<link rel=\"canonical\" href=\"https:\/\/repliquemangacine.fr\/en\/harry-potter-character-wands\/luna-lovegood-rod-high-quality-metal-core\/\" \/>\n<meta property=\"og:locale\" content=\"en_US\" \/>\n<meta property=\"og:type\" content=\"article\" \/>\n<meta property=\"og:title\" content=\"Baguette Luna Lovegood - Harry Potter - R\u00e9plique Manga Cin\u00e9\" \/>\n<meta property=\"og:description\" content=\"D\u00e9couvrez cette superbe Baguette Luna Lovegood dans Harry Potter au meilleur prix. En r\u00e9sine - Noyau en m\u00e9tal - Bo\u00eete Collector - Longueur : 35.5 cm\" \/>\n<meta property=\"og:url\" content=\"https:\/\/repliquemangacine.fr\/en\/harry-potter-character-wands\/luna-lovegood-rod-high-quality-metal-core\/\" \/>\n<meta property=\"og:site_name\" content=\"R\u00e9plique Manga Cin\u00e9\" \/>\n<meta property=\"article:publisher\" content=\"https:\/\/www.facebook.com\/RepliqueMangaCine\" \/>\n<meta property=\"article:modified_time\" content=\"2026-04-18T12:54:06+00:00\" \/>\n<meta property=\"og:image\" content=\"https:\/\/repliquemangacine.fr\/wp-content\/uploads\/2023\/10\/2840-Baguette-de-Luna-lovegood-Noyau-metal-de-Haute-qualite.jpg\" \/>\n\t<meta property=\"og:image:width\" content=\"800\" \/>\n\t<meta property=\"og:image:height\" content=\"800\" \/>\n\t<meta property=\"og:image:type\" content=\"image\/jpeg\" \/>\n<meta name=\"twitter:card\" content=\"summary_large_image\" \/>\n<meta name=\"twitter:label1\" content=\"Est. reading time\" \/>\n\t<meta name=\"twitter:data1\" content=\"2 minutes\" \/>\n<script type=\"application\/ld+json\" class=\"yoast-schema-graph\">{\"@context\":\"https:\\\/\\\/schema.org\",\"@graph\":[{\"@type\":\"WebPage\",\"@id\":\"https:\\\/\\\/repliquemangacine.fr\\\/en\\\/harry-potter-character-wands\\\/luna-lovegood-rod-high-quality-metal-core\\\/\",\"url\":\"https:\\\/\\\/repliquemangacine.fr\\\/en\\\/harry-potter-character-wands\\\/luna-lovegood-rod-high-quality-metal-core\\\/\",\"name\":\"Baguette Luna Lovegood - Harry Potter - R\u00e9plique Manga Cin\u00e9\",\"isPartOf\":{\"@id\":\"https:\\\/\\\/repliquemangacine.fr\\\/#website\"},\"primaryImageOfPage\":{\"@id\":\"https:\\\/\\\/repliquemangacine.fr\\\/en\\\/harry-potter-character-wands\\\/luna-lovegood-rod-high-quality-metal-core\\\/#primaryimage\"},\"image\":{\"@id\":\"https:\\\/\\\/repliquemangacine.fr\\\/en\\\/harry-potter-character-wands\\\/luna-lovegood-rod-high-quality-metal-core\\\/#primaryimage\"},\"thumbnailUrl\":\"https:\\\/\\\/repliquemangacine.fr\\\/wp-content\\\/uploads\\\/2023\\\/10\\\/2840-Baguette-de-Luna-lovegood-Noyau-metal-de-Haute-qualite.jpg\",\"datePublished\":\"2019-04-26T11:57:13+00:00\",\"dateModified\":\"2026-04-18T12:54:06+00:00\",\"description\":\"D\u00e9couvrez cette superbe Baguette Luna Lovegood dans Harry Potter au meilleur prix. En r\u00e9sine - Noyau en m\u00e9tal - Bo\u00eete Collector - Longueur : 35.5 cm\",\"breadcrumb\":{\"@id\":\"https:\\\/\\\/repliquemangacine.fr\\\/en\\\/harry-potter-character-wands\\\/luna-lovegood-rod-high-quality-metal-core\\\/#breadcrumb\"},\"inLanguage\":\"en-US\",\"potentialAction\":[{\"@type\":\"ReadAction\",\"target\":[\"https:\\\/\\\/repliquemangacine.fr\\\/en\\\/harry-potter-character-wands\\\/luna-lovegood-rod-high-quality-metal-core\\\/\"]}]},{\"@type\":\"ImageObject\",\"inLanguage\":\"en-US\",\"@id\":\"https:\\\/\\\/repliquemangacine.fr\\\/en\\\/harry-potter-character-wands\\\/luna-lovegood-rod-high-quality-metal-core\\\/#primaryimage\",\"url\":\"https:\\\/\\\/repliquemangacine.fr\\\/wp-content\\\/uploads\\\/2023\\\/10\\\/2840-Baguette-de-Luna-lovegood-Noyau-metal-de-Haute-qualite.jpg\",\"contentUrl\":\"https:\\\/\\\/repliquemangacine.fr\\\/wp-content\\\/uploads\\\/2023\\\/10\\\/2840-Baguette-de-Luna-lovegood-Noyau-metal-de-Haute-qualite.jpg\",\"width\":800,\"height\":800,\"caption\":\"Baguette de Luna lovegood Noyau m\u00e9tal de Haute qualit\u00e9\"},{\"@type\":\"BreadcrumbList\",\"@id\":\"https:\\\/\\\/repliquemangacine.fr\\\/en\\\/harry-potter-character-wands\\\/luna-lovegood-rod-high-quality-metal-core\\\/#breadcrumb\",\"itemListElement\":[{\"@type\":\"ListItem\",\"position\":1,\"name\":\"Accueil\",\"item\":\"https:\\\/\\\/repliquemangacine.fr\\\/\"},{\"@type\":\"ListItem\",\"position\":2,\"name\":\"Produits\",\"item\":\"https:\\\/\\\/repliquemangacine.fr\\\/boutique\\\/\"},{\"@type\":\"ListItem\",\"position\":3,\"name\":\"Baguette Luna\"}]},{\"@type\":\"WebSite\",\"@id\":\"https:\\\/\\\/repliquemangacine.fr\\\/#website\",\"url\":\"https:\\\/\\\/repliquemangacine.fr\\\/\",\"name\":\"R\u00e9plique Manga Cin\u00e9\",\"description\":\"\",\"publisher\":{\"@id\":\"https:\\\/\\\/repliquemangacine.fr\\\/#organization\"},\"potentialAction\":[{\"@type\":\"SearchAction\",\"target\":{\"@type\":\"EntryPoint\",\"urlTemplate\":\"https:\\\/\\\/repliquemangacine.fr\\\/?s={search_term_string}\"},\"query-input\":{\"@type\":\"PropertyValueSpecification\",\"valueRequired\":true,\"valueName\":\"search_term_string\"}}],\"inLanguage\":\"en-US\"},{\"@type\":\"Organization\",\"@id\":\"https:\\\/\\\/repliquemangacine.fr\\\/#organization\",\"name\":\"R\u00e9plique Manga Cin\u00e9\",\"url\":\"https:\\\/\\\/repliquemangacine.fr\\\/\",\"logo\":{\"@type\":\"ImageObject\",\"inLanguage\":\"en-US\",\"@id\":\"https:\\\/\\\/repliquemangacine.fr\\\/#\\\/schema\\\/logo\\\/image\\\/\",\"url\":\"https:\\\/\\\/repliquemangacine.fr\\\/wp-content\\\/uploads\\\/2023\\\/10\\\/RMC-500250.png\",\"contentUrl\":\"https:\\\/\\\/repliquemangacine.fr\\\/wp-content\\\/uploads\\\/2023\\\/10\\\/RMC-500250.png\",\"width\":500,\"height\":250,\"caption\":\"R\u00e9plique Manga Cin\u00e9\"},\"image\":{\"@id\":\"https:\\\/\\\/repliquemangacine.fr\\\/#\\\/schema\\\/logo\\\/image\\\/\"},\"sameAs\":[\"https:\\\/\\\/www.facebook.com\\\/RepliqueMangaCine\",\"https:\\\/\\\/www.instagram.com\\\/repliquemangacine.fr\\\/\"]}]}<\/script>\n<!-- \/ Yoast SEO plugin. -->","yoast_head_json":{"title":"Luna Lovegood Wand - Harry Potter - R\u00e9plique Manga Cin\u00e9","description":"Discover this superb Luna Lovegood Wand in Harry Potter at the best price. Resin - Metal core - Collector's box - Length: 35.5 cm","robots":{"index":"index","follow":"follow","max-snippet":"max-snippet:-1","max-image-preview":"max-image-preview:large","max-video-preview":"max-video-preview:-1"},"canonical":"https:\/\/repliquemangacine.fr\/en\/harry-potter-character-wands\/luna-lovegood-rod-high-quality-metal-core\/","og_locale":"en_US","og_type":"article","og_title":"Baguette Luna Lovegood - Harry Potter - R\u00e9plique Manga Cin\u00e9","og_description":"D\u00e9couvrez cette superbe Baguette Luna Lovegood dans Harry Potter au meilleur prix. En r\u00e9sine - Noyau en m\u00e9tal - Bo\u00eete Collector - Longueur : 35.5 cm","og_url":"https:\/\/repliquemangacine.fr\/en\/harry-potter-character-wands\/luna-lovegood-rod-high-quality-metal-core\/","og_site_name":"R\u00e9plique Manga Cin\u00e9","article_publisher":"https:\/\/www.facebook.com\/RepliqueMangaCine","article_modified_time":"2026-04-18T12:54:06+00:00","og_image":[{"width":800,"height":800,"url":"https:\/\/repliquemangacine.fr\/wp-content\/uploads\/2023\/10\/2840-Baguette-de-Luna-lovegood-Noyau-metal-de-Haute-qualite.jpg","type":"image\/jpeg"}],"twitter_card":"summary_large_image","twitter_misc":{"Est. reading time":"2 minutes"},"schema":{"@context":"https:\/\/schema.org","@graph":[{"@type":"WebPage","@id":"https:\/\/repliquemangacine.fr\/en\/harry-potter-character-wands\/luna-lovegood-rod-high-quality-metal-core\/","url":"https:\/\/repliquemangacine.fr\/en\/harry-potter-character-wands\/luna-lovegood-rod-high-quality-metal-core\/","name":"Luna Lovegood Wand - Harry Potter - R\u00e9plique Manga Cin\u00e9","isPartOf":{"@id":"https:\/\/repliquemangacine.fr\/#website"},"primaryImageOfPage":{"@id":"https:\/\/repliquemangacine.fr\/en\/harry-potter-character-wands\/luna-lovegood-rod-high-quality-metal-core\/#primaryimage"},"image":{"@id":"https:\/\/repliquemangacine.fr\/en\/harry-potter-character-wands\/luna-lovegood-rod-high-quality-metal-core\/#primaryimage"},"thumbnailUrl":"https:\/\/repliquemangacine.fr\/wp-content\/uploads\/2023\/10\/2840-Baguette-de-Luna-lovegood-Noyau-metal-de-Haute-qualite.jpg","datePublished":"2019-04-26T11:57:13+00:00","dateModified":"2026-04-18T12:54:06+00:00","description":"Discover this superb Luna Lovegood Wand in Harry Potter at the best price. Resin - Metal core - Collector's box - Length: 35.5 cm","breadcrumb":{"@id":"https:\/\/repliquemangacine.fr\/en\/harry-potter-character-wands\/luna-lovegood-rod-high-quality-metal-core\/#breadcrumb"},"inLanguage":"en-US","potentialAction":[{"@type":"ReadAction","target":["https:\/\/repliquemangacine.fr\/en\/harry-potter-character-wands\/luna-lovegood-rod-high-quality-metal-core\/"]}]},{"@type":"ImageObject","inLanguage":"en-US","@id":"https:\/\/repliquemangacine.fr\/en\/harry-potter-character-wands\/luna-lovegood-rod-high-quality-metal-core\/#primaryimage","url":"https:\/\/repliquemangacine.fr\/wp-content\/uploads\/2023\/10\/2840-Baguette-de-Luna-lovegood-Noyau-metal-de-Haute-qualite.jpg","contentUrl":"https:\/\/repliquemangacine.fr\/wp-content\/uploads\/2023\/10\/2840-Baguette-de-Luna-lovegood-Noyau-metal-de-Haute-qualite.jpg","width":800,"height":800,"caption":"Baguette de Luna lovegood Noyau m\u00e9tal de Haute qualit\u00e9"},{"@type":"BreadcrumbList","@id":"https:\/\/repliquemangacine.fr\/en\/harry-potter-character-wands\/luna-lovegood-rod-high-quality-metal-core\/#breadcrumb","itemListElement":[{"@type":"ListItem","position":1,"name":"Accueil","item":"https:\/\/repliquemangacine.fr\/"},{"@type":"ListItem","position":2,"name":"Produits","item":"https:\/\/repliquemangacine.fr\/boutique\/"},{"@type":"ListItem","position":3,"name":"Baguette Luna"}]},{"@type":"WebSite","@id":"https:\/\/repliquemangacine.fr\/#website","url":"https:\/\/repliquemangacine.fr\/","name":"R\u00e9plique Manga Cin\u00e9","description":"","publisher":{"@id":"https:\/\/repliquemangacine.fr\/#organization"},"potentialAction":[{"@type":"SearchAction","target":{"@type":"EntryPoint","urlTemplate":"https:\/\/repliquemangacine.fr\/?s={search_term_string}"},"query-input":{"@type":"PropertyValueSpecification","valueRequired":true,"valueName":"search_term_string"}}],"inLanguage":"en-US"},{"@type":"Organization","@id":"https:\/\/repliquemangacine.fr\/#organization","name":"R\u00e9plique Manga Cin\u00e9","url":"https:\/\/repliquemangacine.fr\/","logo":{"@type":"ImageObject","inLanguage":"en-US","@id":"https:\/\/repliquemangacine.fr\/#\/schema\/logo\/image\/","url":"https:\/\/repliquemangacine.fr\/wp-content\/uploads\/2023\/10\/RMC-500250.png","contentUrl":"https:\/\/repliquemangacine.fr\/wp-content\/uploads\/2023\/10\/RMC-500250.png","width":500,"height":250,"caption":"R\u00e9plique Manga Cin\u00e9"},"image":{"@id":"https:\/\/repliquemangacine.fr\/#\/schema\/logo\/image\/"},"sameAs":["https:\/\/www.facebook.com\/RepliqueMangaCine","https:\/\/www.instagram.com\/repliquemangacine.fr\/"]}]}},"_links":{"self":[{"href":"https:\/\/repliquemangacine.fr\/en\/wp-json\/wp\/v2\/product\/28126","targetHints":{"allow":["GET"]}}],"collection":[{"href":"https:\/\/repliquemangacine.fr\/en\/wp-json\/wp\/v2\/product"}],"about":[{"href":"https:\/\/repliquemangacine.fr\/en\/wp-json\/wp\/v2\/types\/product"}],"wp:featuredmedia":[{"embeddable":true,"href":"https:\/\/repliquemangacine.fr\/en\/wp-json\/wp\/v2\/media\/28127"}],"wp:attachment":[{"href":"https:\/\/repliquemangacine.fr\/en\/wp-json\/wp\/v2\/media?parent=28126"}],"wp:term":[{"taxonomy":"product_brand","embeddable":true,"href":"https:\/\/repliquemangacine.fr\/en\/wp-json\/wp\/v2\/product_brand?post=28126"},{"taxonomy":"product_cat","embeddable":true,"href":"https:\/\/repliquemangacine.fr\/en\/wp-json\/wp\/v2\/product_cat?post=28126"},{"taxonomy":"product_tag","embeddable":true,"href":"https:\/\/repliquemangacine.fr\/en\/wp-json\/wp\/v2\/product_tag?post=28126"}],"curies":[{"name":"wp","href":"https:\/\/api.w.org\/{rel}","templated":true}]}}