





{"id":28056,"date":"2019-04-03T15:10:08","date_gmt":"2019-04-03T13:10:08","guid":{"rendered":"https:\/\/repliquemangacine.fr\/?post_type=product&#038;p=28056"},"modified":"2025-09-23T18:02:02","modified_gmt":"2025-09-23T16:02:02","slug":"blazon-shield-castile-and-leon","status":"publish","type":"product","link":"https:\/\/repliquemangacine.fr\/en\/boucliers-et-armures\/bouclier-blason-castille-et-leon\/","title":{"rendered":"Shield Coat of arms Castille and Leon"},"content":{"rendered":"<h2>Blason Castille-et-L\u00e9on shield in metal.<\/h2>\n<p>To begin with, the <strong>Shield Coat of arms Castille and Leon<\/strong>The shield has always been an essential part of a fighter's equipment. The shield is the oldest defensive weapon, designed to ward off an attack. In the Middle Ages, shields, known as escutcheons, bore the coat of arms of the lord to whom the knights belonged.<\/p>\n<p>The region of Castilla y Le\u00f3n is an autonomous community in the northwest of Spain. The Crown of Castile comprised the territories that were under the authority of the Castilian kings in the Middle Ages.<\/p>\n<p>Ferdinand I of Castile was the first to unite the kingdoms of Castile and Leon under his authority, in 1037. After dynastic divisions, the crown of Castile was reformed in 1230 under King Ferdinand III of Castile.<\/p>\n<h2>Your Blason Castille-de-L\u00e9on shield at the best price.<\/h2>\n<p>We offer a wide range of medieval replicas.<\/p>\n<p>First and foremost,<\/p>\n<ul>\n<li>The superb <a href=\"https:\/\/repliquemangacine.fr\/en\/medieval-sword\/sir-william-marshal-sword-12th-century\/\">Sir William Marshal's sword<\/a> from the 18\u1d49 century.<\/li>\n<li>There's also King Arthur's legendary and magical sword, the signature Excalibur. <a href=\"https:\/\/www.denix.fr\/\" target=\"_blank\" rel=\"noopener noreferrer\">Denix<\/a>.<\/li>\n<li>As well as the English armor helmet, the<a href=\"https:\/\/repliquemangacine.fr\/en\/helmet-helmet\/armet-anglais-casque-d-armure\/\">Armet English<\/a>.<\/li>\n<li>And many more to discover in our online store!<\/li>\n<\/ul>\n<p>That's why here are some great gift ideas for history lovers.<\/p>\n<p>In conclusion, you can also use the <strong>Shield Coat of arms Castille and Leon<\/strong> for your historical representations, or your interior decoration. But above all, this shield is a collector's item and a decoration.<\/p>\n<p>R\u00e9plique Manga Cin\u00e9 is a French family business.<\/p>\n<h2>How are your collectors' items made?<\/h2>\n<p>To begin with, all our derived products are of the highest quality, manufactured with meticulous attention to detail. In fact, some of the manufacturing is done by hand, to reproduce even the smallest detail. More important parts are machined by precise machines. Engravings are generally made with a diamond tip or laser.<\/p>\n<p>Your <strong>Shield Coat of arms Castille and Leon<\/strong> manufactured to reproduce every detail exactly. To match the heritage of the original masterpieces. The emphasis is on creating high-quality replicas that are as historically accurate as possible.<\/p>\n<p>In conclusion, imported from China, Spain or India, our replicas will amaze you!<\/p>\n<p>R\u00e9plique Manga Cin\u00e9 is a French family business.<\/p>","protected":false},"excerpt":{"rendered":"<p>Superb reproduction of a medieval shield.<\/p>\n<ul>\n<li>Made entirely of steel.<\/li>\n<li>Marbled background.<\/li>\n<li>Central coat of arms with double-headed eagle and emblem of Castile-Leon in aged steel.<\/li>\n<li>Metal chain for wall display.<\/li>\n<li>Width: 46 cm - Height: 58 cm - Weight: 2.4 kg<\/li>\n<\/ul>","protected":false},"featured_media":28057,"template":"","meta":[],"product_brand":[896],"product_cat":[25,75,43],"product_tag":[560,561,562,563],"class_list":{"0":"post-28056","1":"product","2":"type-product","3":"status-publish","4":"has-post-thumbnail","6":"product_brand-replique-manga-cine","7":"product_cat-armes-historiques","8":"product_cat-boucliers-et-armures","9":"product_cat-reproductions-d-armes-et-accessoires-medievales","10":"product_tag-bouclier","11":"product_tag-bouclier-de-decoration","12":"product_tag-bouclier-medievale","13":"product_tag-bouclier-templier","15":"first","16":"instock","17":"taxable","18":"shipping-taxable","19":"purchasable","20":"product-type-simple"},"yoast_head":"<!-- This site is optimized with the Yoast SEO plugin v27.5 - https:\/\/yoast.com\/product\/yoast-seo-wordpress\/ -->\n<title>Bouclier Blason Castille-et-L\u00e9on - Accessoire M\u00e9di\u00e9val | RMC<\/title>\n<meta name=\"description\" content=\"Offrez-lui ce Bouclier Blason Castille-et-L\u00e9on au meilleur prix - Tout en m\u00e9tal - Blason aigle \u00e0 deux t\u00eates et embl\u00e8me de Castille de L\u00e9on - 46 X 58 cm\" \/>\n<meta name=\"robots\" content=\"index, follow, max-snippet:-1, max-image-preview:large, max-video-preview:-1\" \/>\n<link rel=\"canonical\" href=\"https:\/\/repliquemangacine.fr\/en\/shields-and-armor\/blazon-shield-castile-and-leon\/\" \/>\n<meta property=\"og:locale\" content=\"en_US\" \/>\n<meta property=\"og:type\" content=\"article\" \/>\n<meta property=\"og:title\" content=\"Bouclier Blason Castille-et-L\u00e9on - Accessoire M\u00e9di\u00e9val | RMC\" \/>\n<meta property=\"og:description\" content=\"Offrez-lui ce Bouclier Blason Castille-et-L\u00e9on au meilleur prix - Tout en m\u00e9tal - Blason aigle \u00e0 deux t\u00eates et embl\u00e8me de Castille de L\u00e9on - 46 X 58 cm\" \/>\n<meta property=\"og:url\" content=\"https:\/\/repliquemangacine.fr\/en\/shields-and-armor\/blazon-shield-castile-and-leon\/\" \/>\n<meta property=\"og:site_name\" content=\"R\u00e9plique Manga Cin\u00e9\" \/>\n<meta property=\"article:publisher\" content=\"https:\/\/www.facebook.com\/RepliqueMangaCine\" \/>\n<meta property=\"article:modified_time\" content=\"2025-09-23T16:02:02+00:00\" \/>\n<meta property=\"og:image\" content=\"https:\/\/repliquemangacine.fr\/wp-content\/uploads\/2023\/10\/2779-Bouclier-Medievale-avec-Blason-de-Castille-et-Leon.jpg\" \/>\n\t<meta property=\"og:image:width\" content=\"800\" \/>\n\t<meta property=\"og:image:height\" content=\"800\" \/>\n\t<meta property=\"og:image:type\" content=\"image\/jpeg\" \/>\n<meta name=\"twitter:card\" content=\"summary_large_image\" \/>\n<meta name=\"twitter:label1\" content=\"Est. reading time\" \/>\n\t<meta name=\"twitter:data1\" content=\"2 minutes\" \/>\n<script type=\"application\/ld+json\" class=\"yoast-schema-graph\">{\"@context\":\"https:\\\/\\\/schema.org\",\"@graph\":[{\"@type\":\"WebPage\",\"@id\":\"https:\\\/\\\/repliquemangacine.fr\\\/boucliers-et-armures\\\/bouclier-blason-castille-et-leon\\\/\",\"url\":\"https:\\\/\\\/repliquemangacine.fr\\\/boucliers-et-armures\\\/bouclier-blason-castille-et-leon\\\/\",\"name\":\"Bouclier Blason Castille-et-L\u00e9on - Accessoire M\u00e9di\u00e9val | RMC\",\"isPartOf\":{\"@id\":\"https:\\\/\\\/repliquemangacine.fr\\\/#website\"},\"primaryImageOfPage\":{\"@id\":\"https:\\\/\\\/repliquemangacine.fr\\\/boucliers-et-armures\\\/bouclier-blason-castille-et-leon\\\/#primaryimage\"},\"image\":{\"@id\":\"https:\\\/\\\/repliquemangacine.fr\\\/boucliers-et-armures\\\/bouclier-blason-castille-et-leon\\\/#primaryimage\"},\"thumbnailUrl\":\"https:\\\/\\\/repliquemangacine.fr\\\/wp-content\\\/uploads\\\/2023\\\/10\\\/2779-Bouclier-Medievale-avec-Blason-de-Castille-et-Leon.jpg\",\"datePublished\":\"2019-04-03T13:10:08+00:00\",\"dateModified\":\"2025-09-23T16:02:02+00:00\",\"description\":\"Offrez-lui ce Bouclier Blason Castille-et-L\u00e9on au meilleur prix - Tout en m\u00e9tal - Blason aigle \u00e0 deux t\u00eates et embl\u00e8me de Castille de L\u00e9on - 46 X 58 cm\",\"breadcrumb\":{\"@id\":\"https:\\\/\\\/repliquemangacine.fr\\\/boucliers-et-armures\\\/bouclier-blason-castille-et-leon\\\/#breadcrumb\"},\"inLanguage\":\"en-US\",\"potentialAction\":[{\"@type\":\"ReadAction\",\"target\":[\"https:\\\/\\\/repliquemangacine.fr\\\/boucliers-et-armures\\\/bouclier-blason-castille-et-leon\\\/\"]}]},{\"@type\":\"ImageObject\",\"inLanguage\":\"en-US\",\"@id\":\"https:\\\/\\\/repliquemangacine.fr\\\/boucliers-et-armures\\\/bouclier-blason-castille-et-leon\\\/#primaryimage\",\"url\":\"https:\\\/\\\/repliquemangacine.fr\\\/wp-content\\\/uploads\\\/2023\\\/10\\\/2779-Bouclier-Medievale-avec-Blason-de-Castille-et-Leon.jpg\",\"contentUrl\":\"https:\\\/\\\/repliquemangacine.fr\\\/wp-content\\\/uploads\\\/2023\\\/10\\\/2779-Bouclier-Medievale-avec-Blason-de-Castille-et-Leon.jpg\",\"width\":800,\"height\":800,\"caption\":\"Bouclier M\u00e9di\u00e9vale avec Blason de Castille et L\u00e9on\"},{\"@type\":\"BreadcrumbList\",\"@id\":\"https:\\\/\\\/repliquemangacine.fr\\\/boucliers-et-armures\\\/bouclier-blason-castille-et-leon\\\/#breadcrumb\",\"itemListElement\":[{\"@type\":\"ListItem\",\"position\":1,\"name\":\"Accueil\",\"item\":\"https:\\\/\\\/repliquemangacine.fr\\\/\"},{\"@type\":\"ListItem\",\"position\":2,\"name\":\"Produits\",\"item\":\"https:\\\/\\\/repliquemangacine.fr\\\/boutique\\\/\"},{\"@type\":\"ListItem\",\"position\":3,\"name\":\"Bouclier Blason Castille-et-L\u00e9on\"}]},{\"@type\":\"WebSite\",\"@id\":\"https:\\\/\\\/repliquemangacine.fr\\\/#website\",\"url\":\"https:\\\/\\\/repliquemangacine.fr\\\/\",\"name\":\"R\u00e9plique Manga Cin\u00e9\",\"description\":\"\",\"publisher\":{\"@id\":\"https:\\\/\\\/repliquemangacine.fr\\\/#organization\"},\"potentialAction\":[{\"@type\":\"SearchAction\",\"target\":{\"@type\":\"EntryPoint\",\"urlTemplate\":\"https:\\\/\\\/repliquemangacine.fr\\\/?s={search_term_string}\"},\"query-input\":{\"@type\":\"PropertyValueSpecification\",\"valueRequired\":true,\"valueName\":\"search_term_string\"}}],\"inLanguage\":\"en-US\"},{\"@type\":\"Organization\",\"@id\":\"https:\\\/\\\/repliquemangacine.fr\\\/#organization\",\"name\":\"R\u00e9plique Manga Cin\u00e9\",\"url\":\"https:\\\/\\\/repliquemangacine.fr\\\/\",\"logo\":{\"@type\":\"ImageObject\",\"inLanguage\":\"en-US\",\"@id\":\"https:\\\/\\\/repliquemangacine.fr\\\/#\\\/schema\\\/logo\\\/image\\\/\",\"url\":\"https:\\\/\\\/repliquemangacine.fr\\\/wp-content\\\/uploads\\\/2023\\\/10\\\/RMC-500250.png\",\"contentUrl\":\"https:\\\/\\\/repliquemangacine.fr\\\/wp-content\\\/uploads\\\/2023\\\/10\\\/RMC-500250.png\",\"width\":500,\"height\":250,\"caption\":\"R\u00e9plique Manga Cin\u00e9\"},\"image\":{\"@id\":\"https:\\\/\\\/repliquemangacine.fr\\\/#\\\/schema\\\/logo\\\/image\\\/\"},\"sameAs\":[\"https:\\\/\\\/www.facebook.com\\\/RepliqueMangaCine\",\"https:\\\/\\\/www.instagram.com\\\/repliquemangacine.fr\\\/\"]}]}<\/script>\n<!-- \/ Yoast SEO plugin. -->","yoast_head_json":{"title":"Shield Coat-of-Arms Castille-et-L\u00e9on - Medieval Accessory | RMC","description":"Offer him this shield Blason Castille-et-L\u00e9on at the best price - All metal - Blason two-headed eagle and emblem of Castille de L\u00e9on - 46 X 58 cm","robots":{"index":"index","follow":"follow","max-snippet":"max-snippet:-1","max-image-preview":"max-image-preview:large","max-video-preview":"max-video-preview:-1"},"canonical":"https:\/\/repliquemangacine.fr\/en\/shields-and-armor\/blazon-shield-castile-and-leon\/","og_locale":"en_US","og_type":"article","og_title":"Bouclier Blason Castille-et-L\u00e9on - Accessoire M\u00e9di\u00e9val | RMC","og_description":"Offrez-lui ce Bouclier Blason Castille-et-L\u00e9on au meilleur prix - Tout en m\u00e9tal - Blason aigle \u00e0 deux t\u00eates et embl\u00e8me de Castille de L\u00e9on - 46 X 58 cm","og_url":"https:\/\/repliquemangacine.fr\/en\/shields-and-armor\/blazon-shield-castile-and-leon\/","og_site_name":"R\u00e9plique Manga Cin\u00e9","article_publisher":"https:\/\/www.facebook.com\/RepliqueMangaCine","article_modified_time":"2025-09-23T16:02:02+00:00","og_image":[{"width":800,"height":800,"url":"https:\/\/repliquemangacine.fr\/wp-content\/uploads\/2023\/10\/2779-Bouclier-Medievale-avec-Blason-de-Castille-et-Leon.jpg","type":"image\/jpeg"}],"twitter_card":"summary_large_image","twitter_misc":{"Est. reading time":"2 minutes"},"schema":{"@context":"https:\/\/schema.org","@graph":[{"@type":"WebPage","@id":"https:\/\/repliquemangacine.fr\/boucliers-et-armures\/bouclier-blason-castille-et-leon\/","url":"https:\/\/repliquemangacine.fr\/boucliers-et-armures\/bouclier-blason-castille-et-leon\/","name":"Shield Coat-of-Arms Castille-et-L\u00e9on - Medieval Accessory | RMC","isPartOf":{"@id":"https:\/\/repliquemangacine.fr\/#website"},"primaryImageOfPage":{"@id":"https:\/\/repliquemangacine.fr\/boucliers-et-armures\/bouclier-blason-castille-et-leon\/#primaryimage"},"image":{"@id":"https:\/\/repliquemangacine.fr\/boucliers-et-armures\/bouclier-blason-castille-et-leon\/#primaryimage"},"thumbnailUrl":"https:\/\/repliquemangacine.fr\/wp-content\/uploads\/2023\/10\/2779-Bouclier-Medievale-avec-Blason-de-Castille-et-Leon.jpg","datePublished":"2019-04-03T13:10:08+00:00","dateModified":"2025-09-23T16:02:02+00:00","description":"Offer him this shield Blason Castille-et-L\u00e9on at the best price - All metal - Blason two-headed eagle and emblem of Castille de L\u00e9on - 46 X 58 cm","breadcrumb":{"@id":"https:\/\/repliquemangacine.fr\/boucliers-et-armures\/bouclier-blason-castille-et-leon\/#breadcrumb"},"inLanguage":"en-US","potentialAction":[{"@type":"ReadAction","target":["https:\/\/repliquemangacine.fr\/boucliers-et-armures\/bouclier-blason-castille-et-leon\/"]}]},{"@type":"ImageObject","inLanguage":"en-US","@id":"https:\/\/repliquemangacine.fr\/boucliers-et-armures\/bouclier-blason-castille-et-leon\/#primaryimage","url":"https:\/\/repliquemangacine.fr\/wp-content\/uploads\/2023\/10\/2779-Bouclier-Medievale-avec-Blason-de-Castille-et-Leon.jpg","contentUrl":"https:\/\/repliquemangacine.fr\/wp-content\/uploads\/2023\/10\/2779-Bouclier-Medievale-avec-Blason-de-Castille-et-Leon.jpg","width":800,"height":800,"caption":"Bouclier M\u00e9di\u00e9vale avec Blason de Castille et L\u00e9on"},{"@type":"BreadcrumbList","@id":"https:\/\/repliquemangacine.fr\/boucliers-et-armures\/bouclier-blason-castille-et-leon\/#breadcrumb","itemListElement":[{"@type":"ListItem","position":1,"name":"Accueil","item":"https:\/\/repliquemangacine.fr\/"},{"@type":"ListItem","position":2,"name":"Produits","item":"https:\/\/repliquemangacine.fr\/boutique\/"},{"@type":"ListItem","position":3,"name":"Bouclier Blason Castille-et-L\u00e9on"}]},{"@type":"WebSite","@id":"https:\/\/repliquemangacine.fr\/#website","url":"https:\/\/repliquemangacine.fr\/","name":"R\u00e9plique Manga Cin\u00e9","description":"","publisher":{"@id":"https:\/\/repliquemangacine.fr\/#organization"},"potentialAction":[{"@type":"SearchAction","target":{"@type":"EntryPoint","urlTemplate":"https:\/\/repliquemangacine.fr\/?s={search_term_string}"},"query-input":{"@type":"PropertyValueSpecification","valueRequired":true,"valueName":"search_term_string"}}],"inLanguage":"en-US"},{"@type":"Organization","@id":"https:\/\/repliquemangacine.fr\/#organization","name":"R\u00e9plique Manga Cin\u00e9","url":"https:\/\/repliquemangacine.fr\/","logo":{"@type":"ImageObject","inLanguage":"en-US","@id":"https:\/\/repliquemangacine.fr\/#\/schema\/logo\/image\/","url":"https:\/\/repliquemangacine.fr\/wp-content\/uploads\/2023\/10\/RMC-500250.png","contentUrl":"https:\/\/repliquemangacine.fr\/wp-content\/uploads\/2023\/10\/RMC-500250.png","width":500,"height":250,"caption":"R\u00e9plique Manga Cin\u00e9"},"image":{"@id":"https:\/\/repliquemangacine.fr\/#\/schema\/logo\/image\/"},"sameAs":["https:\/\/www.facebook.com\/RepliqueMangaCine","https:\/\/www.instagram.com\/repliquemangacine.fr\/"]}]}},"_links":{"self":[{"href":"https:\/\/repliquemangacine.fr\/en\/wp-json\/wp\/v2\/product\/28056","targetHints":{"allow":["GET"]}}],"collection":[{"href":"https:\/\/repliquemangacine.fr\/en\/wp-json\/wp\/v2\/product"}],"about":[{"href":"https:\/\/repliquemangacine.fr\/en\/wp-json\/wp\/v2\/types\/product"}],"wp:featuredmedia":[{"embeddable":true,"href":"https:\/\/repliquemangacine.fr\/en\/wp-json\/wp\/v2\/media\/28057"}],"wp:attachment":[{"href":"https:\/\/repliquemangacine.fr\/en\/wp-json\/wp\/v2\/media?parent=28056"}],"wp:term":[{"taxonomy":"product_brand","embeddable":true,"href":"https:\/\/repliquemangacine.fr\/en\/wp-json\/wp\/v2\/product_brand?post=28056"},{"taxonomy":"product_cat","embeddable":true,"href":"https:\/\/repliquemangacine.fr\/en\/wp-json\/wp\/v2\/product_cat?post=28056"},{"taxonomy":"product_tag","embeddable":true,"href":"https:\/\/repliquemangacine.fr\/en\/wp-json\/wp\/v2\/product_tag?post=28056"}],"curies":[{"name":"wp","href":"https:\/\/api.w.org\/{rel}","templated":true}]}}