





{"id":28034,"date":"2019-03-14T19:48:40","date_gmt":"2019-03-14T18:48:40","guid":{"rendered":"https:\/\/repliquemangacine.fr\/?post_type=product&#038;p=28034"},"modified":"2026-04-24T15:35:27","modified_gmt":"2026-04-24T13:35:27","slug":"thor-mjolnir-metal-hammer-with-base","status":"publish","type":"product","link":"https:\/\/repliquemangacine.fr\/en\/super-heros-marvel\/marteau-de-thor-mjolnir-en-metal-avec-base\/","title":{"rendered":"Thor's Hammer Metal"},"content":{"rendered":"<h2>Thor's hammer Mjolnir in the Marvel universe.<\/h2>\n<p>To begin with, the <strong>Thor's Hammer Mjolnir<\/strong>, a powerful enchanted war hammer forged by the Dwarves for the Asgardian royal family.<\/p>\n<p>Thor is entrusted with the mighty hammer Mj\u00f8lnir, \u201cforged from the heart of a dying star\u201d. Thor can throw Mj\u00f8lnir with great force. Clinging to the leather strap or lanyard, he is able to fly through the air at tremendous speeds.<\/p>\n<p>When Steve Rogers wielded <a href=\"https:\/\/universcinematographiquemarvel.fandom.com\/fr\/wiki\/Mj\u00f8lnir#Capacit\u00e9s\">Mj\u00f8lnir<\/a>This greatly improved his physical abilities, such as strength and durability, enabling him to fight Thanos on an equal footing. Indeed, by using it, Rogers acquired the skill of summoning lightning bolts from the surrounding horizon.<\/p>\n<h2>Your Mjolnir Thor's Hammer at the best price.<\/h2>\n<p>We offer a wide selection of replicas from the Marvel universe.<\/p>\n<p>First and foremost,<\/p>\n<ul>\n<li>The life-size replica of the <a href=\"https:\/\/repliquemangacine.fr\/en\/super-heroes\/stormbreaker-hache-marteau-de-thor\/\">Stormbreaker<\/a> (hammer-axe) used by Thor in Avengers, Infinity War.<\/li>\n<li>There is also the famous <a href=\"https:\/\/repliquemangacine.fr\/en\/super-heroes\/captain-america-shield-deluxe-version\/\">Captain America's shield<\/a> all-metal 1\/1 scale.<\/li>\n<li>As well as a life-size replica of the<a href=\"https:\/\/repliquemangacine.fr\/en\/super-heroes\/replique-epee-god-killer-wonder-woman\/\">God Killer sword<\/a> inspired by the Wonder Woman movie used by Diana.<\/li>\n<li>And many more to discover in our online store!<\/li>\n<\/ul>\n<p>That's why here's a great gift idea for all Marvel superhero fans.<\/p>\n<p>In conclusion, you can use the <strong>Thor's Hammer Mjolnir<\/strong> for your Cosplay parades. But above all, it's a collector's item and a decoration.<\/p>\n<h2>How are our Marvel merchandise products made?<\/h2>\n<p>To begin with, all our derived products are of the highest quality, manufactured with meticulous attention to detail. In fact, some of this work is done by hand, to reproduce the smallest detail. More important parts are machined by very precise machines. Engravings are generally made with a diamond or laser tip.<\/p>\n<p>Your <strong>Thor's Hammer Mjolnir<\/strong> has been manufactured to reproduce every detail exactly. All metal with engraving on the mass. Rock-shaped stand in molded resin.<\/p>\n<p>Finally, imported from China or Spain, our replicas will amaze you!<\/p>\n<p>R\u00e9plique Manga Cin\u00e9 is a French family business.<\/p>","protected":false},"excerpt":{"rendered":"<p>Replica of the Mj\u00f6lnir Hammer used by Thor.<\/p>\n<ul>\n<li>Made of high-quality metal.<\/li>\n<li>Identical carved mass.<\/li>\n<li>Leather strap.<\/li>\n<li>Resin display stand.<\/li>\n<li>Total hammer size: Length 45 cm x Width 22.5 cm x Depth 13.5 cm.<\/li>\n<li>Stand size: Length 28 cm x Width 24 cm x Height 8.5 cm<\/li>\n<li>Total weight: 5.4 kg<\/li>\n<\/ul>","protected":false},"featured_media":28035,"template":"","meta":[],"product_brand":[896],"product_cat":[24,59],"product_tag":[534,548,549],"class_list":{"0":"post-28034","1":"product","2":"type-product","3":"status-publish","4":"has-post-thumbnail","6":"product_brand-replique-manga-cine","7":"product_cat-films-series-tv-vente-de-katana-epee-et-produits-derives","8":"product_cat-super-heros-marvel","9":"product_tag-marteau-de-thor","10":"product_tag-marteau-marvel","11":"product_tag-marteau-mjollnir","13":"first","14":"instock","15":"taxable","16":"shipping-taxable","17":"purchasable","18":"product-type-simple"},"yoast_head":"<!-- This site is optimized with the Yoast SEO plugin v27.5 - https:\/\/yoast.com\/product\/yoast-seo-wordpress\/ -->\n<title>Marteau de Thor Mjolnir - En m\u00e9tal - Echelle 1\/1 - Support | RMC<\/title>\n<meta name=\"description\" content=\"Achetez vite votre Marteau de Thor Mjolnir au meilleur prix. Tout en m\u00e9tal - Base de pr\u00e9sentation en r\u00e9sine moul\u00e9 - Longueur : 45 cm - Poids : 5.4 kg\" \/>\n<meta name=\"robots\" content=\"index, follow, max-snippet:-1, max-image-preview:large, max-video-preview:-1\" \/>\n<link rel=\"canonical\" href=\"https:\/\/repliquemangacine.fr\/en\/marvel-superheroes\/thor-mjolnir-metal-hammer-with-base\/\" \/>\n<meta property=\"og:locale\" content=\"en_US\" \/>\n<meta property=\"og:type\" content=\"article\" \/>\n<meta property=\"og:title\" content=\"Marteau de Thor Mjolnir - En m\u00e9tal - Echelle 1\/1 - Support | RMC\" \/>\n<meta property=\"og:description\" content=\"Achetez vite votre Marteau de Thor Mjolnir au meilleur prix. Tout en m\u00e9tal - Base de pr\u00e9sentation en r\u00e9sine moul\u00e9 - Longueur : 45 cm - Poids : 5.4 kg\" \/>\n<meta property=\"og:url\" content=\"https:\/\/repliquemangacine.fr\/en\/marvel-superheroes\/thor-mjolnir-metal-hammer-with-base\/\" \/>\n<meta property=\"og:site_name\" content=\"R\u00e9plique Manga Cin\u00e9\" \/>\n<meta property=\"article:publisher\" content=\"https:\/\/www.facebook.com\/RepliqueMangaCine\" \/>\n<meta property=\"article:modified_time\" content=\"2026-04-24T13:35:27+00:00\" \/>\n<meta property=\"og:image\" content=\"https:\/\/repliquemangacine.fr\/wp-content\/uploads\/2023\/10\/2758-Marteau-de-Thor-Mjollnir-Full-Metal-marvel.jpg\" \/>\n\t<meta property=\"og:image:width\" content=\"800\" \/>\n\t<meta property=\"og:image:height\" content=\"800\" \/>\n\t<meta property=\"og:image:type\" content=\"image\/jpeg\" \/>\n<meta name=\"twitter:card\" content=\"summary_large_image\" \/>\n<meta name=\"twitter:label1\" content=\"Est. reading time\" \/>\n\t<meta name=\"twitter:data1\" content=\"2 minutes\" \/>\n<script type=\"application\/ld+json\" class=\"yoast-schema-graph\">{\"@context\":\"https:\\\/\\\/schema.org\",\"@graph\":[{\"@type\":\"WebPage\",\"@id\":\"https:\\\/\\\/repliquemangacine.fr\\\/super-heros-marvel\\\/marteau-de-thor-mjolnir-en-metal-avec-base\\\/\",\"url\":\"https:\\\/\\\/repliquemangacine.fr\\\/super-heros-marvel\\\/marteau-de-thor-mjolnir-en-metal-avec-base\\\/\",\"name\":\"Marteau de Thor Mjolnir - En m\u00e9tal - Echelle 1\\\/1 - Support | RMC\",\"isPartOf\":{\"@id\":\"https:\\\/\\\/repliquemangacine.fr\\\/#website\"},\"primaryImageOfPage\":{\"@id\":\"https:\\\/\\\/repliquemangacine.fr\\\/super-heros-marvel\\\/marteau-de-thor-mjolnir-en-metal-avec-base\\\/#primaryimage\"},\"image\":{\"@id\":\"https:\\\/\\\/repliquemangacine.fr\\\/super-heros-marvel\\\/marteau-de-thor-mjolnir-en-metal-avec-base\\\/#primaryimage\"},\"thumbnailUrl\":\"https:\\\/\\\/repliquemangacine.fr\\\/wp-content\\\/uploads\\\/2023\\\/10\\\/2758-Marteau-de-Thor-Mjollnir-Full-Metal-marvel.jpg\",\"datePublished\":\"2019-03-14T18:48:40+00:00\",\"dateModified\":\"2026-04-24T13:35:27+00:00\",\"description\":\"Achetez vite votre Marteau de Thor Mjolnir au meilleur prix. Tout en m\u00e9tal - Base de pr\u00e9sentation en r\u00e9sine moul\u00e9 - Longueur : 45 cm - Poids : 5.4 kg\",\"breadcrumb\":{\"@id\":\"https:\\\/\\\/repliquemangacine.fr\\\/super-heros-marvel\\\/marteau-de-thor-mjolnir-en-metal-avec-base\\\/#breadcrumb\"},\"inLanguage\":\"en-US\",\"potentialAction\":[{\"@type\":\"ReadAction\",\"target\":[\"https:\\\/\\\/repliquemangacine.fr\\\/super-heros-marvel\\\/marteau-de-thor-mjolnir-en-metal-avec-base\\\/\"]}]},{\"@type\":\"ImageObject\",\"inLanguage\":\"en-US\",\"@id\":\"https:\\\/\\\/repliquemangacine.fr\\\/super-heros-marvel\\\/marteau-de-thor-mjolnir-en-metal-avec-base\\\/#primaryimage\",\"url\":\"https:\\\/\\\/repliquemangacine.fr\\\/wp-content\\\/uploads\\\/2023\\\/10\\\/2758-Marteau-de-Thor-Mjollnir-Full-Metal-marvel.jpg\",\"contentUrl\":\"https:\\\/\\\/repliquemangacine.fr\\\/wp-content\\\/uploads\\\/2023\\\/10\\\/2758-Marteau-de-Thor-Mjollnir-Full-Metal-marvel.jpg\",\"width\":800,\"height\":800,\"caption\":\"Marteau de Thor, Mj\u00f6llnir Full M\u00e9tal, marvel\"},{\"@type\":\"BreadcrumbList\",\"@id\":\"https:\\\/\\\/repliquemangacine.fr\\\/super-heros-marvel\\\/marteau-de-thor-mjolnir-en-metal-avec-base\\\/#breadcrumb\",\"itemListElement\":[{\"@type\":\"ListItem\",\"position\":1,\"name\":\"Accueil\",\"item\":\"https:\\\/\\\/repliquemangacine.fr\\\/\"},{\"@type\":\"ListItem\",\"position\":2,\"name\":\"Produits\",\"item\":\"https:\\\/\\\/repliquemangacine.fr\\\/boutique\\\/\"},{\"@type\":\"ListItem\",\"position\":3,\"name\":\"Marteau de Thor M\u00e9tal\"}]},{\"@type\":\"WebSite\",\"@id\":\"https:\\\/\\\/repliquemangacine.fr\\\/#website\",\"url\":\"https:\\\/\\\/repliquemangacine.fr\\\/\",\"name\":\"R\u00e9plique Manga Cin\u00e9\",\"description\":\"\",\"publisher\":{\"@id\":\"https:\\\/\\\/repliquemangacine.fr\\\/#organization\"},\"potentialAction\":[{\"@type\":\"SearchAction\",\"target\":{\"@type\":\"EntryPoint\",\"urlTemplate\":\"https:\\\/\\\/repliquemangacine.fr\\\/?s={search_term_string}\"},\"query-input\":{\"@type\":\"PropertyValueSpecification\",\"valueRequired\":true,\"valueName\":\"search_term_string\"}}],\"inLanguage\":\"en-US\"},{\"@type\":\"Organization\",\"@id\":\"https:\\\/\\\/repliquemangacine.fr\\\/#organization\",\"name\":\"R\u00e9plique Manga Cin\u00e9\",\"url\":\"https:\\\/\\\/repliquemangacine.fr\\\/\",\"logo\":{\"@type\":\"ImageObject\",\"inLanguage\":\"en-US\",\"@id\":\"https:\\\/\\\/repliquemangacine.fr\\\/#\\\/schema\\\/logo\\\/image\\\/\",\"url\":\"https:\\\/\\\/repliquemangacine.fr\\\/wp-content\\\/uploads\\\/2023\\\/10\\\/RMC-500250.png\",\"contentUrl\":\"https:\\\/\\\/repliquemangacine.fr\\\/wp-content\\\/uploads\\\/2023\\\/10\\\/RMC-500250.png\",\"width\":500,\"height\":250,\"caption\":\"R\u00e9plique Manga Cin\u00e9\"},\"image\":{\"@id\":\"https:\\\/\\\/repliquemangacine.fr\\\/#\\\/schema\\\/logo\\\/image\\\/\"},\"sameAs\":[\"https:\\\/\\\/www.facebook.com\\\/RepliqueMangaCine\",\"https:\\\/\\\/www.instagram.com\\\/repliquemangacine.fr\\\/\"]}]}<\/script>\n<!-- \/ Yoast SEO plugin. -->","yoast_head_json":{"title":"Thor's Hammer Mjolnir - Metal - Scale 1\/1 - Support | RMC","description":"Buy now your Thor's Hammer Mjolnir at the best price. All metal - Molded resin presentation base - Length: 45 cm - Weight: 5.4 kg","robots":{"index":"index","follow":"follow","max-snippet":"max-snippet:-1","max-image-preview":"max-image-preview:large","max-video-preview":"max-video-preview:-1"},"canonical":"https:\/\/repliquemangacine.fr\/en\/marvel-superheroes\/thor-mjolnir-metal-hammer-with-base\/","og_locale":"en_US","og_type":"article","og_title":"Marteau de Thor Mjolnir - En m\u00e9tal - Echelle 1\/1 - Support | RMC","og_description":"Achetez vite votre Marteau de Thor Mjolnir au meilleur prix. Tout en m\u00e9tal - Base de pr\u00e9sentation en r\u00e9sine moul\u00e9 - Longueur : 45 cm - Poids : 5.4 kg","og_url":"https:\/\/repliquemangacine.fr\/en\/marvel-superheroes\/thor-mjolnir-metal-hammer-with-base\/","og_site_name":"R\u00e9plique Manga Cin\u00e9","article_publisher":"https:\/\/www.facebook.com\/RepliqueMangaCine","article_modified_time":"2026-04-24T13:35:27+00:00","og_image":[{"width":800,"height":800,"url":"https:\/\/repliquemangacine.fr\/wp-content\/uploads\/2023\/10\/2758-Marteau-de-Thor-Mjollnir-Full-Metal-marvel.jpg","type":"image\/jpeg"}],"twitter_card":"summary_large_image","twitter_misc":{"Est. reading time":"2 minutes"},"schema":{"@context":"https:\/\/schema.org","@graph":[{"@type":"WebPage","@id":"https:\/\/repliquemangacine.fr\/super-heros-marvel\/marteau-de-thor-mjolnir-en-metal-avec-base\/","url":"https:\/\/repliquemangacine.fr\/super-heros-marvel\/marteau-de-thor-mjolnir-en-metal-avec-base\/","name":"Thor's Hammer Mjolnir - Metal - Scale 1\/1 - Support | RMC","isPartOf":{"@id":"https:\/\/repliquemangacine.fr\/#website"},"primaryImageOfPage":{"@id":"https:\/\/repliquemangacine.fr\/super-heros-marvel\/marteau-de-thor-mjolnir-en-metal-avec-base\/#primaryimage"},"image":{"@id":"https:\/\/repliquemangacine.fr\/super-heros-marvel\/marteau-de-thor-mjolnir-en-metal-avec-base\/#primaryimage"},"thumbnailUrl":"https:\/\/repliquemangacine.fr\/wp-content\/uploads\/2023\/10\/2758-Marteau-de-Thor-Mjollnir-Full-Metal-marvel.jpg","datePublished":"2019-03-14T18:48:40+00:00","dateModified":"2026-04-24T13:35:27+00:00","description":"Buy now your Thor's Hammer Mjolnir at the best price. All metal - Molded resin presentation base - Length: 45 cm - Weight: 5.4 kg","breadcrumb":{"@id":"https:\/\/repliquemangacine.fr\/super-heros-marvel\/marteau-de-thor-mjolnir-en-metal-avec-base\/#breadcrumb"},"inLanguage":"en-US","potentialAction":[{"@type":"ReadAction","target":["https:\/\/repliquemangacine.fr\/super-heros-marvel\/marteau-de-thor-mjolnir-en-metal-avec-base\/"]}]},{"@type":"ImageObject","inLanguage":"en-US","@id":"https:\/\/repliquemangacine.fr\/super-heros-marvel\/marteau-de-thor-mjolnir-en-metal-avec-base\/#primaryimage","url":"https:\/\/repliquemangacine.fr\/wp-content\/uploads\/2023\/10\/2758-Marteau-de-Thor-Mjollnir-Full-Metal-marvel.jpg","contentUrl":"https:\/\/repliquemangacine.fr\/wp-content\/uploads\/2023\/10\/2758-Marteau-de-Thor-Mjollnir-Full-Metal-marvel.jpg","width":800,"height":800,"caption":"Marteau de Thor, Mj\u00f6llnir Full M\u00e9tal, marvel"},{"@type":"BreadcrumbList","@id":"https:\/\/repliquemangacine.fr\/super-heros-marvel\/marteau-de-thor-mjolnir-en-metal-avec-base\/#breadcrumb","itemListElement":[{"@type":"ListItem","position":1,"name":"Accueil","item":"https:\/\/repliquemangacine.fr\/"},{"@type":"ListItem","position":2,"name":"Produits","item":"https:\/\/repliquemangacine.fr\/boutique\/"},{"@type":"ListItem","position":3,"name":"Marteau de Thor M\u00e9tal"}]},{"@type":"WebSite","@id":"https:\/\/repliquemangacine.fr\/#website","url":"https:\/\/repliquemangacine.fr\/","name":"R\u00e9plique Manga Cin\u00e9","description":"","publisher":{"@id":"https:\/\/repliquemangacine.fr\/#organization"},"potentialAction":[{"@type":"SearchAction","target":{"@type":"EntryPoint","urlTemplate":"https:\/\/repliquemangacine.fr\/?s={search_term_string}"},"query-input":{"@type":"PropertyValueSpecification","valueRequired":true,"valueName":"search_term_string"}}],"inLanguage":"en-US"},{"@type":"Organization","@id":"https:\/\/repliquemangacine.fr\/#organization","name":"R\u00e9plique Manga Cin\u00e9","url":"https:\/\/repliquemangacine.fr\/","logo":{"@type":"ImageObject","inLanguage":"en-US","@id":"https:\/\/repliquemangacine.fr\/#\/schema\/logo\/image\/","url":"https:\/\/repliquemangacine.fr\/wp-content\/uploads\/2023\/10\/RMC-500250.png","contentUrl":"https:\/\/repliquemangacine.fr\/wp-content\/uploads\/2023\/10\/RMC-500250.png","width":500,"height":250,"caption":"R\u00e9plique Manga Cin\u00e9"},"image":{"@id":"https:\/\/repliquemangacine.fr\/#\/schema\/logo\/image\/"},"sameAs":["https:\/\/www.facebook.com\/RepliqueMangaCine","https:\/\/www.instagram.com\/repliquemangacine.fr\/"]}]}},"_links":{"self":[{"href":"https:\/\/repliquemangacine.fr\/en\/wp-json\/wp\/v2\/product\/28034","targetHints":{"allow":["GET"]}}],"collection":[{"href":"https:\/\/repliquemangacine.fr\/en\/wp-json\/wp\/v2\/product"}],"about":[{"href":"https:\/\/repliquemangacine.fr\/en\/wp-json\/wp\/v2\/types\/product"}],"wp:featuredmedia":[{"embeddable":true,"href":"https:\/\/repliquemangacine.fr\/en\/wp-json\/wp\/v2\/media\/28035"}],"wp:attachment":[{"href":"https:\/\/repliquemangacine.fr\/en\/wp-json\/wp\/v2\/media?parent=28034"}],"wp:term":[{"taxonomy":"product_brand","embeddable":true,"href":"https:\/\/repliquemangacine.fr\/en\/wp-json\/wp\/v2\/product_brand?post=28034"},{"taxonomy":"product_cat","embeddable":true,"href":"https:\/\/repliquemangacine.fr\/en\/wp-json\/wp\/v2\/product_cat?post=28034"},{"taxonomy":"product_tag","embeddable":true,"href":"https:\/\/repliquemangacine.fr\/en\/wp-json\/wp\/v2\/product_tag?post=28034"}],"curies":[{"name":"wp","href":"https:\/\/api.w.org\/{rel}","templated":true}]}}