





{"id":28013,"date":"2019-01-29T11:00:38","date_gmt":"2019-01-29T10:00:38","guid":{"rendered":"https:\/\/repliquemangacine.fr\/?post_type=product&#038;p=28013"},"modified":"2025-09-23T18:02:02","modified_gmt":"2025-09-23T16:02:02","slug":"axe-hammer-stormbreaker-pm","status":"publish","type":"product","link":"https:\/\/repliquemangacine.fr\/en\/super-heros-marvel\/hache-marteau-stormbreaker-pm\/","title":{"rendered":"Stormbreaker PM"},"content":{"rendered":"<h2>Thor's Stormbreaker PM hammer axe.<\/h2>\n<p>To begin with, the Stormbreaker PM Axe Hammer from Thor, this axe hammer is made entirely of resin, the handle is an imitation of the tip of a <a href=\"https:\/\/universcinematographiquemarvel.fandom.com\/fr\/wiki\/Groot?so=search\" target=\"_blank\" rel=\"noopener noreferrer\">Groot<\/a> !<\/p>\n<p>Stormbreaker is an enchanted dwarven axe, forged from Uru on Nidavellir with the ability to summon the Bifrost. After the destruction of Mj\u00f8lnir, the weapon is used by Thor.<\/p>\n<p>Stormbreaker is capable of concentrating and enhancing Thor's powers. Due to its Uru composition, the weapon is virtually indestructible and able to withstand the energy blasts created by the Infinity Stones. It can also channel dimensional energy and invoke the Bifrost, enabling Thor to teleport himself, Rocket Raccoon and Groot to Wakanda.<\/p>\n<h2>Your Stormbreaker PM at the best price.<\/h2>\n<p>We offer a wide selection of replicas of your Marvel universe superheroes.<\/p>\n<p>First and foremost,<\/p>\n<ul>\n<li>Visit <a href=\"https:\/\/repliquemangacine.fr\/en\/super-heroes\/captain-america-shield-keychain\/\">Captain America's shield key ring<\/a> all metal.<\/li>\n<li>There is also the <a href=\"https:\/\/repliquemangacine.fr\/en\/super-heroes\/captain-america-shield-keychain\/\">Marvel collector's box set<\/a> 11-piece key ring or necklace.<\/li>\n<li>As well as the immense <a href=\"https:\/\/repliquemangacine.fr\/en\/super-heroes\/double-epee-de-thanos-avengers-endgame\/\">Thanos' double sword<\/a> in Avengers Endgame.<\/li>\n<li>And much more to discover in our online store!<\/li>\n<\/ul>\n<p>That's why this is a great gift idea for all Marvel fans.<\/p>\n<p>In conclusion, you can also use this Stormbreaker PM from Thor for your cosplay parades. But, above all, the hammer axe is also a collector's item and a decorative piece.<\/p>\n<h2>How are our Marvel merchandise products made?<\/h2>\n<p>To begin with, all our derived products are of the highest quality, manufactured with meticulous attention to detail. In fact, some of the manufacturing is done by hand, to reproduce even the smallest detail. More important parts are machined by precise machines. Engravings are generally made with a diamond tip or laser.<\/p>\n<p>Your <strong>Stormbreaker PM,<\/strong> manufactured to reproduce every detail exactly. Made entirely of molded resin. The hammer axe, made like Eitri, the last dwarf blacksmith of the star.<\/p>\n<p>Finally, imported from China or Spain, our replicas will amaze you!<\/p>\n<p>R\u00e9plique Manga Cin\u00e9 is a French family business.<\/p>","protected":false},"excerpt":{"rendered":"<p>Superb replica of the Stormbreaker used by Thor in Avengers, Infinity War.<\/p>\n<ul>\n<li>Made entirely of molded resin.<\/li>\n<li>Small collector's item<\/li>\n<li>Imitation Groot tip handle.<\/li>\n<li>Handle length: 57 cm - Total length: 67 cm<\/li>\n<\/ul>","protected":false},"featured_media":28014,"template":"","meta":[],"product_brand":[896],"product_cat":[24,59],"product_tag":[533,538,507],"class_list":{"0":"post-28013","1":"product","2":"type-product","3":"status-publish","4":"has-post-thumbnail","6":"product_brand-replique-manga-cine","7":"product_cat-films-series-tv-vente-de-katana-epee-et-produits-derives","8":"product_cat-super-heros-marvel","9":"product_tag-avengers-infinity","10":"product_tag-hache-marteau-thor","11":"product_tag-replique-stormbreaker","13":"first","14":"instock","15":"taxable","16":"shipping-taxable","17":"purchasable","18":"product-type-simple"},"yoast_head":"<!-- This site is optimized with the Yoast SEO plugin v27.5 - https:\/\/yoast.com\/product\/yoast-seo-wordpress\/ -->\n<title>Stormbreaker PM r\u00e9sine - Hache Marteau | R\u00e9plique Manga Cin\u00e9<\/title>\n<meta name=\"description\" content=\"Commandez vite\u202f! La Hache Marteau Stormbreaker PM au meilleur prix - Tout en r\u00e9sine moul\u00e9 - Longueur totale : 67 cm - Poids : 955g - Envoi 24\/48h\" \/>\n<meta name=\"robots\" content=\"index, follow, max-snippet:-1, max-image-preview:large, max-video-preview:-1\" \/>\n<link rel=\"canonical\" href=\"https:\/\/repliquemangacine.fr\/en\/marvel-superheroes\/axe-hammer-stormbreaker-pm\/\" \/>\n<meta property=\"og:locale\" content=\"en_US\" \/>\n<meta property=\"og:type\" content=\"article\" \/>\n<meta property=\"og:title\" content=\"Stormbreaker PM r\u00e9sine - Hache Marteau | R\u00e9plique Manga Cin\u00e9\" \/>\n<meta property=\"og:description\" content=\"Commandez vite\u202f! La Hache Marteau Stormbreaker PM au meilleur prix - Tout en r\u00e9sine moul\u00e9 - Longueur totale : 67 cm - Poids : 955g - Envoi 24\/48h\" \/>\n<meta property=\"og:url\" content=\"https:\/\/repliquemangacine.fr\/en\/marvel-superheroes\/axe-hammer-stormbreaker-pm\/\" \/>\n<meta property=\"og:site_name\" content=\"R\u00e9plique Manga Cin\u00e9\" \/>\n<meta property=\"article:publisher\" content=\"https:\/\/www.facebook.com\/RepliqueMangaCine\" \/>\n<meta property=\"article:modified_time\" content=\"2025-09-23T16:02:02+00:00\" \/>\n<meta property=\"og:image\" content=\"https:\/\/repliquemangacine.fr\/wp-content\/uploads\/2023\/10\/stormbreaker-pm.jpg\" \/>\n\t<meta property=\"og:image:width\" content=\"500\" \/>\n\t<meta property=\"og:image:height\" content=\"500\" \/>\n\t<meta property=\"og:image:type\" content=\"image\/jpeg\" \/>\n<meta name=\"twitter:card\" content=\"summary_large_image\" \/>\n<meta name=\"twitter:label1\" content=\"Est. reading time\" \/>\n\t<meta name=\"twitter:data1\" content=\"1 minute\" \/>\n<script type=\"application\/ld+json\" class=\"yoast-schema-graph\">{\"@context\":\"https:\\\/\\\/schema.org\",\"@graph\":[{\"@type\":\"WebPage\",\"@id\":\"https:\\\/\\\/repliquemangacine.fr\\\/super-heros-marvel\\\/hache-marteau-stormbreaker-pm\\\/\",\"url\":\"https:\\\/\\\/repliquemangacine.fr\\\/super-heros-marvel\\\/hache-marteau-stormbreaker-pm\\\/\",\"name\":\"Stormbreaker PM r\u00e9sine - Hache Marteau | R\u00e9plique Manga Cin\u00e9\",\"isPartOf\":{\"@id\":\"https:\\\/\\\/repliquemangacine.fr\\\/#website\"},\"primaryImageOfPage\":{\"@id\":\"https:\\\/\\\/repliquemangacine.fr\\\/super-heros-marvel\\\/hache-marteau-stormbreaker-pm\\\/#primaryimage\"},\"image\":{\"@id\":\"https:\\\/\\\/repliquemangacine.fr\\\/super-heros-marvel\\\/hache-marteau-stormbreaker-pm\\\/#primaryimage\"},\"thumbnailUrl\":\"https:\\\/\\\/repliquemangacine.fr\\\/wp-content\\\/uploads\\\/2023\\\/10\\\/stormbreaker-pm.jpg\",\"datePublished\":\"2019-01-29T10:00:38+00:00\",\"dateModified\":\"2025-09-23T16:02:02+00:00\",\"description\":\"Commandez vite\u202f! La Hache Marteau Stormbreaker PM au meilleur prix - Tout en r\u00e9sine moul\u00e9 - Longueur totale : 67 cm - Poids : 955g - Envoi 24\\\/48h\",\"breadcrumb\":{\"@id\":\"https:\\\/\\\/repliquemangacine.fr\\\/super-heros-marvel\\\/hache-marteau-stormbreaker-pm\\\/#breadcrumb\"},\"inLanguage\":\"en-US\",\"potentialAction\":[{\"@type\":\"ReadAction\",\"target\":[\"https:\\\/\\\/repliquemangacine.fr\\\/super-heros-marvel\\\/hache-marteau-stormbreaker-pm\\\/\"]}]},{\"@type\":\"ImageObject\",\"inLanguage\":\"en-US\",\"@id\":\"https:\\\/\\\/repliquemangacine.fr\\\/super-heros-marvel\\\/hache-marteau-stormbreaker-pm\\\/#primaryimage\",\"url\":\"https:\\\/\\\/repliquemangacine.fr\\\/wp-content\\\/uploads\\\/2023\\\/10\\\/stormbreaker-pm.jpg\",\"contentUrl\":\"https:\\\/\\\/repliquemangacine.fr\\\/wp-content\\\/uploads\\\/2023\\\/10\\\/stormbreaker-pm.jpg\",\"width\":500,\"height\":500,\"caption\":\"Hache Marteau Stormbreaker PM\"},{\"@type\":\"BreadcrumbList\",\"@id\":\"https:\\\/\\\/repliquemangacine.fr\\\/super-heros-marvel\\\/hache-marteau-stormbreaker-pm\\\/#breadcrumb\",\"itemListElement\":[{\"@type\":\"ListItem\",\"position\":1,\"name\":\"Accueil\",\"item\":\"https:\\\/\\\/repliquemangacine.fr\\\/\"},{\"@type\":\"ListItem\",\"position\":2,\"name\":\"Produits\",\"item\":\"https:\\\/\\\/repliquemangacine.fr\\\/boutique\\\/\"},{\"@type\":\"ListItem\",\"position\":3,\"name\":\"Stormbreaker PM\"}]},{\"@type\":\"WebSite\",\"@id\":\"https:\\\/\\\/repliquemangacine.fr\\\/#website\",\"url\":\"https:\\\/\\\/repliquemangacine.fr\\\/\",\"name\":\"R\u00e9plique Manga Cin\u00e9\",\"description\":\"\",\"publisher\":{\"@id\":\"https:\\\/\\\/repliquemangacine.fr\\\/#organization\"},\"potentialAction\":[{\"@type\":\"SearchAction\",\"target\":{\"@type\":\"EntryPoint\",\"urlTemplate\":\"https:\\\/\\\/repliquemangacine.fr\\\/?s={search_term_string}\"},\"query-input\":{\"@type\":\"PropertyValueSpecification\",\"valueRequired\":true,\"valueName\":\"search_term_string\"}}],\"inLanguage\":\"en-US\"},{\"@type\":\"Organization\",\"@id\":\"https:\\\/\\\/repliquemangacine.fr\\\/#organization\",\"name\":\"R\u00e9plique Manga Cin\u00e9\",\"url\":\"https:\\\/\\\/repliquemangacine.fr\\\/\",\"logo\":{\"@type\":\"ImageObject\",\"inLanguage\":\"en-US\",\"@id\":\"https:\\\/\\\/repliquemangacine.fr\\\/#\\\/schema\\\/logo\\\/image\\\/\",\"url\":\"https:\\\/\\\/repliquemangacine.fr\\\/wp-content\\\/uploads\\\/2023\\\/10\\\/RMC-500250.png\",\"contentUrl\":\"https:\\\/\\\/repliquemangacine.fr\\\/wp-content\\\/uploads\\\/2023\\\/10\\\/RMC-500250.png\",\"width\":500,\"height\":250,\"caption\":\"R\u00e9plique Manga Cin\u00e9\"},\"image\":{\"@id\":\"https:\\\/\\\/repliquemangacine.fr\\\/#\\\/schema\\\/logo\\\/image\\\/\"},\"sameAs\":[\"https:\\\/\\\/www.facebook.com\\\/RepliqueMangaCine\",\"https:\\\/\\\/www.instagram.com\\\/repliquemangacine.fr\\\/\"]}]}<\/script>\n<!-- \/ Yoast SEO plugin. -->","yoast_head_json":{"title":"Stormbreaker PM resin - Axe Hammer | R\u00e9plique Manga Cin\u00e9","description":"Order now! The Stormbreaker PM Hammer Axe at the best price - All molded resin - Total length: 67 cm - Weight: 955g - Shipped 24\/48h","robots":{"index":"index","follow":"follow","max-snippet":"max-snippet:-1","max-image-preview":"max-image-preview:large","max-video-preview":"max-video-preview:-1"},"canonical":"https:\/\/repliquemangacine.fr\/en\/marvel-superheroes\/axe-hammer-stormbreaker-pm\/","og_locale":"en_US","og_type":"article","og_title":"Stormbreaker PM r\u00e9sine - Hache Marteau | R\u00e9plique Manga Cin\u00e9","og_description":"Commandez vite\u202f! La Hache Marteau Stormbreaker PM au meilleur prix - Tout en r\u00e9sine moul\u00e9 - Longueur totale : 67 cm - Poids : 955g - Envoi 24\/48h","og_url":"https:\/\/repliquemangacine.fr\/en\/marvel-superheroes\/axe-hammer-stormbreaker-pm\/","og_site_name":"R\u00e9plique Manga Cin\u00e9","article_publisher":"https:\/\/www.facebook.com\/RepliqueMangaCine","article_modified_time":"2025-09-23T16:02:02+00:00","og_image":[{"width":500,"height":500,"url":"https:\/\/repliquemangacine.fr\/wp-content\/uploads\/2023\/10\/stormbreaker-pm.jpg","type":"image\/jpeg"}],"twitter_card":"summary_large_image","twitter_misc":{"Est. reading time":"1 minute"},"schema":{"@context":"https:\/\/schema.org","@graph":[{"@type":"WebPage","@id":"https:\/\/repliquemangacine.fr\/super-heros-marvel\/hache-marteau-stormbreaker-pm\/","url":"https:\/\/repliquemangacine.fr\/super-heros-marvel\/hache-marteau-stormbreaker-pm\/","name":"Stormbreaker PM resin - Axe Hammer | R\u00e9plique Manga Cin\u00e9","isPartOf":{"@id":"https:\/\/repliquemangacine.fr\/#website"},"primaryImageOfPage":{"@id":"https:\/\/repliquemangacine.fr\/super-heros-marvel\/hache-marteau-stormbreaker-pm\/#primaryimage"},"image":{"@id":"https:\/\/repliquemangacine.fr\/super-heros-marvel\/hache-marteau-stormbreaker-pm\/#primaryimage"},"thumbnailUrl":"https:\/\/repliquemangacine.fr\/wp-content\/uploads\/2023\/10\/stormbreaker-pm.jpg","datePublished":"2019-01-29T10:00:38+00:00","dateModified":"2025-09-23T16:02:02+00:00","description":"Order now! The Stormbreaker PM Hammer Axe at the best price - All molded resin - Total length: 67 cm - Weight: 955g - Shipped 24\/48h","breadcrumb":{"@id":"https:\/\/repliquemangacine.fr\/super-heros-marvel\/hache-marteau-stormbreaker-pm\/#breadcrumb"},"inLanguage":"en-US","potentialAction":[{"@type":"ReadAction","target":["https:\/\/repliquemangacine.fr\/super-heros-marvel\/hache-marteau-stormbreaker-pm\/"]}]},{"@type":"ImageObject","inLanguage":"en-US","@id":"https:\/\/repliquemangacine.fr\/super-heros-marvel\/hache-marteau-stormbreaker-pm\/#primaryimage","url":"https:\/\/repliquemangacine.fr\/wp-content\/uploads\/2023\/10\/stormbreaker-pm.jpg","contentUrl":"https:\/\/repliquemangacine.fr\/wp-content\/uploads\/2023\/10\/stormbreaker-pm.jpg","width":500,"height":500,"caption":"Hache Marteau Stormbreaker PM"},{"@type":"BreadcrumbList","@id":"https:\/\/repliquemangacine.fr\/super-heros-marvel\/hache-marteau-stormbreaker-pm\/#breadcrumb","itemListElement":[{"@type":"ListItem","position":1,"name":"Accueil","item":"https:\/\/repliquemangacine.fr\/"},{"@type":"ListItem","position":2,"name":"Produits","item":"https:\/\/repliquemangacine.fr\/boutique\/"},{"@type":"ListItem","position":3,"name":"Stormbreaker PM"}]},{"@type":"WebSite","@id":"https:\/\/repliquemangacine.fr\/#website","url":"https:\/\/repliquemangacine.fr\/","name":"R\u00e9plique Manga Cin\u00e9","description":"","publisher":{"@id":"https:\/\/repliquemangacine.fr\/#organization"},"potentialAction":[{"@type":"SearchAction","target":{"@type":"EntryPoint","urlTemplate":"https:\/\/repliquemangacine.fr\/?s={search_term_string}"},"query-input":{"@type":"PropertyValueSpecification","valueRequired":true,"valueName":"search_term_string"}}],"inLanguage":"en-US"},{"@type":"Organization","@id":"https:\/\/repliquemangacine.fr\/#organization","name":"R\u00e9plique Manga Cin\u00e9","url":"https:\/\/repliquemangacine.fr\/","logo":{"@type":"ImageObject","inLanguage":"en-US","@id":"https:\/\/repliquemangacine.fr\/#\/schema\/logo\/image\/","url":"https:\/\/repliquemangacine.fr\/wp-content\/uploads\/2023\/10\/RMC-500250.png","contentUrl":"https:\/\/repliquemangacine.fr\/wp-content\/uploads\/2023\/10\/RMC-500250.png","width":500,"height":250,"caption":"R\u00e9plique Manga Cin\u00e9"},"image":{"@id":"https:\/\/repliquemangacine.fr\/#\/schema\/logo\/image\/"},"sameAs":["https:\/\/www.facebook.com\/RepliqueMangaCine","https:\/\/www.instagram.com\/repliquemangacine.fr\/"]}]}},"_links":{"self":[{"href":"https:\/\/repliquemangacine.fr\/en\/wp-json\/wp\/v2\/product\/28013","targetHints":{"allow":["GET"]}}],"collection":[{"href":"https:\/\/repliquemangacine.fr\/en\/wp-json\/wp\/v2\/product"}],"about":[{"href":"https:\/\/repliquemangacine.fr\/en\/wp-json\/wp\/v2\/types\/product"}],"wp:featuredmedia":[{"embeddable":true,"href":"https:\/\/repliquemangacine.fr\/en\/wp-json\/wp\/v2\/media\/28014"}],"wp:attachment":[{"href":"https:\/\/repliquemangacine.fr\/en\/wp-json\/wp\/v2\/media?parent=28013"}],"wp:term":[{"taxonomy":"product_brand","embeddable":true,"href":"https:\/\/repliquemangacine.fr\/en\/wp-json\/wp\/v2\/product_brand?post=28013"},{"taxonomy":"product_cat","embeddable":true,"href":"https:\/\/repliquemangacine.fr\/en\/wp-json\/wp\/v2\/product_cat?post=28013"},{"taxonomy":"product_tag","embeddable":true,"href":"https:\/\/repliquemangacine.fr\/en\/wp-json\/wp\/v2\/product_tag?post=28013"}],"curies":[{"name":"wp","href":"https:\/\/api.w.org\/{rel}","templated":true}]}}