





{"id":27989,"date":"2019-01-26T14:54:59","date_gmt":"2019-01-26T13:54:59","guid":{"rendered":"https:\/\/repliquemangacine.fr\/?post_type=product&#038;p=27989"},"modified":"2025-11-19T11:26:52","modified_gmt":"2025-11-19T10:26:52","slug":"foam-replica-thrall-hammer-doomhammer-world-of-warcraft","status":"publish","type":"product","link":"https:\/\/repliquemangacine.fr\/en\/epees-world-of-warcraft\/replique-en-mousse-du-marteau-de-thrall-doomhammer-world-of-warcraft\/","title":{"rendered":"Doomhammer Foam World of Warcraft"},"content":{"rendered":"<h2>Thrall Mousse's hammer in World of Warcraft<\/h2>\n<p>To begin with, the <strong>Thrall's Hammer Foam<\/strong>, the Doomhammer or Hammer of Fate, forged from elemental lava on Draenor. When wielded in battle, it seals the fate of enemies, Orgrim Marteau-du-destin.<\/p>\n<p>Thrall is an iconic character from Blizzard Studios' Warcraft universe. He is the warlord who leads the new Horde in the Third War. Among World of Warcraft players, Thrall's Hammer can be seen in the Horde capital. <a href=\"https:\/\/wow.fandom.com\/fr\/wiki\/Orgrimmar\" target=\"_blank\" rel=\"noopener noreferrer\">Orgrimmar<\/a>.<\/p>\n<p>He became the first orc to master the elements in years. As a result, he became the warlord who led the new Horde in the Third War. Among World of Warcraft players, Thrall's Hammer can be seen in the Horde capital Orgrimmar.<\/p>\n<h2>Your Thrall Hammer Foam at the best price<\/h2>\n<p>We offer a wide selection of swords from the world of World of Warcraft.<\/p>\n<p>First and foremost,<\/p>\n<ul>\n<li>The impressive <a href=\"https:\/\/repliquemangacine.fr\/en\/world-of-warcraft-swords\/azzinoths-twin-blades-illidans-legendary-sword\/\">twin blades of Azzintoh<\/a> Illidan's legendary weapons.<\/li>\n<li>There's also the legendary sword of paladin Alexandros Mograine la <a href=\"https:\/\/repliquemangacine.fr\/en\/world-of-warcraft-swords\/epee-ashbringer-world-of-warcraft\/\">Ashbringer<\/a><\/li>\n<li>As well as the two-handed axe, the <a href=\"https:\/\/repliquemangacine.fr\/en\/world-of-warcraft-swords\/axe-deuillelombre-shadowmourne-world-of-warcraft\/\">Shadowmourne<\/a> of King Arthas.<\/li>\n<li>And much more to discover in our online store!<\/li>\n<\/ul>\n<p>So here's a great gift idea for WoW fans<\/p>\n<p>In conclusion, you can use the <strong>Thrall's Hammer Foam<\/strong> Doomhammer for your cosplay parades or theme parties. But above all, Thrall's hammer is a decorative collector's item.<\/p>\n<h2>Discover our cheap World of Warcraft novelties.<\/h2>\n<p>We're always on the lookout for something new to satisfy your needs, so we've got a few little nuggets for you to discover!<\/p>\n<ul>\n<li>Visit <a href=\"https:\/\/repliquemangacine.fr\/en\/world-of-warcraft-swords\/frostmourne-figurine-and-arthas-base-set\/\">Frostmourne sword figurine<\/a> on its luminous resin ice base. This collector's item is presented in a display case in the colors of the game.<\/li>\n<li>There's also the finely detailed resin Hammer of Destiny.<\/li>\n<li>As well as Horde and Alliance flags, one meter high.<\/li>\n<\/ul>\n<p>Coming soon: World of Warcraft figurines and Wallscrolls of your favorite characters.<\/p>\n<p>R\u00e9plique Manga Cin\u00e9 is a French family business.<\/p>","protected":false},"excerpt":{"rendered":"<div class=\"text col-xs-offset-0\" style=\"height: auto;\">Thrall's foam hammer in World of Warcraft.<\/div>\n<div><\/div>\n<ul>\n<li class=\"text col-xs-offset-0\" style=\"height: auto;\">Made entirely of high-quality polyurethane elastomers (foam).<\/li>\n<li class=\"text col-xs-offset-0\" style=\"height: auto;\">The mace with the wolf emblem added by Thrall.<\/li>\n<li class=\"text col-xs-offset-0\" style=\"height: auto;\">Foam handle and pommel with imitation lanyard.<\/li>\n<li>Total length: 43 cm<\/li>\n<\/ul>\n<div class=\"text col-xs-offset-0\" style=\"height: auto;\"><\/div>","protected":false},"featured_media":27990,"template":"","meta":[],"product_brand":[896],"product_cat":[23,60],"product_tag":[],"class_list":{"0":"post-27989","1":"product","2":"type-product","3":"status-publish","4":"has-post-thumbnail","6":"product_brand-replique-manga-cine","7":"product_cat-repliques-manga-jeux-video","8":"product_cat-epees-world-of-warcraft","10":"first","11":"instock","12":"taxable","13":"shipping-taxable","14":"purchasable","15":"product-type-simple"},"yoast_head":"<!-- This site is optimized with the Yoast SEO plugin v27.5 - https:\/\/yoast.com\/product\/yoast-seo-wordpress\/ -->\n<title>Marteau de Thrall mousse - WOW - Boutique en ligne | RMC<\/title>\n<meta name=\"description\" content=\"Voil\u00e0 une r\u00e9plique qui ravira vos enfants avec ce Marteau de Thrall qui est tout en mousse. Accessoire parfait pour vos d\u00e9guisements. Envoi 24\/48h\" \/>\n<meta name=\"robots\" content=\"index, follow, max-snippet:-1, max-image-preview:large, max-video-preview:-1\" \/>\n<link rel=\"canonical\" href=\"https:\/\/repliquemangacine.fr\/en\/world-of-warcraft-swords\/foam-replica-thrall-hammer-doomhammer-world-of-warcraft\/\" \/>\n<meta property=\"og:locale\" content=\"en_US\" \/>\n<meta property=\"og:type\" content=\"article\" \/>\n<meta property=\"og:title\" content=\"Marteau de Thrall mousse - WOW - Boutique en ligne | RMC\" \/>\n<meta property=\"og:description\" content=\"Voil\u00e0 une r\u00e9plique qui ravira vos enfants avec ce Marteau de Thrall qui est tout en mousse. Accessoire parfait pour vos d\u00e9guisements. Envoi 24\/48h\" \/>\n<meta property=\"og:url\" content=\"https:\/\/repliquemangacine.fr\/en\/world-of-warcraft-swords\/foam-replica-thrall-hammer-doomhammer-world-of-warcraft\/\" \/>\n<meta property=\"og:site_name\" content=\"R\u00e9plique Manga Cin\u00e9\" \/>\n<meta property=\"article:publisher\" content=\"https:\/\/www.facebook.com\/RepliqueMangaCine\" \/>\n<meta property=\"article:modified_time\" content=\"2025-11-19T10:26:52+00:00\" \/>\n<meta property=\"og:image\" content=\"https:\/\/repliquemangacine.fr\/wp-content\/uploads\/2023\/10\/2718-Replique-en-mousse-du-marteau-de-Thrall-Doomhammer-Wow.jpg\" \/>\n\t<meta property=\"og:image:width\" content=\"800\" \/>\n\t<meta property=\"og:image:height\" content=\"800\" \/>\n\t<meta property=\"og:image:type\" content=\"image\/jpeg\" \/>\n<meta name=\"twitter:card\" content=\"summary_large_image\" \/>\n<meta name=\"twitter:label1\" content=\"Est. reading time\" \/>\n\t<meta name=\"twitter:data1\" content=\"2 minutes\" \/>\n<script type=\"application\/ld+json\" class=\"yoast-schema-graph\">{\"@context\":\"https:\\\/\\\/schema.org\",\"@graph\":[{\"@type\":\"WebPage\",\"@id\":\"https:\\\/\\\/repliquemangacine.fr\\\/epees-world-of-warcraft\\\/replique-en-mousse-du-marteau-de-thrall-doomhammer-world-of-warcraft\\\/\",\"url\":\"https:\\\/\\\/repliquemangacine.fr\\\/epees-world-of-warcraft\\\/replique-en-mousse-du-marteau-de-thrall-doomhammer-world-of-warcraft\\\/\",\"name\":\"Marteau de Thrall mousse - WOW - Boutique en ligne | RMC\",\"isPartOf\":{\"@id\":\"https:\\\/\\\/repliquemangacine.fr\\\/#website\"},\"primaryImageOfPage\":{\"@id\":\"https:\\\/\\\/repliquemangacine.fr\\\/epees-world-of-warcraft\\\/replique-en-mousse-du-marteau-de-thrall-doomhammer-world-of-warcraft\\\/#primaryimage\"},\"image\":{\"@id\":\"https:\\\/\\\/repliquemangacine.fr\\\/epees-world-of-warcraft\\\/replique-en-mousse-du-marteau-de-thrall-doomhammer-world-of-warcraft\\\/#primaryimage\"},\"thumbnailUrl\":\"https:\\\/\\\/repliquemangacine.fr\\\/wp-content\\\/uploads\\\/2023\\\/10\\\/2718-Replique-en-mousse-du-marteau-de-Thrall-Doomhammer-Wow.jpg\",\"datePublished\":\"2019-01-26T13:54:59+00:00\",\"dateModified\":\"2025-11-19T10:26:52+00:00\",\"description\":\"Voil\u00e0 une r\u00e9plique qui ravira vos enfants avec ce Marteau de Thrall qui est tout en mousse. Accessoire parfait pour vos d\u00e9guisements. Envoi 24\\\/48h\",\"breadcrumb\":{\"@id\":\"https:\\\/\\\/repliquemangacine.fr\\\/epees-world-of-warcraft\\\/replique-en-mousse-du-marteau-de-thrall-doomhammer-world-of-warcraft\\\/#breadcrumb\"},\"inLanguage\":\"en-US\",\"potentialAction\":[{\"@type\":\"ReadAction\",\"target\":[\"https:\\\/\\\/repliquemangacine.fr\\\/epees-world-of-warcraft\\\/replique-en-mousse-du-marteau-de-thrall-doomhammer-world-of-warcraft\\\/\"]}]},{\"@type\":\"ImageObject\",\"inLanguage\":\"en-US\",\"@id\":\"https:\\\/\\\/repliquemangacine.fr\\\/epees-world-of-warcraft\\\/replique-en-mousse-du-marteau-de-thrall-doomhammer-world-of-warcraft\\\/#primaryimage\",\"url\":\"https:\\\/\\\/repliquemangacine.fr\\\/wp-content\\\/uploads\\\/2023\\\/10\\\/2718-Replique-en-mousse-du-marteau-de-Thrall-Doomhammer-Wow.jpg\",\"contentUrl\":\"https:\\\/\\\/repliquemangacine.fr\\\/wp-content\\\/uploads\\\/2023\\\/10\\\/2718-Replique-en-mousse-du-marteau-de-Thrall-Doomhammer-Wow.jpg\",\"width\":800,\"height\":800,\"caption\":\"R\u00e9plique en mousse du marteau de Thrall Doomhammer Wow\"},{\"@type\":\"BreadcrumbList\",\"@id\":\"https:\\\/\\\/repliquemangacine.fr\\\/epees-world-of-warcraft\\\/replique-en-mousse-du-marteau-de-thrall-doomhammer-world-of-warcraft\\\/#breadcrumb\",\"itemListElement\":[{\"@type\":\"ListItem\",\"position\":1,\"name\":\"Accueil\",\"item\":\"https:\\\/\\\/repliquemangacine.fr\\\/\"},{\"@type\":\"ListItem\",\"position\":2,\"name\":\"Produits\",\"item\":\"https:\\\/\\\/repliquemangacine.fr\\\/boutique\\\/\"},{\"@type\":\"ListItem\",\"position\":3,\"name\":\"Doomhammer Mousse World of Warcraft\"}]},{\"@type\":\"WebSite\",\"@id\":\"https:\\\/\\\/repliquemangacine.fr\\\/#website\",\"url\":\"https:\\\/\\\/repliquemangacine.fr\\\/\",\"name\":\"R\u00e9plique Manga Cin\u00e9\",\"description\":\"\",\"publisher\":{\"@id\":\"https:\\\/\\\/repliquemangacine.fr\\\/#organization\"},\"potentialAction\":[{\"@type\":\"SearchAction\",\"target\":{\"@type\":\"EntryPoint\",\"urlTemplate\":\"https:\\\/\\\/repliquemangacine.fr\\\/?s={search_term_string}\"},\"query-input\":{\"@type\":\"PropertyValueSpecification\",\"valueRequired\":true,\"valueName\":\"search_term_string\"}}],\"inLanguage\":\"en-US\"},{\"@type\":\"Organization\",\"@id\":\"https:\\\/\\\/repliquemangacine.fr\\\/#organization\",\"name\":\"R\u00e9plique Manga Cin\u00e9\",\"url\":\"https:\\\/\\\/repliquemangacine.fr\\\/\",\"logo\":{\"@type\":\"ImageObject\",\"inLanguage\":\"en-US\",\"@id\":\"https:\\\/\\\/repliquemangacine.fr\\\/#\\\/schema\\\/logo\\\/image\\\/\",\"url\":\"https:\\\/\\\/repliquemangacine.fr\\\/wp-content\\\/uploads\\\/2023\\\/10\\\/RMC-500250.png\",\"contentUrl\":\"https:\\\/\\\/repliquemangacine.fr\\\/wp-content\\\/uploads\\\/2023\\\/10\\\/RMC-500250.png\",\"width\":500,\"height\":250,\"caption\":\"R\u00e9plique Manga Cin\u00e9\"},\"image\":{\"@id\":\"https:\\\/\\\/repliquemangacine.fr\\\/#\\\/schema\\\/logo\\\/image\\\/\"},\"sameAs\":[\"https:\\\/\\\/www.facebook.com\\\/RepliqueMangaCine\",\"https:\\\/\\\/www.instagram.com\\\/repliquemangacine.fr\\\/\"]}]}<\/script>\n<!-- \/ Yoast SEO plugin. -->","yoast_head_json":{"title":"Foam Thrall Hammer - WOW - Online Shop | RMC","description":"Here's a replica that's sure to delight your kids: Thrall's Hammer, made entirely of foam. The perfect accessory for your costumes. Delivery 24\/48h","robots":{"index":"index","follow":"follow","max-snippet":"max-snippet:-1","max-image-preview":"max-image-preview:large","max-video-preview":"max-video-preview:-1"},"canonical":"https:\/\/repliquemangacine.fr\/en\/world-of-warcraft-swords\/foam-replica-thrall-hammer-doomhammer-world-of-warcraft\/","og_locale":"en_US","og_type":"article","og_title":"Marteau de Thrall mousse - WOW - Boutique en ligne | RMC","og_description":"Voil\u00e0 une r\u00e9plique qui ravira vos enfants avec ce Marteau de Thrall qui est tout en mousse. Accessoire parfait pour vos d\u00e9guisements. Envoi 24\/48h","og_url":"https:\/\/repliquemangacine.fr\/en\/world-of-warcraft-swords\/foam-replica-thrall-hammer-doomhammer-world-of-warcraft\/","og_site_name":"R\u00e9plique Manga Cin\u00e9","article_publisher":"https:\/\/www.facebook.com\/RepliqueMangaCine","article_modified_time":"2025-11-19T10:26:52+00:00","og_image":[{"width":800,"height":800,"url":"https:\/\/repliquemangacine.fr\/wp-content\/uploads\/2023\/10\/2718-Replique-en-mousse-du-marteau-de-Thrall-Doomhammer-Wow.jpg","type":"image\/jpeg"}],"twitter_card":"summary_large_image","twitter_misc":{"Est. reading time":"2 minutes"},"schema":{"@context":"https:\/\/schema.org","@graph":[{"@type":"WebPage","@id":"https:\/\/repliquemangacine.fr\/epees-world-of-warcraft\/replique-en-mousse-du-marteau-de-thrall-doomhammer-world-of-warcraft\/","url":"https:\/\/repliquemangacine.fr\/epees-world-of-warcraft\/replique-en-mousse-du-marteau-de-thrall-doomhammer-world-of-warcraft\/","name":"Foam Thrall Hammer - WOW - Online Shop | RMC","isPartOf":{"@id":"https:\/\/repliquemangacine.fr\/#website"},"primaryImageOfPage":{"@id":"https:\/\/repliquemangacine.fr\/epees-world-of-warcraft\/replique-en-mousse-du-marteau-de-thrall-doomhammer-world-of-warcraft\/#primaryimage"},"image":{"@id":"https:\/\/repliquemangacine.fr\/epees-world-of-warcraft\/replique-en-mousse-du-marteau-de-thrall-doomhammer-world-of-warcraft\/#primaryimage"},"thumbnailUrl":"https:\/\/repliquemangacine.fr\/wp-content\/uploads\/2023\/10\/2718-Replique-en-mousse-du-marteau-de-Thrall-Doomhammer-Wow.jpg","datePublished":"2019-01-26T13:54:59+00:00","dateModified":"2025-11-19T10:26:52+00:00","description":"Here's a replica that's sure to delight your kids: Thrall's Hammer, made entirely of foam. The perfect accessory for your costumes. Delivery 24\/48h","breadcrumb":{"@id":"https:\/\/repliquemangacine.fr\/epees-world-of-warcraft\/replique-en-mousse-du-marteau-de-thrall-doomhammer-world-of-warcraft\/#breadcrumb"},"inLanguage":"en-US","potentialAction":[{"@type":"ReadAction","target":["https:\/\/repliquemangacine.fr\/epees-world-of-warcraft\/replique-en-mousse-du-marteau-de-thrall-doomhammer-world-of-warcraft\/"]}]},{"@type":"ImageObject","inLanguage":"en-US","@id":"https:\/\/repliquemangacine.fr\/epees-world-of-warcraft\/replique-en-mousse-du-marteau-de-thrall-doomhammer-world-of-warcraft\/#primaryimage","url":"https:\/\/repliquemangacine.fr\/wp-content\/uploads\/2023\/10\/2718-Replique-en-mousse-du-marteau-de-Thrall-Doomhammer-Wow.jpg","contentUrl":"https:\/\/repliquemangacine.fr\/wp-content\/uploads\/2023\/10\/2718-Replique-en-mousse-du-marteau-de-Thrall-Doomhammer-Wow.jpg","width":800,"height":800,"caption":"R\u00e9plique en mousse du marteau de Thrall Doomhammer Wow"},{"@type":"BreadcrumbList","@id":"https:\/\/repliquemangacine.fr\/epees-world-of-warcraft\/replique-en-mousse-du-marteau-de-thrall-doomhammer-world-of-warcraft\/#breadcrumb","itemListElement":[{"@type":"ListItem","position":1,"name":"Accueil","item":"https:\/\/repliquemangacine.fr\/"},{"@type":"ListItem","position":2,"name":"Produits","item":"https:\/\/repliquemangacine.fr\/boutique\/"},{"@type":"ListItem","position":3,"name":"Doomhammer Mousse World of Warcraft"}]},{"@type":"WebSite","@id":"https:\/\/repliquemangacine.fr\/#website","url":"https:\/\/repliquemangacine.fr\/","name":"R\u00e9plique Manga Cin\u00e9","description":"","publisher":{"@id":"https:\/\/repliquemangacine.fr\/#organization"},"potentialAction":[{"@type":"SearchAction","target":{"@type":"EntryPoint","urlTemplate":"https:\/\/repliquemangacine.fr\/?s={search_term_string}"},"query-input":{"@type":"PropertyValueSpecification","valueRequired":true,"valueName":"search_term_string"}}],"inLanguage":"en-US"},{"@type":"Organization","@id":"https:\/\/repliquemangacine.fr\/#organization","name":"R\u00e9plique Manga Cin\u00e9","url":"https:\/\/repliquemangacine.fr\/","logo":{"@type":"ImageObject","inLanguage":"en-US","@id":"https:\/\/repliquemangacine.fr\/#\/schema\/logo\/image\/","url":"https:\/\/repliquemangacine.fr\/wp-content\/uploads\/2023\/10\/RMC-500250.png","contentUrl":"https:\/\/repliquemangacine.fr\/wp-content\/uploads\/2023\/10\/RMC-500250.png","width":500,"height":250,"caption":"R\u00e9plique Manga Cin\u00e9"},"image":{"@id":"https:\/\/repliquemangacine.fr\/#\/schema\/logo\/image\/"},"sameAs":["https:\/\/www.facebook.com\/RepliqueMangaCine","https:\/\/www.instagram.com\/repliquemangacine.fr\/"]}]}},"_links":{"self":[{"href":"https:\/\/repliquemangacine.fr\/en\/wp-json\/wp\/v2\/product\/27989","targetHints":{"allow":["GET"]}}],"collection":[{"href":"https:\/\/repliquemangacine.fr\/en\/wp-json\/wp\/v2\/product"}],"about":[{"href":"https:\/\/repliquemangacine.fr\/en\/wp-json\/wp\/v2\/types\/product"}],"wp:featuredmedia":[{"embeddable":true,"href":"https:\/\/repliquemangacine.fr\/en\/wp-json\/wp\/v2\/media\/27990"}],"wp:attachment":[{"href":"https:\/\/repliquemangacine.fr\/en\/wp-json\/wp\/v2\/media?parent=27989"}],"wp:term":[{"taxonomy":"product_brand","embeddable":true,"href":"https:\/\/repliquemangacine.fr\/en\/wp-json\/wp\/v2\/product_brand?post=27989"},{"taxonomy":"product_cat","embeddable":true,"href":"https:\/\/repliquemangacine.fr\/en\/wp-json\/wp\/v2\/product_cat?post=27989"},{"taxonomy":"product_tag","embeddable":true,"href":"https:\/\/repliquemangacine.fr\/en\/wp-json\/wp\/v2\/product_tag?post=27989"}],"curies":[{"name":"wp","href":"https:\/\/api.w.org\/{rel}","templated":true}]}}