





{"id":27958,"date":"2018-12-11T19:09:25","date_gmt":"2018-12-11T18:09:25","guid":{"rendered":"https:\/\/repliquemangacine.fr\/?post_type=product&#038;p=27958"},"modified":"2026-04-15T16:19:25","modified_gmt":"2026-04-15T14:19:25","slug":"silver-scorpion-dagger-fantasy-dagger","status":"publish","type":"product","link":"https:\/\/repliquemangacine.fr\/en\/epees-et-dagues-fantasy\/dague-scorpion-argent-dague-fantasy\/","title":{"rendered":"Silver Scorpion Dagger"},"content":{"rendered":"<h2>Fantasy Silver Scorpion Dagger<\/h2>\n<p>To start with, the Fantasy Silver Scorpion Dagger, sublime for your interior decoration.<\/p>\n<p>Fantasy, an artistic genre that depicts imaginary supernatural phenomena, often associated with myth or the use of magic.<\/p>\n<p>In cinema, the first fantasy films can be traced back to Disney cartoons adapted from fairy tales, or to The Wizard of Oz. But the first fantasy films hit the screens in the 1970s-1980s, with Conan the Barbarian.<\/p>\n<p>The Lord of the Rings, the adaptation of Tolkien's classic, has given fantasy films a new lease of life, with its meticulous visuals and epic scope.<\/p>\n<p>Visit <a href=\"https:\/\/fr.wikipedia.org\/wiki\/Fantasy\" target=\"_blank\" rel=\"noopener noreferrer\">fantasy<\/a> has a strong presence in the development of board games and video games.<\/p>\n<h2>Your Fantasy Silver Scorpion Dagger at the best price.<\/h2>\n<p>We offer a wide selection of replicas from the artistic fantasy genre.<\/p>\n<p>First and foremost,<\/p>\n<ul>\n<li>Visit <a href=\"https:\/\/repliquemangacine.fr\/en\/fantasy-swords-and-daggers\/dragon-sword-dagger\/\">Dragon sword dagger<\/a> with wall-mounted display stand.<\/li>\n<li>As well as <a href=\"https:\/\/repliquemangacine.fr\/en\/fantasy-swords-and-daggers\/dark-fantasy-axe\/\">Dark Fantasy axe<\/a> with its skull-decorated blade.<\/li>\n<li>There is also the <a href=\"https:\/\/repliquemangacine.fr\/en\/fantasy-swords-and-daggers\/dague-epee-double-cobra\/\">double cobra sword dagger<\/a>screwed the two daggers together and found a fantastic weapon.<\/li>\n<li>And many more to discover in our online store!<\/li>\n<\/ul>\n<p>So here's a great gift idea for all Dark Fantasy enthusiasts.<\/p>\n<p>In conclusion, you can also use this <strong>Fantasy Silver Scorpion Dagger<\/strong> for your interior design. But above all, it's a collector's item and a decoration.<\/p>\n<p>R\u00e9plique Manga Cin\u00e9 is a French family business.<\/p>\n<h2>How to maintain your dagger blade<\/h2>\n<p>Collector's and decorative daggers are made and assembled in a simplified way. As their use is decorative, they lack the safety features required of a Japanese saber intended for training.<\/p>\n<p>However, your <strong>Fantasy Silver Scorpion Dagger<\/strong> to a steel blade that needs to be cared for to prevent damage over time. In fact, when you expose your dagger, your friends will be curious to see the blade and touch it. This is where you need to be careful, as the acidity of your fingers is very harmful to steel, whatever its quality.<\/p>\n<p>However, if this does happen, don't panic - all you need is a cloth dampened with a little oil and a wipe of fingerprints. By doing so, you'll be able to keep your dagger for a very long time.<\/p>","protected":false},"excerpt":{"rendered":"<p>Decorative scorpion dagger.<\/p>\n<ul>\n<li>Black 440 steel blade with screen-printed scorpion.<\/li>\n<li>Scorpion body handle with two golden claws.<\/li>\n<li>Gold-plated scorpion's tail.<\/li>\n<li>Wooden stand.<\/li>\n<li>Blade length: 25 cm - Overall length: 45 cm - Weight: 480 g<\/li>\n<\/ul>","protected":false},"featured_media":27960,"template":"","meta":[],"product_brand":[896],"product_cat":[44,26],"product_tag":[],"class_list":{"0":"post-27958","1":"product","2":"type-product","3":"status-publish","4":"has-post-thumbnail","6":"product_brand-replique-manga-cine","7":"product_cat-epees-et-dagues-fantasy","8":"product_cat-katana-epee","10":"first","11":"outofstock","12":"taxable","13":"shipping-taxable","14":"purchasable","15":"product-type-simple"},"yoast_head":"<!-- This site is optimized with the Yoast SEO plugin v27.5 - https:\/\/yoast.com\/product\/yoast-seo-wordpress\/ -->\n<title>Dague Scorpion Argent - Boutique en ligne | R\u00e9plique Manga Cin\u00e9<\/title>\n<meta name=\"description\" content=\"Offrez-vous cette Dague Scorpion Argent au meilleur prix - Lame noire en acier 440 s\u00e9rigraphi\u00e9e d&#039;un scorpion - Support bois - Longueur totale : 45 cm\" \/>\n<meta name=\"robots\" content=\"index, follow, max-snippet:-1, max-image-preview:large, max-video-preview:-1\" \/>\n<link rel=\"canonical\" href=\"https:\/\/repliquemangacine.fr\/en\/fantasy-swords-and-daggers\/silver-scorpion-dagger-fantasy-dagger\/\" \/>\n<meta property=\"og:locale\" content=\"en_US\" \/>\n<meta property=\"og:type\" content=\"article\" \/>\n<meta property=\"og:title\" content=\"Dague Scorpion Argent - Boutique en ligne | R\u00e9plique Manga Cin\u00e9\" \/>\n<meta property=\"og:description\" content=\"Offrez-vous cette Dague Scorpion Argent au meilleur prix - Lame noire en acier 440 s\u00e9rigraphi\u00e9e d&#039;un scorpion - Support bois - Longueur totale : 45 cm\" \/>\n<meta property=\"og:url\" content=\"https:\/\/repliquemangacine.fr\/en\/fantasy-swords-and-daggers\/silver-scorpion-dagger-fantasy-dagger\/\" \/>\n<meta property=\"og:site_name\" content=\"R\u00e9plique Manga Cin\u00e9\" \/>\n<meta property=\"article:publisher\" content=\"https:\/\/www.facebook.com\/RepliqueMangaCine\" \/>\n<meta property=\"article:modified_time\" content=\"2026-04-15T14:19:25+00:00\" \/>\n<meta property=\"og:image\" content=\"https:\/\/repliquemangacine.fr\/wp-content\/uploads\/2023\/10\/2690-Dague-Scorpion-Argent-et-or.jpg\" \/>\n\t<meta property=\"og:image:width\" content=\"720\" \/>\n\t<meta property=\"og:image:height\" content=\"415\" \/>\n\t<meta property=\"og:image:type\" content=\"image\/jpeg\" \/>\n<meta name=\"twitter:card\" content=\"summary_large_image\" \/>\n<meta name=\"twitter:label1\" content=\"Est. reading time\" \/>\n\t<meta name=\"twitter:data1\" content=\"3 minutes\" \/>\n<script type=\"application\/ld+json\" class=\"yoast-schema-graph\">{\"@context\":\"https:\\\/\\\/schema.org\",\"@graph\":[{\"@type\":\"WebPage\",\"@id\":\"https:\\\/\\\/repliquemangacine.fr\\\/epees-et-dagues-fantasy\\\/dague-scorpion-argent-dague-fantasy\\\/\",\"url\":\"https:\\\/\\\/repliquemangacine.fr\\\/epees-et-dagues-fantasy\\\/dague-scorpion-argent-dague-fantasy\\\/\",\"name\":\"Dague Scorpion Argent - Boutique en ligne | R\u00e9plique Manga Cin\u00e9\",\"isPartOf\":{\"@id\":\"https:\\\/\\\/repliquemangacine.fr\\\/#website\"},\"primaryImageOfPage\":{\"@id\":\"https:\\\/\\\/repliquemangacine.fr\\\/epees-et-dagues-fantasy\\\/dague-scorpion-argent-dague-fantasy\\\/#primaryimage\"},\"image\":{\"@id\":\"https:\\\/\\\/repliquemangacine.fr\\\/epees-et-dagues-fantasy\\\/dague-scorpion-argent-dague-fantasy\\\/#primaryimage\"},\"thumbnailUrl\":\"https:\\\/\\\/repliquemangacine.fr\\\/wp-content\\\/uploads\\\/2023\\\/10\\\/2690-Dague-Scorpion-Argent-et-or.jpg\",\"datePublished\":\"2018-12-11T18:09:25+00:00\",\"dateModified\":\"2026-04-15T14:19:25+00:00\",\"description\":\"Offrez-vous cette Dague Scorpion Argent au meilleur prix - Lame noire en acier 440 s\u00e9rigraphi\u00e9e d'un scorpion - Support bois - Longueur totale : 45 cm\",\"breadcrumb\":{\"@id\":\"https:\\\/\\\/repliquemangacine.fr\\\/epees-et-dagues-fantasy\\\/dague-scorpion-argent-dague-fantasy\\\/#breadcrumb\"},\"inLanguage\":\"en-US\",\"potentialAction\":[{\"@type\":\"ReadAction\",\"target\":[\"https:\\\/\\\/repliquemangacine.fr\\\/epees-et-dagues-fantasy\\\/dague-scorpion-argent-dague-fantasy\\\/\"]}]},{\"@type\":\"ImageObject\",\"inLanguage\":\"en-US\",\"@id\":\"https:\\\/\\\/repliquemangacine.fr\\\/epees-et-dagues-fantasy\\\/dague-scorpion-argent-dague-fantasy\\\/#primaryimage\",\"url\":\"https:\\\/\\\/repliquemangacine.fr\\\/wp-content\\\/uploads\\\/2023\\\/10\\\/2690-Dague-Scorpion-Argent-et-or.jpg\",\"contentUrl\":\"https:\\\/\\\/repliquemangacine.fr\\\/wp-content\\\/uploads\\\/2023\\\/10\\\/2690-Dague-Scorpion-Argent-et-or.jpg\",\"width\":720,\"height\":415,\"caption\":\"Dague Scorpion Argent et or\"},{\"@type\":\"BreadcrumbList\",\"@id\":\"https:\\\/\\\/repliquemangacine.fr\\\/epees-et-dagues-fantasy\\\/dague-scorpion-argent-dague-fantasy\\\/#breadcrumb\",\"itemListElement\":[{\"@type\":\"ListItem\",\"position\":1,\"name\":\"Accueil\",\"item\":\"https:\\\/\\\/repliquemangacine.fr\\\/\"},{\"@type\":\"ListItem\",\"position\":2,\"name\":\"Produits\",\"item\":\"https:\\\/\\\/repliquemangacine.fr\\\/boutique\\\/\"},{\"@type\":\"ListItem\",\"position\":3,\"name\":\"Dague Scorpion Argent\"}]},{\"@type\":\"WebSite\",\"@id\":\"https:\\\/\\\/repliquemangacine.fr\\\/#website\",\"url\":\"https:\\\/\\\/repliquemangacine.fr\\\/\",\"name\":\"R\u00e9plique Manga Cin\u00e9\",\"description\":\"\",\"publisher\":{\"@id\":\"https:\\\/\\\/repliquemangacine.fr\\\/#organization\"},\"potentialAction\":[{\"@type\":\"SearchAction\",\"target\":{\"@type\":\"EntryPoint\",\"urlTemplate\":\"https:\\\/\\\/repliquemangacine.fr\\\/?s={search_term_string}\"},\"query-input\":{\"@type\":\"PropertyValueSpecification\",\"valueRequired\":true,\"valueName\":\"search_term_string\"}}],\"inLanguage\":\"en-US\"},{\"@type\":\"Organization\",\"@id\":\"https:\\\/\\\/repliquemangacine.fr\\\/#organization\",\"name\":\"R\u00e9plique Manga Cin\u00e9\",\"url\":\"https:\\\/\\\/repliquemangacine.fr\\\/\",\"logo\":{\"@type\":\"ImageObject\",\"inLanguage\":\"en-US\",\"@id\":\"https:\\\/\\\/repliquemangacine.fr\\\/#\\\/schema\\\/logo\\\/image\\\/\",\"url\":\"https:\\\/\\\/repliquemangacine.fr\\\/wp-content\\\/uploads\\\/2023\\\/10\\\/RMC-500250.png\",\"contentUrl\":\"https:\\\/\\\/repliquemangacine.fr\\\/wp-content\\\/uploads\\\/2023\\\/10\\\/RMC-500250.png\",\"width\":500,\"height\":250,\"caption\":\"R\u00e9plique Manga Cin\u00e9\"},\"image\":{\"@id\":\"https:\\\/\\\/repliquemangacine.fr\\\/#\\\/schema\\\/logo\\\/image\\\/\"},\"sameAs\":[\"https:\\\/\\\/www.facebook.com\\\/RepliqueMangaCine\",\"https:\\\/\\\/www.instagram.com\\\/repliquemangacine.fr\\\/\"]}]}<\/script>\n<!-- \/ Yoast SEO plugin. -->","yoast_head_json":{"title":"Dague Scorpion Argent - Boutique en ligne | R\u00e9plique Manga Cin\u00e9","description":"Treat yourself to this Silver Scorpion Dagger at the best price - Black 440 steel blade silk-screened with a scorpion - Wooden stand - Total length: 45 cm","robots":{"index":"index","follow":"follow","max-snippet":"max-snippet:-1","max-image-preview":"max-image-preview:large","max-video-preview":"max-video-preview:-1"},"canonical":"https:\/\/repliquemangacine.fr\/en\/fantasy-swords-and-daggers\/silver-scorpion-dagger-fantasy-dagger\/","og_locale":"en_US","og_type":"article","og_title":"Dague Scorpion Argent - Boutique en ligne | R\u00e9plique Manga Cin\u00e9","og_description":"Offrez-vous cette Dague Scorpion Argent au meilleur prix - Lame noire en acier 440 s\u00e9rigraphi\u00e9e d'un scorpion - Support bois - Longueur totale : 45 cm","og_url":"https:\/\/repliquemangacine.fr\/en\/fantasy-swords-and-daggers\/silver-scorpion-dagger-fantasy-dagger\/","og_site_name":"R\u00e9plique Manga Cin\u00e9","article_publisher":"https:\/\/www.facebook.com\/RepliqueMangaCine","article_modified_time":"2026-04-15T14:19:25+00:00","og_image":[{"width":720,"height":415,"url":"https:\/\/repliquemangacine.fr\/wp-content\/uploads\/2023\/10\/2690-Dague-Scorpion-Argent-et-or.jpg","type":"image\/jpeg"}],"twitter_card":"summary_large_image","twitter_misc":{"Est. reading time":"3 minutes"},"schema":{"@context":"https:\/\/schema.org","@graph":[{"@type":"WebPage","@id":"https:\/\/repliquemangacine.fr\/epees-et-dagues-fantasy\/dague-scorpion-argent-dague-fantasy\/","url":"https:\/\/repliquemangacine.fr\/epees-et-dagues-fantasy\/dague-scorpion-argent-dague-fantasy\/","name":"Dague Scorpion Argent - Boutique en ligne | R\u00e9plique Manga Cin\u00e9","isPartOf":{"@id":"https:\/\/repliquemangacine.fr\/#website"},"primaryImageOfPage":{"@id":"https:\/\/repliquemangacine.fr\/epees-et-dagues-fantasy\/dague-scorpion-argent-dague-fantasy\/#primaryimage"},"image":{"@id":"https:\/\/repliquemangacine.fr\/epees-et-dagues-fantasy\/dague-scorpion-argent-dague-fantasy\/#primaryimage"},"thumbnailUrl":"https:\/\/repliquemangacine.fr\/wp-content\/uploads\/2023\/10\/2690-Dague-Scorpion-Argent-et-or.jpg","datePublished":"2018-12-11T18:09:25+00:00","dateModified":"2026-04-15T14:19:25+00:00","description":"Treat yourself to this Silver Scorpion Dagger at the best price - Black 440 steel blade silk-screened with a scorpion - Wooden stand - Total length: 45 cm","breadcrumb":{"@id":"https:\/\/repliquemangacine.fr\/epees-et-dagues-fantasy\/dague-scorpion-argent-dague-fantasy\/#breadcrumb"},"inLanguage":"en-US","potentialAction":[{"@type":"ReadAction","target":["https:\/\/repliquemangacine.fr\/epees-et-dagues-fantasy\/dague-scorpion-argent-dague-fantasy\/"]}]},{"@type":"ImageObject","inLanguage":"en-US","@id":"https:\/\/repliquemangacine.fr\/epees-et-dagues-fantasy\/dague-scorpion-argent-dague-fantasy\/#primaryimage","url":"https:\/\/repliquemangacine.fr\/wp-content\/uploads\/2023\/10\/2690-Dague-Scorpion-Argent-et-or.jpg","contentUrl":"https:\/\/repliquemangacine.fr\/wp-content\/uploads\/2023\/10\/2690-Dague-Scorpion-Argent-et-or.jpg","width":720,"height":415,"caption":"Dague Scorpion Argent et or"},{"@type":"BreadcrumbList","@id":"https:\/\/repliquemangacine.fr\/epees-et-dagues-fantasy\/dague-scorpion-argent-dague-fantasy\/#breadcrumb","itemListElement":[{"@type":"ListItem","position":1,"name":"Accueil","item":"https:\/\/repliquemangacine.fr\/"},{"@type":"ListItem","position":2,"name":"Produits","item":"https:\/\/repliquemangacine.fr\/boutique\/"},{"@type":"ListItem","position":3,"name":"Dague Scorpion Argent"}]},{"@type":"WebSite","@id":"https:\/\/repliquemangacine.fr\/#website","url":"https:\/\/repliquemangacine.fr\/","name":"R\u00e9plique Manga Cin\u00e9","description":"","publisher":{"@id":"https:\/\/repliquemangacine.fr\/#organization"},"potentialAction":[{"@type":"SearchAction","target":{"@type":"EntryPoint","urlTemplate":"https:\/\/repliquemangacine.fr\/?s={search_term_string}"},"query-input":{"@type":"PropertyValueSpecification","valueRequired":true,"valueName":"search_term_string"}}],"inLanguage":"en-US"},{"@type":"Organization","@id":"https:\/\/repliquemangacine.fr\/#organization","name":"R\u00e9plique Manga Cin\u00e9","url":"https:\/\/repliquemangacine.fr\/","logo":{"@type":"ImageObject","inLanguage":"en-US","@id":"https:\/\/repliquemangacine.fr\/#\/schema\/logo\/image\/","url":"https:\/\/repliquemangacine.fr\/wp-content\/uploads\/2023\/10\/RMC-500250.png","contentUrl":"https:\/\/repliquemangacine.fr\/wp-content\/uploads\/2023\/10\/RMC-500250.png","width":500,"height":250,"caption":"R\u00e9plique Manga Cin\u00e9"},"image":{"@id":"https:\/\/repliquemangacine.fr\/#\/schema\/logo\/image\/"},"sameAs":["https:\/\/www.facebook.com\/RepliqueMangaCine","https:\/\/www.instagram.com\/repliquemangacine.fr\/"]}]}},"_links":{"self":[{"href":"https:\/\/repliquemangacine.fr\/en\/wp-json\/wp\/v2\/product\/27958","targetHints":{"allow":["GET"]}}],"collection":[{"href":"https:\/\/repliquemangacine.fr\/en\/wp-json\/wp\/v2\/product"}],"about":[{"href":"https:\/\/repliquemangacine.fr\/en\/wp-json\/wp\/v2\/types\/product"}],"wp:featuredmedia":[{"embeddable":true,"href":"https:\/\/repliquemangacine.fr\/en\/wp-json\/wp\/v2\/media\/27960"}],"wp:attachment":[{"href":"https:\/\/repliquemangacine.fr\/en\/wp-json\/wp\/v2\/media?parent=27958"}],"wp:term":[{"taxonomy":"product_brand","embeddable":true,"href":"https:\/\/repliquemangacine.fr\/en\/wp-json\/wp\/v2\/product_brand?post=27958"},{"taxonomy":"product_cat","embeddable":true,"href":"https:\/\/repliquemangacine.fr\/en\/wp-json\/wp\/v2\/product_cat?post=27958"},{"taxonomy":"product_tag","embeddable":true,"href":"https:\/\/repliquemangacine.fr\/en\/wp-json\/wp\/v2\/product_tag?post=27958"}],"curies":[{"name":"wp","href":"https:\/\/api.w.org\/{rel}","templated":true}]}}