





{"id":27894,"date":"2018-08-02T17:34:35","date_gmt":"2018-08-02T15:34:35","guid":{"rendered":"https:\/\/repliquemangacine.fr\/?post_type=product&#038;p=27894"},"modified":"2026-04-22T19:47:34","modified_gmt":"2026-04-22T17:47:34","slug":"bullet-shaped-wall-mount-for-pistol-rifle-and-sword","status":"publish","type":"product","link":"https:\/\/repliquemangacine.fr\/en\/holster-accessoires-western\/support-mural-en-forme-de-balles-pour-pistolet-fusil-et-epee\/","title":{"rendered":"Ball wall bracket"},"content":{"rendered":"<h2>Ball wall bracket - Denix<\/h2>\n<p>To begin with, the <strong>Ball wall bracket<\/strong>, the essential accessory for displaying your Denix replicas on the wall.<\/p>\n<p>This mount adjusts the depth between 3 and 5 cm, allowing you to stack multiple layers of rifles or pistols. Shaped like a .30-06 Springfield bullet, it's sure to impress!<\/p>\n<p>High-quality, made with meticulous attention to detail. In fact, Denix manufacturing is partly manual, to reproduce the smallest detail. More important parts are machined by precise machines. Engravings generally made with a diamond tip or laser.<\/p>\n<p>Denix, world leader in the reproduction of historical weapons. It should be noted that Denix focuses on creating high-quality replicas that are as historically accurate as possible.<\/p>\n<h2>Your historical weapons reproductions at the best price.<\/h2>\n<p>We offer a wide selection of Denix replica weapons. This wall mount will go perfectly with all the replica weapons available in our online store.<\/p>\n<p>First and foremost,<\/p>\n<ul>\n<li>Visit <a href=\"https:\/\/repliquemangacine.fr\/en\/replica-western-winchesters\/wyatt-earp-usa-1881-double-barrel-shotgun\/\">Wyatt Earp rifle<\/a> with its juxtaposed double barrel and massive wooden stock.<\/li>\n<li>As well as the <a href=\"https:\/\/repliquemangacine.fr\/en\/winchester-rifle\/henry-rifle-usa-civil-war-1860\/\">Henry 1860 rifle<\/a>as famous as American and Italian westerns.<\/li>\n<li>There are also <a href=\"https:\/\/repliquemangacine.fr\/en\/colt-pistol\/\">Peacemaker colts<\/a> 45 caliber, in several barrel lengths<\/li>\n<li>And many more to discover in our online store!<\/li>\n<\/ul>\n<p>That's why here are some great gift ideas for all historical weapon enthusiasts.<\/p>\n<p>In conclusion, you can use this <strong>Ball wall bracket<\/strong> for your historical and interior display.<\/p>\n<p>R\u00e9plique Manga Cin\u00e9 is a French family business and official distributor of the brand <a href=\"https:\/\/www.denix.fr\/\" target=\"_blank\" rel=\"noopener noreferrer\">Denix<\/a>.<\/p>","protected":false},"excerpt":{"rendered":"<p>Set of two bullet-shaped pieces for displaying your colts, rifles and Winchesters.<\/p>\n<ul>\n<li>Made entirely of metal.<\/li>\n<li>Adjustable depth from 2.5 cm to 4.5 cm.<\/li>\n<li>Fastened with two screws (supplied).<\/li>\n<li>Dimensions: Ball height: 4 cm - Width: 1.5 cm.<\/li>\n<\/ul>","protected":false},"featured_media":27895,"template":"","meta":[],"product_brand":[896],"product_cat":[51,25,34,102,54,90,85,28,27],"product_tag":[],"class_list":{"0":"post-27894","1":"product","2":"type-product","3":"status-publish","4":"has-post-thumbnail","6":"product_brand-replique-manga-cine","7":"product_cat-accessoires-western","8":"product_cat-armes-historiques","9":"product_cat-armes-westerns","10":"product_cat-denix","11":"product_cat-armes-accessoires-guerre-mondiale","12":"product_cat-holster-accessoires-western","13":"product_cat-dagues-et-accessoires-seconde-guerre-mondiale-materiels-militaria","14":"product_cat-repliques-darmes","15":"product_cat-armes-et-accessoires-western","17":"first","18":"instock","19":"taxable","20":"shipping-taxable","21":"purchasable","22":"product-type-simple"},"yoast_head":"<!-- This site is optimized with the Yoast SEO plugin v27.4 - https:\/\/yoast.com\/product\/yoast-seo-wordpress\/ -->\n<title>Support mural balle - Boutique en ligne | R\u00e9plique Manga Cin\u00e9<\/title>\n<meta name=\"description\" content=\"Offrez-vous ce support mural balle au meilleur prix - Tout en m\u00e9tal - R\u00e9glable en profondeur de 2.5 cm \u00e0 4.5 cm - Hauteur : 4 cm - Envoi 24\/48h\" \/>\n<meta name=\"robots\" content=\"index, follow, max-snippet:-1, max-image-preview:large, max-video-preview:-1\" \/>\n<link rel=\"canonical\" href=\"https:\/\/repliquemangacine.fr\/en\/denix\/bullet-shaped-wall-mount-for-pistol-rifle-and-sword\/\" \/>\n<meta property=\"og:locale\" content=\"en_US\" \/>\n<meta property=\"og:type\" content=\"article\" \/>\n<meta property=\"og:title\" content=\"Support mural balle - Boutique en ligne | R\u00e9plique Manga Cin\u00e9\" \/>\n<meta property=\"og:description\" content=\"Offrez-vous ce support mural balle au meilleur prix - Tout en m\u00e9tal - R\u00e9glable en profondeur de 2.5 cm \u00e0 4.5 cm - Hauteur : 4 cm - Envoi 24\/48h\" \/>\n<meta property=\"og:url\" content=\"https:\/\/repliquemangacine.fr\/en\/denix\/bullet-shaped-wall-mount-for-pistol-rifle-and-sword\/\" \/>\n<meta property=\"og:site_name\" content=\"R\u00e9plique Manga Cin\u00e9\" \/>\n<meta property=\"article:publisher\" content=\"https:\/\/www.facebook.com\/RepliqueMangaCine\" \/>\n<meta property=\"article:modified_time\" content=\"2026-04-22T17:47:34+00:00\" \/>\n<meta property=\"og:image\" content=\"https:\/\/repliquemangacine.fr\/wp-content\/uploads\/2023\/10\/2945-Support-mural-en-forme-de-balles-pour-Pistolet-fusil-et-epee.jpg\" \/>\n\t<meta property=\"og:image:width\" content=\"800\" \/>\n\t<meta property=\"og:image:height\" content=\"800\" \/>\n\t<meta property=\"og:image:type\" content=\"image\/jpeg\" \/>\n<meta name=\"twitter:card\" content=\"summary_large_image\" \/>\n<meta name=\"twitter:label1\" content=\"Est. reading time\" \/>\n\t<meta name=\"twitter:data1\" content=\"1 minute\" \/>\n<script type=\"application\/ld+json\" class=\"yoast-schema-graph\">{\"@context\":\"https:\\\/\\\/schema.org\",\"@graph\":[{\"@type\":\"WebPage\",\"@id\":\"https:\\\/\\\/repliquemangacine.fr\\\/denix\\\/support-mural-en-forme-de-balles-pour-pistolet-fusil-et-epee\\\/\",\"url\":\"https:\\\/\\\/repliquemangacine.fr\\\/denix\\\/support-mural-en-forme-de-balles-pour-pistolet-fusil-et-epee\\\/\",\"name\":\"Support mural balle - Boutique en ligne | R\u00e9plique Manga Cin\u00e9\",\"isPartOf\":{\"@id\":\"https:\\\/\\\/repliquemangacine.fr\\\/#website\"},\"primaryImageOfPage\":{\"@id\":\"https:\\\/\\\/repliquemangacine.fr\\\/denix\\\/support-mural-en-forme-de-balles-pour-pistolet-fusil-et-epee\\\/#primaryimage\"},\"image\":{\"@id\":\"https:\\\/\\\/repliquemangacine.fr\\\/denix\\\/support-mural-en-forme-de-balles-pour-pistolet-fusil-et-epee\\\/#primaryimage\"},\"thumbnailUrl\":\"https:\\\/\\\/repliquemangacine.fr\\\/wp-content\\\/uploads\\\/2023\\\/10\\\/2945-Support-mural-en-forme-de-balles-pour-Pistolet-fusil-et-epee.jpg\",\"datePublished\":\"2018-08-02T15:34:35+00:00\",\"dateModified\":\"2026-04-22T17:47:34+00:00\",\"description\":\"Offrez-vous ce support mural balle au meilleur prix - Tout en m\u00e9tal - R\u00e9glable en profondeur de 2.5 cm \u00e0 4.5 cm - Hauteur : 4 cm - Envoi 24\\\/48h\",\"breadcrumb\":{\"@id\":\"https:\\\/\\\/repliquemangacine.fr\\\/denix\\\/support-mural-en-forme-de-balles-pour-pistolet-fusil-et-epee\\\/#breadcrumb\"},\"inLanguage\":\"en-US\",\"potentialAction\":[{\"@type\":\"ReadAction\",\"target\":[\"https:\\\/\\\/repliquemangacine.fr\\\/denix\\\/support-mural-en-forme-de-balles-pour-pistolet-fusil-et-epee\\\/\"]}]},{\"@type\":\"ImageObject\",\"inLanguage\":\"en-US\",\"@id\":\"https:\\\/\\\/repliquemangacine.fr\\\/denix\\\/support-mural-en-forme-de-balles-pour-pistolet-fusil-et-epee\\\/#primaryimage\",\"url\":\"https:\\\/\\\/repliquemangacine.fr\\\/wp-content\\\/uploads\\\/2023\\\/10\\\/2945-Support-mural-en-forme-de-balles-pour-Pistolet-fusil-et-epee.jpg\",\"contentUrl\":\"https:\\\/\\\/repliquemangacine.fr\\\/wp-content\\\/uploads\\\/2023\\\/10\\\/2945-Support-mural-en-forme-de-balles-pour-Pistolet-fusil-et-epee.jpg\",\"width\":800,\"height\":800,\"caption\":\"Support mural en forme de balles pour Pistolet, fusil et \u00e9p\u00e9e\"},{\"@type\":\"BreadcrumbList\",\"@id\":\"https:\\\/\\\/repliquemangacine.fr\\\/denix\\\/support-mural-en-forme-de-balles-pour-pistolet-fusil-et-epee\\\/#breadcrumb\",\"itemListElement\":[{\"@type\":\"ListItem\",\"position\":1,\"name\":\"Accueil\",\"item\":\"https:\\\/\\\/repliquemangacine.fr\\\/\"},{\"@type\":\"ListItem\",\"position\":2,\"name\":\"Produits\",\"item\":\"https:\\\/\\\/repliquemangacine.fr\\\/boutique\\\/\"},{\"@type\":\"ListItem\",\"position\":3,\"name\":\"Support mural balle\"}]},{\"@type\":\"WebSite\",\"@id\":\"https:\\\/\\\/repliquemangacine.fr\\\/#website\",\"url\":\"https:\\\/\\\/repliquemangacine.fr\\\/\",\"name\":\"R\u00e9plique Manga Cin\u00e9\",\"description\":\"\",\"publisher\":{\"@id\":\"https:\\\/\\\/repliquemangacine.fr\\\/#organization\"},\"potentialAction\":[{\"@type\":\"SearchAction\",\"target\":{\"@type\":\"EntryPoint\",\"urlTemplate\":\"https:\\\/\\\/repliquemangacine.fr\\\/?s={search_term_string}\"},\"query-input\":{\"@type\":\"PropertyValueSpecification\",\"valueRequired\":true,\"valueName\":\"search_term_string\"}}],\"inLanguage\":\"en-US\"},{\"@type\":\"Organization\",\"@id\":\"https:\\\/\\\/repliquemangacine.fr\\\/#organization\",\"name\":\"R\u00e9plique Manga Cin\u00e9\",\"url\":\"https:\\\/\\\/repliquemangacine.fr\\\/\",\"logo\":{\"@type\":\"ImageObject\",\"inLanguage\":\"en-US\",\"@id\":\"https:\\\/\\\/repliquemangacine.fr\\\/#\\\/schema\\\/logo\\\/image\\\/\",\"url\":\"https:\\\/\\\/repliquemangacine.fr\\\/wp-content\\\/uploads\\\/2023\\\/10\\\/RMC-500250.png\",\"contentUrl\":\"https:\\\/\\\/repliquemangacine.fr\\\/wp-content\\\/uploads\\\/2023\\\/10\\\/RMC-500250.png\",\"width\":500,\"height\":250,\"caption\":\"R\u00e9plique Manga Cin\u00e9\"},\"image\":{\"@id\":\"https:\\\/\\\/repliquemangacine.fr\\\/#\\\/schema\\\/logo\\\/image\\\/\"},\"sameAs\":[\"https:\\\/\\\/www.facebook.com\\\/RepliqueMangaCine\",\"https:\\\/\\\/www.instagram.com\\\/repliquemangacine.fr\\\/\"]}]}<\/script>\n<!-- \/ Yoast SEO plugin. -->","yoast_head_json":{"title":"Ball wall bracket - Boutique en ligne | R\u00e9plique Manga Cin\u00e9","description":"Treat yourself to this ball wall bracket at the best price - All metal - Adjustable in depth from 2.5 cm to 4.5 cm - Height: 4 cm - Shipment 24\/48h","robots":{"index":"index","follow":"follow","max-snippet":"max-snippet:-1","max-image-preview":"max-image-preview:large","max-video-preview":"max-video-preview:-1"},"canonical":"https:\/\/repliquemangacine.fr\/en\/denix\/bullet-shaped-wall-mount-for-pistol-rifle-and-sword\/","og_locale":"en_US","og_type":"article","og_title":"Support mural balle - Boutique en ligne | R\u00e9plique Manga Cin\u00e9","og_description":"Offrez-vous ce support mural balle au meilleur prix - Tout en m\u00e9tal - R\u00e9glable en profondeur de 2.5 cm \u00e0 4.5 cm - Hauteur : 4 cm - Envoi 24\/48h","og_url":"https:\/\/repliquemangacine.fr\/en\/denix\/bullet-shaped-wall-mount-for-pistol-rifle-and-sword\/","og_site_name":"R\u00e9plique Manga Cin\u00e9","article_publisher":"https:\/\/www.facebook.com\/RepliqueMangaCine","article_modified_time":"2026-04-22T17:47:34+00:00","og_image":[{"width":800,"height":800,"url":"https:\/\/repliquemangacine.fr\/wp-content\/uploads\/2023\/10\/2945-Support-mural-en-forme-de-balles-pour-Pistolet-fusil-et-epee.jpg","type":"image\/jpeg"}],"twitter_card":"summary_large_image","twitter_misc":{"Est. reading time":"1 minute"},"schema":{"@context":"https:\/\/schema.org","@graph":[{"@type":"WebPage","@id":"https:\/\/repliquemangacine.fr\/denix\/support-mural-en-forme-de-balles-pour-pistolet-fusil-et-epee\/","url":"https:\/\/repliquemangacine.fr\/denix\/support-mural-en-forme-de-balles-pour-pistolet-fusil-et-epee\/","name":"Ball wall bracket - Boutique en ligne | R\u00e9plique Manga Cin\u00e9","isPartOf":{"@id":"https:\/\/repliquemangacine.fr\/#website"},"primaryImageOfPage":{"@id":"https:\/\/repliquemangacine.fr\/denix\/support-mural-en-forme-de-balles-pour-pistolet-fusil-et-epee\/#primaryimage"},"image":{"@id":"https:\/\/repliquemangacine.fr\/denix\/support-mural-en-forme-de-balles-pour-pistolet-fusil-et-epee\/#primaryimage"},"thumbnailUrl":"https:\/\/repliquemangacine.fr\/wp-content\/uploads\/2023\/10\/2945-Support-mural-en-forme-de-balles-pour-Pistolet-fusil-et-epee.jpg","datePublished":"2018-08-02T15:34:35+00:00","dateModified":"2026-04-22T17:47:34+00:00","description":"Treat yourself to this ball wall bracket at the best price - All metal - Adjustable in depth from 2.5 cm to 4.5 cm - Height: 4 cm - Shipment 24\/48h","breadcrumb":{"@id":"https:\/\/repliquemangacine.fr\/denix\/support-mural-en-forme-de-balles-pour-pistolet-fusil-et-epee\/#breadcrumb"},"inLanguage":"en-US","potentialAction":[{"@type":"ReadAction","target":["https:\/\/repliquemangacine.fr\/denix\/support-mural-en-forme-de-balles-pour-pistolet-fusil-et-epee\/"]}]},{"@type":"ImageObject","inLanguage":"en-US","@id":"https:\/\/repliquemangacine.fr\/denix\/support-mural-en-forme-de-balles-pour-pistolet-fusil-et-epee\/#primaryimage","url":"https:\/\/repliquemangacine.fr\/wp-content\/uploads\/2023\/10\/2945-Support-mural-en-forme-de-balles-pour-Pistolet-fusil-et-epee.jpg","contentUrl":"https:\/\/repliquemangacine.fr\/wp-content\/uploads\/2023\/10\/2945-Support-mural-en-forme-de-balles-pour-Pistolet-fusil-et-epee.jpg","width":800,"height":800,"caption":"Support mural en forme de balles pour Pistolet, fusil et \u00e9p\u00e9e"},{"@type":"BreadcrumbList","@id":"https:\/\/repliquemangacine.fr\/denix\/support-mural-en-forme-de-balles-pour-pistolet-fusil-et-epee\/#breadcrumb","itemListElement":[{"@type":"ListItem","position":1,"name":"Accueil","item":"https:\/\/repliquemangacine.fr\/"},{"@type":"ListItem","position":2,"name":"Produits","item":"https:\/\/repliquemangacine.fr\/boutique\/"},{"@type":"ListItem","position":3,"name":"Support mural balle"}]},{"@type":"WebSite","@id":"https:\/\/repliquemangacine.fr\/#website","url":"https:\/\/repliquemangacine.fr\/","name":"R\u00e9plique Manga Cin\u00e9","description":"","publisher":{"@id":"https:\/\/repliquemangacine.fr\/#organization"},"potentialAction":[{"@type":"SearchAction","target":{"@type":"EntryPoint","urlTemplate":"https:\/\/repliquemangacine.fr\/?s={search_term_string}"},"query-input":{"@type":"PropertyValueSpecification","valueRequired":true,"valueName":"search_term_string"}}],"inLanguage":"en-US"},{"@type":"Organization","@id":"https:\/\/repliquemangacine.fr\/#organization","name":"R\u00e9plique Manga Cin\u00e9","url":"https:\/\/repliquemangacine.fr\/","logo":{"@type":"ImageObject","inLanguage":"en-US","@id":"https:\/\/repliquemangacine.fr\/#\/schema\/logo\/image\/","url":"https:\/\/repliquemangacine.fr\/wp-content\/uploads\/2023\/10\/RMC-500250.png","contentUrl":"https:\/\/repliquemangacine.fr\/wp-content\/uploads\/2023\/10\/RMC-500250.png","width":500,"height":250,"caption":"R\u00e9plique Manga Cin\u00e9"},"image":{"@id":"https:\/\/repliquemangacine.fr\/#\/schema\/logo\/image\/"},"sameAs":["https:\/\/www.facebook.com\/RepliqueMangaCine","https:\/\/www.instagram.com\/repliquemangacine.fr\/"]}]}},"_links":{"self":[{"href":"https:\/\/repliquemangacine.fr\/en\/wp-json\/wp\/v2\/product\/27894","targetHints":{"allow":["GET"]}}],"collection":[{"href":"https:\/\/repliquemangacine.fr\/en\/wp-json\/wp\/v2\/product"}],"about":[{"href":"https:\/\/repliquemangacine.fr\/en\/wp-json\/wp\/v2\/types\/product"}],"wp:featuredmedia":[{"embeddable":true,"href":"https:\/\/repliquemangacine.fr\/en\/wp-json\/wp\/v2\/media\/27895"}],"wp:attachment":[{"href":"https:\/\/repliquemangacine.fr\/en\/wp-json\/wp\/v2\/media?parent=27894"}],"wp:term":[{"taxonomy":"product_brand","embeddable":true,"href":"https:\/\/repliquemangacine.fr\/en\/wp-json\/wp\/v2\/product_brand?post=27894"},{"taxonomy":"product_cat","embeddable":true,"href":"https:\/\/repliquemangacine.fr\/en\/wp-json\/wp\/v2\/product_cat?post=27894"},{"taxonomy":"product_tag","embeddable":true,"href":"https:\/\/repliquemangacine.fr\/en\/wp-json\/wp\/v2\/product_tag?post=27894"}],"curies":[{"name":"wp","href":"https:\/\/api.w.org\/{rel}","templated":true}]}}