





{"id":27890,"date":"2018-08-02T16:44:18","date_gmt":"2018-08-02T14:44:18","guid":{"rendered":"https:\/\/repliquemangacine.fr\/?post_type=product&#038;p=27890"},"modified":"2026-04-18T19:35:37","modified_gmt":"2026-04-18T17:35:37","slug":"wall-bracket-for-pistol-rifle-and-sword","status":"publish","type":"product","link":"https:\/\/repliquemangacine.fr\/en\/dagues-et-accessoires-seconde-guerre-mondiale-materiels-militaria\/support-mural-pour-pistolet-fusil-et-epee\/","title":{"rendered":"Wall bracket for pistol, rifle and sword"},"content":{"rendered":"<h2>Fleur de Lys gold wall bracket.<\/h2>\n<p>To begin with, the S<strong>Fleur de Lys wall bracket<\/strong> is all-steel for a beautiful presentation of your swords and rifles, signed <a href=\"https:\/\/www.denix.fr\/\" target=\"_blank\" rel=\"noopener noreferrer\">Denix<\/a>.<\/p>\n<p>Display stands play an essential role in showcasing your swords, sabers, katana, pistols and rifles. In fact, this two-piece all-steel set, adjustable in depth, gives you the certainty of showing your friends the quality of your historic weapons reproductions.<\/p>\n<p>It's worth pointing out that Denix's craftsmanship is astonishing. A world-renowned importer, Denix is the benchmark brand for reproductions of historical weapons. In fact, all the great histories of battles and wars are represented, such as :<\/p>\n<ul>\n<li>The First Empire with its sabres and rifles.<\/li>\n<li>Swords and weapons of the Middle Ages<\/li>\n<li>Cowboy colts<\/li>\n<li>World War II weapons at last.<\/li>\n<\/ul>\n<h2>Your replica historical weapons at the best price.<\/h2>\n<p>We offer a wide selection of Denix reproduction swords, rifles and pistols.<\/p>\n<p>First and foremost,<\/p>\n<ul>\n<li>Visit <a href=\"https:\/\/repliquemangacine.fr\/en\/kolser-gun\/\">colts westerns<\/a> with holsters to be a real cowboy.<\/li>\n<li>There are also antique pistols, but also <a href=\"https:\/\/repliquemangacine.fr\/en\/antique-rifle\/\">antique rifles<\/a> with their bayonets.<\/li>\n<li>As well as all the weapons reproductions from World War 2\u1d49 and its D-Day landing.<\/li>\n<li>And much more to discover in our online store!<\/li>\n<\/ul>\n<p>That's why here are some great gift ideas for all story lovers.<\/p>\n<p>In conclusion, you can use your <strong>Fleur de Lys wall bracket<\/strong> to display all your collectible weapons.<\/p>\n<p>R\u00e9plique Manga Cin\u00e9 is a French family business and official distributor of the Denix brand.<\/p>","protected":false},"excerpt":{"rendered":"<p>Beautiful set of two fleur-de-lis-shaped pieces for wall-mounting your pistols, rifles or swords.<\/p>\n<ul>\n<li>Made entirely of metal.<\/li>\n<li>Depth-adjustable.<\/li>\n<li>Fastened with two screws (supplied).<\/li>\n<li>Dimensions: Height: 9 cm - Width: 2.5 cm.<\/li>\n<\/ul>","protected":false},"featured_media":27891,"template":"","meta":[],"product_brand":[896],"product_cat":[50,51,25,102,55,54,92,26,85,52,37,83,28,43,27],"product_tag":[],"class_list":{"0":"post-27890","1":"product","2":"type-product","3":"status-publish","4":"has-post-thumbnail","6":"product_brand-replique-manga-cine","7":"product_cat-accessoires-katana","8":"product_cat-accessoires-western","9":"product_cat-armes-historiques","10":"product_cat-denix","11":"product_cat-fusil-ancien","12":"product_cat-armes-accessoires-guerre-mondiale","13":"product_cat-haches-de-guerre-medievale-et-accessoire-medievaux","14":"product_cat-katana-epee","15":"product_cat-dagues-et-accessoires-seconde-guerre-mondiale-materiels-militaria","16":"product_cat-pistolet-ancien","17":"product_cat-premier-empire","18":"product_cat-replique-d-armes-1er-empire","19":"product_cat-repliques-darmes","20":"product_cat-reproductions-d-armes-et-accessoires-medievales","21":"product_cat-armes-et-accessoires-western","23":"first","24":"outofstock","25":"taxable","26":"shipping-taxable","27":"purchasable","28":"product-type-simple"},"yoast_head":"<!-- This site is optimized with the Yoast SEO plugin v27.5 - https:\/\/yoast.com\/product\/yoast-seo-wordpress\/ -->\n<title>Support mural - Fusil, \u00e9p\u00e9e et colt Denix | R\u00e9plique Manga Cin\u00e9<\/title>\n<meta name=\"description\" content=\"Id\u00e9al pour mettre vos pistolets, fusils et \u00e9p\u00e9es en valeur avec ce Support mural au meilleur prix - Enti\u00e8rement en m\u00e9tal - R\u00e9glable dans la profondeur.\" \/>\n<meta name=\"robots\" content=\"index, follow, max-snippet:-1, max-image-preview:large, max-video-preview:-1\" \/>\n<link rel=\"canonical\" href=\"https:\/\/repliquemangacine.fr\/en\/denix\/wall-bracket-for-pistol-rifle-and-sword\/\" \/>\n<meta property=\"og:locale\" content=\"en_US\" \/>\n<meta property=\"og:type\" content=\"article\" \/>\n<meta property=\"og:title\" content=\"Support mural - Fusil, \u00e9p\u00e9e et colt Denix | R\u00e9plique Manga Cin\u00e9\" \/>\n<meta property=\"og:description\" content=\"Id\u00e9al pour mettre vos pistolets, fusils et \u00e9p\u00e9es en valeur avec ce Support mural au meilleur prix - Enti\u00e8rement en m\u00e9tal - R\u00e9glable dans la profondeur.\" \/>\n<meta property=\"og:url\" content=\"https:\/\/repliquemangacine.fr\/en\/denix\/wall-bracket-for-pistol-rifle-and-sword\/\" \/>\n<meta property=\"og:site_name\" content=\"R\u00e9plique Manga Cin\u00e9\" \/>\n<meta property=\"article:publisher\" content=\"https:\/\/www.facebook.com\/RepliqueMangaCine\" \/>\n<meta property=\"article:modified_time\" content=\"2026-04-18T17:35:37+00:00\" \/>\n<meta property=\"og:image\" content=\"https:\/\/repliquemangacine.fr\/wp-content\/uploads\/2023\/10\/2633-Support-mural-pour-Pistolet-fusil-et-epee.jpg\" \/>\n\t<meta property=\"og:image:width\" content=\"800\" \/>\n\t<meta property=\"og:image:height\" content=\"800\" \/>\n\t<meta property=\"og:image:type\" content=\"image\/jpeg\" \/>\n<meta name=\"twitter:card\" content=\"summary_large_image\" \/>\n<meta name=\"twitter:label1\" content=\"Est. reading time\" \/>\n\t<meta name=\"twitter:data1\" content=\"1 minute\" \/>\n<script type=\"application\/ld+json\" class=\"yoast-schema-graph\">{\"@context\":\"https:\\\/\\\/schema.org\",\"@graph\":[{\"@type\":\"WebPage\",\"@id\":\"https:\\\/\\\/repliquemangacine.fr\\\/denix\\\/support-mural-pour-pistolet-fusil-et-epee\\\/\",\"url\":\"https:\\\/\\\/repliquemangacine.fr\\\/denix\\\/support-mural-pour-pistolet-fusil-et-epee\\\/\",\"name\":\"Support mural - Fusil, \u00e9p\u00e9e et colt Denix | R\u00e9plique Manga Cin\u00e9\",\"isPartOf\":{\"@id\":\"https:\\\/\\\/repliquemangacine.fr\\\/#website\"},\"primaryImageOfPage\":{\"@id\":\"https:\\\/\\\/repliquemangacine.fr\\\/denix\\\/support-mural-pour-pistolet-fusil-et-epee\\\/#primaryimage\"},\"image\":{\"@id\":\"https:\\\/\\\/repliquemangacine.fr\\\/denix\\\/support-mural-pour-pistolet-fusil-et-epee\\\/#primaryimage\"},\"thumbnailUrl\":\"https:\\\/\\\/repliquemangacine.fr\\\/wp-content\\\/uploads\\\/2023\\\/10\\\/2633-Support-mural-pour-Pistolet-fusil-et-epee.jpg\",\"datePublished\":\"2018-08-02T14:44:18+00:00\",\"dateModified\":\"2026-04-18T17:35:37+00:00\",\"description\":\"Id\u00e9al pour mettre vos pistolets, fusils et \u00e9p\u00e9es en valeur avec ce Support mural au meilleur prix - Enti\u00e8rement en m\u00e9tal - R\u00e9glable dans la profondeur.\",\"breadcrumb\":{\"@id\":\"https:\\\/\\\/repliquemangacine.fr\\\/denix\\\/support-mural-pour-pistolet-fusil-et-epee\\\/#breadcrumb\"},\"inLanguage\":\"en-US\",\"potentialAction\":[{\"@type\":\"ReadAction\",\"target\":[\"https:\\\/\\\/repliquemangacine.fr\\\/denix\\\/support-mural-pour-pistolet-fusil-et-epee\\\/\"]}]},{\"@type\":\"ImageObject\",\"inLanguage\":\"en-US\",\"@id\":\"https:\\\/\\\/repliquemangacine.fr\\\/denix\\\/support-mural-pour-pistolet-fusil-et-epee\\\/#primaryimage\",\"url\":\"https:\\\/\\\/repliquemangacine.fr\\\/wp-content\\\/uploads\\\/2023\\\/10\\\/2633-Support-mural-pour-Pistolet-fusil-et-epee.jpg\",\"contentUrl\":\"https:\\\/\\\/repliquemangacine.fr\\\/wp-content\\\/uploads\\\/2023\\\/10\\\/2633-Support-mural-pour-Pistolet-fusil-et-epee.jpg\",\"width\":800,\"height\":800,\"caption\":\"Support mural pour Pistolet, fusil et \u00e9p\u00e9e\"},{\"@type\":\"BreadcrumbList\",\"@id\":\"https:\\\/\\\/repliquemangacine.fr\\\/denix\\\/support-mural-pour-pistolet-fusil-et-epee\\\/#breadcrumb\",\"itemListElement\":[{\"@type\":\"ListItem\",\"position\":1,\"name\":\"Accueil\",\"item\":\"https:\\\/\\\/repliquemangacine.fr\\\/\"},{\"@type\":\"ListItem\",\"position\":2,\"name\":\"Produits\",\"item\":\"https:\\\/\\\/repliquemangacine.fr\\\/boutique\\\/\"},{\"@type\":\"ListItem\",\"position\":3,\"name\":\"Support mural pour Pistolet, fusil et \u00e9p\u00e9e\"}]},{\"@type\":\"WebSite\",\"@id\":\"https:\\\/\\\/repliquemangacine.fr\\\/#website\",\"url\":\"https:\\\/\\\/repliquemangacine.fr\\\/\",\"name\":\"R\u00e9plique Manga Cin\u00e9\",\"description\":\"\",\"publisher\":{\"@id\":\"https:\\\/\\\/repliquemangacine.fr\\\/#organization\"},\"potentialAction\":[{\"@type\":\"SearchAction\",\"target\":{\"@type\":\"EntryPoint\",\"urlTemplate\":\"https:\\\/\\\/repliquemangacine.fr\\\/?s={search_term_string}\"},\"query-input\":{\"@type\":\"PropertyValueSpecification\",\"valueRequired\":true,\"valueName\":\"search_term_string\"}}],\"inLanguage\":\"en-US\"},{\"@type\":\"Organization\",\"@id\":\"https:\\\/\\\/repliquemangacine.fr\\\/#organization\",\"name\":\"R\u00e9plique Manga Cin\u00e9\",\"url\":\"https:\\\/\\\/repliquemangacine.fr\\\/\",\"logo\":{\"@type\":\"ImageObject\",\"inLanguage\":\"en-US\",\"@id\":\"https:\\\/\\\/repliquemangacine.fr\\\/#\\\/schema\\\/logo\\\/image\\\/\",\"url\":\"https:\\\/\\\/repliquemangacine.fr\\\/wp-content\\\/uploads\\\/2023\\\/10\\\/RMC-500250.png\",\"contentUrl\":\"https:\\\/\\\/repliquemangacine.fr\\\/wp-content\\\/uploads\\\/2023\\\/10\\\/RMC-500250.png\",\"width\":500,\"height\":250,\"caption\":\"R\u00e9plique Manga Cin\u00e9\"},\"image\":{\"@id\":\"https:\\\/\\\/repliquemangacine.fr\\\/#\\\/schema\\\/logo\\\/image\\\/\"},\"sameAs\":[\"https:\\\/\\\/www.facebook.com\\\/RepliqueMangaCine\",\"https:\\\/\\\/www.instagram.com\\\/repliquemangacine.fr\\\/\"]}]}<\/script>\n<!-- \/ Yoast SEO plugin. -->","yoast_head_json":{"title":"Wall bracket - Rifle, sword and colt Denix | R\u00e9plique Manga Cin\u00e9","description":"Ideal for showcasing your pistols, rifles and swords with this wall bracket at the best price - Made entirely of metal - Adjustable in depth.","robots":{"index":"index","follow":"follow","max-snippet":"max-snippet:-1","max-image-preview":"max-image-preview:large","max-video-preview":"max-video-preview:-1"},"canonical":"https:\/\/repliquemangacine.fr\/en\/denix\/wall-bracket-for-pistol-rifle-and-sword\/","og_locale":"en_US","og_type":"article","og_title":"Support mural - Fusil, \u00e9p\u00e9e et colt Denix | R\u00e9plique Manga Cin\u00e9","og_description":"Id\u00e9al pour mettre vos pistolets, fusils et \u00e9p\u00e9es en valeur avec ce Support mural au meilleur prix - Enti\u00e8rement en m\u00e9tal - R\u00e9glable dans la profondeur.","og_url":"https:\/\/repliquemangacine.fr\/en\/denix\/wall-bracket-for-pistol-rifle-and-sword\/","og_site_name":"R\u00e9plique Manga Cin\u00e9","article_publisher":"https:\/\/www.facebook.com\/RepliqueMangaCine","article_modified_time":"2026-04-18T17:35:37+00:00","og_image":[{"width":800,"height":800,"url":"https:\/\/repliquemangacine.fr\/wp-content\/uploads\/2023\/10\/2633-Support-mural-pour-Pistolet-fusil-et-epee.jpg","type":"image\/jpeg"}],"twitter_card":"summary_large_image","twitter_misc":{"Est. reading time":"1 minute"},"schema":{"@context":"https:\/\/schema.org","@graph":[{"@type":"WebPage","@id":"https:\/\/repliquemangacine.fr\/denix\/support-mural-pour-pistolet-fusil-et-epee\/","url":"https:\/\/repliquemangacine.fr\/denix\/support-mural-pour-pistolet-fusil-et-epee\/","name":"Wall bracket - Rifle, sword and colt Denix | R\u00e9plique Manga Cin\u00e9","isPartOf":{"@id":"https:\/\/repliquemangacine.fr\/#website"},"primaryImageOfPage":{"@id":"https:\/\/repliquemangacine.fr\/denix\/support-mural-pour-pistolet-fusil-et-epee\/#primaryimage"},"image":{"@id":"https:\/\/repliquemangacine.fr\/denix\/support-mural-pour-pistolet-fusil-et-epee\/#primaryimage"},"thumbnailUrl":"https:\/\/repliquemangacine.fr\/wp-content\/uploads\/2023\/10\/2633-Support-mural-pour-Pistolet-fusil-et-epee.jpg","datePublished":"2018-08-02T14:44:18+00:00","dateModified":"2026-04-18T17:35:37+00:00","description":"Ideal for showcasing your pistols, rifles and swords with this wall bracket at the best price - Made entirely of metal - Adjustable in depth.","breadcrumb":{"@id":"https:\/\/repliquemangacine.fr\/denix\/support-mural-pour-pistolet-fusil-et-epee\/#breadcrumb"},"inLanguage":"en-US","potentialAction":[{"@type":"ReadAction","target":["https:\/\/repliquemangacine.fr\/denix\/support-mural-pour-pistolet-fusil-et-epee\/"]}]},{"@type":"ImageObject","inLanguage":"en-US","@id":"https:\/\/repliquemangacine.fr\/denix\/support-mural-pour-pistolet-fusil-et-epee\/#primaryimage","url":"https:\/\/repliquemangacine.fr\/wp-content\/uploads\/2023\/10\/2633-Support-mural-pour-Pistolet-fusil-et-epee.jpg","contentUrl":"https:\/\/repliquemangacine.fr\/wp-content\/uploads\/2023\/10\/2633-Support-mural-pour-Pistolet-fusil-et-epee.jpg","width":800,"height":800,"caption":"Support mural pour Pistolet, fusil et \u00e9p\u00e9e"},{"@type":"BreadcrumbList","@id":"https:\/\/repliquemangacine.fr\/denix\/support-mural-pour-pistolet-fusil-et-epee\/#breadcrumb","itemListElement":[{"@type":"ListItem","position":1,"name":"Accueil","item":"https:\/\/repliquemangacine.fr\/"},{"@type":"ListItem","position":2,"name":"Produits","item":"https:\/\/repliquemangacine.fr\/boutique\/"},{"@type":"ListItem","position":3,"name":"Support mural pour Pistolet, fusil et \u00e9p\u00e9e"}]},{"@type":"WebSite","@id":"https:\/\/repliquemangacine.fr\/#website","url":"https:\/\/repliquemangacine.fr\/","name":"R\u00e9plique Manga Cin\u00e9","description":"","publisher":{"@id":"https:\/\/repliquemangacine.fr\/#organization"},"potentialAction":[{"@type":"SearchAction","target":{"@type":"EntryPoint","urlTemplate":"https:\/\/repliquemangacine.fr\/?s={search_term_string}"},"query-input":{"@type":"PropertyValueSpecification","valueRequired":true,"valueName":"search_term_string"}}],"inLanguage":"en-US"},{"@type":"Organization","@id":"https:\/\/repliquemangacine.fr\/#organization","name":"R\u00e9plique Manga Cin\u00e9","url":"https:\/\/repliquemangacine.fr\/","logo":{"@type":"ImageObject","inLanguage":"en-US","@id":"https:\/\/repliquemangacine.fr\/#\/schema\/logo\/image\/","url":"https:\/\/repliquemangacine.fr\/wp-content\/uploads\/2023\/10\/RMC-500250.png","contentUrl":"https:\/\/repliquemangacine.fr\/wp-content\/uploads\/2023\/10\/RMC-500250.png","width":500,"height":250,"caption":"R\u00e9plique Manga Cin\u00e9"},"image":{"@id":"https:\/\/repliquemangacine.fr\/#\/schema\/logo\/image\/"},"sameAs":["https:\/\/www.facebook.com\/RepliqueMangaCine","https:\/\/www.instagram.com\/repliquemangacine.fr\/"]}]}},"_links":{"self":[{"href":"https:\/\/repliquemangacine.fr\/en\/wp-json\/wp\/v2\/product\/27890","targetHints":{"allow":["GET"]}}],"collection":[{"href":"https:\/\/repliquemangacine.fr\/en\/wp-json\/wp\/v2\/product"}],"about":[{"href":"https:\/\/repliquemangacine.fr\/en\/wp-json\/wp\/v2\/types\/product"}],"wp:featuredmedia":[{"embeddable":true,"href":"https:\/\/repliquemangacine.fr\/en\/wp-json\/wp\/v2\/media\/27891"}],"wp:attachment":[{"href":"https:\/\/repliquemangacine.fr\/en\/wp-json\/wp\/v2\/media?parent=27890"}],"wp:term":[{"taxonomy":"product_brand","embeddable":true,"href":"https:\/\/repliquemangacine.fr\/en\/wp-json\/wp\/v2\/product_brand?post=27890"},{"taxonomy":"product_cat","embeddable":true,"href":"https:\/\/repliquemangacine.fr\/en\/wp-json\/wp\/v2\/product_cat?post=27890"},{"taxonomy":"product_tag","embeddable":true,"href":"https:\/\/repliquemangacine.fr\/en\/wp-json\/wp\/v2\/product_tag?post=27890"}],"curies":[{"name":"wp","href":"https:\/\/api.w.org\/{rel}","templated":true}]}}