





{"id":27886,"date":"2018-07-10T11:50:56","date_gmt":"2018-07-10T09:50:56","guid":{"rendered":"https:\/\/repliquemangacine.fr\/?post_type=product&#038;p=27886"},"modified":"2026-04-22T20:30:17","modified_gmt":"2026-04-22T18:30:17","slug":"base-for-thor-hammer","status":"publish","type":"product","link":"https:\/\/repliquemangacine.fr\/en\/super-heros-marvel\/socle-pour-marteau-de-thor\/","title":{"rendered":"Thor Hammer base"},"content":{"rendered":"<h2>Thor's Hammer base in resin.<\/h2>\n<p>To begin with, the Thor's Hammer Base is made entirely of resin for optimum presentation.<\/p>\n<p>Thor is entrusted with the mighty hammer Mj\u00f8lnir, \u201cforged from the heart of a dying star\u201d. <a href=\"https:\/\/marvelcinematicuniverse.fandom.com\/wiki\/Thor\" target=\"_blank\" rel=\"noopener noreferrer\">Thor<\/a> is able to throw Mj\u00f8lnir with great force. Clinging to the leather strap or lanyard, he is able to fly through the air at tremendous speeds.<\/p>\n<p>When Steve Rogers wielded Mj\u00f8lnir, it greatly enhanced his physical abilities, such as strength and durability, enabling him to fight Thanos on an equal footing. Indeed, by using it, Rogers acquired the skill of summoning lightning bolts from the surrounding horizon.<\/p>\n<h2>Your Thor's Hammer base at the best price.<\/h2>\n<p>We offer a wide selection of replicas from the Marvel universe.<\/p>\n<p>First and foremost,<\/p>\n<ul>\n<li>The life-size replica of the <a href=\"https:\/\/repliquemangacine.fr\/en\/marvel-superheroes\/stormbreaker-hache-marteau-de-thor\/\">Stormbreaker<\/a> (hammer-axe) used by Thor in Avengers, Infinity War.<\/li>\n<li>There is also the famous <a href=\"https:\/\/repliquemangacine.fr\/en\/marvel-superheroes\/captain-america-shield-deluxe-version\/\">Captain America's shield<\/a> all-metal 1\/1 scale.<\/li>\n<li>As well as a life-size replica of the Wonder Woman-inspired God Killer sword used by Diana.<\/li>\n<li>And many more to discover in our online store!<\/li>\n<\/ul>\n<p>That's why here's a great gift idea for all Marvel superhero fans.<\/p>\n<p>In conclusion, you can use the <strong>Thor's Hammer base<\/strong> for your Cosplay parades. But above all, it's a collector's item and a decoration.<\/p>\n<h2>How are our Avengers Marvel merchandise made?<\/h2>\n<p>To begin with, all our derived products are of the highest quality, manufactured with meticulous attention to detail. In fact, some of the manufacturing is done by hand, to reproduce even the smallest detail. More important parts are machined by precise machines. Engravings are generally made with a diamond tip or laser.<\/p>\n<p>Your Thor's Hammer base has been crafted to reproduce every detail. Made entirely of molded resin. Imitation rock with garnet highlights for even greater realism.<\/p>\n<p>Finally, imported from China or Spain, our replicas will amaze you!<\/p>\n<p>R\u00e9plique Manga Cin\u00e9 is a French family business.<\/p>","protected":false},"excerpt":{"rendered":"<p>Exclusive! Thor's hammer presentation stand.<\/p>\n<ul>\n<li>All-resin stand<\/li>\n<li>Imitation rock with garnet highlights for even more realism.<\/li>\n<li>Dimensions: Length: 30.5cm - Width: 20cm - Height: 20 cm.<\/li>\n<li>Central location for hammer.<\/li>\n<li>Sold alone without hammer.<\/li>\n<\/ul>","protected":false},"featured_media":27887,"template":"","meta":[],"product_brand":[896],"product_cat":[24,59],"product_tag":[],"class_list":{"0":"post-27886","1":"product","2":"type-product","3":"status-publish","4":"has-post-thumbnail","6":"product_brand-replique-manga-cine","7":"product_cat-films-series-tv-vente-de-katana-epee-et-produits-derives","8":"product_cat-super-heros-marvel","10":"first","11":"outofstock","12":"sale","13":"taxable","14":"shipping-taxable","15":"purchasable","16":"product-type-simple"},"yoast_head":"<!-- This site is optimized with the Yoast SEO plugin v27.5 - https:\/\/yoast.com\/product\/yoast-seo-wordpress\/ -->\n<title>Socle Marteau de Thor - En r\u00e9sine moul\u00e9 | R\u00e9plique Manga Cin\u00e9<\/title>\n<meta name=\"description\" content=\"En exclusivit\u00e9 ! D\u00e9couvrez le Socle Marteau de Thor au meilleur prix. En r\u00e9sine imitation roche - Finition parfaite - Dimension : 30 X 20 X 20 cm\" \/>\n<meta name=\"robots\" content=\"index, follow, max-snippet:-1, max-image-preview:large, max-video-preview:-1\" \/>\n<link rel=\"canonical\" href=\"https:\/\/repliquemangacine.fr\/en\/marvel-superheroes\/base-for-thor-hammer\/\" \/>\n<meta property=\"og:locale\" content=\"en_US\" \/>\n<meta property=\"og:type\" content=\"article\" \/>\n<meta property=\"og:title\" content=\"Socle Marteau de Thor - En r\u00e9sine moul\u00e9 | R\u00e9plique Manga Cin\u00e9\" \/>\n<meta property=\"og:description\" content=\"En exclusivit\u00e9 ! D\u00e9couvrez le Socle Marteau de Thor au meilleur prix. En r\u00e9sine imitation roche - Finition parfaite - Dimension : 30 X 20 X 20 cm\" \/>\n<meta property=\"og:url\" content=\"https:\/\/repliquemangacine.fr\/en\/marvel-superheroes\/base-for-thor-hammer\/\" \/>\n<meta property=\"og:site_name\" content=\"R\u00e9plique Manga Cin\u00e9\" \/>\n<meta property=\"article:publisher\" content=\"https:\/\/www.facebook.com\/RepliqueMangaCine\" \/>\n<meta property=\"article:modified_time\" content=\"2026-04-22T18:30:17+00:00\" \/>\n<meta property=\"og:image\" content=\"https:\/\/repliquemangacine.fr\/wp-content\/uploads\/2023\/10\/2629-Socle-pour-marteau-de-Thor.jpg\" \/>\n\t<meta property=\"og:image:width\" content=\"800\" \/>\n\t<meta property=\"og:image:height\" content=\"800\" \/>\n\t<meta property=\"og:image:type\" content=\"image\/jpeg\" \/>\n<meta name=\"twitter:card\" content=\"summary_large_image\" \/>\n<meta name=\"twitter:label1\" content=\"Est. reading time\" \/>\n\t<meta name=\"twitter:data1\" content=\"2 minutes\" \/>\n<script type=\"application\/ld+json\" class=\"yoast-schema-graph\">{\"@context\":\"https:\\\/\\\/schema.org\",\"@graph\":[{\"@type\":\"WebPage\",\"@id\":\"https:\\\/\\\/repliquemangacine.fr\\\/super-heros-marvel\\\/socle-pour-marteau-de-thor\\\/\",\"url\":\"https:\\\/\\\/repliquemangacine.fr\\\/super-heros-marvel\\\/socle-pour-marteau-de-thor\\\/\",\"name\":\"Socle Marteau de Thor - En r\u00e9sine moul\u00e9 | R\u00e9plique Manga Cin\u00e9\",\"isPartOf\":{\"@id\":\"https:\\\/\\\/repliquemangacine.fr\\\/#website\"},\"primaryImageOfPage\":{\"@id\":\"https:\\\/\\\/repliquemangacine.fr\\\/super-heros-marvel\\\/socle-pour-marteau-de-thor\\\/#primaryimage\"},\"image\":{\"@id\":\"https:\\\/\\\/repliquemangacine.fr\\\/super-heros-marvel\\\/socle-pour-marteau-de-thor\\\/#primaryimage\"},\"thumbnailUrl\":\"https:\\\/\\\/repliquemangacine.fr\\\/wp-content\\\/uploads\\\/2023\\\/10\\\/2629-Socle-pour-marteau-de-Thor.jpg\",\"datePublished\":\"2018-07-10T09:50:56+00:00\",\"dateModified\":\"2026-04-22T18:30:17+00:00\",\"description\":\"En exclusivit\u00e9 ! D\u00e9couvrez le Socle Marteau de Thor au meilleur prix. En r\u00e9sine imitation roche - Finition parfaite - Dimension : 30 X 20 X 20 cm\",\"breadcrumb\":{\"@id\":\"https:\\\/\\\/repliquemangacine.fr\\\/super-heros-marvel\\\/socle-pour-marteau-de-thor\\\/#breadcrumb\"},\"inLanguage\":\"en-US\",\"potentialAction\":[{\"@type\":\"ReadAction\",\"target\":[\"https:\\\/\\\/repliquemangacine.fr\\\/super-heros-marvel\\\/socle-pour-marteau-de-thor\\\/\"]}]},{\"@type\":\"ImageObject\",\"inLanguage\":\"en-US\",\"@id\":\"https:\\\/\\\/repliquemangacine.fr\\\/super-heros-marvel\\\/socle-pour-marteau-de-thor\\\/#primaryimage\",\"url\":\"https:\\\/\\\/repliquemangacine.fr\\\/wp-content\\\/uploads\\\/2023\\\/10\\\/2629-Socle-pour-marteau-de-Thor.jpg\",\"contentUrl\":\"https:\\\/\\\/repliquemangacine.fr\\\/wp-content\\\/uploads\\\/2023\\\/10\\\/2629-Socle-pour-marteau-de-Thor.jpg\",\"width\":800,\"height\":800,\"caption\":\"Socle pour marteau de Thor\"},{\"@type\":\"BreadcrumbList\",\"@id\":\"https:\\\/\\\/repliquemangacine.fr\\\/super-heros-marvel\\\/socle-pour-marteau-de-thor\\\/#breadcrumb\",\"itemListElement\":[{\"@type\":\"ListItem\",\"position\":1,\"name\":\"Accueil\",\"item\":\"https:\\\/\\\/repliquemangacine.fr\\\/\"},{\"@type\":\"ListItem\",\"position\":2,\"name\":\"Produits\",\"item\":\"https:\\\/\\\/repliquemangacine.fr\\\/boutique\\\/\"},{\"@type\":\"ListItem\",\"position\":3,\"name\":\"Socle Marteau Thor\"}]},{\"@type\":\"WebSite\",\"@id\":\"https:\\\/\\\/repliquemangacine.fr\\\/#website\",\"url\":\"https:\\\/\\\/repliquemangacine.fr\\\/\",\"name\":\"R\u00e9plique Manga Cin\u00e9\",\"description\":\"\",\"publisher\":{\"@id\":\"https:\\\/\\\/repliquemangacine.fr\\\/#organization\"},\"potentialAction\":[{\"@type\":\"SearchAction\",\"target\":{\"@type\":\"EntryPoint\",\"urlTemplate\":\"https:\\\/\\\/repliquemangacine.fr\\\/?s={search_term_string}\"},\"query-input\":{\"@type\":\"PropertyValueSpecification\",\"valueRequired\":true,\"valueName\":\"search_term_string\"}}],\"inLanguage\":\"en-US\"},{\"@type\":\"Organization\",\"@id\":\"https:\\\/\\\/repliquemangacine.fr\\\/#organization\",\"name\":\"R\u00e9plique Manga Cin\u00e9\",\"url\":\"https:\\\/\\\/repliquemangacine.fr\\\/\",\"logo\":{\"@type\":\"ImageObject\",\"inLanguage\":\"en-US\",\"@id\":\"https:\\\/\\\/repliquemangacine.fr\\\/#\\\/schema\\\/logo\\\/image\\\/\",\"url\":\"https:\\\/\\\/repliquemangacine.fr\\\/wp-content\\\/uploads\\\/2023\\\/10\\\/RMC-500250.png\",\"contentUrl\":\"https:\\\/\\\/repliquemangacine.fr\\\/wp-content\\\/uploads\\\/2023\\\/10\\\/RMC-500250.png\",\"width\":500,\"height\":250,\"caption\":\"R\u00e9plique Manga Cin\u00e9\"},\"image\":{\"@id\":\"https:\\\/\\\/repliquemangacine.fr\\\/#\\\/schema\\\/logo\\\/image\\\/\"},\"sameAs\":[\"https:\\\/\\\/www.facebook.com\\\/RepliqueMangaCine\",\"https:\\\/\\\/www.instagram.com\\\/repliquemangacine.fr\\\/\"]}]}<\/script>\n<!-- \/ Yoast SEO plugin. -->","yoast_head_json":{"title":"Thor's Hammer base - Molded resin | R\u00e9plique Manga Cin\u00e9","description":"Exclusive! Discover Thor's Hammer at the best price. In imitation rock resin - Perfect finish - Dimensions: 30 X 20 X 20 cm","robots":{"index":"index","follow":"follow","max-snippet":"max-snippet:-1","max-image-preview":"max-image-preview:large","max-video-preview":"max-video-preview:-1"},"canonical":"https:\/\/repliquemangacine.fr\/en\/marvel-superheroes\/base-for-thor-hammer\/","og_locale":"en_US","og_type":"article","og_title":"Socle Marteau de Thor - En r\u00e9sine moul\u00e9 | R\u00e9plique Manga Cin\u00e9","og_description":"En exclusivit\u00e9 ! D\u00e9couvrez le Socle Marteau de Thor au meilleur prix. En r\u00e9sine imitation roche - Finition parfaite - Dimension : 30 X 20 X 20 cm","og_url":"https:\/\/repliquemangacine.fr\/en\/marvel-superheroes\/base-for-thor-hammer\/","og_site_name":"R\u00e9plique Manga Cin\u00e9","article_publisher":"https:\/\/www.facebook.com\/RepliqueMangaCine","article_modified_time":"2026-04-22T18:30:17+00:00","og_image":[{"width":800,"height":800,"url":"https:\/\/repliquemangacine.fr\/wp-content\/uploads\/2023\/10\/2629-Socle-pour-marteau-de-Thor.jpg","type":"image\/jpeg"}],"twitter_card":"summary_large_image","twitter_misc":{"Est. reading time":"2 minutes"},"schema":{"@context":"https:\/\/schema.org","@graph":[{"@type":"WebPage","@id":"https:\/\/repliquemangacine.fr\/super-heros-marvel\/socle-pour-marteau-de-thor\/","url":"https:\/\/repliquemangacine.fr\/super-heros-marvel\/socle-pour-marteau-de-thor\/","name":"Thor's Hammer base - Molded resin | R\u00e9plique Manga Cin\u00e9","isPartOf":{"@id":"https:\/\/repliquemangacine.fr\/#website"},"primaryImageOfPage":{"@id":"https:\/\/repliquemangacine.fr\/super-heros-marvel\/socle-pour-marteau-de-thor\/#primaryimage"},"image":{"@id":"https:\/\/repliquemangacine.fr\/super-heros-marvel\/socle-pour-marteau-de-thor\/#primaryimage"},"thumbnailUrl":"https:\/\/repliquemangacine.fr\/wp-content\/uploads\/2023\/10\/2629-Socle-pour-marteau-de-Thor.jpg","datePublished":"2018-07-10T09:50:56+00:00","dateModified":"2026-04-22T18:30:17+00:00","description":"Exclusive! Discover Thor's Hammer at the best price. In imitation rock resin - Perfect finish - Dimensions: 30 X 20 X 20 cm","breadcrumb":{"@id":"https:\/\/repliquemangacine.fr\/super-heros-marvel\/socle-pour-marteau-de-thor\/#breadcrumb"},"inLanguage":"en-US","potentialAction":[{"@type":"ReadAction","target":["https:\/\/repliquemangacine.fr\/super-heros-marvel\/socle-pour-marteau-de-thor\/"]}]},{"@type":"ImageObject","inLanguage":"en-US","@id":"https:\/\/repliquemangacine.fr\/super-heros-marvel\/socle-pour-marteau-de-thor\/#primaryimage","url":"https:\/\/repliquemangacine.fr\/wp-content\/uploads\/2023\/10\/2629-Socle-pour-marteau-de-Thor.jpg","contentUrl":"https:\/\/repliquemangacine.fr\/wp-content\/uploads\/2023\/10\/2629-Socle-pour-marteau-de-Thor.jpg","width":800,"height":800,"caption":"Socle pour marteau de Thor"},{"@type":"BreadcrumbList","@id":"https:\/\/repliquemangacine.fr\/super-heros-marvel\/socle-pour-marteau-de-thor\/#breadcrumb","itemListElement":[{"@type":"ListItem","position":1,"name":"Accueil","item":"https:\/\/repliquemangacine.fr\/"},{"@type":"ListItem","position":2,"name":"Produits","item":"https:\/\/repliquemangacine.fr\/boutique\/"},{"@type":"ListItem","position":3,"name":"Socle Marteau Thor"}]},{"@type":"WebSite","@id":"https:\/\/repliquemangacine.fr\/#website","url":"https:\/\/repliquemangacine.fr\/","name":"R\u00e9plique Manga Cin\u00e9","description":"","publisher":{"@id":"https:\/\/repliquemangacine.fr\/#organization"},"potentialAction":[{"@type":"SearchAction","target":{"@type":"EntryPoint","urlTemplate":"https:\/\/repliquemangacine.fr\/?s={search_term_string}"},"query-input":{"@type":"PropertyValueSpecification","valueRequired":true,"valueName":"search_term_string"}}],"inLanguage":"en-US"},{"@type":"Organization","@id":"https:\/\/repliquemangacine.fr\/#organization","name":"R\u00e9plique Manga Cin\u00e9","url":"https:\/\/repliquemangacine.fr\/","logo":{"@type":"ImageObject","inLanguage":"en-US","@id":"https:\/\/repliquemangacine.fr\/#\/schema\/logo\/image\/","url":"https:\/\/repliquemangacine.fr\/wp-content\/uploads\/2023\/10\/RMC-500250.png","contentUrl":"https:\/\/repliquemangacine.fr\/wp-content\/uploads\/2023\/10\/RMC-500250.png","width":500,"height":250,"caption":"R\u00e9plique Manga Cin\u00e9"},"image":{"@id":"https:\/\/repliquemangacine.fr\/#\/schema\/logo\/image\/"},"sameAs":["https:\/\/www.facebook.com\/RepliqueMangaCine","https:\/\/www.instagram.com\/repliquemangacine.fr\/"]}]}},"_links":{"self":[{"href":"https:\/\/repliquemangacine.fr\/en\/wp-json\/wp\/v2\/product\/27886","targetHints":{"allow":["GET"]}}],"collection":[{"href":"https:\/\/repliquemangacine.fr\/en\/wp-json\/wp\/v2\/product"}],"about":[{"href":"https:\/\/repliquemangacine.fr\/en\/wp-json\/wp\/v2\/types\/product"}],"wp:featuredmedia":[{"embeddable":true,"href":"https:\/\/repliquemangacine.fr\/en\/wp-json\/wp\/v2\/media\/27887"}],"wp:attachment":[{"href":"https:\/\/repliquemangacine.fr\/en\/wp-json\/wp\/v2\/media?parent=27886"}],"wp:term":[{"taxonomy":"product_brand","embeddable":true,"href":"https:\/\/repliquemangacine.fr\/en\/wp-json\/wp\/v2\/product_brand?post=27886"},{"taxonomy":"product_cat","embeddable":true,"href":"https:\/\/repliquemangacine.fr\/en\/wp-json\/wp\/v2\/product_cat?post=27886"},{"taxonomy":"product_tag","embeddable":true,"href":"https:\/\/repliquemangacine.fr\/en\/wp-json\/wp\/v2\/product_tag?post=27886"}],"curies":[{"name":"wp","href":"https:\/\/api.w.org\/{rel}","templated":true}]}}