





{"id":27867,"date":"2018-05-17T14:29:58","date_gmt":"2018-05-17T12:29:58","guid":{"rendered":"https:\/\/repliquemangacine.fr\/?post_type=product&#038;p=27867"},"modified":"2026-03-31T10:57:35","modified_gmt":"2026-03-31T08:57:35","slug":"epee-wolf-the-witcher3","status":"publish","type":"product","link":"https:\/\/repliquemangacine.fr\/en\/epee-the-witcher\/epee-wolf-the-witcher3\/","title":{"rendered":"Sword Wolf The Witcher 3"},"content":{"rendered":"<h2>Wolf sword in The Witcher3 Wild Hunt.<\/h2>\n<p>To begin with, the<strong>Sword Wolf The Witcher3<\/strong> used to kill humans, is one of the two swords he carries on his back.<\/p>\n<p><a href=\"https:\/\/witcher.fandom.com\/wiki\/The_Witcher_3:_Wild_Hunt\" target=\"_blank\" rel=\"noopener noreferrer\">The Witcher 3<\/a>Wild Hunt\" is the latest in a series of games developed by CD Projekt RED featuring the sorcerer Geralt de Riv.<\/p>\n<p>Recognized by industry professionals as an outstanding game. All agree on the narrative and immersive quality of the title, consecrating The Witcher 3 as a masterpiece.<\/p>\n<p>Geralt de Riv is a sorcerer with extraordinary abilities. In fact, he offers his services as a monster hunter. He carries two swords on his back, part of the Master Wolf School's equipment. One is used to kill monsters, the other to kill humans.<\/p>\n<h2>Your Wolf The Witcher3 sword at the best price.<\/h2>\n<p>We bring you all the swords from The Witcher 3, but also from The Witcher Netflix series.<\/p>\n<p>First and foremost,<\/p>\n<ul>\n<li>The sword <a href=\"https:\/\/repliquemangacine.fr\/en\/the-witcher\/epee-twin-wolf-geralt-de-riv-the-witcher-3-lame-gravee\/\">Twin Wolf<\/a>This is the second sword he carries on his back.<\/li>\n<li>As well as the<a href=\"https:\/\/repliquemangacine.fr\/en\/the-witcher\/epee-zireael-de-ciri-the-witcher-3-lame-decoupee\/\">Ciri's sword<\/a> his adopted daughter.<\/li>\n<li>And many more to discover in our online store!<\/li>\n<\/ul>\n<p>That's why here are some great gift ideas for The Witcher fans<\/p>\n<p>In conclusion, you can also use this <strong>Sword Wolf The Witcher 3<\/strong> for your cosplay parades or theme parties. But above all, the Wolf The Witcher3 Sword is also a collector's item and a decorative object.<\/p>\n<p>R\u00e9plique Manga Cin\u00e9 is a French company<\/p>\n<h2>How to maintain the blade of your Geralt de Riv sword?<\/h2>\n<p>Collector's and decorative swords are made and assembled in a simplified way. As their use is decorative, they lack the safety features required of a Japanese sword intended for training.<\/p>\n<p>However, your <strong>Sword Wolf The Witcher3<\/strong> to a steel blade that needs to be cared for to avoid damage over time. In fact, when you display your katana, your friends will be curious to see and touch the blade. This is where you need to be careful, as the acidity of your fingers is very harmful to steel, whatever its quality.<\/p>\n<p>However, if this does happen, don't panic - all you need is a cloth dampened with a little oil and a wipe of fingerprints. By doing so, you'll keep your sword looking its best for a very long time.<\/p>\n<p><strong>\u00a0<\/strong><\/p>","protected":false},"excerpt":{"rendered":"<p>Geralt de Riv's sword in The Witcher 3 Wild Hunt.<\/p>\n<ul>\n<li>Stainless steel blade with groove.<\/li>\n<li>Twisted solid steel guard.<\/li>\n<li>Metal handle covered with brown cotton thread.<\/li>\n<li>Solid steel knob with wolf's head.<\/li>\n<li>Black imitation leather sheath.<\/li>\n<li>Total length: 123 cm<\/li>\n<\/ul>\n<p><strong><span style=\"color: #d0121a;\">The Red Eye Pendant comes with this sword.<\/span><\/strong><\/p>","protected":false},"featured_media":27868,"template":"","meta":[],"product_brand":[896],"product_cat":[23,58],"product_tag":[],"class_list":{"0":"post-27867","1":"product","2":"type-product","3":"status-publish","4":"has-post-thumbnail","6":"product_brand-replique-manga-cine","7":"product_cat-repliques-manga-jeux-video","8":"product_cat-epee-the-witcher","10":"first","11":"instock","12":"sale","13":"taxable","14":"shipping-taxable","15":"purchasable","16":"product-type-simple"},"yoast_head":"<!-- This site is optimized with the Yoast SEO plugin v27.5 - https:\/\/yoast.com\/product\/yoast-seo-wordpress\/ -->\n<title>Ep\u00e9e Wolf The Witcher3 - G\u00e9ralt de Riv - Boutique en ligne | RMC<\/title>\n<meta name=\"description\" content=\"Offrez-vous l&#039;Ep\u00e9e Wolf The Witcher3 au meilleur prix. Lame en acier - Fourreau - Pommeau loup - M\u00e9daillon offert - Longueur : 123 cm - Envoi 24\/48h\" \/>\n<meta name=\"robots\" content=\"index, follow, max-snippet:-1, max-image-preview:large, max-video-preview:-1\" \/>\n<link rel=\"canonical\" href=\"https:\/\/repliquemangacine.fr\/en\/epee-the-witcher\/epee-wolf-the-witcher3\/\" \/>\n<meta property=\"og:locale\" content=\"en_US\" \/>\n<meta property=\"og:type\" content=\"article\" \/>\n<meta property=\"og:title\" content=\"Ep\u00e9e Wolf The Witcher3 - G\u00e9ralt de Riv - Boutique en ligne | RMC\" \/>\n<meta property=\"og:description\" content=\"Offrez-vous l&#039;Ep\u00e9e Wolf The Witcher3 au meilleur prix. Lame en acier - Fourreau - Pommeau loup - M\u00e9daillon offert - Longueur : 123 cm - Envoi 24\/48h\" \/>\n<meta property=\"og:url\" content=\"https:\/\/repliquemangacine.fr\/en\/epee-the-witcher\/epee-wolf-the-witcher3\/\" \/>\n<meta property=\"og:site_name\" content=\"R\u00e9plique Manga Cin\u00e9\" \/>\n<meta property=\"article:publisher\" content=\"https:\/\/www.facebook.com\/RepliqueMangaCine\" \/>\n<meta property=\"article:modified_time\" content=\"2026-03-31T08:57:35+00:00\" \/>\n<meta property=\"og:image\" content=\"https:\/\/repliquemangacine.fr\/wp-content\/uploads\/2023\/10\/epee-gerald-de-riv.png\" \/>\n\t<meta property=\"og:image:width\" content=\"500\" \/>\n\t<meta property=\"og:image:height\" content=\"500\" \/>\n\t<meta property=\"og:image:type\" content=\"image\/png\" \/>\n<meta name=\"twitter:card\" content=\"summary_large_image\" \/>\n<meta name=\"twitter:label1\" content=\"Est. reading time\" \/>\n\t<meta name=\"twitter:data1\" content=\"1 minute\" \/>\n<script type=\"application\/ld+json\" class=\"yoast-schema-graph\">{\"@context\":\"https:\\\/\\\/schema.org\",\"@graph\":[{\"@type\":\"WebPage\",\"@id\":\"https:\\\/\\\/repliquemangacine.fr\\\/epee-the-witcher\\\/epee-wolf-the-witcher3\\\/\",\"url\":\"https:\\\/\\\/repliquemangacine.fr\\\/epee-the-witcher\\\/epee-wolf-the-witcher3\\\/\",\"name\":\"Ep\u00e9e Wolf The Witcher3 - G\u00e9ralt de Riv - Boutique en ligne | RMC\",\"isPartOf\":{\"@id\":\"https:\\\/\\\/repliquemangacine.fr\\\/#website\"},\"primaryImageOfPage\":{\"@id\":\"https:\\\/\\\/repliquemangacine.fr\\\/epee-the-witcher\\\/epee-wolf-the-witcher3\\\/#primaryimage\"},\"image\":{\"@id\":\"https:\\\/\\\/repliquemangacine.fr\\\/epee-the-witcher\\\/epee-wolf-the-witcher3\\\/#primaryimage\"},\"thumbnailUrl\":\"https:\\\/\\\/repliquemangacine.fr\\\/wp-content\\\/uploads\\\/2023\\\/10\\\/epee-gerald-de-riv.png\",\"datePublished\":\"2018-05-17T12:29:58+00:00\",\"dateModified\":\"2026-03-31T08:57:35+00:00\",\"description\":\"Offrez-vous l'Ep\u00e9e Wolf The Witcher3 au meilleur prix. Lame en acier - Fourreau - Pommeau loup - M\u00e9daillon offert - Longueur : 123 cm - Envoi 24\\\/48h\",\"breadcrumb\":{\"@id\":\"https:\\\/\\\/repliquemangacine.fr\\\/epee-the-witcher\\\/epee-wolf-the-witcher3\\\/#breadcrumb\"},\"inLanguage\":\"en-US\",\"potentialAction\":[{\"@type\":\"ReadAction\",\"target\":[\"https:\\\/\\\/repliquemangacine.fr\\\/epee-the-witcher\\\/epee-wolf-the-witcher3\\\/\"]}]},{\"@type\":\"ImageObject\",\"inLanguage\":\"en-US\",\"@id\":\"https:\\\/\\\/repliquemangacine.fr\\\/epee-the-witcher\\\/epee-wolf-the-witcher3\\\/#primaryimage\",\"url\":\"https:\\\/\\\/repliquemangacine.fr\\\/wp-content\\\/uploads\\\/2023\\\/10\\\/epee-gerald-de-riv.png\",\"contentUrl\":\"https:\\\/\\\/repliquemangacine.fr\\\/wp-content\\\/uploads\\\/2023\\\/10\\\/epee-gerald-de-riv.png\",\"width\":500,\"height\":500,\"caption\":\"Ep\u00e9e Wolf The Witcher3 geralt de riv\"},{\"@type\":\"BreadcrumbList\",\"@id\":\"https:\\\/\\\/repliquemangacine.fr\\\/epee-the-witcher\\\/epee-wolf-the-witcher3\\\/#breadcrumb\",\"itemListElement\":[{\"@type\":\"ListItem\",\"position\":1,\"name\":\"Accueil\",\"item\":\"https:\\\/\\\/repliquemangacine.fr\\\/\"},{\"@type\":\"ListItem\",\"position\":2,\"name\":\"Produits\",\"item\":\"https:\\\/\\\/repliquemangacine.fr\\\/boutique\\\/\"},{\"@type\":\"ListItem\",\"position\":3,\"name\":\"Ep\u00e9e Wolf The Witcher 3\"}]},{\"@type\":\"WebSite\",\"@id\":\"https:\\\/\\\/repliquemangacine.fr\\\/#website\",\"url\":\"https:\\\/\\\/repliquemangacine.fr\\\/\",\"name\":\"R\u00e9plique Manga Cin\u00e9\",\"description\":\"\",\"publisher\":{\"@id\":\"https:\\\/\\\/repliquemangacine.fr\\\/#organization\"},\"potentialAction\":[{\"@type\":\"SearchAction\",\"target\":{\"@type\":\"EntryPoint\",\"urlTemplate\":\"https:\\\/\\\/repliquemangacine.fr\\\/?s={search_term_string}\"},\"query-input\":{\"@type\":\"PropertyValueSpecification\",\"valueRequired\":true,\"valueName\":\"search_term_string\"}}],\"inLanguage\":\"en-US\"},{\"@type\":\"Organization\",\"@id\":\"https:\\\/\\\/repliquemangacine.fr\\\/#organization\",\"name\":\"R\u00e9plique Manga Cin\u00e9\",\"url\":\"https:\\\/\\\/repliquemangacine.fr\\\/\",\"logo\":{\"@type\":\"ImageObject\",\"inLanguage\":\"en-US\",\"@id\":\"https:\\\/\\\/repliquemangacine.fr\\\/#\\\/schema\\\/logo\\\/image\\\/\",\"url\":\"https:\\\/\\\/repliquemangacine.fr\\\/wp-content\\\/uploads\\\/2023\\\/10\\\/RMC-500250.png\",\"contentUrl\":\"https:\\\/\\\/repliquemangacine.fr\\\/wp-content\\\/uploads\\\/2023\\\/10\\\/RMC-500250.png\",\"width\":500,\"height\":250,\"caption\":\"R\u00e9plique Manga Cin\u00e9\"},\"image\":{\"@id\":\"https:\\\/\\\/repliquemangacine.fr\\\/#\\\/schema\\\/logo\\\/image\\\/\"},\"sameAs\":[\"https:\\\/\\\/www.facebook.com\\\/RepliqueMangaCine\",\"https:\\\/\\\/www.instagram.com\\\/repliquemangacine.fr\\\/\"]}]}<\/script>\n<!-- \/ Yoast SEO plugin. -->","yoast_head_json":{"title":"Sword Wolf The Witcher3 - Geralt de Riv - Online Shop | RMC","description":"Treat yourself to The Witcher3 Wolf Sword at the best price. Steel blade - Scabbard - Wolf pommel - Free medallion - Length: 123 cm - Shipment 24\/48h","robots":{"index":"index","follow":"follow","max-snippet":"max-snippet:-1","max-image-preview":"max-image-preview:large","max-video-preview":"max-video-preview:-1"},"canonical":"https:\/\/repliquemangacine.fr\/en\/epee-the-witcher\/epee-wolf-the-witcher3\/","og_locale":"en_US","og_type":"article","og_title":"Ep\u00e9e Wolf The Witcher3 - G\u00e9ralt de Riv - Boutique en ligne | RMC","og_description":"Offrez-vous l'Ep\u00e9e Wolf The Witcher3 au meilleur prix. Lame en acier - Fourreau - Pommeau loup - M\u00e9daillon offert - Longueur : 123 cm - Envoi 24\/48h","og_url":"https:\/\/repliquemangacine.fr\/en\/epee-the-witcher\/epee-wolf-the-witcher3\/","og_site_name":"R\u00e9plique Manga Cin\u00e9","article_publisher":"https:\/\/www.facebook.com\/RepliqueMangaCine","article_modified_time":"2026-03-31T08:57:35+00:00","og_image":[{"width":500,"height":500,"url":"https:\/\/repliquemangacine.fr\/wp-content\/uploads\/2023\/10\/epee-gerald-de-riv.png","type":"image\/png"}],"twitter_card":"summary_large_image","twitter_misc":{"Est. reading time":"1 minute"},"schema":{"@context":"https:\/\/schema.org","@graph":[{"@type":"WebPage","@id":"https:\/\/repliquemangacine.fr\/epee-the-witcher\/epee-wolf-the-witcher3\/","url":"https:\/\/repliquemangacine.fr\/epee-the-witcher\/epee-wolf-the-witcher3\/","name":"Sword Wolf The Witcher3 - Geralt de Riv - Online Shop | RMC","isPartOf":{"@id":"https:\/\/repliquemangacine.fr\/#website"},"primaryImageOfPage":{"@id":"https:\/\/repliquemangacine.fr\/epee-the-witcher\/epee-wolf-the-witcher3\/#primaryimage"},"image":{"@id":"https:\/\/repliquemangacine.fr\/epee-the-witcher\/epee-wolf-the-witcher3\/#primaryimage"},"thumbnailUrl":"https:\/\/repliquemangacine.fr\/wp-content\/uploads\/2023\/10\/epee-gerald-de-riv.png","datePublished":"2018-05-17T12:29:58+00:00","dateModified":"2026-03-31T08:57:35+00:00","description":"Treat yourself to The Witcher3 Wolf Sword at the best price. Steel blade - Scabbard - Wolf pommel - Free medallion - Length: 123 cm - Shipment 24\/48h","breadcrumb":{"@id":"https:\/\/repliquemangacine.fr\/epee-the-witcher\/epee-wolf-the-witcher3\/#breadcrumb"},"inLanguage":"en-US","potentialAction":[{"@type":"ReadAction","target":["https:\/\/repliquemangacine.fr\/epee-the-witcher\/epee-wolf-the-witcher3\/"]}]},{"@type":"ImageObject","inLanguage":"en-US","@id":"https:\/\/repliquemangacine.fr\/epee-the-witcher\/epee-wolf-the-witcher3\/#primaryimage","url":"https:\/\/repliquemangacine.fr\/wp-content\/uploads\/2023\/10\/epee-gerald-de-riv.png","contentUrl":"https:\/\/repliquemangacine.fr\/wp-content\/uploads\/2023\/10\/epee-gerald-de-riv.png","width":500,"height":500,"caption":"Ep\u00e9e Wolf The Witcher3 geralt de riv"},{"@type":"BreadcrumbList","@id":"https:\/\/repliquemangacine.fr\/epee-the-witcher\/epee-wolf-the-witcher3\/#breadcrumb","itemListElement":[{"@type":"ListItem","position":1,"name":"Accueil","item":"https:\/\/repliquemangacine.fr\/"},{"@type":"ListItem","position":2,"name":"Produits","item":"https:\/\/repliquemangacine.fr\/boutique\/"},{"@type":"ListItem","position":3,"name":"Ep\u00e9e Wolf The Witcher 3"}]},{"@type":"WebSite","@id":"https:\/\/repliquemangacine.fr\/#website","url":"https:\/\/repliquemangacine.fr\/","name":"R\u00e9plique Manga Cin\u00e9","description":"","publisher":{"@id":"https:\/\/repliquemangacine.fr\/#organization"},"potentialAction":[{"@type":"SearchAction","target":{"@type":"EntryPoint","urlTemplate":"https:\/\/repliquemangacine.fr\/?s={search_term_string}"},"query-input":{"@type":"PropertyValueSpecification","valueRequired":true,"valueName":"search_term_string"}}],"inLanguage":"en-US"},{"@type":"Organization","@id":"https:\/\/repliquemangacine.fr\/#organization","name":"R\u00e9plique Manga Cin\u00e9","url":"https:\/\/repliquemangacine.fr\/","logo":{"@type":"ImageObject","inLanguage":"en-US","@id":"https:\/\/repliquemangacine.fr\/#\/schema\/logo\/image\/","url":"https:\/\/repliquemangacine.fr\/wp-content\/uploads\/2023\/10\/RMC-500250.png","contentUrl":"https:\/\/repliquemangacine.fr\/wp-content\/uploads\/2023\/10\/RMC-500250.png","width":500,"height":250,"caption":"R\u00e9plique Manga Cin\u00e9"},"image":{"@id":"https:\/\/repliquemangacine.fr\/#\/schema\/logo\/image\/"},"sameAs":["https:\/\/www.facebook.com\/RepliqueMangaCine","https:\/\/www.instagram.com\/repliquemangacine.fr\/"]}]}},"_links":{"self":[{"href":"https:\/\/repliquemangacine.fr\/en\/wp-json\/wp\/v2\/product\/27867","targetHints":{"allow":["GET"]}}],"collection":[{"href":"https:\/\/repliquemangacine.fr\/en\/wp-json\/wp\/v2\/product"}],"about":[{"href":"https:\/\/repliquemangacine.fr\/en\/wp-json\/wp\/v2\/types\/product"}],"wp:featuredmedia":[{"embeddable":true,"href":"https:\/\/repliquemangacine.fr\/en\/wp-json\/wp\/v2\/media\/27868"}],"wp:attachment":[{"href":"https:\/\/repliquemangacine.fr\/en\/wp-json\/wp\/v2\/media?parent=27867"}],"wp:term":[{"taxonomy":"product_brand","embeddable":true,"href":"https:\/\/repliquemangacine.fr\/en\/wp-json\/wp\/v2\/product_brand?post=27867"},{"taxonomy":"product_cat","embeddable":true,"href":"https:\/\/repliquemangacine.fr\/en\/wp-json\/wp\/v2\/product_cat?post=27867"},{"taxonomy":"product_tag","embeddable":true,"href":"https:\/\/repliquemangacine.fr\/en\/wp-json\/wp\/v2\/product_tag?post=27867"}],"curies":[{"name":"wp","href":"https:\/\/api.w.org\/{rel}","templated":true}]}}