





{"id":27799,"date":"2018-04-07T17:07:08","date_gmt":"2018-04-07T15:07:08","guid":{"rendered":"https:\/\/repliquemangacine.fr\/?post_type=product&#038;p=27799"},"modified":"2026-04-16T10:04:44","modified_gmt":"2026-04-16T08:04:44","slug":"replica-of-king-ragnar-lothbroks-sword-from-the-tv-series-vikings","status":"publish","type":"product","link":"https:\/\/repliquemangacine.fr\/en\/epees-serie-tv-vikings\/replique-de-l-epee-du-roi-ragnar-lothbrok-dans-la-serie-tv-vikings\/","title":{"rendered":"Ragnar Lothbrok sword"},"content":{"rendered":"<h2>Ragnar Lothbrok's sword in Vikings<\/h2>\n<p>To begin with, we see the<strong>Ragnar Lothbrok's sword<\/strong> in the hands of kings throughout the series. Ragnar's son Bjorn was the last to die with the sword.<\/p>\n<p>For more than 100 years, the Vikings led numerous deadly raids into France. These warriors from Norway won many victories. They even established themselves in Normandy.<\/p>\n<p>Remarkable navigators, the Vikings also ventured as far as the Iberian Peninsula in 844. The Vikings enter the Mediterranean through the Strait of Gibraltar.<\/p>\n<p>Known as fearsome warriors, the Vikings never managed to form a real army. Their predatory tactics cannot be attributed to a military art they did not master.<\/p>\n<h2>Your Sword of Ragnar Lothbrock at the best price.<\/h2>\n<p>We offer a wide selection of swords, as well as helmets and shields from the Viking era.<\/p>\n<p>First and foremost,<\/p>\n<ul>\n<li>This <a href=\"https:\/\/repliquemangacine.fr\/en\/viking\/lagertha-vikings-sword\/\">Lagertha's sword<\/a> wife of Ragnar Lothbrok from the Viking series.<\/li>\n<li>There is also the <a href=\"https:\/\/repliquemangacine.fr\/en\/viking\/viking-axe-king-ragnars-axe\/\">Ragnar's axe<\/a>recreated from the prop in the \"Vikings\" TV series.<\/li>\n<li>And much, much more!<\/li>\n<li>If you are looking for a bracelet or a ring, discover our partner store. <a href=\"https:\/\/www.viking-clan.com\/\" target=\"_blank\" rel=\"noopener noreferrer\">Viking Clan<\/a>.<\/li>\n<\/ul>\n<p>So here's a great gift idea for fans of the famous Vikings series.<\/p>\n<p>In conclusion, you can also use this Sword for your cosplay parades or historical re-enactments. But above all, the<strong>Ragnar Lothbrok's sword<\/strong>is a collector's item, as well as a decorative one.<\/p>\n<h2>How to maintain the blade of your Viking sword?<\/h2>\n<p>Collector's and decorative swords are made and assembled in a simplified way. As their use is decorative, they lack the safety features required of a Japanese sword intended for training.<\/p>\n<p>However, your <strong>Ragnar Lothbrock's sword<\/strong> to a steel blade that needs to be cared for to avoid damage over time. In fact, when you display your katana, your friends will be curious to see and touch the blade. This is where you need to be careful, as the acidity of your fingers is very harmful to steel, whatever its quality.<\/p>\n<p>However, if this does happen, don't panic - all you need is a cloth dampened with a little oil and a wipe of fingerprints. By doing so, you'll keep your sword looking its best for a very long time.<\/p>","protected":false},"excerpt":{"rendered":"<p>King Ragnar Lothbrok's sword in Vikings.<\/p>\n<ul>\n<li>Mirror stainless steel blade with groove.<\/li>\n<li>Engraving of Viking runes.<\/li>\n<li>Guard, handle and pommel are in aged bronze steel.<\/li>\n<li>Inlay of synthetic stones.<\/li>\n<li>Wooden stand <strong>no logo (wrong photo)<\/strong>.<\/li>\n<li>Blade length: 84 cm - Total length: 105 cm<\/li>\n<\/ul>","protected":false},"featured_media":27800,"template":"","meta":[],"product_brand":[896],"product_cat":[25,84,112,24,43,103,57],"product_tag":[],"class_list":{"0":"post-27799","1":"product","2":"type-product","3":"status-publish","4":"has-post-thumbnail","6":"product_brand-replique-manga-cine","7":"product_cat-armes-historiques","8":"product_cat-epee-templier-medievale","9":"product_cat-epees-serie-tv-vikings","10":"product_cat-films-series-tv-vente-de-katana-epee-et-produits-derives","11":"product_cat-reproductions-d-armes-et-accessoires-medievales","12":"product_cat-armes-et-accessoires-vikings","13":"product_cat-armes-vikings","15":"first","16":"instock","17":"sale","18":"taxable","19":"shipping-taxable","20":"purchasable","21":"product-type-simple"},"yoast_head":"<!-- This site is optimized with the Yoast SEO plugin v27.5 - https:\/\/yoast.com\/product\/yoast-seo-wordpress\/ -->\n<title>Ep\u00e9e de Ragnar Lothbrok - Ep\u00e9e Vikings | R\u00e9plique Manga Cin\u00e9<\/title>\n<meta name=\"description\" content=\"Offrez-vous l&#039;Ep\u00e9e de Ragnar Lothbrok dans la s\u00e9rie TV Viking au meilleur prix. Lame en acier grav\u00e9e - Garde et pommeau en acier vieilli - Support - 105 cm\" \/>\n<meta name=\"robots\" content=\"index, follow, max-snippet:-1, max-image-preview:large, max-video-preview:-1\" \/>\n<link rel=\"canonical\" href=\"https:\/\/repliquemangacine.fr\/en\/swords-tv-series-vikings\/replica-of-king-ragnar-lothbroks-sword-from-the-tv-series-vikings\/\" \/>\n<meta property=\"og:locale\" content=\"en_US\" \/>\n<meta property=\"og:type\" content=\"article\" \/>\n<meta property=\"og:title\" content=\"Ep\u00e9e de Ragnar Lothbrok - Ep\u00e9e Vikings | R\u00e9plique Manga Cin\u00e9\" \/>\n<meta property=\"og:description\" content=\"Offrez-vous l&#039;Ep\u00e9e de Ragnar Lothbrok dans la s\u00e9rie TV Viking au meilleur prix. Lame en acier grav\u00e9e - Garde et pommeau en acier vieilli - Support - 105 cm\" \/>\n<meta property=\"og:url\" content=\"https:\/\/repliquemangacine.fr\/en\/swords-tv-series-vikings\/replica-of-king-ragnar-lothbroks-sword-from-the-tv-series-vikings\/\" \/>\n<meta property=\"og:site_name\" content=\"R\u00e9plique Manga Cin\u00e9\" \/>\n<meta property=\"article:publisher\" content=\"https:\/\/www.facebook.com\/RepliqueMangaCine\" \/>\n<meta property=\"article:modified_time\" content=\"2026-04-16T08:04:44+00:00\" \/>\n<meta property=\"og:image\" content=\"https:\/\/repliquemangacine.fr\/wp-content\/uploads\/2023\/10\/2552-Replique-de-lepee-du-roi-Ragnar-Lothbrok-dans-la-serie-TV-Vikings.jpg\" \/>\n\t<meta property=\"og:image:width\" content=\"600\" \/>\n\t<meta property=\"og:image:height\" content=\"600\" \/>\n\t<meta property=\"og:image:type\" content=\"image\/jpeg\" \/>\n<meta name=\"twitter:card\" content=\"summary_large_image\" \/>\n<meta name=\"twitter:label1\" content=\"Est. reading time\" \/>\n\t<meta name=\"twitter:data1\" content=\"3 minutes\" \/>\n<script type=\"application\/ld+json\" class=\"yoast-schema-graph\">{\"@context\":\"https:\\\/\\\/schema.org\",\"@graph\":[{\"@type\":\"WebPage\",\"@id\":\"https:\\\/\\\/repliquemangacine.fr\\\/epees-serie-tv-vikings\\\/replique-de-l-epee-du-roi-ragnar-lothbrok-dans-la-serie-tv-vikings\\\/\",\"url\":\"https:\\\/\\\/repliquemangacine.fr\\\/epees-serie-tv-vikings\\\/replique-de-l-epee-du-roi-ragnar-lothbrok-dans-la-serie-tv-vikings\\\/\",\"name\":\"Ep\u00e9e de Ragnar Lothbrok - Ep\u00e9e Vikings | R\u00e9plique Manga Cin\u00e9\",\"isPartOf\":{\"@id\":\"https:\\\/\\\/repliquemangacine.fr\\\/#website\"},\"primaryImageOfPage\":{\"@id\":\"https:\\\/\\\/repliquemangacine.fr\\\/epees-serie-tv-vikings\\\/replique-de-l-epee-du-roi-ragnar-lothbrok-dans-la-serie-tv-vikings\\\/#primaryimage\"},\"image\":{\"@id\":\"https:\\\/\\\/repliquemangacine.fr\\\/epees-serie-tv-vikings\\\/replique-de-l-epee-du-roi-ragnar-lothbrok-dans-la-serie-tv-vikings\\\/#primaryimage\"},\"thumbnailUrl\":\"https:\\\/\\\/repliquemangacine.fr\\\/wp-content\\\/uploads\\\/2023\\\/10\\\/2552-Replique-de-lepee-du-roi-Ragnar-Lothbrok-dans-la-serie-TV-Vikings.jpg\",\"datePublished\":\"2018-04-07T15:07:08+00:00\",\"dateModified\":\"2026-04-16T08:04:44+00:00\",\"description\":\"Offrez-vous l'Ep\u00e9e de Ragnar Lothbrok dans la s\u00e9rie TV Viking au meilleur prix. Lame en acier grav\u00e9e - Garde et pommeau en acier vieilli - Support - 105 cm\",\"breadcrumb\":{\"@id\":\"https:\\\/\\\/repliquemangacine.fr\\\/epees-serie-tv-vikings\\\/replique-de-l-epee-du-roi-ragnar-lothbrok-dans-la-serie-tv-vikings\\\/#breadcrumb\"},\"inLanguage\":\"en-US\",\"potentialAction\":[{\"@type\":\"ReadAction\",\"target\":[\"https:\\\/\\\/repliquemangacine.fr\\\/epees-serie-tv-vikings\\\/replique-de-l-epee-du-roi-ragnar-lothbrok-dans-la-serie-tv-vikings\\\/\"]}]},{\"@type\":\"ImageObject\",\"inLanguage\":\"en-US\",\"@id\":\"https:\\\/\\\/repliquemangacine.fr\\\/epees-serie-tv-vikings\\\/replique-de-l-epee-du-roi-ragnar-lothbrok-dans-la-serie-tv-vikings\\\/#primaryimage\",\"url\":\"https:\\\/\\\/repliquemangacine.fr\\\/wp-content\\\/uploads\\\/2023\\\/10\\\/2552-Replique-de-lepee-du-roi-Ragnar-Lothbrok-dans-la-serie-TV-Vikings.jpg\",\"contentUrl\":\"https:\\\/\\\/repliquemangacine.fr\\\/wp-content\\\/uploads\\\/2023\\\/10\\\/2552-Replique-de-lepee-du-roi-Ragnar-Lothbrok-dans-la-serie-TV-Vikings.jpg\",\"width\":600,\"height\":600,\"caption\":\"R\u00e9plique de Ep\u00e9e de Ragnar Lothbrok dans la serie TV Vikings\"},{\"@type\":\"BreadcrumbList\",\"@id\":\"https:\\\/\\\/repliquemangacine.fr\\\/epees-serie-tv-vikings\\\/replique-de-l-epee-du-roi-ragnar-lothbrok-dans-la-serie-tv-vikings\\\/#breadcrumb\",\"itemListElement\":[{\"@type\":\"ListItem\",\"position\":1,\"name\":\"Accueil\",\"item\":\"https:\\\/\\\/repliquemangacine.fr\\\/\"},{\"@type\":\"ListItem\",\"position\":2,\"name\":\"Produits\",\"item\":\"https:\\\/\\\/repliquemangacine.fr\\\/boutique\\\/\"},{\"@type\":\"ListItem\",\"position\":3,\"name\":\"Ep\u00e9e Ragnar Lothbrok\"}]},{\"@type\":\"WebSite\",\"@id\":\"https:\\\/\\\/repliquemangacine.fr\\\/#website\",\"url\":\"https:\\\/\\\/repliquemangacine.fr\\\/\",\"name\":\"R\u00e9plique Manga Cin\u00e9\",\"description\":\"\",\"publisher\":{\"@id\":\"https:\\\/\\\/repliquemangacine.fr\\\/#organization\"},\"potentialAction\":[{\"@type\":\"SearchAction\",\"target\":{\"@type\":\"EntryPoint\",\"urlTemplate\":\"https:\\\/\\\/repliquemangacine.fr\\\/?s={search_term_string}\"},\"query-input\":{\"@type\":\"PropertyValueSpecification\",\"valueRequired\":true,\"valueName\":\"search_term_string\"}}],\"inLanguage\":\"en-US\"},{\"@type\":\"Organization\",\"@id\":\"https:\\\/\\\/repliquemangacine.fr\\\/#organization\",\"name\":\"R\u00e9plique Manga Cin\u00e9\",\"url\":\"https:\\\/\\\/repliquemangacine.fr\\\/\",\"logo\":{\"@type\":\"ImageObject\",\"inLanguage\":\"en-US\",\"@id\":\"https:\\\/\\\/repliquemangacine.fr\\\/#\\\/schema\\\/logo\\\/image\\\/\",\"url\":\"https:\\\/\\\/repliquemangacine.fr\\\/wp-content\\\/uploads\\\/2023\\\/10\\\/RMC-500250.png\",\"contentUrl\":\"https:\\\/\\\/repliquemangacine.fr\\\/wp-content\\\/uploads\\\/2023\\\/10\\\/RMC-500250.png\",\"width\":500,\"height\":250,\"caption\":\"R\u00e9plique Manga Cin\u00e9\"},\"image\":{\"@id\":\"https:\\\/\\\/repliquemangacine.fr\\\/#\\\/schema\\\/logo\\\/image\\\/\"},\"sameAs\":[\"https:\\\/\\\/www.facebook.com\\\/RepliqueMangaCine\",\"https:\\\/\\\/www.instagram.com\\\/repliquemangacine.fr\\\/\"]}]}<\/script>\n<!-- \/ Yoast SEO plugin. -->","yoast_head_json":{"title":"Ragnar Lothbrok's sword - Vikings sword | R\u00e9plique Manga Cin\u00e9","description":"Treat yourself to Ragnar Lothbrok's sword from the Viking TV series at the best price. Engraved steel blade - Antique steel hilt and pommel - Stand - 105 cm","robots":{"index":"index","follow":"follow","max-snippet":"max-snippet:-1","max-image-preview":"max-image-preview:large","max-video-preview":"max-video-preview:-1"},"canonical":"https:\/\/repliquemangacine.fr\/en\/swords-tv-series-vikings\/replica-of-king-ragnar-lothbroks-sword-from-the-tv-series-vikings\/","og_locale":"en_US","og_type":"article","og_title":"Ep\u00e9e de Ragnar Lothbrok - Ep\u00e9e Vikings | R\u00e9plique Manga Cin\u00e9","og_description":"Offrez-vous l'Ep\u00e9e de Ragnar Lothbrok dans la s\u00e9rie TV Viking au meilleur prix. Lame en acier grav\u00e9e - Garde et pommeau en acier vieilli - Support - 105 cm","og_url":"https:\/\/repliquemangacine.fr\/en\/swords-tv-series-vikings\/replica-of-king-ragnar-lothbroks-sword-from-the-tv-series-vikings\/","og_site_name":"R\u00e9plique Manga Cin\u00e9","article_publisher":"https:\/\/www.facebook.com\/RepliqueMangaCine","article_modified_time":"2026-04-16T08:04:44+00:00","og_image":[{"width":600,"height":600,"url":"https:\/\/repliquemangacine.fr\/wp-content\/uploads\/2023\/10\/2552-Replique-de-lepee-du-roi-Ragnar-Lothbrok-dans-la-serie-TV-Vikings.jpg","type":"image\/jpeg"}],"twitter_card":"summary_large_image","twitter_misc":{"Est. reading time":"3 minutes"},"schema":{"@context":"https:\/\/schema.org","@graph":[{"@type":"WebPage","@id":"https:\/\/repliquemangacine.fr\/epees-serie-tv-vikings\/replique-de-l-epee-du-roi-ragnar-lothbrok-dans-la-serie-tv-vikings\/","url":"https:\/\/repliquemangacine.fr\/epees-serie-tv-vikings\/replique-de-l-epee-du-roi-ragnar-lothbrok-dans-la-serie-tv-vikings\/","name":"Ragnar Lothbrok's sword - Vikings sword | R\u00e9plique Manga Cin\u00e9","isPartOf":{"@id":"https:\/\/repliquemangacine.fr\/#website"},"primaryImageOfPage":{"@id":"https:\/\/repliquemangacine.fr\/epees-serie-tv-vikings\/replique-de-l-epee-du-roi-ragnar-lothbrok-dans-la-serie-tv-vikings\/#primaryimage"},"image":{"@id":"https:\/\/repliquemangacine.fr\/epees-serie-tv-vikings\/replique-de-l-epee-du-roi-ragnar-lothbrok-dans-la-serie-tv-vikings\/#primaryimage"},"thumbnailUrl":"https:\/\/repliquemangacine.fr\/wp-content\/uploads\/2023\/10\/2552-Replique-de-lepee-du-roi-Ragnar-Lothbrok-dans-la-serie-TV-Vikings.jpg","datePublished":"2018-04-07T15:07:08+00:00","dateModified":"2026-04-16T08:04:44+00:00","description":"Treat yourself to Ragnar Lothbrok's sword from the Viking TV series at the best price. Engraved steel blade - Antique steel hilt and pommel - Stand - 105 cm","breadcrumb":{"@id":"https:\/\/repliquemangacine.fr\/epees-serie-tv-vikings\/replique-de-l-epee-du-roi-ragnar-lothbrok-dans-la-serie-tv-vikings\/#breadcrumb"},"inLanguage":"en-US","potentialAction":[{"@type":"ReadAction","target":["https:\/\/repliquemangacine.fr\/epees-serie-tv-vikings\/replique-de-l-epee-du-roi-ragnar-lothbrok-dans-la-serie-tv-vikings\/"]}]},{"@type":"ImageObject","inLanguage":"en-US","@id":"https:\/\/repliquemangacine.fr\/epees-serie-tv-vikings\/replique-de-l-epee-du-roi-ragnar-lothbrok-dans-la-serie-tv-vikings\/#primaryimage","url":"https:\/\/repliquemangacine.fr\/wp-content\/uploads\/2023\/10\/2552-Replique-de-lepee-du-roi-Ragnar-Lothbrok-dans-la-serie-TV-Vikings.jpg","contentUrl":"https:\/\/repliquemangacine.fr\/wp-content\/uploads\/2023\/10\/2552-Replique-de-lepee-du-roi-Ragnar-Lothbrok-dans-la-serie-TV-Vikings.jpg","width":600,"height":600,"caption":"R\u00e9plique de Ep\u00e9e de Ragnar Lothbrok dans la serie TV Vikings"},{"@type":"BreadcrumbList","@id":"https:\/\/repliquemangacine.fr\/epees-serie-tv-vikings\/replique-de-l-epee-du-roi-ragnar-lothbrok-dans-la-serie-tv-vikings\/#breadcrumb","itemListElement":[{"@type":"ListItem","position":1,"name":"Accueil","item":"https:\/\/repliquemangacine.fr\/"},{"@type":"ListItem","position":2,"name":"Produits","item":"https:\/\/repliquemangacine.fr\/boutique\/"},{"@type":"ListItem","position":3,"name":"Ep\u00e9e Ragnar Lothbrok"}]},{"@type":"WebSite","@id":"https:\/\/repliquemangacine.fr\/#website","url":"https:\/\/repliquemangacine.fr\/","name":"R\u00e9plique Manga Cin\u00e9","description":"","publisher":{"@id":"https:\/\/repliquemangacine.fr\/#organization"},"potentialAction":[{"@type":"SearchAction","target":{"@type":"EntryPoint","urlTemplate":"https:\/\/repliquemangacine.fr\/?s={search_term_string}"},"query-input":{"@type":"PropertyValueSpecification","valueRequired":true,"valueName":"search_term_string"}}],"inLanguage":"en-US"},{"@type":"Organization","@id":"https:\/\/repliquemangacine.fr\/#organization","name":"R\u00e9plique Manga Cin\u00e9","url":"https:\/\/repliquemangacine.fr\/","logo":{"@type":"ImageObject","inLanguage":"en-US","@id":"https:\/\/repliquemangacine.fr\/#\/schema\/logo\/image\/","url":"https:\/\/repliquemangacine.fr\/wp-content\/uploads\/2023\/10\/RMC-500250.png","contentUrl":"https:\/\/repliquemangacine.fr\/wp-content\/uploads\/2023\/10\/RMC-500250.png","width":500,"height":250,"caption":"R\u00e9plique Manga Cin\u00e9"},"image":{"@id":"https:\/\/repliquemangacine.fr\/#\/schema\/logo\/image\/"},"sameAs":["https:\/\/www.facebook.com\/RepliqueMangaCine","https:\/\/www.instagram.com\/repliquemangacine.fr\/"]}]}},"_links":{"self":[{"href":"https:\/\/repliquemangacine.fr\/en\/wp-json\/wp\/v2\/product\/27799","targetHints":{"allow":["GET"]}}],"collection":[{"href":"https:\/\/repliquemangacine.fr\/en\/wp-json\/wp\/v2\/product"}],"about":[{"href":"https:\/\/repliquemangacine.fr\/en\/wp-json\/wp\/v2\/types\/product"}],"wp:featuredmedia":[{"embeddable":true,"href":"https:\/\/repliquemangacine.fr\/en\/wp-json\/wp\/v2\/media\/27800"}],"wp:attachment":[{"href":"https:\/\/repliquemangacine.fr\/en\/wp-json\/wp\/v2\/media?parent=27799"}],"wp:term":[{"taxonomy":"product_brand","embeddable":true,"href":"https:\/\/repliquemangacine.fr\/en\/wp-json\/wp\/v2\/product_brand?post=27799"},{"taxonomy":"product_cat","embeddable":true,"href":"https:\/\/repliquemangacine.fr\/en\/wp-json\/wp\/v2\/product_cat?post=27799"},{"taxonomy":"product_tag","embeddable":true,"href":"https:\/\/repliquemangacine.fr\/en\/wp-json\/wp\/v2\/product_tag?post=27799"}],"curies":[{"name":"wp","href":"https:\/\/api.w.org\/{rel}","templated":true}]}}