





{"id":27760,"date":"2018-03-25T15:51:15","date_gmt":"2018-03-25T13:51:15","guid":{"rendered":"https:\/\/repliquemangacine.fr\/?post_type=product&#038;p=27760"},"modified":"2026-04-24T12:08:28","modified_gmt":"2026-04-24T10:08:28","slug":"gladius-roman-legionary-sword","status":"publish","type":"product","link":"https:\/\/repliquemangacine.fr\/en\/epees-glaives-antique\/gladius-epee-des-legionnaires-romains\/","title":{"rendered":"Gladius Roman legionnaires"},"content":{"rendered":"<h2>Gladius Roman legionary sword.<\/h2>\n<p>To begin with, the <strong>Gladius legionnaires' sword<\/strong>, Roman sword used to designate a short sword, the weapon of Roman legionaries. Tiberius sword\u00ab<\/p>\n<p>Unfortunately, little or nothing is known about the development of Gladius in the last four centuries before the Christian era.<\/p>\n<p>Roman swords found in archaeological finds only date from the 1st century BC. The only thing that confirms their kinship with the Roman Gladius is the fact that they have exactly the same kind of scabbard. Since the Romans kept the four attachment rings.<\/p>\n<p>Named by modern historians after the Roman city of Pompeii, this Gladius was by far the most popular. Four examples of the sword type have been found at Pompeii.<\/p>\n<h2>Your Gladius Roman Legionnaire sword at the best price.<\/h2>\n<p>We offer a wide selection of swords and helmets from the Antique period.<\/p>\n<p>First and foremost,<\/p>\n<ul>\n<li>Pompei-type swords are made by <a href=\"https:\/\/deepeeka.in\" target=\"_blank\" rel=\"noopener noreferrer\">Deepeeka<\/a>manufacturing in India.<\/li>\n<li>There is also the<a href=\"https:\/\/repliquemangacine.fr\/en\/historical-weapons\/glaive-romain-epee-jules-cesar-noire\/\">Julius Caesar's sword<\/a> manufactured by Denix in Spain.<\/li>\n<li>And the Maximus helmet in the film Gladiator.<\/li>\n<li>And many more to discover in our online store!<\/li>\n<\/ul>\n<p>That's why we've come up with some superb gift ideas for all those who love antiquity.<\/p>\n<p>In conclusion, you can use this <strong>Gladius legionnaires' sword<\/strong> for your historical re-enactments or themed evenings. But above all, it's a collector's item and a decoration.<\/p>\n<h2>How to maintain the blade of your antique sword?<\/h2>\n<p>Collector's and decorative swords are made and assembled in a simplified way. As their use is decorative, they lack the safety features required of a Japanese sword intended for training.<\/p>\n<p>However, your <strong>Gladius legionnaires' sword<\/strong> to a steel blade that needs to be cared for to avoid damage over time. In fact, when you display your katana, your friends will be curious to see and touch the blade. This is where you need to be careful, as the acidity of your fingers is very harmful to steel, whatever its quality.<\/p>\n<p>However, if this does happen, don't panic - all you need is a cloth dampened with a little oil and a wipe of fingerprints. By doing so, you'll keep your sword looking its best for a very long time.<\/p>","protected":false},"excerpt":{"rendered":"<p>Glaive, carried by Roman legionaries.<\/p>\n<ul>\n<li>Double-edged steel blade.<\/li>\n<li>Bolted blade extension.<\/li>\n<li>Natural wood hilt and pommel.<\/li>\n<li>Genuine animal bone handle.<\/li>\n<li>Leather-covered scabbard with brass fittings.<\/li>\n<li>Blade length: 52 cm - Overall length: 73 cm - Weight: 1400 grs<\/li>\n<\/ul>","protected":false},"featured_media":27761,"template":"","meta":[],"product_brand":[896],"product_cat":[31,25,73],"product_tag":[],"class_list":{"0":"post-27760","1":"product","2":"type-product","3":"status-publish","4":"has-post-thumbnail","6":"product_brand-replique-manga-cine","7":"product_cat-armes-antiques","8":"product_cat-armes-historiques","9":"product_cat-epees-glaives-antique","11":"first","12":"instock","13":"taxable","14":"shipping-taxable","15":"purchasable","16":"product-type-simple"},"yoast_head":"<!-- This site is optimized with the Yoast SEO plugin v27.5 - https:\/\/yoast.com\/product\/yoast-seo-wordpress\/ -->\n<title>Gladius \u00e9p\u00e9e des l\u00e9gionnaires- Ep\u00e9e Antique | RepliqueMangaCine<\/title>\n<meta name=\"description\" content=\"D\u00e9couvrez votre Gladius \u00e9p\u00e9e des L\u00e9gionnaires Romain au meilleur prix. Lame acier - Garde et pommeau en bois naturel - Longueur totale : 73 cm\" \/>\n<meta name=\"robots\" content=\"index, follow, max-snippet:-1, max-image-preview:large, max-video-preview:-1\" \/>\n<link rel=\"canonical\" href=\"https:\/\/repliquemangacine.fr\/en\/antique-sword-swords\/gladius-roman-legionary-sword\/\" \/>\n<meta property=\"og:locale\" content=\"en_US\" \/>\n<meta property=\"og:type\" content=\"article\" \/>\n<meta property=\"og:title\" content=\"Gladius \u00e9p\u00e9e des l\u00e9gionnaires- Ep\u00e9e Antique | RepliqueMangaCine\" \/>\n<meta property=\"og:description\" content=\"D\u00e9couvrez votre Gladius \u00e9p\u00e9e des L\u00e9gionnaires Romain au meilleur prix. Lame acier - Garde et pommeau en bois naturel - Longueur totale : 73 cm\" \/>\n<meta property=\"og:url\" content=\"https:\/\/repliquemangacine.fr\/en\/antique-sword-swords\/gladius-roman-legionary-sword\/\" \/>\n<meta property=\"og:site_name\" content=\"R\u00e9plique Manga Cin\u00e9\" \/>\n<meta property=\"article:publisher\" content=\"https:\/\/www.facebook.com\/RepliqueMangaCine\" \/>\n<meta property=\"article:modified_time\" content=\"2026-04-24T10:08:28+00:00\" \/>\n<meta property=\"og:image\" content=\"https:\/\/repliquemangacine.fr\/wp-content\/uploads\/2023\/10\/2515-Glaive-epee-des-legionnaires-romains.jpg\" \/>\n\t<meta property=\"og:image:width\" content=\"600\" \/>\n\t<meta property=\"og:image:height\" content=\"600\" \/>\n\t<meta property=\"og:image:type\" content=\"image\/jpeg\" \/>\n<meta name=\"twitter:card\" content=\"summary_large_image\" \/>\n<meta name=\"twitter:label1\" content=\"Est. reading time\" \/>\n\t<meta name=\"twitter:data1\" content=\"2 minutes\" \/>\n<script type=\"application\/ld+json\" class=\"yoast-schema-graph\">{\"@context\":\"https:\\\/\\\/schema.org\",\"@graph\":[{\"@type\":\"WebPage\",\"@id\":\"https:\\\/\\\/repliquemangacine.fr\\\/epees-glaives-antique\\\/gladius-epee-des-legionnaires-romains\\\/\",\"url\":\"https:\\\/\\\/repliquemangacine.fr\\\/epees-glaives-antique\\\/gladius-epee-des-legionnaires-romains\\\/\",\"name\":\"Gladius \u00e9p\u00e9e des l\u00e9gionnaires- Ep\u00e9e Antique | RepliqueMangaCine\",\"isPartOf\":{\"@id\":\"https:\\\/\\\/repliquemangacine.fr\\\/#website\"},\"primaryImageOfPage\":{\"@id\":\"https:\\\/\\\/repliquemangacine.fr\\\/epees-glaives-antique\\\/gladius-epee-des-legionnaires-romains\\\/#primaryimage\"},\"image\":{\"@id\":\"https:\\\/\\\/repliquemangacine.fr\\\/epees-glaives-antique\\\/gladius-epee-des-legionnaires-romains\\\/#primaryimage\"},\"thumbnailUrl\":\"https:\\\/\\\/repliquemangacine.fr\\\/wp-content\\\/uploads\\\/2023\\\/10\\\/2515-Glaive-epee-des-legionnaires-romains.jpg\",\"datePublished\":\"2018-03-25T13:51:15+00:00\",\"dateModified\":\"2026-04-24T10:08:28+00:00\",\"description\":\"D\u00e9couvrez votre Gladius \u00e9p\u00e9e des L\u00e9gionnaires Romain au meilleur prix. Lame acier - Garde et pommeau en bois naturel - Longueur totale : 73 cm\",\"breadcrumb\":{\"@id\":\"https:\\\/\\\/repliquemangacine.fr\\\/epees-glaives-antique\\\/gladius-epee-des-legionnaires-romains\\\/#breadcrumb\"},\"inLanguage\":\"en-US\",\"potentialAction\":[{\"@type\":\"ReadAction\",\"target\":[\"https:\\\/\\\/repliquemangacine.fr\\\/epees-glaives-antique\\\/gladius-epee-des-legionnaires-romains\\\/\"]}]},{\"@type\":\"ImageObject\",\"inLanguage\":\"en-US\",\"@id\":\"https:\\\/\\\/repliquemangacine.fr\\\/epees-glaives-antique\\\/gladius-epee-des-legionnaires-romains\\\/#primaryimage\",\"url\":\"https:\\\/\\\/repliquemangacine.fr\\\/wp-content\\\/uploads\\\/2023\\\/10\\\/2515-Glaive-epee-des-legionnaires-romains.jpg\",\"contentUrl\":\"https:\\\/\\\/repliquemangacine.fr\\\/wp-content\\\/uploads\\\/2023\\\/10\\\/2515-Glaive-epee-des-legionnaires-romains.jpg\",\"width\":600,\"height\":600,\"caption\":\"Glaive, \u00e9p\u00e9e des l\u00e9gionnaires romains\"},{\"@type\":\"BreadcrumbList\",\"@id\":\"https:\\\/\\\/repliquemangacine.fr\\\/epees-glaives-antique\\\/gladius-epee-des-legionnaires-romains\\\/#breadcrumb\",\"itemListElement\":[{\"@type\":\"ListItem\",\"position\":1,\"name\":\"Accueil\",\"item\":\"https:\\\/\\\/repliquemangacine.fr\\\/\"},{\"@type\":\"ListItem\",\"position\":2,\"name\":\"Produits\",\"item\":\"https:\\\/\\\/repliquemangacine.fr\\\/boutique\\\/\"},{\"@type\":\"ListItem\",\"position\":3,\"name\":\"Gladius l\u00e9gionnaires Romain\"}]},{\"@type\":\"WebSite\",\"@id\":\"https:\\\/\\\/repliquemangacine.fr\\\/#website\",\"url\":\"https:\\\/\\\/repliquemangacine.fr\\\/\",\"name\":\"R\u00e9plique Manga Cin\u00e9\",\"description\":\"\",\"publisher\":{\"@id\":\"https:\\\/\\\/repliquemangacine.fr\\\/#organization\"},\"potentialAction\":[{\"@type\":\"SearchAction\",\"target\":{\"@type\":\"EntryPoint\",\"urlTemplate\":\"https:\\\/\\\/repliquemangacine.fr\\\/?s={search_term_string}\"},\"query-input\":{\"@type\":\"PropertyValueSpecification\",\"valueRequired\":true,\"valueName\":\"search_term_string\"}}],\"inLanguage\":\"en-US\"},{\"@type\":\"Organization\",\"@id\":\"https:\\\/\\\/repliquemangacine.fr\\\/#organization\",\"name\":\"R\u00e9plique Manga Cin\u00e9\",\"url\":\"https:\\\/\\\/repliquemangacine.fr\\\/\",\"logo\":{\"@type\":\"ImageObject\",\"inLanguage\":\"en-US\",\"@id\":\"https:\\\/\\\/repliquemangacine.fr\\\/#\\\/schema\\\/logo\\\/image\\\/\",\"url\":\"https:\\\/\\\/repliquemangacine.fr\\\/wp-content\\\/uploads\\\/2023\\\/10\\\/RMC-500250.png\",\"contentUrl\":\"https:\\\/\\\/repliquemangacine.fr\\\/wp-content\\\/uploads\\\/2023\\\/10\\\/RMC-500250.png\",\"width\":500,\"height\":250,\"caption\":\"R\u00e9plique Manga Cin\u00e9\"},\"image\":{\"@id\":\"https:\\\/\\\/repliquemangacine.fr\\\/#\\\/schema\\\/logo\\\/image\\\/\"},\"sameAs\":[\"https:\\\/\\\/www.facebook.com\\\/RepliqueMangaCine\",\"https:\\\/\\\/www.instagram.com\\\/repliquemangacine.fr\\\/\"]}]}<\/script>\n<!-- \/ Yoast SEO plugin. -->","yoast_head_json":{"title":"Gladius sword of the legionnaires- Antique Sword | RepliqueMangaCine","description":"Discover your Gladius Roman Legionnaire sword at the best price. Steel blade - Natural wood hilt and pommel - Total length: 73 cm","robots":{"index":"index","follow":"follow","max-snippet":"max-snippet:-1","max-image-preview":"max-image-preview:large","max-video-preview":"max-video-preview:-1"},"canonical":"https:\/\/repliquemangacine.fr\/en\/antique-sword-swords\/gladius-roman-legionary-sword\/","og_locale":"en_US","og_type":"article","og_title":"Gladius \u00e9p\u00e9e des l\u00e9gionnaires- Ep\u00e9e Antique | RepliqueMangaCine","og_description":"D\u00e9couvrez votre Gladius \u00e9p\u00e9e des L\u00e9gionnaires Romain au meilleur prix. Lame acier - Garde et pommeau en bois naturel - Longueur totale : 73 cm","og_url":"https:\/\/repliquemangacine.fr\/en\/antique-sword-swords\/gladius-roman-legionary-sword\/","og_site_name":"R\u00e9plique Manga Cin\u00e9","article_publisher":"https:\/\/www.facebook.com\/RepliqueMangaCine","article_modified_time":"2026-04-24T10:08:28+00:00","og_image":[{"width":600,"height":600,"url":"https:\/\/repliquemangacine.fr\/wp-content\/uploads\/2023\/10\/2515-Glaive-epee-des-legionnaires-romains.jpg","type":"image\/jpeg"}],"twitter_card":"summary_large_image","twitter_misc":{"Est. reading time":"2 minutes"},"schema":{"@context":"https:\/\/schema.org","@graph":[{"@type":"WebPage","@id":"https:\/\/repliquemangacine.fr\/epees-glaives-antique\/gladius-epee-des-legionnaires-romains\/","url":"https:\/\/repliquemangacine.fr\/epees-glaives-antique\/gladius-epee-des-legionnaires-romains\/","name":"Gladius sword of the legionnaires- Antique Sword | RepliqueMangaCine","isPartOf":{"@id":"https:\/\/repliquemangacine.fr\/#website"},"primaryImageOfPage":{"@id":"https:\/\/repliquemangacine.fr\/epees-glaives-antique\/gladius-epee-des-legionnaires-romains\/#primaryimage"},"image":{"@id":"https:\/\/repliquemangacine.fr\/epees-glaives-antique\/gladius-epee-des-legionnaires-romains\/#primaryimage"},"thumbnailUrl":"https:\/\/repliquemangacine.fr\/wp-content\/uploads\/2023\/10\/2515-Glaive-epee-des-legionnaires-romains.jpg","datePublished":"2018-03-25T13:51:15+00:00","dateModified":"2026-04-24T10:08:28+00:00","description":"Discover your Gladius Roman Legionnaire sword at the best price. Steel blade - Natural wood hilt and pommel - Total length: 73 cm","breadcrumb":{"@id":"https:\/\/repliquemangacine.fr\/epees-glaives-antique\/gladius-epee-des-legionnaires-romains\/#breadcrumb"},"inLanguage":"en-US","potentialAction":[{"@type":"ReadAction","target":["https:\/\/repliquemangacine.fr\/epees-glaives-antique\/gladius-epee-des-legionnaires-romains\/"]}]},{"@type":"ImageObject","inLanguage":"en-US","@id":"https:\/\/repliquemangacine.fr\/epees-glaives-antique\/gladius-epee-des-legionnaires-romains\/#primaryimage","url":"https:\/\/repliquemangacine.fr\/wp-content\/uploads\/2023\/10\/2515-Glaive-epee-des-legionnaires-romains.jpg","contentUrl":"https:\/\/repliquemangacine.fr\/wp-content\/uploads\/2023\/10\/2515-Glaive-epee-des-legionnaires-romains.jpg","width":600,"height":600,"caption":"Glaive, \u00e9p\u00e9e des l\u00e9gionnaires romains"},{"@type":"BreadcrumbList","@id":"https:\/\/repliquemangacine.fr\/epees-glaives-antique\/gladius-epee-des-legionnaires-romains\/#breadcrumb","itemListElement":[{"@type":"ListItem","position":1,"name":"Accueil","item":"https:\/\/repliquemangacine.fr\/"},{"@type":"ListItem","position":2,"name":"Produits","item":"https:\/\/repliquemangacine.fr\/boutique\/"},{"@type":"ListItem","position":3,"name":"Gladius l\u00e9gionnaires Romain"}]},{"@type":"WebSite","@id":"https:\/\/repliquemangacine.fr\/#website","url":"https:\/\/repliquemangacine.fr\/","name":"R\u00e9plique Manga Cin\u00e9","description":"","publisher":{"@id":"https:\/\/repliquemangacine.fr\/#organization"},"potentialAction":[{"@type":"SearchAction","target":{"@type":"EntryPoint","urlTemplate":"https:\/\/repliquemangacine.fr\/?s={search_term_string}"},"query-input":{"@type":"PropertyValueSpecification","valueRequired":true,"valueName":"search_term_string"}}],"inLanguage":"en-US"},{"@type":"Organization","@id":"https:\/\/repliquemangacine.fr\/#organization","name":"R\u00e9plique Manga Cin\u00e9","url":"https:\/\/repliquemangacine.fr\/","logo":{"@type":"ImageObject","inLanguage":"en-US","@id":"https:\/\/repliquemangacine.fr\/#\/schema\/logo\/image\/","url":"https:\/\/repliquemangacine.fr\/wp-content\/uploads\/2023\/10\/RMC-500250.png","contentUrl":"https:\/\/repliquemangacine.fr\/wp-content\/uploads\/2023\/10\/RMC-500250.png","width":500,"height":250,"caption":"R\u00e9plique Manga Cin\u00e9"},"image":{"@id":"https:\/\/repliquemangacine.fr\/#\/schema\/logo\/image\/"},"sameAs":["https:\/\/www.facebook.com\/RepliqueMangaCine","https:\/\/www.instagram.com\/repliquemangacine.fr\/"]}]}},"_links":{"self":[{"href":"https:\/\/repliquemangacine.fr\/en\/wp-json\/wp\/v2\/product\/27760","targetHints":{"allow":["GET"]}}],"collection":[{"href":"https:\/\/repliquemangacine.fr\/en\/wp-json\/wp\/v2\/product"}],"about":[{"href":"https:\/\/repliquemangacine.fr\/en\/wp-json\/wp\/v2\/types\/product"}],"wp:featuredmedia":[{"embeddable":true,"href":"https:\/\/repliquemangacine.fr\/en\/wp-json\/wp\/v2\/media\/27761"}],"wp:attachment":[{"href":"https:\/\/repliquemangacine.fr\/en\/wp-json\/wp\/v2\/media?parent=27760"}],"wp:term":[{"taxonomy":"product_brand","embeddable":true,"href":"https:\/\/repliquemangacine.fr\/en\/wp-json\/wp\/v2\/product_brand?post=27760"},{"taxonomy":"product_cat","embeddable":true,"href":"https:\/\/repliquemangacine.fr\/en\/wp-json\/wp\/v2\/product_cat?post=27760"},{"taxonomy":"product_tag","embeddable":true,"href":"https:\/\/repliquemangacine.fr\/en\/wp-json\/wp\/v2\/product_tag?post=27760"}],"curies":[{"name":"wp","href":"https:\/\/api.w.org\/{rel}","templated":true}]}}