





{"id":27747,"date":"2018-03-24T18:19:16","date_gmt":"2018-03-24T17:19:16","guid":{"rendered":"https:\/\/repliquemangacine.fr\/?post_type=product&#038;p=27747"},"modified":"2026-03-29T17:16:00","modified_gmt":"2026-03-29T15:16:00","slug":"saint-maurices-sword-from-turin-13th-century","status":"publish","type":"product","link":"https:\/\/repliquemangacine.fr\/en\/epee-templier-medievale\/epee-de-saint-maurice-de-turin-13e-siecle\/","title":{"rendered":"Sword St Maurice of Turin 13\u1d49 Century"},"content":{"rendered":"<h2>Sword of St Maurice of Turin, 13\u1d49 century<\/h2>\n<p>To begin with, the<strong>Sword of St Maurice of Turin<\/strong>, Dating from 1200-1250, it is preserved in Turin along with some remains of Saint-Maurice and venerated as a relic.<\/p>\n<p>Legend has it that the sword used to behead him is a remote probability, having been forged some 1,000 years after his death. Rather, it represents the imagination of medieval historiography under the omnipresent influence of the Church.<\/p>\n<p>Since 1858, the original has been on display at the\u2019<a href=\"https:\/\/www.divento.com\/fr\/turin\/8987-armeria-reale-e-biblitoeca-reale-turin.html\" target=\"_blank\" rel=\"noopener noreferrer\">Royal Armory of Turin<\/a>, AR G 25 in very good condition.<\/p>\n<p>Saint Maurice or Maurice d'Agaune, known as the leader of the Theban Legion. The Catholic Church venerates Saint Maurice as patron saint of the army and infantry, to name but a few.<\/p>\n<h2>Your St Maurice sword at the best price.<\/h2>\n<p>We offer you superb replicas of historic weapons from medieval times.<\/p>\n<p>First and foremost,<\/p>\n<ul>\n<li>L'<a href=\"https:\/\/repliquemangacine.fr\/en\/medieval-sword\/epee-medievale-a-une-main-practical\/\">practical one-handed striking sword<\/a>designed for beginners to combat training.<\/li>\n<li>There is also the<a href=\"https:\/\/repliquemangacine.fr\/en\/other-films\/le-roi-arthur-excalibur-epee-de-legende\/\">Excalibur legendary sword<\/a> used by Arthur in the film \"The Legend of Excalibur\".<\/li>\n<li>And many more to discover in our online store!<\/li>\n<\/ul>\n<p>So, here are some great gift ideas for medieval enthusiasts and collectors.<\/p>\n<p>In conclusion, you can also use this <strong>Sword of Saint Maurice of Turin<\/strong>The perfect complement for your historical re-enactments or themed evenings. But above all, it's also a collector's item and a decorative object.<\/p>\n<h2>How to maintain the blade of your medieval sword?<\/h2>\n<p>Collector's and decorative swords are made and assembled in a simplified way. As their use is decorative, they lack the safety features required of a Japanese sword intended for training.<\/p>\n<p>However, your <strong>Sword of Saint Maurice of Turin<\/strong> to a steel blade that needs to be maintained to prevent damage over time. In fact, when you expose your sword, your friends will be curious to see the blade and touch it. This is where you need to be careful, as the acidity of your fingers is very harmful to steel, whatever its quality.<\/p>\n<p>However, if this does happen, don't panic - all you need is a cloth dampened with a little oil and a wipe of fingerprints. By doing so, you'll keep your sword looking its best for a very long time.<\/p>","protected":false},"excerpt":{"rendered":"<p>Replica of the St Maurice de Turin sword with scabbard.<\/p>\n<ul>\n<li>Hardened steel blade, 48 HRC.<\/li>\n<li>Steel hilt and pommel.<\/li>\n<li>Handle surrounded by leather.<\/li>\n<li>Leather-covered wooden scabbard.<\/li>\n<li>Balance point: approx. 17 cm from the hilt - Oakeshott sword type: XII<\/li>\n<li>Blade length: 78.5 cm - Overall length: 94 cm - Weight: 1150 grs<\/li>\n<\/ul>\n<p><em><strong>\u00a0<\/strong><\/em><\/p>","protected":false},"featured_media":27748,"template":"","meta":[],"product_brand":[896],"product_cat":[25,84,43,101],"product_tag":[],"class_list":{"0":"post-27747","1":"product","2":"type-product","3":"status-publish","4":"has-post-thumbnail","6":"product_brand-replique-manga-cine","7":"product_cat-armes-historiques","8":"product_cat-epee-templier-medievale","9":"product_cat-reproductions-d-armes-et-accessoires-medievales","10":"product_cat-soldes","12":"first","13":"instock","14":"sale","15":"taxable","16":"shipping-taxable","17":"purchasable","18":"product-type-simple"},"yoast_head":"<!-- This site is optimized with the Yoast SEO plugin v27.5 - https:\/\/yoast.com\/product\/yoast-seo-wordpress\/ -->\n<title>Ep\u00e9e de St Maurice - Vente \u00e9p\u00e9e m\u00e9di\u00e9vale | R\u00e9plique Manga Cin\u00e9<\/title>\n<meta name=\"description\" content=\"D\u00e9couvrez cette Ep\u00e9e de St Maurice de Turin au meilleur prix - Lame en acier forg\u00e9 et tremp\u00e9 48 HRC - Point d&#039;\u00e9quilibrage - Fourreau cuir - Longueur : 94 cm\" \/>\n<meta name=\"robots\" content=\"index, follow, max-snippet:-1, max-image-preview:large, max-video-preview:-1\" \/>\n<link rel=\"canonical\" href=\"https:\/\/repliquemangacine.fr\/en\/balances\/saint-maurices-sword-from-turin-13th-century\/\" \/>\n<meta property=\"og:locale\" content=\"en_US\" \/>\n<meta property=\"og:type\" content=\"article\" \/>\n<meta property=\"og:title\" content=\"Ep\u00e9e de St Maurice - Vente \u00e9p\u00e9e m\u00e9di\u00e9vale | R\u00e9plique Manga Cin\u00e9\" \/>\n<meta property=\"og:description\" content=\"D\u00e9couvrez cette Ep\u00e9e de St Maurice de Turin au meilleur prix - Lame en acier forg\u00e9 et tremp\u00e9 48 HRC - Point d&#039;\u00e9quilibrage - Fourreau cuir - Longueur : 94 cm\" \/>\n<meta property=\"og:url\" content=\"https:\/\/repliquemangacine.fr\/en\/balances\/saint-maurices-sword-from-turin-13th-century\/\" \/>\n<meta property=\"og:site_name\" content=\"R\u00e9plique Manga Cin\u00e9\" \/>\n<meta property=\"article:publisher\" content=\"https:\/\/www.facebook.com\/RepliqueMangaCine\" \/>\n<meta property=\"article:modified_time\" content=\"2026-03-29T15:16:00+00:00\" \/>\n<meta property=\"og:image\" content=\"https:\/\/repliquemangacine.fr\/wp-content\/uploads\/2023\/10\/2505-Epee-de-Saint-Maurice-de-Turin-13e-Sieclepommeau.jpg\" \/>\n\t<meta property=\"og:image:width\" content=\"600\" \/>\n\t<meta property=\"og:image:height\" content=\"600\" \/>\n\t<meta property=\"og:image:type\" content=\"image\/jpeg\" \/>\n<meta name=\"twitter:card\" content=\"summary_large_image\" \/>\n<meta name=\"twitter:label1\" content=\"Est. reading time\" \/>\n\t<meta name=\"twitter:data1\" content=\"1 minute\" \/>\n<script type=\"application\/ld+json\" class=\"yoast-schema-graph\">{\"@context\":\"https:\\\/\\\/schema.org\",\"@graph\":[{\"@type\":\"WebPage\",\"@id\":\"https:\\\/\\\/repliquemangacine.fr\\\/soldes\\\/epee-de-saint-maurice-de-turin-13e-siecle\\\/\",\"url\":\"https:\\\/\\\/repliquemangacine.fr\\\/soldes\\\/epee-de-saint-maurice-de-turin-13e-siecle\\\/\",\"name\":\"Ep\u00e9e de St Maurice - Vente \u00e9p\u00e9e m\u00e9di\u00e9vale | R\u00e9plique Manga Cin\u00e9\",\"isPartOf\":{\"@id\":\"https:\\\/\\\/repliquemangacine.fr\\\/#website\"},\"primaryImageOfPage\":{\"@id\":\"https:\\\/\\\/repliquemangacine.fr\\\/soldes\\\/epee-de-saint-maurice-de-turin-13e-siecle\\\/#primaryimage\"},\"image\":{\"@id\":\"https:\\\/\\\/repliquemangacine.fr\\\/soldes\\\/epee-de-saint-maurice-de-turin-13e-siecle\\\/#primaryimage\"},\"thumbnailUrl\":\"https:\\\/\\\/repliquemangacine.fr\\\/wp-content\\\/uploads\\\/2023\\\/10\\\/2505-Epee-de-Saint-Maurice-de-Turin-13e-Sieclepommeau.jpg\",\"datePublished\":\"2018-03-24T17:19:16+00:00\",\"dateModified\":\"2026-03-29T15:16:00+00:00\",\"description\":\"D\u00e9couvrez cette Ep\u00e9e de St Maurice de Turin au meilleur prix - Lame en acier forg\u00e9 et tremp\u00e9 48 HRC - Point d'\u00e9quilibrage - Fourreau cuir - Longueur : 94 cm\",\"breadcrumb\":{\"@id\":\"https:\\\/\\\/repliquemangacine.fr\\\/soldes\\\/epee-de-saint-maurice-de-turin-13e-siecle\\\/#breadcrumb\"},\"inLanguage\":\"en-US\",\"potentialAction\":[{\"@type\":\"ReadAction\",\"target\":[\"https:\\\/\\\/repliquemangacine.fr\\\/soldes\\\/epee-de-saint-maurice-de-turin-13e-siecle\\\/\"]}]},{\"@type\":\"ImageObject\",\"inLanguage\":\"en-US\",\"@id\":\"https:\\\/\\\/repliquemangacine.fr\\\/soldes\\\/epee-de-saint-maurice-de-turin-13e-siecle\\\/#primaryimage\",\"url\":\"https:\\\/\\\/repliquemangacine.fr\\\/wp-content\\\/uploads\\\/2023\\\/10\\\/2505-Epee-de-Saint-Maurice-de-Turin-13e-Sieclepommeau.jpg\",\"contentUrl\":\"https:\\\/\\\/repliquemangacine.fr\\\/wp-content\\\/uploads\\\/2023\\\/10\\\/2505-Epee-de-Saint-Maurice-de-Turin-13e-Sieclepommeau.jpg\",\"width\":600,\"height\":600,\"caption\":\"Ep\u00e9e de St Maurice de Turin 13e Si\u00e8cle+pommeau\"},{\"@type\":\"BreadcrumbList\",\"@id\":\"https:\\\/\\\/repliquemangacine.fr\\\/soldes\\\/epee-de-saint-maurice-de-turin-13e-siecle\\\/#breadcrumb\",\"itemListElement\":[{\"@type\":\"ListItem\",\"position\":1,\"name\":\"Accueil\",\"item\":\"https:\\\/\\\/repliquemangacine.fr\\\/\"},{\"@type\":\"ListItem\",\"position\":2,\"name\":\"Produits\",\"item\":\"https:\\\/\\\/repliquemangacine.fr\\\/boutique\\\/\"},{\"@type\":\"ListItem\",\"position\":3,\"name\":\"\u00c9p\u00e9e St Maurice de Turin 13\u1d49 Si\u00e8cle\"}]},{\"@type\":\"WebSite\",\"@id\":\"https:\\\/\\\/repliquemangacine.fr\\\/#website\",\"url\":\"https:\\\/\\\/repliquemangacine.fr\\\/\",\"name\":\"R\u00e9plique Manga Cin\u00e9\",\"description\":\"\",\"publisher\":{\"@id\":\"https:\\\/\\\/repliquemangacine.fr\\\/#organization\"},\"potentialAction\":[{\"@type\":\"SearchAction\",\"target\":{\"@type\":\"EntryPoint\",\"urlTemplate\":\"https:\\\/\\\/repliquemangacine.fr\\\/?s={search_term_string}\"},\"query-input\":{\"@type\":\"PropertyValueSpecification\",\"valueRequired\":true,\"valueName\":\"search_term_string\"}}],\"inLanguage\":\"en-US\"},{\"@type\":\"Organization\",\"@id\":\"https:\\\/\\\/repliquemangacine.fr\\\/#organization\",\"name\":\"R\u00e9plique Manga Cin\u00e9\",\"url\":\"https:\\\/\\\/repliquemangacine.fr\\\/\",\"logo\":{\"@type\":\"ImageObject\",\"inLanguage\":\"en-US\",\"@id\":\"https:\\\/\\\/repliquemangacine.fr\\\/#\\\/schema\\\/logo\\\/image\\\/\",\"url\":\"https:\\\/\\\/repliquemangacine.fr\\\/wp-content\\\/uploads\\\/2023\\\/10\\\/RMC-500250.png\",\"contentUrl\":\"https:\\\/\\\/repliquemangacine.fr\\\/wp-content\\\/uploads\\\/2023\\\/10\\\/RMC-500250.png\",\"width\":500,\"height\":250,\"caption\":\"R\u00e9plique Manga Cin\u00e9\"},\"image\":{\"@id\":\"https:\\\/\\\/repliquemangacine.fr\\\/#\\\/schema\\\/logo\\\/image\\\/\"},\"sameAs\":[\"https:\\\/\\\/www.facebook.com\\\/RepliqueMangaCine\",\"https:\\\/\\\/www.instagram.com\\\/repliquemangacine.fr\\\/\"]}]}<\/script>\n<!-- \/ Yoast SEO plugin. -->","yoast_head_json":{"title":"Ep\u00e9e de St Maurice - Medieval sword for sale | R\u00e9plique Manga Cin\u00e9","description":"Discover this Ep\u00e9e de St Maurice de Turin at the best price - Forged and tempered steel blade 48 HRC - Balancing point - Leather scabbard - Length: 94 cm","robots":{"index":"index","follow":"follow","max-snippet":"max-snippet:-1","max-image-preview":"max-image-preview:large","max-video-preview":"max-video-preview:-1"},"canonical":"https:\/\/repliquemangacine.fr\/en\/balances\/saint-maurices-sword-from-turin-13th-century\/","og_locale":"en_US","og_type":"article","og_title":"Ep\u00e9e de St Maurice - Vente \u00e9p\u00e9e m\u00e9di\u00e9vale | R\u00e9plique Manga Cin\u00e9","og_description":"D\u00e9couvrez cette Ep\u00e9e de St Maurice de Turin au meilleur prix - Lame en acier forg\u00e9 et tremp\u00e9 48 HRC - Point d'\u00e9quilibrage - Fourreau cuir - Longueur : 94 cm","og_url":"https:\/\/repliquemangacine.fr\/en\/balances\/saint-maurices-sword-from-turin-13th-century\/","og_site_name":"R\u00e9plique Manga Cin\u00e9","article_publisher":"https:\/\/www.facebook.com\/RepliqueMangaCine","article_modified_time":"2026-03-29T15:16:00+00:00","og_image":[{"width":600,"height":600,"url":"https:\/\/repliquemangacine.fr\/wp-content\/uploads\/2023\/10\/2505-Epee-de-Saint-Maurice-de-Turin-13e-Sieclepommeau.jpg","type":"image\/jpeg"}],"twitter_card":"summary_large_image","twitter_misc":{"Est. reading time":"1 minute"},"schema":{"@context":"https:\/\/schema.org","@graph":[{"@type":"WebPage","@id":"https:\/\/repliquemangacine.fr\/soldes\/epee-de-saint-maurice-de-turin-13e-siecle\/","url":"https:\/\/repliquemangacine.fr\/soldes\/epee-de-saint-maurice-de-turin-13e-siecle\/","name":"Ep\u00e9e de St Maurice - Medieval sword for sale | R\u00e9plique Manga Cin\u00e9","isPartOf":{"@id":"https:\/\/repliquemangacine.fr\/#website"},"primaryImageOfPage":{"@id":"https:\/\/repliquemangacine.fr\/soldes\/epee-de-saint-maurice-de-turin-13e-siecle\/#primaryimage"},"image":{"@id":"https:\/\/repliquemangacine.fr\/soldes\/epee-de-saint-maurice-de-turin-13e-siecle\/#primaryimage"},"thumbnailUrl":"https:\/\/repliquemangacine.fr\/wp-content\/uploads\/2023\/10\/2505-Epee-de-Saint-Maurice-de-Turin-13e-Sieclepommeau.jpg","datePublished":"2018-03-24T17:19:16+00:00","dateModified":"2026-03-29T15:16:00+00:00","description":"Discover this Ep\u00e9e de St Maurice de Turin at the best price - Forged and tempered steel blade 48 HRC - Balancing point - Leather scabbard - Length: 94 cm","breadcrumb":{"@id":"https:\/\/repliquemangacine.fr\/soldes\/epee-de-saint-maurice-de-turin-13e-siecle\/#breadcrumb"},"inLanguage":"en-US","potentialAction":[{"@type":"ReadAction","target":["https:\/\/repliquemangacine.fr\/soldes\/epee-de-saint-maurice-de-turin-13e-siecle\/"]}]},{"@type":"ImageObject","inLanguage":"en-US","@id":"https:\/\/repliquemangacine.fr\/soldes\/epee-de-saint-maurice-de-turin-13e-siecle\/#primaryimage","url":"https:\/\/repliquemangacine.fr\/wp-content\/uploads\/2023\/10\/2505-Epee-de-Saint-Maurice-de-Turin-13e-Sieclepommeau.jpg","contentUrl":"https:\/\/repliquemangacine.fr\/wp-content\/uploads\/2023\/10\/2505-Epee-de-Saint-Maurice-de-Turin-13e-Sieclepommeau.jpg","width":600,"height":600,"caption":"Ep\u00e9e de St Maurice de Turin 13e Si\u00e8cle+pommeau"},{"@type":"BreadcrumbList","@id":"https:\/\/repliquemangacine.fr\/soldes\/epee-de-saint-maurice-de-turin-13e-siecle\/#breadcrumb","itemListElement":[{"@type":"ListItem","position":1,"name":"Accueil","item":"https:\/\/repliquemangacine.fr\/"},{"@type":"ListItem","position":2,"name":"Produits","item":"https:\/\/repliquemangacine.fr\/boutique\/"},{"@type":"ListItem","position":3,"name":"\u00c9p\u00e9e St Maurice de Turin 13\u1d49 Si\u00e8cle"}]},{"@type":"WebSite","@id":"https:\/\/repliquemangacine.fr\/#website","url":"https:\/\/repliquemangacine.fr\/","name":"R\u00e9plique Manga Cin\u00e9","description":"","publisher":{"@id":"https:\/\/repliquemangacine.fr\/#organization"},"potentialAction":[{"@type":"SearchAction","target":{"@type":"EntryPoint","urlTemplate":"https:\/\/repliquemangacine.fr\/?s={search_term_string}"},"query-input":{"@type":"PropertyValueSpecification","valueRequired":true,"valueName":"search_term_string"}}],"inLanguage":"en-US"},{"@type":"Organization","@id":"https:\/\/repliquemangacine.fr\/#organization","name":"R\u00e9plique Manga Cin\u00e9","url":"https:\/\/repliquemangacine.fr\/","logo":{"@type":"ImageObject","inLanguage":"en-US","@id":"https:\/\/repliquemangacine.fr\/#\/schema\/logo\/image\/","url":"https:\/\/repliquemangacine.fr\/wp-content\/uploads\/2023\/10\/RMC-500250.png","contentUrl":"https:\/\/repliquemangacine.fr\/wp-content\/uploads\/2023\/10\/RMC-500250.png","width":500,"height":250,"caption":"R\u00e9plique Manga Cin\u00e9"},"image":{"@id":"https:\/\/repliquemangacine.fr\/#\/schema\/logo\/image\/"},"sameAs":["https:\/\/www.facebook.com\/RepliqueMangaCine","https:\/\/www.instagram.com\/repliquemangacine.fr\/"]}]}},"_links":{"self":[{"href":"https:\/\/repliquemangacine.fr\/en\/wp-json\/wp\/v2\/product\/27747","targetHints":{"allow":["GET"]}}],"collection":[{"href":"https:\/\/repliquemangacine.fr\/en\/wp-json\/wp\/v2\/product"}],"about":[{"href":"https:\/\/repliquemangacine.fr\/en\/wp-json\/wp\/v2\/types\/product"}],"wp:featuredmedia":[{"embeddable":true,"href":"https:\/\/repliquemangacine.fr\/en\/wp-json\/wp\/v2\/media\/27748"}],"wp:attachment":[{"href":"https:\/\/repliquemangacine.fr\/en\/wp-json\/wp\/v2\/media?parent=27747"}],"wp:term":[{"taxonomy":"product_brand","embeddable":true,"href":"https:\/\/repliquemangacine.fr\/en\/wp-json\/wp\/v2\/product_brand?post=27747"},{"taxonomy":"product_cat","embeddable":true,"href":"https:\/\/repliquemangacine.fr\/en\/wp-json\/wp\/v2\/product_cat?post=27747"},{"taxonomy":"product_tag","embeddable":true,"href":"https:\/\/repliquemangacine.fr\/en\/wp-json\/wp\/v2\/product_tag?post=27747"}],"curies":[{"name":"wp","href":"https:\/\/api.w.org\/{rel}","templated":true}]}}