





{"id":27741,"date":"2018-03-24T16:58:45","date_gmt":"2018-03-24T15:58:45","guid":{"rendered":"https:\/\/repliquemangacine.fr\/?post_type=product&#038;p=27741"},"modified":"2026-01-29T17:26:28","modified_gmt":"2026-01-29T16:26:28","slug":"sir-william-marshal-sword-12th-century","status":"publish","type":"product","link":"https:\/\/repliquemangacine.fr\/en\/epee-templier-medievale\/epee-sir-william-marshal-12eme-siecle\/","title":{"rendered":"Sir William Marshal sword 12th century"},"content":{"rendered":"<h2>Sir William Marshal sword 12\u1d49 century<\/h2>\n<p>To begin with, the<strong>Sir William Marshal sword<\/strong>, This reproduction is identical to the original, which is on display in a British museum.<\/p>\n<p>William Marshal, described as \u00abthe greatest knight in the world\u00bb by his contemporaries. Serving under four kings, Henry II, Richard the Lionheart, King John and King Henry III, to whom he was regent.<\/p>\n<p>As regent, William Marshal reissued the Magna Carta, ensuring its survival. He also fought and won the Battle of Lincoln against an invading French force. And it was as regent that he ruled the kingdom from his Caversham manor, during his final illness.<\/p>\n<p>In May 2019, the <a href=\"https:\/\/www.readingmuseum.org.uk\/blog\/greatest-knight-be-found-all-world-william-marshal\" target=\"_blank\" rel=\"noopener noreferrer\">Reading Museum<\/a> is organizing an event to mark the 800th anniversary of his death.<\/p>\n<h2>Your Sir William Marshal sword at the best price.<\/h2>\n<p>We offer you superb replicas of historic weapons from medieval times.<\/p>\n<p>First and foremost,<\/p>\n<ul>\n<li>this <a href=\"https:\/\/repliquemangacine.fr\/en\/historical-weapons\/epee-de-frappe-epee-de-combat\/\">medieval striking sword<\/a>with its carbon steel blade.<\/li>\n<li>There is also the<a href=\"https:\/\/repliquemangacine.fr\/en\/medieval-sword\/jacques-de-molay-templar-sword\/\">sword of the Templar Jacques de Molay<\/a>last Grand Master of the Knights Templar.<\/li>\n<li>And many more to discover in our online store!<\/li>\n<\/ul>\n<p>So, here are some great gift ideas for medieval enthusiasts and collectors.<\/p>\n<p>In conclusion, you can also use this <strong>Sir William Marshal sword<\/strong>The perfect complement for your historical re-enactments or themed evenings. But above all, it's also a collector's item and a decorative object.<\/p>\n<h2>How to maintain the blade of your medieval sword?<\/h2>\n<p>Collector's and decorative swords are made and assembled in a simplified way. As their use is decorative, they lack the safety features required of a Japanese sword intended for training.<\/p>\n<p>However, your <strong>Sir William Marshal sword<\/strong> to a steel blade that needs to be maintained to prevent damage over time. In fact, when you expose your sword, your friends will be curious to see the blade and touch it. This is where you need to be careful, as the acidity of your fingers is very harmful to steel, whatever its quality.<\/p>\n<p>However, if this does happen, don't panic - all you need is a cloth dampened with a little oil and a wipe of fingerprints. By doing so, you'll keep your sword looking its best for a very long time.<\/p>","protected":false},"excerpt":{"rendered":"<p>This superb sword is a finely detailed replica of the original.<\/p>\n<ul>\n<li>Hardened steel blade 48-50 HRC.<\/li>\n<li>Steel hilt and pommel.<\/li>\n<li>Handle surrounded by leather.<\/li>\n<li>Leather-covered scabbard.<\/li>\n<li>Balance point: approx. 16 cm from guard<\/li>\n<li>Blade length: 79 cm - Overall length: 95.5 cm - Weight: 1200 Grs<\/li>\n<\/ul>","protected":false},"featured_media":27742,"template":"","meta":[],"product_brand":[896],"product_cat":[25,84,43,101],"product_tag":[],"class_list":{"0":"post-27741","1":"product","2":"type-product","3":"status-publish","4":"has-post-thumbnail","6":"product_brand-replique-manga-cine","7":"product_cat-armes-historiques","8":"product_cat-epee-templier-medievale","9":"product_cat-reproductions-d-armes-et-accessoires-medievales","10":"product_cat-soldes","12":"first","13":"outofstock","14":"taxable","15":"shipping-taxable","16":"purchasable","17":"product-type-simple"},"yoast_head":"<!-- This site is optimized with the Yoast SEO plugin v27.4 - https:\/\/yoast.com\/product\/yoast-seo-wordpress\/ -->\n<title>Ep\u00e9e Sir William Marshal - Ep\u00e9e de frappe - R\u00e9plique Manga Cin\u00e9<\/title>\n<meta name=\"description\" content=\"Offrez-vous ! L&#039;Ep\u00e9e Sir William Marshal au meilleur prix - Lame en acier tremp\u00e9 - Fourreau en cuir - Point d&#039;\u00e9quilibre - Longueur totale : 95.5 cm\" \/>\n<meta name=\"robots\" content=\"index, follow, max-snippet:-1, max-image-preview:large, max-video-preview:-1\" \/>\n<link rel=\"canonical\" href=\"https:\/\/repliquemangacine.fr\/en\/balances\/sir-william-marshal-sword-12th-century\/\" \/>\n<meta property=\"og:locale\" content=\"en_US\" \/>\n<meta property=\"og:type\" content=\"article\" \/>\n<meta property=\"og:title\" content=\"Ep\u00e9e Sir William Marshal - Ep\u00e9e de frappe - R\u00e9plique Manga Cin\u00e9\" \/>\n<meta property=\"og:description\" content=\"Offrez-vous ! L&#039;Ep\u00e9e Sir William Marshal au meilleur prix - Lame en acier tremp\u00e9 - Fourreau en cuir - Point d&#039;\u00e9quilibre - Longueur totale : 95.5 cm\" \/>\n<meta property=\"og:url\" content=\"https:\/\/repliquemangacine.fr\/en\/balances\/sir-william-marshal-sword-12th-century\/\" \/>\n<meta property=\"og:site_name\" content=\"R\u00e9plique Manga Cin\u00e9\" \/>\n<meta property=\"article:publisher\" content=\"https:\/\/www.facebook.com\/RepliqueMangaCine\" \/>\n<meta property=\"article:modified_time\" content=\"2026-01-29T16:26:28+00:00\" \/>\n<meta property=\"og:image\" content=\"https:\/\/repliquemangacine.fr\/wp-content\/uploads\/2023\/10\/2500-Epee-medievale-Sir-William-Marshal-12eme-siecle.jpg\" \/>\n\t<meta property=\"og:image:width\" content=\"600\" \/>\n\t<meta property=\"og:image:height\" content=\"600\" \/>\n\t<meta property=\"og:image:type\" content=\"image\/jpeg\" \/>\n<meta name=\"twitter:card\" content=\"summary_large_image\" \/>\n<meta name=\"twitter:label1\" content=\"Est. reading time\" \/>\n\t<meta name=\"twitter:data1\" content=\"2 minutes\" \/>\n<script type=\"application\/ld+json\" class=\"yoast-schema-graph\">{\"@context\":\"https:\\\/\\\/schema.org\",\"@graph\":[{\"@type\":\"WebPage\",\"@id\":\"https:\\\/\\\/repliquemangacine.fr\\\/soldes\\\/epee-sir-william-marshal-12eme-siecle\\\/\",\"url\":\"https:\\\/\\\/repliquemangacine.fr\\\/soldes\\\/epee-sir-william-marshal-12eme-siecle\\\/\",\"name\":\"Ep\u00e9e Sir William Marshal - Ep\u00e9e de frappe - R\u00e9plique Manga Cin\u00e9\",\"isPartOf\":{\"@id\":\"https:\\\/\\\/repliquemangacine.fr\\\/#website\"},\"primaryImageOfPage\":{\"@id\":\"https:\\\/\\\/repliquemangacine.fr\\\/soldes\\\/epee-sir-william-marshal-12eme-siecle\\\/#primaryimage\"},\"image\":{\"@id\":\"https:\\\/\\\/repliquemangacine.fr\\\/soldes\\\/epee-sir-william-marshal-12eme-siecle\\\/#primaryimage\"},\"thumbnailUrl\":\"https:\\\/\\\/repliquemangacine.fr\\\/wp-content\\\/uploads\\\/2023\\\/10\\\/2500-Epee-medievale-Sir-William-Marshal-12eme-siecle.jpg\",\"datePublished\":\"2018-03-24T15:58:45+00:00\",\"dateModified\":\"2026-01-29T16:26:28+00:00\",\"description\":\"Offrez-vous ! L'Ep\u00e9e Sir William Marshal au meilleur prix - Lame en acier tremp\u00e9 - Fourreau en cuir - Point d'\u00e9quilibre - Longueur totale : 95.5 cm\",\"breadcrumb\":{\"@id\":\"https:\\\/\\\/repliquemangacine.fr\\\/soldes\\\/epee-sir-william-marshal-12eme-siecle\\\/#breadcrumb\"},\"inLanguage\":\"en-US\",\"potentialAction\":[{\"@type\":\"ReadAction\",\"target\":[\"https:\\\/\\\/repliquemangacine.fr\\\/soldes\\\/epee-sir-william-marshal-12eme-siecle\\\/\"]}]},{\"@type\":\"ImageObject\",\"inLanguage\":\"en-US\",\"@id\":\"https:\\\/\\\/repliquemangacine.fr\\\/soldes\\\/epee-sir-william-marshal-12eme-siecle\\\/#primaryimage\",\"url\":\"https:\\\/\\\/repliquemangacine.fr\\\/wp-content\\\/uploads\\\/2023\\\/10\\\/2500-Epee-medievale-Sir-William-Marshal-12eme-siecle.jpg\",\"contentUrl\":\"https:\\\/\\\/repliquemangacine.fr\\\/wp-content\\\/uploads\\\/2023\\\/10\\\/2500-Epee-medievale-Sir-William-Marshal-12eme-siecle.jpg\",\"width\":600,\"height\":600,\"caption\":\"Ep\u00e9e m\u00e9di\u00e9vale Sir William Marshal 12\u00e8me si\u00e8cle\"},{\"@type\":\"BreadcrumbList\",\"@id\":\"https:\\\/\\\/repliquemangacine.fr\\\/soldes\\\/epee-sir-william-marshal-12eme-siecle\\\/#breadcrumb\",\"itemListElement\":[{\"@type\":\"ListItem\",\"position\":1,\"name\":\"Accueil\",\"item\":\"https:\\\/\\\/repliquemangacine.fr\\\/\"},{\"@type\":\"ListItem\",\"position\":2,\"name\":\"Produits\",\"item\":\"https:\\\/\\\/repliquemangacine.fr\\\/boutique\\\/\"},{\"@type\":\"ListItem\",\"position\":3,\"name\":\"Ep\u00e9e Sir William Marshal 12\u00e8me si\u00e8cle\"}]},{\"@type\":\"WebSite\",\"@id\":\"https:\\\/\\\/repliquemangacine.fr\\\/#website\",\"url\":\"https:\\\/\\\/repliquemangacine.fr\\\/\",\"name\":\"R\u00e9plique Manga Cin\u00e9\",\"description\":\"\",\"publisher\":{\"@id\":\"https:\\\/\\\/repliquemangacine.fr\\\/#organization\"},\"potentialAction\":[{\"@type\":\"SearchAction\",\"target\":{\"@type\":\"EntryPoint\",\"urlTemplate\":\"https:\\\/\\\/repliquemangacine.fr\\\/?s={search_term_string}\"},\"query-input\":{\"@type\":\"PropertyValueSpecification\",\"valueRequired\":true,\"valueName\":\"search_term_string\"}}],\"inLanguage\":\"en-US\"},{\"@type\":\"Organization\",\"@id\":\"https:\\\/\\\/repliquemangacine.fr\\\/#organization\",\"name\":\"R\u00e9plique Manga Cin\u00e9\",\"url\":\"https:\\\/\\\/repliquemangacine.fr\\\/\",\"logo\":{\"@type\":\"ImageObject\",\"inLanguage\":\"en-US\",\"@id\":\"https:\\\/\\\/repliquemangacine.fr\\\/#\\\/schema\\\/logo\\\/image\\\/\",\"url\":\"https:\\\/\\\/repliquemangacine.fr\\\/wp-content\\\/uploads\\\/2023\\\/10\\\/RMC-500250.png\",\"contentUrl\":\"https:\\\/\\\/repliquemangacine.fr\\\/wp-content\\\/uploads\\\/2023\\\/10\\\/RMC-500250.png\",\"width\":500,\"height\":250,\"caption\":\"R\u00e9plique Manga Cin\u00e9\"},\"image\":{\"@id\":\"https:\\\/\\\/repliquemangacine.fr\\\/#\\\/schema\\\/logo\\\/image\\\/\"},\"sameAs\":[\"https:\\\/\\\/www.facebook.com\\\/RepliqueMangaCine\",\"https:\\\/\\\/www.instagram.com\\\/repliquemangacine.fr\\\/\"]}]}<\/script>\n<!-- \/ Yoast SEO plugin. -->","yoast_head_json":{"title":"Sir William Marshal sword - Striking sword - R\u00e9plique Manga Cin\u00e9","description":"Treat yourself! The Sir William Marshal sword at the best price - Tempered steel blade - Leather scabbard - Balance point - Total length: 95.5 cm","robots":{"index":"index","follow":"follow","max-snippet":"max-snippet:-1","max-image-preview":"max-image-preview:large","max-video-preview":"max-video-preview:-1"},"canonical":"https:\/\/repliquemangacine.fr\/en\/balances\/sir-william-marshal-sword-12th-century\/","og_locale":"en_US","og_type":"article","og_title":"Ep\u00e9e Sir William Marshal - Ep\u00e9e de frappe - R\u00e9plique Manga Cin\u00e9","og_description":"Offrez-vous ! L'Ep\u00e9e Sir William Marshal au meilleur prix - Lame en acier tremp\u00e9 - Fourreau en cuir - Point d'\u00e9quilibre - Longueur totale : 95.5 cm","og_url":"https:\/\/repliquemangacine.fr\/en\/balances\/sir-william-marshal-sword-12th-century\/","og_site_name":"R\u00e9plique Manga Cin\u00e9","article_publisher":"https:\/\/www.facebook.com\/RepliqueMangaCine","article_modified_time":"2026-01-29T16:26:28+00:00","og_image":[{"width":600,"height":600,"url":"https:\/\/repliquemangacine.fr\/wp-content\/uploads\/2023\/10\/2500-Epee-medievale-Sir-William-Marshal-12eme-siecle.jpg","type":"image\/jpeg"}],"twitter_card":"summary_large_image","twitter_misc":{"Est. reading time":"2 minutes"},"schema":{"@context":"https:\/\/schema.org","@graph":[{"@type":"WebPage","@id":"https:\/\/repliquemangacine.fr\/soldes\/epee-sir-william-marshal-12eme-siecle\/","url":"https:\/\/repliquemangacine.fr\/soldes\/epee-sir-william-marshal-12eme-siecle\/","name":"Sir William Marshal sword - Striking sword - R\u00e9plique Manga Cin\u00e9","isPartOf":{"@id":"https:\/\/repliquemangacine.fr\/#website"},"primaryImageOfPage":{"@id":"https:\/\/repliquemangacine.fr\/soldes\/epee-sir-william-marshal-12eme-siecle\/#primaryimage"},"image":{"@id":"https:\/\/repliquemangacine.fr\/soldes\/epee-sir-william-marshal-12eme-siecle\/#primaryimage"},"thumbnailUrl":"https:\/\/repliquemangacine.fr\/wp-content\/uploads\/2023\/10\/2500-Epee-medievale-Sir-William-Marshal-12eme-siecle.jpg","datePublished":"2018-03-24T15:58:45+00:00","dateModified":"2026-01-29T16:26:28+00:00","description":"Treat yourself! The Sir William Marshal sword at the best price - Tempered steel blade - Leather scabbard - Balance point - Total length: 95.5 cm","breadcrumb":{"@id":"https:\/\/repliquemangacine.fr\/soldes\/epee-sir-william-marshal-12eme-siecle\/#breadcrumb"},"inLanguage":"en-US","potentialAction":[{"@type":"ReadAction","target":["https:\/\/repliquemangacine.fr\/soldes\/epee-sir-william-marshal-12eme-siecle\/"]}]},{"@type":"ImageObject","inLanguage":"en-US","@id":"https:\/\/repliquemangacine.fr\/soldes\/epee-sir-william-marshal-12eme-siecle\/#primaryimage","url":"https:\/\/repliquemangacine.fr\/wp-content\/uploads\/2023\/10\/2500-Epee-medievale-Sir-William-Marshal-12eme-siecle.jpg","contentUrl":"https:\/\/repliquemangacine.fr\/wp-content\/uploads\/2023\/10\/2500-Epee-medievale-Sir-William-Marshal-12eme-siecle.jpg","width":600,"height":600,"caption":"Ep\u00e9e m\u00e9di\u00e9vale Sir William Marshal 12\u00e8me si\u00e8cle"},{"@type":"BreadcrumbList","@id":"https:\/\/repliquemangacine.fr\/soldes\/epee-sir-william-marshal-12eme-siecle\/#breadcrumb","itemListElement":[{"@type":"ListItem","position":1,"name":"Accueil","item":"https:\/\/repliquemangacine.fr\/"},{"@type":"ListItem","position":2,"name":"Produits","item":"https:\/\/repliquemangacine.fr\/boutique\/"},{"@type":"ListItem","position":3,"name":"Ep\u00e9e Sir William Marshal 12\u00e8me si\u00e8cle"}]},{"@type":"WebSite","@id":"https:\/\/repliquemangacine.fr\/#website","url":"https:\/\/repliquemangacine.fr\/","name":"R\u00e9plique Manga Cin\u00e9","description":"","publisher":{"@id":"https:\/\/repliquemangacine.fr\/#organization"},"potentialAction":[{"@type":"SearchAction","target":{"@type":"EntryPoint","urlTemplate":"https:\/\/repliquemangacine.fr\/?s={search_term_string}"},"query-input":{"@type":"PropertyValueSpecification","valueRequired":true,"valueName":"search_term_string"}}],"inLanguage":"en-US"},{"@type":"Organization","@id":"https:\/\/repliquemangacine.fr\/#organization","name":"R\u00e9plique Manga Cin\u00e9","url":"https:\/\/repliquemangacine.fr\/","logo":{"@type":"ImageObject","inLanguage":"en-US","@id":"https:\/\/repliquemangacine.fr\/#\/schema\/logo\/image\/","url":"https:\/\/repliquemangacine.fr\/wp-content\/uploads\/2023\/10\/RMC-500250.png","contentUrl":"https:\/\/repliquemangacine.fr\/wp-content\/uploads\/2023\/10\/RMC-500250.png","width":500,"height":250,"caption":"R\u00e9plique Manga Cin\u00e9"},"image":{"@id":"https:\/\/repliquemangacine.fr\/#\/schema\/logo\/image\/"},"sameAs":["https:\/\/www.facebook.com\/RepliqueMangaCine","https:\/\/www.instagram.com\/repliquemangacine.fr\/"]}]}},"_links":{"self":[{"href":"https:\/\/repliquemangacine.fr\/en\/wp-json\/wp\/v2\/product\/27741","targetHints":{"allow":["GET"]}}],"collection":[{"href":"https:\/\/repliquemangacine.fr\/en\/wp-json\/wp\/v2\/product"}],"about":[{"href":"https:\/\/repliquemangacine.fr\/en\/wp-json\/wp\/v2\/types\/product"}],"wp:featuredmedia":[{"embeddable":true,"href":"https:\/\/repliquemangacine.fr\/en\/wp-json\/wp\/v2\/media\/27742"}],"wp:attachment":[{"href":"https:\/\/repliquemangacine.fr\/en\/wp-json\/wp\/v2\/media?parent=27741"}],"wp:term":[{"taxonomy":"product_brand","embeddable":true,"href":"https:\/\/repliquemangacine.fr\/en\/wp-json\/wp\/v2\/product_brand?post=27741"},{"taxonomy":"product_cat","embeddable":true,"href":"https:\/\/repliquemangacine.fr\/en\/wp-json\/wp\/v2\/product_cat?post=27741"},{"taxonomy":"product_tag","embeddable":true,"href":"https:\/\/repliquemangacine.fr\/en\/wp-json\/wp\/v2\/product_tag?post=27741"}],"curies":[{"name":"wp","href":"https:\/\/api.w.org\/{rel}","templated":true}]}}