





{"id":27734,"date":"2018-03-24T14:53:51","date_gmt":"2018-03-24T13:53:51","guid":{"rendered":"https:\/\/repliquemangacine.fr\/?post_type=product&#038;p=27734"},"modified":"2025-09-23T18:01:59","modified_gmt":"2025-09-23T16:01:59","slug":"epee-normande-de-combat-ulfberht","status":"publish","type":"product","link":"https:\/\/repliquemangacine.fr\/en\/epee-templier-medievale\/epee-normande-de-combat-ulfberht\/","title":{"rendered":"Norman fighting sword"},"content":{"rendered":"<h2>Ulfberht forged Norman sword<\/h2>\n<p>To begin with, this <strong>Ulfberht forged Norman sword<\/strong>, is in the tradition of this type of sword. The blade has a distinctive fuller which offers both flexibility and lighter weight. Blunt edges, rounded tip for added safety.<\/p>\n<p>It should be emphasized that each of our one-handed Norman swords is meticulously handcrafted. Typologically, the sword is clearly a <a href=\"https:\/\/fr.wikipedia.org\/wiki\/Classification_d'Oakeshott\" target=\"_blank\" rel=\"noopener noreferrer\">Oakshott<\/a> Type X.<\/p>\n<p>Finally, Ulfberht is the modern transcription of the name of a Viking sword model used in Scandinavia between 800 and 1000. Forged from a steel whose quality was not reproduced in Europe before the Industrial Revolution. Little is known about the manufacture of Ulfberht swords.<\/p>\n<h2>Your Ulfberht Normandy forged sword at the best price.<\/h2>\n<p>We offer a wide range of medieval replicas.<\/p>\n<p>First and foremost,<\/p>\n<ul>\n<li>L'<a href=\"https:\/\/repliquemangacine.fr\/en\/historical-weapons\/striking-sword-medieval-fighting-sword\/\">Medieval fighting sword<\/a> with its wide, grooved blade.<\/li>\n<li>As well as the<a href=\"https:\/\/repliquemangacine.fr\/en\/medieval-sword\/medieval-practical-fighting-sword\/\">Medieval striking sword<\/a> one-handed.<\/li>\n<li>And many more to discover in our online store!<\/li>\n<\/ul>\n<p>A great gift idea for all medieval enthusiasts.<\/p>\n<p>In conclusion, you can also use the\u2019<strong>Ulfberht forged Norman sword<\/strong> for your historical re-enactments and performances. But above all, this sword is also a collector's item and a decorative object.<\/p>\n<p>R\u00e9plique Manga Cin\u00e9 is a French family business.<\/p>\n<h2>How to maintain the blade of your medieval sword?<\/h2>\n<p>Collector's and decorative swords made and assembled in a simplified manner. As their use is decorative, they lack the safety features required of a Japanese sword intended for training.<\/p>\n<p>However, your <strong>Ulfberht forged Norman sword<\/strong> to a steel blade that needs to be maintained to prevent damage over time. In fact, when you expose your sword, your friends will be curious to see the blade and touch it. This is where you need to be careful, as the acidity of your fingers is very harmful to steel, whatever its quality.<\/p>\n<p>However, if this does happen, don't panic - all you need is a cloth dampened with a little oil and a wipe of fingerprints. By doing so, you'll keep your sword looking its best for a very long time.<\/p>","protected":false},"excerpt":{"rendered":"<p>Typologically, the sword is clearly an Oakshott Type X.  Guard: No. 6, Pommel: Type A<\/p>\n<ul>\n<li>Hand-forged steel blade is hardened to a Rockwell hardness of approx. 50 HRC.<\/li>\n<li>Forged and hammered with the pommel.<\/li>\n<li>Genuine leather-wrapped handle.<\/li>\n<li>Mild steel forged guard.<\/li>\n<li>The edges are blunt and the tip rounded for added safety.<\/li>\n<li>Balance point: approx. 14.5 cm from the hilt.<\/li>\n<li>Blade length: 74.7 cm - Overall length: 91 cm - Weight: 950 Grs<\/li>\n<li>This is an original ULFBERTH\u00ae product.<\/li>\n<\/ul>","protected":false},"featured_media":27735,"template":"","meta":[],"product_brand":[896],"product_cat":[25,84,43],"product_tag":[],"class_list":{"0":"post-27734","1":"product","2":"type-product","3":"status-publish","4":"has-post-thumbnail","6":"product_brand-replique-manga-cine","7":"product_cat-armes-historiques","8":"product_cat-epee-templier-medievale","9":"product_cat-reproductions-d-armes-et-accessoires-medievales","11":"first","12":"instock","13":"taxable","14":"shipping-taxable","15":"purchasable","16":"product-type-simple"},"yoast_head":"<!-- This site is optimized with the Yoast SEO plugin v27.5 - https:\/\/yoast.com\/product\/yoast-seo-wordpress\/ -->\n<title>Ep\u00e9e Normande forg\u00e9e Ulfberht - R\u00e9plique Manga Cin\u00e9<\/title>\n<meta name=\"description\" content=\"Pr\u00eat pour le combat ! Superbe Ep\u00e9e Normande forg\u00e9e Ulfberht au meilleur prix - Lame en acier forg\u00e9 et tremp\u00e9 - Poign\u00e9e cuir - Longueur totale : 91 cm\" \/>\n<meta name=\"robots\" content=\"index, follow, max-snippet:-1, max-image-preview:large, max-video-preview:-1\" \/>\n<link rel=\"canonical\" href=\"https:\/\/repliquemangacine.fr\/en\/medieval-templar-sword\/epee-normande-de-combat-ulfberht\/\" \/>\n<meta property=\"og:locale\" content=\"en_US\" \/>\n<meta property=\"og:type\" content=\"article\" \/>\n<meta property=\"og:title\" content=\"Ep\u00e9e Normande forg\u00e9e Ulfberht - R\u00e9plique Manga Cin\u00e9\" \/>\n<meta property=\"og:description\" content=\"Pr\u00eat pour le combat ! Superbe Ep\u00e9e Normande forg\u00e9e Ulfberht au meilleur prix - Lame en acier forg\u00e9 et tremp\u00e9 - Poign\u00e9e cuir - Longueur totale : 91 cm\" \/>\n<meta property=\"og:url\" content=\"https:\/\/repliquemangacine.fr\/en\/medieval-templar-sword\/epee-normande-de-combat-ulfberht\/\" \/>\n<meta property=\"og:site_name\" content=\"R\u00e9plique Manga Cin\u00e9\" \/>\n<meta property=\"article:publisher\" content=\"https:\/\/www.facebook.com\/RepliqueMangaCine\" \/>\n<meta property=\"article:modified_time\" content=\"2025-09-23T16:01:59+00:00\" \/>\n<meta property=\"og:image\" content=\"https:\/\/repliquemangacine.fr\/wp-content\/uploads\/2023\/10\/2494-Epee-de-frappe-a-une-main-Normand.jpg\" \/>\n\t<meta property=\"og:image:width\" content=\"600\" \/>\n\t<meta property=\"og:image:height\" content=\"600\" \/>\n\t<meta property=\"og:image:type\" content=\"image\/jpeg\" \/>\n<meta name=\"twitter:card\" content=\"summary_large_image\" \/>\n<meta name=\"twitter:label1\" content=\"Est. reading time\" \/>\n\t<meta name=\"twitter:data1\" content=\"2 minutes\" \/>\n<script type=\"application\/ld+json\" class=\"yoast-schema-graph\">{\"@context\":\"https:\\\/\\\/schema.org\",\"@graph\":[{\"@type\":\"WebPage\",\"@id\":\"https:\\\/\\\/repliquemangacine.fr\\\/de\\\/mittelalterliches-schwert-der-templer\\\/normannisches-kampfschwert-ulfberht\\\/\",\"url\":\"https:\\\/\\\/repliquemangacine.fr\\\/de\\\/mittelalterliches-schwert-der-templer\\\/normannisches-kampfschwert-ulfberht\\\/\",\"name\":\"Ep\u00e9e Normande forg\u00e9e Ulfberht - R\u00e9plique Manga Cin\u00e9\",\"isPartOf\":{\"@id\":\"https:\\\/\\\/repliquemangacine.fr\\\/#website\"},\"primaryImageOfPage\":{\"@id\":\"https:\\\/\\\/repliquemangacine.fr\\\/de\\\/mittelalterliches-schwert-der-templer\\\/normannisches-kampfschwert-ulfberht\\\/#primaryimage\"},\"image\":{\"@id\":\"https:\\\/\\\/repliquemangacine.fr\\\/de\\\/mittelalterliches-schwert-der-templer\\\/normannisches-kampfschwert-ulfberht\\\/#primaryimage\"},\"thumbnailUrl\":\"https:\\\/\\\/repliquemangacine.fr\\\/wp-content\\\/uploads\\\/2023\\\/10\\\/2494-Epee-de-frappe-a-une-main-Normand.jpg\",\"datePublished\":\"2018-03-24T13:53:51+00:00\",\"dateModified\":\"2025-09-23T16:01:59+00:00\",\"description\":\"Pr\u00eat pour le combat ! Superbe Ep\u00e9e Normande forg\u00e9e Ulfberht au meilleur prix - Lame en acier forg\u00e9 et tremp\u00e9 - Poign\u00e9e cuir - Longueur totale : 91 cm\",\"breadcrumb\":{\"@id\":\"https:\\\/\\\/repliquemangacine.fr\\\/de\\\/mittelalterliches-schwert-der-templer\\\/normannisches-kampfschwert-ulfberht\\\/#breadcrumb\"},\"inLanguage\":\"en-US\",\"potentialAction\":[{\"@type\":\"ReadAction\",\"target\":[\"https:\\\/\\\/repliquemangacine.fr\\\/de\\\/mittelalterliches-schwert-der-templer\\\/normannisches-kampfschwert-ulfberht\\\/\"]}]},{\"@type\":\"ImageObject\",\"inLanguage\":\"en-US\",\"@id\":\"https:\\\/\\\/repliquemangacine.fr\\\/de\\\/mittelalterliches-schwert-der-templer\\\/normannisches-kampfschwert-ulfberht\\\/#primaryimage\",\"url\":\"https:\\\/\\\/repliquemangacine.fr\\\/wp-content\\\/uploads\\\/2023\\\/10\\\/2494-Epee-de-frappe-a-une-main-Normand.jpg\",\"contentUrl\":\"https:\\\/\\\/repliquemangacine.fr\\\/wp-content\\\/uploads\\\/2023\\\/10\\\/2494-Epee-de-frappe-a-une-main-Normand.jpg\",\"width\":600,\"height\":600,\"caption\":\"Ep\u00e9e Normande forg\u00e9e Ulfberht\"},{\"@type\":\"BreadcrumbList\",\"@id\":\"https:\\\/\\\/repliquemangacine.fr\\\/de\\\/mittelalterliches-schwert-der-templer\\\/normannisches-kampfschwert-ulfberht\\\/#breadcrumb\",\"itemListElement\":[{\"@type\":\"ListItem\",\"position\":1,\"name\":\"Accueil\",\"item\":\"https:\\\/\\\/repliquemangacine.fr\\\/\"},{\"@type\":\"ListItem\",\"position\":2,\"name\":\"Produits\",\"item\":\"https:\\\/\\\/repliquemangacine.fr\\\/boutique\\\/\"},{\"@type\":\"ListItem\",\"position\":3,\"name\":\"Ep\u00e9e Normande de combat\"}]},{\"@type\":\"WebSite\",\"@id\":\"https:\\\/\\\/repliquemangacine.fr\\\/#website\",\"url\":\"https:\\\/\\\/repliquemangacine.fr\\\/\",\"name\":\"R\u00e9plique Manga Cin\u00e9\",\"description\":\"\",\"publisher\":{\"@id\":\"https:\\\/\\\/repliquemangacine.fr\\\/#organization\"},\"potentialAction\":[{\"@type\":\"SearchAction\",\"target\":{\"@type\":\"EntryPoint\",\"urlTemplate\":\"https:\\\/\\\/repliquemangacine.fr\\\/?s={search_term_string}\"},\"query-input\":{\"@type\":\"PropertyValueSpecification\",\"valueRequired\":true,\"valueName\":\"search_term_string\"}}],\"inLanguage\":\"en-US\"},{\"@type\":\"Organization\",\"@id\":\"https:\\\/\\\/repliquemangacine.fr\\\/#organization\",\"name\":\"R\u00e9plique Manga Cin\u00e9\",\"url\":\"https:\\\/\\\/repliquemangacine.fr\\\/\",\"logo\":{\"@type\":\"ImageObject\",\"inLanguage\":\"en-US\",\"@id\":\"https:\\\/\\\/repliquemangacine.fr\\\/#\\\/schema\\\/logo\\\/image\\\/\",\"url\":\"https:\\\/\\\/repliquemangacine.fr\\\/wp-content\\\/uploads\\\/2023\\\/10\\\/RMC-500250.png\",\"contentUrl\":\"https:\\\/\\\/repliquemangacine.fr\\\/wp-content\\\/uploads\\\/2023\\\/10\\\/RMC-500250.png\",\"width\":500,\"height\":250,\"caption\":\"R\u00e9plique Manga Cin\u00e9\"},\"image\":{\"@id\":\"https:\\\/\\\/repliquemangacine.fr\\\/#\\\/schema\\\/logo\\\/image\\\/\"},\"sameAs\":[\"https:\\\/\\\/www.facebook.com\\\/RepliqueMangaCine\",\"https:\\\/\\\/www.instagram.com\\\/repliquemangacine.fr\\\/\"]}]}<\/script>\n<!-- \/ Yoast SEO plugin. -->","yoast_head_json":{"title":"Ulfberht Normandy forged sword - R\u00e9plique Manga Cin\u00e9","description":"Ready for battle! Superb Ulfberht forged Norman sword at the best price - Forged and tempered steel blade - Leather handle - Total length: 91 cm","robots":{"index":"index","follow":"follow","max-snippet":"max-snippet:-1","max-image-preview":"max-image-preview:large","max-video-preview":"max-video-preview:-1"},"canonical":"https:\/\/repliquemangacine.fr\/en\/medieval-templar-sword\/epee-normande-de-combat-ulfberht\/","og_locale":"en_US","og_type":"article","og_title":"Ep\u00e9e Normande forg\u00e9e Ulfberht - R\u00e9plique Manga Cin\u00e9","og_description":"Pr\u00eat pour le combat ! Superbe Ep\u00e9e Normande forg\u00e9e Ulfberht au meilleur prix - Lame en acier forg\u00e9 et tremp\u00e9 - Poign\u00e9e cuir - Longueur totale : 91 cm","og_url":"https:\/\/repliquemangacine.fr\/en\/medieval-templar-sword\/epee-normande-de-combat-ulfberht\/","og_site_name":"R\u00e9plique Manga Cin\u00e9","article_publisher":"https:\/\/www.facebook.com\/RepliqueMangaCine","article_modified_time":"2025-09-23T16:01:59+00:00","og_image":[{"width":600,"height":600,"url":"https:\/\/repliquemangacine.fr\/wp-content\/uploads\/2023\/10\/2494-Epee-de-frappe-a-une-main-Normand.jpg","type":"image\/jpeg"}],"twitter_card":"summary_large_image","twitter_misc":{"Est. reading time":"2 minutes"},"schema":{"@context":"https:\/\/schema.org","@graph":[{"@type":"WebPage","@id":"https:\/\/repliquemangacine.fr\/de\/mittelalterliches-schwert-der-templer\/normannisches-kampfschwert-ulfberht\/","url":"https:\/\/repliquemangacine.fr\/de\/mittelalterliches-schwert-der-templer\/normannisches-kampfschwert-ulfberht\/","name":"Ulfberht Normandy forged sword - R\u00e9plique Manga Cin\u00e9","isPartOf":{"@id":"https:\/\/repliquemangacine.fr\/#website"},"primaryImageOfPage":{"@id":"https:\/\/repliquemangacine.fr\/de\/mittelalterliches-schwert-der-templer\/normannisches-kampfschwert-ulfberht\/#primaryimage"},"image":{"@id":"https:\/\/repliquemangacine.fr\/de\/mittelalterliches-schwert-der-templer\/normannisches-kampfschwert-ulfberht\/#primaryimage"},"thumbnailUrl":"https:\/\/repliquemangacine.fr\/wp-content\/uploads\/2023\/10\/2494-Epee-de-frappe-a-une-main-Normand.jpg","datePublished":"2018-03-24T13:53:51+00:00","dateModified":"2025-09-23T16:01:59+00:00","description":"Ready for battle! Superb Ulfberht forged Norman sword at the best price - Forged and tempered steel blade - Leather handle - Total length: 91 cm","breadcrumb":{"@id":"https:\/\/repliquemangacine.fr\/de\/mittelalterliches-schwert-der-templer\/normannisches-kampfschwert-ulfberht\/#breadcrumb"},"inLanguage":"en-US","potentialAction":[{"@type":"ReadAction","target":["https:\/\/repliquemangacine.fr\/de\/mittelalterliches-schwert-der-templer\/normannisches-kampfschwert-ulfberht\/"]}]},{"@type":"ImageObject","inLanguage":"en-US","@id":"https:\/\/repliquemangacine.fr\/de\/mittelalterliches-schwert-der-templer\/normannisches-kampfschwert-ulfberht\/#primaryimage","url":"https:\/\/repliquemangacine.fr\/wp-content\/uploads\/2023\/10\/2494-Epee-de-frappe-a-une-main-Normand.jpg","contentUrl":"https:\/\/repliquemangacine.fr\/wp-content\/uploads\/2023\/10\/2494-Epee-de-frappe-a-une-main-Normand.jpg","width":600,"height":600,"caption":"Ep\u00e9e Normande forg\u00e9e Ulfberht"},{"@type":"BreadcrumbList","@id":"https:\/\/repliquemangacine.fr\/de\/mittelalterliches-schwert-der-templer\/normannisches-kampfschwert-ulfberht\/#breadcrumb","itemListElement":[{"@type":"ListItem","position":1,"name":"Accueil","item":"https:\/\/repliquemangacine.fr\/"},{"@type":"ListItem","position":2,"name":"Produits","item":"https:\/\/repliquemangacine.fr\/boutique\/"},{"@type":"ListItem","position":3,"name":"Ep\u00e9e Normande de combat"}]},{"@type":"WebSite","@id":"https:\/\/repliquemangacine.fr\/#website","url":"https:\/\/repliquemangacine.fr\/","name":"R\u00e9plique Manga Cin\u00e9","description":"","publisher":{"@id":"https:\/\/repliquemangacine.fr\/#organization"},"potentialAction":[{"@type":"SearchAction","target":{"@type":"EntryPoint","urlTemplate":"https:\/\/repliquemangacine.fr\/?s={search_term_string}"},"query-input":{"@type":"PropertyValueSpecification","valueRequired":true,"valueName":"search_term_string"}}],"inLanguage":"en-US"},{"@type":"Organization","@id":"https:\/\/repliquemangacine.fr\/#organization","name":"R\u00e9plique Manga Cin\u00e9","url":"https:\/\/repliquemangacine.fr\/","logo":{"@type":"ImageObject","inLanguage":"en-US","@id":"https:\/\/repliquemangacine.fr\/#\/schema\/logo\/image\/","url":"https:\/\/repliquemangacine.fr\/wp-content\/uploads\/2023\/10\/RMC-500250.png","contentUrl":"https:\/\/repliquemangacine.fr\/wp-content\/uploads\/2023\/10\/RMC-500250.png","width":500,"height":250,"caption":"R\u00e9plique Manga Cin\u00e9"},"image":{"@id":"https:\/\/repliquemangacine.fr\/#\/schema\/logo\/image\/"},"sameAs":["https:\/\/www.facebook.com\/RepliqueMangaCine","https:\/\/www.instagram.com\/repliquemangacine.fr\/"]}]}},"_links":{"self":[{"href":"https:\/\/repliquemangacine.fr\/en\/wp-json\/wp\/v2\/product\/27734","targetHints":{"allow":["GET"]}}],"collection":[{"href":"https:\/\/repliquemangacine.fr\/en\/wp-json\/wp\/v2\/product"}],"about":[{"href":"https:\/\/repliquemangacine.fr\/en\/wp-json\/wp\/v2\/types\/product"}],"wp:featuredmedia":[{"embeddable":true,"href":"https:\/\/repliquemangacine.fr\/en\/wp-json\/wp\/v2\/media\/27735"}],"wp:attachment":[{"href":"https:\/\/repliquemangacine.fr\/en\/wp-json\/wp\/v2\/media?parent=27734"}],"wp:term":[{"taxonomy":"product_brand","embeddable":true,"href":"https:\/\/repliquemangacine.fr\/en\/wp-json\/wp\/v2\/product_brand?post=27734"},{"taxonomy":"product_cat","embeddable":true,"href":"https:\/\/repliquemangacine.fr\/en\/wp-json\/wp\/v2\/product_cat?post=27734"},{"taxonomy":"product_tag","embeddable":true,"href":"https:\/\/repliquemangacine.fr\/en\/wp-json\/wp\/v2\/product_tag?post=27734"}],"curies":[{"name":"wp","href":"https:\/\/api.w.org\/{rel}","templated":true}]}}