





{"id":27724,"date":"2018-03-22T18:11:37","date_gmt":"2018-03-22T17:11:37","guid":{"rendered":"https:\/\/repliquemangacine.fr\/?post_type=product&#038;p=27724"},"modified":"2025-09-23T18:01:59","modified_gmt":"2025-09-23T16:01:59","slug":"practical-viking-fighting-sword","status":"publish","type":"product","link":"https:\/\/repliquemangacine.fr\/en\/epees-serie-tv-vikings\/epee-viking-practical-de-combat\/","title":{"rendered":"Practical Viking sword"},"content":{"rendered":"<h2>Category SK-C Viking fighting sword<\/h2>\n<p>To begin with, this <strong>Viking fighting sword<\/strong> SK-C category offers novice reenactors an affordable but still safe opportunity to own their own sword and perform the first basic exercises.<\/p>\n<p>For more than 100 years, the Vikings led numerous deadly raids into France. These warriors from Norway won many victories. They even established themselves in Normandy.<\/p>\n<p>Remarkable navigators, the Vikings also ventured as far as the Iberian Peninsula in 844. The Vikings enter the Mediterranean through the Strait of Gibraltar.<\/p>\n<p>Known as fearsome warriors, the Vikings never managed to form a real army. Their predatory tactics cannot be attributed to a military art they did not master.<\/p>\n<h2>Your Viking Fighting Sword at the best price.<\/h2>\n<p>We offer a wide selection of swords, as well as helmets and shields from the Viking era.<\/p>\n<p>First and foremost,<\/p>\n<ul>\n<li>this <a href=\"https:\/\/repliquemangacine.fr\/en\/viking\/hedeby-viking-sword-9th-century\/\">Viking sword Hedeby<\/a> reconstructed after an archaeological discovery.<\/li>\n<li>There's also the Sword<a href=\"https:\/\/repliquemangacine.fr\/en\/viking\/torshov-viking-sword-9-10th-century-practical\/\"> Viking Torshov<\/a> based on a discovery in Torshov.<\/li>\n<li>And much, much more!<\/li>\n<li>If you're looking for a bracelet, a ring or even a tattoo, check out our partner store. <a href=\"https:\/\/www.viking-clan.com\/\" target=\"_blank\" rel=\"noopener noreferrer\">Viking Clan<\/a>.<\/li>\n<\/ul>\n<p>So here's a great gift idea for fans of the famous Vikings series.<\/p>\n<p>In conclusion, you can also use this Sword for your cosplay parades or historical re-enactments. But above all, the<strong>Viking fighting sword<\/strong>It's a collector's item, and a decoration for non-combatants.<\/p>\n<h2>How to care for your sword blade<\/h2>\n<p>Collector's and decorative swords are made and assembled in a simplified way. As their use is decorative, they lack the safety features required of a Japanese sword intended for training.<\/p>\n<p>However, your <strong>Viking fighting sword<\/strong> to a steel blade that needs to be cared for to avoid damage over time. In fact, when you display your katana, your friends will be curious to see and touch the blade. This is where you need to be careful, as the acidity of your fingers is very harmful to steel, whatever its quality.<\/p>\n<p>However, if this does happen, don't panic - all you need is a cloth dampened with a little oil and a wipe of fingerprints. By doing so, you'll keep your sword looking its best for a very long time.<\/p>","protected":false},"excerpt":{"rendered":"<p>Sword for beginners to combat training.<\/p>\n<ul>\n<li>Forged, blunt carbon steel blade.<\/li>\n<li>Guard and pommel made from carbon steel.<\/li>\n<li>Black leather-covered handle.<\/li>\n<li>Total length: 81 cm - Blade length: 65 cm - Balance point: 12 cm from the hilt<\/li>\n<\/ul>\n<p>&nbsp;<\/p>","protected":false},"featured_media":27725,"template":"","meta":[],"product_brand":[896],"product_cat":[25,84,112,24,43,103,57],"product_tag":[],"class_list":{"0":"post-27724","1":"product","2":"type-product","3":"status-publish","4":"has-post-thumbnail","6":"product_brand-replique-manga-cine","7":"product_cat-armes-historiques","8":"product_cat-epee-templier-medievale","9":"product_cat-epees-serie-tv-vikings","10":"product_cat-films-series-tv-vente-de-katana-epee-et-produits-derives","11":"product_cat-reproductions-d-armes-et-accessoires-medievales","12":"product_cat-armes-et-accessoires-vikings","13":"product_cat-armes-vikings","15":"first","16":"instock","17":"taxable","18":"shipping-taxable","19":"purchasable","20":"product-type-simple"},"yoast_head":"<!-- This site is optimized with the Yoast SEO plugin v27.5 - https:\/\/yoast.com\/product\/yoast-seo-wordpress\/ -->\n<title>Ep\u00e9e de combat Viking - Vente en ligne d&#039;Ep\u00e9es Vikings | RMC<\/title>\n<meta name=\"description\" content=\"En exclusivit\u00e9 ! Cette superbe Ep\u00e9e de combat Viking pour d\u00e9butant au meilleur prix. Lame \u00e9mouss\u00e9e en acier forg\u00e9 main - Poign\u00e9e en cuir - Longueur : 81 cm\" \/>\n<meta name=\"robots\" content=\"index, follow, max-snippet:-1, max-image-preview:large, max-video-preview:-1\" \/>\n<link rel=\"canonical\" href=\"https:\/\/repliquemangacine.fr\/en\/swords-tv-series-vikings\/practical-viking-fighting-sword\/\" \/>\n<meta property=\"og:locale\" content=\"en_US\" \/>\n<meta property=\"og:type\" content=\"article\" \/>\n<meta property=\"og:title\" content=\"Ep\u00e9e de combat Viking - Vente en ligne d&#039;Ep\u00e9es Vikings | RMC\" \/>\n<meta property=\"og:description\" content=\"En exclusivit\u00e9 ! Cette superbe Ep\u00e9e de combat Viking pour d\u00e9butant au meilleur prix. Lame \u00e9mouss\u00e9e en acier forg\u00e9 main - Poign\u00e9e en cuir - Longueur : 81 cm\" \/>\n<meta property=\"og:url\" content=\"https:\/\/repliquemangacine.fr\/en\/swords-tv-series-vikings\/practical-viking-fighting-sword\/\" \/>\n<meta property=\"og:site_name\" content=\"R\u00e9plique Manga Cin\u00e9\" \/>\n<meta property=\"article:publisher\" content=\"https:\/\/www.facebook.com\/RepliqueMangaCine\" \/>\n<meta property=\"article:modified_time\" content=\"2025-09-23T16:01:59+00:00\" \/>\n<meta property=\"og:image\" content=\"https:\/\/repliquemangacine.fr\/wp-content\/uploads\/2023\/10\/2488-Epee-Viking-practical-debutant.jpg\" \/>\n\t<meta property=\"og:image:width\" content=\"600\" \/>\n\t<meta property=\"og:image:height\" content=\"600\" \/>\n\t<meta property=\"og:image:type\" content=\"image\/jpeg\" \/>\n<meta name=\"twitter:card\" content=\"summary_large_image\" \/>\n<meta name=\"twitter:label1\" content=\"Est. reading time\" \/>\n\t<meta name=\"twitter:data1\" content=\"2 minutes\" \/>\n<script type=\"application\/ld+json\" class=\"yoast-schema-graph\">{\"@context\":\"https:\\\/\\\/schema.org\",\"@graph\":[{\"@type\":\"WebPage\",\"@id\":\"https:\\\/\\\/repliquemangacine.fr\\\/epees-serie-tv-vikings\\\/epee-viking-practical-de-combat\\\/\",\"url\":\"https:\\\/\\\/repliquemangacine.fr\\\/epees-serie-tv-vikings\\\/epee-viking-practical-de-combat\\\/\",\"name\":\"Ep\u00e9e de combat Viking - Vente en ligne d'Ep\u00e9es Vikings | RMC\",\"isPartOf\":{\"@id\":\"https:\\\/\\\/repliquemangacine.fr\\\/#website\"},\"primaryImageOfPage\":{\"@id\":\"https:\\\/\\\/repliquemangacine.fr\\\/epees-serie-tv-vikings\\\/epee-viking-practical-de-combat\\\/#primaryimage\"},\"image\":{\"@id\":\"https:\\\/\\\/repliquemangacine.fr\\\/epees-serie-tv-vikings\\\/epee-viking-practical-de-combat\\\/#primaryimage\"},\"thumbnailUrl\":\"https:\\\/\\\/repliquemangacine.fr\\\/wp-content\\\/uploads\\\/2023\\\/10\\\/2488-Epee-Viking-practical-debutant.jpg\",\"datePublished\":\"2018-03-22T17:11:37+00:00\",\"dateModified\":\"2025-09-23T16:01:59+00:00\",\"description\":\"En exclusivit\u00e9 ! Cette superbe Ep\u00e9e de combat Viking pour d\u00e9butant au meilleur prix. Lame \u00e9mouss\u00e9e en acier forg\u00e9 main - Poign\u00e9e en cuir - Longueur : 81 cm\",\"breadcrumb\":{\"@id\":\"https:\\\/\\\/repliquemangacine.fr\\\/epees-serie-tv-vikings\\\/epee-viking-practical-de-combat\\\/#breadcrumb\"},\"inLanguage\":\"en-US\",\"potentialAction\":[{\"@type\":\"ReadAction\",\"target\":[\"https:\\\/\\\/repliquemangacine.fr\\\/epees-serie-tv-vikings\\\/epee-viking-practical-de-combat\\\/\"]}]},{\"@type\":\"ImageObject\",\"inLanguage\":\"en-US\",\"@id\":\"https:\\\/\\\/repliquemangacine.fr\\\/epees-serie-tv-vikings\\\/epee-viking-practical-de-combat\\\/#primaryimage\",\"url\":\"https:\\\/\\\/repliquemangacine.fr\\\/wp-content\\\/uploads\\\/2023\\\/10\\\/2488-Epee-Viking-practical-debutant.jpg\",\"contentUrl\":\"https:\\\/\\\/repliquemangacine.fr\\\/wp-content\\\/uploads\\\/2023\\\/10\\\/2488-Epee-Viking-practical-debutant.jpg\",\"width\":600,\"height\":600,\"caption\":\"Ep\u00e9e Viking practical debutant\"},{\"@type\":\"BreadcrumbList\",\"@id\":\"https:\\\/\\\/repliquemangacine.fr\\\/epees-serie-tv-vikings\\\/epee-viking-practical-de-combat\\\/#breadcrumb\",\"itemListElement\":[{\"@type\":\"ListItem\",\"position\":1,\"name\":\"Accueil\",\"item\":\"https:\\\/\\\/repliquemangacine.fr\\\/\"},{\"@type\":\"ListItem\",\"position\":2,\"name\":\"Produits\",\"item\":\"https:\\\/\\\/repliquemangacine.fr\\\/boutique\\\/\"},{\"@type\":\"ListItem\",\"position\":3,\"name\":\"Ep\u00e9e Practical Viking\"}]},{\"@type\":\"WebSite\",\"@id\":\"https:\\\/\\\/repliquemangacine.fr\\\/#website\",\"url\":\"https:\\\/\\\/repliquemangacine.fr\\\/\",\"name\":\"R\u00e9plique Manga Cin\u00e9\",\"description\":\"\",\"publisher\":{\"@id\":\"https:\\\/\\\/repliquemangacine.fr\\\/#organization\"},\"potentialAction\":[{\"@type\":\"SearchAction\",\"target\":{\"@type\":\"EntryPoint\",\"urlTemplate\":\"https:\\\/\\\/repliquemangacine.fr\\\/?s={search_term_string}\"},\"query-input\":{\"@type\":\"PropertyValueSpecification\",\"valueRequired\":true,\"valueName\":\"search_term_string\"}}],\"inLanguage\":\"en-US\"},{\"@type\":\"Organization\",\"@id\":\"https:\\\/\\\/repliquemangacine.fr\\\/#organization\",\"name\":\"R\u00e9plique Manga Cin\u00e9\",\"url\":\"https:\\\/\\\/repliquemangacine.fr\\\/\",\"logo\":{\"@type\":\"ImageObject\",\"inLanguage\":\"en-US\",\"@id\":\"https:\\\/\\\/repliquemangacine.fr\\\/#\\\/schema\\\/logo\\\/image\\\/\",\"url\":\"https:\\\/\\\/repliquemangacine.fr\\\/wp-content\\\/uploads\\\/2023\\\/10\\\/RMC-500250.png\",\"contentUrl\":\"https:\\\/\\\/repliquemangacine.fr\\\/wp-content\\\/uploads\\\/2023\\\/10\\\/RMC-500250.png\",\"width\":500,\"height\":250,\"caption\":\"R\u00e9plique Manga Cin\u00e9\"},\"image\":{\"@id\":\"https:\\\/\\\/repliquemangacine.fr\\\/#\\\/schema\\\/logo\\\/image\\\/\"},\"sameAs\":[\"https:\\\/\\\/www.facebook.com\\\/RepliqueMangaCine\",\"https:\\\/\\\/www.instagram.com\\\/repliquemangacine.fr\\\/\"]}]}<\/script>\n<!-- \/ Yoast SEO plugin. -->","yoast_head_json":{"title":"Viking Sword - Viking Swords online sale | RMC","description":"Exclusive! This superb Viking fighting sword for beginners at the best price. Blunt, hand-forged steel blade - Leather handle - Length: 81 cm","robots":{"index":"index","follow":"follow","max-snippet":"max-snippet:-1","max-image-preview":"max-image-preview:large","max-video-preview":"max-video-preview:-1"},"canonical":"https:\/\/repliquemangacine.fr\/en\/swords-tv-series-vikings\/practical-viking-fighting-sword\/","og_locale":"en_US","og_type":"article","og_title":"Ep\u00e9e de combat Viking - Vente en ligne d'Ep\u00e9es Vikings | RMC","og_description":"En exclusivit\u00e9 ! Cette superbe Ep\u00e9e de combat Viking pour d\u00e9butant au meilleur prix. Lame \u00e9mouss\u00e9e en acier forg\u00e9 main - Poign\u00e9e en cuir - Longueur : 81 cm","og_url":"https:\/\/repliquemangacine.fr\/en\/swords-tv-series-vikings\/practical-viking-fighting-sword\/","og_site_name":"R\u00e9plique Manga Cin\u00e9","article_publisher":"https:\/\/www.facebook.com\/RepliqueMangaCine","article_modified_time":"2025-09-23T16:01:59+00:00","og_image":[{"width":600,"height":600,"url":"https:\/\/repliquemangacine.fr\/wp-content\/uploads\/2023\/10\/2488-Epee-Viking-practical-debutant.jpg","type":"image\/jpeg"}],"twitter_card":"summary_large_image","twitter_misc":{"Est. reading time":"2 minutes"},"schema":{"@context":"https:\/\/schema.org","@graph":[{"@type":"WebPage","@id":"https:\/\/repliquemangacine.fr\/epees-serie-tv-vikings\/epee-viking-practical-de-combat\/","url":"https:\/\/repliquemangacine.fr\/epees-serie-tv-vikings\/epee-viking-practical-de-combat\/","name":"Viking Sword - Viking Swords online sale | RMC","isPartOf":{"@id":"https:\/\/repliquemangacine.fr\/#website"},"primaryImageOfPage":{"@id":"https:\/\/repliquemangacine.fr\/epees-serie-tv-vikings\/epee-viking-practical-de-combat\/#primaryimage"},"image":{"@id":"https:\/\/repliquemangacine.fr\/epees-serie-tv-vikings\/epee-viking-practical-de-combat\/#primaryimage"},"thumbnailUrl":"https:\/\/repliquemangacine.fr\/wp-content\/uploads\/2023\/10\/2488-Epee-Viking-practical-debutant.jpg","datePublished":"2018-03-22T17:11:37+00:00","dateModified":"2025-09-23T16:01:59+00:00","description":"Exclusive! This superb Viking fighting sword for beginners at the best price. Blunt, hand-forged steel blade - Leather handle - Length: 81 cm","breadcrumb":{"@id":"https:\/\/repliquemangacine.fr\/epees-serie-tv-vikings\/epee-viking-practical-de-combat\/#breadcrumb"},"inLanguage":"en-US","potentialAction":[{"@type":"ReadAction","target":["https:\/\/repliquemangacine.fr\/epees-serie-tv-vikings\/epee-viking-practical-de-combat\/"]}]},{"@type":"ImageObject","inLanguage":"en-US","@id":"https:\/\/repliquemangacine.fr\/epees-serie-tv-vikings\/epee-viking-practical-de-combat\/#primaryimage","url":"https:\/\/repliquemangacine.fr\/wp-content\/uploads\/2023\/10\/2488-Epee-Viking-practical-debutant.jpg","contentUrl":"https:\/\/repliquemangacine.fr\/wp-content\/uploads\/2023\/10\/2488-Epee-Viking-practical-debutant.jpg","width":600,"height":600,"caption":"Ep\u00e9e Viking practical debutant"},{"@type":"BreadcrumbList","@id":"https:\/\/repliquemangacine.fr\/epees-serie-tv-vikings\/epee-viking-practical-de-combat\/#breadcrumb","itemListElement":[{"@type":"ListItem","position":1,"name":"Accueil","item":"https:\/\/repliquemangacine.fr\/"},{"@type":"ListItem","position":2,"name":"Produits","item":"https:\/\/repliquemangacine.fr\/boutique\/"},{"@type":"ListItem","position":3,"name":"Ep\u00e9e Practical Viking"}]},{"@type":"WebSite","@id":"https:\/\/repliquemangacine.fr\/#website","url":"https:\/\/repliquemangacine.fr\/","name":"R\u00e9plique Manga Cin\u00e9","description":"","publisher":{"@id":"https:\/\/repliquemangacine.fr\/#organization"},"potentialAction":[{"@type":"SearchAction","target":{"@type":"EntryPoint","urlTemplate":"https:\/\/repliquemangacine.fr\/?s={search_term_string}"},"query-input":{"@type":"PropertyValueSpecification","valueRequired":true,"valueName":"search_term_string"}}],"inLanguage":"en-US"},{"@type":"Organization","@id":"https:\/\/repliquemangacine.fr\/#organization","name":"R\u00e9plique Manga Cin\u00e9","url":"https:\/\/repliquemangacine.fr\/","logo":{"@type":"ImageObject","inLanguage":"en-US","@id":"https:\/\/repliquemangacine.fr\/#\/schema\/logo\/image\/","url":"https:\/\/repliquemangacine.fr\/wp-content\/uploads\/2023\/10\/RMC-500250.png","contentUrl":"https:\/\/repliquemangacine.fr\/wp-content\/uploads\/2023\/10\/RMC-500250.png","width":500,"height":250,"caption":"R\u00e9plique Manga Cin\u00e9"},"image":{"@id":"https:\/\/repliquemangacine.fr\/#\/schema\/logo\/image\/"},"sameAs":["https:\/\/www.facebook.com\/RepliqueMangaCine","https:\/\/www.instagram.com\/repliquemangacine.fr\/"]}]}},"_links":{"self":[{"href":"https:\/\/repliquemangacine.fr\/en\/wp-json\/wp\/v2\/product\/27724","targetHints":{"allow":["GET"]}}],"collection":[{"href":"https:\/\/repliquemangacine.fr\/en\/wp-json\/wp\/v2\/product"}],"about":[{"href":"https:\/\/repliquemangacine.fr\/en\/wp-json\/wp\/v2\/types\/product"}],"wp:featuredmedia":[{"embeddable":true,"href":"https:\/\/repliquemangacine.fr\/en\/wp-json\/wp\/v2\/media\/27725"}],"wp:attachment":[{"href":"https:\/\/repliquemangacine.fr\/en\/wp-json\/wp\/v2\/media?parent=27724"}],"wp:term":[{"taxonomy":"product_brand","embeddable":true,"href":"https:\/\/repliquemangacine.fr\/en\/wp-json\/wp\/v2\/product_brand?post=27724"},{"taxonomy":"product_cat","embeddable":true,"href":"https:\/\/repliquemangacine.fr\/en\/wp-json\/wp\/v2\/product_cat?post=27724"},{"taxonomy":"product_tag","embeddable":true,"href":"https:\/\/repliquemangacine.fr\/en\/wp-json\/wp\/v2\/product_tag?post=27724"}],"curies":[{"name":"wp","href":"https:\/\/api.w.org\/{rel}","templated":true}]}}