





{"id":27714,"date":"2018-03-15T19:03:41","date_gmt":"2018-03-15T18:03:41","guid":{"rendered":"https:\/\/repliquemangacine.fr\/?post_type=product&#038;p=27714"},"modified":"2025-09-23T18:01:59","modified_gmt":"2025-09-23T16:01:59","slug":"blucher-m1811-prussian-cavalry-saber","status":"publish","type":"product","link":"https:\/\/repliquemangacine.fr\/en\/sabres-1er-empire\/sabre-blucher-m1811-sabre-de-cavalerie-prussienne\/","title":{"rendered":"Bl\u00fccher M1811 saber"},"content":{"rendered":"<h2>Bl\u00fccher M1811- Prusian cavalry saber.<\/h2>\n<p>To begin with, the <strong>Bl\u00fccher M1811 saber<\/strong>designed on the model of an English saber used by the Light Dragoons from 1796 onwards. Gebhard Leberecht von Bl\u00fccher, German general, was the most popular commander during the German campaign against Napoleon. In 1826, a statue was erected in his memory by the city of Berlin: his effigy holds the hilt of an M 1811 saber, lowered to the ground.<\/p>\n<p>This saber was the standard weapon of the Prussian light cavalry in 1813\/14. Prussian hussars, dragoons, uhlans and horse artillery were equipped with Bl\u00fccher Sabres.<\/p>\n<p>The Royal Prussian Army is the army of the Kingdom of Prussia. These armed forces are essential to Brandenburg's assertion as a major European power.<\/p>\n<h2>Your Bl\u00fccher M1811 Sabre at the best price.<\/h2>\n<p>We offer a wide range of reproductions of historical weapons<\/p>\n<p>First and foremost,<\/p>\n<ul>\n<li>Superb reproduction of the <a href=\"https:\/\/repliquemangacine.fr\/en\/1st-empire-swords\/sabre-ordre-militaire-saint-georges\/\">saber of the military order of Saint George<\/a>Russia 1913, signed <a href=\"https:\/\/www.denix.fr\/fr\/catalogue\/armes-historiques-s-xvi-xix\/sabres\/4191\/\" target=\"_blank\" rel=\"noopener noreferrer\">Denix<\/a>.<\/li>\n<li>As well as the <a href=\"https:\/\/repliquemangacine.fr\/en\/1st-empire-swords\/sabre-mamelouke-us-marines\/\">Mameluke sword<\/a> US Marines, officer's sword United States Marines Corp.<\/li>\n<li>There is also this <a href=\"https:\/\/repliquemangacine.fr\/en\/medieval-accessories\/wall-bracket-for-pistol-rifle-and-sword\/\">wall bracket<\/a> of two fleur-de-lys shaped pieces.<\/li>\n<li>And many more to discover in our online store!<\/li>\n<\/ul>\n<p>That's why these are great gift ideas for history buffs.<\/p>\n<p>In conclusion, you can also use this <strong>Bl\u00fccher M1811 saber<\/strong> for your historical re-enactments or theatrical performances. But above all, it's a decorative collector's item.<\/p>\n<h2>How to maintain the blade of your historic sword?<\/h2>\n<p>Collector's and decorative swords are made and assembled in a simplified way. As their use is decorative, they lack the safety features required of a Japanese sword intended for training.<\/p>\n<p>However, your <strong>Bl\u00fccher M1811 saber<\/strong> to a steel blade that needs to be cared for to avoid damage over time. In fact, when you display your katana, your friends will be curious to see and touch the blade. This is where you need to be careful, as the acidity of your fingers is very harmful to steel, whatever its quality.<\/p>\n<p>However, if this does happen, don't panic - all you need is a cloth dampened with a little oil and a wipe of fingerprints. By doing so, you'll keep your sword looking its best for a very long time.<\/p>","protected":false},"excerpt":{"rendered":"<p>Prussian cavalry saber, model M 1811, known as the Bl\u00fccher Sabre.<\/p>\n<ul>\n<li>Forged high-carbon steel blade.<\/li>\n<li>Carefully polished, not sharp.<\/li>\n<li>Steel guard.<\/li>\n<li>Leather-covered handle.<\/li>\n<li>Steel scabbard.<\/li>\n<li>Total length: 100 cm - Blade length: 85 cm - Weight: 1.05 kg.<\/li>\n<\/ul>","protected":false},"featured_media":27715,"template":"","meta":[],"product_brand":[896],"product_cat":[25,37,74],"product_tag":[],"class_list":{"0":"post-27714","1":"product","2":"type-product","3":"status-publish","4":"has-post-thumbnail","6":"product_brand-replique-manga-cine","7":"product_cat-armes-historiques","8":"product_cat-premier-empire","9":"product_cat-sabres-1er-empire","11":"first","12":"instock","13":"taxable","14":"shipping-taxable","15":"purchasable","16":"product-type-simple"},"yoast_head":"<!-- This site is optimized with the Yoast SEO plugin v27.5 - https:\/\/yoast.com\/product\/yoast-seo-wordpress\/ -->\n<title>Sabre Bl\u00fccher M1811 - Vente \u00e9p\u00e9e de Cavalerie - RMC<\/title>\n<meta name=\"description\" content=\"Offrez-lui ce Sabre Bl\u00fccher M1811 au meilleur prix - Lame en acier carbone forg\u00e9e - Poign\u00e9e cuir - Garde m\u00e9tal - Fourreau acier - Longueur totale : 100 cm\" \/>\n<meta name=\"robots\" content=\"index, follow, max-snippet:-1, max-image-preview:large, max-video-preview:-1\" \/>\n<link rel=\"canonical\" href=\"https:\/\/repliquemangacine.fr\/en\/1st-empire-swords\/blucher-m1811-prussian-cavalry-saber\/\" \/>\n<meta property=\"og:locale\" content=\"en_US\" \/>\n<meta property=\"og:type\" content=\"article\" \/>\n<meta property=\"og:title\" content=\"Sabre Bl\u00fccher M1811 - Vente \u00e9p\u00e9e de Cavalerie - RMC\" \/>\n<meta property=\"og:description\" content=\"Offrez-lui ce Sabre Bl\u00fccher M1811 au meilleur prix - Lame en acier carbone forg\u00e9e - Poign\u00e9e cuir - Garde m\u00e9tal - Fourreau acier - Longueur totale : 100 cm\" \/>\n<meta property=\"og:url\" content=\"https:\/\/repliquemangacine.fr\/en\/1st-empire-swords\/blucher-m1811-prussian-cavalry-saber\/\" \/>\n<meta property=\"og:site_name\" content=\"R\u00e9plique Manga Cin\u00e9\" \/>\n<meta property=\"article:publisher\" content=\"https:\/\/www.facebook.com\/RepliqueMangaCine\" \/>\n<meta property=\"article:modified_time\" content=\"2025-09-23T16:01:59+00:00\" \/>\n<meta property=\"og:image\" content=\"https:\/\/repliquemangacine.fr\/wp-content\/uploads\/2023\/10\/2479-Sabre-de-cavalerie-prussienne-M-1811-dit-Blucher-Sabrefourreau.jpg\" \/>\n\t<meta property=\"og:image:width\" content=\"600\" \/>\n\t<meta property=\"og:image:height\" content=\"600\" \/>\n\t<meta property=\"og:image:type\" content=\"image\/jpeg\" \/>\n<meta name=\"twitter:card\" content=\"summary_large_image\" \/>\n<meta name=\"twitter:label1\" content=\"Est. reading time\" \/>\n\t<meta name=\"twitter:data1\" content=\"2 minutes\" \/>\n<script type=\"application\/ld+json\" class=\"yoast-schema-graph\">{\"@context\":\"https:\\\/\\\/schema.org\",\"@graph\":[{\"@type\":\"WebPage\",\"@id\":\"https:\\\/\\\/repliquemangacine.fr\\\/sabres-1er-empire\\\/sabre-blucher-m1811-sabre-de-cavalerie-prussienne\\\/\",\"url\":\"https:\\\/\\\/repliquemangacine.fr\\\/sabres-1er-empire\\\/sabre-blucher-m1811-sabre-de-cavalerie-prussienne\\\/\",\"name\":\"Sabre Bl\u00fccher M1811 - Vente \u00e9p\u00e9e de Cavalerie - RMC\",\"isPartOf\":{\"@id\":\"https:\\\/\\\/repliquemangacine.fr\\\/#website\"},\"primaryImageOfPage\":{\"@id\":\"https:\\\/\\\/repliquemangacine.fr\\\/sabres-1er-empire\\\/sabre-blucher-m1811-sabre-de-cavalerie-prussienne\\\/#primaryimage\"},\"image\":{\"@id\":\"https:\\\/\\\/repliquemangacine.fr\\\/sabres-1er-empire\\\/sabre-blucher-m1811-sabre-de-cavalerie-prussienne\\\/#primaryimage\"},\"thumbnailUrl\":\"https:\\\/\\\/repliquemangacine.fr\\\/wp-content\\\/uploads\\\/2023\\\/10\\\/2479-Sabre-de-cavalerie-prussienne-M-1811-dit-Blucher-Sabrefourreau.jpg\",\"datePublished\":\"2018-03-15T18:03:41+00:00\",\"dateModified\":\"2025-09-23T16:01:59+00:00\",\"description\":\"Offrez-lui ce Sabre Bl\u00fccher M1811 au meilleur prix - Lame en acier carbone forg\u00e9e - Poign\u00e9e cuir - Garde m\u00e9tal - Fourreau acier - Longueur totale : 100 cm\",\"breadcrumb\":{\"@id\":\"https:\\\/\\\/repliquemangacine.fr\\\/sabres-1er-empire\\\/sabre-blucher-m1811-sabre-de-cavalerie-prussienne\\\/#breadcrumb\"},\"inLanguage\":\"en-US\",\"potentialAction\":[{\"@type\":\"ReadAction\",\"target\":[\"https:\\\/\\\/repliquemangacine.fr\\\/sabres-1er-empire\\\/sabre-blucher-m1811-sabre-de-cavalerie-prussienne\\\/\"]}]},{\"@type\":\"ImageObject\",\"inLanguage\":\"en-US\",\"@id\":\"https:\\\/\\\/repliquemangacine.fr\\\/sabres-1er-empire\\\/sabre-blucher-m1811-sabre-de-cavalerie-prussienne\\\/#primaryimage\",\"url\":\"https:\\\/\\\/repliquemangacine.fr\\\/wp-content\\\/uploads\\\/2023\\\/10\\\/2479-Sabre-de-cavalerie-prussienne-M-1811-dit-Blucher-Sabrefourreau.jpg\",\"contentUrl\":\"https:\\\/\\\/repliquemangacine.fr\\\/wp-content\\\/uploads\\\/2023\\\/10\\\/2479-Sabre-de-cavalerie-prussienne-M-1811-dit-Blucher-Sabrefourreau.jpg\",\"width\":600,\"height\":600,\"caption\":\"Sabre de cavalerie prussienne M 1811, dit Bl\u00fccher Sabre+fourreau\"},{\"@type\":\"BreadcrumbList\",\"@id\":\"https:\\\/\\\/repliquemangacine.fr\\\/sabres-1er-empire\\\/sabre-blucher-m1811-sabre-de-cavalerie-prussienne\\\/#breadcrumb\",\"itemListElement\":[{\"@type\":\"ListItem\",\"position\":1,\"name\":\"Accueil\",\"item\":\"https:\\\/\\\/repliquemangacine.fr\\\/\"},{\"@type\":\"ListItem\",\"position\":2,\"name\":\"Produits\",\"item\":\"https:\\\/\\\/repliquemangacine.fr\\\/boutique\\\/\"},{\"@type\":\"ListItem\",\"position\":3,\"name\":\"Sabre Bl\u00fccher M1811\"}]},{\"@type\":\"WebSite\",\"@id\":\"https:\\\/\\\/repliquemangacine.fr\\\/#website\",\"url\":\"https:\\\/\\\/repliquemangacine.fr\\\/\",\"name\":\"R\u00e9plique Manga Cin\u00e9\",\"description\":\"\",\"publisher\":{\"@id\":\"https:\\\/\\\/repliquemangacine.fr\\\/#organization\"},\"potentialAction\":[{\"@type\":\"SearchAction\",\"target\":{\"@type\":\"EntryPoint\",\"urlTemplate\":\"https:\\\/\\\/repliquemangacine.fr\\\/?s={search_term_string}\"},\"query-input\":{\"@type\":\"PropertyValueSpecification\",\"valueRequired\":true,\"valueName\":\"search_term_string\"}}],\"inLanguage\":\"en-US\"},{\"@type\":\"Organization\",\"@id\":\"https:\\\/\\\/repliquemangacine.fr\\\/#organization\",\"name\":\"R\u00e9plique Manga Cin\u00e9\",\"url\":\"https:\\\/\\\/repliquemangacine.fr\\\/\",\"logo\":{\"@type\":\"ImageObject\",\"inLanguage\":\"en-US\",\"@id\":\"https:\\\/\\\/repliquemangacine.fr\\\/#\\\/schema\\\/logo\\\/image\\\/\",\"url\":\"https:\\\/\\\/repliquemangacine.fr\\\/wp-content\\\/uploads\\\/2023\\\/10\\\/RMC-500250.png\",\"contentUrl\":\"https:\\\/\\\/repliquemangacine.fr\\\/wp-content\\\/uploads\\\/2023\\\/10\\\/RMC-500250.png\",\"width\":500,\"height\":250,\"caption\":\"R\u00e9plique Manga Cin\u00e9\"},\"image\":{\"@id\":\"https:\\\/\\\/repliquemangacine.fr\\\/#\\\/schema\\\/logo\\\/image\\\/\"},\"sameAs\":[\"https:\\\/\\\/www.facebook.com\\\/RepliqueMangaCine\",\"https:\\\/\\\/www.instagram.com\\\/repliquemangacine.fr\\\/\"]}]}<\/script>\n<!-- \/ Yoast SEO plugin. -->","yoast_head_json":{"title":"Sabre Bl\u00fccher M1811 - Cavalry Sword Sale - RMC","description":"Give him this Bl\u00fccher M1811 sword at the best price - Forged carbon steel blade - Leather handle - Metal guard - Steel scabbard - Total length: 100 cm","robots":{"index":"index","follow":"follow","max-snippet":"max-snippet:-1","max-image-preview":"max-image-preview:large","max-video-preview":"max-video-preview:-1"},"canonical":"https:\/\/repliquemangacine.fr\/en\/1st-empire-swords\/blucher-m1811-prussian-cavalry-saber\/","og_locale":"en_US","og_type":"article","og_title":"Sabre Bl\u00fccher M1811 - Vente \u00e9p\u00e9e de Cavalerie - RMC","og_description":"Offrez-lui ce Sabre Bl\u00fccher M1811 au meilleur prix - Lame en acier carbone forg\u00e9e - Poign\u00e9e cuir - Garde m\u00e9tal - Fourreau acier - Longueur totale : 100 cm","og_url":"https:\/\/repliquemangacine.fr\/en\/1st-empire-swords\/blucher-m1811-prussian-cavalry-saber\/","og_site_name":"R\u00e9plique Manga Cin\u00e9","article_publisher":"https:\/\/www.facebook.com\/RepliqueMangaCine","article_modified_time":"2025-09-23T16:01:59+00:00","og_image":[{"width":600,"height":600,"url":"https:\/\/repliquemangacine.fr\/wp-content\/uploads\/2023\/10\/2479-Sabre-de-cavalerie-prussienne-M-1811-dit-Blucher-Sabrefourreau.jpg","type":"image\/jpeg"}],"twitter_card":"summary_large_image","twitter_misc":{"Est. reading time":"2 minutes"},"schema":{"@context":"https:\/\/schema.org","@graph":[{"@type":"WebPage","@id":"https:\/\/repliquemangacine.fr\/sabres-1er-empire\/sabre-blucher-m1811-sabre-de-cavalerie-prussienne\/","url":"https:\/\/repliquemangacine.fr\/sabres-1er-empire\/sabre-blucher-m1811-sabre-de-cavalerie-prussienne\/","name":"Sabre Bl\u00fccher M1811 - Cavalry Sword Sale - RMC","isPartOf":{"@id":"https:\/\/repliquemangacine.fr\/#website"},"primaryImageOfPage":{"@id":"https:\/\/repliquemangacine.fr\/sabres-1er-empire\/sabre-blucher-m1811-sabre-de-cavalerie-prussienne\/#primaryimage"},"image":{"@id":"https:\/\/repliquemangacine.fr\/sabres-1er-empire\/sabre-blucher-m1811-sabre-de-cavalerie-prussienne\/#primaryimage"},"thumbnailUrl":"https:\/\/repliquemangacine.fr\/wp-content\/uploads\/2023\/10\/2479-Sabre-de-cavalerie-prussienne-M-1811-dit-Blucher-Sabrefourreau.jpg","datePublished":"2018-03-15T18:03:41+00:00","dateModified":"2025-09-23T16:01:59+00:00","description":"Give him this Bl\u00fccher M1811 sword at the best price - Forged carbon steel blade - Leather handle - Metal guard - Steel scabbard - Total length: 100 cm","breadcrumb":{"@id":"https:\/\/repliquemangacine.fr\/sabres-1er-empire\/sabre-blucher-m1811-sabre-de-cavalerie-prussienne\/#breadcrumb"},"inLanguage":"en-US","potentialAction":[{"@type":"ReadAction","target":["https:\/\/repliquemangacine.fr\/sabres-1er-empire\/sabre-blucher-m1811-sabre-de-cavalerie-prussienne\/"]}]},{"@type":"ImageObject","inLanguage":"en-US","@id":"https:\/\/repliquemangacine.fr\/sabres-1er-empire\/sabre-blucher-m1811-sabre-de-cavalerie-prussienne\/#primaryimage","url":"https:\/\/repliquemangacine.fr\/wp-content\/uploads\/2023\/10\/2479-Sabre-de-cavalerie-prussienne-M-1811-dit-Blucher-Sabrefourreau.jpg","contentUrl":"https:\/\/repliquemangacine.fr\/wp-content\/uploads\/2023\/10\/2479-Sabre-de-cavalerie-prussienne-M-1811-dit-Blucher-Sabrefourreau.jpg","width":600,"height":600,"caption":"Sabre de cavalerie prussienne M 1811, dit Bl\u00fccher Sabre+fourreau"},{"@type":"BreadcrumbList","@id":"https:\/\/repliquemangacine.fr\/sabres-1er-empire\/sabre-blucher-m1811-sabre-de-cavalerie-prussienne\/#breadcrumb","itemListElement":[{"@type":"ListItem","position":1,"name":"Accueil","item":"https:\/\/repliquemangacine.fr\/"},{"@type":"ListItem","position":2,"name":"Produits","item":"https:\/\/repliquemangacine.fr\/boutique\/"},{"@type":"ListItem","position":3,"name":"Sabre Bl\u00fccher M1811"}]},{"@type":"WebSite","@id":"https:\/\/repliquemangacine.fr\/#website","url":"https:\/\/repliquemangacine.fr\/","name":"R\u00e9plique Manga Cin\u00e9","description":"","publisher":{"@id":"https:\/\/repliquemangacine.fr\/#organization"},"potentialAction":[{"@type":"SearchAction","target":{"@type":"EntryPoint","urlTemplate":"https:\/\/repliquemangacine.fr\/?s={search_term_string}"},"query-input":{"@type":"PropertyValueSpecification","valueRequired":true,"valueName":"search_term_string"}}],"inLanguage":"en-US"},{"@type":"Organization","@id":"https:\/\/repliquemangacine.fr\/#organization","name":"R\u00e9plique Manga Cin\u00e9","url":"https:\/\/repliquemangacine.fr\/","logo":{"@type":"ImageObject","inLanguage":"en-US","@id":"https:\/\/repliquemangacine.fr\/#\/schema\/logo\/image\/","url":"https:\/\/repliquemangacine.fr\/wp-content\/uploads\/2023\/10\/RMC-500250.png","contentUrl":"https:\/\/repliquemangacine.fr\/wp-content\/uploads\/2023\/10\/RMC-500250.png","width":500,"height":250,"caption":"R\u00e9plique Manga Cin\u00e9"},"image":{"@id":"https:\/\/repliquemangacine.fr\/#\/schema\/logo\/image\/"},"sameAs":["https:\/\/www.facebook.com\/RepliqueMangaCine","https:\/\/www.instagram.com\/repliquemangacine.fr\/"]}]}},"_links":{"self":[{"href":"https:\/\/repliquemangacine.fr\/en\/wp-json\/wp\/v2\/product\/27714","targetHints":{"allow":["GET"]}}],"collection":[{"href":"https:\/\/repliquemangacine.fr\/en\/wp-json\/wp\/v2\/product"}],"about":[{"href":"https:\/\/repliquemangacine.fr\/en\/wp-json\/wp\/v2\/types\/product"}],"wp:featuredmedia":[{"embeddable":true,"href":"https:\/\/repliquemangacine.fr\/en\/wp-json\/wp\/v2\/media\/27715"}],"wp:attachment":[{"href":"https:\/\/repliquemangacine.fr\/en\/wp-json\/wp\/v2\/media?parent=27714"}],"wp:term":[{"taxonomy":"product_brand","embeddable":true,"href":"https:\/\/repliquemangacine.fr\/en\/wp-json\/wp\/v2\/product_brand?post=27714"},{"taxonomy":"product_cat","embeddable":true,"href":"https:\/\/repliquemangacine.fr\/en\/wp-json\/wp\/v2\/product_cat?post=27714"},{"taxonomy":"product_tag","embeddable":true,"href":"https:\/\/repliquemangacine.fr\/en\/wp-json\/wp\/v2\/product_tag?post=27714"}],"curies":[{"name":"wp","href":"https:\/\/api.w.org\/{rel}","templated":true}]}}