





{"id":27708,"date":"2018-03-15T17:07:57","date_gmt":"2018-03-15T16:07:57","guid":{"rendered":"https:\/\/repliquemangacine.fr\/?post_type=product&#038;p=27708"},"modified":"2026-04-25T19:46:24","modified_gmt":"2026-04-25T17:46:24","slug":"19th-century-us-cavalry-saber","status":"publish","type":"product","link":"https:\/\/repliquemangacine.fr\/en\/sabres-1er-empire\/sabre-de-cavalerie-us-19eme-siecle\/","title":{"rendered":"US Cavalry Saber 19th Century"},"content":{"rendered":"<h2>US Cavalry Saber 19\u1d49 Century<\/h2>\n<p>To begin with, the <strong>US Cavalry Saber<\/strong>, used by Southerners during the American Civil War. Ideal for re-enactments, but not for combat.<\/p>\n<p>Visit <a href=\"https:\/\/www.histoire-pour-tous.fr\/dossiers\/241-la-guerre-de-secession.html\" target=\"_blank\" rel=\"noopener noreferrer\">American Civil War<\/a> is a bloody civil war that took place between 1861 and 1865 in the United States, between the northerners (Union) and the southerners (Confederate).  It is still the deadliest war in the history of the United States of America.<\/p>\n<p>The issue of the abolition of slavery in the southern states was one of the main triggers. This war, known in North America as the \u201dCivil War\u201d, tore the United States apart for 4 years and claimed the lives of 617,000 combatants, far more than any other war involving the country, including the two world wars.<\/p>\n<h2>Your US Cavalry Saber at the best price.<\/h2>\n<p>We offer a wide range of reproductions of historical weapons<\/p>\n<p>First and foremost,<\/p>\n<ul>\n<li>The 1860 Cavalry Saber, also known as the <a href=\"https:\/\/repliquemangacine.fr\/en\/1st-empire-swords\/saber-cavalry-us-1860\/\">M1862<\/a>used by the American cavalry.<\/li>\n<li>As well as the Prussian cavalry saber, model M 1811, called <a href=\"https:\/\/repliquemangacine.fr\/en\/1st-empire-swords\/blucher-m1811-prussian-cavalry-saber\/\">Bl\u00fccher Sabre<\/a>.<\/li>\n<li>There is also the <a href=\"https:\/\/repliquemangacine.fr\/en\/1st-empire-swords\/sabre-marine-m1859-nco-usa-united-cutlery\/\">Marine ceremonial saber<\/a>. Ceremonial sword under official U.S.M.C. license<\/li>\n<li>And many more to discover in our online store!<\/li>\n<\/ul>\n<p>That's why these are great gift ideas for history buffs.<\/p>\n<p>In conclusion, you can also use this <strong>US Cavalry Saber<\/strong> for your historical re-enactments. But above all, this Confederate sword is a collector's item and a decorative piece.<\/p>\n<h2>How to maintain the blade of your historic sword?<\/h2>\n<p>Collector's and decorative swords are made and assembled in a simplified way. As their use is decorative, they lack the safety features required of a Japanese sword intended for training.<\/p>\n<p>However, your <strong>US Cavalry Saber<\/strong> to a steel blade that needs to be cared for to avoid damage over time. In fact, when you display your katana, your friends will be curious to see and touch the blade. This is where you need to be careful, as the acidity of your fingers is very harmful to steel, whatever its quality.<\/p>\n<p>However, if this does happen, don't panic - all you need is a cloth dampened with a little oil and a wipe of fingerprints. By doing so, you'll keep your sword looking its best for a very long time.<\/p>","protected":false},"excerpt":{"rendered":"<p>American Cavalry saber from the 19\u1d49 century.<\/p>\n<ul>\n<li>Forged carbon steel blade (unsharpened).<\/li>\n<li>Brass four-point hilt.<\/li>\n<li>Handle adorned with gold thread.<\/li>\n<li>Stainless steel sheath.<\/li>\n<li>Total length :107 cm - Blade length :91.5 cm - Weight : 1300grs<\/li>\n<\/ul>\n<p><strong>\u00a0<\/strong><\/p>","protected":false},"featured_media":27709,"template":"","meta":[],"product_brand":[896],"product_cat":[25,37,74],"product_tag":[],"class_list":{"0":"post-27708","1":"product","2":"type-product","3":"status-publish","4":"has-post-thumbnail","6":"product_brand-replique-manga-cine","7":"product_cat-armes-historiques","8":"product_cat-premier-empire","9":"product_cat-sabres-1er-empire","11":"first","12":"instock","13":"taxable","14":"shipping-taxable","15":"purchasable","16":"product-type-simple"},"yoast_head":"<!-- This site is optimized with the Yoast SEO plugin v27.5 - https:\/\/yoast.com\/product\/yoast-seo-wordpress\/ -->\n<title>Sabre de Cavalerie US - Vente Sabre Guerre de S\u00e9cession - RMC<\/title>\n<meta name=\"description\" content=\"D\u00e9couvrez ce Sabre de Cavalerie US au meilleur prix - Lame forg\u00e9e main en acier carbone - Garde en laiton - Fourreau acier inox - Longueur totale : 107 cm\" \/>\n<meta name=\"robots\" content=\"index, follow, max-snippet:-1, max-image-preview:large, max-video-preview:-1\" \/>\n<link rel=\"canonical\" href=\"https:\/\/repliquemangacine.fr\/en\/1st-empire-swords\/19th-century-us-cavalry-saber\/\" \/>\n<meta property=\"og:locale\" content=\"en_US\" \/>\n<meta property=\"og:type\" content=\"article\" \/>\n<meta property=\"og:title\" content=\"Sabre de Cavalerie US - Vente Sabre Guerre de S\u00e9cession - RMC\" \/>\n<meta property=\"og:description\" content=\"D\u00e9couvrez ce Sabre de Cavalerie US au meilleur prix - Lame forg\u00e9e main en acier carbone - Garde en laiton - Fourreau acier inox - Longueur totale : 107 cm\" \/>\n<meta property=\"og:url\" content=\"https:\/\/repliquemangacine.fr\/en\/1st-empire-swords\/19th-century-us-cavalry-saber\/\" \/>\n<meta property=\"og:site_name\" content=\"R\u00e9plique Manga Cin\u00e9\" \/>\n<meta property=\"article:publisher\" content=\"https:\/\/www.facebook.com\/RepliqueMangaCine\" \/>\n<meta property=\"article:modified_time\" content=\"2026-04-25T17:46:24+00:00\" \/>\n<meta property=\"og:image\" content=\"https:\/\/repliquemangacine.fr\/wp-content\/uploads\/2023\/10\/2474-Replique-Sabre-de-Cavalerie-US-19eme-Sieclepoignee.jpg\" \/>\n\t<meta property=\"og:image:width\" content=\"600\" \/>\n\t<meta property=\"og:image:height\" content=\"600\" \/>\n\t<meta property=\"og:image:type\" content=\"image\/jpeg\" \/>\n<meta name=\"twitter:card\" content=\"summary_large_image\" \/>\n<meta name=\"twitter:label1\" content=\"Est. reading time\" \/>\n\t<meta name=\"twitter:data1\" content=\"2 minutes\" \/>\n<script type=\"application\/ld+json\" class=\"yoast-schema-graph\">{\"@context\":\"https:\\\/\\\/schema.org\",\"@graph\":[{\"@type\":\"WebPage\",\"@id\":\"https:\\\/\\\/repliquemangacine.fr\\\/sabres-1er-empire\\\/sabre-de-cavalerie-us-19eme-siecle\\\/\",\"url\":\"https:\\\/\\\/repliquemangacine.fr\\\/sabres-1er-empire\\\/sabre-de-cavalerie-us-19eme-siecle\\\/\",\"name\":\"Sabre de Cavalerie US - Vente Sabre Guerre de S\u00e9cession - RMC\",\"isPartOf\":{\"@id\":\"https:\\\/\\\/repliquemangacine.fr\\\/#website\"},\"primaryImageOfPage\":{\"@id\":\"https:\\\/\\\/repliquemangacine.fr\\\/sabres-1er-empire\\\/sabre-de-cavalerie-us-19eme-siecle\\\/#primaryimage\"},\"image\":{\"@id\":\"https:\\\/\\\/repliquemangacine.fr\\\/sabres-1er-empire\\\/sabre-de-cavalerie-us-19eme-siecle\\\/#primaryimage\"},\"thumbnailUrl\":\"https:\\\/\\\/repliquemangacine.fr\\\/wp-content\\\/uploads\\\/2023\\\/10\\\/2474-Replique-Sabre-de-Cavalerie-US-19eme-Sieclepoignee.jpg\",\"datePublished\":\"2018-03-15T16:07:57+00:00\",\"dateModified\":\"2026-04-25T17:46:24+00:00\",\"description\":\"D\u00e9couvrez ce Sabre de Cavalerie US au meilleur prix - Lame forg\u00e9e main en acier carbone - Garde en laiton - Fourreau acier inox - Longueur totale : 107 cm\",\"breadcrumb\":{\"@id\":\"https:\\\/\\\/repliquemangacine.fr\\\/sabres-1er-empire\\\/sabre-de-cavalerie-us-19eme-siecle\\\/#breadcrumb\"},\"inLanguage\":\"en-US\",\"potentialAction\":[{\"@type\":\"ReadAction\",\"target\":[\"https:\\\/\\\/repliquemangacine.fr\\\/sabres-1er-empire\\\/sabre-de-cavalerie-us-19eme-siecle\\\/\"]}]},{\"@type\":\"ImageObject\",\"inLanguage\":\"en-US\",\"@id\":\"https:\\\/\\\/repliquemangacine.fr\\\/sabres-1er-empire\\\/sabre-de-cavalerie-us-19eme-siecle\\\/#primaryimage\",\"url\":\"https:\\\/\\\/repliquemangacine.fr\\\/wp-content\\\/uploads\\\/2023\\\/10\\\/2474-Replique-Sabre-de-Cavalerie-US-19eme-Sieclepoignee.jpg\",\"contentUrl\":\"https:\\\/\\\/repliquemangacine.fr\\\/wp-content\\\/uploads\\\/2023\\\/10\\\/2474-Replique-Sabre-de-Cavalerie-US-19eme-Sieclepoignee.jpg\",\"width\":600,\"height\":600,\"caption\":\"R\u00e9plique Sabre de Cavalerie US 19\u00e8me Si\u00e8cle+poignee\"},{\"@type\":\"BreadcrumbList\",\"@id\":\"https:\\\/\\\/repliquemangacine.fr\\\/sabres-1er-empire\\\/sabre-de-cavalerie-us-19eme-siecle\\\/#breadcrumb\",\"itemListElement\":[{\"@type\":\"ListItem\",\"position\":1,\"name\":\"Accueil\",\"item\":\"https:\\\/\\\/repliquemangacine.fr\\\/\"},{\"@type\":\"ListItem\",\"position\":2,\"name\":\"Produits\",\"item\":\"https:\\\/\\\/repliquemangacine.fr\\\/boutique\\\/\"},{\"@type\":\"ListItem\",\"position\":3,\"name\":\"Sabre de Cavalerie US 19\u00e8me Si\u00e8cle\"}]},{\"@type\":\"WebSite\",\"@id\":\"https:\\\/\\\/repliquemangacine.fr\\\/#website\",\"url\":\"https:\\\/\\\/repliquemangacine.fr\\\/\",\"name\":\"R\u00e9plique Manga Cin\u00e9\",\"description\":\"\",\"publisher\":{\"@id\":\"https:\\\/\\\/repliquemangacine.fr\\\/#organization\"},\"potentialAction\":[{\"@type\":\"SearchAction\",\"target\":{\"@type\":\"EntryPoint\",\"urlTemplate\":\"https:\\\/\\\/repliquemangacine.fr\\\/?s={search_term_string}\"},\"query-input\":{\"@type\":\"PropertyValueSpecification\",\"valueRequired\":true,\"valueName\":\"search_term_string\"}}],\"inLanguage\":\"en-US\"},{\"@type\":\"Organization\",\"@id\":\"https:\\\/\\\/repliquemangacine.fr\\\/#organization\",\"name\":\"R\u00e9plique Manga Cin\u00e9\",\"url\":\"https:\\\/\\\/repliquemangacine.fr\\\/\",\"logo\":{\"@type\":\"ImageObject\",\"inLanguage\":\"en-US\",\"@id\":\"https:\\\/\\\/repliquemangacine.fr\\\/#\\\/schema\\\/logo\\\/image\\\/\",\"url\":\"https:\\\/\\\/repliquemangacine.fr\\\/wp-content\\\/uploads\\\/2023\\\/10\\\/RMC-500250.png\",\"contentUrl\":\"https:\\\/\\\/repliquemangacine.fr\\\/wp-content\\\/uploads\\\/2023\\\/10\\\/RMC-500250.png\",\"width\":500,\"height\":250,\"caption\":\"R\u00e9plique Manga Cin\u00e9\"},\"image\":{\"@id\":\"https:\\\/\\\/repliquemangacine.fr\\\/#\\\/schema\\\/logo\\\/image\\\/\"},\"sameAs\":[\"https:\\\/\\\/www.facebook.com\\\/RepliqueMangaCine\",\"https:\\\/\\\/www.instagram.com\\\/repliquemangacine.fr\\\/\"]}]}<\/script>\n<!-- \/ Yoast SEO plugin. -->","yoast_head_json":{"title":"US Cavalry Saber - Civil War Saber Sale - RMC","description":"Discover this US Cavalry Saber at the best price - Hand-forged carbon steel blade - Brass guard - Stainless steel scabbard - Total length: 107 cm","robots":{"index":"index","follow":"follow","max-snippet":"max-snippet:-1","max-image-preview":"max-image-preview:large","max-video-preview":"max-video-preview:-1"},"canonical":"https:\/\/repliquemangacine.fr\/en\/1st-empire-swords\/19th-century-us-cavalry-saber\/","og_locale":"en_US","og_type":"article","og_title":"Sabre de Cavalerie US - Vente Sabre Guerre de S\u00e9cession - RMC","og_description":"D\u00e9couvrez ce Sabre de Cavalerie US au meilleur prix - Lame forg\u00e9e main en acier carbone - Garde en laiton - Fourreau acier inox - Longueur totale : 107 cm","og_url":"https:\/\/repliquemangacine.fr\/en\/1st-empire-swords\/19th-century-us-cavalry-saber\/","og_site_name":"R\u00e9plique Manga Cin\u00e9","article_publisher":"https:\/\/www.facebook.com\/RepliqueMangaCine","article_modified_time":"2026-04-25T17:46:24+00:00","og_image":[{"width":600,"height":600,"url":"https:\/\/repliquemangacine.fr\/wp-content\/uploads\/2023\/10\/2474-Replique-Sabre-de-Cavalerie-US-19eme-Sieclepoignee.jpg","type":"image\/jpeg"}],"twitter_card":"summary_large_image","twitter_misc":{"Est. reading time":"2 minutes"},"schema":{"@context":"https:\/\/schema.org","@graph":[{"@type":"WebPage","@id":"https:\/\/repliquemangacine.fr\/sabres-1er-empire\/sabre-de-cavalerie-us-19eme-siecle\/","url":"https:\/\/repliquemangacine.fr\/sabres-1er-empire\/sabre-de-cavalerie-us-19eme-siecle\/","name":"US Cavalry Saber - Civil War Saber Sale - RMC","isPartOf":{"@id":"https:\/\/repliquemangacine.fr\/#website"},"primaryImageOfPage":{"@id":"https:\/\/repliquemangacine.fr\/sabres-1er-empire\/sabre-de-cavalerie-us-19eme-siecle\/#primaryimage"},"image":{"@id":"https:\/\/repliquemangacine.fr\/sabres-1er-empire\/sabre-de-cavalerie-us-19eme-siecle\/#primaryimage"},"thumbnailUrl":"https:\/\/repliquemangacine.fr\/wp-content\/uploads\/2023\/10\/2474-Replique-Sabre-de-Cavalerie-US-19eme-Sieclepoignee.jpg","datePublished":"2018-03-15T16:07:57+00:00","dateModified":"2026-04-25T17:46:24+00:00","description":"Discover this US Cavalry Saber at the best price - Hand-forged carbon steel blade - Brass guard - Stainless steel scabbard - Total length: 107 cm","breadcrumb":{"@id":"https:\/\/repliquemangacine.fr\/sabres-1er-empire\/sabre-de-cavalerie-us-19eme-siecle\/#breadcrumb"},"inLanguage":"en-US","potentialAction":[{"@type":"ReadAction","target":["https:\/\/repliquemangacine.fr\/sabres-1er-empire\/sabre-de-cavalerie-us-19eme-siecle\/"]}]},{"@type":"ImageObject","inLanguage":"en-US","@id":"https:\/\/repliquemangacine.fr\/sabres-1er-empire\/sabre-de-cavalerie-us-19eme-siecle\/#primaryimage","url":"https:\/\/repliquemangacine.fr\/wp-content\/uploads\/2023\/10\/2474-Replique-Sabre-de-Cavalerie-US-19eme-Sieclepoignee.jpg","contentUrl":"https:\/\/repliquemangacine.fr\/wp-content\/uploads\/2023\/10\/2474-Replique-Sabre-de-Cavalerie-US-19eme-Sieclepoignee.jpg","width":600,"height":600,"caption":"R\u00e9plique Sabre de Cavalerie US 19\u00e8me Si\u00e8cle+poignee"},{"@type":"BreadcrumbList","@id":"https:\/\/repliquemangacine.fr\/sabres-1er-empire\/sabre-de-cavalerie-us-19eme-siecle\/#breadcrumb","itemListElement":[{"@type":"ListItem","position":1,"name":"Accueil","item":"https:\/\/repliquemangacine.fr\/"},{"@type":"ListItem","position":2,"name":"Produits","item":"https:\/\/repliquemangacine.fr\/boutique\/"},{"@type":"ListItem","position":3,"name":"Sabre de Cavalerie US 19\u00e8me Si\u00e8cle"}]},{"@type":"WebSite","@id":"https:\/\/repliquemangacine.fr\/#website","url":"https:\/\/repliquemangacine.fr\/","name":"R\u00e9plique Manga Cin\u00e9","description":"","publisher":{"@id":"https:\/\/repliquemangacine.fr\/#organization"},"potentialAction":[{"@type":"SearchAction","target":{"@type":"EntryPoint","urlTemplate":"https:\/\/repliquemangacine.fr\/?s={search_term_string}"},"query-input":{"@type":"PropertyValueSpecification","valueRequired":true,"valueName":"search_term_string"}}],"inLanguage":"en-US"},{"@type":"Organization","@id":"https:\/\/repliquemangacine.fr\/#organization","name":"R\u00e9plique Manga Cin\u00e9","url":"https:\/\/repliquemangacine.fr\/","logo":{"@type":"ImageObject","inLanguage":"en-US","@id":"https:\/\/repliquemangacine.fr\/#\/schema\/logo\/image\/","url":"https:\/\/repliquemangacine.fr\/wp-content\/uploads\/2023\/10\/RMC-500250.png","contentUrl":"https:\/\/repliquemangacine.fr\/wp-content\/uploads\/2023\/10\/RMC-500250.png","width":500,"height":250,"caption":"R\u00e9plique Manga Cin\u00e9"},"image":{"@id":"https:\/\/repliquemangacine.fr\/#\/schema\/logo\/image\/"},"sameAs":["https:\/\/www.facebook.com\/RepliqueMangaCine","https:\/\/www.instagram.com\/repliquemangacine.fr\/"]}]}},"_links":{"self":[{"href":"https:\/\/repliquemangacine.fr\/en\/wp-json\/wp\/v2\/product\/27708","targetHints":{"allow":["GET"]}}],"collection":[{"href":"https:\/\/repliquemangacine.fr\/en\/wp-json\/wp\/v2\/product"}],"about":[{"href":"https:\/\/repliquemangacine.fr\/en\/wp-json\/wp\/v2\/types\/product"}],"wp:featuredmedia":[{"embeddable":true,"href":"https:\/\/repliquemangacine.fr\/en\/wp-json\/wp\/v2\/media\/27709"}],"wp:attachment":[{"href":"https:\/\/repliquemangacine.fr\/en\/wp-json\/wp\/v2\/media?parent=27708"}],"wp:term":[{"taxonomy":"product_brand","embeddable":true,"href":"https:\/\/repliquemangacine.fr\/en\/wp-json\/wp\/v2\/product_brand?post=27708"},{"taxonomy":"product_cat","embeddable":true,"href":"https:\/\/repliquemangacine.fr\/en\/wp-json\/wp\/v2\/product_cat?post=27708"},{"taxonomy":"product_tag","embeddable":true,"href":"https:\/\/repliquemangacine.fr\/en\/wp-json\/wp\/v2\/product_tag?post=27708"}],"curies":[{"name":"wp","href":"https:\/\/api.w.org\/{rel}","templated":true}]}}