





{"id":27703,"date":"2018-02-25T16:25:28","date_gmt":"2018-02-25T15:25:28","guid":{"rendered":"https:\/\/repliquemangacine.fr\/?post_type=product&#038;p=27703"},"modified":"2025-09-23T18:01:58","modified_gmt":"2025-09-23T16:01:58","slug":"blackwatch-sword-genji-overwatch-sword-dragon-blade","status":"publish","type":"product","link":"https:\/\/repliquemangacine.fr\/en\/katana-et-epee-de-jeux-video-autre-jeux-video\/epee-blackwatch-genji-overwatch-epee-lame-de-dragon\/","title":{"rendered":"Blackwatch Genji Overwatch sword"},"content":{"rendered":"<h2>Blackwatch Genji Overwatch sword<\/h2>\n<p>Let's start with the<strong>Blackwatch Genji Overwatch sword<\/strong>named Dragon Blade in <a href=\"https:\/\/www.overwatch-world.com\/article\/insurrection-dans-overwatch-toutes-les-informations-383\" target=\"_blank\" rel=\"noopener noreferrer\">Overwatch Insurrection<\/a>. For the first time, an event that does not correspond to traditional festivals around the world is implemented. It brings new skins for the heroes.<\/p>\n<p>Genji Shimada is one of the main protagonists and playable characters in the Overwatch video game. He is a cyberninja from Japan, Hanzo's brother and Zenyatta's disciple.<\/p>\n<p>A hero of damage, Genji has a katana named Ry\u016b ichimonji, which he personally maintains and has never allowed anyone else to examine or repair. It's worth noting that this sword is paired with a traditional wakizashi sheathed horizontally on the lower back. His main weapon is the Shuriken, and he is capable of harassing his opponents with constant volleys of Shurikens.<\/p>\n<h2>Your Blackwatch Genji Overwatch sword at the best price.<\/h2>\n<p>We offer a wide selection of replicas of your favorite video game Overwatch.<\/p>\n<p>First and foremost,<\/p>\n<ul>\n<li>The Sword<a href=\"https:\/\/repliquemangacine.fr\/en\/other-video-games\/epee-genji-baihu-nouvel-an-lunaire-overwatch\/\"> Genji Baihu<\/a> Overwatch, available in the New Year.<\/li>\n<li>There is also the <a href=\"https:\/\/repliquemangacine.fr\/en\/balances\/overwatch-genji-oni-katana-dragon-blade\/\">Genji Oni's sword<\/a> dragon blade.<\/li>\n<li>And many more to discover in our online store!<\/li>\n<\/ul>\n<p>That's why this is a great gift idea for all Overwatch fans.<\/p>\n<p>To conclude, you can use the<strong>Blackwatch Genji Overwatch sword<\/strong> for your cosplay parades or theme parties. But above all, this sword is a collector's item and a decoration.<\/p>\n<p>R\u00e9plique Manga Cin\u00e9 is a French family business<\/p>\n<h2>How to maintain the blade of your Overwatch sword?<\/h2>\n<p>Collector's and decorative katanas are made and assembled in a simplified way. As their use is decorative, they lack the safety features required of a Japanese saber intended for training.<\/p>\n<p>However, your <strong>Blackwatch Genji Overwatch sword<\/strong> to a steel blade that needs to be cared for to avoid damage over time. In fact, when you display your katana, your friends will be curious to see and touch the blade. This is where you need to be careful, as the acidity of your fingers is very harmful to steel, whatever its quality.<\/p>\n<p>However, if this does happen, don't panic - all you need is a cloth dampened with a little oil and a wipe of fingerprints. By doing so, you'll keep your sword looking its best for a very long time.<\/p>\n<p><strong>\u00a0<\/strong><\/p>","protected":false},"excerpt":{"rendered":"<p>Genji-Blackwatch \"Dragon Blade\" sword in the Overwatch video game.<\/p>\n<ul>\n<li>Decorated stainless steel blade.<\/li>\n<li>Cast steel hilt and pommel.<\/li>\n<li>High-quality ABS handle.<\/li>\n<li>Black imitation leather sheath.<\/li>\n<li>Blade length: 67cm - Total length: 104cm - Total weight: 1400grs<\/li>\n<\/ul>","protected":false},"featured_media":27704,"template":"","meta":[],"product_brand":[896],"product_cat":[23,67],"product_tag":[],"class_list":{"0":"post-27703","1":"product","2":"type-product","3":"status-publish","4":"has-post-thumbnail","6":"product_brand-replique-manga-cine","7":"product_cat-repliques-manga-jeux-video","8":"product_cat-katana-et-epee-de-jeux-video-autre-jeux-video","10":"first","11":"instock","12":"taxable","13":"shipping-taxable","14":"purchasable","15":"product-type-simple"},"yoast_head":"<!-- This site is optimized with the Yoast SEO plugin v27.5 - https:\/\/yoast.com\/product\/yoast-seo-wordpress\/ -->\n<title>Ep\u00e9e Blackwatch Genji Overwatch - Lame de Dragon - RMC<\/title>\n<meta name=\"description\" content=\"Achetez vite ! L&#039;Ep\u00e9e Blackwatch Genji Overwatch pas ch\u00e8re. Cette lame de Dragon est en acier - Fourreau - Longueur : 104 cm - Envoi 24\/48h.\" \/>\n<meta name=\"robots\" content=\"index, follow, max-snippet:-1, max-image-preview:large, max-video-preview:-1\" \/>\n<link rel=\"canonical\" href=\"https:\/\/repliquemangacine.fr\/en\/katana-and-video-game-sword-other-video-games\/blackwatch-sword-genji-overwatch-sword-dragon-blade\/\" \/>\n<meta property=\"og:locale\" content=\"en_US\" \/>\n<meta property=\"og:type\" content=\"article\" \/>\n<meta property=\"og:title\" content=\"Ep\u00e9e Blackwatch Genji Overwatch - Lame de Dragon - RMC\" \/>\n<meta property=\"og:description\" content=\"Achetez vite ! L&#039;Ep\u00e9e Blackwatch Genji Overwatch pas ch\u00e8re. Cette lame de Dragon est en acier - Fourreau - Longueur : 104 cm - Envoi 24\/48h.\" \/>\n<meta property=\"og:url\" content=\"https:\/\/repliquemangacine.fr\/en\/katana-and-video-game-sword-other-video-games\/blackwatch-sword-genji-overwatch-sword-dragon-blade\/\" \/>\n<meta property=\"og:site_name\" content=\"R\u00e9plique Manga Cin\u00e9\" \/>\n<meta property=\"article:publisher\" content=\"https:\/\/www.facebook.com\/RepliqueMangaCine\" \/>\n<meta property=\"article:modified_time\" content=\"2025-09-23T16:01:58+00:00\" \/>\n<meta property=\"og:image\" content=\"https:\/\/repliquemangacine.fr\/wp-content\/uploads\/2023\/10\/2470-Overwatch-Sabre-de-Genji-Blackwatch-Epee-lame-de-dragon-Spinner.jpg\" \/>\n\t<meta property=\"og:image:width\" content=\"600\" \/>\n\t<meta property=\"og:image:height\" content=\"600\" \/>\n\t<meta property=\"og:image:type\" content=\"image\/jpeg\" \/>\n<meta name=\"twitter:card\" content=\"summary_large_image\" \/>\n<meta name=\"twitter:label1\" content=\"Est. reading time\" \/>\n\t<meta name=\"twitter:data1\" content=\"1 minute\" \/>\n<script type=\"application\/ld+json\" class=\"yoast-schema-graph\">{\"@context\":\"https:\\\/\\\/schema.org\",\"@graph\":[{\"@type\":\"WebPage\",\"@id\":\"https:\\\/\\\/repliquemangacine.fr\\\/en\\\/katana-and-video-game-sword-other-video-games\\\/blackwatch-sword-genji-overwatch-sword-dragon-blade\\\/\",\"url\":\"https:\\\/\\\/repliquemangacine.fr\\\/en\\\/katana-and-video-game-sword-other-video-games\\\/blackwatch-sword-genji-overwatch-sword-dragon-blade\\\/\",\"name\":\"Ep\u00e9e Blackwatch Genji Overwatch - Lame de Dragon - RMC\",\"isPartOf\":{\"@id\":\"https:\\\/\\\/repliquemangacine.fr\\\/#website\"},\"primaryImageOfPage\":{\"@id\":\"https:\\\/\\\/repliquemangacine.fr\\\/en\\\/katana-and-video-game-sword-other-video-games\\\/blackwatch-sword-genji-overwatch-sword-dragon-blade\\\/#primaryimage\"},\"image\":{\"@id\":\"https:\\\/\\\/repliquemangacine.fr\\\/en\\\/katana-and-video-game-sword-other-video-games\\\/blackwatch-sword-genji-overwatch-sword-dragon-blade\\\/#primaryimage\"},\"thumbnailUrl\":\"https:\\\/\\\/repliquemangacine.fr\\\/wp-content\\\/uploads\\\/2023\\\/10\\\/2470-Overwatch-Sabre-de-Genji-Blackwatch-Epee-lame-de-dragon-Spinner.jpg\",\"datePublished\":\"2018-02-25T15:25:28+00:00\",\"dateModified\":\"2025-09-23T16:01:58+00:00\",\"description\":\"Achetez vite ! L'Ep\u00e9e Blackwatch Genji Overwatch pas ch\u00e8re. Cette lame de Dragon est en acier - Fourreau - Longueur : 104 cm - Envoi 24\\\/48h.\",\"breadcrumb\":{\"@id\":\"https:\\\/\\\/repliquemangacine.fr\\\/en\\\/katana-and-video-game-sword-other-video-games\\\/blackwatch-sword-genji-overwatch-sword-dragon-blade\\\/#breadcrumb\"},\"inLanguage\":\"en-US\",\"potentialAction\":[{\"@type\":\"ReadAction\",\"target\":[\"https:\\\/\\\/repliquemangacine.fr\\\/en\\\/katana-and-video-game-sword-other-video-games\\\/blackwatch-sword-genji-overwatch-sword-dragon-blade\\\/\"]}]},{\"@type\":\"ImageObject\",\"inLanguage\":\"en-US\",\"@id\":\"https:\\\/\\\/repliquemangacine.fr\\\/en\\\/katana-and-video-game-sword-other-video-games\\\/blackwatch-sword-genji-overwatch-sword-dragon-blade\\\/#primaryimage\",\"url\":\"https:\\\/\\\/repliquemangacine.fr\\\/wp-content\\\/uploads\\\/2023\\\/10\\\/2470-Overwatch-Sabre-de-Genji-Blackwatch-Epee-lame-de-dragon-Spinner.jpg\",\"contentUrl\":\"https:\\\/\\\/repliquemangacine.fr\\\/wp-content\\\/uploads\\\/2023\\\/10\\\/2470-Overwatch-Sabre-de-Genji-Blackwatch-Epee-lame-de-dragon-Spinner.jpg\",\"width\":600,\"height\":600,\"caption\":\"Overwatch - Sabre de Genji Blackwatch - Ep\u00e9e lame de dragon+ Spinner\"},{\"@type\":\"BreadcrumbList\",\"@id\":\"https:\\\/\\\/repliquemangacine.fr\\\/en\\\/katana-and-video-game-sword-other-video-games\\\/blackwatch-sword-genji-overwatch-sword-dragon-blade\\\/#breadcrumb\",\"itemListElement\":[{\"@type\":\"ListItem\",\"position\":1,\"name\":\"Accueil\",\"item\":\"https:\\\/\\\/repliquemangacine.fr\\\/\"},{\"@type\":\"ListItem\",\"position\":2,\"name\":\"Produits\",\"item\":\"https:\\\/\\\/repliquemangacine.fr\\\/boutique\\\/\"},{\"@type\":\"ListItem\",\"position\":3,\"name\":\"Ep\u00e9e Blackwatch Genji Overwatch\"}]},{\"@type\":\"WebSite\",\"@id\":\"https:\\\/\\\/repliquemangacine.fr\\\/#website\",\"url\":\"https:\\\/\\\/repliquemangacine.fr\\\/\",\"name\":\"R\u00e9plique Manga Cin\u00e9\",\"description\":\"\",\"publisher\":{\"@id\":\"https:\\\/\\\/repliquemangacine.fr\\\/#organization\"},\"potentialAction\":[{\"@type\":\"SearchAction\",\"target\":{\"@type\":\"EntryPoint\",\"urlTemplate\":\"https:\\\/\\\/repliquemangacine.fr\\\/?s={search_term_string}\"},\"query-input\":{\"@type\":\"PropertyValueSpecification\",\"valueRequired\":true,\"valueName\":\"search_term_string\"}}],\"inLanguage\":\"en-US\"},{\"@type\":\"Organization\",\"@id\":\"https:\\\/\\\/repliquemangacine.fr\\\/#organization\",\"name\":\"R\u00e9plique Manga Cin\u00e9\",\"url\":\"https:\\\/\\\/repliquemangacine.fr\\\/\",\"logo\":{\"@type\":\"ImageObject\",\"inLanguage\":\"en-US\",\"@id\":\"https:\\\/\\\/repliquemangacine.fr\\\/#\\\/schema\\\/logo\\\/image\\\/\",\"url\":\"https:\\\/\\\/repliquemangacine.fr\\\/wp-content\\\/uploads\\\/2023\\\/10\\\/RMC-500250.png\",\"contentUrl\":\"https:\\\/\\\/repliquemangacine.fr\\\/wp-content\\\/uploads\\\/2023\\\/10\\\/RMC-500250.png\",\"width\":500,\"height\":250,\"caption\":\"R\u00e9plique Manga Cin\u00e9\"},\"image\":{\"@id\":\"https:\\\/\\\/repliquemangacine.fr\\\/#\\\/schema\\\/logo\\\/image\\\/\"},\"sameAs\":[\"https:\\\/\\\/www.facebook.com\\\/RepliqueMangaCine\",\"https:\\\/\\\/www.instagram.com\\\/repliquemangacine.fr\\\/\"]}]}<\/script>\n<!-- \/ Yoast SEO plugin. -->","yoast_head_json":{"title":"Blackwatch Genji Overwatch Sword - Dragon Blade - RMC","description":"Buy now! Cheap Blackwatch Genji Overwatch Sword. This Dragon blade is made of steel - Scabbard - Length: 104 cm - Shipment 24\/48h.","robots":{"index":"index","follow":"follow","max-snippet":"max-snippet:-1","max-image-preview":"max-image-preview:large","max-video-preview":"max-video-preview:-1"},"canonical":"https:\/\/repliquemangacine.fr\/en\/katana-and-video-game-sword-other-video-games\/blackwatch-sword-genji-overwatch-sword-dragon-blade\/","og_locale":"en_US","og_type":"article","og_title":"Ep\u00e9e Blackwatch Genji Overwatch - Lame de Dragon - RMC","og_description":"Achetez vite ! L'Ep\u00e9e Blackwatch Genji Overwatch pas ch\u00e8re. Cette lame de Dragon est en acier - Fourreau - Longueur : 104 cm - Envoi 24\/48h.","og_url":"https:\/\/repliquemangacine.fr\/en\/katana-and-video-game-sword-other-video-games\/blackwatch-sword-genji-overwatch-sword-dragon-blade\/","og_site_name":"R\u00e9plique Manga Cin\u00e9","article_publisher":"https:\/\/www.facebook.com\/RepliqueMangaCine","article_modified_time":"2025-09-23T16:01:58+00:00","og_image":[{"width":600,"height":600,"url":"https:\/\/repliquemangacine.fr\/wp-content\/uploads\/2023\/10\/2470-Overwatch-Sabre-de-Genji-Blackwatch-Epee-lame-de-dragon-Spinner.jpg","type":"image\/jpeg"}],"twitter_card":"summary_large_image","twitter_misc":{"Est. reading time":"1 minute"},"schema":{"@context":"https:\/\/schema.org","@graph":[{"@type":"WebPage","@id":"https:\/\/repliquemangacine.fr\/en\/katana-and-video-game-sword-other-video-games\/blackwatch-sword-genji-overwatch-sword-dragon-blade\/","url":"https:\/\/repliquemangacine.fr\/en\/katana-and-video-game-sword-other-video-games\/blackwatch-sword-genji-overwatch-sword-dragon-blade\/","name":"Blackwatch Genji Overwatch Sword - Dragon Blade - RMC","isPartOf":{"@id":"https:\/\/repliquemangacine.fr\/#website"},"primaryImageOfPage":{"@id":"https:\/\/repliquemangacine.fr\/en\/katana-and-video-game-sword-other-video-games\/blackwatch-sword-genji-overwatch-sword-dragon-blade\/#primaryimage"},"image":{"@id":"https:\/\/repliquemangacine.fr\/en\/katana-and-video-game-sword-other-video-games\/blackwatch-sword-genji-overwatch-sword-dragon-blade\/#primaryimage"},"thumbnailUrl":"https:\/\/repliquemangacine.fr\/wp-content\/uploads\/2023\/10\/2470-Overwatch-Sabre-de-Genji-Blackwatch-Epee-lame-de-dragon-Spinner.jpg","datePublished":"2018-02-25T15:25:28+00:00","dateModified":"2025-09-23T16:01:58+00:00","description":"Buy now! Cheap Blackwatch Genji Overwatch Sword. This Dragon blade is made of steel - Scabbard - Length: 104 cm - Shipment 24\/48h.","breadcrumb":{"@id":"https:\/\/repliquemangacine.fr\/en\/katana-and-video-game-sword-other-video-games\/blackwatch-sword-genji-overwatch-sword-dragon-blade\/#breadcrumb"},"inLanguage":"en-US","potentialAction":[{"@type":"ReadAction","target":["https:\/\/repliquemangacine.fr\/en\/katana-and-video-game-sword-other-video-games\/blackwatch-sword-genji-overwatch-sword-dragon-blade\/"]}]},{"@type":"ImageObject","inLanguage":"en-US","@id":"https:\/\/repliquemangacine.fr\/en\/katana-and-video-game-sword-other-video-games\/blackwatch-sword-genji-overwatch-sword-dragon-blade\/#primaryimage","url":"https:\/\/repliquemangacine.fr\/wp-content\/uploads\/2023\/10\/2470-Overwatch-Sabre-de-Genji-Blackwatch-Epee-lame-de-dragon-Spinner.jpg","contentUrl":"https:\/\/repliquemangacine.fr\/wp-content\/uploads\/2023\/10\/2470-Overwatch-Sabre-de-Genji-Blackwatch-Epee-lame-de-dragon-Spinner.jpg","width":600,"height":600,"caption":"Overwatch - Sabre de Genji Blackwatch - Ep\u00e9e lame de dragon+ Spinner"},{"@type":"BreadcrumbList","@id":"https:\/\/repliquemangacine.fr\/en\/katana-and-video-game-sword-other-video-games\/blackwatch-sword-genji-overwatch-sword-dragon-blade\/#breadcrumb","itemListElement":[{"@type":"ListItem","position":1,"name":"Accueil","item":"https:\/\/repliquemangacine.fr\/"},{"@type":"ListItem","position":2,"name":"Produits","item":"https:\/\/repliquemangacine.fr\/boutique\/"},{"@type":"ListItem","position":3,"name":"Ep\u00e9e Blackwatch Genji Overwatch"}]},{"@type":"WebSite","@id":"https:\/\/repliquemangacine.fr\/#website","url":"https:\/\/repliquemangacine.fr\/","name":"R\u00e9plique Manga Cin\u00e9","description":"","publisher":{"@id":"https:\/\/repliquemangacine.fr\/#organization"},"potentialAction":[{"@type":"SearchAction","target":{"@type":"EntryPoint","urlTemplate":"https:\/\/repliquemangacine.fr\/?s={search_term_string}"},"query-input":{"@type":"PropertyValueSpecification","valueRequired":true,"valueName":"search_term_string"}}],"inLanguage":"en-US"},{"@type":"Organization","@id":"https:\/\/repliquemangacine.fr\/#organization","name":"R\u00e9plique Manga Cin\u00e9","url":"https:\/\/repliquemangacine.fr\/","logo":{"@type":"ImageObject","inLanguage":"en-US","@id":"https:\/\/repliquemangacine.fr\/#\/schema\/logo\/image\/","url":"https:\/\/repliquemangacine.fr\/wp-content\/uploads\/2023\/10\/RMC-500250.png","contentUrl":"https:\/\/repliquemangacine.fr\/wp-content\/uploads\/2023\/10\/RMC-500250.png","width":500,"height":250,"caption":"R\u00e9plique Manga Cin\u00e9"},"image":{"@id":"https:\/\/repliquemangacine.fr\/#\/schema\/logo\/image\/"},"sameAs":["https:\/\/www.facebook.com\/RepliqueMangaCine","https:\/\/www.instagram.com\/repliquemangacine.fr\/"]}]}},"_links":{"self":[{"href":"https:\/\/repliquemangacine.fr\/en\/wp-json\/wp\/v2\/product\/27703","targetHints":{"allow":["GET"]}}],"collection":[{"href":"https:\/\/repliquemangacine.fr\/en\/wp-json\/wp\/v2\/product"}],"about":[{"href":"https:\/\/repliquemangacine.fr\/en\/wp-json\/wp\/v2\/types\/product"}],"wp:featuredmedia":[{"embeddable":true,"href":"https:\/\/repliquemangacine.fr\/en\/wp-json\/wp\/v2\/media\/27704"}],"wp:attachment":[{"href":"https:\/\/repliquemangacine.fr\/en\/wp-json\/wp\/v2\/media?parent=27703"}],"wp:term":[{"taxonomy":"product_brand","embeddable":true,"href":"https:\/\/repliquemangacine.fr\/en\/wp-json\/wp\/v2\/product_brand?post=27703"},{"taxonomy":"product_cat","embeddable":true,"href":"https:\/\/repliquemangacine.fr\/en\/wp-json\/wp\/v2\/product_cat?post=27703"},{"taxonomy":"product_tag","embeddable":true,"href":"https:\/\/repliquemangacine.fr\/en\/wp-json\/wp\/v2\/product_tag?post=27703"}],"curies":[{"name":"wp","href":"https:\/\/api.w.org\/{rel}","templated":true}]}}