





{"id":27697,"date":"2018-02-25T15:31:57","date_gmt":"2018-02-25T14:31:57","guid":{"rendered":"https:\/\/repliquemangacine.fr\/?post_type=product&#038;p=27697"},"modified":"2025-09-23T18:01:58","modified_gmt":"2025-09-23T16:01:58","slug":"keyblade-garde-du-maitre-kingdom-hearts-cle-eraqus","status":"publish","type":"product","link":"https:\/\/repliquemangacine.fr\/en\/katana-et-epee-de-jeux-video-autre-jeux-video\/keyblade-garde-du-maitre-kingdom-hearts-cle-eraqus\/","title":{"rendered":"Master Guard Keyblade"},"content":{"rendered":"<h2>Master Guard Keyblade in Kingdom Hearts.<\/h2>\n<p>To begin with, the <strong>Master Guard Keyblade<\/strong> is Brain's Keyblade, later inherited by his descendant Eraqus, which he then bequeathed to his apprentice Aqua. It is also wielded by Eraqus' Armor in the Mirage Arena.<\/p>\n<p><a href=\"https:\/\/kingdomhearts.fandom.com\/fr\/wiki\/Eraqus\" target=\"_blank\" rel=\"noopener noreferrer\">Master Eraqus<\/a> is the master of Terra, Ven and Aqua. Grandmaster of the Keyblade and guardian of the Land of Departure, he is also Xehanort's friend and former classmate.<\/p>\n<p>Master Eraqus is a powerful Master of the Keyblade, possessing great self-control and wisdom. He regards Terra, Ventus and Aqua as his own children, favoring none of the three apprentices and worrying about them. He has a great aversion to darkness, and thinks only of the balance of worlds.<\/p>\n<h2>Your Keyblade Garde du Maitre at the best price.<\/h2>\n<p>We offer a wide selection of Manga and video game replicas.<\/p>\n<p>First and foremost,<\/p>\n<ul>\n<li>The replica of the <a href=\"https:\/\/repliquemangacine.fr\/en\/other-video-games\/keyblade-souvenir-perdue-kingdom-hearts\/\">keyblade Oblivion<\/a> ( Lost memory) all in metal.<\/li>\n<li>As well as the<a href=\"https:\/\/repliquemangacine.fr\/en\/other-video-games\/royal-chain-sora-keyblade-kingdom-hearts\/\"> Sora Keyblade royal chain<\/a>its main weapon.<\/li>\n<li>There is also La r\u00e9plique de la <a href=\"https:\/\/repliquemangacine.fr\/en\/other-video-games\/keyblade-oathkeeper-tender-promise\/\">Keyblade Oathkeeper<\/a> Tender promise<\/li>\n<li>And many more to discover in our online store!<\/li>\n<\/ul>\n<p>So here are some great gift ideas for all Kingdom Hearts fans.<\/p>\n<p>In conclusion, you can use <strong>Master Guard Keyblade<\/strong> for your Cosplay parades. But above all, this sword is a collector's item and a decoration.<\/p>\n<p>R\u00e9plique Manga Cin\u00e9 is a French company<\/p>\n<h2>How to maintain your Kingdom Hearts Key<\/h2>\n<p>Collector's and decorative weapons are made and assembled in a simplified way. As their use is decorative, they lack the safety features required of a Japanese saber intended for training.<\/p>\n<p>However, your <strong>Master Guard Keyblade<\/strong> is made of steel that needs to be cared for to prevent damage over time. When you display your katana, your friends will be curious to see and touch the blade. This is where you need to be careful, as the acidity of your fingers is very harmful to steel, whatever its quality.<\/p>\n<p>However, if this does happen, don't panic - all you need is a cloth dampened with a little oil and a wipe of fingerprints. By doing so, you'll keep your sword looking its best for a very long time.<\/p>\n<p><strong>\u00a0<\/strong><\/p>","protected":false},"excerpt":{"rendered":"<p>Master Eraqus' keyblade in the video game Kingdom Hearts: Birth by Sleep.<\/p>\n<ul>\n<li>Made entirely of painted stainless steel.<\/li>\n<li>E-shaped bit.<\/li>\n<li>Square-shaped metal guard.<\/li>\n<li>Metal handle.<\/li>\n<li>50cm chainette with owner's symbol.<\/li>\n<li>Total length: 89 cm - Weight: 1320grs<\/li>\n<\/ul>","protected":false},"featured_media":27698,"template":"","meta":[],"product_brand":[896],"product_cat":[23,67],"product_tag":[],"class_list":{"0":"post-27697","1":"product","2":"type-product","3":"status-publish","4":"has-post-thumbnail","6":"product_brand-replique-manga-cine","7":"product_cat-repliques-manga-jeux-video","8":"product_cat-katana-et-epee-de-jeux-video-autre-jeux-video","10":"first","11":"instock","12":"sale","13":"taxable","14":"shipping-taxable","15":"purchasable","16":"product-type-simple"},"yoast_head":"<!-- This site is optimized with the Yoast SEO plugin v27.4 - https:\/\/yoast.com\/product\/yoast-seo-wordpress\/ -->\n<title>Keyblade Garde du Ma\u00eetre - Kingdom Hearts | RMC<\/title>\n<meta name=\"description\" content=\"Devenez un puissant maitre avec cette Keyblade Garde du Ma\u00eetre pas ch\u00e8re. Tout en m\u00e9tal - Chainette - Longueur totale : 89cm - Envoi 24\/48h\" \/>\n<meta name=\"robots\" content=\"index, follow, max-snippet:-1, max-image-preview:large, max-video-preview:-1\" \/>\n<link rel=\"canonical\" href=\"https:\/\/repliquemangacine.fr\/en\/katana-and-video-game-sword-other-video-games\/keyblade-garde-du-maitre-kingdom-hearts-cle-eraqus\/\" \/>\n<meta property=\"og:locale\" content=\"en_US\" \/>\n<meta property=\"og:type\" content=\"article\" \/>\n<meta property=\"og:title\" content=\"Keyblade Garde du Ma\u00eetre - Kingdom Hearts | RMC\" \/>\n<meta property=\"og:description\" content=\"Devenez un puissant maitre avec cette Keyblade Garde du Ma\u00eetre pas ch\u00e8re. Tout en m\u00e9tal - Chainette - Longueur totale : 89cm - Envoi 24\/48h\" \/>\n<meta property=\"og:url\" content=\"https:\/\/repliquemangacine.fr\/en\/katana-and-video-game-sword-other-video-games\/keyblade-garde-du-maitre-kingdom-hearts-cle-eraqus\/\" \/>\n<meta property=\"og:site_name\" content=\"R\u00e9plique Manga Cin\u00e9\" \/>\n<meta property=\"article:publisher\" content=\"https:\/\/www.facebook.com\/RepliqueMangaCine\" \/>\n<meta property=\"article:modified_time\" content=\"2025-09-23T16:01:58+00:00\" \/>\n<meta property=\"og:image\" content=\"https:\/\/repliquemangacine.fr\/wp-content\/uploads\/2023\/10\/2465-Keyblade-Master-Keeper-Kingdom-Hearts-Cle-Eraqus-Birth-by-Sleep.jpg\" \/>\n\t<meta property=\"og:image:width\" content=\"600\" \/>\n\t<meta property=\"og:image:height\" content=\"600\" \/>\n\t<meta property=\"og:image:type\" content=\"image\/jpeg\" \/>\n<meta name=\"twitter:card\" content=\"summary_large_image\" \/>\n<meta name=\"twitter:label1\" content=\"Est. reading time\" \/>\n\t<meta name=\"twitter:data1\" content=\"2 minutes\" \/>\n<script type=\"application\/ld+json\" class=\"yoast-schema-graph\">{\"@context\":\"https:\\\/\\\/schema.org\",\"@graph\":[{\"@type\":\"WebPage\",\"@id\":\"https:\\\/\\\/repliquemangacine.fr\\\/de\\\/katana-und-schwert-von-videospielen-andere-videospiele\\\/keyblade-wachter-des-meisters-kingdom-hearts-eraqus-schlussel\\\/\",\"url\":\"https:\\\/\\\/repliquemangacine.fr\\\/de\\\/katana-und-schwert-von-videospielen-andere-videospiele\\\/keyblade-wachter-des-meisters-kingdom-hearts-eraqus-schlussel\\\/\",\"name\":\"Keyblade Garde du Ma\u00eetre - Kingdom Hearts | RMC\",\"isPartOf\":{\"@id\":\"https:\\\/\\\/repliquemangacine.fr\\\/#website\"},\"primaryImageOfPage\":{\"@id\":\"https:\\\/\\\/repliquemangacine.fr\\\/de\\\/katana-und-schwert-von-videospielen-andere-videospiele\\\/keyblade-wachter-des-meisters-kingdom-hearts-eraqus-schlussel\\\/#primaryimage\"},\"image\":{\"@id\":\"https:\\\/\\\/repliquemangacine.fr\\\/de\\\/katana-und-schwert-von-videospielen-andere-videospiele\\\/keyblade-wachter-des-meisters-kingdom-hearts-eraqus-schlussel\\\/#primaryimage\"},\"thumbnailUrl\":\"https:\\\/\\\/repliquemangacine.fr\\\/wp-content\\\/uploads\\\/2023\\\/10\\\/2465-Keyblade-Master-Keeper-Kingdom-Hearts-Cle-Eraqus-Birth-by-Sleep.jpg\",\"datePublished\":\"2018-02-25T14:31:57+00:00\",\"dateModified\":\"2025-09-23T16:01:58+00:00\",\"description\":\"Devenez un puissant maitre avec cette Keyblade Garde du Ma\u00eetre pas ch\u00e8re. Tout en m\u00e9tal - Chainette - Longueur totale : 89cm - Envoi 24\\\/48h\",\"breadcrumb\":{\"@id\":\"https:\\\/\\\/repliquemangacine.fr\\\/de\\\/katana-und-schwert-von-videospielen-andere-videospiele\\\/keyblade-wachter-des-meisters-kingdom-hearts-eraqus-schlussel\\\/#breadcrumb\"},\"inLanguage\":\"en-US\",\"potentialAction\":[{\"@type\":\"ReadAction\",\"target\":[\"https:\\\/\\\/repliquemangacine.fr\\\/de\\\/katana-und-schwert-von-videospielen-andere-videospiele\\\/keyblade-wachter-des-meisters-kingdom-hearts-eraqus-schlussel\\\/\"]}]},{\"@type\":\"ImageObject\",\"inLanguage\":\"en-US\",\"@id\":\"https:\\\/\\\/repliquemangacine.fr\\\/de\\\/katana-und-schwert-von-videospielen-andere-videospiele\\\/keyblade-wachter-des-meisters-kingdom-hearts-eraqus-schlussel\\\/#primaryimage\",\"url\":\"https:\\\/\\\/repliquemangacine.fr\\\/wp-content\\\/uploads\\\/2023\\\/10\\\/2465-Keyblade-Master-Keeper-Kingdom-Hearts-Cle-Eraqus-Birth-by-Sleep.jpg\",\"contentUrl\":\"https:\\\/\\\/repliquemangacine.fr\\\/wp-content\\\/uploads\\\/2023\\\/10\\\/2465-Keyblade-Master-Keeper-Kingdom-Hearts-Cle-Eraqus-Birth-by-Sleep.jpg\",\"width\":600,\"height\":600,\"caption\":\"Keyblade Garde du Ma\u00eetre\"},{\"@type\":\"BreadcrumbList\",\"@id\":\"https:\\\/\\\/repliquemangacine.fr\\\/de\\\/katana-und-schwert-von-videospielen-andere-videospiele\\\/keyblade-wachter-des-meisters-kingdom-hearts-eraqus-schlussel\\\/#breadcrumb\",\"itemListElement\":[{\"@type\":\"ListItem\",\"position\":1,\"name\":\"Accueil\",\"item\":\"https:\\\/\\\/repliquemangacine.fr\\\/\"},{\"@type\":\"ListItem\",\"position\":2,\"name\":\"Produits\",\"item\":\"https:\\\/\\\/repliquemangacine.fr\\\/boutique\\\/\"},{\"@type\":\"ListItem\",\"position\":3,\"name\":\"Keyblade Garde du Ma\u00eetre\"}]},{\"@type\":\"WebSite\",\"@id\":\"https:\\\/\\\/repliquemangacine.fr\\\/#website\",\"url\":\"https:\\\/\\\/repliquemangacine.fr\\\/\",\"name\":\"R\u00e9plique Manga Cin\u00e9\",\"description\":\"\",\"publisher\":{\"@id\":\"https:\\\/\\\/repliquemangacine.fr\\\/#organization\"},\"potentialAction\":[{\"@type\":\"SearchAction\",\"target\":{\"@type\":\"EntryPoint\",\"urlTemplate\":\"https:\\\/\\\/repliquemangacine.fr\\\/?s={search_term_string}\"},\"query-input\":{\"@type\":\"PropertyValueSpecification\",\"valueRequired\":true,\"valueName\":\"search_term_string\"}}],\"inLanguage\":\"en-US\"},{\"@type\":\"Organization\",\"@id\":\"https:\\\/\\\/repliquemangacine.fr\\\/#organization\",\"name\":\"R\u00e9plique Manga Cin\u00e9\",\"url\":\"https:\\\/\\\/repliquemangacine.fr\\\/\",\"logo\":{\"@type\":\"ImageObject\",\"inLanguage\":\"en-US\",\"@id\":\"https:\\\/\\\/repliquemangacine.fr\\\/#\\\/schema\\\/logo\\\/image\\\/\",\"url\":\"https:\\\/\\\/repliquemangacine.fr\\\/wp-content\\\/uploads\\\/2023\\\/10\\\/RMC-500250.png\",\"contentUrl\":\"https:\\\/\\\/repliquemangacine.fr\\\/wp-content\\\/uploads\\\/2023\\\/10\\\/RMC-500250.png\",\"width\":500,\"height\":250,\"caption\":\"R\u00e9plique Manga Cin\u00e9\"},\"image\":{\"@id\":\"https:\\\/\\\/repliquemangacine.fr\\\/#\\\/schema\\\/logo\\\/image\\\/\"},\"sameAs\":[\"https:\\\/\\\/www.facebook.com\\\/RepliqueMangaCine\",\"https:\\\/\\\/www.instagram.com\\\/repliquemangacine.fr\\\/\"]}]}<\/script>\n<!-- \/ Yoast SEO plugin. -->","yoast_head_json":{"title":"Master Guard Keyblade - Kingdom Hearts | RMC","description":"Become a powerful master with this inexpensive Master Guard Keyblade. All metal - Chainette - Total length: 89cm - Shipment 24\/48h","robots":{"index":"index","follow":"follow","max-snippet":"max-snippet:-1","max-image-preview":"max-image-preview:large","max-video-preview":"max-video-preview:-1"},"canonical":"https:\/\/repliquemangacine.fr\/en\/katana-and-video-game-sword-other-video-games\/keyblade-garde-du-maitre-kingdom-hearts-cle-eraqus\/","og_locale":"en_US","og_type":"article","og_title":"Keyblade Garde du Ma\u00eetre - Kingdom Hearts | RMC","og_description":"Devenez un puissant maitre avec cette Keyblade Garde du Ma\u00eetre pas ch\u00e8re. Tout en m\u00e9tal - Chainette - Longueur totale : 89cm - Envoi 24\/48h","og_url":"https:\/\/repliquemangacine.fr\/en\/katana-and-video-game-sword-other-video-games\/keyblade-garde-du-maitre-kingdom-hearts-cle-eraqus\/","og_site_name":"R\u00e9plique Manga Cin\u00e9","article_publisher":"https:\/\/www.facebook.com\/RepliqueMangaCine","article_modified_time":"2025-09-23T16:01:58+00:00","og_image":[{"width":600,"height":600,"url":"https:\/\/repliquemangacine.fr\/wp-content\/uploads\/2023\/10\/2465-Keyblade-Master-Keeper-Kingdom-Hearts-Cle-Eraqus-Birth-by-Sleep.jpg","type":"image\/jpeg"}],"twitter_card":"summary_large_image","twitter_misc":{"Est. reading time":"2 minutes"},"schema":{"@context":"https:\/\/schema.org","@graph":[{"@type":"WebPage","@id":"https:\/\/repliquemangacine.fr\/de\/katana-und-schwert-von-videospielen-andere-videospiele\/keyblade-wachter-des-meisters-kingdom-hearts-eraqus-schlussel\/","url":"https:\/\/repliquemangacine.fr\/de\/katana-und-schwert-von-videospielen-andere-videospiele\/keyblade-wachter-des-meisters-kingdom-hearts-eraqus-schlussel\/","name":"Master Guard Keyblade - Kingdom Hearts | RMC","isPartOf":{"@id":"https:\/\/repliquemangacine.fr\/#website"},"primaryImageOfPage":{"@id":"https:\/\/repliquemangacine.fr\/de\/katana-und-schwert-von-videospielen-andere-videospiele\/keyblade-wachter-des-meisters-kingdom-hearts-eraqus-schlussel\/#primaryimage"},"image":{"@id":"https:\/\/repliquemangacine.fr\/de\/katana-und-schwert-von-videospielen-andere-videospiele\/keyblade-wachter-des-meisters-kingdom-hearts-eraqus-schlussel\/#primaryimage"},"thumbnailUrl":"https:\/\/repliquemangacine.fr\/wp-content\/uploads\/2023\/10\/2465-Keyblade-Master-Keeper-Kingdom-Hearts-Cle-Eraqus-Birth-by-Sleep.jpg","datePublished":"2018-02-25T14:31:57+00:00","dateModified":"2025-09-23T16:01:58+00:00","description":"Become a powerful master with this inexpensive Master Guard Keyblade. All metal - Chainette - Total length: 89cm - Shipment 24\/48h","breadcrumb":{"@id":"https:\/\/repliquemangacine.fr\/de\/katana-und-schwert-von-videospielen-andere-videospiele\/keyblade-wachter-des-meisters-kingdom-hearts-eraqus-schlussel\/#breadcrumb"},"inLanguage":"en-US","potentialAction":[{"@type":"ReadAction","target":["https:\/\/repliquemangacine.fr\/de\/katana-und-schwert-von-videospielen-andere-videospiele\/keyblade-wachter-des-meisters-kingdom-hearts-eraqus-schlussel\/"]}]},{"@type":"ImageObject","inLanguage":"en-US","@id":"https:\/\/repliquemangacine.fr\/de\/katana-und-schwert-von-videospielen-andere-videospiele\/keyblade-wachter-des-meisters-kingdom-hearts-eraqus-schlussel\/#primaryimage","url":"https:\/\/repliquemangacine.fr\/wp-content\/uploads\/2023\/10\/2465-Keyblade-Master-Keeper-Kingdom-Hearts-Cle-Eraqus-Birth-by-Sleep.jpg","contentUrl":"https:\/\/repliquemangacine.fr\/wp-content\/uploads\/2023\/10\/2465-Keyblade-Master-Keeper-Kingdom-Hearts-Cle-Eraqus-Birth-by-Sleep.jpg","width":600,"height":600,"caption":"Keyblade Garde du Ma\u00eetre"},{"@type":"BreadcrumbList","@id":"https:\/\/repliquemangacine.fr\/de\/katana-und-schwert-von-videospielen-andere-videospiele\/keyblade-wachter-des-meisters-kingdom-hearts-eraqus-schlussel\/#breadcrumb","itemListElement":[{"@type":"ListItem","position":1,"name":"Accueil","item":"https:\/\/repliquemangacine.fr\/"},{"@type":"ListItem","position":2,"name":"Produits","item":"https:\/\/repliquemangacine.fr\/boutique\/"},{"@type":"ListItem","position":3,"name":"Keyblade Garde du Ma\u00eetre"}]},{"@type":"WebSite","@id":"https:\/\/repliquemangacine.fr\/#website","url":"https:\/\/repliquemangacine.fr\/","name":"R\u00e9plique Manga Cin\u00e9","description":"","publisher":{"@id":"https:\/\/repliquemangacine.fr\/#organization"},"potentialAction":[{"@type":"SearchAction","target":{"@type":"EntryPoint","urlTemplate":"https:\/\/repliquemangacine.fr\/?s={search_term_string}"},"query-input":{"@type":"PropertyValueSpecification","valueRequired":true,"valueName":"search_term_string"}}],"inLanguage":"en-US"},{"@type":"Organization","@id":"https:\/\/repliquemangacine.fr\/#organization","name":"R\u00e9plique Manga Cin\u00e9","url":"https:\/\/repliquemangacine.fr\/","logo":{"@type":"ImageObject","inLanguage":"en-US","@id":"https:\/\/repliquemangacine.fr\/#\/schema\/logo\/image\/","url":"https:\/\/repliquemangacine.fr\/wp-content\/uploads\/2023\/10\/RMC-500250.png","contentUrl":"https:\/\/repliquemangacine.fr\/wp-content\/uploads\/2023\/10\/RMC-500250.png","width":500,"height":250,"caption":"R\u00e9plique Manga Cin\u00e9"},"image":{"@id":"https:\/\/repliquemangacine.fr\/#\/schema\/logo\/image\/"},"sameAs":["https:\/\/www.facebook.com\/RepliqueMangaCine","https:\/\/www.instagram.com\/repliquemangacine.fr\/"]}]}},"_links":{"self":[{"href":"https:\/\/repliquemangacine.fr\/en\/wp-json\/wp\/v2\/product\/27697","targetHints":{"allow":["GET"]}}],"collection":[{"href":"https:\/\/repliquemangacine.fr\/en\/wp-json\/wp\/v2\/product"}],"about":[{"href":"https:\/\/repliquemangacine.fr\/en\/wp-json\/wp\/v2\/types\/product"}],"wp:featuredmedia":[{"embeddable":true,"href":"https:\/\/repliquemangacine.fr\/en\/wp-json\/wp\/v2\/media\/27698"}],"wp:attachment":[{"href":"https:\/\/repliquemangacine.fr\/en\/wp-json\/wp\/v2\/media?parent=27697"}],"wp:term":[{"taxonomy":"product_brand","embeddable":true,"href":"https:\/\/repliquemangacine.fr\/en\/wp-json\/wp\/v2\/product_brand?post=27697"},{"taxonomy":"product_cat","embeddable":true,"href":"https:\/\/repliquemangacine.fr\/en\/wp-json\/wp\/v2\/product_cat?post=27697"},{"taxonomy":"product_tag","embeddable":true,"href":"https:\/\/repliquemangacine.fr\/en\/wp-json\/wp\/v2\/product_tag?post=27697"}],"curies":[{"name":"wp","href":"https:\/\/api.w.org\/{rel}","templated":true}]}}