





{"id":27666,"date":"2018-01-20T17:30:49","date_gmt":"2018-01-20T16:30:49","guid":{"rendered":"https:\/\/repliquemangacine.fr\/?post_type=product&#038;p=27666"},"modified":"2026-04-22T13:31:06","modified_gmt":"2026-04-22T11:31:06","slug":"conan-sword-atlantean-conan-the-barbarian","status":"publish","type":"product","link":"https:\/\/repliquemangacine.fr\/en\/katana-les-epees-de-films-et-series\/conan-epee-atlantean-conan-le-barbare\/","title":{"rendered":"Conan Atlantean sword"},"content":{"rendered":"<h2>Replica Conan Atlantean Sword<\/h2>\n<p>To begin with, the <strong>Conan Atlantean sword<\/strong>, Conan, the sword of legend. Conan is one of the most emblematic characters in film and literature.<\/p>\n<p>Conan the Barbarian is a fictional character whose first short story was written by Robert E. Howard in 1932. It was with these stories that Howard contributed to the modern form of the literary genre of fantasy, being one of the founders of heroic fantasy.<\/p>\n<p>Conan's adventures take place in a mythical past, created by Howard, called the \u2019Hyborian Age\u00ab. Conan is a barbarian from Cimmeria, a gloomy land that Howard linked to historical Cimmeria.<\/p>\n<h2>Your Conan Atlantean replica sword at the best price.<\/h2>\n<p>We offer a wide selection of replica swords and collectors' items from your favorite movie heroes.<\/p>\n<p>First and foremost<\/p>\n<ul>\n<li>Blade's sword, <a href=\"https:\/\/repliquemangacine.fr\/en\/super-heroes\/katana-daywalker-blade-sword\/\">Katana Daywalker<\/a> with its straight blade and plate scabbard for carrying on your back.<\/li>\n<li>Then the sword<a href=\"https:\/\/repliquemangacine.fr\/en\/other-films\/narnia-valiant-sword\/\"> valiant<\/a> in the film \"The World of Narnia\".<\/li>\n<li>There is also the<a href=\"https:\/\/repliquemangacine.fr\/en\/films-tv-series-sale-of-katana-sword-and-related-products\/father-sword-conan-marto\/\">Conan's father's sword<\/a> under official license distributed by <a href=\"https:\/\/www.marto.es\/index.php\/es\/\" target=\"_blank\" rel=\"noopener noreferrer\">Marto<\/a>.<\/li>\n<li>And many more to discover in our online store!<\/li>\n<\/ul>\n<p>That's why here are some great gift ideas for all film lovers.<\/p>\n<p>In conclusion, you can use the <strong>Conan Atlantean sword<\/strong> for your cosplay parades. But above all, this sword is a collector's item and a decorative object.<\/p>\n<h2>How to maintain your sword blade<\/h2>\n<p>Collectible and decorative swords are made and assembled in a simplified way. As their use is decorative, they lack the safety features required of a Japanese saber intended for training.<\/p>\n<p>However, your weapon <strong>Conan Atlantean sword<\/strong> to a steel blade that needs to be cared for to avoid damage over time. In fact, when you display your katana, your friends will be curious to see and touch the blade. This is where you need to be careful, as the acidity of your fingers is very harmful to steel, whatever its quality.<\/p>\n<p>However, if this does happen, don't panic - all you need is a cloth dampened with a little oil and a wipe of fingerprints. By doing so, you'll keep your sword looking its best for a very long time.<\/p>","protected":false},"excerpt":{"rendered":"<p>Replica Atlantean sword<\/p>\n<ul>\n<li>Mirror-effect polished stainless steel blade.<\/li>\n<li>Aged bronze-look steel guard.<\/li>\n<li>Metal handle covered with cotton thread.<\/li>\n<li>Antique bronze imitation steel knob, skull and crossbones.<\/li>\n<li>Wall bracket.<\/li>\n<li>Blade length: 71.5 cm - Overall length: 99 cm - Weight: 2080 grs<\/li>\n<\/ul>","protected":false},"featured_media":27667,"template":"","meta":[],"product_brand":[896],"product_cat":[91,66,24],"product_tag":[],"class_list":{"0":"post-27666","1":"product","2":"type-product","3":"status-publish","4":"has-post-thumbnail","6":"product_brand-replique-manga-cine","7":"product_cat-katana-les-epees-de-films-et-series","8":"product_cat-repliques-d-armes-films-et-series","9":"product_cat-films-series-tv-vente-de-katana-epee-et-produits-derives","11":"first","12":"instock","13":"taxable","14":"shipping-taxable","15":"purchasable","16":"product-type-simple"},"yoast_head":"<!-- This site is optimized with the Yoast SEO plugin v27.4 - https:\/\/yoast.com\/product\/yoast-seo-wordpress\/ -->\n<title>Conan Ep\u00e9e Atlantean - Conan le Barbare | R\u00e9plique Manga Cin\u00e9<\/title>\n<meta name=\"description\" content=\"D\u00e9couvrez votre arme Conan Ep\u00e9e Atlantean au meilleur prix - Lame en acier inox poli - Garde en acier massif imitation bronze vieilli - Support - 99 cm\" \/>\n<meta name=\"robots\" content=\"index, follow, max-snippet:-1, max-image-preview:large, max-video-preview:-1\" \/>\n<link rel=\"canonical\" href=\"https:\/\/repliquemangacine.fr\/en\/katana-swords-from-films-and-series\/conan-sword-atlantean-conan-the-barbarian\/\" \/>\n<meta property=\"og:locale\" content=\"en_US\" \/>\n<meta property=\"og:type\" content=\"article\" \/>\n<meta property=\"og:title\" content=\"Conan Ep\u00e9e Atlantean - Conan le Barbare | R\u00e9plique Manga Cin\u00e9\" \/>\n<meta property=\"og:description\" content=\"D\u00e9couvrez votre arme Conan Ep\u00e9e Atlantean au meilleur prix - Lame en acier inox poli - Garde en acier massif imitation bronze vieilli - Support - 99 cm\" \/>\n<meta property=\"og:url\" content=\"https:\/\/repliquemangacine.fr\/en\/katana-swords-from-films-and-series\/conan-sword-atlantean-conan-the-barbarian\/\" \/>\n<meta property=\"og:site_name\" content=\"R\u00e9plique Manga Cin\u00e9\" \/>\n<meta property=\"article:publisher\" content=\"https:\/\/www.facebook.com\/RepliqueMangaCine\" \/>\n<meta property=\"article:modified_time\" content=\"2026-04-22T11:31:06+00:00\" \/>\n<meta property=\"og:image\" content=\"https:\/\/repliquemangacine.fr\/wp-content\/uploads\/2023\/10\/2441-Replique-Epee-Atlantean-Conan-le-Barbare.jpg\" \/>\n\t<meta property=\"og:image:width\" content=\"600\" \/>\n\t<meta property=\"og:image:height\" content=\"600\" \/>\n\t<meta property=\"og:image:type\" content=\"image\/jpeg\" \/>\n<meta name=\"twitter:card\" content=\"summary_large_image\" \/>\n<meta name=\"twitter:label1\" content=\"Est. reading time\" \/>\n\t<meta name=\"twitter:data1\" content=\"2 minutes\" \/>\n<script type=\"application\/ld+json\" class=\"yoast-schema-graph\">{\"@context\":\"https:\\\/\\\/schema.org\",\"@graph\":[{\"@type\":\"WebPage\",\"@id\":\"https:\\\/\\\/repliquemangacine.fr\\\/katana-les-epees-de-films-et-series\\\/conan-epee-atlantean-conan-le-barbare\\\/\",\"url\":\"https:\\\/\\\/repliquemangacine.fr\\\/katana-les-epees-de-films-et-series\\\/conan-epee-atlantean-conan-le-barbare\\\/\",\"name\":\"Conan Ep\u00e9e Atlantean - Conan le Barbare | R\u00e9plique Manga Cin\u00e9\",\"isPartOf\":{\"@id\":\"https:\\\/\\\/repliquemangacine.fr\\\/#website\"},\"primaryImageOfPage\":{\"@id\":\"https:\\\/\\\/repliquemangacine.fr\\\/katana-les-epees-de-films-et-series\\\/conan-epee-atlantean-conan-le-barbare\\\/#primaryimage\"},\"image\":{\"@id\":\"https:\\\/\\\/repliquemangacine.fr\\\/katana-les-epees-de-films-et-series\\\/conan-epee-atlantean-conan-le-barbare\\\/#primaryimage\"},\"thumbnailUrl\":\"https:\\\/\\\/repliquemangacine.fr\\\/wp-content\\\/uploads\\\/2023\\\/10\\\/2441-Replique-Epee-Atlantean-Conan-le-Barbare.jpg\",\"datePublished\":\"2018-01-20T16:30:49+00:00\",\"dateModified\":\"2026-04-22T11:31:06+00:00\",\"description\":\"D\u00e9couvrez votre arme Conan Ep\u00e9e Atlantean au meilleur prix - Lame en acier inox poli - Garde en acier massif imitation bronze vieilli - Support - 99 cm\",\"breadcrumb\":{\"@id\":\"https:\\\/\\\/repliquemangacine.fr\\\/katana-les-epees-de-films-et-series\\\/conan-epee-atlantean-conan-le-barbare\\\/#breadcrumb\"},\"inLanguage\":\"en-US\",\"potentialAction\":[{\"@type\":\"ReadAction\",\"target\":[\"https:\\\/\\\/repliquemangacine.fr\\\/katana-les-epees-de-films-et-series\\\/conan-epee-atlantean-conan-le-barbare\\\/\"]}]},{\"@type\":\"ImageObject\",\"inLanguage\":\"en-US\",\"@id\":\"https:\\\/\\\/repliquemangacine.fr\\\/katana-les-epees-de-films-et-series\\\/conan-epee-atlantean-conan-le-barbare\\\/#primaryimage\",\"url\":\"https:\\\/\\\/repliquemangacine.fr\\\/wp-content\\\/uploads\\\/2023\\\/10\\\/2441-Replique-Epee-Atlantean-Conan-le-Barbare.jpg\",\"contentUrl\":\"https:\\\/\\\/repliquemangacine.fr\\\/wp-content\\\/uploads\\\/2023\\\/10\\\/2441-Replique-Epee-Atlantean-Conan-le-Barbare.jpg\",\"width\":600,\"height\":600,\"caption\":\"R\u00e9plique Ep\u00e9e Atlantean Conan le Barbare\"},{\"@type\":\"BreadcrumbList\",\"@id\":\"https:\\\/\\\/repliquemangacine.fr\\\/katana-les-epees-de-films-et-series\\\/conan-epee-atlantean-conan-le-barbare\\\/#breadcrumb\",\"itemListElement\":[{\"@type\":\"ListItem\",\"position\":1,\"name\":\"Accueil\",\"item\":\"https:\\\/\\\/repliquemangacine.fr\\\/\"},{\"@type\":\"ListItem\",\"position\":2,\"name\":\"Produits\",\"item\":\"https:\\\/\\\/repliquemangacine.fr\\\/boutique\\\/\"},{\"@type\":\"ListItem\",\"position\":3,\"name\":\"Conan Ep\u00e9e Atlantean\"}]},{\"@type\":\"WebSite\",\"@id\":\"https:\\\/\\\/repliquemangacine.fr\\\/#website\",\"url\":\"https:\\\/\\\/repliquemangacine.fr\\\/\",\"name\":\"R\u00e9plique Manga Cin\u00e9\",\"description\":\"\",\"publisher\":{\"@id\":\"https:\\\/\\\/repliquemangacine.fr\\\/#organization\"},\"potentialAction\":[{\"@type\":\"SearchAction\",\"target\":{\"@type\":\"EntryPoint\",\"urlTemplate\":\"https:\\\/\\\/repliquemangacine.fr\\\/?s={search_term_string}\"},\"query-input\":{\"@type\":\"PropertyValueSpecification\",\"valueRequired\":true,\"valueName\":\"search_term_string\"}}],\"inLanguage\":\"en-US\"},{\"@type\":\"Organization\",\"@id\":\"https:\\\/\\\/repliquemangacine.fr\\\/#organization\",\"name\":\"R\u00e9plique Manga Cin\u00e9\",\"url\":\"https:\\\/\\\/repliquemangacine.fr\\\/\",\"logo\":{\"@type\":\"ImageObject\",\"inLanguage\":\"en-US\",\"@id\":\"https:\\\/\\\/repliquemangacine.fr\\\/#\\\/schema\\\/logo\\\/image\\\/\",\"url\":\"https:\\\/\\\/repliquemangacine.fr\\\/wp-content\\\/uploads\\\/2023\\\/10\\\/RMC-500250.png\",\"contentUrl\":\"https:\\\/\\\/repliquemangacine.fr\\\/wp-content\\\/uploads\\\/2023\\\/10\\\/RMC-500250.png\",\"width\":500,\"height\":250,\"caption\":\"R\u00e9plique Manga Cin\u00e9\"},\"image\":{\"@id\":\"https:\\\/\\\/repliquemangacine.fr\\\/#\\\/schema\\\/logo\\\/image\\\/\"},\"sameAs\":[\"https:\\\/\\\/www.facebook.com\\\/RepliqueMangaCine\",\"https:\\\/\\\/www.instagram.com\\\/repliquemangacine.fr\\\/\"]}]}<\/script>\n<!-- \/ Yoast SEO plugin. -->","yoast_head_json":{"title":"Conan Sword Atlantean - Conan the Barbarian | R\u00e9plique Manga Cin\u00e9","description":"Discover your Conan weapon Sword Atlantean at the best price - Polished stainless steel blade - Solid steel guard imitation aged bronze - Stand - 99 cm","robots":{"index":"index","follow":"follow","max-snippet":"max-snippet:-1","max-image-preview":"max-image-preview:large","max-video-preview":"max-video-preview:-1"},"canonical":"https:\/\/repliquemangacine.fr\/en\/katana-swords-from-films-and-series\/conan-sword-atlantean-conan-the-barbarian\/","og_locale":"en_US","og_type":"article","og_title":"Conan Ep\u00e9e Atlantean - Conan le Barbare | R\u00e9plique Manga Cin\u00e9","og_description":"D\u00e9couvrez votre arme Conan Ep\u00e9e Atlantean au meilleur prix - Lame en acier inox poli - Garde en acier massif imitation bronze vieilli - Support - 99 cm","og_url":"https:\/\/repliquemangacine.fr\/en\/katana-swords-from-films-and-series\/conan-sword-atlantean-conan-the-barbarian\/","og_site_name":"R\u00e9plique Manga Cin\u00e9","article_publisher":"https:\/\/www.facebook.com\/RepliqueMangaCine","article_modified_time":"2026-04-22T11:31:06+00:00","og_image":[{"width":600,"height":600,"url":"https:\/\/repliquemangacine.fr\/wp-content\/uploads\/2023\/10\/2441-Replique-Epee-Atlantean-Conan-le-Barbare.jpg","type":"image\/jpeg"}],"twitter_card":"summary_large_image","twitter_misc":{"Est. reading time":"2 minutes"},"schema":{"@context":"https:\/\/schema.org","@graph":[{"@type":"WebPage","@id":"https:\/\/repliquemangacine.fr\/katana-les-epees-de-films-et-series\/conan-epee-atlantean-conan-le-barbare\/","url":"https:\/\/repliquemangacine.fr\/katana-les-epees-de-films-et-series\/conan-epee-atlantean-conan-le-barbare\/","name":"Conan Sword Atlantean - Conan the Barbarian | R\u00e9plique Manga Cin\u00e9","isPartOf":{"@id":"https:\/\/repliquemangacine.fr\/#website"},"primaryImageOfPage":{"@id":"https:\/\/repliquemangacine.fr\/katana-les-epees-de-films-et-series\/conan-epee-atlantean-conan-le-barbare\/#primaryimage"},"image":{"@id":"https:\/\/repliquemangacine.fr\/katana-les-epees-de-films-et-series\/conan-epee-atlantean-conan-le-barbare\/#primaryimage"},"thumbnailUrl":"https:\/\/repliquemangacine.fr\/wp-content\/uploads\/2023\/10\/2441-Replique-Epee-Atlantean-Conan-le-Barbare.jpg","datePublished":"2018-01-20T16:30:49+00:00","dateModified":"2026-04-22T11:31:06+00:00","description":"Discover your Conan weapon Sword Atlantean at the best price - Polished stainless steel blade - Solid steel guard imitation aged bronze - Stand - 99 cm","breadcrumb":{"@id":"https:\/\/repliquemangacine.fr\/katana-les-epees-de-films-et-series\/conan-epee-atlantean-conan-le-barbare\/#breadcrumb"},"inLanguage":"en-US","potentialAction":[{"@type":"ReadAction","target":["https:\/\/repliquemangacine.fr\/katana-les-epees-de-films-et-series\/conan-epee-atlantean-conan-le-barbare\/"]}]},{"@type":"ImageObject","inLanguage":"en-US","@id":"https:\/\/repliquemangacine.fr\/katana-les-epees-de-films-et-series\/conan-epee-atlantean-conan-le-barbare\/#primaryimage","url":"https:\/\/repliquemangacine.fr\/wp-content\/uploads\/2023\/10\/2441-Replique-Epee-Atlantean-Conan-le-Barbare.jpg","contentUrl":"https:\/\/repliquemangacine.fr\/wp-content\/uploads\/2023\/10\/2441-Replique-Epee-Atlantean-Conan-le-Barbare.jpg","width":600,"height":600,"caption":"R\u00e9plique Ep\u00e9e Atlantean Conan le Barbare"},{"@type":"BreadcrumbList","@id":"https:\/\/repliquemangacine.fr\/katana-les-epees-de-films-et-series\/conan-epee-atlantean-conan-le-barbare\/#breadcrumb","itemListElement":[{"@type":"ListItem","position":1,"name":"Accueil","item":"https:\/\/repliquemangacine.fr\/"},{"@type":"ListItem","position":2,"name":"Produits","item":"https:\/\/repliquemangacine.fr\/boutique\/"},{"@type":"ListItem","position":3,"name":"Conan Ep\u00e9e Atlantean"}]},{"@type":"WebSite","@id":"https:\/\/repliquemangacine.fr\/#website","url":"https:\/\/repliquemangacine.fr\/","name":"R\u00e9plique Manga Cin\u00e9","description":"","publisher":{"@id":"https:\/\/repliquemangacine.fr\/#organization"},"potentialAction":[{"@type":"SearchAction","target":{"@type":"EntryPoint","urlTemplate":"https:\/\/repliquemangacine.fr\/?s={search_term_string}"},"query-input":{"@type":"PropertyValueSpecification","valueRequired":true,"valueName":"search_term_string"}}],"inLanguage":"en-US"},{"@type":"Organization","@id":"https:\/\/repliquemangacine.fr\/#organization","name":"R\u00e9plique Manga Cin\u00e9","url":"https:\/\/repliquemangacine.fr\/","logo":{"@type":"ImageObject","inLanguage":"en-US","@id":"https:\/\/repliquemangacine.fr\/#\/schema\/logo\/image\/","url":"https:\/\/repliquemangacine.fr\/wp-content\/uploads\/2023\/10\/RMC-500250.png","contentUrl":"https:\/\/repliquemangacine.fr\/wp-content\/uploads\/2023\/10\/RMC-500250.png","width":500,"height":250,"caption":"R\u00e9plique Manga Cin\u00e9"},"image":{"@id":"https:\/\/repliquemangacine.fr\/#\/schema\/logo\/image\/"},"sameAs":["https:\/\/www.facebook.com\/RepliqueMangaCine","https:\/\/www.instagram.com\/repliquemangacine.fr\/"]}]}},"_links":{"self":[{"href":"https:\/\/repliquemangacine.fr\/en\/wp-json\/wp\/v2\/product\/27666","targetHints":{"allow":["GET"]}}],"collection":[{"href":"https:\/\/repliquemangacine.fr\/en\/wp-json\/wp\/v2\/product"}],"about":[{"href":"https:\/\/repliquemangacine.fr\/en\/wp-json\/wp\/v2\/types\/product"}],"wp:featuredmedia":[{"embeddable":true,"href":"https:\/\/repliquemangacine.fr\/en\/wp-json\/wp\/v2\/media\/27667"}],"wp:attachment":[{"href":"https:\/\/repliquemangacine.fr\/en\/wp-json\/wp\/v2\/media?parent=27666"}],"wp:term":[{"taxonomy":"product_brand","embeddable":true,"href":"https:\/\/repliquemangacine.fr\/en\/wp-json\/wp\/v2\/product_brand?post=27666"},{"taxonomy":"product_cat","embeddable":true,"href":"https:\/\/repliquemangacine.fr\/en\/wp-json\/wp\/v2\/product_cat?post=27666"},{"taxonomy":"product_tag","embeddable":true,"href":"https:\/\/repliquemangacine.fr\/en\/wp-json\/wp\/v2\/product_tag?post=27666"}],"curies":[{"name":"wp","href":"https:\/\/api.w.org\/{rel}","templated":true}]}}