





{"id":27612,"date":"2017-10-29T17:07:30","date_gmt":"2017-10-29T16:07:30","guid":{"rendered":"https:\/\/repliquemangacine.fr\/?post_type=product&#038;p=27612"},"modified":"2025-09-23T18:01:57","modified_gmt":"2025-09-23T16:01:57","slug":"game-of-thrones-house-baratheon-key-ring","status":"publish","type":"product","link":"https:\/\/repliquemangacine.fr\/en\/collectors-et-goodies-game-of-thrones\/porte-cles-maison-baratheon-game-of-thrones\/","title":{"rendered":"Game of Thrones Baratheon keyring"},"content":{"rendered":"<h2>Baratheon GOT (Game of Thrones) key ring<\/h2>\n<p>To begin with, the <strong>Baratheon GOT key ring<\/strong>, inspired by the Game of Thrones series. Inscribed with the motto of House Baratheon \u201cBear is the fury\u201d. Superb engravings all around the plate. On the back, you can see the shadow of the deer relief with the inscription \u201dGame of Thrones - TM\u00a9 2012 Home Box Office Inc\u201d underneath.\u201d<\/p>\n<p>House Baratheon was a great house of Westeros. They ruled the vast region of the Stormlands from their seat, Accalmie, a castle southeast of King's Landing.<\/p>\n<p>Their motto is \u00abOurs is the fury\u00bb and their emblem represents a stag that becomes crowned following Robert Baratheon's accession to the throne.<\/p>\n<h2>Your Barath\u00e9on GOT Keyring at the best price.<\/h2>\n<p>We offer a wide selection of Game of Thrones swords and collectibles.<\/p>\n<p>First and foremost,<\/p>\n<ul>\n<li>All the <a href=\"https:\/\/repliquemangacine.fr\/en\/game-of-thrones-swords\/\">swords Game of Thrones<\/a> are available in our store.<\/li>\n<li>There is also the <a href=\"https:\/\/repliquemangacine.fr\/en\/game-of-thrones-collectors-and-goodies\/mug-chope-game-of-thrones-2\/\">Mug Mug GOT<\/a> with aluminium interior to keep the heat in.<\/li>\n<li>As well as Daenerys' dragon eggs, licensed by HBO and distributed by <a href=\"https:\/\/noblecollection.fr\/\" target=\"_blank\" rel=\"noopener noreferrer\">Noble Collection<\/a><\/li>\n<li>And much more to discover in our online store!<\/li>\n<\/ul>\n<p>So here's a great gift idea for fans of the Game of Thrones series.<\/p>\n<p>In conclusion, you can use the <strong>Baratheon GOT key ring<\/strong> in everyday life during your coffee breaks. But above all, it's a collector's item and a decoration.<\/p>\n<h2>How are your collectors' items made?<\/h2>\n<p>To begin with, all our derived products are of the highest quality, manufactured with meticulous attention to detail. In fact, some of the manufacturing is done by hand, to reproduce even the smallest detail. More important parts are machined by precise machines. Engravings are generally made with a diamond tip or laser.<\/p>\n<p>Your <strong>Baratheon GOT key ring<\/strong> manufactured to reproduce every detail exactly. To match the heritage of the original masterpieces. The emphasis is on creating high-quality replicas that are as historically accurate as possible.<\/p>\n<p>In conclusion, imported from China, Spain or India, our replicas will amaze you!<\/p>\n<p>R\u00e9plique Manga Cin\u00e9 is a French family business.<\/p>","protected":false},"excerpt":{"rendered":"<p>Baratheon key ring inspired by the Game of Thrones series.<\/p>\n<ul>\n<li>In bronze-colored steel with the Baratheon emblem in relief.<\/li>\n<li>Currency entry.<\/li>\n<li>Ring and chain in silver-plated metal.<\/li>\n<li>Showcase box featuring the series.<\/li>\n<li>Diameter: 5.5 cm - Weight: 45 g<\/li>\n<\/ul>","protected":false},"featured_media":27613,"template":"","meta":[],"product_brand":[896],"product_cat":[81,24,47],"product_tag":[],"class_list":{"0":"post-27612","1":"product","2":"type-product","3":"status-publish","4":"has-post-thumbnail","6":"product_brand-replique-manga-cine","7":"product_cat-collectors-et-goodies-game-of-thrones","8":"product_cat-films-series-tv-vente-de-katana-epee-et-produits-derives","9":"product_cat-game-of-thrones","11":"first","12":"instock","13":"taxable","14":"shipping-taxable","15":"purchasable","16":"product-type-simple"},"yoast_head":"<!-- This site is optimized with the Yoast SEO plugin v27.4 - https:\/\/yoast.com\/product\/yoast-seo-wordpress\/ -->\n<title>Porte-cl\u00e9s Barath\u00e9on GOT - Objet collector Game of Thrones| RMC<\/title>\n<meta name=\"description\" content=\"D\u00e9couvrez le porte-cl\u00e9s Barath\u00e9on GOT au meilleur prix - Tout en acier - Embl\u00e8me en relief et devise des grandes maisons - Diam\u00e8tre : 5.5 cm\" \/>\n<meta name=\"robots\" content=\"index, follow, max-snippet:-1, max-image-preview:large, max-video-preview:-1\" \/>\n<link rel=\"canonical\" href=\"https:\/\/repliquemangacine.fr\/en\/game-of-thrones-collectors-and-goodies\/game-of-thrones-house-baratheon-key-ring\/\" \/>\n<meta property=\"og:locale\" content=\"en_US\" \/>\n<meta property=\"og:type\" content=\"article\" \/>\n<meta property=\"og:title\" content=\"Porte-cl\u00e9s Barath\u00e9on GOT - Objet collector Game of Thrones| RMC\" \/>\n<meta property=\"og:description\" content=\"D\u00e9couvrez le porte-cl\u00e9s Barath\u00e9on GOT au meilleur prix - Tout en acier - Embl\u00e8me en relief et devise des grandes maisons - Diam\u00e8tre : 5.5 cm\" \/>\n<meta property=\"og:url\" content=\"https:\/\/repliquemangacine.fr\/en\/game-of-thrones-collectors-and-goodies\/game-of-thrones-house-baratheon-key-ring\/\" \/>\n<meta property=\"og:site_name\" content=\"R\u00e9plique Manga Cin\u00e9\" \/>\n<meta property=\"article:publisher\" content=\"https:\/\/www.facebook.com\/RepliqueMangaCine\" \/>\n<meta property=\"article:modified_time\" content=\"2025-09-23T16:01:57+00:00\" \/>\n<meta property=\"og:image\" content=\"https:\/\/repliquemangacine.fr\/wp-content\/uploads\/2023\/10\/2382-Porte-cles-Maison-Baratheon-Game-of-Thrones.jpg\" \/>\n\t<meta property=\"og:image:width\" content=\"600\" \/>\n\t<meta property=\"og:image:height\" content=\"600\" \/>\n\t<meta property=\"og:image:type\" content=\"image\/jpeg\" \/>\n<meta name=\"twitter:card\" content=\"summary_large_image\" \/>\n<meta name=\"twitter:label1\" content=\"Est. reading time\" \/>\n\t<meta name=\"twitter:data1\" content=\"1 minute\" \/>\n<script type=\"application\/ld+json\" class=\"yoast-schema-graph\">{\"@context\":\"https:\\\/\\\/schema.org\",\"@graph\":[{\"@type\":\"WebPage\",\"@id\":\"https:\\\/\\\/repliquemangacine.fr\\\/en\\\/game-of-thrones-collectors-and-goodies\\\/game-of-thrones-house-baratheon-key-ring\\\/\",\"url\":\"https:\\\/\\\/repliquemangacine.fr\\\/en\\\/game-of-thrones-collectors-and-goodies\\\/game-of-thrones-house-baratheon-key-ring\\\/\",\"name\":\"Porte-cl\u00e9s Barath\u00e9on GOT - Objet collector Game of Thrones| RMC\",\"isPartOf\":{\"@id\":\"https:\\\/\\\/repliquemangacine.fr\\\/#website\"},\"primaryImageOfPage\":{\"@id\":\"https:\\\/\\\/repliquemangacine.fr\\\/en\\\/game-of-thrones-collectors-and-goodies\\\/game-of-thrones-house-baratheon-key-ring\\\/#primaryimage\"},\"image\":{\"@id\":\"https:\\\/\\\/repliquemangacine.fr\\\/en\\\/game-of-thrones-collectors-and-goodies\\\/game-of-thrones-house-baratheon-key-ring\\\/#primaryimage\"},\"thumbnailUrl\":\"https:\\\/\\\/repliquemangacine.fr\\\/wp-content\\\/uploads\\\/2023\\\/10\\\/2382-Porte-cles-Maison-Baratheon-Game-of-Thrones.jpg\",\"datePublished\":\"2017-10-29T16:07:30+00:00\",\"dateModified\":\"2025-09-23T16:01:57+00:00\",\"description\":\"D\u00e9couvrez le porte-cl\u00e9s Barath\u00e9on GOT au meilleur prix - Tout en acier - Embl\u00e8me en relief et devise des grandes maisons - Diam\u00e8tre : 5.5 cm\",\"breadcrumb\":{\"@id\":\"https:\\\/\\\/repliquemangacine.fr\\\/en\\\/game-of-thrones-collectors-and-goodies\\\/game-of-thrones-house-baratheon-key-ring\\\/#breadcrumb\"},\"inLanguage\":\"en-US\",\"potentialAction\":[{\"@type\":\"ReadAction\",\"target\":[\"https:\\\/\\\/repliquemangacine.fr\\\/en\\\/game-of-thrones-collectors-and-goodies\\\/game-of-thrones-house-baratheon-key-ring\\\/\"]}]},{\"@type\":\"ImageObject\",\"inLanguage\":\"en-US\",\"@id\":\"https:\\\/\\\/repliquemangacine.fr\\\/en\\\/game-of-thrones-collectors-and-goodies\\\/game-of-thrones-house-baratheon-key-ring\\\/#primaryimage\",\"url\":\"https:\\\/\\\/repliquemangacine.fr\\\/wp-content\\\/uploads\\\/2023\\\/10\\\/2382-Porte-cles-Maison-Baratheon-Game-of-Thrones.jpg\",\"contentUrl\":\"https:\\\/\\\/repliquemangacine.fr\\\/wp-content\\\/uploads\\\/2023\\\/10\\\/2382-Porte-cles-Maison-Baratheon-Game-of-Thrones.jpg\",\"width\":600,\"height\":600,\"caption\":\"Porte-cl\u00e9s Maison Barath\u00e9on - Game of Thrones\"},{\"@type\":\"BreadcrumbList\",\"@id\":\"https:\\\/\\\/repliquemangacine.fr\\\/en\\\/game-of-thrones-collectors-and-goodies\\\/game-of-thrones-house-baratheon-key-ring\\\/#breadcrumb\",\"itemListElement\":[{\"@type\":\"ListItem\",\"position\":1,\"name\":\"Accueil\",\"item\":\"https:\\\/\\\/repliquemangacine.fr\\\/\"},{\"@type\":\"ListItem\",\"position\":2,\"name\":\"Produits\",\"item\":\"https:\\\/\\\/repliquemangacine.fr\\\/boutique\\\/\"},{\"@type\":\"ListItem\",\"position\":3,\"name\":\"Porte-cl\u00e9s Barath\u00e9on Game of Thrones\"}]},{\"@type\":\"WebSite\",\"@id\":\"https:\\\/\\\/repliquemangacine.fr\\\/#website\",\"url\":\"https:\\\/\\\/repliquemangacine.fr\\\/\",\"name\":\"R\u00e9plique Manga Cin\u00e9\",\"description\":\"\",\"publisher\":{\"@id\":\"https:\\\/\\\/repliquemangacine.fr\\\/#organization\"},\"potentialAction\":[{\"@type\":\"SearchAction\",\"target\":{\"@type\":\"EntryPoint\",\"urlTemplate\":\"https:\\\/\\\/repliquemangacine.fr\\\/?s={search_term_string}\"},\"query-input\":{\"@type\":\"PropertyValueSpecification\",\"valueRequired\":true,\"valueName\":\"search_term_string\"}}],\"inLanguage\":\"en-US\"},{\"@type\":\"Organization\",\"@id\":\"https:\\\/\\\/repliquemangacine.fr\\\/#organization\",\"name\":\"R\u00e9plique Manga Cin\u00e9\",\"url\":\"https:\\\/\\\/repliquemangacine.fr\\\/\",\"logo\":{\"@type\":\"ImageObject\",\"inLanguage\":\"en-US\",\"@id\":\"https:\\\/\\\/repliquemangacine.fr\\\/#\\\/schema\\\/logo\\\/image\\\/\",\"url\":\"https:\\\/\\\/repliquemangacine.fr\\\/wp-content\\\/uploads\\\/2023\\\/10\\\/RMC-500250.png\",\"contentUrl\":\"https:\\\/\\\/repliquemangacine.fr\\\/wp-content\\\/uploads\\\/2023\\\/10\\\/RMC-500250.png\",\"width\":500,\"height\":250,\"caption\":\"R\u00e9plique Manga Cin\u00e9\"},\"image\":{\"@id\":\"https:\\\/\\\/repliquemangacine.fr\\\/#\\\/schema\\\/logo\\\/image\\\/\"},\"sameAs\":[\"https:\\\/\\\/www.facebook.com\\\/RepliqueMangaCine\",\"https:\\\/\\\/www.instagram.com\\\/repliquemangacine.fr\\\/\"]}]}<\/script>\n<!-- \/ Yoast SEO plugin. -->","yoast_head_json":{"title":"Baratheon GOT key ring - Collector's item Game of Thrones| RMC","description":"Discover the Barath\u00e9on GOT key ring at the best price - All steel - Embossed logo and motto of the great houses - Diameter: 5.5 cm","robots":{"index":"index","follow":"follow","max-snippet":"max-snippet:-1","max-image-preview":"max-image-preview:large","max-video-preview":"max-video-preview:-1"},"canonical":"https:\/\/repliquemangacine.fr\/en\/game-of-thrones-collectors-and-goodies\/game-of-thrones-house-baratheon-key-ring\/","og_locale":"en_US","og_type":"article","og_title":"Porte-cl\u00e9s Barath\u00e9on GOT - Objet collector Game of Thrones| RMC","og_description":"D\u00e9couvrez le porte-cl\u00e9s Barath\u00e9on GOT au meilleur prix - Tout en acier - Embl\u00e8me en relief et devise des grandes maisons - Diam\u00e8tre : 5.5 cm","og_url":"https:\/\/repliquemangacine.fr\/en\/game-of-thrones-collectors-and-goodies\/game-of-thrones-house-baratheon-key-ring\/","og_site_name":"R\u00e9plique Manga Cin\u00e9","article_publisher":"https:\/\/www.facebook.com\/RepliqueMangaCine","article_modified_time":"2025-09-23T16:01:57+00:00","og_image":[{"width":600,"height":600,"url":"https:\/\/repliquemangacine.fr\/wp-content\/uploads\/2023\/10\/2382-Porte-cles-Maison-Baratheon-Game-of-Thrones.jpg","type":"image\/jpeg"}],"twitter_card":"summary_large_image","twitter_misc":{"Est. reading time":"1 minute"},"schema":{"@context":"https:\/\/schema.org","@graph":[{"@type":"WebPage","@id":"https:\/\/repliquemangacine.fr\/en\/game-of-thrones-collectors-and-goodies\/game-of-thrones-house-baratheon-key-ring\/","url":"https:\/\/repliquemangacine.fr\/en\/game-of-thrones-collectors-and-goodies\/game-of-thrones-house-baratheon-key-ring\/","name":"Baratheon GOT key ring - Collector's item Game of Thrones| RMC","isPartOf":{"@id":"https:\/\/repliquemangacine.fr\/#website"},"primaryImageOfPage":{"@id":"https:\/\/repliquemangacine.fr\/en\/game-of-thrones-collectors-and-goodies\/game-of-thrones-house-baratheon-key-ring\/#primaryimage"},"image":{"@id":"https:\/\/repliquemangacine.fr\/en\/game-of-thrones-collectors-and-goodies\/game-of-thrones-house-baratheon-key-ring\/#primaryimage"},"thumbnailUrl":"https:\/\/repliquemangacine.fr\/wp-content\/uploads\/2023\/10\/2382-Porte-cles-Maison-Baratheon-Game-of-Thrones.jpg","datePublished":"2017-10-29T16:07:30+00:00","dateModified":"2025-09-23T16:01:57+00:00","description":"Discover the Barath\u00e9on GOT key ring at the best price - All steel - Embossed logo and motto of the great houses - Diameter: 5.5 cm","breadcrumb":{"@id":"https:\/\/repliquemangacine.fr\/en\/game-of-thrones-collectors-and-goodies\/game-of-thrones-house-baratheon-key-ring\/#breadcrumb"},"inLanguage":"en-US","potentialAction":[{"@type":"ReadAction","target":["https:\/\/repliquemangacine.fr\/en\/game-of-thrones-collectors-and-goodies\/game-of-thrones-house-baratheon-key-ring\/"]}]},{"@type":"ImageObject","inLanguage":"en-US","@id":"https:\/\/repliquemangacine.fr\/en\/game-of-thrones-collectors-and-goodies\/game-of-thrones-house-baratheon-key-ring\/#primaryimage","url":"https:\/\/repliquemangacine.fr\/wp-content\/uploads\/2023\/10\/2382-Porte-cles-Maison-Baratheon-Game-of-Thrones.jpg","contentUrl":"https:\/\/repliquemangacine.fr\/wp-content\/uploads\/2023\/10\/2382-Porte-cles-Maison-Baratheon-Game-of-Thrones.jpg","width":600,"height":600,"caption":"Porte-cl\u00e9s Maison Barath\u00e9on - Game of Thrones"},{"@type":"BreadcrumbList","@id":"https:\/\/repliquemangacine.fr\/en\/game-of-thrones-collectors-and-goodies\/game-of-thrones-house-baratheon-key-ring\/#breadcrumb","itemListElement":[{"@type":"ListItem","position":1,"name":"Accueil","item":"https:\/\/repliquemangacine.fr\/"},{"@type":"ListItem","position":2,"name":"Produits","item":"https:\/\/repliquemangacine.fr\/boutique\/"},{"@type":"ListItem","position":3,"name":"Porte-cl\u00e9s Barath\u00e9on Game of Thrones"}]},{"@type":"WebSite","@id":"https:\/\/repliquemangacine.fr\/#website","url":"https:\/\/repliquemangacine.fr\/","name":"R\u00e9plique Manga Cin\u00e9","description":"","publisher":{"@id":"https:\/\/repliquemangacine.fr\/#organization"},"potentialAction":[{"@type":"SearchAction","target":{"@type":"EntryPoint","urlTemplate":"https:\/\/repliquemangacine.fr\/?s={search_term_string}"},"query-input":{"@type":"PropertyValueSpecification","valueRequired":true,"valueName":"search_term_string"}}],"inLanguage":"en-US"},{"@type":"Organization","@id":"https:\/\/repliquemangacine.fr\/#organization","name":"R\u00e9plique Manga Cin\u00e9","url":"https:\/\/repliquemangacine.fr\/","logo":{"@type":"ImageObject","inLanguage":"en-US","@id":"https:\/\/repliquemangacine.fr\/#\/schema\/logo\/image\/","url":"https:\/\/repliquemangacine.fr\/wp-content\/uploads\/2023\/10\/RMC-500250.png","contentUrl":"https:\/\/repliquemangacine.fr\/wp-content\/uploads\/2023\/10\/RMC-500250.png","width":500,"height":250,"caption":"R\u00e9plique Manga Cin\u00e9"},"image":{"@id":"https:\/\/repliquemangacine.fr\/#\/schema\/logo\/image\/"},"sameAs":["https:\/\/www.facebook.com\/RepliqueMangaCine","https:\/\/www.instagram.com\/repliquemangacine.fr\/"]}]}},"_links":{"self":[{"href":"https:\/\/repliquemangacine.fr\/en\/wp-json\/wp\/v2\/product\/27612","targetHints":{"allow":["GET"]}}],"collection":[{"href":"https:\/\/repliquemangacine.fr\/en\/wp-json\/wp\/v2\/product"}],"about":[{"href":"https:\/\/repliquemangacine.fr\/en\/wp-json\/wp\/v2\/types\/product"}],"wp:featuredmedia":[{"embeddable":true,"href":"https:\/\/repliquemangacine.fr\/en\/wp-json\/wp\/v2\/media\/27613"}],"wp:attachment":[{"href":"https:\/\/repliquemangacine.fr\/en\/wp-json\/wp\/v2\/media?parent=27612"}],"wp:term":[{"taxonomy":"product_brand","embeddable":true,"href":"https:\/\/repliquemangacine.fr\/en\/wp-json\/wp\/v2\/product_brand?post=27612"},{"taxonomy":"product_cat","embeddable":true,"href":"https:\/\/repliquemangacine.fr\/en\/wp-json\/wp\/v2\/product_cat?post=27612"},{"taxonomy":"product_tag","embeddable":true,"href":"https:\/\/repliquemangacine.fr\/en\/wp-json\/wp\/v2\/product_tag?post=27612"}],"curies":[{"name":"wp","href":"https:\/\/api.w.org\/{rel}","templated":true}]}}