





{"id":27575,"date":"2017-10-24T21:37:46","date_gmt":"2017-10-24T19:37:46","guid":{"rendered":"https:\/\/repliquemangacine.fr\/?post_type=product&#038;p=27575"},"modified":"2026-04-09T19:20:26","modified_gmt":"2026-04-09T17:20:26","slug":"game-of-thrones-5-letter-opener-sword-set","status":"publish","type":"product","link":"https:\/\/repliquemangacine.fr\/en\/epees-game-of-thrones\/coffret-5-epees-ouvre-lettres-game-of-thrones\/","title":{"rendered":"Collector's box of 5 Game of Thrones paper cutters"},"content":{"rendered":"<h2>Game of Thrones letter opener sword set.<\/h2>\n<p>To begin with, the <strong>Game of Thrones letter openers<\/strong> comes with 5 House Stark swords in a collector's box featuring the series.<\/p>\n<p>House Stark is one of the great houses of Westeros. They rule the vast North from their headquarters at Winterfell, a castle in the center of the region. Their motto is \"Winter is coming\", which sounds like a warning, and the emblem of House Stark represents a Giant Wolf.<\/p>\n<p>This set contains the swords of :<\/p>\n<ul>\n<li>Jon Snow grand-griffe novel version<\/li>\n<li>Arya novel version<\/li>\n<li>Eddard Stark novel version<\/li>\n<li>TV series version of Robb Stark<\/li>\n<li>Eddard Stark TV series version<\/li>\n<\/ul>\n<h2>Your Game of Thrones letter opener set at the best price.<\/h2>\n<p>We offer all replica swords and other collectibles from the Game of Thrones series.<\/p>\n<p>First and foremost,<\/p>\n<ul>\n<li>L'<a href=\"https:\/\/repliquemangacine.fr\/en\/game-of-thrones\/jon-snow-sword-grand-griffe-game-of-thrones\/\">Jon Snow's sword<\/a> Grand-Griffe as a novel or series.<\/li>\n<li>But also Daenerys' officially licensed dragon eggs <a href=\"https:\/\/www.noblecollection.fr\/\" target=\"_blank\" rel=\"noopener noreferrer\">Noble Collection<\/a>.<\/li>\n<li>As well as the <a href=\"https:\/\/repliquemangacine.fr\/en\/game-of-thrones-swords\/replica-catspaw-dagger-game-of-thrones\/\">Catspaw dagger<\/a> used by Arya to kill the Night King. Finally, this dagger is seen in episode 4 of House of Dragon.<\/li>\n<\/ul>\n<p>So here's a great gift idea for fans of the Game of Thrones series.<\/p>\n<p>In conclusion, you can use this Set of 5 swords <strong>Game of Thrones letter openers<\/strong> for your mail. But above all, it's a collector's item.<\/p>\n<h2>How to care for the blade of your Maison Stark sword?<\/h2>\n<p>Collector's and decorative swords are made and assembled in a simplified way. As their use is decorative, they lack the safety features required of a Japanese sword intended for training.<\/p>\n<p>However, your <strong>Game of Thrones letter opener<\/strong> have a steel blade that needs to be maintained to prevent damage over time. In fact, when you display your katana, your friends will be curious to see the blade and touch it. This is where you need to be careful, as the acidity of your fingers is very harmful to steel, whatever its quality.<\/p>\n<p>However, if this does happen, don't panic - all you need is a cloth dampened with a little oil and a wipe of fingerprints. By doing so, you'll keep your sword looking its best for a very long time.<\/p>\n<p>&nbsp;<\/p>","protected":false},"excerpt":{"rendered":"<p>Collector's box of 5 Game of Thrones letter openers.<\/p>\n<ul>\n<li>Entirely in stainless steel, representing the Stark swords.<\/li>\n<li>In a novel edition, the sword of Jon Snow, Eddard and Arya Stark.<\/li>\n<li>Series version, Robb and Eddard Stark's sword.<\/li>\n<li>Boxed set featuring the series.<\/li>\n<li>Each letter opener measures between 20 and 22 cm.<\/li>\n<\/ul>","protected":false},"featured_media":27576,"template":"","meta":[],"product_brand":[896],"product_cat":[81,72,24,47],"product_tag":[],"class_list":{"0":"post-27575","1":"product","2":"type-product","3":"status-publish","4":"has-post-thumbnail","6":"product_brand-replique-manga-cine","7":"product_cat-collectors-et-goodies-game-of-thrones","8":"product_cat-epees-game-of-thrones","9":"product_cat-films-series-tv-vente-de-katana-epee-et-produits-derives","10":"product_cat-game-of-thrones","12":"first","13":"instock","14":"taxable","15":"shipping-taxable","16":"purchasable","17":"product-type-simple"},"yoast_head":"<!-- This site is optimized with the Yoast SEO plugin v27.5 - https:\/\/yoast.com\/product\/yoast-seo-wordpress\/ -->\n<title>Ouvre-lettres Game of Thrones - Boutique en ligne | RMC<\/title>\n<meta name=\"description\" content=\"Offrez-lui ! Ce coffret 5 \u00e9p\u00e9es Ouvre-lettres Game of Thrones au meilleur prix - Tout en acier inox - Coffret collector - Longueur de chaque \u00e9p\u00e9e : 22 cm\" \/>\n<meta name=\"robots\" content=\"index, follow, max-snippet:-1, max-image-preview:large, max-video-preview:-1\" \/>\n<link rel=\"canonical\" href=\"https:\/\/repliquemangacine.fr\/en\/game-of-thrones-swords\/game-of-thrones-5-letter-opener-sword-set\/\" \/>\n<meta property=\"og:locale\" content=\"en_US\" \/>\n<meta property=\"og:type\" content=\"article\" \/>\n<meta property=\"og:title\" content=\"Ouvre-lettres Game of Thrones - Boutique en ligne | RMC\" \/>\n<meta property=\"og:description\" content=\"Offrez-lui ! Ce coffret 5 \u00e9p\u00e9es Ouvre-lettres Game of Thrones au meilleur prix - Tout en acier inox - Coffret collector - Longueur de chaque \u00e9p\u00e9e : 22 cm\" \/>\n<meta property=\"og:url\" content=\"https:\/\/repliquemangacine.fr\/en\/game-of-thrones-swords\/game-of-thrones-5-letter-opener-sword-set\/\" \/>\n<meta property=\"og:site_name\" content=\"R\u00e9plique Manga Cin\u00e9\" \/>\n<meta property=\"article:publisher\" content=\"https:\/\/www.facebook.com\/RepliqueMangaCine\" \/>\n<meta property=\"article:modified_time\" content=\"2026-04-09T17:20:26+00:00\" \/>\n<meta property=\"og:image\" content=\"https:\/\/repliquemangacine.fr\/wp-content\/uploads\/2023\/10\/2352-Coffret-collector-de-5-coupe-papiers-Game-of-Thrones.jpg\" \/>\n\t<meta property=\"og:image:width\" content=\"600\" \/>\n\t<meta property=\"og:image:height\" content=\"600\" \/>\n\t<meta property=\"og:image:type\" content=\"image\/jpeg\" \/>\n<meta name=\"twitter:card\" content=\"summary_large_image\" \/>\n<meta name=\"twitter:label1\" content=\"Est. reading time\" \/>\n\t<meta name=\"twitter:data1\" content=\"1 minute\" \/>\n<script type=\"application\/ld+json\" class=\"yoast-schema-graph\">{\"@context\":\"https:\\\/\\\/schema.org\",\"@graph\":[{\"@type\":\"WebPage\",\"@id\":\"https:\\\/\\\/repliquemangacine.fr\\\/epees-game-of-thrones\\\/coffret-5-epees-ouvre-lettres-game-of-thrones\\\/\",\"url\":\"https:\\\/\\\/repliquemangacine.fr\\\/epees-game-of-thrones\\\/coffret-5-epees-ouvre-lettres-game-of-thrones\\\/\",\"name\":\"Ouvre-lettres Game of Thrones - Boutique en ligne | RMC\",\"isPartOf\":{\"@id\":\"https:\\\/\\\/repliquemangacine.fr\\\/#website\"},\"primaryImageOfPage\":{\"@id\":\"https:\\\/\\\/repliquemangacine.fr\\\/epees-game-of-thrones\\\/coffret-5-epees-ouvre-lettres-game-of-thrones\\\/#primaryimage\"},\"image\":{\"@id\":\"https:\\\/\\\/repliquemangacine.fr\\\/epees-game-of-thrones\\\/coffret-5-epees-ouvre-lettres-game-of-thrones\\\/#primaryimage\"},\"thumbnailUrl\":\"https:\\\/\\\/repliquemangacine.fr\\\/wp-content\\\/uploads\\\/2023\\\/10\\\/2352-Coffret-collector-de-5-coupe-papiers-Game-of-Thrones.jpg\",\"datePublished\":\"2017-10-24T19:37:46+00:00\",\"dateModified\":\"2026-04-09T17:20:26+00:00\",\"description\":\"Offrez-lui ! Ce coffret 5 \u00e9p\u00e9es Ouvre-lettres Game of Thrones au meilleur prix - Tout en acier inox - Coffret collector - Longueur de chaque \u00e9p\u00e9e : 22 cm\",\"breadcrumb\":{\"@id\":\"https:\\\/\\\/repliquemangacine.fr\\\/epees-game-of-thrones\\\/coffret-5-epees-ouvre-lettres-game-of-thrones\\\/#breadcrumb\"},\"inLanguage\":\"en-US\",\"potentialAction\":[{\"@type\":\"ReadAction\",\"target\":[\"https:\\\/\\\/repliquemangacine.fr\\\/epees-game-of-thrones\\\/coffret-5-epees-ouvre-lettres-game-of-thrones\\\/\"]}]},{\"@type\":\"ImageObject\",\"inLanguage\":\"en-US\",\"@id\":\"https:\\\/\\\/repliquemangacine.fr\\\/epees-game-of-thrones\\\/coffret-5-epees-ouvre-lettres-game-of-thrones\\\/#primaryimage\",\"url\":\"https:\\\/\\\/repliquemangacine.fr\\\/wp-content\\\/uploads\\\/2023\\\/10\\\/2352-Coffret-collector-de-5-coupe-papiers-Game-of-Thrones.jpg\",\"contentUrl\":\"https:\\\/\\\/repliquemangacine.fr\\\/wp-content\\\/uploads\\\/2023\\\/10\\\/2352-Coffret-collector-de-5-coupe-papiers-Game-of-Thrones.jpg\",\"width\":600,\"height\":600,\"caption\":\"Coffret collector de 5 coupe papiers Game of Thrones\"},{\"@type\":\"BreadcrumbList\",\"@id\":\"https:\\\/\\\/repliquemangacine.fr\\\/epees-game-of-thrones\\\/coffret-5-epees-ouvre-lettres-game-of-thrones\\\/#breadcrumb\",\"itemListElement\":[{\"@type\":\"ListItem\",\"position\":1,\"name\":\"Accueil\",\"item\":\"https:\\\/\\\/repliquemangacine.fr\\\/\"},{\"@type\":\"ListItem\",\"position\":2,\"name\":\"Produits\",\"item\":\"https:\\\/\\\/repliquemangacine.fr\\\/boutique\\\/\"},{\"@type\":\"ListItem\",\"position\":3,\"name\":\"Coffret collector de 5 coupe papiers Game of Thrones\"}]},{\"@type\":\"WebSite\",\"@id\":\"https:\\\/\\\/repliquemangacine.fr\\\/#website\",\"url\":\"https:\\\/\\\/repliquemangacine.fr\\\/\",\"name\":\"R\u00e9plique Manga Cin\u00e9\",\"description\":\"\",\"publisher\":{\"@id\":\"https:\\\/\\\/repliquemangacine.fr\\\/#organization\"},\"potentialAction\":[{\"@type\":\"SearchAction\",\"target\":{\"@type\":\"EntryPoint\",\"urlTemplate\":\"https:\\\/\\\/repliquemangacine.fr\\\/?s={search_term_string}\"},\"query-input\":{\"@type\":\"PropertyValueSpecification\",\"valueRequired\":true,\"valueName\":\"search_term_string\"}}],\"inLanguage\":\"en-US\"},{\"@type\":\"Organization\",\"@id\":\"https:\\\/\\\/repliquemangacine.fr\\\/#organization\",\"name\":\"R\u00e9plique Manga Cin\u00e9\",\"url\":\"https:\\\/\\\/repliquemangacine.fr\\\/\",\"logo\":{\"@type\":\"ImageObject\",\"inLanguage\":\"en-US\",\"@id\":\"https:\\\/\\\/repliquemangacine.fr\\\/#\\\/schema\\\/logo\\\/image\\\/\",\"url\":\"https:\\\/\\\/repliquemangacine.fr\\\/wp-content\\\/uploads\\\/2023\\\/10\\\/RMC-500250.png\",\"contentUrl\":\"https:\\\/\\\/repliquemangacine.fr\\\/wp-content\\\/uploads\\\/2023\\\/10\\\/RMC-500250.png\",\"width\":500,\"height\":250,\"caption\":\"R\u00e9plique Manga Cin\u00e9\"},\"image\":{\"@id\":\"https:\\\/\\\/repliquemangacine.fr\\\/#\\\/schema\\\/logo\\\/image\\\/\"},\"sameAs\":[\"https:\\\/\\\/www.facebook.com\\\/RepliqueMangaCine\",\"https:\\\/\\\/www.instagram.com\\\/repliquemangacine.fr\\\/\"]}]}<\/script>\n<!-- \/ Yoast SEO plugin. -->","yoast_head_json":{"title":"Letter opener Game of Thrones - Online Shop | RMC","description":"Give it to her! This 5-sword Game of Thrones letter opener set at the best price - All stainless steel - Collector's box - Length of each sword: 22 cm","robots":{"index":"index","follow":"follow","max-snippet":"max-snippet:-1","max-image-preview":"max-image-preview:large","max-video-preview":"max-video-preview:-1"},"canonical":"https:\/\/repliquemangacine.fr\/en\/game-of-thrones-swords\/game-of-thrones-5-letter-opener-sword-set\/","og_locale":"en_US","og_type":"article","og_title":"Ouvre-lettres Game of Thrones - Boutique en ligne | RMC","og_description":"Offrez-lui ! Ce coffret 5 \u00e9p\u00e9es Ouvre-lettres Game of Thrones au meilleur prix - Tout en acier inox - Coffret collector - Longueur de chaque \u00e9p\u00e9e : 22 cm","og_url":"https:\/\/repliquemangacine.fr\/en\/game-of-thrones-swords\/game-of-thrones-5-letter-opener-sword-set\/","og_site_name":"R\u00e9plique Manga Cin\u00e9","article_publisher":"https:\/\/www.facebook.com\/RepliqueMangaCine","article_modified_time":"2026-04-09T17:20:26+00:00","og_image":[{"width":600,"height":600,"url":"https:\/\/repliquemangacine.fr\/wp-content\/uploads\/2023\/10\/2352-Coffret-collector-de-5-coupe-papiers-Game-of-Thrones.jpg","type":"image\/jpeg"}],"twitter_card":"summary_large_image","twitter_misc":{"Est. reading time":"1 minute"},"schema":{"@context":"https:\/\/schema.org","@graph":[{"@type":"WebPage","@id":"https:\/\/repliquemangacine.fr\/epees-game-of-thrones\/coffret-5-epees-ouvre-lettres-game-of-thrones\/","url":"https:\/\/repliquemangacine.fr\/epees-game-of-thrones\/coffret-5-epees-ouvre-lettres-game-of-thrones\/","name":"Letter opener Game of Thrones - Online Shop | RMC","isPartOf":{"@id":"https:\/\/repliquemangacine.fr\/#website"},"primaryImageOfPage":{"@id":"https:\/\/repliquemangacine.fr\/epees-game-of-thrones\/coffret-5-epees-ouvre-lettres-game-of-thrones\/#primaryimage"},"image":{"@id":"https:\/\/repliquemangacine.fr\/epees-game-of-thrones\/coffret-5-epees-ouvre-lettres-game-of-thrones\/#primaryimage"},"thumbnailUrl":"https:\/\/repliquemangacine.fr\/wp-content\/uploads\/2023\/10\/2352-Coffret-collector-de-5-coupe-papiers-Game-of-Thrones.jpg","datePublished":"2017-10-24T19:37:46+00:00","dateModified":"2026-04-09T17:20:26+00:00","description":"Give it to her! This 5-sword Game of Thrones letter opener set at the best price - All stainless steel - Collector's box - Length of each sword: 22 cm","breadcrumb":{"@id":"https:\/\/repliquemangacine.fr\/epees-game-of-thrones\/coffret-5-epees-ouvre-lettres-game-of-thrones\/#breadcrumb"},"inLanguage":"en-US","potentialAction":[{"@type":"ReadAction","target":["https:\/\/repliquemangacine.fr\/epees-game-of-thrones\/coffret-5-epees-ouvre-lettres-game-of-thrones\/"]}]},{"@type":"ImageObject","inLanguage":"en-US","@id":"https:\/\/repliquemangacine.fr\/epees-game-of-thrones\/coffret-5-epees-ouvre-lettres-game-of-thrones\/#primaryimage","url":"https:\/\/repliquemangacine.fr\/wp-content\/uploads\/2023\/10\/2352-Coffret-collector-de-5-coupe-papiers-Game-of-Thrones.jpg","contentUrl":"https:\/\/repliquemangacine.fr\/wp-content\/uploads\/2023\/10\/2352-Coffret-collector-de-5-coupe-papiers-Game-of-Thrones.jpg","width":600,"height":600,"caption":"Coffret collector de 5 coupe papiers Game of Thrones"},{"@type":"BreadcrumbList","@id":"https:\/\/repliquemangacine.fr\/epees-game-of-thrones\/coffret-5-epees-ouvre-lettres-game-of-thrones\/#breadcrumb","itemListElement":[{"@type":"ListItem","position":1,"name":"Accueil","item":"https:\/\/repliquemangacine.fr\/"},{"@type":"ListItem","position":2,"name":"Produits","item":"https:\/\/repliquemangacine.fr\/boutique\/"},{"@type":"ListItem","position":3,"name":"Coffret collector de 5 coupe papiers Game of Thrones"}]},{"@type":"WebSite","@id":"https:\/\/repliquemangacine.fr\/#website","url":"https:\/\/repliquemangacine.fr\/","name":"R\u00e9plique Manga Cin\u00e9","description":"","publisher":{"@id":"https:\/\/repliquemangacine.fr\/#organization"},"potentialAction":[{"@type":"SearchAction","target":{"@type":"EntryPoint","urlTemplate":"https:\/\/repliquemangacine.fr\/?s={search_term_string}"},"query-input":{"@type":"PropertyValueSpecification","valueRequired":true,"valueName":"search_term_string"}}],"inLanguage":"en-US"},{"@type":"Organization","@id":"https:\/\/repliquemangacine.fr\/#organization","name":"R\u00e9plique Manga Cin\u00e9","url":"https:\/\/repliquemangacine.fr\/","logo":{"@type":"ImageObject","inLanguage":"en-US","@id":"https:\/\/repliquemangacine.fr\/#\/schema\/logo\/image\/","url":"https:\/\/repliquemangacine.fr\/wp-content\/uploads\/2023\/10\/RMC-500250.png","contentUrl":"https:\/\/repliquemangacine.fr\/wp-content\/uploads\/2023\/10\/RMC-500250.png","width":500,"height":250,"caption":"R\u00e9plique Manga Cin\u00e9"},"image":{"@id":"https:\/\/repliquemangacine.fr\/#\/schema\/logo\/image\/"},"sameAs":["https:\/\/www.facebook.com\/RepliqueMangaCine","https:\/\/www.instagram.com\/repliquemangacine.fr\/"]}]}},"_links":{"self":[{"href":"https:\/\/repliquemangacine.fr\/en\/wp-json\/wp\/v2\/product\/27575","targetHints":{"allow":["GET"]}}],"collection":[{"href":"https:\/\/repliquemangacine.fr\/en\/wp-json\/wp\/v2\/product"}],"about":[{"href":"https:\/\/repliquemangacine.fr\/en\/wp-json\/wp\/v2\/types\/product"}],"wp:featuredmedia":[{"embeddable":true,"href":"https:\/\/repliquemangacine.fr\/en\/wp-json\/wp\/v2\/media\/27576"}],"wp:attachment":[{"href":"https:\/\/repliquemangacine.fr\/en\/wp-json\/wp\/v2\/media?parent=27575"}],"wp:term":[{"taxonomy":"product_brand","embeddable":true,"href":"https:\/\/repliquemangacine.fr\/en\/wp-json\/wp\/v2\/product_brand?post=27575"},{"taxonomy":"product_cat","embeddable":true,"href":"https:\/\/repliquemangacine.fr\/en\/wp-json\/wp\/v2\/product_cat?post=27575"},{"taxonomy":"product_tag","embeddable":true,"href":"https:\/\/repliquemangacine.fr\/en\/wp-json\/wp\/v2\/product_tag?post=27575"}],"curies":[{"name":"wp","href":"https:\/\/api.w.org\/{rel}","templated":true}]}}