





{"id":27537,"date":"2017-09-26T17:18:44","date_gmt":"2017-09-26T15:18:44","guid":{"rendered":"https:\/\/repliquemangacine.fr\/?post_type=product&#038;p=27537"},"modified":"2025-11-14T20:00:02","modified_gmt":"2025-11-14T19:00:02","slug":"rad-1937-german-officers-dagger","status":"publish","type":"product","link":"https:\/\/repliquemangacine.fr\/en\/dagues-et-accessoires-seconde-guerre-mondiale-materiels-militaria\/dague-d-officier-allemand-du-rad-1937\/","title":{"rendered":"German RAD Officer's Dagger 1937"},"content":{"rendered":"<h2>German RAD dagger<\/h2>\n<p>To start with, this German RAD (Reich Labor Service) Dagger, model 1937, intended for all supervisory personnel with officer rank from Feldmeister upwards.<\/p>\n<p>When the Nazis came to power in 1933, Solingen's industrialists reasoned that if they could persuade the party that carrying swords and daggers would raise the status of its members, they'd create a huge market for themselves.<\/p>\n<p>As a result, in April 1933, a delegation of industrialists from Solingen went to Berlin to try to win over the new leader Adolph Hitler to their ideas. As a result, he received a letter opener as a gift from them, which he accepted, and gave his approval to the project.<\/p>\n<h2>Your German RAD Dagger at the best price.<\/h2>\n<p>We offer a wide range of reproductions of historical weapons<\/p>\n<p>First and foremost,<\/p>\n<ul>\n<li>The reproduction of the German reference rifle, the <a href=\"https:\/\/repliquemangacine.fr\/en\/darmes-reproductions\/mauser-k98-rifle\/\">Mauser K 98<\/a>.<\/li>\n<li>As well as the <a href=\"https:\/\/repliquemangacine.fr\/en\/world-war\/german-grenade-model-24\/\">German grenade<\/a> called \"Potato masher\" manufactured by <a href=\"https:\/\/www.denix.fr\/fr\/catalogue\/guerres-mondiales-1914-1945\/grenades-a-main\/737\/\" target=\"_blank\" rel=\"noopener noreferrer\">Denix<\/a>.<\/li>\n<li>And much, much more!<\/li>\n<\/ul>\n<p>That's why here are some great gift ideas for history buffs.<\/p>\n<p>In conclusion, you can use this <strong>German RAD dagger<\/strong> for your historical re-enactments. But above all, this dagger is a collector's item and a decorative piece.<\/p>\n<p><strong>It should be stressed that these products must not promote any ideology, party or trend. <\/strong><strong>We vigorously, and profoundly, condemn any apology for the 3\u1d49 Reich and its racial and hateful ideology.<\/strong><\/p>\n<h2>How to maintain the blade of your historic dagger?<\/h2>\n<p>Collector's and decorative daggers are made and assembled in a simplified way. As their use is decorative, they lack the safety features required of a Japanese saber intended for training.<\/p>\n<p>However, your <strong>German RAD dagger<\/strong> to a steel blade that needs to be cared for to prevent damage over time. In fact, when you expose your dagger, your friends will be curious to see the blade and touch it. This is where you need to be careful, as the acidity of your fingers is very harmful to steel, whatever its quality.<\/p>\n<p>However, if this does happen, don't panic - all you need is a cloth dampened with a little oil and a wipe of fingerprints. By doing so, you'll be able to keep your dagger for a very long time.<\/p>","protected":false},"excerpt":{"rendered":"<p>German officer's dagger, RAD 1937.<\/p>\n<ul>\n<li>Steel blade with silk-screen printing<\/li>\n<li>Metal guard with RAD insignia.<\/li>\n<li>Metal and ABS handle.<\/li>\n<li>Steel knob in the shape of an eagle's head.<\/li>\n<li>ABS sheath.<\/li>\n<li>Blade length: 25 cm - Total length: 40 cm<\/li>\n<\/ul>","protected":false},"featured_media":27538,"template":"","meta":[],"product_brand":[896],"product_cat":[25,54,85],"product_tag":[],"class_list":{"0":"post-27537","1":"product","2":"type-product","3":"status-publish","4":"has-post-thumbnail","6":"product_brand-replique-manga-cine","7":"product_cat-armes-historiques","8":"product_cat-armes-accessoires-guerre-mondiale","9":"product_cat-dagues-et-accessoires-seconde-guerre-mondiale-materiels-militaria","11":"first","12":"outofstock","13":"taxable","14":"shipping-taxable","15":"purchasable","16":"product-type-simple"},"yoast_head":"<!-- This site is optimized with the Yoast SEO plugin v27.4 - https:\/\/yoast.com\/product\/yoast-seo-wordpress\/ -->\n<title>Dague Allemande du RAD - Vente en ligne Dague historique | RMC<\/title>\n<meta name=\"description\" content=\"Offrez-vous cette Dague Allemande du RAD 1937 au meilleur prix - Lame acier s\u00e9rigraphi\u00e9e - Pommeau t\u00eate d&#039;aigle - Fourreau ABS - Longueur totale : 40 cm\" \/>\n<meta name=\"robots\" content=\"index, follow, max-snippet:-1, max-image-preview:large, max-video-preview:-1\" \/>\n<link rel=\"canonical\" href=\"https:\/\/repliquemangacine.fr\/en\/daggers-and-accessories-world-war-ii-militaria-materiel\/rad-1937-german-officers-dagger\/\" \/>\n<meta property=\"og:locale\" content=\"en_US\" \/>\n<meta property=\"og:type\" content=\"article\" \/>\n<meta property=\"og:title\" content=\"Dague Allemande du RAD - Vente en ligne Dague historique | RMC\" \/>\n<meta property=\"og:description\" content=\"Offrez-vous cette Dague Allemande du RAD 1937 au meilleur prix - Lame acier s\u00e9rigraphi\u00e9e - Pommeau t\u00eate d&#039;aigle - Fourreau ABS - Longueur totale : 40 cm\" \/>\n<meta property=\"og:url\" content=\"https:\/\/repliquemangacine.fr\/en\/daggers-and-accessories-world-war-ii-militaria-materiel\/rad-1937-german-officers-dagger\/\" \/>\n<meta property=\"og:site_name\" content=\"R\u00e9plique Manga Cin\u00e9\" \/>\n<meta property=\"article:publisher\" content=\"https:\/\/www.facebook.com\/RepliqueMangaCine\" \/>\n<meta property=\"article:modified_time\" content=\"2025-11-14T19:00:02+00:00\" \/>\n<meta property=\"og:image\" content=\"https:\/\/repliquemangacine.fr\/wp-content\/uploads\/2023\/10\/2322-Dague-dOfficier-Allemand-du-RAD-1937.jpg\" \/>\n\t<meta property=\"og:image:width\" content=\"600\" \/>\n\t<meta property=\"og:image:height\" content=\"600\" \/>\n\t<meta property=\"og:image:type\" content=\"image\/jpeg\" \/>\n<meta name=\"twitter:card\" content=\"summary_large_image\" \/>\n<meta name=\"twitter:label1\" content=\"Est. reading time\" \/>\n\t<meta name=\"twitter:data1\" content=\"1 minute\" \/>\n<script type=\"application\/ld+json\" class=\"yoast-schema-graph\">{\"@context\":\"https:\\\/\\\/schema.org\",\"@graph\":[{\"@type\":\"WebPage\",\"@id\":\"https:\\\/\\\/repliquemangacine.fr\\\/de\\\/dolche-und-zubehor-zweiter-weltkrieg-militarisches-material\\\/deutscher-offiziersdolch-aus-dem-rad-1937\\\/\",\"url\":\"https:\\\/\\\/repliquemangacine.fr\\\/de\\\/dolche-und-zubehor-zweiter-weltkrieg-militarisches-material\\\/deutscher-offiziersdolch-aus-dem-rad-1937\\\/\",\"name\":\"Dague Allemande du RAD - Vente en ligne Dague historique | RMC\",\"isPartOf\":{\"@id\":\"https:\\\/\\\/repliquemangacine.fr\\\/#website\"},\"primaryImageOfPage\":{\"@id\":\"https:\\\/\\\/repliquemangacine.fr\\\/de\\\/dolche-und-zubehor-zweiter-weltkrieg-militarisches-material\\\/deutscher-offiziersdolch-aus-dem-rad-1937\\\/#primaryimage\"},\"image\":{\"@id\":\"https:\\\/\\\/repliquemangacine.fr\\\/de\\\/dolche-und-zubehor-zweiter-weltkrieg-militarisches-material\\\/deutscher-offiziersdolch-aus-dem-rad-1937\\\/#primaryimage\"},\"thumbnailUrl\":\"https:\\\/\\\/repliquemangacine.fr\\\/wp-content\\\/uploads\\\/2023\\\/10\\\/2322-Dague-dOfficier-Allemand-du-RAD-1937.jpg\",\"datePublished\":\"2017-09-26T15:18:44+00:00\",\"dateModified\":\"2025-11-14T19:00:02+00:00\",\"description\":\"Offrez-vous cette Dague Allemande du RAD 1937 au meilleur prix - Lame acier s\u00e9rigraphi\u00e9e - Pommeau t\u00eate d'aigle - Fourreau ABS - Longueur totale : 40 cm\",\"breadcrumb\":{\"@id\":\"https:\\\/\\\/repliquemangacine.fr\\\/de\\\/dolche-und-zubehor-zweiter-weltkrieg-militarisches-material\\\/deutscher-offiziersdolch-aus-dem-rad-1937\\\/#breadcrumb\"},\"inLanguage\":\"en-US\",\"potentialAction\":[{\"@type\":\"ReadAction\",\"target\":[\"https:\\\/\\\/repliquemangacine.fr\\\/de\\\/dolche-und-zubehor-zweiter-weltkrieg-militarisches-material\\\/deutscher-offiziersdolch-aus-dem-rad-1937\\\/\"]}]},{\"@type\":\"ImageObject\",\"inLanguage\":\"en-US\",\"@id\":\"https:\\\/\\\/repliquemangacine.fr\\\/de\\\/dolche-und-zubehor-zweiter-weltkrieg-militarisches-material\\\/deutscher-offiziersdolch-aus-dem-rad-1937\\\/#primaryimage\",\"url\":\"https:\\\/\\\/repliquemangacine.fr\\\/wp-content\\\/uploads\\\/2023\\\/10\\\/2322-Dague-dOfficier-Allemand-du-RAD-1937.jpg\",\"contentUrl\":\"https:\\\/\\\/repliquemangacine.fr\\\/wp-content\\\/uploads\\\/2023\\\/10\\\/2322-Dague-dOfficier-Allemand-du-RAD-1937.jpg\",\"width\":600,\"height\":600,\"caption\":\"Dague Allemande du RAD 1937\"},{\"@type\":\"BreadcrumbList\",\"@id\":\"https:\\\/\\\/repliquemangacine.fr\\\/de\\\/dolche-und-zubehor-zweiter-weltkrieg-militarisches-material\\\/deutscher-offiziersdolch-aus-dem-rad-1937\\\/#breadcrumb\",\"itemListElement\":[{\"@type\":\"ListItem\",\"position\":1,\"name\":\"Accueil\",\"item\":\"https:\\\/\\\/repliquemangacine.fr\\\/\"},{\"@type\":\"ListItem\",\"position\":2,\"name\":\"Produits\",\"item\":\"https:\\\/\\\/repliquemangacine.fr\\\/boutique\\\/\"},{\"@type\":\"ListItem\",\"position\":3,\"name\":\"Dague d&#8217;Officier Allemand du RAD 1937\"}]},{\"@type\":\"WebSite\",\"@id\":\"https:\\\/\\\/repliquemangacine.fr\\\/#website\",\"url\":\"https:\\\/\\\/repliquemangacine.fr\\\/\",\"name\":\"R\u00e9plique Manga Cin\u00e9\",\"description\":\"\",\"publisher\":{\"@id\":\"https:\\\/\\\/repliquemangacine.fr\\\/#organization\"},\"potentialAction\":[{\"@type\":\"SearchAction\",\"target\":{\"@type\":\"EntryPoint\",\"urlTemplate\":\"https:\\\/\\\/repliquemangacine.fr\\\/?s={search_term_string}\"},\"query-input\":{\"@type\":\"PropertyValueSpecification\",\"valueRequired\":true,\"valueName\":\"search_term_string\"}}],\"inLanguage\":\"en-US\"},{\"@type\":\"Organization\",\"@id\":\"https:\\\/\\\/repliquemangacine.fr\\\/#organization\",\"name\":\"R\u00e9plique Manga Cin\u00e9\",\"url\":\"https:\\\/\\\/repliquemangacine.fr\\\/\",\"logo\":{\"@type\":\"ImageObject\",\"inLanguage\":\"en-US\",\"@id\":\"https:\\\/\\\/repliquemangacine.fr\\\/#\\\/schema\\\/logo\\\/image\\\/\",\"url\":\"https:\\\/\\\/repliquemangacine.fr\\\/wp-content\\\/uploads\\\/2023\\\/10\\\/RMC-500250.png\",\"contentUrl\":\"https:\\\/\\\/repliquemangacine.fr\\\/wp-content\\\/uploads\\\/2023\\\/10\\\/RMC-500250.png\",\"width\":500,\"height\":250,\"caption\":\"R\u00e9plique Manga Cin\u00e9\"},\"image\":{\"@id\":\"https:\\\/\\\/repliquemangacine.fr\\\/#\\\/schema\\\/logo\\\/image\\\/\"},\"sameAs\":[\"https:\\\/\\\/www.facebook.com\\\/RepliqueMangaCine\",\"https:\\\/\\\/www.instagram.com\\\/repliquemangacine.fr\\\/\"]}]}<\/script>\n<!-- \/ Yoast SEO plugin. -->","yoast_head_json":{"title":"German RAD dagger - Historical dagger online sale | RMC","description":"Treat yourself to this RAD 1937 German Dagger at the best price - Screen-printed steel blade - Eagle head pommel - ABS sheath - Total length: 40 cm","robots":{"index":"index","follow":"follow","max-snippet":"max-snippet:-1","max-image-preview":"max-image-preview:large","max-video-preview":"max-video-preview:-1"},"canonical":"https:\/\/repliquemangacine.fr\/en\/daggers-and-accessories-world-war-ii-militaria-materiel\/rad-1937-german-officers-dagger\/","og_locale":"en_US","og_type":"article","og_title":"Dague Allemande du RAD - Vente en ligne Dague historique | RMC","og_description":"Offrez-vous cette Dague Allemande du RAD 1937 au meilleur prix - Lame acier s\u00e9rigraphi\u00e9e - Pommeau t\u00eate d'aigle - Fourreau ABS - Longueur totale : 40 cm","og_url":"https:\/\/repliquemangacine.fr\/en\/daggers-and-accessories-world-war-ii-militaria-materiel\/rad-1937-german-officers-dagger\/","og_site_name":"R\u00e9plique Manga Cin\u00e9","article_publisher":"https:\/\/www.facebook.com\/RepliqueMangaCine","article_modified_time":"2025-11-14T19:00:02+00:00","og_image":[{"width":600,"height":600,"url":"https:\/\/repliquemangacine.fr\/wp-content\/uploads\/2023\/10\/2322-Dague-dOfficier-Allemand-du-RAD-1937.jpg","type":"image\/jpeg"}],"twitter_card":"summary_large_image","twitter_misc":{"Est. reading time":"1 minute"},"schema":{"@context":"https:\/\/schema.org","@graph":[{"@type":"WebPage","@id":"https:\/\/repliquemangacine.fr\/de\/dolche-und-zubehor-zweiter-weltkrieg-militarisches-material\/deutscher-offiziersdolch-aus-dem-rad-1937\/","url":"https:\/\/repliquemangacine.fr\/de\/dolche-und-zubehor-zweiter-weltkrieg-militarisches-material\/deutscher-offiziersdolch-aus-dem-rad-1937\/","name":"German RAD dagger - Historical dagger online sale | RMC","isPartOf":{"@id":"https:\/\/repliquemangacine.fr\/#website"},"primaryImageOfPage":{"@id":"https:\/\/repliquemangacine.fr\/de\/dolche-und-zubehor-zweiter-weltkrieg-militarisches-material\/deutscher-offiziersdolch-aus-dem-rad-1937\/#primaryimage"},"image":{"@id":"https:\/\/repliquemangacine.fr\/de\/dolche-und-zubehor-zweiter-weltkrieg-militarisches-material\/deutscher-offiziersdolch-aus-dem-rad-1937\/#primaryimage"},"thumbnailUrl":"https:\/\/repliquemangacine.fr\/wp-content\/uploads\/2023\/10\/2322-Dague-dOfficier-Allemand-du-RAD-1937.jpg","datePublished":"2017-09-26T15:18:44+00:00","dateModified":"2025-11-14T19:00:02+00:00","description":"Treat yourself to this RAD 1937 German Dagger at the best price - Screen-printed steel blade - Eagle head pommel - ABS sheath - Total length: 40 cm","breadcrumb":{"@id":"https:\/\/repliquemangacine.fr\/de\/dolche-und-zubehor-zweiter-weltkrieg-militarisches-material\/deutscher-offiziersdolch-aus-dem-rad-1937\/#breadcrumb"},"inLanguage":"en-US","potentialAction":[{"@type":"ReadAction","target":["https:\/\/repliquemangacine.fr\/de\/dolche-und-zubehor-zweiter-weltkrieg-militarisches-material\/deutscher-offiziersdolch-aus-dem-rad-1937\/"]}]},{"@type":"ImageObject","inLanguage":"en-US","@id":"https:\/\/repliquemangacine.fr\/de\/dolche-und-zubehor-zweiter-weltkrieg-militarisches-material\/deutscher-offiziersdolch-aus-dem-rad-1937\/#primaryimage","url":"https:\/\/repliquemangacine.fr\/wp-content\/uploads\/2023\/10\/2322-Dague-dOfficier-Allemand-du-RAD-1937.jpg","contentUrl":"https:\/\/repliquemangacine.fr\/wp-content\/uploads\/2023\/10\/2322-Dague-dOfficier-Allemand-du-RAD-1937.jpg","width":600,"height":600,"caption":"Dague Allemande du RAD 1937"},{"@type":"BreadcrumbList","@id":"https:\/\/repliquemangacine.fr\/de\/dolche-und-zubehor-zweiter-weltkrieg-militarisches-material\/deutscher-offiziersdolch-aus-dem-rad-1937\/#breadcrumb","itemListElement":[{"@type":"ListItem","position":1,"name":"Accueil","item":"https:\/\/repliquemangacine.fr\/"},{"@type":"ListItem","position":2,"name":"Produits","item":"https:\/\/repliquemangacine.fr\/boutique\/"},{"@type":"ListItem","position":3,"name":"Dague d&#8217;Officier Allemand du RAD 1937"}]},{"@type":"WebSite","@id":"https:\/\/repliquemangacine.fr\/#website","url":"https:\/\/repliquemangacine.fr\/","name":"R\u00e9plique Manga Cin\u00e9","description":"","publisher":{"@id":"https:\/\/repliquemangacine.fr\/#organization"},"potentialAction":[{"@type":"SearchAction","target":{"@type":"EntryPoint","urlTemplate":"https:\/\/repliquemangacine.fr\/?s={search_term_string}"},"query-input":{"@type":"PropertyValueSpecification","valueRequired":true,"valueName":"search_term_string"}}],"inLanguage":"en-US"},{"@type":"Organization","@id":"https:\/\/repliquemangacine.fr\/#organization","name":"R\u00e9plique Manga Cin\u00e9","url":"https:\/\/repliquemangacine.fr\/","logo":{"@type":"ImageObject","inLanguage":"en-US","@id":"https:\/\/repliquemangacine.fr\/#\/schema\/logo\/image\/","url":"https:\/\/repliquemangacine.fr\/wp-content\/uploads\/2023\/10\/RMC-500250.png","contentUrl":"https:\/\/repliquemangacine.fr\/wp-content\/uploads\/2023\/10\/RMC-500250.png","width":500,"height":250,"caption":"R\u00e9plique Manga Cin\u00e9"},"image":{"@id":"https:\/\/repliquemangacine.fr\/#\/schema\/logo\/image\/"},"sameAs":["https:\/\/www.facebook.com\/RepliqueMangaCine","https:\/\/www.instagram.com\/repliquemangacine.fr\/"]}]}},"_links":{"self":[{"href":"https:\/\/repliquemangacine.fr\/en\/wp-json\/wp\/v2\/product\/27537","targetHints":{"allow":["GET"]}}],"collection":[{"href":"https:\/\/repliquemangacine.fr\/en\/wp-json\/wp\/v2\/product"}],"about":[{"href":"https:\/\/repliquemangacine.fr\/en\/wp-json\/wp\/v2\/types\/product"}],"wp:featuredmedia":[{"embeddable":true,"href":"https:\/\/repliquemangacine.fr\/en\/wp-json\/wp\/v2\/media\/27538"}],"wp:attachment":[{"href":"https:\/\/repliquemangacine.fr\/en\/wp-json\/wp\/v2\/media?parent=27537"}],"wp:term":[{"taxonomy":"product_brand","embeddable":true,"href":"https:\/\/repliquemangacine.fr\/en\/wp-json\/wp\/v2\/product_brand?post=27537"},{"taxonomy":"product_cat","embeddable":true,"href":"https:\/\/repliquemangacine.fr\/en\/wp-json\/wp\/v2\/product_cat?post=27537"},{"taxonomy":"product_tag","embeddable":true,"href":"https:\/\/repliquemangacine.fr\/en\/wp-json\/wp\/v2\/product_tag?post=27537"}],"curies":[{"name":"wp","href":"https:\/\/api.w.org\/{rel}","templated":true}]}}