





{"id":27518,"date":"2017-09-09T18:41:10","date_gmt":"2017-09-09T16:41:10","guid":{"rendered":"https:\/\/repliquemangacine.fr\/?post_type=product&#038;p=27518"},"modified":"2025-09-23T18:01:57","modified_gmt":"2025-09-23T16:01:57","slug":"conan-the-barbarian-sword-atlantean-sword","status":"publish","type":"product","link":"https:\/\/repliquemangacine.fr\/en\/katana-les-epees-de-films-et-series\/epee-conan-le-barbare-epee-atlantean\/","title":{"rendered":"Atlantean Conan the Barbarian sword"},"content":{"rendered":"<h2>Officially licensed Atlantean Conan the Barbarian sword.<\/h2>\n<p>To begin with, the<strong>Atlantean Conan sword<\/strong> the Barbarian, is officially licensed <a href=\"https:\/\/www.windlass.com\/\" target=\"_blank\" rel=\"noopener noreferrer\">Windlass Studios<\/a>.<\/p>\n<p>Conan the Barbarian, a fictional character whose first short story was written by Robert E. Howard in 1932. And it was with these stories that Howard contributed to the modern form of the literary genre of fantasy, being one of the founders of heroic fantasy.<\/p>\n<p>Conan's adventures take place in a mythical past, created by Howard, called the \u2019Hyborian Age\u00ab. He's a barbarian from Cimmeria.<\/p>\n<p>1982 saw the release of John Milius's Conan the Barbarian, starring Arnold Schwarzenegger. It's worth noting that this film doesn't adapt any of Howard's short stories; only a few scenes are taken from the original texts and incorporated into the screenplay.<\/p>\n<h2>Your Atlantean Conan sword at the best price.<\/h2>\n<p>We offer a wide selection of replica swords and collectors' items from your favorite movie heroes.<\/p>\n<p>First and foremost<\/p>\n<ul>\n<li>L'<a href=\"https:\/\/repliquemangacine.fr\/en\/other-films-and-series\/katana-daywalker-blade-sword\/\">Blade's sword, Katana Daywalker<\/a> with its straight blade and plate scabbard for carrying on your back.<\/li>\n<li>Then the sword<a href=\"https:\/\/repliquemangacine.fr\/en\/other-films\/le-roi-arthur-excalibur-epee-de-legende\/\"> Excalibur<\/a> in the film \"The Legend of Excalibur\".<\/li>\n<li>There is also the<a href=\"https:\/\/repliquemangacine.fr\/en\/films-tv-series-sale-of-katana-sword-and-related-products\/epee-du-pere-de-conan-le-barbare-conan-father-sword-epee-de-conan\/\">Conan's father's sword<\/a> under official license distributed by Marto.<\/li>\n<li>And many more to discover in our online store!<\/li>\n<\/ul>\n<p>That's why here are some great gift ideas for all film lovers.<\/p>\n<p>In conclusion, you can use<strong>Atlantean Conan sword<\/strong> for your cosplay parades. Above all, this sword is an officially licensed Windlass Studios collector's item.<\/p>\n<h2>How to care for your sword blade<\/h2>\n<p>Collector's and decorative swords are made and assembled in a simplified way. As their use is decorative, they lack the safety features required of a Japanese sword intended for training.<\/p>\n<p>However, your <strong>Atlantean Conan sword<\/strong> to a steel blade that needs to be cared for to avoid damage over time. In fact, when you display your katana, your friends will be curious to see and touch the blade. This is where you need to be careful, as the acidity of your fingers is very harmful to steel, whatever its quality.<\/p>\n<p>However, if this does happen, don't panic - all you need is a cloth dampened with a little oil and a wipe of fingerprints. By doing so, you'll keep your sword looking its best for a very long time.<\/p>","protected":false},"excerpt":{"rendered":"<p><strong>Identical replica of the Atlantean sword in Conan the Barbarian.<\/strong><\/p>\n<ul>\n<li>High-carbon steel sword 1085 tempered to 52 HRC.<\/li>\n<li>Antique steel hilt and pommel in the original casting.<\/li>\n<li>Metal handle surrounded by cotton thread.<\/li>\n<li>Pre-sharpened blade with deep rune engraving.<\/li>\n<li>Official License with Certificate of Authenticity - Windlass Studios<\/li>\n<li>Blade length: 73 cm - Total length: 103 cm<\/li>\n<\/ul>","protected":false},"featured_media":27519,"template":"","meta":[],"product_brand":[896],"product_cat":[91,66,24],"product_tag":[],"class_list":{"0":"post-27518","1":"product","2":"type-product","3":"status-publish","4":"has-post-thumbnail","6":"product_brand-replique-manga-cine","7":"product_cat-katana-les-epees-de-films-et-series","8":"product_cat-repliques-d-armes-films-et-series","9":"product_cat-films-series-tv-vente-de-katana-epee-et-produits-derives","11":"first","12":"outofstock","13":"taxable","14":"shipping-taxable","15":"purchasable","16":"product-type-simple"},"yoast_head":"<!-- This site is optimized with the Yoast SEO plugin v27.4 - https:\/\/yoast.com\/product\/yoast-seo-wordpress\/ -->\n<title>Ep\u00e9e Atlantean Conan le Barbare - R\u00e9plique Manga Cin\u00e9<\/title>\n<meta name=\"description\" content=\"R\u00e9plique exacte de l&#039;Ep\u00e9e Atlantean Conan utilis\u00e9e \u00e0 l&#039;\u00e9cran par Schwarzenegger. Licence officielle - Windlass et Museum replicas Limited - Envoi Gratuit\" \/>\n<meta name=\"robots\" content=\"index, follow, max-snippet:-1, max-image-preview:large, max-video-preview:-1\" \/>\n<link rel=\"canonical\" href=\"https:\/\/repliquemangacine.fr\/en\/katana-swords-from-films-and-series\/conan-the-barbarian-sword-atlantean-sword\/\" \/>\n<meta property=\"og:locale\" content=\"en_US\" \/>\n<meta property=\"og:type\" content=\"article\" \/>\n<meta property=\"og:title\" content=\"Ep\u00e9e Atlantean Conan le Barbare - R\u00e9plique Manga Cin\u00e9\" \/>\n<meta property=\"og:description\" content=\"R\u00e9plique exacte de l&#039;Ep\u00e9e Atlantean Conan utilis\u00e9e \u00e0 l&#039;\u00e9cran par Schwarzenegger. Licence officielle - Windlass et Museum replicas Limited - Envoi Gratuit\" \/>\n<meta property=\"og:url\" content=\"https:\/\/repliquemangacine.fr\/en\/katana-swords-from-films-and-series\/conan-the-barbarian-sword-atlantean-sword\/\" \/>\n<meta property=\"og:site_name\" content=\"R\u00e9plique Manga Cin\u00e9\" \/>\n<meta property=\"article:publisher\" content=\"https:\/\/www.facebook.com\/RepliqueMangaCine\" \/>\n<meta property=\"article:modified_time\" content=\"2025-09-23T16:01:57+00:00\" \/>\n<meta property=\"og:image\" content=\"https:\/\/repliquemangacine.fr\/wp-content\/uploads\/2023\/10\/2302-Epee-Conan-le-Barbare-Epee-Atlantean.jpg\" \/>\n\t<meta property=\"og:image:width\" content=\"600\" \/>\n\t<meta property=\"og:image:height\" content=\"600\" \/>\n\t<meta property=\"og:image:type\" content=\"image\/jpeg\" \/>\n<meta name=\"twitter:card\" content=\"summary_large_image\" \/>\n<meta name=\"twitter:label1\" content=\"Est. reading time\" \/>\n\t<meta name=\"twitter:data1\" content=\"2 minutes\" \/>\n<script type=\"application\/ld+json\" class=\"yoast-schema-graph\">{\"@context\":\"https:\\\/\\\/schema.org\",\"@graph\":[{\"@type\":\"WebPage\",\"@id\":\"https:\\\/\\\/repliquemangacine.fr\\\/katana-les-epees-de-films-et-series\\\/epee-conan-le-barbare-epee-atlantean\\\/\",\"url\":\"https:\\\/\\\/repliquemangacine.fr\\\/katana-les-epees-de-films-et-series\\\/epee-conan-le-barbare-epee-atlantean\\\/\",\"name\":\"Ep\u00e9e Atlantean Conan le Barbare - R\u00e9plique Manga Cin\u00e9\",\"isPartOf\":{\"@id\":\"https:\\\/\\\/repliquemangacine.fr\\\/#website\"},\"primaryImageOfPage\":{\"@id\":\"https:\\\/\\\/repliquemangacine.fr\\\/katana-les-epees-de-films-et-series\\\/epee-conan-le-barbare-epee-atlantean\\\/#primaryimage\"},\"image\":{\"@id\":\"https:\\\/\\\/repliquemangacine.fr\\\/katana-les-epees-de-films-et-series\\\/epee-conan-le-barbare-epee-atlantean\\\/#primaryimage\"},\"thumbnailUrl\":\"https:\\\/\\\/repliquemangacine.fr\\\/wp-content\\\/uploads\\\/2023\\\/10\\\/2302-Epee-Conan-le-Barbare-Epee-Atlantean.jpg\",\"datePublished\":\"2017-09-09T16:41:10+00:00\",\"dateModified\":\"2025-09-23T16:01:57+00:00\",\"description\":\"R\u00e9plique exacte de l'Ep\u00e9e Atlantean Conan utilis\u00e9e \u00e0 l'\u00e9cran par Schwarzenegger. Licence officielle - Windlass et Museum replicas Limited - Envoi Gratuit\",\"breadcrumb\":{\"@id\":\"https:\\\/\\\/repliquemangacine.fr\\\/katana-les-epees-de-films-et-series\\\/epee-conan-le-barbare-epee-atlantean\\\/#breadcrumb\"},\"inLanguage\":\"en-US\",\"potentialAction\":[{\"@type\":\"ReadAction\",\"target\":[\"https:\\\/\\\/repliquemangacine.fr\\\/katana-les-epees-de-films-et-series\\\/epee-conan-le-barbare-epee-atlantean\\\/\"]}]},{\"@type\":\"ImageObject\",\"inLanguage\":\"en-US\",\"@id\":\"https:\\\/\\\/repliquemangacine.fr\\\/katana-les-epees-de-films-et-series\\\/epee-conan-le-barbare-epee-atlantean\\\/#primaryimage\",\"url\":\"https:\\\/\\\/repliquemangacine.fr\\\/wp-content\\\/uploads\\\/2023\\\/10\\\/2302-Epee-Conan-le-Barbare-Epee-Atlantean.jpg\",\"contentUrl\":\"https:\\\/\\\/repliquemangacine.fr\\\/wp-content\\\/uploads\\\/2023\\\/10\\\/2302-Epee-Conan-le-Barbare-Epee-Atlantean.jpg\",\"width\":600,\"height\":600,\"caption\":\"Ep\u00e9e Conan le Barbare - Ep\u00e9e Atlantean\"},{\"@type\":\"BreadcrumbList\",\"@id\":\"https:\\\/\\\/repliquemangacine.fr\\\/katana-les-epees-de-films-et-series\\\/epee-conan-le-barbare-epee-atlantean\\\/#breadcrumb\",\"itemListElement\":[{\"@type\":\"ListItem\",\"position\":1,\"name\":\"Accueil\",\"item\":\"https:\\\/\\\/repliquemangacine.fr\\\/\"},{\"@type\":\"ListItem\",\"position\":2,\"name\":\"Produits\",\"item\":\"https:\\\/\\\/repliquemangacine.fr\\\/boutique\\\/\"},{\"@type\":\"ListItem\",\"position\":3,\"name\":\"Ep\u00e9e Atlantean Conan le Barbare\"}]},{\"@type\":\"WebSite\",\"@id\":\"https:\\\/\\\/repliquemangacine.fr\\\/#website\",\"url\":\"https:\\\/\\\/repliquemangacine.fr\\\/\",\"name\":\"R\u00e9plique Manga Cin\u00e9\",\"description\":\"\",\"publisher\":{\"@id\":\"https:\\\/\\\/repliquemangacine.fr\\\/#organization\"},\"potentialAction\":[{\"@type\":\"SearchAction\",\"target\":{\"@type\":\"EntryPoint\",\"urlTemplate\":\"https:\\\/\\\/repliquemangacine.fr\\\/?s={search_term_string}\"},\"query-input\":{\"@type\":\"PropertyValueSpecification\",\"valueRequired\":true,\"valueName\":\"search_term_string\"}}],\"inLanguage\":\"en-US\"},{\"@type\":\"Organization\",\"@id\":\"https:\\\/\\\/repliquemangacine.fr\\\/#organization\",\"name\":\"R\u00e9plique Manga Cin\u00e9\",\"url\":\"https:\\\/\\\/repliquemangacine.fr\\\/\",\"logo\":{\"@type\":\"ImageObject\",\"inLanguage\":\"en-US\",\"@id\":\"https:\\\/\\\/repliquemangacine.fr\\\/#\\\/schema\\\/logo\\\/image\\\/\",\"url\":\"https:\\\/\\\/repliquemangacine.fr\\\/wp-content\\\/uploads\\\/2023\\\/10\\\/RMC-500250.png\",\"contentUrl\":\"https:\\\/\\\/repliquemangacine.fr\\\/wp-content\\\/uploads\\\/2023\\\/10\\\/RMC-500250.png\",\"width\":500,\"height\":250,\"caption\":\"R\u00e9plique Manga Cin\u00e9\"},\"image\":{\"@id\":\"https:\\\/\\\/repliquemangacine.fr\\\/#\\\/schema\\\/logo\\\/image\\\/\"},\"sameAs\":[\"https:\\\/\\\/www.facebook.com\\\/RepliqueMangaCine\",\"https:\\\/\\\/www.instagram.com\\\/repliquemangacine.fr\\\/\"]}]}<\/script>\n<!-- \/ Yoast SEO plugin. -->","yoast_head_json":{"title":"Atlantean Conan the Barbarian sword - R\u00e9plique Manga Cin\u00e9","description":"Exact replica of the Atlantean Conan Sword used on screen by Schwarzenegger. Officially licensed - Windlass and Museum replicas Limited - Free shipping","robots":{"index":"index","follow":"follow","max-snippet":"max-snippet:-1","max-image-preview":"max-image-preview:large","max-video-preview":"max-video-preview:-1"},"canonical":"https:\/\/repliquemangacine.fr\/en\/katana-swords-from-films-and-series\/conan-the-barbarian-sword-atlantean-sword\/","og_locale":"en_US","og_type":"article","og_title":"Ep\u00e9e Atlantean Conan le Barbare - R\u00e9plique Manga Cin\u00e9","og_description":"R\u00e9plique exacte de l'Ep\u00e9e Atlantean Conan utilis\u00e9e \u00e0 l'\u00e9cran par Schwarzenegger. Licence officielle - Windlass et Museum replicas Limited - Envoi Gratuit","og_url":"https:\/\/repliquemangacine.fr\/en\/katana-swords-from-films-and-series\/conan-the-barbarian-sword-atlantean-sword\/","og_site_name":"R\u00e9plique Manga Cin\u00e9","article_publisher":"https:\/\/www.facebook.com\/RepliqueMangaCine","article_modified_time":"2025-09-23T16:01:57+00:00","og_image":[{"width":600,"height":600,"url":"https:\/\/repliquemangacine.fr\/wp-content\/uploads\/2023\/10\/2302-Epee-Conan-le-Barbare-Epee-Atlantean.jpg","type":"image\/jpeg"}],"twitter_card":"summary_large_image","twitter_misc":{"Est. reading time":"2 minutes"},"schema":{"@context":"https:\/\/schema.org","@graph":[{"@type":"WebPage","@id":"https:\/\/repliquemangacine.fr\/katana-les-epees-de-films-et-series\/epee-conan-le-barbare-epee-atlantean\/","url":"https:\/\/repliquemangacine.fr\/katana-les-epees-de-films-et-series\/epee-conan-le-barbare-epee-atlantean\/","name":"Atlantean Conan the Barbarian sword - R\u00e9plique Manga Cin\u00e9","isPartOf":{"@id":"https:\/\/repliquemangacine.fr\/#website"},"primaryImageOfPage":{"@id":"https:\/\/repliquemangacine.fr\/katana-les-epees-de-films-et-series\/epee-conan-le-barbare-epee-atlantean\/#primaryimage"},"image":{"@id":"https:\/\/repliquemangacine.fr\/katana-les-epees-de-films-et-series\/epee-conan-le-barbare-epee-atlantean\/#primaryimage"},"thumbnailUrl":"https:\/\/repliquemangacine.fr\/wp-content\/uploads\/2023\/10\/2302-Epee-Conan-le-Barbare-Epee-Atlantean.jpg","datePublished":"2017-09-09T16:41:10+00:00","dateModified":"2025-09-23T16:01:57+00:00","description":"Exact replica of the Atlantean Conan Sword used on screen by Schwarzenegger. Officially licensed - Windlass and Museum replicas Limited - Free shipping","breadcrumb":{"@id":"https:\/\/repliquemangacine.fr\/katana-les-epees-de-films-et-series\/epee-conan-le-barbare-epee-atlantean\/#breadcrumb"},"inLanguage":"en-US","potentialAction":[{"@type":"ReadAction","target":["https:\/\/repliquemangacine.fr\/katana-les-epees-de-films-et-series\/epee-conan-le-barbare-epee-atlantean\/"]}]},{"@type":"ImageObject","inLanguage":"en-US","@id":"https:\/\/repliquemangacine.fr\/katana-les-epees-de-films-et-series\/epee-conan-le-barbare-epee-atlantean\/#primaryimage","url":"https:\/\/repliquemangacine.fr\/wp-content\/uploads\/2023\/10\/2302-Epee-Conan-le-Barbare-Epee-Atlantean.jpg","contentUrl":"https:\/\/repliquemangacine.fr\/wp-content\/uploads\/2023\/10\/2302-Epee-Conan-le-Barbare-Epee-Atlantean.jpg","width":600,"height":600,"caption":"Ep\u00e9e Conan le Barbare - Ep\u00e9e Atlantean"},{"@type":"BreadcrumbList","@id":"https:\/\/repliquemangacine.fr\/katana-les-epees-de-films-et-series\/epee-conan-le-barbare-epee-atlantean\/#breadcrumb","itemListElement":[{"@type":"ListItem","position":1,"name":"Accueil","item":"https:\/\/repliquemangacine.fr\/"},{"@type":"ListItem","position":2,"name":"Produits","item":"https:\/\/repliquemangacine.fr\/boutique\/"},{"@type":"ListItem","position":3,"name":"Ep\u00e9e Atlantean Conan le Barbare"}]},{"@type":"WebSite","@id":"https:\/\/repliquemangacine.fr\/#website","url":"https:\/\/repliquemangacine.fr\/","name":"R\u00e9plique Manga Cin\u00e9","description":"","publisher":{"@id":"https:\/\/repliquemangacine.fr\/#organization"},"potentialAction":[{"@type":"SearchAction","target":{"@type":"EntryPoint","urlTemplate":"https:\/\/repliquemangacine.fr\/?s={search_term_string}"},"query-input":{"@type":"PropertyValueSpecification","valueRequired":true,"valueName":"search_term_string"}}],"inLanguage":"en-US"},{"@type":"Organization","@id":"https:\/\/repliquemangacine.fr\/#organization","name":"R\u00e9plique Manga Cin\u00e9","url":"https:\/\/repliquemangacine.fr\/","logo":{"@type":"ImageObject","inLanguage":"en-US","@id":"https:\/\/repliquemangacine.fr\/#\/schema\/logo\/image\/","url":"https:\/\/repliquemangacine.fr\/wp-content\/uploads\/2023\/10\/RMC-500250.png","contentUrl":"https:\/\/repliquemangacine.fr\/wp-content\/uploads\/2023\/10\/RMC-500250.png","width":500,"height":250,"caption":"R\u00e9plique Manga Cin\u00e9"},"image":{"@id":"https:\/\/repliquemangacine.fr\/#\/schema\/logo\/image\/"},"sameAs":["https:\/\/www.facebook.com\/RepliqueMangaCine","https:\/\/www.instagram.com\/repliquemangacine.fr\/"]}]}},"_links":{"self":[{"href":"https:\/\/repliquemangacine.fr\/en\/wp-json\/wp\/v2\/product\/27518","targetHints":{"allow":["GET"]}}],"collection":[{"href":"https:\/\/repliquemangacine.fr\/en\/wp-json\/wp\/v2\/product"}],"about":[{"href":"https:\/\/repliquemangacine.fr\/en\/wp-json\/wp\/v2\/types\/product"}],"wp:featuredmedia":[{"embeddable":true,"href":"https:\/\/repliquemangacine.fr\/en\/wp-json\/wp\/v2\/media\/27519"}],"wp:attachment":[{"href":"https:\/\/repliquemangacine.fr\/en\/wp-json\/wp\/v2\/media?parent=27518"}],"wp:term":[{"taxonomy":"product_brand","embeddable":true,"href":"https:\/\/repliquemangacine.fr\/en\/wp-json\/wp\/v2\/product_brand?post=27518"},{"taxonomy":"product_cat","embeddable":true,"href":"https:\/\/repliquemangacine.fr\/en\/wp-json\/wp\/v2\/product_cat?post=27518"},{"taxonomy":"product_tag","embeddable":true,"href":"https:\/\/repliquemangacine.fr\/en\/wp-json\/wp\/v2\/product_tag?post=27518"}],"curies":[{"name":"wp","href":"https:\/\/api.w.org\/{rel}","templated":true}]}}