





{"id":27508,"date":"2017-09-09T17:20:32","date_gmt":"2017-09-09T15:20:32","guid":{"rendered":"https:\/\/repliquemangacine.fr\/?post_type=product&#038;p=27508"},"modified":"2025-09-23T18:01:56","modified_gmt":"2025-09-23T16:01:56","slug":"conan-father-sword-epee-conan-le-barbare-windlass","status":"publish","type":"product","link":"https:\/\/repliquemangacine.fr\/en\/katana-les-epees-de-films-et-series\/conan-father-sword-epee-conan-le-barbare-windlass\/","title":{"rendered":"Conan Father Sword Windlass"},"content":{"rendered":"<h2>Conan Windlass' father's sword<\/h2>\n<p>To begin with, the<strong>Conan Windlass' father's sword<\/strong>is officially licensed, with the serial number on the blade. Manufactured by <a href=\"https:\/\/www.windlass.com\/\" target=\"_blank\" rel=\"noopener noreferrer\">Windlass Steelcrafts<\/a>\u00ae India.<\/p>\n<p>Conan the Barbarian, a fictional character whose first short story was written by Robert E. Howard in 1932. It was with these stories that Howard contributed to the modern form of the literary genre of fantasy, being one of the founders of heroic fantasy.<\/p>\n<p>Conan's adventures take place in a mythical past, created by Howard, called the \"Hyborian Age\".  Corin is Conan's father.<\/p>\n<p>We discover John Milius' Conan the Barbarian, starring Arnold Schwarzenegger. It's worth pointing out that this film doesn't adapt any of Howard's short stories; only a few scenes are taken from the original texts and incorporated into the screenplay.<\/p>\n<h2>Your Sword of the Father of Conan Windlass at the best price.<\/h2>\n<p>We offer a wide selection of replica swords and collectors' items from your favorite movie heroes.<\/p>\n<p>First and foremost<\/p>\n<ul>\n<li>L'<a href=\"https:\/\/repliquemangacine.fr\/en\/other-films\/narnia-valiant-sword\/\">valiant sword<\/a> in the film \"The World of Narnia\".<\/li>\n<li>And the sword<a href=\"https:\/\/repliquemangacine.fr\/en\/other-films\/connor-macleod-highlander-sword\/\"> connor Macleod's official website<\/a> signed Marto.<\/li>\n<li>There is also the<a href=\"https:\/\/repliquemangacine.fr\/en\/other-films\/conan-the-barbarian-sword-atlantean-sword\/\">Atlantean Conan sword<\/a> under official license distributed by Windlass.<\/li>\n<li>And many more to discover in our online store!<\/li>\n<\/ul>\n<p>That's why here are some great gift ideas for all film lovers.<\/p>\n<p>In conclusion, you can use this <strong>Conan Windlass' father's sword<\/strong> for your cosplay parades. Above all, this sword is an officially licensed collector's item with Certificate of Authenticity.<\/p>\n<h2>How to care for your sword blade<\/h2>\n<p>Collector's and decorative swords are made and assembled in a simplified way. Secondly, as their use is decorative, they lack the safety features required of a Japanese sword intended for training.<\/p>\n<p>However, your <strong>Conan Windlass' father's sword<\/strong> to a steel blade that needs to be cared for to avoid damage over time. In fact, when you display your katana, your friends will be curious to see and touch the blade. This is where you need to be careful, as the acidity of your fingers is very harmful to steel, whatever its quality.<\/p>\n<p>However, if this does happen, don't panic - all you need is a cloth dampened with a little oil and a wipe of fingerprints. By doing so, you'll keep your sword looking its best for a very long time.<\/p>","protected":false},"excerpt":{"rendered":"<p>Conan's father's sword from the film Conan The Barbarian. Manufactured by Windlass Steelcrafts\u00ae India.<\/p>\n<ul>\n<li>High-carbon steel sword 1085 tempered to 52 HRC.<\/li>\n<li>Reproduced by the master craftsmen at Windlass Steelcrafts as an exact replica of the sword used on screen.<\/li>\n<li>Guard and pommel in aged steel made from the original casting.<\/li>\n<li>Metal handle with genuine leather weave.<\/li>\n<li>Pre-sharpened blade with rune engraving.<\/li>\n<li>Collector's box<\/li>\n<li>Officially licensed.<\/li>\n<li>Windlass Studios certificate of authenticity.<\/li>\n<li>Total length: 96 cm<\/li>\n<\/ul>","protected":false},"featured_media":27509,"template":"","meta":[],"product_brand":[896],"product_cat":[91,66,24],"product_tag":[],"class_list":{"0":"post-27508","1":"product","2":"type-product","3":"status-publish","4":"has-post-thumbnail","6":"product_brand-replique-manga-cine","7":"product_cat-katana-les-epees-de-films-et-series","8":"product_cat-repliques-d-armes-films-et-series","9":"product_cat-films-series-tv-vente-de-katana-epee-et-produits-derives","11":"first","12":"outofstock","13":"taxable","14":"shipping-taxable","15":"purchasable","16":"product-type-simple"},"yoast_head":"<!-- This site is optimized with the Yoast SEO plugin v27.4 - https:\/\/yoast.com\/product\/yoast-seo-wordpress\/ -->\n<title>Ep\u00e9e du p\u00e8re de Conan Windlass | R\u00e9plique Manga Cin\u00e9<\/title>\n<meta name=\"description\" content=\"Offrez-vous l&#039;Ep\u00e9e du p\u00e8re de Conan Windlass au meilleur prix - Lame en acier carbone - Garde et pommeau acier vieilli - Licence Officielle - 96 cm\" \/>\n<meta name=\"robots\" content=\"index, follow, max-snippet:-1, max-image-preview:large, max-video-preview:-1\" \/>\n<link rel=\"canonical\" href=\"https:\/\/repliquemangacine.fr\/en\/katana-swords-from-films-and-series\/conan-father-sword-epee-conan-le-barbare-windlass\/\" \/>\n<meta property=\"og:locale\" content=\"en_US\" \/>\n<meta property=\"og:type\" content=\"article\" \/>\n<meta property=\"og:title\" content=\"Ep\u00e9e du p\u00e8re de Conan Windlass | R\u00e9plique Manga Cin\u00e9\" \/>\n<meta property=\"og:description\" content=\"Offrez-vous l&#039;Ep\u00e9e du p\u00e8re de Conan Windlass au meilleur prix - Lame en acier carbone - Garde et pommeau acier vieilli - Licence Officielle - 96 cm\" \/>\n<meta property=\"og:url\" content=\"https:\/\/repliquemangacine.fr\/en\/katana-swords-from-films-and-series\/conan-father-sword-epee-conan-le-barbare-windlass\/\" \/>\n<meta property=\"og:site_name\" content=\"R\u00e9plique Manga Cin\u00e9\" \/>\n<meta property=\"article:publisher\" content=\"https:\/\/www.facebook.com\/RepliqueMangaCine\" \/>\n<meta property=\"article:modified_time\" content=\"2025-09-23T16:01:56+00:00\" \/>\n<meta property=\"og:image\" content=\"https:\/\/repliquemangacine.fr\/wp-content\/uploads\/2023\/10\/2294-Conan-Father-Sword-Epee-Conan-le-Barbare.jpg\" \/>\n\t<meta property=\"og:image:width\" content=\"600\" \/>\n\t<meta property=\"og:image:height\" content=\"600\" \/>\n\t<meta property=\"og:image:type\" content=\"image\/jpeg\" \/>\n<meta name=\"twitter:card\" content=\"summary_large_image\" \/>\n<meta name=\"twitter:label1\" content=\"Est. reading time\" \/>\n\t<meta name=\"twitter:data1\" content=\"2 minutes\" \/>\n<script type=\"application\/ld+json\" class=\"yoast-schema-graph\">{\"@context\":\"https:\\\/\\\/schema.org\",\"@graph\":[{\"@type\":\"WebPage\",\"@id\":\"https:\\\/\\\/repliquemangacine.fr\\\/katana-les-epees-de-films-et-series\\\/conan-father-sword-epee-conan-le-barbare-windlass\\\/\",\"url\":\"https:\\\/\\\/repliquemangacine.fr\\\/katana-les-epees-de-films-et-series\\\/conan-father-sword-epee-conan-le-barbare-windlass\\\/\",\"name\":\"Ep\u00e9e du p\u00e8re de Conan Windlass | R\u00e9plique Manga Cin\u00e9\",\"isPartOf\":{\"@id\":\"https:\\\/\\\/repliquemangacine.fr\\\/#website\"},\"primaryImageOfPage\":{\"@id\":\"https:\\\/\\\/repliquemangacine.fr\\\/katana-les-epees-de-films-et-series\\\/conan-father-sword-epee-conan-le-barbare-windlass\\\/#primaryimage\"},\"image\":{\"@id\":\"https:\\\/\\\/repliquemangacine.fr\\\/katana-les-epees-de-films-et-series\\\/conan-father-sword-epee-conan-le-barbare-windlass\\\/#primaryimage\"},\"thumbnailUrl\":\"https:\\\/\\\/repliquemangacine.fr\\\/wp-content\\\/uploads\\\/2023\\\/10\\\/2294-Conan-Father-Sword-Epee-Conan-le-Barbare.jpg\",\"datePublished\":\"2017-09-09T15:20:32+00:00\",\"dateModified\":\"2025-09-23T16:01:56+00:00\",\"description\":\"Offrez-vous l'Ep\u00e9e du p\u00e8re de Conan Windlass au meilleur prix - Lame en acier carbone - Garde et pommeau acier vieilli - Licence Officielle - 96 cm\",\"breadcrumb\":{\"@id\":\"https:\\\/\\\/repliquemangacine.fr\\\/katana-les-epees-de-films-et-series\\\/conan-father-sword-epee-conan-le-barbare-windlass\\\/#breadcrumb\"},\"inLanguage\":\"en-US\",\"potentialAction\":[{\"@type\":\"ReadAction\",\"target\":[\"https:\\\/\\\/repliquemangacine.fr\\\/katana-les-epees-de-films-et-series\\\/conan-father-sword-epee-conan-le-barbare-windlass\\\/\"]}]},{\"@type\":\"ImageObject\",\"inLanguage\":\"en-US\",\"@id\":\"https:\\\/\\\/repliquemangacine.fr\\\/katana-les-epees-de-films-et-series\\\/conan-father-sword-epee-conan-le-barbare-windlass\\\/#primaryimage\",\"url\":\"https:\\\/\\\/repliquemangacine.fr\\\/wp-content\\\/uploads\\\/2023\\\/10\\\/2294-Conan-Father-Sword-Epee-Conan-le-Barbare.jpg\",\"contentUrl\":\"https:\\\/\\\/repliquemangacine.fr\\\/wp-content\\\/uploads\\\/2023\\\/10\\\/2294-Conan-Father-Sword-Epee-Conan-le-Barbare.jpg\",\"width\":600,\"height\":600,\"caption\":\"Conan Father Sword- Ep\u00e9e Conan le Barbare\"},{\"@type\":\"BreadcrumbList\",\"@id\":\"https:\\\/\\\/repliquemangacine.fr\\\/katana-les-epees-de-films-et-series\\\/conan-father-sword-epee-conan-le-barbare-windlass\\\/#breadcrumb\",\"itemListElement\":[{\"@type\":\"ListItem\",\"position\":1,\"name\":\"Accueil\",\"item\":\"https:\\\/\\\/repliquemangacine.fr\\\/\"},{\"@type\":\"ListItem\",\"position\":2,\"name\":\"Produits\",\"item\":\"https:\\\/\\\/repliquemangacine.fr\\\/boutique\\\/\"},{\"@type\":\"ListItem\",\"position\":3,\"name\":\"Conan Father Sword Windlass\"}]},{\"@type\":\"WebSite\",\"@id\":\"https:\\\/\\\/repliquemangacine.fr\\\/#website\",\"url\":\"https:\\\/\\\/repliquemangacine.fr\\\/\",\"name\":\"R\u00e9plique Manga Cin\u00e9\",\"description\":\"\",\"publisher\":{\"@id\":\"https:\\\/\\\/repliquemangacine.fr\\\/#organization\"},\"potentialAction\":[{\"@type\":\"SearchAction\",\"target\":{\"@type\":\"EntryPoint\",\"urlTemplate\":\"https:\\\/\\\/repliquemangacine.fr\\\/?s={search_term_string}\"},\"query-input\":{\"@type\":\"PropertyValueSpecification\",\"valueRequired\":true,\"valueName\":\"search_term_string\"}}],\"inLanguage\":\"en-US\"},{\"@type\":\"Organization\",\"@id\":\"https:\\\/\\\/repliquemangacine.fr\\\/#organization\",\"name\":\"R\u00e9plique Manga Cin\u00e9\",\"url\":\"https:\\\/\\\/repliquemangacine.fr\\\/\",\"logo\":{\"@type\":\"ImageObject\",\"inLanguage\":\"en-US\",\"@id\":\"https:\\\/\\\/repliquemangacine.fr\\\/#\\\/schema\\\/logo\\\/image\\\/\",\"url\":\"https:\\\/\\\/repliquemangacine.fr\\\/wp-content\\\/uploads\\\/2023\\\/10\\\/RMC-500250.png\",\"contentUrl\":\"https:\\\/\\\/repliquemangacine.fr\\\/wp-content\\\/uploads\\\/2023\\\/10\\\/RMC-500250.png\",\"width\":500,\"height\":250,\"caption\":\"R\u00e9plique Manga Cin\u00e9\"},\"image\":{\"@id\":\"https:\\\/\\\/repliquemangacine.fr\\\/#\\\/schema\\\/logo\\\/image\\\/\"},\"sameAs\":[\"https:\\\/\\\/www.facebook.com\\\/RepliqueMangaCine\",\"https:\\\/\\\/www.instagram.com\\\/repliquemangacine.fr\\\/\"]}]}<\/script>\n<!-- \/ Yoast SEO plugin. -->","yoast_head_json":{"title":"Sword of Conan's father Windlass | R\u00e9plique Manga Cin\u00e9","description":"Treat yourself to the Sword of Conan Windlass' father at the best price - Carbon steel blade - Aged steel hilt and pommel - Official license - 96 cm","robots":{"index":"index","follow":"follow","max-snippet":"max-snippet:-1","max-image-preview":"max-image-preview:large","max-video-preview":"max-video-preview:-1"},"canonical":"https:\/\/repliquemangacine.fr\/en\/katana-swords-from-films-and-series\/conan-father-sword-epee-conan-le-barbare-windlass\/","og_locale":"en_US","og_type":"article","og_title":"Ep\u00e9e du p\u00e8re de Conan Windlass | R\u00e9plique Manga Cin\u00e9","og_description":"Offrez-vous l'Ep\u00e9e du p\u00e8re de Conan Windlass au meilleur prix - Lame en acier carbone - Garde et pommeau acier vieilli - Licence Officielle - 96 cm","og_url":"https:\/\/repliquemangacine.fr\/en\/katana-swords-from-films-and-series\/conan-father-sword-epee-conan-le-barbare-windlass\/","og_site_name":"R\u00e9plique Manga Cin\u00e9","article_publisher":"https:\/\/www.facebook.com\/RepliqueMangaCine","article_modified_time":"2025-09-23T16:01:56+00:00","og_image":[{"width":600,"height":600,"url":"https:\/\/repliquemangacine.fr\/wp-content\/uploads\/2023\/10\/2294-Conan-Father-Sword-Epee-Conan-le-Barbare.jpg","type":"image\/jpeg"}],"twitter_card":"summary_large_image","twitter_misc":{"Est. reading time":"2 minutes"},"schema":{"@context":"https:\/\/schema.org","@graph":[{"@type":"WebPage","@id":"https:\/\/repliquemangacine.fr\/katana-les-epees-de-films-et-series\/conan-father-sword-epee-conan-le-barbare-windlass\/","url":"https:\/\/repliquemangacine.fr\/katana-les-epees-de-films-et-series\/conan-father-sword-epee-conan-le-barbare-windlass\/","name":"Sword of Conan's father Windlass | R\u00e9plique Manga Cin\u00e9","isPartOf":{"@id":"https:\/\/repliquemangacine.fr\/#website"},"primaryImageOfPage":{"@id":"https:\/\/repliquemangacine.fr\/katana-les-epees-de-films-et-series\/conan-father-sword-epee-conan-le-barbare-windlass\/#primaryimage"},"image":{"@id":"https:\/\/repliquemangacine.fr\/katana-les-epees-de-films-et-series\/conan-father-sword-epee-conan-le-barbare-windlass\/#primaryimage"},"thumbnailUrl":"https:\/\/repliquemangacine.fr\/wp-content\/uploads\/2023\/10\/2294-Conan-Father-Sword-Epee-Conan-le-Barbare.jpg","datePublished":"2017-09-09T15:20:32+00:00","dateModified":"2025-09-23T16:01:56+00:00","description":"Treat yourself to the Sword of Conan Windlass' father at the best price - Carbon steel blade - Aged steel hilt and pommel - Official license - 96 cm","breadcrumb":{"@id":"https:\/\/repliquemangacine.fr\/katana-les-epees-de-films-et-series\/conan-father-sword-epee-conan-le-barbare-windlass\/#breadcrumb"},"inLanguage":"en-US","potentialAction":[{"@type":"ReadAction","target":["https:\/\/repliquemangacine.fr\/katana-les-epees-de-films-et-series\/conan-father-sword-epee-conan-le-barbare-windlass\/"]}]},{"@type":"ImageObject","inLanguage":"en-US","@id":"https:\/\/repliquemangacine.fr\/katana-les-epees-de-films-et-series\/conan-father-sword-epee-conan-le-barbare-windlass\/#primaryimage","url":"https:\/\/repliquemangacine.fr\/wp-content\/uploads\/2023\/10\/2294-Conan-Father-Sword-Epee-Conan-le-Barbare.jpg","contentUrl":"https:\/\/repliquemangacine.fr\/wp-content\/uploads\/2023\/10\/2294-Conan-Father-Sword-Epee-Conan-le-Barbare.jpg","width":600,"height":600,"caption":"Conan Father Sword- Ep\u00e9e Conan le Barbare"},{"@type":"BreadcrumbList","@id":"https:\/\/repliquemangacine.fr\/katana-les-epees-de-films-et-series\/conan-father-sword-epee-conan-le-barbare-windlass\/#breadcrumb","itemListElement":[{"@type":"ListItem","position":1,"name":"Accueil","item":"https:\/\/repliquemangacine.fr\/"},{"@type":"ListItem","position":2,"name":"Produits","item":"https:\/\/repliquemangacine.fr\/boutique\/"},{"@type":"ListItem","position":3,"name":"Conan Father Sword Windlass"}]},{"@type":"WebSite","@id":"https:\/\/repliquemangacine.fr\/#website","url":"https:\/\/repliquemangacine.fr\/","name":"R\u00e9plique Manga Cin\u00e9","description":"","publisher":{"@id":"https:\/\/repliquemangacine.fr\/#organization"},"potentialAction":[{"@type":"SearchAction","target":{"@type":"EntryPoint","urlTemplate":"https:\/\/repliquemangacine.fr\/?s={search_term_string}"},"query-input":{"@type":"PropertyValueSpecification","valueRequired":true,"valueName":"search_term_string"}}],"inLanguage":"en-US"},{"@type":"Organization","@id":"https:\/\/repliquemangacine.fr\/#organization","name":"R\u00e9plique Manga Cin\u00e9","url":"https:\/\/repliquemangacine.fr\/","logo":{"@type":"ImageObject","inLanguage":"en-US","@id":"https:\/\/repliquemangacine.fr\/#\/schema\/logo\/image\/","url":"https:\/\/repliquemangacine.fr\/wp-content\/uploads\/2023\/10\/RMC-500250.png","contentUrl":"https:\/\/repliquemangacine.fr\/wp-content\/uploads\/2023\/10\/RMC-500250.png","width":500,"height":250,"caption":"R\u00e9plique Manga Cin\u00e9"},"image":{"@id":"https:\/\/repliquemangacine.fr\/#\/schema\/logo\/image\/"},"sameAs":["https:\/\/www.facebook.com\/RepliqueMangaCine","https:\/\/www.instagram.com\/repliquemangacine.fr\/"]}]}},"_links":{"self":[{"href":"https:\/\/repliquemangacine.fr\/en\/wp-json\/wp\/v2\/product\/27508","targetHints":{"allow":["GET"]}}],"collection":[{"href":"https:\/\/repliquemangacine.fr\/en\/wp-json\/wp\/v2\/product"}],"about":[{"href":"https:\/\/repliquemangacine.fr\/en\/wp-json\/wp\/v2\/types\/product"}],"wp:featuredmedia":[{"embeddable":true,"href":"https:\/\/repliquemangacine.fr\/en\/wp-json\/wp\/v2\/media\/27509"}],"wp:attachment":[{"href":"https:\/\/repliquemangacine.fr\/en\/wp-json\/wp\/v2\/media?parent=27508"}],"wp:term":[{"taxonomy":"product_brand","embeddable":true,"href":"https:\/\/repliquemangacine.fr\/en\/wp-json\/wp\/v2\/product_brand?post=27508"},{"taxonomy":"product_cat","embeddable":true,"href":"https:\/\/repliquemangacine.fr\/en\/wp-json\/wp\/v2\/product_cat?post=27508"},{"taxonomy":"product_tag","embeddable":true,"href":"https:\/\/repliquemangacine.fr\/en\/wp-json\/wp\/v2\/product_tag?post=27508"}],"curies":[{"name":"wp","href":"https:\/\/api.w.org\/{rel}","templated":true}]}}